{"id":5893,"date":"2022-02-22T08:05:19","date_gmt":"2022-02-22T08:05:19","guid":{"rendered":"https:\/\/medicinasinc.com\/fi\/?post_type=product&#038;p=5893"},"modified":"2022-03-22T00:45:45","modified_gmt":"2022-03-22T00:45:45","slug":"osta-bentsyyli-metyyli-ketoni-bmk-jauhe-verkosta","status":"publish","type":"product","link":"https:\/\/medicinasinc.com\/fi\/product\/osta-bentsyyli-metyyli-ketoni-bmk-jauhe-verkosta\/","title":{"rendered":"Osta bentsyylimetyyliketonijauhetta (BMK) verkosta"},"content":{"rendered":"<p>BMK-jauheen verkkoostos<\/p>\n<p>BMK-jauheen voi ostaa verkosta. Fenyyliasetonin kemiallinen kaava on C6H5CH2COCH3. Se on v\u00e4rit\u00f6nt\u00e4 \u00f6ljy\u00e4, joka liukenee orgaanisiin liuottimiin. T\u00e4t\u00e4 kemikaalia kutsutaan yleisesti P2P:ksi, koska sit\u00e4 k\u00e4ytet\u00e4\u00e4n metamfetamiinin ja amfetamiinin valmistuksessa. Fenyyliasetonia tuotetaan ihmisiss\u00e4 amfetamiinin ja metamfetamiinin metaboliittina FMO3:n v\u00e4litt\u00e4m\u00e4n oksidatiivisen deaminoinnin kautta.<\/p>\n<p>Fenyyliasetoni, joka tunnetaan my\u00f6s nimell\u00e4 bentsyylimetyyliketoni (BMK) tai P2P, oli amfetamiinin tuotannon esiaste. Sit\u00e4 s\u00e4\u00e4telev\u00e4t Euroopan Unioni (EU) huumausaineiden l\u00e4ht\u00f6aineita koskevalla asetuksella (EY) N:o 273\/2004 ja huumausaineiden l\u00e4ht\u00f6aineiden vaihdosta koskevalla neuvoston asetuksella (EY) N:o 111\/2005. T\u00e4m\u00e4n seurauksena j\u00e4rjestelm\u00e4nvalvojien on hankittava valtuutus ammattitaitoisilta asiantuntijoilta voidakseen omistaa, tuoda tai kuljettaa sit\u00e4. EU:ssa ei ole viime aikoina ollut suuria BMK-pyyntej\u00e4. Meill\u00e4 on todella hyv\u00e4 asiakastyytyv\u00e4isyysluokitus ja olemme valmiita olemaan fenyyliasetoni\u00f6ljyn verkkotoimittajia.<\/p>\n<p>Fenyyliasetonia voidaan syntetisoida my\u00f6s esiasteista, kuten APAAN (alfa-fenyyliasetoasetonitriili). Viime aikoina APAAN-tuonti on ollut kaikkien aikojen enn\u00e4tys, ja sen seurauksena se tasaantui EU:ssa vuoden 2013 lopulla. Maaliskuussa 2014 YK:n huumetoimikunta p\u00e4\u00e4tti yksimielisesti s\u00e4\u00e4nnell\u00e4 sit\u00e4 maailmanlaajuisesti. <\/p>\n<p>Toimitus- ja toimitustapamme ovat t\u00e4ysin turvallisia ja helppoja ostaa fenyyliasetoni\u00f6ljy\u00e4 verkosta. Olemme valmiita myym\u00e4\u00e4n sek\u00e4 pieni\u00e4 ett\u00e4 suuria m\u00e4\u00e4ri\u00e4 fenyyliasetoni\u00f6ljy\u00e4mme verkossa. Fenyyliasetoni\u00f6ljyn online-laatumme on vertaansa vailla, ja myymme pieni\u00e4\/suuria m\u00e4\u00e4ri\u00e4 takaamalla huomaamattoman nopean toimituksen, kun olet ostanut fenyyliasetoni\u00f6ljyn verkosta. Toimitus muun muassa DHL:n, TNT:n tai FedExin kautta. Lis\u00e4ksi se riippuu asiakkaan kuljetustavasta tehdess\u00e4\u00e4n tilauksen fenyyliasetoni\u00f6ljyst\u00e4 verkossa. \u00c4l\u00e4 ep\u00e4r\u00f6i ottaa meihin yhteytt\u00e4, kun olet valmis ostamaan fenyyliasetonia, sill\u00e4 tarjoamme halvimman hinnan.<\/p>\n<p>Meid\u00e4n on tarkoitus tehd\u00e4 monenlaisten tuotteidemme ostamisesta helppoa. Kun tilaat fenyyliasetoni\u00f6ljy\u00e4 verkosta meilt\u00e4, \u200b\u200bneuvomme sinua ostoksestasi. Varmistamme, ett\u00e4 asiakkaamme saavat paketin ja laadukkaan fenyyliasetoni\u00f6ljyn, sek\u00e4 ett\u00e4 he saavuttavat tavoitteensa varmistamalla, ett\u00e4 tuotteet ovat asianmukaisesti k\u00e4sitelty.<\/p>\n","protected":false},"excerpt":{"rendered":"<p>Osta bentsyylimetyyliketonijauhetta (BMK) verkosta. BMK-jauheemme on 100 % laboratoriotestattu. Toimitamme BMK-jauheemme hienovaraisena ja pikal\u00e4hetyksen\u00e4<\/p>\n","protected":false},"featured_media":5922,"comment_status":"open","ping_status":"closed","template":"","meta":[],"product_brand":[],"product_cat":[2014],"product_tag":[],"class_list":{"0":"post-5893","1":"product","2":"type-product","3":"status-publish","4":"has-post-thumbnail","6":"product_cat-osta-tutkimus-kemikaaleja","8":"first","9":"instock","10":"shipping-taxable","11":"purchasable","12":"product-type-variable"},"yoast_head":"<!-- This site is optimized with the Yoast SEO plugin v27.3 - https:\/\/yoast.com\/product\/yoast-seo-wordpress\/ -->\n<title>Osta bentsyylimetyyliketonijauhetta (BMK) verkosta \u2013 parhaat maailmanlaajuiset l\u00e4\u00e4kkeet<\/title>\n<meta name=\"description\" content=\"Osta bentsyylimetyyliketonijauhetta (BMK) verkosta. BMK-jauheemme on 100 % laboratoriotestattu. Toimitamme BMK-jauheemme hienovaraisena ja pikal\u00e4hetyksen\u00e4\" \/>\n<meta name=\"robots\" content=\"index, follow, max-snippet:-1, max-image-preview:large, max-video-preview:-1\" \/>\n<link rel=\"canonical\" href=\"https:\/\/medicinasinc.com\/fi\/product\/osta-bentsyyli-metyyli-ketoni-bmk-jauhe-verkosta\/\" \/>\n<meta property=\"og:locale\" content=\"en_US\" \/>\n<meta property=\"og:type\" content=\"article\" \/>\n<meta property=\"og:title\" content=\"Osta bentsyylimetyyliketonijauhetta (BMK) verkosta \u2013 parhaat maailmanlaajuiset l\u00e4\u00e4kkeet\" \/>\n<meta property=\"og:description\" content=\"Osta bentsyylimetyyliketonijauhetta (BMK) verkosta. BMK-jauheemme on 100 % laboratoriotestattu. Toimitamme BMK-jauheemme hienovaraisena ja pikal\u00e4hetyksen\u00e4\" \/>\n<meta property=\"og:url\" content=\"https:\/\/medicinasinc.com\/fi\/product\/osta-bentsyyli-metyyli-ketoni-bmk-jauhe-verkosta\/\" \/>\n<meta property=\"og:site_name\" content=\"Medicinas Inc\" \/>\n<meta property=\"article:modified_time\" content=\"2022-03-22T00:45:45+00:00\" \/>\n<meta property=\"og:image\" content=\"https:\/\/medicinasinc.com\/fi\/wp-content\/uploads\/sites\/12\/2022\/02\/buy-bmk-powder.jpg\" \/>\n\t<meta property=\"og:image:width\" content=\"447\" \/>\n\t<meta property=\"og:image:height\" content=\"389\" \/>\n\t<meta property=\"og:image:type\" content=\"image\/jpeg\" \/>\n<meta name=\"twitter:card\" content=\"summary_large_image\" \/>\n<meta name=\"twitter:label1\" content=\"Est. reading time\" \/>\n\t<meta name=\"twitter:data1\" content=\"2 minutes\" \/>\n<script type=\"application\/ld+json\" class=\"yoast-schema-graph\">{\"@context\":\"https:\\\/\\\/schema.org\",\"@graph\":[{\"@type\":\"WebPage\",\"@id\":\"https:\\\/\\\/medicinasinc.com\\\/fi\\\/product\\\/osta-bentsyyli-metyyli-ketoni-bmk-jauhe-verkosta\\\/\",\"url\":\"https:\\\/\\\/medicinasinc.com\\\/fi\\\/product\\\/osta-bentsyyli-metyyli-ketoni-bmk-jauhe-verkosta\\\/\",\"name\":\"Osta bentsyylimetyyliketonijauhetta (BMK) verkosta \u2013 parhaat maailmanlaajuiset l\u00e4\u00e4kkeet\",\"isPartOf\":{\"@id\":\"https:\\\/\\\/medicinasinc.com\\\/fi\\\/#website\"},\"primaryImageOfPage\":{\"@id\":\"https:\\\/\\\/medicinasinc.com\\\/fi\\\/product\\\/osta-bentsyyli-metyyli-ketoni-bmk-jauhe-verkosta\\\/#primaryimage\"},\"image\":{\"@id\":\"https:\\\/\\\/medicinasinc.com\\\/fi\\\/product\\\/osta-bentsyyli-metyyli-ketoni-bmk-jauhe-verkosta\\\/#primaryimage\"},\"thumbnailUrl\":\"https:\\\/\\\/medicinasinc.com\\\/fi\\\/wp-content\\\/uploads\\\/sites\\\/12\\\/2022\\\/02\\\/buy-bmk-powder.jpg\",\"datePublished\":\"2022-02-22T08:05:19+00:00\",\"dateModified\":\"2022-03-22T00:45:45+00:00\",\"description\":\"Osta bentsyylimetyyliketonijauhetta (BMK) verkosta. BMK-jauheemme on 100 % laboratoriotestattu. Toimitamme BMK-jauheemme hienovaraisena ja pikal\u00e4hetyksen\u00e4\",\"breadcrumb\":{\"@id\":\"https:\\\/\\\/medicinasinc.com\\\/fi\\\/product\\\/osta-bentsyyli-metyyli-ketoni-bmk-jauhe-verkosta\\\/#breadcrumb\"},\"inLanguage\":\"en-US\",\"potentialAction\":[{\"@type\":\"ReadAction\",\"target\":[\"https:\\\/\\\/medicinasinc.com\\\/fi\\\/product\\\/osta-bentsyyli-metyyli-ketoni-bmk-jauhe-verkosta\\\/\"]}]},{\"@type\":\"ImageObject\",\"inLanguage\":\"en-US\",\"@id\":\"https:\\\/\\\/medicinasinc.com\\\/fi\\\/product\\\/osta-bentsyyli-metyyli-ketoni-bmk-jauhe-verkosta\\\/#primaryimage\",\"url\":\"https:\\\/\\\/medicinasinc.com\\\/fi\\\/wp-content\\\/uploads\\\/sites\\\/12\\\/2022\\\/02\\\/buy-bmk-powder.jpg\",\"contentUrl\":\"https:\\\/\\\/medicinasinc.com\\\/fi\\\/wp-content\\\/uploads\\\/sites\\\/12\\\/2022\\\/02\\\/buy-bmk-powder.jpg\",\"width\":447,\"height\":389},{\"@type\":\"BreadcrumbList\",\"@id\":\"https:\\\/\\\/medicinasinc.com\\\/fi\\\/product\\\/osta-bentsyyli-metyyli-ketoni-bmk-jauhe-verkosta\\\/#breadcrumb\",\"itemListElement\":[{\"@type\":\"ListItem\",\"position\":1,\"name\":\"Myym\u00e4l\u00e4\",\"item\":\"https:\\\/\\\/medicinasinc.com\\\/fi\\\/myymala\\\/\"},{\"@type\":\"ListItem\",\"position\":2,\"name\":\"Osta bentsyylimetyyliketonijauhetta (BMK) verkosta\"}]},{\"@type\":\"WebSite\",\"@id\":\"https:\\\/\\\/medicinasinc.com\\\/fi\\\/#website\",\"url\":\"https:\\\/\\\/medicinasinc.com\\\/fi\\\/\",\"name\":\"Medicinas Inc\",\"description\":\"Health Medical Clinic\",\"potentialAction\":[{\"@type\":\"SearchAction\",\"target\":{\"@type\":\"EntryPoint\",\"urlTemplate\":\"https:\\\/\\\/medicinasinc.com\\\/fi\\\/?s={search_term_string}\"},\"query-input\":{\"@type\":\"PropertyValueSpecification\",\"valueRequired\":true,\"valueName\":\"search_term_string\"}}],\"inLanguage\":\"en-US\"}]}<\/script>\n<!-- \/ Yoast SEO plugin. -->","yoast_head_json":{"title":"Osta bentsyylimetyyliketonijauhetta (BMK) verkosta \u2013 parhaat maailmanlaajuiset l\u00e4\u00e4kkeet","description":"Osta bentsyylimetyyliketonijauhetta (BMK) verkosta. BMK-jauheemme on 100 % laboratoriotestattu. Toimitamme BMK-jauheemme hienovaraisena ja pikal\u00e4hetyksen\u00e4","robots":{"index":"index","follow":"follow","max-snippet":"max-snippet:-1","max-image-preview":"max-image-preview:large","max-video-preview":"max-video-preview:-1"},"canonical":"https:\/\/medicinasinc.com\/fi\/product\/osta-bentsyyli-metyyli-ketoni-bmk-jauhe-verkosta\/","og_locale":"en_US","og_type":"article","og_title":"Osta bentsyylimetyyliketonijauhetta (BMK) verkosta \u2013 parhaat maailmanlaajuiset l\u00e4\u00e4kkeet","og_description":"Osta bentsyylimetyyliketonijauhetta (BMK) verkosta. BMK-jauheemme on 100 % laboratoriotestattu. Toimitamme BMK-jauheemme hienovaraisena ja pikal\u00e4hetyksen\u00e4","og_url":"https:\/\/medicinasinc.com\/fi\/product\/osta-bentsyyli-metyyli-ketoni-bmk-jauhe-verkosta\/","og_site_name":"Medicinas Inc","article_modified_time":"2022-03-22T00:45:45+00:00","og_image":[{"width":447,"height":389,"url":"https:\/\/medicinasinc.com\/fi\/wp-content\/uploads\/sites\/12\/2022\/02\/buy-bmk-powder.jpg","type":"image\/jpeg"}],"twitter_card":"summary_large_image","twitter_misc":{"Est. reading time":"2 minutes"},"schema":{"@context":"https:\/\/schema.org","@graph":[{"@type":"WebPage","@id":"https:\/\/medicinasinc.com\/fi\/product\/osta-bentsyyli-metyyli-ketoni-bmk-jauhe-verkosta\/","url":"https:\/\/medicinasinc.com\/fi\/product\/osta-bentsyyli-metyyli-ketoni-bmk-jauhe-verkosta\/","name":"Osta bentsyylimetyyliketonijauhetta (BMK) verkosta \u2013 parhaat maailmanlaajuiset l\u00e4\u00e4kkeet","isPartOf":{"@id":"https:\/\/medicinasinc.com\/fi\/#website"},"primaryImageOfPage":{"@id":"https:\/\/medicinasinc.com\/fi\/product\/osta-bentsyyli-metyyli-ketoni-bmk-jauhe-verkosta\/#primaryimage"},"image":{"@id":"https:\/\/medicinasinc.com\/fi\/product\/osta-bentsyyli-metyyli-ketoni-bmk-jauhe-verkosta\/#primaryimage"},"thumbnailUrl":"https:\/\/medicinasinc.com\/fi\/wp-content\/uploads\/sites\/12\/2022\/02\/buy-bmk-powder.jpg","datePublished":"2022-02-22T08:05:19+00:00","dateModified":"2022-03-22T00:45:45+00:00","description":"Osta bentsyylimetyyliketonijauhetta (BMK) verkosta. BMK-jauheemme on 100 % laboratoriotestattu. Toimitamme BMK-jauheemme hienovaraisena ja pikal\u00e4hetyksen\u00e4","breadcrumb":{"@id":"https:\/\/medicinasinc.com\/fi\/product\/osta-bentsyyli-metyyli-ketoni-bmk-jauhe-verkosta\/#breadcrumb"},"inLanguage":"en-US","potentialAction":[{"@type":"ReadAction","target":["https:\/\/medicinasinc.com\/fi\/product\/osta-bentsyyli-metyyli-ketoni-bmk-jauhe-verkosta\/"]}]},{"@type":"ImageObject","inLanguage":"en-US","@id":"https:\/\/medicinasinc.com\/fi\/product\/osta-bentsyyli-metyyli-ketoni-bmk-jauhe-verkosta\/#primaryimage","url":"https:\/\/medicinasinc.com\/fi\/wp-content\/uploads\/sites\/12\/2022\/02\/buy-bmk-powder.jpg","contentUrl":"https:\/\/medicinasinc.com\/fi\/wp-content\/uploads\/sites\/12\/2022\/02\/buy-bmk-powder.jpg","width":447,"height":389},{"@type":"BreadcrumbList","@id":"https:\/\/medicinasinc.com\/fi\/product\/osta-bentsyyli-metyyli-ketoni-bmk-jauhe-verkosta\/#breadcrumb","itemListElement":[{"@type":"ListItem","position":1,"name":"Myym\u00e4l\u00e4","item":"https:\/\/medicinasinc.com\/fi\/myymala\/"},{"@type":"ListItem","position":2,"name":"Osta bentsyylimetyyliketonijauhetta (BMK) verkosta"}]},{"@type":"WebSite","@id":"https:\/\/medicinasinc.com\/fi\/#website","url":"https:\/\/medicinasinc.com\/fi\/","name":"Medicinas Inc","description":"Health Medical Clinic","potentialAction":[{"@type":"SearchAction","target":{"@type":"EntryPoint","urlTemplate":"https:\/\/medicinasinc.com\/fi\/?s={search_term_string}"},"query-input":{"@type":"PropertyValueSpecification","valueRequired":true,"valueName":"search_term_string"}}],"inLanguage":"en-US"}]}},"_links":{"self":[{"href":"https:\/\/medicinasinc.com\/fi\/wp-json\/wp\/v2\/product\/5893","targetHints":{"allow":["GET"]}}],"collection":[{"href":"https:\/\/medicinasinc.com\/fi\/wp-json\/wp\/v2\/product"}],"about":[{"href":"https:\/\/medicinasinc.com\/fi\/wp-json\/wp\/v2\/types\/product"}],"replies":[{"embeddable":true,"href":"https:\/\/medicinasinc.com\/fi\/wp-json\/wp\/v2\/comments?post=5893"}],"wp:featuredmedia":[{"embeddable":true,"href":"https:\/\/medicinasinc.com\/fi\/wp-json\/wp\/v2\/media\/5922"}],"wp:attachment":[{"href":"https:\/\/medicinasinc.com\/fi\/wp-json\/wp\/v2\/media?parent=5893"}],"wp:term":[{"taxonomy":"product_brand","embeddable":true,"href":"https:\/\/medicinasinc.com\/fi\/wp-json\/wp\/v2\/product_brand?post=5893"},{"taxonomy":"product_cat","embeddable":true,"href":"https:\/\/medicinasinc.com\/fi\/wp-json\/wp\/v2\/product_cat?post=5893"},{"taxonomy":"product_tag","embeddable":true,"href":"https:\/\/medicinasinc.com\/fi\/wp-json\/wp\/v2\/product_tag?post=5893"}],"curies":[{"name":"wp","href":"https:\/\/api.w.org\/{rel}","templated":true}]}}