{"id":5890,"date":"2022-02-22T08:03:24","date_gmt":"2022-02-22T08:03:24","guid":{"rendered":"https:\/\/medicinasinc.com\/fi\/?post_type=product&#038;p=5890"},"modified":"2022-03-22T00:46:02","modified_gmt":"2022-03-22T00:46:02","slug":"osta-apaan-online-alfa-fenyyliasetoasetonitriili","status":"publish","type":"product","link":"https:\/\/medicinasinc.com\/fi\/product\/osta-apaan-online-alfa-fenyyliasetoasetonitriili\/","title":{"rendered":"Osta APAAN verkosta (alfa-fenyyliasetoasetonitriili)"},"content":{"rendered":"<p>Osta APAAN hyv\u00e4maineisesta verkkoapteekista.<\/p>\n<p>APAAN, CAS-rekisterinumero 4468-48-8, on kiteinen jauhe, jonka v\u00e4ri vaihtelee valkoisesta vaaleankeltaiseen ja joka on syntetisoitu bentsyylisyanidista.<\/p>\n<p> &gt; <\/p>\n<p>Mik\u00e4 on APAAN (alfa-fenyyliasetoasetonitriili)?<\/p>\n<p>Alfa-fenyyliasetoasetonitriili on kemikaali, jonka CAS-numero on 4468-48-8 ja jonka valvottujen aineiden laki luokitellaan luettelon I aineeksi (CSA). On havaittu, ett\u00e4 sit\u00e4 k\u00e4ytet\u00e4\u00e4n salaisissa kemiallisissa laboratorioissa luettelon II rajoitetun aineen, joka tunnetaan nimell\u00e4 fenyyli-2-propanoni tai P2P), metamfetamiini ja amfetamiini, laittomaan valmistukseen. T\u00e4m\u00e4n seurauksena DEA on pyyt\u00e4nyt, ett\u00e4 se luokitellaan valvotuksi aineeksi.<\/p>\n<p>Kaikkia alfa-fenyyliasetoasetonitriili\u00e4 sis\u00e4lt\u00e4vi\u00e4 kemiallisia seoksia s\u00e4\u00e4telee CSA, paitsi rajoitetuissa olosuhteissa.<\/p>\n<p>Mit\u00e4 ovatko alfa-fenyyliasetoasetonitriilin synonyymej\u00e4?<\/p>\n<p>Lis\u00e4ksi alfa-fenyyliasetoasetonitriiliin viitataan seuraavilla nimill\u00e4:<\/p>\n<p>NSC 11777 NSC 25183 NSC 55206 APAAN 2-Fenyyliasetoasetonitriilit<br \/> saatavilla olevia alfa-fenyyliasetoasetonitriilityyppej\u00e4?<\/p>\n<p>T\u00e4t\u00e4 kemikaalia on saatavana jauhemaisessa, keltaisessa, ruskeassa tai valkoisessa muodossa sek\u00e4 kiteisess\u00e4 muodossa, jossa on heikko oljenkeltainen s\u00e4vy.<\/p>\n<p>Miten voin. ostaa alfa-fenyyliasetoasetonitriili\u00e4?<\/p>\n<p>Alfa-fenyyliasetoasetonitriili\u00e4 voi ostaa verkkokaupastamme. Kemikaalimme on eritt\u00e4in puhdasta. Ei vain sit\u00e4, vaan saat sen meilt\u00e4 my\u00f6s huomattavasti halvemmalla kuin useimmat muut markkinoiden myyj\u00e4t. Toinen houkutteleva kannustin tehd\u00e4 ostoksia verkkokaupassamme on se, ett\u00e4 jaamme sit\u00e4 huomaamattomasti ja turvallisesti asiakkaillemme monissa paikoissa ymp\u00e4ri maailmaa luotettujen kuriirikumppaneidemme kautta.<\/p>\n<p>Mit\u00e4 ominaisuuksia Alpha Phenylacetoacetonitrile -tuotteella on?<br \/> Seuraavat ovat t\u00e4m\u00e4n kemikaalin erityispiirteet:<\/p>\n<p>K\u00e4yt\u00e4 taulukkoa t\u00e4lle osalle (esimerkiksi sulamispiste, kiehumispiste, tiheys, CAS-numero, puhtaus ja molekyylipaino).<\/p>\n<p>Mit\u00e4 sovelluksia alfa-fenyyliasetoasetonitriilill\u00e4 on?<\/p>\n<p>Alfa-fenyyliasetoasetonitriilill\u00e4 ei ole luvallista k\u00e4ytt\u00f6\u00e4 muuhun kuin tutkimus- ja kehitystarkoituksiin sek\u00e4 analyyttisiin tarkoituksiin laboratorioissa.<\/p>\n<p>Useat tunnetut toimittajat t\u00e4m\u00e4 kemikaali sis\u00e4lt\u00e4\u00e4 seuraavat:<br \/> Seuraava on luettelo alfa-fenyyliasetoasetonitriilin toimittajista:<br \/> Aurum Pharmatech LLC Aktivoi tieteellinen<br \/> Heterosyklisten aineiden tutkimuskemikaalit ja rakennuspalikat MolPort<br \/> Kemiallinen tutkimus ja kehitys Sudet<br \/> AK Scienti fic, Inc. (AKSCI) Alfa Chemistry Oakwood Products<br \/> APIChem Technology Vitas-M Laboratory LabNetwork, WuXi AppTec Company Chemieliva Pharmaceutical Co., Ltd Hangzhou APIChem Technology Vitas-M Laboratory<br \/> Miten alfa-fenyyliasetoasetonitriili syntetisoidaan tai syntetisoidaan valmistettu?<\/p>\n<p>60 g puhdasta natriumia, jonka massa on 2,6 grammaa, yhdistet\u00e4\u00e4n 700 cc:n absoluuttista alkoholia. Natriumetoksidiliuos valmistetaan t\u00e4ll\u00e4 menetelm\u00e4ll\u00e4 2-1 py\u00f6re\u00e4pohjaisessa pullossa, joka on varustettu palautusj\u00e4\u00e4hdyttimell\u00e4. T\u00e4h\u00e4n kuumennettuun liuokseen lis\u00e4t\u00e4\u00e4n 234 g tai 2 moolia puhdasta bentsyylisyanidia ja 264 g tai 3 moolia kuivaa etyyliasetaattia ja ravistellaan kunnolla. Lauhdutin on suljettu kalsiumkloridiputkella. Liuosta keitet\u00e4\u00e4n h\u00f6yryhauteessa kaksi tuntia ja j\u00e4tet\u00e4\u00e4n sitten y\u00f6n yli. Seuraavana aamuna huomaat, ett\u00e4 seokseen on muodostunut kokkareita. Seurauksena on, ett\u00e4 nestett\u00e4 sekoitetaan puisella sauvalla, jolloin kokkareet hajoavat. Sen j\u00e4lkeen se j\u00e4\u00e4hdytet\u00e4\u00e4n pakasteseoksella 10\u00b0:n l\u00e4mp\u00f6tilaan. Sitten l\u00e4mp\u00f6tila pidet\u00e4\u00e4n t\u00e4ll\u00e4 tasolla kahden tunnin ajan. 6 tuuman. Natriumsuolan ker\u00e4\u00e4miseen k\u00e4ytet\u00e4\u00e4n B\u00fcchner-suppiloa, joka huuhdellaan nelj\u00e4 kertaa suppilossa 250 cc:ll\u00e4. eetterin osia. L\u00f6yd\u00e4t v\u00e4ritt\u00f6m\u00e4n suodatinkakun, jonka paino on 250\u2013275 g. kuivaa natriumsuolaa eli 69\u201376 % ennustetusta m\u00e4\u00e4r\u00e4st\u00e4. Yhdist\u00e4 suodokset ja lis\u00e4\u00e4 ne pakasteseokseen.<\/p>\n<p>Liuota eetterill\u00e4 viel\u00e4 m\u00e4rk\u00e4 natriumsuola huoneenl\u00e4mp\u00f6tilassa 1,3 litraan tislattua vedell\u00e4 ja j\u00e4\u00e4hdyt\u00e4 sitten liuos 0 \u00b0C:seen. Saosta nitriili lis\u00e4\u00e4m\u00e4ll\u00e4 varovasti 90cc j\u00e4\u00e4etikkaa ja ravistamalla voimakkaasti. Sakka erotetaan imusuodatuksella ja pest\u00e4\u00e4n nelj\u00e4 kertaa 250 cc:ss\u00e4 vett\u00e4 suppilon avulla. Sinulla pit\u00e4isi nyt olla kostea -fenyyliasetoasetonitriilikakku, jonka paino on 300 g (188-206 g). Sen kuivausaste on 59\u201364 prosenttia ja sulamispiste 87\u201389\u00b0, mik\u00e4 sopii useimpiin k\u00e4ytt\u00f6tarkoituksiin.<\/p>\n<p>Jos raakakemikaalin uudelleenkiteytyminen halutaan, liuotetaan kostea kakku 100 cc:iin kiehuva metyylialkoholi. Suodata liuos ja j\u00e4\u00e4hdyt\u00e4 se 10\u00b0:n l\u00e4mp\u00f6tilaan sekoittaen. Imusuodata kiteet ja pese ne kerran 40 cm3:ll\u00e4 10\u00b0:een j\u00e4\u00e4hdytetty\u00e4 metyylialkoholia. Tuote painaa kuivana 173\u2013191 g (54\u201360 %) ja sen sulamispiste on 88,5\u201389,5\u00b0. Ottelussa 5-1. pulloon, yhdist\u00e4 natriumsuolan erotuksesta saadut suodokset ja pesuvedet. Voit laimentaa sit\u00e4 j\u00e4\u00e4kylm\u00e4ll\u00e4 vedell\u00e4 siihen pisteeseen, ett\u00e4 pullo on t\u00e4ysin t\u00e4ynn\u00e4. Sifonoimalla poista alempi kerros kokonaan. Merkitt\u00e4v\u00e4 osa eetterist\u00e4 voidaan poistaa dekantoimalla, ja loput erotetaan erotussuppilolla.<\/p>\n<p>Uuta vesikerros viel\u00e4 kahdesti k\u00e4ytt\u00e4m\u00e4ll\u00e4 500 cm3 eetteri\u00e4 ja h\u00e4vit\u00e4 sitten eetteriuutteet.<\/p>\n<p> &gt; <\/p>\n<p>Voit poistaa alennetussa paineessa eetterin j\u00e4\u00e4nn\u00f6kset vesikerroksesta imem\u00e4ll\u00e4 ilmaa liuoksen l\u00e4pi tunnin ajan imupumpulla. Lis\u00e4\u00e4m\u00e4ll\u00e4 60 cm3 j\u00e4\u00e4etikkaa, saosta -Fenyyliasetoasetonitriili.<\/p>\n<p>Jos \u00f6ljy heitet\u00e4\u00e4n pois, upota pullo j\u00e4\u00e4hauteeseen, kunnes sakka kiteytyy. Erottele kiteet imusuodatuksella ja pese ne nelj\u00e4 kertaa suppilossa, joka on t\u00e4ytetty 50 cc:lla vett\u00e4. Ruskeanv\u00e4rinen materiaali painaa 50\u201355 g ja sen sulamispiste kuivattuna on 83\u201386\u00b0. Liuota se sitten edellisen er\u00e4n kiteytyksest\u00e4 j\u00e4ljelle j\u00e4\u00e4neisiin metyylialkoholien em\u00e4liuoksiin. Saatua liuosta kuumennetaan sitten Noriittij\u00e4\u00e4nn\u00f6ksen l\u00e4sn\u00e4 ollessa. Se suodatetaan ja j\u00e4\u00e4hdytet\u00e4\u00e4n 10\u00b0:n l\u00e4mp\u00f6tilaan. Ker\u00e4\u00e4 suodattimella muodostuneet kiteet ja pese ne 10 cm3:ll\u00e4 kylm\u00e4\u00e4 metyylialkoholia, mink\u00e4 j\u00e4lkeen kuivataan. Sitten saadaan 43\u201348 gramman ainetta, jonka v\u00e4ri on vaalea oljenv\u00e4ri ja jonka sulamispiste on 87\u201389\u00b0. Se kiteytet\u00e4\u00e4n uudelleen liuoksesta, jossa on 25 cm3 puhdasta metyylialkoholia ja 10 cm3 kylm\u00e4\u00e4 metyylialkoholia. Valmistetaan 37\u201341 g materiaalia, jonka sulamispiste on 88,5\u201389,5\u00b0. T\u00e4st\u00e4 seuraa, ett\u00e4 t\u00e4m\u00e4n puhtauden materiaalin kokonaispaino on 210\u2013232 g eli 66\u201373 prosenttia teoreettisesta m\u00e4\u00e4r\u00e4st\u00e4.<\/p>\n<p>Mit\u00e4 ominaisuuksia alfa-fenyyliasetoasetonitriilill\u00e4 on?<\/p>\n<p>Seuraavat ovat t\u00e4m\u00e4n kemikaalin erityisominaisuudet:<\/p>\n<p>Moolimassa: 159,188 g\/mol Tarkka massa: 159,068 g\/mol CAS: 4468-48-8<br \/> 99,8 % puhtaus<br \/> Kuinka paljon Alpha maksaa Fenyyliasetoasetonitriilin hinta?<\/p>\n<p>T\u00e4m\u00e4n kemikaalin hinta vaihtelee toimittajan mukaan. Todellinen hinta m\u00e4\u00e4r\u00e4ytyy verkkokaupan my\u00f6nt\u00e4m\u00e4n alennuksen ja ostetun kemikaalin m\u00e4\u00e4r\u00e4n perusteella. Voimme varmistaa, ett\u00e4 l\u00f6yd\u00e4t sen markkinoiden parhaaseen hintaan myym\u00e4l\u00e4st\u00e4mme. Lis\u00e4ksi takaamme tuotteen laadun ja nopean toimituksen kotiisi.<\/p>\n<p>Miten alfa-fenyyliasetoasetonitriili luokitellaan laillisesti?<\/p>\n<p>Koska alfa-fenyyliasetoasetonitriili on luettelon I kemikaali, kaikki tapahtumat sit\u00e4 valvotaan niiden m\u00e4\u00e4r\u00e4st\u00e4 riippumatta.<\/p>\n<p>T\u00e4t\u00e4 kemikaalia sis\u00e4lt\u00e4vien seosten valmistajien, jotka eiv\u00e4t t\u00e4yt\u00e4 automaattisen vapautuksen ehtoja, on j\u00e4tett\u00e4v\u00e4 vapautushakemus, koska kaikki kemialliset seokset, mukaan lukien se miss\u00e4 tahansa pitoisuudessa, ovat s\u00e4\u00e4nneltyj\u00e4. <\/p>\n<p>Mitk\u00e4 ovat t\u00e4h\u00e4n kemikaaliin liittyv\u00e4t varoitukset, joita sinun on noudatettava?<\/p>\n<p>Turvallisuutesi suojelemiseksi on huolehdittava t\u00e4t\u00e4 ainetta k\u00e4sitelt\u00e4ess\u00e4. Seuraavat ovat varoitukset ja varotoimet:<\/p>\n<p>Suun kautta nautittuna t\u00e4m\u00e4 kemikaali on eritt\u00e4in vaarallinen. V\u00e4lt\u00e4 siksi sit\u00e4 hinnalla mill\u00e4 hyv\u00e4ns\u00e4.<br \/> Koska se on vaarallista, jos se joutuu kosketuksiin lihan kanssa, sinun tulee k\u00e4sitell\u00e4 niit\u00e4 eritt\u00e4in varovasti ja suojata ihoasi k\u00e4ytt\u00e4m\u00e4ll\u00e4 k\u00e4sineit\u00e4.<br \/> kokea iho\u00e4rsytyst\u00e4 ja se voi jopa sy\u00f6vytt\u00e4\u00e4, joten v\u00e4lt\u00e4 l\u00e4hikosketusta.<br \/> Koska kemikaalin tiedet\u00e4\u00e4n aiheuttavan vakavaa \u00e4rsytyst\u00e4 ja vaurioita silmille, on t\u00e4rke\u00e4\u00e4 k\u00e4ytt\u00e4\u00e4 suojalaseja, jotka peitt\u00e4v\u00e4t silm\u00e4t kokonaan, mik\u00e4 est\u00e4\u00e4 tahattoman kosketuksen. silmien kanssa.<br \/> Sen todettiin olevan eritt\u00e4in vaarallinen hengitettyn\u00e4. Siksi kasvot on peitett\u00e4v\u00e4, jotta estet\u00e4\u00e4n kemikaalin tahaton hengitt\u00e4minen tutkimusta, kehityst\u00e4 tai analysointia suoritettaessa.<br \/> L\u00e4\u00e4ke on riitt\u00e4v\u00e4n tehokas aiheuttamaan hengitysvaivoja. Jopa yksitt\u00e4inen altistuminen sille voi aiheuttaa myrkyllisyytt\u00e4 kohde-elimelle. Vakava tulehdus, erityisesti hengitysteiss\u00e4, on mahdollinen.<\/p>\n<p>Osta APAAN verkosta | Osta APAAN Myyt\u00e4v\u00e4n\u00e4 | Osta APAAN verkosta | Osta APAAN verkosta (USA, KIINA, UK, MAAILMA)<\/p>\n","protected":false},"excerpt":{"rendered":"<p>Osta APAAN (alfa-fenyyliasetoasetonitriili) myyt\u00e4v\u00e4ksi Euroopassa, Isossa-Britanniassa verkossa ilman resepti\u00e4. Tilaa APAAN (alfa-fenyyliasetoasetonitriili) verkosta.<\/p>\n<p>APAAN (alfa-fenyyliasetoasetonitriili) on analyyttinen vertailustandardi, joka muistuttaa rakenteellisesti amfetamiinia.<\/p>\n<p>-asetyylibentseeniasetonitriili<\/p>\n<p> 4468-48-8 CAS-nro.<\/p>\n<p>Synonyymit: APAAN,2-fenyyliasetoasetonitriili<\/p>\n<p>Molekyylikaava: C10H9NO<\/p>\n<p>Kaavan paino: 159,2<\/p>\n<p>Puhtaus:\u226598 %<\/p>\n<p>Formulaatio: Kiteinen kiinte\u00e4 aine<\/p>\n<p>\u03bbmax: 264 nm<\/p>\n<p>S\u00e4ilytys: -20\u00b0C<\/p>\n<p>Stabiliteetti :\u2265 2 vuotta<\/p>\n","protected":false},"featured_media":5916,"comment_status":"open","ping_status":"closed","template":"","meta":[],"product_brand":[],"product_cat":[703],"product_tag":[],"class_list":{"0":"post-5890","1":"product","2":"type-product","3":"status-publish","4":"has-post-thumbnail","6":"product_cat-osta-psykedeelisi-lkkeit","8":"first","9":"instock","10":"shipping-taxable","11":"purchasable","12":"product-type-variable"},"yoast_head":"<!-- This site is optimized with the Yoast SEO plugin v27.3 - https:\/\/yoast.com\/product\/yoast-seo-wordpress\/ -->\n<title>Osta APAAN verkosta (alfa-fenyyliasetoasetonitriili) - parhaat maailmanlaajuiset l\u00e4\u00e4kkeet<\/title>\n<meta name=\"description\" content=\"Osta APAAN (alfa-fenyyliasetoasetonitriili) myyt\u00e4v\u00e4ksi Euroopassa, Isossa-Britanniassa verkossa ilman resepti\u00e4. Tilaa APAAN (alfa-fenyyliasetoasetonitriili) verkosta.\" \/>\n<meta name=\"robots\" content=\"index, follow, max-snippet:-1, max-image-preview:large, max-video-preview:-1\" \/>\n<link rel=\"canonical\" href=\"https:\/\/medicinasinc.com\/fi\/product\/osta-apaan-online-alfa-fenyyliasetoasetonitriili\/\" \/>\n<meta property=\"og:locale\" content=\"en_US\" \/>\n<meta property=\"og:type\" content=\"article\" \/>\n<meta property=\"og:title\" content=\"Osta APAAN verkosta (alfa-fenyyliasetoasetonitriili) - parhaat maailmanlaajuiset l\u00e4\u00e4kkeet\" \/>\n<meta property=\"og:description\" content=\"Osta APAAN (alfa-fenyyliasetoasetonitriili) myyt\u00e4v\u00e4ksi Euroopassa, Isossa-Britanniassa verkossa ilman resepti\u00e4. Tilaa APAAN (alfa-fenyyliasetoasetonitriili) verkosta.\" \/>\n<meta property=\"og:url\" content=\"https:\/\/medicinasinc.com\/fi\/product\/osta-apaan-online-alfa-fenyyliasetoasetonitriili\/\" \/>\n<meta property=\"og:site_name\" content=\"Medicinas Inc\" \/>\n<meta property=\"article:modified_time\" content=\"2022-03-22T00:46:02+00:00\" \/>\n<meta property=\"og:image\" content=\"https:\/\/medicinasinc.com\/fi\/wp-content\/uploads\/sites\/12\/2022\/02\/buy-apaan-alpha-phenylacetoacetonitrile.jpg\" \/>\n\t<meta property=\"og:image:width\" content=\"600\" \/>\n\t<meta property=\"og:image:height\" content=\"600\" \/>\n\t<meta property=\"og:image:type\" content=\"image\/jpeg\" \/>\n<meta name=\"twitter:card\" content=\"summary_large_image\" \/>\n<meta name=\"twitter:label1\" content=\"Est. reading time\" \/>\n\t<meta name=\"twitter:data1\" content=\"6 minutes\" \/>\n<script type=\"application\/ld+json\" class=\"yoast-schema-graph\">{\"@context\":\"https:\\\/\\\/schema.org\",\"@graph\":[{\"@type\":\"WebPage\",\"@id\":\"https:\\\/\\\/medicinasinc.com\\\/fi\\\/product\\\/osta-apaan-online-alfa-fenyyliasetoasetonitriili\\\/\",\"url\":\"https:\\\/\\\/medicinasinc.com\\\/fi\\\/product\\\/osta-apaan-online-alfa-fenyyliasetoasetonitriili\\\/\",\"name\":\"Osta APAAN verkosta (alfa-fenyyliasetoasetonitriili) - parhaat maailmanlaajuiset l\u00e4\u00e4kkeet\",\"isPartOf\":{\"@id\":\"https:\\\/\\\/medicinasinc.com\\\/fi\\\/#website\"},\"primaryImageOfPage\":{\"@id\":\"https:\\\/\\\/medicinasinc.com\\\/fi\\\/product\\\/osta-apaan-online-alfa-fenyyliasetoasetonitriili\\\/#primaryimage\"},\"image\":{\"@id\":\"https:\\\/\\\/medicinasinc.com\\\/fi\\\/product\\\/osta-apaan-online-alfa-fenyyliasetoasetonitriili\\\/#primaryimage\"},\"thumbnailUrl\":\"https:\\\/\\\/medicinasinc.com\\\/fi\\\/wp-content\\\/uploads\\\/sites\\\/12\\\/2022\\\/02\\\/buy-apaan-alpha-phenylacetoacetonitrile.jpg\",\"datePublished\":\"2022-02-22T08:03:24+00:00\",\"dateModified\":\"2022-03-22T00:46:02+00:00\",\"description\":\"Osta APAAN (alfa-fenyyliasetoasetonitriili) myyt\u00e4v\u00e4ksi Euroopassa, Isossa-Britanniassa verkossa ilman resepti\u00e4. Tilaa APAAN (alfa-fenyyliasetoasetonitriili) verkosta.\",\"breadcrumb\":{\"@id\":\"https:\\\/\\\/medicinasinc.com\\\/fi\\\/product\\\/osta-apaan-online-alfa-fenyyliasetoasetonitriili\\\/#breadcrumb\"},\"inLanguage\":\"en-US\",\"potentialAction\":[{\"@type\":\"ReadAction\",\"target\":[\"https:\\\/\\\/medicinasinc.com\\\/fi\\\/product\\\/osta-apaan-online-alfa-fenyyliasetoasetonitriili\\\/\"]}]},{\"@type\":\"ImageObject\",\"inLanguage\":\"en-US\",\"@id\":\"https:\\\/\\\/medicinasinc.com\\\/fi\\\/product\\\/osta-apaan-online-alfa-fenyyliasetoasetonitriili\\\/#primaryimage\",\"url\":\"https:\\\/\\\/medicinasinc.com\\\/fi\\\/wp-content\\\/uploads\\\/sites\\\/12\\\/2022\\\/02\\\/buy-apaan-alpha-phenylacetoacetonitrile.jpg\",\"contentUrl\":\"https:\\\/\\\/medicinasinc.com\\\/fi\\\/wp-content\\\/uploads\\\/sites\\\/12\\\/2022\\\/02\\\/buy-apaan-alpha-phenylacetoacetonitrile.jpg\",\"width\":600,\"height\":600},{\"@type\":\"BreadcrumbList\",\"@id\":\"https:\\\/\\\/medicinasinc.com\\\/fi\\\/product\\\/osta-apaan-online-alfa-fenyyliasetoasetonitriili\\\/#breadcrumb\",\"itemListElement\":[{\"@type\":\"ListItem\",\"position\":1,\"name\":\"Myym\u00e4l\u00e4\",\"item\":\"https:\\\/\\\/medicinasinc.com\\\/fi\\\/myymala\\\/\"},{\"@type\":\"ListItem\",\"position\":2,\"name\":\"Osta APAAN verkosta (alfa-fenyyliasetoasetonitriili)\"}]},{\"@type\":\"WebSite\",\"@id\":\"https:\\\/\\\/medicinasinc.com\\\/fi\\\/#website\",\"url\":\"https:\\\/\\\/medicinasinc.com\\\/fi\\\/\",\"name\":\"Medicinas Inc\",\"description\":\"Health Medical Clinic\",\"potentialAction\":[{\"@type\":\"SearchAction\",\"target\":{\"@type\":\"EntryPoint\",\"urlTemplate\":\"https:\\\/\\\/medicinasinc.com\\\/fi\\\/?s={search_term_string}\"},\"query-input\":{\"@type\":\"PropertyValueSpecification\",\"valueRequired\":true,\"valueName\":\"search_term_string\"}}],\"inLanguage\":\"en-US\"}]}<\/script>\n<!-- \/ Yoast SEO plugin. -->","yoast_head_json":{"title":"Osta APAAN verkosta (alfa-fenyyliasetoasetonitriili) - parhaat maailmanlaajuiset l\u00e4\u00e4kkeet","description":"Osta APAAN (alfa-fenyyliasetoasetonitriili) myyt\u00e4v\u00e4ksi Euroopassa, Isossa-Britanniassa verkossa ilman resepti\u00e4. Tilaa APAAN (alfa-fenyyliasetoasetonitriili) verkosta.","robots":{"index":"index","follow":"follow","max-snippet":"max-snippet:-1","max-image-preview":"max-image-preview:large","max-video-preview":"max-video-preview:-1"},"canonical":"https:\/\/medicinasinc.com\/fi\/product\/osta-apaan-online-alfa-fenyyliasetoasetonitriili\/","og_locale":"en_US","og_type":"article","og_title":"Osta APAAN verkosta (alfa-fenyyliasetoasetonitriili) - parhaat maailmanlaajuiset l\u00e4\u00e4kkeet","og_description":"Osta APAAN (alfa-fenyyliasetoasetonitriili) myyt\u00e4v\u00e4ksi Euroopassa, Isossa-Britanniassa verkossa ilman resepti\u00e4. Tilaa APAAN (alfa-fenyyliasetoasetonitriili) verkosta.","og_url":"https:\/\/medicinasinc.com\/fi\/product\/osta-apaan-online-alfa-fenyyliasetoasetonitriili\/","og_site_name":"Medicinas Inc","article_modified_time":"2022-03-22T00:46:02+00:00","og_image":[{"width":600,"height":600,"url":"https:\/\/medicinasinc.com\/fi\/wp-content\/uploads\/sites\/12\/2022\/02\/buy-apaan-alpha-phenylacetoacetonitrile.jpg","type":"image\/jpeg"}],"twitter_card":"summary_large_image","twitter_misc":{"Est. reading time":"6 minutes"},"schema":{"@context":"https:\/\/schema.org","@graph":[{"@type":"WebPage","@id":"https:\/\/medicinasinc.com\/fi\/product\/osta-apaan-online-alfa-fenyyliasetoasetonitriili\/","url":"https:\/\/medicinasinc.com\/fi\/product\/osta-apaan-online-alfa-fenyyliasetoasetonitriili\/","name":"Osta APAAN verkosta (alfa-fenyyliasetoasetonitriili) - parhaat maailmanlaajuiset l\u00e4\u00e4kkeet","isPartOf":{"@id":"https:\/\/medicinasinc.com\/fi\/#website"},"primaryImageOfPage":{"@id":"https:\/\/medicinasinc.com\/fi\/product\/osta-apaan-online-alfa-fenyyliasetoasetonitriili\/#primaryimage"},"image":{"@id":"https:\/\/medicinasinc.com\/fi\/product\/osta-apaan-online-alfa-fenyyliasetoasetonitriili\/#primaryimage"},"thumbnailUrl":"https:\/\/medicinasinc.com\/fi\/wp-content\/uploads\/sites\/12\/2022\/02\/buy-apaan-alpha-phenylacetoacetonitrile.jpg","datePublished":"2022-02-22T08:03:24+00:00","dateModified":"2022-03-22T00:46:02+00:00","description":"Osta APAAN (alfa-fenyyliasetoasetonitriili) myyt\u00e4v\u00e4ksi Euroopassa, Isossa-Britanniassa verkossa ilman resepti\u00e4. Tilaa APAAN (alfa-fenyyliasetoasetonitriili) verkosta.","breadcrumb":{"@id":"https:\/\/medicinasinc.com\/fi\/product\/osta-apaan-online-alfa-fenyyliasetoasetonitriili\/#breadcrumb"},"inLanguage":"en-US","potentialAction":[{"@type":"ReadAction","target":["https:\/\/medicinasinc.com\/fi\/product\/osta-apaan-online-alfa-fenyyliasetoasetonitriili\/"]}]},{"@type":"ImageObject","inLanguage":"en-US","@id":"https:\/\/medicinasinc.com\/fi\/product\/osta-apaan-online-alfa-fenyyliasetoasetonitriili\/#primaryimage","url":"https:\/\/medicinasinc.com\/fi\/wp-content\/uploads\/sites\/12\/2022\/02\/buy-apaan-alpha-phenylacetoacetonitrile.jpg","contentUrl":"https:\/\/medicinasinc.com\/fi\/wp-content\/uploads\/sites\/12\/2022\/02\/buy-apaan-alpha-phenylacetoacetonitrile.jpg","width":600,"height":600},{"@type":"BreadcrumbList","@id":"https:\/\/medicinasinc.com\/fi\/product\/osta-apaan-online-alfa-fenyyliasetoasetonitriili\/#breadcrumb","itemListElement":[{"@type":"ListItem","position":1,"name":"Myym\u00e4l\u00e4","item":"https:\/\/medicinasinc.com\/fi\/myymala\/"},{"@type":"ListItem","position":2,"name":"Osta APAAN verkosta (alfa-fenyyliasetoasetonitriili)"}]},{"@type":"WebSite","@id":"https:\/\/medicinasinc.com\/fi\/#website","url":"https:\/\/medicinasinc.com\/fi\/","name":"Medicinas Inc","description":"Health Medical Clinic","potentialAction":[{"@type":"SearchAction","target":{"@type":"EntryPoint","urlTemplate":"https:\/\/medicinasinc.com\/fi\/?s={search_term_string}"},"query-input":{"@type":"PropertyValueSpecification","valueRequired":true,"valueName":"search_term_string"}}],"inLanguage":"en-US"}]}},"_links":{"self":[{"href":"https:\/\/medicinasinc.com\/fi\/wp-json\/wp\/v2\/product\/5890","targetHints":{"allow":["GET"]}}],"collection":[{"href":"https:\/\/medicinasinc.com\/fi\/wp-json\/wp\/v2\/product"}],"about":[{"href":"https:\/\/medicinasinc.com\/fi\/wp-json\/wp\/v2\/types\/product"}],"replies":[{"embeddable":true,"href":"https:\/\/medicinasinc.com\/fi\/wp-json\/wp\/v2\/comments?post=5890"}],"wp:featuredmedia":[{"embeddable":true,"href":"https:\/\/medicinasinc.com\/fi\/wp-json\/wp\/v2\/media\/5916"}],"wp:attachment":[{"href":"https:\/\/medicinasinc.com\/fi\/wp-json\/wp\/v2\/media?parent=5890"}],"wp:term":[{"taxonomy":"product_brand","embeddable":true,"href":"https:\/\/medicinasinc.com\/fi\/wp-json\/wp\/v2\/product_brand?post=5890"},{"taxonomy":"product_cat","embeddable":true,"href":"https:\/\/medicinasinc.com\/fi\/wp-json\/wp\/v2\/product_cat?post=5890"},{"taxonomy":"product_tag","embeddable":true,"href":"https:\/\/medicinasinc.com\/fi\/wp-json\/wp\/v2\/product_tag?post=5890"}],"curies":[{"name":"wp","href":"https:\/\/api.w.org\/{rel}","templated":true}]}}