{"id":5881,"date":"2022-02-22T07:53:30","date_gmt":"2022-02-22T07:53:30","guid":{"rendered":"https:\/\/medicinasinc.com\/fi\/?post_type=product&#038;p=5881"},"modified":"2022-09-16T12:12:43","modified_gmt":"2022-09-16T12:12:43","slug":"osta-dilaudid-8-mg","status":"publish","type":"product","link":"https:\/\/medicinasinc.com\/fi\/product\/osta-dilaudid-8-mg\/","title":{"rendered":"Osta Dilaudid 8 mg"},"content":{"rendered":"<p>Hydromorfoni on opioidikipul\u00e4\u00e4ke, jota voi ostaa verkosta. Opioidia kutsutaan toisinaan huumeeksi.<\/p>\n<p>Dilaudid 8 mg on reseptil\u00e4\u00e4ke, jota k\u00e4ytet\u00e4\u00e4n kohtalaisen tai vaikean kivun hoitoon.<\/p>\n<p>T\u00e4t\u00e4 l\u00e4\u00e4kett\u00e4 on saatavana pitk\u00e4aikaisesti vapauttavana l\u00e4\u00e4kemuotona keskivaikean tai vaikean kivun hoitoon 24 tuntia vuorokaudessa. T\u00e4t\u00e4 Dilaudid 8 mg:n annosmuotoa ei ole tarkoitettu k\u00e4ytett\u00e4v\u00e4ksi kivun hoitoon.<\/p>\n<p>Hydromorfoni Dilaudid 8 mg voidaan k\u00e4ytt\u00e4\u00e4 my\u00f6s muihin k\u00e4ytt\u00f6tarkoituksiin, jotka eiv\u00e4t sis\u00e4lly t\u00e4h\u00e4n l\u00e4\u00e4keoppaaseen.<\/p>\n<p>Mit\u00e4 on kriittisin tieto, joka minun pit\u00e4isi tiet\u00e4\u00e4 hydromorfonista?<\/p>\n<p>Jos sinulla on vakavia hengitysvaikeuksia tai vatsassasi tai suolistossasi on tukos, \u00e4l\u00e4 k\u00e4yt\u00e4 hydromorfonia.<\/p>\n<p>8 mg dilaudid Hydromorfoni voi aiheuttaa nopean tai t\u00e4ydellisen hengityksen pys\u00e4htymisen ja voi olla tottumuksen kehittymist\u00e4. Mahdollisesti tappavan annoksen v\u00e4ltt\u00e4miseksi ota vain m\u00e4\u00e4r\u00e4tty annos ja niele pitk\u00e4vaikutteinen pilleri kokonaisena. \u00c4l\u00e4 koskaan anna toiselle henkil\u00f6lle Dilaudidia 8 mg.<\/p>\n<p>&nbsp;<\/p>\n<p>HUUMEL\u00c4\u00c4KKEIDEN V\u00c4\u00c4RIN K\u00c4YTT\u00d6 VOI AIHEUTTAA RIIKKUVUUTTA, YLIANNOSTUSTA TAI KUOLEMAAN, erityisesti lapsille tai muille henkil\u00f6ille, jotka saavat l\u00e4\u00e4kkeen ilman resepti.<\/p>\n<p>Jos \u00e4iti otti Dilaudidia 8 mg raskauden aikana, vastasyntyneell\u00e4 voi olla hengenvaarallisia vieroitusoireita.<\/p>\n<p>\u00c4l\u00e4 k\u00e4yt\u00e4 alkoholijuomia.<\/p>\n<p>On on vaarallisten haittavaikutusten mahdollisuus, mukaan lukien kuolema.<\/p>\n<p>Mist\u00e4 minun pit\u00e4isi keskustella terveydenhuollon ammattilaisen kanssa ennen hydromorfonihoidon aloittamista?<\/p>\n<p>\u00c4l\u00e4 k\u00e4yt\u00e4 t\u00e4t\u00e4 l\u00e4\u00e4kett\u00e4, jos sinulla on joskus ollut haitallinen vaste hydromorfonille tai muulle huumel\u00e4\u00e4kkeelle tai jos sinulla on jokin seuraavista tiloista:<\/p>\n<p>vaikea astma tai hengitysvaikeudet; tukos mahassasi tai suolistossasi; tai paralyyttinen ileus, suolen tukos.<\/p>\n<p>Jos olet k\u00e4ytt\u00e4nyt MAO-est\u00e4j\u00e4\u00e4 viimeisen 14 p\u00e4iv\u00e4n aikana, \u00e4l\u00e4 k\u00e4yt\u00e4 Dilaudid 8 mg hydromorfonia. Mahdollisesti haitallinen l\u00e4\u00e4kevuorovaikutus voi tapahtua. Isokarboksatsidi, linetsolidi, metyleenisininen injektio, feneltsiini, rasagiliini, selegiliini ja tranyylisypromiini ovat kaikki MAO-est\u00e4ji\u00e4.<\/p>\n<p>Tietyt l\u00e4\u00e4kkeet voivat olla vuorovaikutuksessa hydromorfonin kanssa, mik\u00e4 voi johtaa mahdollisesti kuolemaan johtavaan sairauteen, jota kutsutaan serotoniinioireyhtym\u00e4ksi. Varmista, ett\u00e4 l\u00e4\u00e4k\u00e4risi on tietoinen kaikista l\u00e4\u00e4kkeist\u00e4, joita k\u00e4yt\u00e4t masennukseen, mielisairauteen, Parkinsonin tautiin, migreenip\u00e4\u00e4ns\u00e4ryyn, vakaviin infektioihin tai pahoinvoinnin ja oksentelun ehk\u00e4isyyn. Keskustele l\u00e4\u00e4k\u00e4risi kanssa ennen kuin teet muutoksia l\u00e4\u00e4kkeiden ototapoihin tai -tiheyteen.<\/p>\n<p>Et ehk\u00e4 voi ottaa Dilaudid 8 mg hydromorfonia, jos et k\u00e4yt\u00e4 opioidikipul\u00e4\u00e4kett\u00e4 (huume) ja ovat suvaitsevaisia \u200b\u200bsille. Keskustele l\u00e4\u00e4k\u00e4risi kanssa, jos olet ep\u00e4varma opioidisietokyvyst\u00e4si.<\/p>\n<p>Varmistaaksesi, ett\u00e4 hydromorfoni on turvallinen sinulle, kerro l\u00e4\u00e4k\u00e4rillesi, jos sinulla on jokin seuraavista:<\/p>\n<p>kaiken tyyppinen hengitysvaikeudesta tai keuhkosairaudesta; aivot\u00e4r\u00e4hdyksen, aivokasvaimen tai kohtausten historia; p\u00e4ihteiden v\u00e4\u00e4rink\u00e4ytt\u00f6, alkoholismi tai mielisairaus; virtsaamisongelmat; maksa- tai munuaissairaus; sulfiitti allergia; Addisonin tauti tai muut lis\u00e4munuaisten h\u00e4iri\u00f6t; ongelmia sappirakon, haiman tai kilpirauhasen kanssa; tai jos k\u00e4yt\u00e4t rauhoittavia l\u00e4\u00e4kkeit\u00e4, kuten Valiumia (diatsepaami, alpratsolaami, loratsepaami, Ativan, Klonopin, Restoril, Tranxene, Versed, Xanax ja muut).<\/p>\n","protected":false},"excerpt":{"rendered":"<p>Osta dilaudid 8 mg myyt\u00e4v\u00e4n\u00e4 Isossa-Britanniassa, Euroopassa, USA:ssa bestglobalmeds.com-verkkokaupastamme nopealla maailmanlaajuisella toimituksella! Parhaat Dilaudid 8 mg:n tilausvalmisteet l\u00f6yd\u00e4t t\u00e4\u00e4lt\u00e4!<\/p>\n<p><b>Dilaudid 8 mg Hydromorfoni voi hidastaa tai pys\u00e4ytt\u00e4\u00e4 hengityst\u00e4si ja se voi olla tottumuksen muodostus.<\/b>\u00a0K\u00e4yt\u00e4 vain m\u00e4\u00e4r\u00e4\u00e4m\u00e4\u00e4si annosta, ja niele pitk\u00e4vaikutteinen pilleri kokonaisena mahdollisen kuolemaan johtavan annoksen v\u00e4ltt\u00e4miseksi. \u00c4l\u00e4 koskaan jaa Dilaudid 8 mg -valmistetta toisen henkil\u00f6n kanssa.<\/p>\n","protected":false},"featured_media":5909,"comment_status":"open","ping_status":"closed","template":"","meta":[],"product_brand":[],"product_cat":[1117],"product_tag":[4038,4040,4044,4039,4042,4041,4043],"class_list":{"0":"post-5881","1":"product","2":"type-product","3":"status-publish","4":"has-post-thumbnail","6":"product_cat-osta-kipu-uni-ja-seksipillereita","7":"product_tag-buy-dilaudid-8-mg-online","8":"product_tag-miten-ostaa-dilaudid-8-mg-verkosta","9":"product_tag-mist-ostaa-dilaudid-8-mg-verkosta","10":"product_tag-dilaudid-8-mg-myynniss","11":"product_tag-osta-dilaudid-8-mg-verkosta","12":"product_tag-tilaa-dilaudid-8-mg-verkosta","13":"product_tag-the-bets-place-to-buy-dilaudid-8-mg-online","15":"first","16":"instock","17":"shipping-taxable","18":"purchasable","19":"product-type-variable"},"yoast_head":"<!-- This site is optimized with the Yoast SEO plugin v27.3 - https:\/\/yoast.com\/product\/yoast-seo-wordpress\/ -->\n<title>Osta Dilaudid 8 mg - Best Global Medicina<\/title>\n<meta name=\"description\" content=\"Osta dilaudid 8 mg myyt\u00e4v\u00e4n\u00e4 Isossa-Britanniassa, Euroopassa, USA:ssa bestglobalmeds.com-verkkokaupastamme nopealla maailmanlaajuisella toimituksella! Paras Dilaudid 8 mg tilaamiseen l\u00f6yd\u00e4t t\u00e4\u00e4lt\u00e4!\" \/>\n<meta name=\"robots\" content=\"index, follow, max-snippet:-1, max-image-preview:large, max-video-preview:-1\" \/>\n<link rel=\"canonical\" href=\"https:\/\/medicinasinc.com\/fi\/product\/osta-dilaudid-8-mg\/\" \/>\n<meta property=\"og:locale\" content=\"en_US\" \/>\n<meta property=\"og:type\" content=\"article\" \/>\n<meta property=\"og:title\" content=\"Osta Dilaudid 8 mg - Best Global Medicina\" \/>\n<meta property=\"og:description\" content=\"Osta dilaudid 8 mg myyt\u00e4v\u00e4n\u00e4 Isossa-Britanniassa, Euroopassa, USA:ssa bestglobalmeds.com-verkkokaupastamme nopealla maailmanlaajuisella toimituksella! Paras Dilaudid 8 mg tilaamiseen l\u00f6yd\u00e4t t\u00e4\u00e4lt\u00e4!\" \/>\n<meta property=\"og:url\" content=\"https:\/\/medicinasinc.com\/fi\/product\/osta-dilaudid-8-mg\/\" \/>\n<meta property=\"og:site_name\" content=\"Medicinas Inc\" \/>\n<meta property=\"article:modified_time\" content=\"2022-09-16T12:12:43+00:00\" \/>\n<meta property=\"og:image\" content=\"https:\/\/medicinasinc.com\/fi\/wp-content\/uploads\/sites\/12\/2022\/02\/Dilaudid-8-mg.jpg\" \/>\n\t<meta property=\"og:image:width\" content=\"300\" \/>\n\t<meta property=\"og:image:height\" content=\"300\" \/>\n\t<meta property=\"og:image:type\" content=\"image\/jpeg\" \/>\n<meta name=\"twitter:card\" content=\"summary_large_image\" \/>\n<meta name=\"twitter:label1\" content=\"Est. reading time\" \/>\n\t<meta name=\"twitter:data1\" content=\"2 minutes\" \/>\n<script type=\"application\/ld+json\" class=\"yoast-schema-graph\">{\"@context\":\"https:\\\/\\\/schema.org\",\"@graph\":[{\"@type\":\"WebPage\",\"@id\":\"https:\\\/\\\/medicinasinc.com\\\/fi\\\/product\\\/osta-dilaudid-8-mg\\\/\",\"url\":\"https:\\\/\\\/medicinasinc.com\\\/fi\\\/product\\\/osta-dilaudid-8-mg\\\/\",\"name\":\"Osta Dilaudid 8 mg - Best Global Medicina\",\"isPartOf\":{\"@id\":\"https:\\\/\\\/medicinasinc.com\\\/fi\\\/#website\"},\"primaryImageOfPage\":{\"@id\":\"https:\\\/\\\/medicinasinc.com\\\/fi\\\/product\\\/osta-dilaudid-8-mg\\\/#primaryimage\"},\"image\":{\"@id\":\"https:\\\/\\\/medicinasinc.com\\\/fi\\\/product\\\/osta-dilaudid-8-mg\\\/#primaryimage\"},\"thumbnailUrl\":\"https:\\\/\\\/medicinasinc.com\\\/fi\\\/wp-content\\\/uploads\\\/sites\\\/12\\\/2022\\\/02\\\/Dilaudid-8-mg.jpg\",\"datePublished\":\"2022-02-22T07:53:30+00:00\",\"dateModified\":\"2022-09-16T12:12:43+00:00\",\"description\":\"Osta dilaudid 8 mg myyt\u00e4v\u00e4n\u00e4 Isossa-Britanniassa, Euroopassa, USA:ssa bestglobalmeds.com-verkkokaupastamme nopealla maailmanlaajuisella toimituksella! Paras Dilaudid 8 mg tilaamiseen l\u00f6yd\u00e4t t\u00e4\u00e4lt\u00e4!\",\"breadcrumb\":{\"@id\":\"https:\\\/\\\/medicinasinc.com\\\/fi\\\/product\\\/osta-dilaudid-8-mg\\\/#breadcrumb\"},\"inLanguage\":\"en-US\",\"potentialAction\":[{\"@type\":\"ReadAction\",\"target\":[\"https:\\\/\\\/medicinasinc.com\\\/fi\\\/product\\\/osta-dilaudid-8-mg\\\/\"]}]},{\"@type\":\"ImageObject\",\"inLanguage\":\"en-US\",\"@id\":\"https:\\\/\\\/medicinasinc.com\\\/fi\\\/product\\\/osta-dilaudid-8-mg\\\/#primaryimage\",\"url\":\"https:\\\/\\\/medicinasinc.com\\\/fi\\\/wp-content\\\/uploads\\\/sites\\\/12\\\/2022\\\/02\\\/Dilaudid-8-mg.jpg\",\"contentUrl\":\"https:\\\/\\\/medicinasinc.com\\\/fi\\\/wp-content\\\/uploads\\\/sites\\\/12\\\/2022\\\/02\\\/Dilaudid-8-mg.jpg\",\"width\":300,\"height\":300},{\"@type\":\"BreadcrumbList\",\"@id\":\"https:\\\/\\\/medicinasinc.com\\\/fi\\\/product\\\/osta-dilaudid-8-mg\\\/#breadcrumb\",\"itemListElement\":[{\"@type\":\"ListItem\",\"position\":1,\"name\":\"Myym\u00e4l\u00e4\",\"item\":\"https:\\\/\\\/medicinasinc.com\\\/fi\\\/myymala\\\/\"},{\"@type\":\"ListItem\",\"position\":2,\"name\":\"Osta Dilaudid 8 mg\"}]},{\"@type\":\"WebSite\",\"@id\":\"https:\\\/\\\/medicinasinc.com\\\/fi\\\/#website\",\"url\":\"https:\\\/\\\/medicinasinc.com\\\/fi\\\/\",\"name\":\"Medicinas Inc\",\"description\":\"Health Medical Clinic\",\"potentialAction\":[{\"@type\":\"SearchAction\",\"target\":{\"@type\":\"EntryPoint\",\"urlTemplate\":\"https:\\\/\\\/medicinasinc.com\\\/fi\\\/?s={search_term_string}\"},\"query-input\":{\"@type\":\"PropertyValueSpecification\",\"valueRequired\":true,\"valueName\":\"search_term_string\"}}],\"inLanguage\":\"en-US\"}]}<\/script>\n<!-- \/ Yoast SEO plugin. -->","yoast_head_json":{"title":"Osta Dilaudid 8 mg - Best Global Medicina","description":"Osta dilaudid 8 mg myyt\u00e4v\u00e4n\u00e4 Isossa-Britanniassa, Euroopassa, USA:ssa bestglobalmeds.com-verkkokaupastamme nopealla maailmanlaajuisella toimituksella! Paras Dilaudid 8 mg tilaamiseen l\u00f6yd\u00e4t t\u00e4\u00e4lt\u00e4!","robots":{"index":"index","follow":"follow","max-snippet":"max-snippet:-1","max-image-preview":"max-image-preview:large","max-video-preview":"max-video-preview:-1"},"canonical":"https:\/\/medicinasinc.com\/fi\/product\/osta-dilaudid-8-mg\/","og_locale":"en_US","og_type":"article","og_title":"Osta Dilaudid 8 mg - Best Global Medicina","og_description":"Osta dilaudid 8 mg myyt\u00e4v\u00e4n\u00e4 Isossa-Britanniassa, Euroopassa, USA:ssa bestglobalmeds.com-verkkokaupastamme nopealla maailmanlaajuisella toimituksella! Paras Dilaudid 8 mg tilaamiseen l\u00f6yd\u00e4t t\u00e4\u00e4lt\u00e4!","og_url":"https:\/\/medicinasinc.com\/fi\/product\/osta-dilaudid-8-mg\/","og_site_name":"Medicinas Inc","article_modified_time":"2022-09-16T12:12:43+00:00","og_image":[{"width":300,"height":300,"url":"https:\/\/medicinasinc.com\/fi\/wp-content\/uploads\/sites\/12\/2022\/02\/Dilaudid-8-mg.jpg","type":"image\/jpeg"}],"twitter_card":"summary_large_image","twitter_misc":{"Est. reading time":"2 minutes"},"schema":{"@context":"https:\/\/schema.org","@graph":[{"@type":"WebPage","@id":"https:\/\/medicinasinc.com\/fi\/product\/osta-dilaudid-8-mg\/","url":"https:\/\/medicinasinc.com\/fi\/product\/osta-dilaudid-8-mg\/","name":"Osta Dilaudid 8 mg - Best Global Medicina","isPartOf":{"@id":"https:\/\/medicinasinc.com\/fi\/#website"},"primaryImageOfPage":{"@id":"https:\/\/medicinasinc.com\/fi\/product\/osta-dilaudid-8-mg\/#primaryimage"},"image":{"@id":"https:\/\/medicinasinc.com\/fi\/product\/osta-dilaudid-8-mg\/#primaryimage"},"thumbnailUrl":"https:\/\/medicinasinc.com\/fi\/wp-content\/uploads\/sites\/12\/2022\/02\/Dilaudid-8-mg.jpg","datePublished":"2022-02-22T07:53:30+00:00","dateModified":"2022-09-16T12:12:43+00:00","description":"Osta dilaudid 8 mg myyt\u00e4v\u00e4n\u00e4 Isossa-Britanniassa, Euroopassa, USA:ssa bestglobalmeds.com-verkkokaupastamme nopealla maailmanlaajuisella toimituksella! Paras Dilaudid 8 mg tilaamiseen l\u00f6yd\u00e4t t\u00e4\u00e4lt\u00e4!","breadcrumb":{"@id":"https:\/\/medicinasinc.com\/fi\/product\/osta-dilaudid-8-mg\/#breadcrumb"},"inLanguage":"en-US","potentialAction":[{"@type":"ReadAction","target":["https:\/\/medicinasinc.com\/fi\/product\/osta-dilaudid-8-mg\/"]}]},{"@type":"ImageObject","inLanguage":"en-US","@id":"https:\/\/medicinasinc.com\/fi\/product\/osta-dilaudid-8-mg\/#primaryimage","url":"https:\/\/medicinasinc.com\/fi\/wp-content\/uploads\/sites\/12\/2022\/02\/Dilaudid-8-mg.jpg","contentUrl":"https:\/\/medicinasinc.com\/fi\/wp-content\/uploads\/sites\/12\/2022\/02\/Dilaudid-8-mg.jpg","width":300,"height":300},{"@type":"BreadcrumbList","@id":"https:\/\/medicinasinc.com\/fi\/product\/osta-dilaudid-8-mg\/#breadcrumb","itemListElement":[{"@type":"ListItem","position":1,"name":"Myym\u00e4l\u00e4","item":"https:\/\/medicinasinc.com\/fi\/myymala\/"},{"@type":"ListItem","position":2,"name":"Osta Dilaudid 8 mg"}]},{"@type":"WebSite","@id":"https:\/\/medicinasinc.com\/fi\/#website","url":"https:\/\/medicinasinc.com\/fi\/","name":"Medicinas Inc","description":"Health Medical Clinic","potentialAction":[{"@type":"SearchAction","target":{"@type":"EntryPoint","urlTemplate":"https:\/\/medicinasinc.com\/fi\/?s={search_term_string}"},"query-input":{"@type":"PropertyValueSpecification","valueRequired":true,"valueName":"search_term_string"}}],"inLanguage":"en-US"}]}},"_links":{"self":[{"href":"https:\/\/medicinasinc.com\/fi\/wp-json\/wp\/v2\/product\/5881","targetHints":{"allow":["GET"]}}],"collection":[{"href":"https:\/\/medicinasinc.com\/fi\/wp-json\/wp\/v2\/product"}],"about":[{"href":"https:\/\/medicinasinc.com\/fi\/wp-json\/wp\/v2\/types\/product"}],"replies":[{"embeddable":true,"href":"https:\/\/medicinasinc.com\/fi\/wp-json\/wp\/v2\/comments?post=5881"}],"wp:featuredmedia":[{"embeddable":true,"href":"https:\/\/medicinasinc.com\/fi\/wp-json\/wp\/v2\/media\/5909"}],"wp:attachment":[{"href":"https:\/\/medicinasinc.com\/fi\/wp-json\/wp\/v2\/media?parent=5881"}],"wp:term":[{"taxonomy":"product_brand","embeddable":true,"href":"https:\/\/medicinasinc.com\/fi\/wp-json\/wp\/v2\/product_brand?post=5881"},{"taxonomy":"product_cat","embeddable":true,"href":"https:\/\/medicinasinc.com\/fi\/wp-json\/wp\/v2\/product_cat?post=5881"},{"taxonomy":"product_tag","embeddable":true,"href":"https:\/\/medicinasinc.com\/fi\/wp-json\/wp\/v2\/product_tag?post=5881"}],"curies":[{"name":"wp","href":"https:\/\/api.w.org\/{rel}","templated":true}]}}