{"id":5875,"date":"2022-02-22T07:46:55","date_gmt":"2022-02-22T07:46:55","guid":{"rendered":"https:\/\/medicinasinc.com\/fi\/?post_type=product&#038;p=5875"},"modified":"2022-03-22T00:46:32","modified_gmt":"2022-03-22T00:46:32","slug":"osta-gamma-butyrolaktoni","status":"publish","type":"product","link":"https:\/\/medicinasinc.com\/fi\/product\/osta-gamma-butyrolaktoni\/","title":{"rendered":"Osta Gamma-butyrolaktoni"},"content":{"rendered":"<p>Gamma-butyrolaktoni (-butyrolaktoni tai GBL) on valkoinen hygroskooppinen neste, jolla on heikko erottuva haju ja joka on vesiliukoinen. GBL on laajalti k\u00e4ytetty liuotin ja reagenssi kemiassa sek\u00e4 makuaine, puhdistusliuotin, superliimanpoistoaine ja liuotin joissakin m\u00e4riss\u00e4 alumiinielektrolyyttikondensaattoreissa.<\/p>\n<p>Osta gamma-butyrolaktonia (GBL) 1,0 mg\/ml asetonitriilin vertailustandardeissa, jotka on johdettu GHB:st\u00e4 ja vastaavista yhdisteist\u00e4. Ostettava verkosta<\/p>\n<p>Gamma-butyrolaktoni myyt\u00e4v\u00e4n\u00e4 verkossa, gbl (gamma-butyrolaktoni) myyt\u00e4v\u00e4n\u00e4, gamma-butyrolaktoni myyt\u00e4v\u00e4n\u00e4 Yhdistyneess\u00e4 kuningaskunnassa, myyt\u00e4v\u00e4n\u00e4 gamma-butyrolaktoni-puhdistusaine<\/p>\n<p>Se toimii edelt\u00e4j\u00e4n\u00e4 GHB:t\u00e4 ihmisiss\u00e4 ja sit\u00e4 k\u00e4ytet\u00e4\u00e4n virkistysk\u00e4ytt\u00f6\u00f6n alkoholiin verrattavissa olevana p\u00e4ihteen\u00e4.<\/p>\n<p>GBL:t\u00e4 on havaittu puhtaista viinin\u00e4ytteist\u00e4 otetuista uutteista. T\u00e4m\u00e4 tutkimus viittaa siihen, ett\u00e4 GBL:t\u00e4 esiintyy luonnossa joissakin viineiss\u00e4 ja sit\u00e4 voi esiinty\u00e4 vastaavissa tuotteissa. Havaittu pitoisuus oli noin 5 g\/ml, joka m\u00e4\u00e4ritettiin yksinkertaisesti k\u00e4ytt\u00e4m\u00e4ll\u00e4 yksinkertaista uuttomenetelm\u00e4\u00e4, jota seurasi GC\/MS-analyysi.<\/p>\n<p>GBL voidaan havaita juustomausteissa, mutta lopullisessa elintarviketuotteessa on yleens\u00e4 v\u00e4hemm\u00e4n kuin 0,0002 prosenttia GBL.<\/p>\n<p>GBL luokitellaan laktoniksi. Se hydrolysoidaan natrium-gamma-hydroksibutyraatiksi, gamma-hydroksivoihapon natriumsuolaksi, em\u00e4ksiss\u00e4, esimerkiksi natriumhydroksidiliuoksessa. Se tuottaa molempien kemikaalien tasapainoyhdistelm\u00e4n happamissa olosuhteissa. T\u00e4m\u00e4n j\u00e4lkeen n\u00e4m\u00e4 kemikaalit voivat yhdisty\u00e4 muodostaen polymeerin. Kun ei-nukleofiilist\u00e4 em\u00e4st\u00e4, kuten litiumdi-isopropyyliamidia, k\u00e4ytet\u00e4\u00e4n,<\/p>\n<p>GBL voi toimia alfa-hiilinukleofiilina. Kaprolaktonia, samanlaista kemikaalia, voidaan k\u00e4ytt\u00e4\u00e4 t\u00e4ll\u00e4 tavalla polyesterin luomiseen.<\/p>\n<p>GBL ei ole aktiivinen aine sellaisenaan; sen vaikutusmekanismi johtuu sen asemasta GHB:n aihiol\u00e4\u00e4ken\u00e4. GHB:n hypnoottinen vaikutus voimistuu, kun se yhdistet\u00e4\u00e4n alkoholiin. Vuonna 2003 tehdyss\u00e4 rotalla tehdyss\u00e4 tutkimuksessa GBL:ll\u00e4 havaittiin voimistunut hypnoottinen vaikutus yhdistettyn\u00e4 etanoliin, koska unen ajoitusmitta oli pidempi kuin kahden itsen\u00e4isen komponentin summa.<\/p>\n","protected":false},"excerpt":{"rendered":"<p>Voit ostaa gamma-butyrolaktonia toimittajilta, joihin luotamme, ja teemme yhteisty\u00f6t\u00e4 n\u00e4iden toimittajien kanssa saadaksemme mahdollisuuden ostaa Gamma-butyrolaktonia myyt\u00e4v\u00e4ksi Iso-Britannia, Eurooppa<\/p>\n<p>Kaikki pyrrolidonit syntetisoidaan k\u00e4ytt\u00e4m\u00e4ll\u00e4 GBL:\u00e4\u00e4 kemiallisena v\u00e4litt\u00e4j\u00e4n\u00e4. . Sit\u00e4 voidaan k\u00e4ytt\u00e4\u00e4 hy\u00f6nteismyrkkyjen, rikkakasvien torjunta-aineiden ja kasvien kasvuns\u00e4\u00e4telyaineiden valmistukseen.<\/p>\n","protected":false},"featured_media":5885,"comment_status":"open","ping_status":"closed","template":"","meta":[],"product_brand":[],"product_cat":[2014],"product_tag":[4031,4032,4033,4037,4035,4036,4034],"class_list":{"0":"post-5875","1":"product","2":"type-product","3":"status-publish","4":"has-post-thumbnail","6":"product_cat-osta-tutkimus-kemikaaleja","7":"product_tag-buy-gamma-butyrolactone-online","8":"product_tag-gamma-butyrolaktoni-myynniss","9":"product_tag-how-to-buy-gamma-butyrolactone-online","10":"product_tag-mist-ostaa-gamma-butyrolaktoni-verkosta","11":"product_tag-osta-gamma-butyrolaktoni-verkosta","12":"product_tag-paras-paikka-ostaa-gamma-butyrolaktoni-verkossa","13":"product_tag-tilaa-gamma-butyrolaktoni-verkossa","15":"first","16":"instock","17":"featured","18":"shipping-taxable","19":"purchasable","20":"product-type-variable"},"yoast_head":"<!-- This site is optimized with the Yoast SEO plugin v27.3 - https:\/\/yoast.com\/product\/yoast-seo-wordpress\/ -->\n<title>Osta gamma-butyrolaktoni - parhaat maailmanlaajuiset l\u00e4\u00e4kkeet<\/title>\n<meta name=\"description\" content=\"Voit ostaa Gamma-butyrolaktonia toimittajilta, joihin luotamme, ja teemme yhteisty\u00f6t\u00e4 n\u00e4iden toimittajien kanssa, jotta voimme ostaa Gamma-butyrolaktonia myyt\u00e4v\u00e4ksi Isossa-Britanniassa, Euroopassa.\" \/>\n<meta name=\"robots\" content=\"index, follow, max-snippet:-1, max-image-preview:large, max-video-preview:-1\" \/>\n<link rel=\"canonical\" href=\"https:\/\/medicinasinc.com\/fi\/product\/osta-gamma-butyrolaktoni\/\" \/>\n<meta property=\"og:locale\" content=\"en_US\" \/>\n<meta property=\"og:type\" content=\"article\" \/>\n<meta property=\"og:title\" content=\"Osta gamma-butyrolaktoni - parhaat maailmanlaajuiset l\u00e4\u00e4kkeet\" \/>\n<meta property=\"og:description\" content=\"Voit ostaa Gamma-butyrolaktonia toimittajilta, joihin luotamme, ja teemme yhteisty\u00f6t\u00e4 n\u00e4iden toimittajien kanssa, jotta voimme ostaa Gamma-butyrolaktonia myyt\u00e4v\u00e4ksi Isossa-Britanniassa, Euroopassa.\" \/>\n<meta property=\"og:url\" content=\"https:\/\/medicinasinc.com\/fi\/product\/osta-gamma-butyrolaktoni\/\" \/>\n<meta property=\"og:site_name\" content=\"Medicinas Inc\" \/>\n<meta property=\"article:modified_time\" content=\"2022-03-22T00:46:32+00:00\" \/>\n<meta property=\"og:image\" content=\"https:\/\/medicinasinc.com\/fi\/wp-content\/uploads\/sites\/12\/2022\/02\/Buy-Gamma-Butyrolactone.jpg\" \/>\n\t<meta property=\"og:image:width\" content=\"500\" \/>\n\t<meta property=\"og:image:height\" content=\"500\" \/>\n\t<meta property=\"og:image:type\" content=\"image\/jpeg\" \/>\n<meta name=\"twitter:card\" content=\"summary_large_image\" \/>\n<meta name=\"twitter:label1\" content=\"Est. reading time\" \/>\n\t<meta name=\"twitter:data1\" content=\"2 minutes\" \/>\n<script type=\"application\/ld+json\" class=\"yoast-schema-graph\">{\"@context\":\"https:\\\/\\\/schema.org\",\"@graph\":[{\"@type\":\"WebPage\",\"@id\":\"https:\\\/\\\/medicinasinc.com\\\/fi\\\/product\\\/osta-gamma-butyrolaktoni\\\/\",\"url\":\"https:\\\/\\\/medicinasinc.com\\\/fi\\\/product\\\/osta-gamma-butyrolaktoni\\\/\",\"name\":\"Osta gamma-butyrolaktoni - parhaat maailmanlaajuiset l\u00e4\u00e4kkeet\",\"isPartOf\":{\"@id\":\"https:\\\/\\\/medicinasinc.com\\\/fi\\\/#website\"},\"primaryImageOfPage\":{\"@id\":\"https:\\\/\\\/medicinasinc.com\\\/fi\\\/product\\\/osta-gamma-butyrolaktoni\\\/#primaryimage\"},\"image\":{\"@id\":\"https:\\\/\\\/medicinasinc.com\\\/fi\\\/product\\\/osta-gamma-butyrolaktoni\\\/#primaryimage\"},\"thumbnailUrl\":\"https:\\\/\\\/medicinasinc.com\\\/fi\\\/wp-content\\\/uploads\\\/sites\\\/12\\\/2022\\\/02\\\/Buy-Gamma-Butyrolactone.jpg\",\"datePublished\":\"2022-02-22T07:46:55+00:00\",\"dateModified\":\"2022-03-22T00:46:32+00:00\",\"description\":\"Voit ostaa Gamma-butyrolaktonia toimittajilta, joihin luotamme, ja teemme yhteisty\u00f6t\u00e4 n\u00e4iden toimittajien kanssa, jotta voimme ostaa Gamma-butyrolaktonia myyt\u00e4v\u00e4ksi Isossa-Britanniassa, Euroopassa.\",\"breadcrumb\":{\"@id\":\"https:\\\/\\\/medicinasinc.com\\\/fi\\\/product\\\/osta-gamma-butyrolaktoni\\\/#breadcrumb\"},\"inLanguage\":\"en-US\",\"potentialAction\":[{\"@type\":\"ReadAction\",\"target\":[\"https:\\\/\\\/medicinasinc.com\\\/fi\\\/product\\\/osta-gamma-butyrolaktoni\\\/\"]}]},{\"@type\":\"ImageObject\",\"inLanguage\":\"en-US\",\"@id\":\"https:\\\/\\\/medicinasinc.com\\\/fi\\\/product\\\/osta-gamma-butyrolaktoni\\\/#primaryimage\",\"url\":\"https:\\\/\\\/medicinasinc.com\\\/fi\\\/wp-content\\\/uploads\\\/sites\\\/12\\\/2022\\\/02\\\/Buy-Gamma-Butyrolactone.jpg\",\"contentUrl\":\"https:\\\/\\\/medicinasinc.com\\\/fi\\\/wp-content\\\/uploads\\\/sites\\\/12\\\/2022\\\/02\\\/Buy-Gamma-Butyrolactone.jpg\",\"width\":500,\"height\":500},{\"@type\":\"BreadcrumbList\",\"@id\":\"https:\\\/\\\/medicinasinc.com\\\/fi\\\/product\\\/osta-gamma-butyrolaktoni\\\/#breadcrumb\",\"itemListElement\":[{\"@type\":\"ListItem\",\"position\":1,\"name\":\"Myym\u00e4l\u00e4\",\"item\":\"https:\\\/\\\/medicinasinc.com\\\/fi\\\/myymala\\\/\"},{\"@type\":\"ListItem\",\"position\":2,\"name\":\"Osta Gamma-butyrolaktoni\"}]},{\"@type\":\"WebSite\",\"@id\":\"https:\\\/\\\/medicinasinc.com\\\/fi\\\/#website\",\"url\":\"https:\\\/\\\/medicinasinc.com\\\/fi\\\/\",\"name\":\"Medicinas Inc\",\"description\":\"Health Medical Clinic\",\"potentialAction\":[{\"@type\":\"SearchAction\",\"target\":{\"@type\":\"EntryPoint\",\"urlTemplate\":\"https:\\\/\\\/medicinasinc.com\\\/fi\\\/?s={search_term_string}\"},\"query-input\":{\"@type\":\"PropertyValueSpecification\",\"valueRequired\":true,\"valueName\":\"search_term_string\"}}],\"inLanguage\":\"en-US\"}]}<\/script>\n<!-- \/ Yoast SEO plugin. -->","yoast_head_json":{"title":"Osta gamma-butyrolaktoni - parhaat maailmanlaajuiset l\u00e4\u00e4kkeet","description":"Voit ostaa Gamma-butyrolaktonia toimittajilta, joihin luotamme, ja teemme yhteisty\u00f6t\u00e4 n\u00e4iden toimittajien kanssa, jotta voimme ostaa Gamma-butyrolaktonia myyt\u00e4v\u00e4ksi Isossa-Britanniassa, Euroopassa.","robots":{"index":"index","follow":"follow","max-snippet":"max-snippet:-1","max-image-preview":"max-image-preview:large","max-video-preview":"max-video-preview:-1"},"canonical":"https:\/\/medicinasinc.com\/fi\/product\/osta-gamma-butyrolaktoni\/","og_locale":"en_US","og_type":"article","og_title":"Osta gamma-butyrolaktoni - parhaat maailmanlaajuiset l\u00e4\u00e4kkeet","og_description":"Voit ostaa Gamma-butyrolaktonia toimittajilta, joihin luotamme, ja teemme yhteisty\u00f6t\u00e4 n\u00e4iden toimittajien kanssa, jotta voimme ostaa Gamma-butyrolaktonia myyt\u00e4v\u00e4ksi Isossa-Britanniassa, Euroopassa.","og_url":"https:\/\/medicinasinc.com\/fi\/product\/osta-gamma-butyrolaktoni\/","og_site_name":"Medicinas Inc","article_modified_time":"2022-03-22T00:46:32+00:00","og_image":[{"width":500,"height":500,"url":"https:\/\/medicinasinc.com\/fi\/wp-content\/uploads\/sites\/12\/2022\/02\/Buy-Gamma-Butyrolactone.jpg","type":"image\/jpeg"}],"twitter_card":"summary_large_image","twitter_misc":{"Est. reading time":"2 minutes"},"schema":{"@context":"https:\/\/schema.org","@graph":[{"@type":"WebPage","@id":"https:\/\/medicinasinc.com\/fi\/product\/osta-gamma-butyrolaktoni\/","url":"https:\/\/medicinasinc.com\/fi\/product\/osta-gamma-butyrolaktoni\/","name":"Osta gamma-butyrolaktoni - parhaat maailmanlaajuiset l\u00e4\u00e4kkeet","isPartOf":{"@id":"https:\/\/medicinasinc.com\/fi\/#website"},"primaryImageOfPage":{"@id":"https:\/\/medicinasinc.com\/fi\/product\/osta-gamma-butyrolaktoni\/#primaryimage"},"image":{"@id":"https:\/\/medicinasinc.com\/fi\/product\/osta-gamma-butyrolaktoni\/#primaryimage"},"thumbnailUrl":"https:\/\/medicinasinc.com\/fi\/wp-content\/uploads\/sites\/12\/2022\/02\/Buy-Gamma-Butyrolactone.jpg","datePublished":"2022-02-22T07:46:55+00:00","dateModified":"2022-03-22T00:46:32+00:00","description":"Voit ostaa Gamma-butyrolaktonia toimittajilta, joihin luotamme, ja teemme yhteisty\u00f6t\u00e4 n\u00e4iden toimittajien kanssa, jotta voimme ostaa Gamma-butyrolaktonia myyt\u00e4v\u00e4ksi Isossa-Britanniassa, Euroopassa.","breadcrumb":{"@id":"https:\/\/medicinasinc.com\/fi\/product\/osta-gamma-butyrolaktoni\/#breadcrumb"},"inLanguage":"en-US","potentialAction":[{"@type":"ReadAction","target":["https:\/\/medicinasinc.com\/fi\/product\/osta-gamma-butyrolaktoni\/"]}]},{"@type":"ImageObject","inLanguage":"en-US","@id":"https:\/\/medicinasinc.com\/fi\/product\/osta-gamma-butyrolaktoni\/#primaryimage","url":"https:\/\/medicinasinc.com\/fi\/wp-content\/uploads\/sites\/12\/2022\/02\/Buy-Gamma-Butyrolactone.jpg","contentUrl":"https:\/\/medicinasinc.com\/fi\/wp-content\/uploads\/sites\/12\/2022\/02\/Buy-Gamma-Butyrolactone.jpg","width":500,"height":500},{"@type":"BreadcrumbList","@id":"https:\/\/medicinasinc.com\/fi\/product\/osta-gamma-butyrolaktoni\/#breadcrumb","itemListElement":[{"@type":"ListItem","position":1,"name":"Myym\u00e4l\u00e4","item":"https:\/\/medicinasinc.com\/fi\/myymala\/"},{"@type":"ListItem","position":2,"name":"Osta Gamma-butyrolaktoni"}]},{"@type":"WebSite","@id":"https:\/\/medicinasinc.com\/fi\/#website","url":"https:\/\/medicinasinc.com\/fi\/","name":"Medicinas Inc","description":"Health Medical Clinic","potentialAction":[{"@type":"SearchAction","target":{"@type":"EntryPoint","urlTemplate":"https:\/\/medicinasinc.com\/fi\/?s={search_term_string}"},"query-input":{"@type":"PropertyValueSpecification","valueRequired":true,"valueName":"search_term_string"}}],"inLanguage":"en-US"}]}},"_links":{"self":[{"href":"https:\/\/medicinasinc.com\/fi\/wp-json\/wp\/v2\/product\/5875","targetHints":{"allow":["GET"]}}],"collection":[{"href":"https:\/\/medicinasinc.com\/fi\/wp-json\/wp\/v2\/product"}],"about":[{"href":"https:\/\/medicinasinc.com\/fi\/wp-json\/wp\/v2\/types\/product"}],"replies":[{"embeddable":true,"href":"https:\/\/medicinasinc.com\/fi\/wp-json\/wp\/v2\/comments?post=5875"}],"wp:featuredmedia":[{"embeddable":true,"href":"https:\/\/medicinasinc.com\/fi\/wp-json\/wp\/v2\/media\/5885"}],"wp:attachment":[{"href":"https:\/\/medicinasinc.com\/fi\/wp-json\/wp\/v2\/media?parent=5875"}],"wp:term":[{"taxonomy":"product_brand","embeddable":true,"href":"https:\/\/medicinasinc.com\/fi\/wp-json\/wp\/v2\/product_brand?post=5875"},{"taxonomy":"product_cat","embeddable":true,"href":"https:\/\/medicinasinc.com\/fi\/wp-json\/wp\/v2\/product_cat?post=5875"},{"taxonomy":"product_tag","embeddable":true,"href":"https:\/\/medicinasinc.com\/fi\/wp-json\/wp\/v2\/product_tag?post=5875"}],"curies":[{"name":"wp","href":"https:\/\/api.w.org\/{rel}","templated":true}]}}