{"id":5870,"date":"2022-02-22T07:42:43","date_gmt":"2022-02-22T07:42:43","guid":{"rendered":"https:\/\/medicinasinc.com\/fi\/?post_type=product&#038;p=5870"},"modified":"2022-03-22T00:46:50","modified_gmt":"2022-03-22T00:46:50","slug":"osta-3-cmc-kristalli","status":"publish","type":"product","link":"https:\/\/medicinasinc.com\/fi\/product\/osta-3-cmc-kristalli\/","title":{"rendered":"Osta 3-cmc kristalli"},"content":{"rendered":"<p>Osta 3-CMC CRYSTAL, osta 3 CMC CRYSTAL, osta 3 CMC CRYSTAL, osta 3-CMC CRYSTAL, osta 3-CMC CRYSTAL<\/p>\n<p>CRYSTAL OF 3-CMC, nyt on saatavilla niin monia katinoneita, kuten lanka osoittaa jossa k\u00e4ytt\u00e4j\u00e4t arvostelivat kokemuksiaan kaikesta, mit\u00e4 he ovat kokeilleet. T\u00e4ss\u00e4 on sijoitukseni kutakin niist\u00e4 syvemm\u00e4lle menem\u00e4tt\u00e4:<br \/> bk-MDMA (Methylone) &gt; bk-MBDB (butyloni) &gt; 4-MEC &gt; MABP (Buphedrone)<\/p>\n<p>Ainoat, joita voisin en\u00e4\u00e4 koskaan harkita omistavani, ovat surullisen kuuluisat mefedroni ja metyloni, jotka molemmat on ollut enemm\u00e4n tai v\u00e4hemm\u00e4n kiellettyj\u00e4 maailmanlaajuisesti viime vuosina.<\/p>\n<p>Hankin. t\u00e4m\u00e4 luokitus henkil\u00f6lt\u00e4, joka tuntee hyvin t\u00e4m\u00e4n luokan RC:t, mik\u00e4 oli mielest\u00e4ni kiehtovaa:<\/p>\n<p>CRYSTAL FORM OF 3-CMC, 4-MMC &gt; bk-MDMA &gt; 4-CMC &gt; 3-CMC &gt; 3-MMC &gt; 5-metyylietyloni &gt; Butyloni &gt; Ethylone<br \/> T\u00e4m\u00e4 &#8220;Clephedrone&#8221; (4-CMC), jolla ei ole ollut suurta vaikutusta RC-markkinoihin, n\u00e4ytt\u00e4\u00e4 olevan mukavaa tavaraa. Ja, AFAIK, ei ole erityisesti suunniteltu useimmissa paikoissa. Turvallisuusprofiili on kuitenkin enimm\u00e4kseen tuntematon, ja monet ovat peloissaan, koska amfetamiinianalogin, 4-CA:n, tiedet\u00e4\u00e4n olevan eritt\u00e4in hermotoksinen.<\/p>\n<p>Ainoat, joita voisin en\u00e4\u00e4 koskaan harkita omistavani, ovat surullisen kuuluisat Mephedrone ja Methylone, jotka molemmat on ollut enemm\u00e4n tai v\u00e4hemm\u00e4n kiellettyj\u00e4 maailmanlaajuisesti viime vuosina.<br \/> Sain t\u00e4m\u00e4n sijoituksen joltakulta, joka tuntee hyvin t\u00e4m\u00e4n luokan RC:t, mik\u00e4 oli mielest\u00e4ni kiehtovaa:<\/p>\n<p>3-CMC:N, 4-MMC:n KIDEMUOTO &gt; bk-MDMA &gt; 4-CMC &gt; 3-CMC &gt; 3-MMC &gt; 5-metyylietyloni &gt; Butyloni &gt; Ethylone<br \/> T\u00e4m\u00e4 &#8220;Clephedrone&#8221; (4-CMC), jolla ei ole ollut suurta vaikutusta RC-markkinoihin, n\u00e4ytt\u00e4\u00e4 olevan mukavaa tavaraa. Ja, AFAIK, ei ole erityisesti suunniteltu useimmissa paikoissa. Turvallisuusprofiili on kuitenkin useimmiten tuntematon, ja monet ovat peloissaan, koska amfetamiinianalogin 4-CA tiedet\u00e4\u00e4n olevan eritt\u00e4in hermotoksinen.<\/p>\n","protected":false},"excerpt":{"rendered":"<p>Osta 3-CMC CRYSTAL Powder myyt\u00e4v\u00e4n\u00e4 Isossa-Britanniassa, Euroopassa bestglobalmeds.com-verkkokaupastamme nopealla maailmanlaajuisella toimituksella! Paras 3-CMC CRYSTAL tilausta varten l\u00f6yd\u00e4t t\u00e4\u00e4lt\u00e4!<\/p>\n<p>bk-MDMA &gt; 4-CMC &gt; 3-CMC &gt; 3-MMC &gt; 5-metyylietyloni &gt; Butyloni &gt; Etyloni<br \/> Raporttien mukaan t\u00e4m\u00e4 &#8220;klefedroni&#8221; (4-CMC), joka ei ole saavuttanut suurta l\u00e4sn\u00e4oloa RC-markkinoilla, on itse asiassa melko hyv\u00e4. Ja, AFAIK, ei ole erityisesti suunniteltu useimmissa paikoissa. Vaikka turvallisuusprofiili on p\u00e4\u00e4osin tuntematon,<\/p>\n","protected":false},"featured_media":5880,"comment_status":"open","ping_status":"closed","template":"","meta":[],"product_brand":[],"product_cat":[2014],"product_tag":[4026,4030,4024,4025,4029,4028,4027],"class_list":{"0":"post-5870","1":"product","2":"type-product","3":"status-publish","4":"has-post-thumbnail","6":"product_cat-osta-tutkimus-kemikaaleja","7":"product_tag-miten-osta-3-cmc-crystal-verkosta","8":"product_tag-mist-ostaa-3-cmc-crystal-verkosta","9":"product_tag-3-cmc-kristalli-myynniss","10":"product_tag-osta-3-cmc-crystal-verkosta","11":"product_tag-paras-ostopaikka-3-cmc-crystal-online","12":"product_tag-purchase-3-cmc-crystal-online","13":"product_tag-tilaa-3-cmc-crystal-online","15":"first","16":"instock","17":"featured","18":"shipping-taxable","19":"purchasable","20":"product-type-variable"},"yoast_head":"<!-- This site is optimized with the Yoast SEO plugin v27.3 - https:\/\/yoast.com\/product\/yoast-seo-wordpress\/ -->\n<title>Osta 3 cmc:n kristalli - Beat Best Global Meds<\/title>\n<meta name=\"description\" content=\"Osta 3-CMC CRYSTAL Powder myyt\u00e4v\u00e4n\u00e4 Isossa-Britanniassa, Euroopassa bestglobalmeds.com-verkkokaupastamme nopealla maailmanlaajuisella toimituksella! Paras 3-CMC CRYSTAL tilausta varten l\u00f6yd\u00e4t t\u00e4\u00e4lt\u00e4!\" \/>\n<meta name=\"robots\" content=\"index, follow, max-snippet:-1, max-image-preview:large, max-video-preview:-1\" \/>\n<link rel=\"canonical\" href=\"https:\/\/medicinasinc.com\/fi\/product\/osta-3-cmc-kristalli\/\" \/>\n<meta property=\"og:locale\" content=\"en_US\" \/>\n<meta property=\"og:type\" content=\"article\" \/>\n<meta property=\"og:title\" content=\"Osta 3 cmc:n kristalli - Beat Best Global Meds\" \/>\n<meta property=\"og:description\" content=\"Osta 3-CMC CRYSTAL Powder myyt\u00e4v\u00e4n\u00e4 Isossa-Britanniassa, Euroopassa bestglobalmeds.com-verkkokaupastamme nopealla maailmanlaajuisella toimituksella! Paras 3-CMC CRYSTAL tilausta varten l\u00f6yd\u00e4t t\u00e4\u00e4lt\u00e4!\" \/>\n<meta property=\"og:url\" content=\"https:\/\/medicinasinc.com\/fi\/product\/osta-3-cmc-kristalli\/\" \/>\n<meta property=\"og:site_name\" content=\"Medicinas Inc\" \/>\n<meta property=\"article:modified_time\" content=\"2022-03-22T00:46:50+00:00\" \/>\n<meta property=\"og:image\" content=\"https:\/\/medicinasinc.com\/fi\/wp-content\/uploads\/sites\/12\/2022\/02\/Buy-3-CMC-CRYSTAL.jpg\" \/>\n\t<meta property=\"og:image:width\" content=\"720\" \/>\n\t<meta property=\"og:image:height\" content=\"600\" \/>\n\t<meta property=\"og:image:type\" content=\"image\/jpeg\" \/>\n<meta name=\"twitter:card\" content=\"summary_large_image\" \/>\n<meta name=\"twitter:label1\" content=\"Est. reading time\" \/>\n\t<meta name=\"twitter:data1\" content=\"2 minutes\" \/>\n<script type=\"application\/ld+json\" class=\"yoast-schema-graph\">{\"@context\":\"https:\\\/\\\/schema.org\",\"@graph\":[{\"@type\":\"WebPage\",\"@id\":\"https:\\\/\\\/medicinasinc.com\\\/fi\\\/product\\\/osta-3-cmc-kristalli\\\/\",\"url\":\"https:\\\/\\\/medicinasinc.com\\\/fi\\\/product\\\/osta-3-cmc-kristalli\\\/\",\"name\":\"Osta 3 cmc:n kristalli - Beat Best Global Meds\",\"isPartOf\":{\"@id\":\"https:\\\/\\\/medicinasinc.com\\\/fi\\\/#website\"},\"primaryImageOfPage\":{\"@id\":\"https:\\\/\\\/medicinasinc.com\\\/fi\\\/product\\\/osta-3-cmc-kristalli\\\/#primaryimage\"},\"image\":{\"@id\":\"https:\\\/\\\/medicinasinc.com\\\/fi\\\/product\\\/osta-3-cmc-kristalli\\\/#primaryimage\"},\"thumbnailUrl\":\"https:\\\/\\\/medicinasinc.com\\\/fi\\\/wp-content\\\/uploads\\\/sites\\\/12\\\/2022\\\/02\\\/Buy-3-CMC-CRYSTAL.jpg\",\"datePublished\":\"2022-02-22T07:42:43+00:00\",\"dateModified\":\"2022-03-22T00:46:50+00:00\",\"description\":\"Osta 3-CMC CRYSTAL Powder myyt\u00e4v\u00e4n\u00e4 Isossa-Britanniassa, Euroopassa bestglobalmeds.com-verkkokaupastamme nopealla maailmanlaajuisella toimituksella! Paras 3-CMC CRYSTAL tilausta varten l\u00f6yd\u00e4t t\u00e4\u00e4lt\u00e4!\",\"breadcrumb\":{\"@id\":\"https:\\\/\\\/medicinasinc.com\\\/fi\\\/product\\\/osta-3-cmc-kristalli\\\/#breadcrumb\"},\"inLanguage\":\"en-US\",\"potentialAction\":[{\"@type\":\"ReadAction\",\"target\":[\"https:\\\/\\\/medicinasinc.com\\\/fi\\\/product\\\/osta-3-cmc-kristalli\\\/\"]}]},{\"@type\":\"ImageObject\",\"inLanguage\":\"en-US\",\"@id\":\"https:\\\/\\\/medicinasinc.com\\\/fi\\\/product\\\/osta-3-cmc-kristalli\\\/#primaryimage\",\"url\":\"https:\\\/\\\/medicinasinc.com\\\/fi\\\/wp-content\\\/uploads\\\/sites\\\/12\\\/2022\\\/02\\\/Buy-3-CMC-CRYSTAL.jpg\",\"contentUrl\":\"https:\\\/\\\/medicinasinc.com\\\/fi\\\/wp-content\\\/uploads\\\/sites\\\/12\\\/2022\\\/02\\\/Buy-3-CMC-CRYSTAL.jpg\",\"width\":720,\"height\":600},{\"@type\":\"BreadcrumbList\",\"@id\":\"https:\\\/\\\/medicinasinc.com\\\/fi\\\/product\\\/osta-3-cmc-kristalli\\\/#breadcrumb\",\"itemListElement\":[{\"@type\":\"ListItem\",\"position\":1,\"name\":\"Myym\u00e4l\u00e4\",\"item\":\"https:\\\/\\\/medicinasinc.com\\\/fi\\\/myymala\\\/\"},{\"@type\":\"ListItem\",\"position\":2,\"name\":\"Osta 3-cmc kristalli\"}]},{\"@type\":\"WebSite\",\"@id\":\"https:\\\/\\\/medicinasinc.com\\\/fi\\\/#website\",\"url\":\"https:\\\/\\\/medicinasinc.com\\\/fi\\\/\",\"name\":\"Medicinas Inc\",\"description\":\"Health Medical Clinic\",\"potentialAction\":[{\"@type\":\"SearchAction\",\"target\":{\"@type\":\"EntryPoint\",\"urlTemplate\":\"https:\\\/\\\/medicinasinc.com\\\/fi\\\/?s={search_term_string}\"},\"query-input\":{\"@type\":\"PropertyValueSpecification\",\"valueRequired\":true,\"valueName\":\"search_term_string\"}}],\"inLanguage\":\"en-US\"}]}<\/script>\n<!-- \/ Yoast SEO plugin. -->","yoast_head_json":{"title":"Osta 3 cmc:n kristalli - Beat Best Global Meds","description":"Osta 3-CMC CRYSTAL Powder myyt\u00e4v\u00e4n\u00e4 Isossa-Britanniassa, Euroopassa bestglobalmeds.com-verkkokaupastamme nopealla maailmanlaajuisella toimituksella! Paras 3-CMC CRYSTAL tilausta varten l\u00f6yd\u00e4t t\u00e4\u00e4lt\u00e4!","robots":{"index":"index","follow":"follow","max-snippet":"max-snippet:-1","max-image-preview":"max-image-preview:large","max-video-preview":"max-video-preview:-1"},"canonical":"https:\/\/medicinasinc.com\/fi\/product\/osta-3-cmc-kristalli\/","og_locale":"en_US","og_type":"article","og_title":"Osta 3 cmc:n kristalli - Beat Best Global Meds","og_description":"Osta 3-CMC CRYSTAL Powder myyt\u00e4v\u00e4n\u00e4 Isossa-Britanniassa, Euroopassa bestglobalmeds.com-verkkokaupastamme nopealla maailmanlaajuisella toimituksella! Paras 3-CMC CRYSTAL tilausta varten l\u00f6yd\u00e4t t\u00e4\u00e4lt\u00e4!","og_url":"https:\/\/medicinasinc.com\/fi\/product\/osta-3-cmc-kristalli\/","og_site_name":"Medicinas Inc","article_modified_time":"2022-03-22T00:46:50+00:00","og_image":[{"width":720,"height":600,"url":"https:\/\/medicinasinc.com\/fi\/wp-content\/uploads\/sites\/12\/2022\/02\/Buy-3-CMC-CRYSTAL.jpg","type":"image\/jpeg"}],"twitter_card":"summary_large_image","twitter_misc":{"Est. reading time":"2 minutes"},"schema":{"@context":"https:\/\/schema.org","@graph":[{"@type":"WebPage","@id":"https:\/\/medicinasinc.com\/fi\/product\/osta-3-cmc-kristalli\/","url":"https:\/\/medicinasinc.com\/fi\/product\/osta-3-cmc-kristalli\/","name":"Osta 3 cmc:n kristalli - Beat Best Global Meds","isPartOf":{"@id":"https:\/\/medicinasinc.com\/fi\/#website"},"primaryImageOfPage":{"@id":"https:\/\/medicinasinc.com\/fi\/product\/osta-3-cmc-kristalli\/#primaryimage"},"image":{"@id":"https:\/\/medicinasinc.com\/fi\/product\/osta-3-cmc-kristalli\/#primaryimage"},"thumbnailUrl":"https:\/\/medicinasinc.com\/fi\/wp-content\/uploads\/sites\/12\/2022\/02\/Buy-3-CMC-CRYSTAL.jpg","datePublished":"2022-02-22T07:42:43+00:00","dateModified":"2022-03-22T00:46:50+00:00","description":"Osta 3-CMC CRYSTAL Powder myyt\u00e4v\u00e4n\u00e4 Isossa-Britanniassa, Euroopassa bestglobalmeds.com-verkkokaupastamme nopealla maailmanlaajuisella toimituksella! Paras 3-CMC CRYSTAL tilausta varten l\u00f6yd\u00e4t t\u00e4\u00e4lt\u00e4!","breadcrumb":{"@id":"https:\/\/medicinasinc.com\/fi\/product\/osta-3-cmc-kristalli\/#breadcrumb"},"inLanguage":"en-US","potentialAction":[{"@type":"ReadAction","target":["https:\/\/medicinasinc.com\/fi\/product\/osta-3-cmc-kristalli\/"]}]},{"@type":"ImageObject","inLanguage":"en-US","@id":"https:\/\/medicinasinc.com\/fi\/product\/osta-3-cmc-kristalli\/#primaryimage","url":"https:\/\/medicinasinc.com\/fi\/wp-content\/uploads\/sites\/12\/2022\/02\/Buy-3-CMC-CRYSTAL.jpg","contentUrl":"https:\/\/medicinasinc.com\/fi\/wp-content\/uploads\/sites\/12\/2022\/02\/Buy-3-CMC-CRYSTAL.jpg","width":720,"height":600},{"@type":"BreadcrumbList","@id":"https:\/\/medicinasinc.com\/fi\/product\/osta-3-cmc-kristalli\/#breadcrumb","itemListElement":[{"@type":"ListItem","position":1,"name":"Myym\u00e4l\u00e4","item":"https:\/\/medicinasinc.com\/fi\/myymala\/"},{"@type":"ListItem","position":2,"name":"Osta 3-cmc kristalli"}]},{"@type":"WebSite","@id":"https:\/\/medicinasinc.com\/fi\/#website","url":"https:\/\/medicinasinc.com\/fi\/","name":"Medicinas Inc","description":"Health Medical Clinic","potentialAction":[{"@type":"SearchAction","target":{"@type":"EntryPoint","urlTemplate":"https:\/\/medicinasinc.com\/fi\/?s={search_term_string}"},"query-input":{"@type":"PropertyValueSpecification","valueRequired":true,"valueName":"search_term_string"}}],"inLanguage":"en-US"}]}},"_links":{"self":[{"href":"https:\/\/medicinasinc.com\/fi\/wp-json\/wp\/v2\/product\/5870","targetHints":{"allow":["GET"]}}],"collection":[{"href":"https:\/\/medicinasinc.com\/fi\/wp-json\/wp\/v2\/product"}],"about":[{"href":"https:\/\/medicinasinc.com\/fi\/wp-json\/wp\/v2\/types\/product"}],"replies":[{"embeddable":true,"href":"https:\/\/medicinasinc.com\/fi\/wp-json\/wp\/v2\/comments?post=5870"}],"wp:featuredmedia":[{"embeddable":true,"href":"https:\/\/medicinasinc.com\/fi\/wp-json\/wp\/v2\/media\/5880"}],"wp:attachment":[{"href":"https:\/\/medicinasinc.com\/fi\/wp-json\/wp\/v2\/media?parent=5870"}],"wp:term":[{"taxonomy":"product_brand","embeddable":true,"href":"https:\/\/medicinasinc.com\/fi\/wp-json\/wp\/v2\/product_brand?post=5870"},{"taxonomy":"product_cat","embeddable":true,"href":"https:\/\/medicinasinc.com\/fi\/wp-json\/wp\/v2\/product_cat?post=5870"},{"taxonomy":"product_tag","embeddable":true,"href":"https:\/\/medicinasinc.com\/fi\/wp-json\/wp\/v2\/product_tag?post=5870"}],"curies":[{"name":"wp","href":"https:\/\/api.w.org\/{rel}","templated":true}]}}