{"id":5863,"date":"2022-02-22T07:36:01","date_gmt":"2022-02-22T07:36:01","guid":{"rendered":"https:\/\/medicinasinc.com\/fi\/?post_type=product&#038;p=5863"},"modified":"2022-03-22T00:47:00","modified_gmt":"2022-03-22T00:47:00","slug":"osta-gamma-hydroksibutyraatti-ghb-jauhe","status":"publish","type":"product","link":"https:\/\/medicinasinc.com\/fi\/product\/osta-gamma-hydroksibutyraatti-ghb-jauhe\/","title":{"rendered":"Osta gammahydroksibutyraatti (GHB) -jauhe"},"content":{"rendered":"<p>GHB-jauheen ostaminen verkossa<\/p>\n<p>Osta GHB-jauhetta verkosta. GHB on synteettinen anestesia. Sit\u00e4 on saatavana l\u00e4pin\u00e4kyv\u00e4n\u00e4 nesteen\u00e4 tai jauheena ja sill\u00e4 on liev\u00e4sti suolainen maku. Koska teho vaihtelee, ei ole olemassa sellaista asiaa kuin &#8220;turvallinen annos&#8221;. GBL (gamma-butyrolaktoni) ja 1,4-butaanidioli ovat kaupallisesti saatavilla GHB-vaihtoehtoina. N\u00e4it\u00e4 on laillisesti saatavilla puhdistusliuottimina, ja nieltyn\u00e4 ne muuttuvat luonnollisesti GHB:ksi.<\/p>\n<p>Gamma-butyrolaktonia k\u00e4ytet\u00e4\u00e4n parantamaan urheilullista suorituskyky\u00e4, unen laatua sek\u00e4 seksuaalista suorituskyky\u00e4 ja nautintoa. Lis\u00e4ksi he k\u00e4ytt\u00e4v\u00e4t sit\u00e4 masennuksen ja stressin hoitoon, i\u00e4n pident\u00e4miseen, selke\u00e4n ajattelun edist\u00e4miseen, rentoutumiseen ja kasvuhormonin vapauttamiseen. Lis\u00e4ksi GBL:\u00e4\u00e4 k\u00e4ytet\u00e4\u00e4n kehon rasvan v\u00e4hent\u00e4miseen ja kehon tai lihasten rakentamiseen. Tietyt henkil\u00f6t k\u00e4ytt\u00e4v\u00e4t sit\u00e4 virkistystarkoituksiin.<\/p>\n<p>GHB tai GBL Chemicals for Research<\/p>\n<p>(vaihtoehtoiset nimet: gammahydroksibutyraatti, nestem\u00e4inen ekstaasi, nestem\u00e4inen X, gammahydroksibutyraatti)<\/p>\n<p>Yleens\u00e4 GHB sit\u00e4 tarjotaan pieniss\u00e4 pulloissa kirkkaana nesteen\u00e4, jonka koostumus on hieman paksumpi kuin vesi.<br \/> Annokset annetaan pienin\u00e4 m\u00e4\u00e4rin\u00e4, joita kutsutaan &#8220;korkeiksi&#8221; tai &#8220;G-korkeiksi&#8221;.<br \/> Vaikka sit\u00e4 voidaan k\u00e4ytt\u00e4\u00e4 kokonaisena, se laimennetaan tyypillisesti veteen tai mehuun ja siemataan.<br \/> GHB:ll\u00e4 ei ole hajua eik\u00e4 havaittavaa makua.<br \/> GBL:ll\u00e4 on mieto suolainen, kemiallinen maku ja haju, joka on helposti peitett\u00e4viss\u00e4, kun se sekoitetaan muihin nesteisiin . GBL on tehokkaampi versio l\u00e4\u00e4kkeest\u00e4.<br \/> Rajoita itsesi eritt\u00e4in pieniin GHB-annoksiin. Se on melko tehokas, ja teho voi vaihdella merkitt\u00e4v\u00e4sti erien v\u00e4lill\u00e4, jopa kokeneiden k\u00e4ytt\u00e4jien keskuudessa. On suositeltavaa odottaa annosten v\u00e4lill\u00e4. Tietyt l\u00e4hteet suosittelevat kahden tunnin odottamista annosten v\u00e4lill\u00e4 Ging Outin v\u00e4ltt\u00e4miseksi.<\/p>\n<p>GHB:n vaikutukset<\/p>\n<p>Vaikutukset alkavat noin 20 minuuttia nauttimisen j\u00e4lkeen ja voivat kest\u00e4\u00e4 jopa nelj\u00e4 tuntia.<br \/> Pienemm\u00e4t, miedommat m\u00e4\u00e4r\u00e4t saavat aikaan rentoutumista ja rauhallisuutta.<br \/> Jos otat suurempia m\u00e4\u00e4ri\u00e4, sinulla voi esiinty\u00e4 uneliaisuutta, huimausta ja sekavuutta. Lis\u00e4ksi saatat kokea pahoinvointia, oksentelua ja lihaskouristuksia.<br \/> Voi aiheuttaa kouristuksia, tajunnanmenetyst\u00e4, koomaa ja hengitysvaikeuksia<br \/> Mahdollisuus lis\u00e4t\u00e4 lihasten kasvua kehonrakentajilla<\/p>\n<p>Seksi GHB:n kanssa<\/p>\n<p>Alkoholin tapaan se v\u00e4hent\u00e4\u00e4 estoja ja lis\u00e4\u00e4 samalla itseluottamusta ja sosiaalisuutta.<br \/> Lis\u00e4\u00e4ntynyt tuntoherkkyys ja herkkyys \u00e4rsykkeille<br \/> Joillakin miehill\u00e4 on voimakkaampi erektio.<br \/> Orgasmit, jotka ovat melko voimakasta, vaikka t\u00e4m\u00e4 on annoksesta riippuvaa<br \/> GHB:n liiallinen k\u00e4ytt\u00f6 saattaa aiheuttaa v\u00e4symyst\u00e4 ja py\u00f6rtymist\u00e4 seksin aikana.<br \/> GHB:t\u00e4 kutsutaan &#8220;treffiraiskausl\u00e4\u00e4kkeeksi&#8221;, koska se lis\u00e4\u00e4 halukkuuttasi seksiin toimintaa ja heikent\u00e4\u00e4 kyky\u00e4si luoda ja vahvistaa seksuaalisia rajoja. On erityisen t\u00e4rke\u00e4\u00e4 vahvistaa suostumus kumppanien kanssa, jotka ovat G-tilassa. S\u00e4ilyt\u00e4 yhteytt\u00e4 koko seksijakson ajan. Seksuaalinen kontakti tajuttoman henkil\u00f6n kanssa voidaan tulkita seksuaaliseksi v\u00e4kivallaksi.<\/p>\n","protected":false},"excerpt":{"rendered":"<p>Osta gamma-hydroksivoihappo-GHB-jauhetta myyt\u00e4v\u00e4ksi Isossa-Britanniassa, Euroopassa, Japanissa, Arabiemiirikunnissa, Kiinassa ja Aasiassa parhaalta GHB:n tukkumyyj\u00e4lt\u00e4. Takaamme huomaamattoman toimituksen maailmanlaajuisesti<\/p>\n","protected":false},"featured_media":5873,"comment_status":"open","ping_status":"closed","template":"","meta":[],"product_brand":[],"product_cat":[2014],"product_tag":[4015,4016,4020,4021,4018,4019,4022,4017,4014,4023],"class_list":{"0":"post-5863","1":"product","2":"type-product","3":"status-publish","4":"has-post-thumbnail","6":"product_cat-osta-tutkimus-kemikaaleja","7":"product_tag-buy-ghb","8":"product_tag-buy-ghb-online","9":"product_tag-gamma-hydroxybutyric-acid-bodybuilding","10":"product_tag-gamma-hydroxybutyric-acid-price","11":"product_tag-gamma-hydroksivoihappo-ja-kasvuhormoni","12":"product_tag-gamma-hydroksivoihappo-masennuslke","13":"product_tag-ghb-myynniss","14":"product_tag-huume","15":"product_tag-osta-gamma-hydroksibutyraatti-verkosta","16":"product_tag-osta-ghb-jauhe","18":"first","19":"instock","20":"shipping-taxable","21":"purchasable","22":"product-type-variable"},"yoast_head":"<!-- This site is optimized with the Yoast SEO plugin v27.3 - https:\/\/yoast.com\/product\/yoast-seo-wordpress\/ -->\n<title>Osta gammahydroksibutyraatti (GHB) -jauhetta \u2013 parhaat maailmanlaajuiset l\u00e4\u00e4kkeet<\/title>\n<meta name=\"description\" content=\"Osta Gamma-hydroksivoihappo-GHB-jauhetta myyt\u00e4v\u00e4ksi Isossa-Britanniassa, Euroopassa, Japanissa, Arabiemiirikunnissa, Kiinassa, Aasiassa parhaalta GHB:n tukkumyyj\u00e4lt\u00e4, takaamme huomaamattoman toimituksen maailmanlaajuisesti\" \/>\n<meta name=\"robots\" content=\"index, follow, max-snippet:-1, max-image-preview:large, max-video-preview:-1\" \/>\n<link rel=\"canonical\" href=\"https:\/\/medicinasinc.com\/fi\/product\/osta-gamma-hydroksibutyraatti-ghb-jauhe\/\" \/>\n<meta property=\"og:locale\" content=\"en_US\" \/>\n<meta property=\"og:type\" content=\"article\" \/>\n<meta property=\"og:title\" content=\"Osta gammahydroksibutyraatti (GHB) -jauhetta \u2013 parhaat maailmanlaajuiset l\u00e4\u00e4kkeet\" \/>\n<meta property=\"og:description\" content=\"Osta Gamma-hydroksivoihappo-GHB-jauhetta myyt\u00e4v\u00e4ksi Isossa-Britanniassa, Euroopassa, Japanissa, Arabiemiirikunnissa, Kiinassa, Aasiassa parhaalta GHB:n tukkumyyj\u00e4lt\u00e4, takaamme huomaamattoman toimituksen maailmanlaajuisesti\" \/>\n<meta property=\"og:url\" content=\"https:\/\/medicinasinc.com\/fi\/product\/osta-gamma-hydroksibutyraatti-ghb-jauhe\/\" \/>\n<meta property=\"og:site_name\" content=\"Medicinas Inc\" \/>\n<meta property=\"article:modified_time\" content=\"2022-03-22T00:47:00+00:00\" \/>\n<meta property=\"og:image\" content=\"https:\/\/medicinasinc.com\/fi\/wp-content\/uploads\/sites\/12\/2022\/02\/buy-GHB-powder-1.jpg\" \/>\n\t<meta property=\"og:image:width\" content=\"612\" \/>\n\t<meta property=\"og:image:height\" content=\"408\" \/>\n\t<meta property=\"og:image:type\" content=\"image\/jpeg\" \/>\n<meta name=\"twitter:card\" content=\"summary_large_image\" \/>\n<meta name=\"twitter:label1\" content=\"Est. reading time\" \/>\n\t<meta name=\"twitter:data1\" content=\"2 minutes\" \/>\n<script type=\"application\/ld+json\" class=\"yoast-schema-graph\">{\"@context\":\"https:\\\/\\\/schema.org\",\"@graph\":[{\"@type\":\"WebPage\",\"@id\":\"https:\\\/\\\/medicinasinc.com\\\/fi\\\/product\\\/osta-gamma-hydroksibutyraatti-ghb-jauhe\\\/\",\"url\":\"https:\\\/\\\/medicinasinc.com\\\/fi\\\/product\\\/osta-gamma-hydroksibutyraatti-ghb-jauhe\\\/\",\"name\":\"Osta gammahydroksibutyraatti (GHB) -jauhetta \u2013 parhaat maailmanlaajuiset l\u00e4\u00e4kkeet\",\"isPartOf\":{\"@id\":\"https:\\\/\\\/medicinasinc.com\\\/fi\\\/#website\"},\"primaryImageOfPage\":{\"@id\":\"https:\\\/\\\/medicinasinc.com\\\/fi\\\/product\\\/osta-gamma-hydroksibutyraatti-ghb-jauhe\\\/#primaryimage\"},\"image\":{\"@id\":\"https:\\\/\\\/medicinasinc.com\\\/fi\\\/product\\\/osta-gamma-hydroksibutyraatti-ghb-jauhe\\\/#primaryimage\"},\"thumbnailUrl\":\"https:\\\/\\\/medicinasinc.com\\\/fi\\\/wp-content\\\/uploads\\\/sites\\\/12\\\/2022\\\/02\\\/buy-GHB-powder-1.jpg\",\"datePublished\":\"2022-02-22T07:36:01+00:00\",\"dateModified\":\"2022-03-22T00:47:00+00:00\",\"description\":\"Osta Gamma-hydroksivoihappo-GHB-jauhetta myyt\u00e4v\u00e4ksi Isossa-Britanniassa, Euroopassa, Japanissa, Arabiemiirikunnissa, Kiinassa, Aasiassa parhaalta GHB:n tukkumyyj\u00e4lt\u00e4, takaamme huomaamattoman toimituksen maailmanlaajuisesti\",\"breadcrumb\":{\"@id\":\"https:\\\/\\\/medicinasinc.com\\\/fi\\\/product\\\/osta-gamma-hydroksibutyraatti-ghb-jauhe\\\/#breadcrumb\"},\"inLanguage\":\"en-US\",\"potentialAction\":[{\"@type\":\"ReadAction\",\"target\":[\"https:\\\/\\\/medicinasinc.com\\\/fi\\\/product\\\/osta-gamma-hydroksibutyraatti-ghb-jauhe\\\/\"]}]},{\"@type\":\"ImageObject\",\"inLanguage\":\"en-US\",\"@id\":\"https:\\\/\\\/medicinasinc.com\\\/fi\\\/product\\\/osta-gamma-hydroksibutyraatti-ghb-jauhe\\\/#primaryimage\",\"url\":\"https:\\\/\\\/medicinasinc.com\\\/fi\\\/wp-content\\\/uploads\\\/sites\\\/12\\\/2022\\\/02\\\/buy-GHB-powder-1.jpg\",\"contentUrl\":\"https:\\\/\\\/medicinasinc.com\\\/fi\\\/wp-content\\\/uploads\\\/sites\\\/12\\\/2022\\\/02\\\/buy-GHB-powder-1.jpg\",\"width\":612,\"height\":408},{\"@type\":\"BreadcrumbList\",\"@id\":\"https:\\\/\\\/medicinasinc.com\\\/fi\\\/product\\\/osta-gamma-hydroksibutyraatti-ghb-jauhe\\\/#breadcrumb\",\"itemListElement\":[{\"@type\":\"ListItem\",\"position\":1,\"name\":\"Myym\u00e4l\u00e4\",\"item\":\"https:\\\/\\\/medicinasinc.com\\\/fi\\\/myymala\\\/\"},{\"@type\":\"ListItem\",\"position\":2,\"name\":\"Osta gammahydroksibutyraatti (GHB) -jauhe\"}]},{\"@type\":\"WebSite\",\"@id\":\"https:\\\/\\\/medicinasinc.com\\\/fi\\\/#website\",\"url\":\"https:\\\/\\\/medicinasinc.com\\\/fi\\\/\",\"name\":\"Medicinas Inc\",\"description\":\"Health Medical Clinic\",\"potentialAction\":[{\"@type\":\"SearchAction\",\"target\":{\"@type\":\"EntryPoint\",\"urlTemplate\":\"https:\\\/\\\/medicinasinc.com\\\/fi\\\/?s={search_term_string}\"},\"query-input\":{\"@type\":\"PropertyValueSpecification\",\"valueRequired\":true,\"valueName\":\"search_term_string\"}}],\"inLanguage\":\"en-US\"}]}<\/script>\n<!-- \/ Yoast SEO plugin. -->","yoast_head_json":{"title":"Osta gammahydroksibutyraatti (GHB) -jauhetta \u2013 parhaat maailmanlaajuiset l\u00e4\u00e4kkeet","description":"Osta Gamma-hydroksivoihappo-GHB-jauhetta myyt\u00e4v\u00e4ksi Isossa-Britanniassa, Euroopassa, Japanissa, Arabiemiirikunnissa, Kiinassa, Aasiassa parhaalta GHB:n tukkumyyj\u00e4lt\u00e4, takaamme huomaamattoman toimituksen maailmanlaajuisesti","robots":{"index":"index","follow":"follow","max-snippet":"max-snippet:-1","max-image-preview":"max-image-preview:large","max-video-preview":"max-video-preview:-1"},"canonical":"https:\/\/medicinasinc.com\/fi\/product\/osta-gamma-hydroksibutyraatti-ghb-jauhe\/","og_locale":"en_US","og_type":"article","og_title":"Osta gammahydroksibutyraatti (GHB) -jauhetta \u2013 parhaat maailmanlaajuiset l\u00e4\u00e4kkeet","og_description":"Osta Gamma-hydroksivoihappo-GHB-jauhetta myyt\u00e4v\u00e4ksi Isossa-Britanniassa, Euroopassa, Japanissa, Arabiemiirikunnissa, Kiinassa, Aasiassa parhaalta GHB:n tukkumyyj\u00e4lt\u00e4, takaamme huomaamattoman toimituksen maailmanlaajuisesti","og_url":"https:\/\/medicinasinc.com\/fi\/product\/osta-gamma-hydroksibutyraatti-ghb-jauhe\/","og_site_name":"Medicinas Inc","article_modified_time":"2022-03-22T00:47:00+00:00","og_image":[{"width":612,"height":408,"url":"https:\/\/medicinasinc.com\/fi\/wp-content\/uploads\/sites\/12\/2022\/02\/buy-GHB-powder-1.jpg","type":"image\/jpeg"}],"twitter_card":"summary_large_image","twitter_misc":{"Est. reading time":"2 minutes"},"schema":{"@context":"https:\/\/schema.org","@graph":[{"@type":"WebPage","@id":"https:\/\/medicinasinc.com\/fi\/product\/osta-gamma-hydroksibutyraatti-ghb-jauhe\/","url":"https:\/\/medicinasinc.com\/fi\/product\/osta-gamma-hydroksibutyraatti-ghb-jauhe\/","name":"Osta gammahydroksibutyraatti (GHB) -jauhetta \u2013 parhaat maailmanlaajuiset l\u00e4\u00e4kkeet","isPartOf":{"@id":"https:\/\/medicinasinc.com\/fi\/#website"},"primaryImageOfPage":{"@id":"https:\/\/medicinasinc.com\/fi\/product\/osta-gamma-hydroksibutyraatti-ghb-jauhe\/#primaryimage"},"image":{"@id":"https:\/\/medicinasinc.com\/fi\/product\/osta-gamma-hydroksibutyraatti-ghb-jauhe\/#primaryimage"},"thumbnailUrl":"https:\/\/medicinasinc.com\/fi\/wp-content\/uploads\/sites\/12\/2022\/02\/buy-GHB-powder-1.jpg","datePublished":"2022-02-22T07:36:01+00:00","dateModified":"2022-03-22T00:47:00+00:00","description":"Osta Gamma-hydroksivoihappo-GHB-jauhetta myyt\u00e4v\u00e4ksi Isossa-Britanniassa, Euroopassa, Japanissa, Arabiemiirikunnissa, Kiinassa, Aasiassa parhaalta GHB:n tukkumyyj\u00e4lt\u00e4, takaamme huomaamattoman toimituksen maailmanlaajuisesti","breadcrumb":{"@id":"https:\/\/medicinasinc.com\/fi\/product\/osta-gamma-hydroksibutyraatti-ghb-jauhe\/#breadcrumb"},"inLanguage":"en-US","potentialAction":[{"@type":"ReadAction","target":["https:\/\/medicinasinc.com\/fi\/product\/osta-gamma-hydroksibutyraatti-ghb-jauhe\/"]}]},{"@type":"ImageObject","inLanguage":"en-US","@id":"https:\/\/medicinasinc.com\/fi\/product\/osta-gamma-hydroksibutyraatti-ghb-jauhe\/#primaryimage","url":"https:\/\/medicinasinc.com\/fi\/wp-content\/uploads\/sites\/12\/2022\/02\/buy-GHB-powder-1.jpg","contentUrl":"https:\/\/medicinasinc.com\/fi\/wp-content\/uploads\/sites\/12\/2022\/02\/buy-GHB-powder-1.jpg","width":612,"height":408},{"@type":"BreadcrumbList","@id":"https:\/\/medicinasinc.com\/fi\/product\/osta-gamma-hydroksibutyraatti-ghb-jauhe\/#breadcrumb","itemListElement":[{"@type":"ListItem","position":1,"name":"Myym\u00e4l\u00e4","item":"https:\/\/medicinasinc.com\/fi\/myymala\/"},{"@type":"ListItem","position":2,"name":"Osta gammahydroksibutyraatti (GHB) -jauhe"}]},{"@type":"WebSite","@id":"https:\/\/medicinasinc.com\/fi\/#website","url":"https:\/\/medicinasinc.com\/fi\/","name":"Medicinas Inc","description":"Health Medical Clinic","potentialAction":[{"@type":"SearchAction","target":{"@type":"EntryPoint","urlTemplate":"https:\/\/medicinasinc.com\/fi\/?s={search_term_string}"},"query-input":{"@type":"PropertyValueSpecification","valueRequired":true,"valueName":"search_term_string"}}],"inLanguage":"en-US"}]}},"_links":{"self":[{"href":"https:\/\/medicinasinc.com\/fi\/wp-json\/wp\/v2\/product\/5863","targetHints":{"allow":["GET"]}}],"collection":[{"href":"https:\/\/medicinasinc.com\/fi\/wp-json\/wp\/v2\/product"}],"about":[{"href":"https:\/\/medicinasinc.com\/fi\/wp-json\/wp\/v2\/types\/product"}],"replies":[{"embeddable":true,"href":"https:\/\/medicinasinc.com\/fi\/wp-json\/wp\/v2\/comments?post=5863"}],"wp:featuredmedia":[{"embeddable":true,"href":"https:\/\/medicinasinc.com\/fi\/wp-json\/wp\/v2\/media\/5873"}],"wp:attachment":[{"href":"https:\/\/medicinasinc.com\/fi\/wp-json\/wp\/v2\/media?parent=5863"}],"wp:term":[{"taxonomy":"product_brand","embeddable":true,"href":"https:\/\/medicinasinc.com\/fi\/wp-json\/wp\/v2\/product_brand?post=5863"},{"taxonomy":"product_cat","embeddable":true,"href":"https:\/\/medicinasinc.com\/fi\/wp-json\/wp\/v2\/product_cat?post=5863"},{"taxonomy":"product_tag","embeddable":true,"href":"https:\/\/medicinasinc.com\/fi\/wp-json\/wp\/v2\/product_tag?post=5863"}],"curies":[{"name":"wp","href":"https:\/\/api.w.org\/{rel}","templated":true}]}}