{"id":5858,"date":"2022-02-22T07:31:17","date_gmt":"2022-02-22T07:31:17","guid":{"rendered":"https:\/\/medicinasinc.com\/fi\/?post_type=product&#038;p=5858"},"modified":"2022-03-22T00:47:11","modified_gmt":"2022-03-22T00:47:11","slug":"osta-gamma-hydroksibutyraatti-ghb-neste","status":"publish","type":"product","link":"https:\/\/medicinasinc.com\/fi\/product\/osta-gamma-hydroksibutyraatti-ghb-neste\/","title":{"rendered":"Osta gammahydroksibutyraatti (GHB) -nestett\u00e4"},"content":{"rendered":"<p>Gamma-hydroksivoihappo GHB myyt\u00e4v\u00e4n\u00e4 Yhdistyneess\u00e4 kuningaskunnassa, Euroopassa, Japanissa, Yhdistyneiss\u00e4 arabiemiirikunnissa, Kiinassa ja Aasiassa GHB:n t\u00e4rkeimm\u00e4st\u00e4 tukkumyyj\u00e4st\u00e4. Lupaamme hienovaraisen kansainv\u00e4lisen toimituksen.<\/p>\n<p>-Hydroksivoihappo (GHB), joka tunnetaan my\u00f6s nimell\u00e4 4-hydroksibutaanihappo, on luonnossa esiintyv\u00e4 v\u00e4litt\u00e4j\u00e4aine ja hallusinogeeninen aine. Tietyiss\u00e4 aivojen paikoissa se toimii GABA:n, glutamaatin ja glysiinin esiasteena. Se on vaatimaton GABAB-reseptorin agonisti ja vaikuttaa GHB-reseptoriin. GHB:t\u00e4 on k\u00e4ytetty yleisanestesiana ja katapleksian, narkolepsian ja alkoholismin hoitona l\u00e4\u00e4ketieteellisess\u00e4 ymp\u00e4rist\u00f6ss\u00e4. Lis\u00e4ksi sit\u00e4 k\u00e4ytet\u00e4\u00e4n laittomasti p\u00e4ihteen\u00e4, suorituskyvyn parantajana, raiskausl\u00e4\u00e4kkeen\u00e4 ja virkistysaineena.<\/p>\n<p>Sit\u00e4 k\u00e4ytet\u00e4\u00e4n usein suolana natriumhydroksibutyraatin (NaGHB, natrium) muodossa. oksibaatti tai Xyrem) tai kaliumhydroksibutyraatti (KGHB, kaliumoksibaatti). GHB:t\u00e4 syntyy my\u00f6s k\u00e4ymisen aikana, ja sit\u00e4 l\u00f6ytyy pieni\u00e4 m\u00e4\u00e4ri\u00e4 erilaisissa oluissa ja viineiss\u00e4 sek\u00e4 naudanlihassa ja pieniss\u00e4 sitrushedelmiss\u00e4.<\/p>\n<p>GHB:t\u00e4 k\u00e4ytet\u00e4\u00e4n l\u00e4\u00e4ketieteellisesti narkolepsian ja harvemmin alkoholismin hoitoon, vaikka sen tehoa muihin alkoholismin l\u00e4\u00e4kehoitoihin verrattuna ei tunneta.<\/p>\n<p>Sit\u00e4 k\u00e4ytet\u00e4\u00e4n toisinaan fibromyalgian hoitoon.<\/p>\n<p>Natriumoksibaatti on reseptil\u00e4\u00e4ke, joka sis\u00e4lt\u00e4\u00e4 aktiivisena komponenttina GHB:t\u00e4. (Xyrem). Yhdysvaltain elintarvike- ja l\u00e4\u00e4kevirasto on hyv\u00e4ksynyt natriumoksibaatin narkolepsiaan liittyv\u00e4n katapleksian ja narkolepsiaan liittyv\u00e4n liiallisen p\u00e4iv\u00e4uneliaisuuden (EDS) hoitoon.<\/p>\n<p>Muokatuissa useissa unilatenssitesteiss\u00e4 GHB:n on todettu tehostavan luotettavasti unih\u00e4iri\u00f6it\u00e4. hidasta unta ja v\u00e4hent\u00e4\u00e4 taipumusta REM-uneen.<\/p>\n<p>FDA:n hyv\u00e4ksym\u00e4 natriumoksibaatin merkint\u00e4 osoittaa, ett\u00e4 ei ole n\u00e4ytt\u00f6\u00e4 siit\u00e4, ett\u00e4 GHB olisi karsinogeeninen, teratogeeninen tai maksatoksinen. Sen ylivoimainen turvallisuusprofiili etanoliin verrattuna saattaa selitt\u00e4\u00e4, miksi GHB:t\u00e4 tutkitaan edelleen] mahdollisena alkoholin korvikkeena.<\/p>\n","protected":false},"excerpt":{"rendered":"<p>Osta gamma-hydroksivoihappo-GHB-nestett\u00e4 myyt\u00e4v\u00e4ksi Isossa-Britanniassa, Euroopassa, Japanissa, Arabiemiirikunnissa, Kiinassa ja Aasiassa parhalta GHB:n tukkumyyj\u00e4lt\u00e4, takaamme huomaamattoman toimituksen maailmanlaajuisesti<\/p>\n<p>Minimim\u00e4\u00e4r\u00e4\u00a0 200 ml<\/p>\n","protected":false},"featured_media":5868,"comment_status":"open","ping_status":"closed","template":"","meta":[],"product_brand":[],"product_cat":[2014],"product_tag":[4015,4016,4020,4021,4018,4019,4022,4017,4014],"class_list":{"0":"post-5858","1":"product","2":"type-product","3":"status-publish","4":"has-post-thumbnail","6":"product_cat-osta-tutkimus-kemikaaleja","7":"product_tag-buy-ghb","8":"product_tag-buy-ghb-online","9":"product_tag-gamma-hydroxybutyric-acid-bodybuilding","10":"product_tag-gamma-hydroxybutyric-acid-price","11":"product_tag-gamma-hydroksivoihappo-ja-kasvuhormoni","12":"product_tag-gamma-hydroksivoihappo-masennuslke","13":"product_tag-ghb-myynniss","14":"product_tag-huume","15":"product_tag-osta-gamma-hydroksibutyraatti-verkosta","17":"first","18":"instock","19":"shipping-taxable","20":"purchasable","21":"product-type-variable"},"yoast_head":"<!-- This site is optimized with the Yoast SEO plugin v27.3 - https:\/\/yoast.com\/product\/yoast-seo-wordpress\/ -->\n<title>Osta gammahydroksibutyraattia (GHB) \u2013 parhaat maailmanlaajuiset l\u00e4\u00e4kkeet<\/title>\n<meta name=\"description\" content=\"Osta Gamma-Hydroxybutyric GHB Liquid myyt\u00e4v\u00e4ksi Isossa-Britanniassa, Euroopassa, Japanissa, Arabiemiirikunnissa, Kiinassa, Aasiassa parhaalta GHB:n tukkumyyj\u00e4lt\u00e4, takaamme huomaamattoman toimituksen maailmanlaajuisesti\" \/>\n<meta name=\"robots\" content=\"index, follow, max-snippet:-1, max-image-preview:large, max-video-preview:-1\" \/>\n<link rel=\"canonical\" href=\"https:\/\/medicinasinc.com\/fi\/product\/osta-gamma-hydroksibutyraatti-ghb-neste\/\" \/>\n<meta property=\"og:locale\" content=\"en_US\" \/>\n<meta property=\"og:type\" content=\"article\" \/>\n<meta property=\"og:title\" content=\"Osta gammahydroksibutyraattia (GHB) \u2013 parhaat maailmanlaajuiset l\u00e4\u00e4kkeet\" \/>\n<meta property=\"og:description\" content=\"Osta Gamma-Hydroxybutyric GHB Liquid myyt\u00e4v\u00e4ksi Isossa-Britanniassa, Euroopassa, Japanissa, Arabiemiirikunnissa, Kiinassa, Aasiassa parhaalta GHB:n tukkumyyj\u00e4lt\u00e4, takaamme huomaamattoman toimituksen maailmanlaajuisesti\" \/>\n<meta property=\"og:url\" content=\"https:\/\/medicinasinc.com\/fi\/product\/osta-gamma-hydroksibutyraatti-ghb-neste\/\" \/>\n<meta property=\"og:site_name\" content=\"Medicinas Inc\" \/>\n<meta property=\"article:modified_time\" content=\"2022-03-22T00:47:11+00:00\" \/>\n<meta property=\"og:image\" content=\"https:\/\/medicinasinc.com\/fi\/wp-content\/uploads\/sites\/12\/2022\/02\/Buy-gamma-hydroxybutyrate.jpg\" \/>\n\t<meta property=\"og:image:width\" content=\"600\" \/>\n\t<meta property=\"og:image:height\" content=\"450\" \/>\n\t<meta property=\"og:image:type\" content=\"image\/jpeg\" \/>\n<meta name=\"twitter:card\" content=\"summary_large_image\" \/>\n<meta name=\"twitter:label1\" content=\"Est. reading time\" \/>\n\t<meta name=\"twitter:data1\" content=\"2 minutes\" \/>\n<script type=\"application\/ld+json\" class=\"yoast-schema-graph\">{\"@context\":\"https:\\\/\\\/schema.org\",\"@graph\":[{\"@type\":\"WebPage\",\"@id\":\"https:\\\/\\\/medicinasinc.com\\\/fi\\\/product\\\/osta-gamma-hydroksibutyraatti-ghb-neste\\\/\",\"url\":\"https:\\\/\\\/medicinasinc.com\\\/fi\\\/product\\\/osta-gamma-hydroksibutyraatti-ghb-neste\\\/\",\"name\":\"Osta gammahydroksibutyraattia (GHB) \u2013 parhaat maailmanlaajuiset l\u00e4\u00e4kkeet\",\"isPartOf\":{\"@id\":\"https:\\\/\\\/medicinasinc.com\\\/fi\\\/#website\"},\"primaryImageOfPage\":{\"@id\":\"https:\\\/\\\/medicinasinc.com\\\/fi\\\/product\\\/osta-gamma-hydroksibutyraatti-ghb-neste\\\/#primaryimage\"},\"image\":{\"@id\":\"https:\\\/\\\/medicinasinc.com\\\/fi\\\/product\\\/osta-gamma-hydroksibutyraatti-ghb-neste\\\/#primaryimage\"},\"thumbnailUrl\":\"https:\\\/\\\/medicinasinc.com\\\/fi\\\/wp-content\\\/uploads\\\/sites\\\/12\\\/2022\\\/02\\\/Buy-gamma-hydroxybutyrate.jpg\",\"datePublished\":\"2022-02-22T07:31:17+00:00\",\"dateModified\":\"2022-03-22T00:47:11+00:00\",\"description\":\"Osta Gamma-Hydroxybutyric GHB Liquid myyt\u00e4v\u00e4ksi Isossa-Britanniassa, Euroopassa, Japanissa, Arabiemiirikunnissa, Kiinassa, Aasiassa parhaalta GHB:n tukkumyyj\u00e4lt\u00e4, takaamme huomaamattoman toimituksen maailmanlaajuisesti\",\"breadcrumb\":{\"@id\":\"https:\\\/\\\/medicinasinc.com\\\/fi\\\/product\\\/osta-gamma-hydroksibutyraatti-ghb-neste\\\/#breadcrumb\"},\"inLanguage\":\"en-US\",\"potentialAction\":[{\"@type\":\"ReadAction\",\"target\":[\"https:\\\/\\\/medicinasinc.com\\\/fi\\\/product\\\/osta-gamma-hydroksibutyraatti-ghb-neste\\\/\"]}]},{\"@type\":\"ImageObject\",\"inLanguage\":\"en-US\",\"@id\":\"https:\\\/\\\/medicinasinc.com\\\/fi\\\/product\\\/osta-gamma-hydroksibutyraatti-ghb-neste\\\/#primaryimage\",\"url\":\"https:\\\/\\\/medicinasinc.com\\\/fi\\\/wp-content\\\/uploads\\\/sites\\\/12\\\/2022\\\/02\\\/Buy-gamma-hydroxybutyrate.jpg\",\"contentUrl\":\"https:\\\/\\\/medicinasinc.com\\\/fi\\\/wp-content\\\/uploads\\\/sites\\\/12\\\/2022\\\/02\\\/Buy-gamma-hydroxybutyrate.jpg\",\"width\":600,\"height\":450},{\"@type\":\"BreadcrumbList\",\"@id\":\"https:\\\/\\\/medicinasinc.com\\\/fi\\\/product\\\/osta-gamma-hydroksibutyraatti-ghb-neste\\\/#breadcrumb\",\"itemListElement\":[{\"@type\":\"ListItem\",\"position\":1,\"name\":\"Myym\u00e4l\u00e4\",\"item\":\"https:\\\/\\\/medicinasinc.com\\\/fi\\\/myymala\\\/\"},{\"@type\":\"ListItem\",\"position\":2,\"name\":\"Osta gammahydroksibutyraatti (GHB) -nestett\u00e4\"}]},{\"@type\":\"WebSite\",\"@id\":\"https:\\\/\\\/medicinasinc.com\\\/fi\\\/#website\",\"url\":\"https:\\\/\\\/medicinasinc.com\\\/fi\\\/\",\"name\":\"Medicinas Inc\",\"description\":\"Health Medical Clinic\",\"potentialAction\":[{\"@type\":\"SearchAction\",\"target\":{\"@type\":\"EntryPoint\",\"urlTemplate\":\"https:\\\/\\\/medicinasinc.com\\\/fi\\\/?s={search_term_string}\"},\"query-input\":{\"@type\":\"PropertyValueSpecification\",\"valueRequired\":true,\"valueName\":\"search_term_string\"}}],\"inLanguage\":\"en-US\"}]}<\/script>\n<!-- \/ Yoast SEO plugin. -->","yoast_head_json":{"title":"Osta gammahydroksibutyraattia (GHB) \u2013 parhaat maailmanlaajuiset l\u00e4\u00e4kkeet","description":"Osta Gamma-Hydroxybutyric GHB Liquid myyt\u00e4v\u00e4ksi Isossa-Britanniassa, Euroopassa, Japanissa, Arabiemiirikunnissa, Kiinassa, Aasiassa parhaalta GHB:n tukkumyyj\u00e4lt\u00e4, takaamme huomaamattoman toimituksen maailmanlaajuisesti","robots":{"index":"index","follow":"follow","max-snippet":"max-snippet:-1","max-image-preview":"max-image-preview:large","max-video-preview":"max-video-preview:-1"},"canonical":"https:\/\/medicinasinc.com\/fi\/product\/osta-gamma-hydroksibutyraatti-ghb-neste\/","og_locale":"en_US","og_type":"article","og_title":"Osta gammahydroksibutyraattia (GHB) \u2013 parhaat maailmanlaajuiset l\u00e4\u00e4kkeet","og_description":"Osta Gamma-Hydroxybutyric GHB Liquid myyt\u00e4v\u00e4ksi Isossa-Britanniassa, Euroopassa, Japanissa, Arabiemiirikunnissa, Kiinassa, Aasiassa parhaalta GHB:n tukkumyyj\u00e4lt\u00e4, takaamme huomaamattoman toimituksen maailmanlaajuisesti","og_url":"https:\/\/medicinasinc.com\/fi\/product\/osta-gamma-hydroksibutyraatti-ghb-neste\/","og_site_name":"Medicinas Inc","article_modified_time":"2022-03-22T00:47:11+00:00","og_image":[{"width":600,"height":450,"url":"https:\/\/medicinasinc.com\/fi\/wp-content\/uploads\/sites\/12\/2022\/02\/Buy-gamma-hydroxybutyrate.jpg","type":"image\/jpeg"}],"twitter_card":"summary_large_image","twitter_misc":{"Est. reading time":"2 minutes"},"schema":{"@context":"https:\/\/schema.org","@graph":[{"@type":"WebPage","@id":"https:\/\/medicinasinc.com\/fi\/product\/osta-gamma-hydroksibutyraatti-ghb-neste\/","url":"https:\/\/medicinasinc.com\/fi\/product\/osta-gamma-hydroksibutyraatti-ghb-neste\/","name":"Osta gammahydroksibutyraattia (GHB) \u2013 parhaat maailmanlaajuiset l\u00e4\u00e4kkeet","isPartOf":{"@id":"https:\/\/medicinasinc.com\/fi\/#website"},"primaryImageOfPage":{"@id":"https:\/\/medicinasinc.com\/fi\/product\/osta-gamma-hydroksibutyraatti-ghb-neste\/#primaryimage"},"image":{"@id":"https:\/\/medicinasinc.com\/fi\/product\/osta-gamma-hydroksibutyraatti-ghb-neste\/#primaryimage"},"thumbnailUrl":"https:\/\/medicinasinc.com\/fi\/wp-content\/uploads\/sites\/12\/2022\/02\/Buy-gamma-hydroxybutyrate.jpg","datePublished":"2022-02-22T07:31:17+00:00","dateModified":"2022-03-22T00:47:11+00:00","description":"Osta Gamma-Hydroxybutyric GHB Liquid myyt\u00e4v\u00e4ksi Isossa-Britanniassa, Euroopassa, Japanissa, Arabiemiirikunnissa, Kiinassa, Aasiassa parhaalta GHB:n tukkumyyj\u00e4lt\u00e4, takaamme huomaamattoman toimituksen maailmanlaajuisesti","breadcrumb":{"@id":"https:\/\/medicinasinc.com\/fi\/product\/osta-gamma-hydroksibutyraatti-ghb-neste\/#breadcrumb"},"inLanguage":"en-US","potentialAction":[{"@type":"ReadAction","target":["https:\/\/medicinasinc.com\/fi\/product\/osta-gamma-hydroksibutyraatti-ghb-neste\/"]}]},{"@type":"ImageObject","inLanguage":"en-US","@id":"https:\/\/medicinasinc.com\/fi\/product\/osta-gamma-hydroksibutyraatti-ghb-neste\/#primaryimage","url":"https:\/\/medicinasinc.com\/fi\/wp-content\/uploads\/sites\/12\/2022\/02\/Buy-gamma-hydroxybutyrate.jpg","contentUrl":"https:\/\/medicinasinc.com\/fi\/wp-content\/uploads\/sites\/12\/2022\/02\/Buy-gamma-hydroxybutyrate.jpg","width":600,"height":450},{"@type":"BreadcrumbList","@id":"https:\/\/medicinasinc.com\/fi\/product\/osta-gamma-hydroksibutyraatti-ghb-neste\/#breadcrumb","itemListElement":[{"@type":"ListItem","position":1,"name":"Myym\u00e4l\u00e4","item":"https:\/\/medicinasinc.com\/fi\/myymala\/"},{"@type":"ListItem","position":2,"name":"Osta gammahydroksibutyraatti (GHB) -nestett\u00e4"}]},{"@type":"WebSite","@id":"https:\/\/medicinasinc.com\/fi\/#website","url":"https:\/\/medicinasinc.com\/fi\/","name":"Medicinas Inc","description":"Health Medical Clinic","potentialAction":[{"@type":"SearchAction","target":{"@type":"EntryPoint","urlTemplate":"https:\/\/medicinasinc.com\/fi\/?s={search_term_string}"},"query-input":{"@type":"PropertyValueSpecification","valueRequired":true,"valueName":"search_term_string"}}],"inLanguage":"en-US"}]}},"_links":{"self":[{"href":"https:\/\/medicinasinc.com\/fi\/wp-json\/wp\/v2\/product\/5858","targetHints":{"allow":["GET"]}}],"collection":[{"href":"https:\/\/medicinasinc.com\/fi\/wp-json\/wp\/v2\/product"}],"about":[{"href":"https:\/\/medicinasinc.com\/fi\/wp-json\/wp\/v2\/types\/product"}],"replies":[{"embeddable":true,"href":"https:\/\/medicinasinc.com\/fi\/wp-json\/wp\/v2\/comments?post=5858"}],"wp:featuredmedia":[{"embeddable":true,"href":"https:\/\/medicinasinc.com\/fi\/wp-json\/wp\/v2\/media\/5868"}],"wp:attachment":[{"href":"https:\/\/medicinasinc.com\/fi\/wp-json\/wp\/v2\/media?parent=5858"}],"wp:term":[{"taxonomy":"product_brand","embeddable":true,"href":"https:\/\/medicinasinc.com\/fi\/wp-json\/wp\/v2\/product_brand?post=5858"},{"taxonomy":"product_cat","embeddable":true,"href":"https:\/\/medicinasinc.com\/fi\/wp-json\/wp\/v2\/product_cat?post=5858"},{"taxonomy":"product_tag","embeddable":true,"href":"https:\/\/medicinasinc.com\/fi\/wp-json\/wp\/v2\/product_tag?post=5858"}],"curies":[{"name":"wp","href":"https:\/\/api.w.org\/{rel}","templated":true}]}}