{"id":5852,"date":"2022-02-22T07:25:44","date_gmt":"2022-02-22T07:25:44","guid":{"rendered":"https:\/\/medicinasinc.com\/fi\/?post_type=product&#038;p=5852"},"modified":"2022-03-22T00:47:22","modified_gmt":"2022-03-22T00:47:22","slug":"osta-amfetamiini-jauhe","status":"publish","type":"product","link":"https:\/\/medicinasinc.com\/fi\/product\/osta-amfetamiini-jauhe\/","title":{"rendered":"Osta amfetamiinijauhe"},"content":{"rendered":"<p>Amfetamiinijauhetta voi ostaa verkosta.<\/p>\n<p>Amfetamiinijauhe verkossa Isossa-Britanniassa, Euroopassa ja Euroopan unionissa, Amfetamiinijauheen postimyynti, Amfetamiinit ovat pirist\u00e4vi\u00e4 l\u00e4\u00e4kkeit\u00e4, mik\u00e4 tarkoittaa, ett\u00e4 ne nopeuttavat viestien v\u00e4lityst\u00e4 aivojen ja kehon v\u00e4lill\u00e4.<\/p>\n<p>Amfetamiinit ovat pirist\u00e4vi\u00e4 l\u00e4\u00e4kkeit\u00e4, jotka nopeuttavat tiedonsiirtoa aivojen ja kehon v\u00e4lill\u00e4.<\/p>\n<p>Saatat my\u00f6s olla kiinnostunut oppimaan lis\u00e4\u00e4 vaikutuksista. ja amfetamiinijauheeseen liittyv\u00e4t terveysriskit. Se voi ilmet\u00e4 samalla tavalla kuin monet muut l\u00e4\u00e4kkeet.<\/p>\n<p>L\u00e4\u00e4k\u00e4rit suosittelevat tiettyj\u00e4 amfetamiiniluokkia sairauksien, kuten tarkkaavaisuush\u00e4iri\u00f6n (ADHD) ja narkolepsian (jos henkil\u00f6 h\u00e4nell\u00e4 on hallitsematon halu nukkua). Muita amfetamiinityyppej\u00e4, kuten nopeutta, valmistetaan ja myyd\u00e4\u00e4n laittomasti. Erillinen tietolehti on omistettu metamfetamiinin tehokkaammalle muodolle, kiteiselle metamfetamiinille (j\u00e4\u00e4).<\/p>\n<p>Amfetamiineja on useissa muodoissa. N\u00e4it\u00e4 l\u00e4\u00e4kkeit\u00e4 on saatavana jauheena, tablettina, kiden\u00e4 ja kapselina. Kun ne myyd\u00e4\u00e4n laittomasti, ne voidaan pakata &#8220;folioihin&#8221; (alumiinifolioon), muovipusseihin tai miniatyyriin ilmapalloihin.<\/p>\n<p>Amfetamiinijauheen v\u00e4ri vaihtelee valkoisesta ruskeaan ja sis\u00e4lt\u00e4\u00e4 toisinaan harmaita tai vaaleanpunaisia \u200b\u200b\u200b\u200bj\u00e4\u00e4mi\u00e4. Siin\u00e4 on pist\u00e4v\u00e4 tuoksu ja kitker\u00e4 maku. Amfetamiinia sis\u00e4lt\u00e4v\u00e4t kapselit ja tabletit vaihtelevat huomattavasti kooltaan ja v\u00e4rilt\u00e4\u00e4n.<\/p>\n<p>Amfetamiini \u2013 Laittomasti valmistetut amfetamiinit voivat sis\u00e4lt\u00e4\u00e4 yhdistelm\u00e4n huumeita, sideaineita, kofeiinia ja sokeria. Lis\u00e4ksi uusia psykoaktiivisia l\u00e4\u00e4kkeit\u00e4 voidaan lis\u00e4t\u00e4.<\/p>\n<p>Slangitermit<\/p>\n<p>Speed, rapid, nouseva, p\u00e4\u00e4lliset, louee, goey ja whis.<\/p>\n<p>Mik\u00e4 tarkoitus on tehd\u00e4. ne palvelevat?<\/p>\n<p>Yleens\u00e4 amfetamiinia nautitaan, ruiskutetaan tai poltetaan. Lis\u00e4ksi niit\u00e4 kuorsataan.<\/p>\n<p>Amfetamiinien vaikutukset<\/p>\n<p>Amfetamiinilla on vaihteleva vaikutus jokaiseen yksil\u00f6\u00f6n riippuen:<\/p>\n<p>Kehon massaindeksist\u00e4, painosta ja terveydest\u00e4 <br \/> Onko henkil\u00f6 tottunut ottamaan sit\u00e4<br \/> otetaanko samanaikaisesti muita l\u00e4\u00e4kkeit\u00e4<br \/> Poistettu summa<br \/> L\u00e4\u00e4kkeen teho (vaihtelee laittomasti tuotettujen l\u00e4\u00e4kkeiden eriss\u00e4)<\/p>\n<p>Amfetamiinit saavat vaikutuksensa v\u00e4litt\u00f6m\u00e4sti (ruiskutettuna tai poltettuna) tai 30 minuutin sis\u00e4ll\u00e4 (jos ne on kuorsattu tai nielty).<\/p>\n<p>Seuraavia vaikutuksia voi esiinty\u00e4:<\/p>\n<p>Onnellisuus ja oma itsetunto -varmuutta<br \/> Puhua enemm\u00e4n ja tuntea enemm\u00e4n energisyytt\u00e4<br \/> Yksinkertaisten toimintojen, kuten kutina ja naarmuuntumista, toistaminen<br \/> Pupillit ovat suuret ja suun kuivuminen<br \/> Nopea syke ja hengitys<br \/> Hampaiden narskuttelu <br \/> Ruokahalun heikentyminen<br \/> Liiallinen hikoilu<br \/> Lis\u00e4\u00e4ntynyt seksuaalinen kiihottuminen<br \/> Yliannostus<\/p>\n<p>Jos nautitaan huomattava m\u00e4\u00e4r\u00e4 tai erityisen voimakas er\u00e4, se voi johtaa my\u00f6s yliannostukseen. Jos jokin seuraavista oireista ilmenee, ambulanssi tulee kutsua v\u00e4litt\u00f6m\u00e4sti soittamalla kolminkertainen nolla (000). Ambulanssien ei tarvitse neuvotella poliisin kanssa.<\/p>\n<p>Sopii kiihtyv\u00e4\u00e4n syd\u00e4menly\u00f6ntiin.<br \/> Aivohalvaus, syd\u00e4nkohtaus ja kuolema<\/p>\n<p>Amfetamiinin kuorsautuminen saattaa \u00e4rsytt\u00e4\u00e4 nen\u00e4k\u00e4yt\u00e4vi\u00e4 ja johtaa nen\u00e4verenvuoto.<\/p>\n<p>Amfetamiinien pist\u00e4minen ja neulojen jakaminen voi lis\u00e4t\u00e4 riski\u00e4si saada seuraavat:<\/p>\n<p>virushepatiitti B<br \/> HIV\/AIDS C-hepatiitti<br \/> tetanus<br \/> Laskeva<\/p>\n<p>Amfetamiinin k\u00e4yt\u00f6n j\u00e4lkeen voi ilmet\u00e4 seuraavia vaikutuksia:<\/p>\n<p>Unettomuus ja uupumus<br \/> P\u00e4\u00e4ns\u00e4rky<br \/> Suuntah\u00e4iri\u00f6 ja n\u00e4\u00f6n h\u00e4m\u00e4rtyminen<br \/> Sekavuus, vainoharhaisuus, ja hallusinaatiot<br \/> \u00c4rtyneisyys, mielialan vaihtelut ja masennus ovat kaikki masennuksen oireita.<\/p>\n<p>Masentavien l\u00e4\u00e4kkeiden, kuten alkoholin, bentsodiatsepiinien tai kannabiksen, k\u00e4ytt\u00f6 &#8220;alastulon&#8221; auttamiseksi voi huipentua riippuvuuden kierre molemmista ainetyypeist\u00e4.<\/p>\n<p>Pitk\u00e4aikaiset seuraukset<\/p>\n<p>S\u00e4\u00e4nn\u00f6llinen amfetamiinien k\u00e4ytt\u00f6 voi lopulta johtaa seuraaviin:<\/p>\n<p>N\u00e4hdyshaluttomuus ja nopea painonpudotus<br \/> Unettomuus<br \/> Hammasongelmat ja suun kuivuminen<br \/> Vilustuminen ja influenssa ovat yleisi\u00e4.<br \/> Keskittymisvaikeudet<br \/> Hengitysvaikeudet<br \/> Lihasten j\u00e4ykkyys<br \/> Paniikkikohtaukset ja vainoharhaisuus<br \/> Masennus<br \/> Syd\u00e4n- ja munuaisongelmat<br \/> Aivohalvausriski kasvaa<br \/> Halutun vaikutuksen saavuttamiseksi tarvitaan enemm\u00e4n k\u00e4ytt\u00f6\u00e4<br \/> Amfetamiiniriippuvuus<br \/> Taloudelliset, ammatilliset ja sosiaaliset vaikeudet<br \/> Psykoosi amfetamiinien aiheuttama<\/p>\n<p>Lis\u00e4ksi suuret annokset ja toistuva runsas k\u00e4ytt\u00f6 voivat johtaa &#8220;amfetamiinipsykoosiin&#8221;, jolle on ominaista vainoharhaisuus, hallusinaatiot ja luonteeltaan aggressiivinen tai v\u00e4kivaltainen k\u00e4ytt\u00e4ytyminen. N\u00e4m\u00e4 oireet h\u00e4vi\u00e4v\u00e4t usein muutaman p\u00e4iv\u00e4n kuluessa siit\u00e4, kun henkil\u00f6 lopettaa amfetamiinien k\u00e4yt\u00f6n.<\/p>\n<p>Amfetamiinit yhdess\u00e4 muiden l\u00e4\u00e4kkeiden kanssa<\/p>\n<p>Amfetamiinien ja muiden aineiden v\u00e4liset yhteisvaikutukset, kuten reseptil\u00e4\u00e4kkeet, voivat olla arvaamattomia ja tappavia, ja ne voivat johtaa seuraaviin:<\/p>\n<p>Amfetamiinit ja tietyt masennusl\u00e4\u00e4kkeet aiheuttavat kohonnutta verenpainetta, joka voi johtaa ep\u00e4s\u00e4\u00e4nn\u00f6lliseen pulssiin, syd\u00e4men vajaatoimintaan ja aivohalvaukseen.<\/p>\n<p>4<\/p>\n<p>Amfetamiinit, joita k\u00e4ytet\u00e4\u00e4n alkoholin, kannabiksen tai bentsodiatsepiinien kanssa, aiheuttavat keholle \u00e4\u00e4rimm\u00e4ist\u00e4 stressi\u00e4, kun se yritt\u00e4\u00e4 selviyty\u00e4 n\u00e4iden kahden l\u00e4\u00e4kkeen ristiriitaisista vaikutuksista, mik\u00e4 voi johtaa yliannostukseen.<\/p>\n<p>Voittaminen<\/p>\n<p>Amfetamiinista luopuminen pitk\u00e4n k\u00e4yt\u00f6n j\u00e4lkeen on vaikeaa, koska kehon on totuttava toimimaan ilman niit\u00e4. Vieroitusoireiden pit\u00e4isi h\u00e4vit\u00e4 viikossa ja niiden pit\u00e4isi olla t\u00e4ysin poissa kuukauden kuluttua. Oireita ovat muun muassa seuraavat:<\/p>\n<p>Amfetamiininhimo<br \/> Ruokahalun kiihottaminen<br \/> H\u00e4mmennys ja \u00e4rsytys<br \/> Mustelmat ja kivut<br \/> Uupumus<br \/> Unettomuus ja painajaiset<br \/> Affektiiviset h\u00e4iri\u00f6t, kuten ahdistuneisuus, masennus ja vainoharhaisuus<\/p>\n","protected":false},"excerpt":{"rendered":"<p>Osta amfetamiinijauhetta myyt\u00e4v\u00e4n\u00e4 Isossa-Britanniassa, Euroopassa edullisia geneerisi\u00e4 ja merkkipillereit\u00e4 Sapporossa. Voit ostaa amfetamiinijauhetta myyt\u00e4v\u00e4n\u00e4 verkossa k\u00e4ytt\u00e4m\u00e4ll\u00e4 Bitcoinia (BTC)<\/p>\n<p>Amfetamiinijauhe on voimakas keskushermoston stimulantti j\u00e4rjestelm\u00e4ss\u00e4 (aivojen ja selk\u00e4ytimen neuronit) ja sit\u00e4 on k\u00e4ytetty l\u00e4\u00e4ketieteellisesti erilaisten sairauksien hoitoon. Lis\u00e4ksi se on \u00e4\u00e4rimm\u00e4isen riippuvuutta aiheuttava ja sit\u00e4 on k\u00e4ytetty v\u00e4\u00e4rin.<\/p>\n<p>Amfetamiinijauhe on reseptil\u00e4\u00e4ke, jota k\u00e4ytet\u00e4\u00e4n tarkkaavaisuush\u00e4iri\u00f6n (ADHD) hoitoon.<\/p>\n","protected":false},"featured_media":5862,"comment_status":"open","ping_status":"closed","template":"","meta":[],"product_brand":[],"product_cat":[703,2014],"product_tag":[4007,4008,4009,4013,4010,4011,4012],"class_list":{"0":"post-5852","1":"product","2":"type-product","3":"status-publish","4":"has-post-thumbnail","6":"product_cat-osta-psykedeelisi-lkkeit","7":"product_cat-osta-tutkimus-kemikaaleja","8":"product_tag-amfetamiini-jauhe","9":"product_tag-amfetamiinijauhetta-myynniss","10":"product_tag-buy-amphetamine-powder-online","11":"product_tag-mist-ostaa-amfetamiini-jauhetta-verkosta","12":"product_tag-order-amphetamine-powder-online","13":"product_tag-osta-amfetamiini-jauhe-verkosta","14":"product_tag-paras-paikka-ostaa-amfetamiinijauhetta-verkossa","16":"first","17":"instock","18":"shipping-taxable","19":"purchasable","20":"product-type-variable"},"yoast_head":"<!-- This site is optimized with the Yoast SEO plugin v27.3 - https:\/\/yoast.com\/product\/yoast-seo-wordpress\/ -->\n<title>Osta amfetamiinijauhe - parhaat maailmanlaajuiset l\u00e4\u00e4kkeet<\/title>\n<meta name=\"description\" content=\"Osta amfetamiinijauhetta myyt\u00e4v\u00e4ksi Isossa-Britanniassa, Euroopassa edullisia geneerisi\u00e4 ja merkkipillereit\u00e4 Sapporossa, voit tilata amfetamiinijauhetta myyt\u00e4v\u00e4ksi verkossa k\u00e4ytt\u00e4m\u00e4ll\u00e4 Bitcoinia (BTC)\" \/>\n<meta name=\"robots\" content=\"index, follow, max-snippet:-1, max-image-preview:large, max-video-preview:-1\" \/>\n<link rel=\"canonical\" href=\"https:\/\/medicinasinc.com\/fi\/product\/osta-amfetamiini-jauhe\/\" \/>\n<meta property=\"og:locale\" content=\"en_US\" \/>\n<meta property=\"og:type\" content=\"article\" \/>\n<meta property=\"og:title\" content=\"Osta amfetamiinijauhe - parhaat maailmanlaajuiset l\u00e4\u00e4kkeet\" \/>\n<meta property=\"og:description\" content=\"Osta amfetamiinijauhetta myyt\u00e4v\u00e4ksi Isossa-Britanniassa, Euroopassa edullisia geneerisi\u00e4 ja merkkipillereit\u00e4 Sapporossa, voit tilata amfetamiinijauhetta myyt\u00e4v\u00e4ksi verkossa k\u00e4ytt\u00e4m\u00e4ll\u00e4 Bitcoinia (BTC)\" \/>\n<meta property=\"og:url\" content=\"https:\/\/medicinasinc.com\/fi\/product\/osta-amfetamiini-jauhe\/\" \/>\n<meta property=\"og:site_name\" content=\"Medicinas Inc\" \/>\n<meta property=\"article:modified_time\" content=\"2022-03-22T00:47:22+00:00\" \/>\n<meta property=\"og:image\" content=\"https:\/\/medicinasinc.com\/fi\/wp-content\/uploads\/sites\/12\/2022\/02\/Buy-Amphetamine-Powder.png\" \/>\n\t<meta property=\"og:image:width\" content=\"412\" \/>\n\t<meta property=\"og:image:height\" content=\"550\" \/>\n\t<meta property=\"og:image:type\" content=\"image\/png\" \/>\n<meta name=\"twitter:card\" content=\"summary_large_image\" \/>\n<meta name=\"twitter:label1\" content=\"Est. reading time\" \/>\n\t<meta name=\"twitter:data1\" content=\"4 minutes\" \/>\n<script type=\"application\/ld+json\" class=\"yoast-schema-graph\">{\"@context\":\"https:\\\/\\\/schema.org\",\"@graph\":[{\"@type\":\"WebPage\",\"@id\":\"https:\\\/\\\/medicinasinc.com\\\/fi\\\/product\\\/osta-amfetamiini-jauhe\\\/\",\"url\":\"https:\\\/\\\/medicinasinc.com\\\/fi\\\/product\\\/osta-amfetamiini-jauhe\\\/\",\"name\":\"Osta amfetamiinijauhe - parhaat maailmanlaajuiset l\u00e4\u00e4kkeet\",\"isPartOf\":{\"@id\":\"https:\\\/\\\/medicinasinc.com\\\/fi\\\/#website\"},\"primaryImageOfPage\":{\"@id\":\"https:\\\/\\\/medicinasinc.com\\\/fi\\\/product\\\/osta-amfetamiini-jauhe\\\/#primaryimage\"},\"image\":{\"@id\":\"https:\\\/\\\/medicinasinc.com\\\/fi\\\/product\\\/osta-amfetamiini-jauhe\\\/#primaryimage\"},\"thumbnailUrl\":\"https:\\\/\\\/medicinasinc.com\\\/fi\\\/wp-content\\\/uploads\\\/sites\\\/12\\\/2022\\\/02\\\/Buy-Amphetamine-Powder.png\",\"datePublished\":\"2022-02-22T07:25:44+00:00\",\"dateModified\":\"2022-03-22T00:47:22+00:00\",\"description\":\"Osta amfetamiinijauhetta myyt\u00e4v\u00e4ksi Isossa-Britanniassa, Euroopassa edullisia geneerisi\u00e4 ja merkkipillereit\u00e4 Sapporossa, voit tilata amfetamiinijauhetta myyt\u00e4v\u00e4ksi verkossa k\u00e4ytt\u00e4m\u00e4ll\u00e4 Bitcoinia (BTC)\",\"breadcrumb\":{\"@id\":\"https:\\\/\\\/medicinasinc.com\\\/fi\\\/product\\\/osta-amfetamiini-jauhe\\\/#breadcrumb\"},\"inLanguage\":\"en-US\",\"potentialAction\":[{\"@type\":\"ReadAction\",\"target\":[\"https:\\\/\\\/medicinasinc.com\\\/fi\\\/product\\\/osta-amfetamiini-jauhe\\\/\"]}]},{\"@type\":\"ImageObject\",\"inLanguage\":\"en-US\",\"@id\":\"https:\\\/\\\/medicinasinc.com\\\/fi\\\/product\\\/osta-amfetamiini-jauhe\\\/#primaryimage\",\"url\":\"https:\\\/\\\/medicinasinc.com\\\/fi\\\/wp-content\\\/uploads\\\/sites\\\/12\\\/2022\\\/02\\\/Buy-Amphetamine-Powder.png\",\"contentUrl\":\"https:\\\/\\\/medicinasinc.com\\\/fi\\\/wp-content\\\/uploads\\\/sites\\\/12\\\/2022\\\/02\\\/Buy-Amphetamine-Powder.png\",\"width\":412,\"height\":550},{\"@type\":\"BreadcrumbList\",\"@id\":\"https:\\\/\\\/medicinasinc.com\\\/fi\\\/product\\\/osta-amfetamiini-jauhe\\\/#breadcrumb\",\"itemListElement\":[{\"@type\":\"ListItem\",\"position\":1,\"name\":\"Myym\u00e4l\u00e4\",\"item\":\"https:\\\/\\\/medicinasinc.com\\\/fi\\\/myymala\\\/\"},{\"@type\":\"ListItem\",\"position\":2,\"name\":\"Osta amfetamiinijauhe\"}]},{\"@type\":\"WebSite\",\"@id\":\"https:\\\/\\\/medicinasinc.com\\\/fi\\\/#website\",\"url\":\"https:\\\/\\\/medicinasinc.com\\\/fi\\\/\",\"name\":\"Medicinas Inc\",\"description\":\"Health Medical Clinic\",\"potentialAction\":[{\"@type\":\"SearchAction\",\"target\":{\"@type\":\"EntryPoint\",\"urlTemplate\":\"https:\\\/\\\/medicinasinc.com\\\/fi\\\/?s={search_term_string}\"},\"query-input\":{\"@type\":\"PropertyValueSpecification\",\"valueRequired\":true,\"valueName\":\"search_term_string\"}}],\"inLanguage\":\"en-US\"}]}<\/script>\n<!-- \/ Yoast SEO plugin. -->","yoast_head_json":{"title":"Osta amfetamiinijauhe - parhaat maailmanlaajuiset l\u00e4\u00e4kkeet","description":"Osta amfetamiinijauhetta myyt\u00e4v\u00e4ksi Isossa-Britanniassa, Euroopassa edullisia geneerisi\u00e4 ja merkkipillereit\u00e4 Sapporossa, voit tilata amfetamiinijauhetta myyt\u00e4v\u00e4ksi verkossa k\u00e4ytt\u00e4m\u00e4ll\u00e4 Bitcoinia (BTC)","robots":{"index":"index","follow":"follow","max-snippet":"max-snippet:-1","max-image-preview":"max-image-preview:large","max-video-preview":"max-video-preview:-1"},"canonical":"https:\/\/medicinasinc.com\/fi\/product\/osta-amfetamiini-jauhe\/","og_locale":"en_US","og_type":"article","og_title":"Osta amfetamiinijauhe - parhaat maailmanlaajuiset l\u00e4\u00e4kkeet","og_description":"Osta amfetamiinijauhetta myyt\u00e4v\u00e4ksi Isossa-Britanniassa, Euroopassa edullisia geneerisi\u00e4 ja merkkipillereit\u00e4 Sapporossa, voit tilata amfetamiinijauhetta myyt\u00e4v\u00e4ksi verkossa k\u00e4ytt\u00e4m\u00e4ll\u00e4 Bitcoinia (BTC)","og_url":"https:\/\/medicinasinc.com\/fi\/product\/osta-amfetamiini-jauhe\/","og_site_name":"Medicinas Inc","article_modified_time":"2022-03-22T00:47:22+00:00","og_image":[{"width":412,"height":550,"url":"https:\/\/medicinasinc.com\/fi\/wp-content\/uploads\/sites\/12\/2022\/02\/Buy-Amphetamine-Powder.png","type":"image\/png"}],"twitter_card":"summary_large_image","twitter_misc":{"Est. reading time":"4 minutes"},"schema":{"@context":"https:\/\/schema.org","@graph":[{"@type":"WebPage","@id":"https:\/\/medicinasinc.com\/fi\/product\/osta-amfetamiini-jauhe\/","url":"https:\/\/medicinasinc.com\/fi\/product\/osta-amfetamiini-jauhe\/","name":"Osta amfetamiinijauhe - parhaat maailmanlaajuiset l\u00e4\u00e4kkeet","isPartOf":{"@id":"https:\/\/medicinasinc.com\/fi\/#website"},"primaryImageOfPage":{"@id":"https:\/\/medicinasinc.com\/fi\/product\/osta-amfetamiini-jauhe\/#primaryimage"},"image":{"@id":"https:\/\/medicinasinc.com\/fi\/product\/osta-amfetamiini-jauhe\/#primaryimage"},"thumbnailUrl":"https:\/\/medicinasinc.com\/fi\/wp-content\/uploads\/sites\/12\/2022\/02\/Buy-Amphetamine-Powder.png","datePublished":"2022-02-22T07:25:44+00:00","dateModified":"2022-03-22T00:47:22+00:00","description":"Osta amfetamiinijauhetta myyt\u00e4v\u00e4ksi Isossa-Britanniassa, Euroopassa edullisia geneerisi\u00e4 ja merkkipillereit\u00e4 Sapporossa, voit tilata amfetamiinijauhetta myyt\u00e4v\u00e4ksi verkossa k\u00e4ytt\u00e4m\u00e4ll\u00e4 Bitcoinia (BTC)","breadcrumb":{"@id":"https:\/\/medicinasinc.com\/fi\/product\/osta-amfetamiini-jauhe\/#breadcrumb"},"inLanguage":"en-US","potentialAction":[{"@type":"ReadAction","target":["https:\/\/medicinasinc.com\/fi\/product\/osta-amfetamiini-jauhe\/"]}]},{"@type":"ImageObject","inLanguage":"en-US","@id":"https:\/\/medicinasinc.com\/fi\/product\/osta-amfetamiini-jauhe\/#primaryimage","url":"https:\/\/medicinasinc.com\/fi\/wp-content\/uploads\/sites\/12\/2022\/02\/Buy-Amphetamine-Powder.png","contentUrl":"https:\/\/medicinasinc.com\/fi\/wp-content\/uploads\/sites\/12\/2022\/02\/Buy-Amphetamine-Powder.png","width":412,"height":550},{"@type":"BreadcrumbList","@id":"https:\/\/medicinasinc.com\/fi\/product\/osta-amfetamiini-jauhe\/#breadcrumb","itemListElement":[{"@type":"ListItem","position":1,"name":"Myym\u00e4l\u00e4","item":"https:\/\/medicinasinc.com\/fi\/myymala\/"},{"@type":"ListItem","position":2,"name":"Osta amfetamiinijauhe"}]},{"@type":"WebSite","@id":"https:\/\/medicinasinc.com\/fi\/#website","url":"https:\/\/medicinasinc.com\/fi\/","name":"Medicinas Inc","description":"Health Medical Clinic","potentialAction":[{"@type":"SearchAction","target":{"@type":"EntryPoint","urlTemplate":"https:\/\/medicinasinc.com\/fi\/?s={search_term_string}"},"query-input":{"@type":"PropertyValueSpecification","valueRequired":true,"valueName":"search_term_string"}}],"inLanguage":"en-US"}]}},"_links":{"self":[{"href":"https:\/\/medicinasinc.com\/fi\/wp-json\/wp\/v2\/product\/5852","targetHints":{"allow":["GET"]}}],"collection":[{"href":"https:\/\/medicinasinc.com\/fi\/wp-json\/wp\/v2\/product"}],"about":[{"href":"https:\/\/medicinasinc.com\/fi\/wp-json\/wp\/v2\/types\/product"}],"replies":[{"embeddable":true,"href":"https:\/\/medicinasinc.com\/fi\/wp-json\/wp\/v2\/comments?post=5852"}],"wp:featuredmedia":[{"embeddable":true,"href":"https:\/\/medicinasinc.com\/fi\/wp-json\/wp\/v2\/media\/5862"}],"wp:attachment":[{"href":"https:\/\/medicinasinc.com\/fi\/wp-json\/wp\/v2\/media?parent=5852"}],"wp:term":[{"taxonomy":"product_brand","embeddable":true,"href":"https:\/\/medicinasinc.com\/fi\/wp-json\/wp\/v2\/product_brand?post=5852"},{"taxonomy":"product_cat","embeddable":true,"href":"https:\/\/medicinasinc.com\/fi\/wp-json\/wp\/v2\/product_cat?post=5852"},{"taxonomy":"product_tag","embeddable":true,"href":"https:\/\/medicinasinc.com\/fi\/wp-json\/wp\/v2\/product_tag?post=5852"}],"curies":[{"name":"wp","href":"https:\/\/api.w.org\/{rel}","templated":true}]}}