{"id":5846,"date":"2022-02-22T07:19:31","date_gmt":"2022-02-22T07:19:31","guid":{"rendered":"https:\/\/medicinasinc.com\/fi\/?post_type=product&#038;p=5846"},"modified":"2022-03-22T00:47:32","modified_gmt":"2022-03-22T00:47:32","slug":"hyvaksynta","status":"publish","type":"product","link":"https:\/\/medicinasinc.com\/fi\/product\/hyvaksynta\/","title":{"rendered":"hyv\u00e4ksy\u00e4 barbitonia"},"content":{"rendered":"<p>Aprobarbitonia voi ostaa verkosta huippuluokan Nembutal-verkkoapteekista<\/p>\n<p>Nembutal-verkkoapteekki on toiminut pitk\u00e4\u00e4n. Meill\u00e4 on nyt perusteellinen k\u00e4sitys asiakkaiden n\u00e4k\u00f6kulmista ja odotuksista maailmanlaajuisesti. Olemme t\u00e4\u00e4ll\u00e4 t\u00e4ytt\u00e4\u00e4ksemme kaikki Aprobarbitone-vaatimukset. Jos aiot ostaa Aprobarbitonea verkosta, apteekkimme on paras paikka tehd\u00e4 niin. Tarjoamme t\u00e4m\u00e4n terapeuttisen l\u00e4\u00e4kkeen kohtuulliseen hintaan. Voit ostaa sen helposti meilt\u00e4 ja toimitamme sen m\u00e4\u00e4ritetyss\u00e4 ajassa.<\/p>\n<p>Mik\u00e4 on aprobarbitonin rooli terveytesi kannalta?<\/p>\n<p>Aprobarbitoni voi auttaa sinua saamaan hyv\u00e4t y\u00f6unet . Lyhyesti sanottuna se on ihanteellinen l\u00e4\u00e4ke unettomuuspotilaille. Se on tunnettu poikkeuksellisista rauhoittavista, hypnoottisista ja antikonvulsiivisista ominaisuuksistaan.<\/p>\n<p>Miksi sinun pit\u00e4isi ostaa Aprobarbitone verkossa meilt\u00e4?<\/p>\n<p>Olemme eritt\u00e4in erikoistunut ryhm\u00e4, jolla on laaja kokemus. l\u00e4\u00e4kkeiden ja huumeiden alalla. Lis\u00e4ksi laajennamme Aprobarbitonin ja muiden l\u00e4\u00e4kkeiden saatavuutta kaikkialla maailmassa. Voit nyt hankkia Aprobarbitonea verkosta halvimmalla hinnalla mukavasti omasta kodistasi. Olemme vain hiiren napsautuksen p\u00e4\u00e4ss\u00e4. L\u00e4het\u00e4 tilauksesi ostaaksesi Aprobarbitonea verkosta t\u00e4n\u00e4\u00e4n, ja se toimitetaan m\u00e4\u00e4ritt\u00e4m\u00e4\u00e4si osoitteeseen piakkoin.<\/p>\n","protected":false},"excerpt":{"rendered":"<p>Kuinka ostaa Aprobarbitone Online -apteekista Nembutal-apteekista?<\/p>\n<p>Nembutal-verkkoapteekki on ihanteellinen paikka t\u00e4ytt\u00e4\u00e4 kaikki Aprobarbitone-tarpeesi ja -vaatimukset. Lis\u00e4\u00e4 vain l\u00e4\u00e4kkeesi ostoskoriin, suorita maksuprosessi ja tee tilauksesi verkkosivuillamme. Nyt on aika ottaa yhteytt\u00e4 apteekkiimme ja saada parasta mahdollista hoitoa terveydelle. Osta Aprobarbital nyt!<\/p>\n","protected":false},"featured_media":5856,"comment_status":"open","ping_status":"closed","template":"","meta":[],"product_brand":[],"product_cat":[3818],"product_tag":[],"class_list":{"0":"post-5846","1":"product","2":"type-product","3":"status-publish","4":"has-post-thumbnail","6":"product_cat-pentobarbitaali-myynniss","8":"first","9":"instock","10":"featured","11":"shipping-taxable","12":"purchasable","13":"product-type-variable"},"yoast_head":"<!-- This site is optimized with the Yoast SEO plugin v27.3 - https:\/\/yoast.com\/product\/yoast-seo-wordpress\/ -->\n<title>Osta aprobarbitonia - parhaat maailman parhaat l\u00e4\u00e4kkeet<\/title>\n<meta name=\"robots\" content=\"index, follow, max-snippet:-1, max-image-preview:large, max-video-preview:-1\" \/>\n<link rel=\"canonical\" href=\"https:\/\/medicinasinc.com\/fi\/product\/hyvaksynta\/\" \/>\n<meta property=\"og:locale\" content=\"en_US\" \/>\n<meta property=\"og:type\" content=\"article\" \/>\n<meta property=\"og:title\" content=\"Osta aprobarbitonia - parhaat maailman parhaat l\u00e4\u00e4kkeet\" \/>\n<meta property=\"og:description\" content=\"Kuinka ostaa Aprobarbitone Online -apteekista Nembutal-apteekista? Nembutal-verkkoapteekki on ihanteellinen paikka t\u00e4ytt\u00e4\u00e4 kaikki Aprobarbitone-tarpeesi ja -vaatimukset. Lis\u00e4\u00e4 vain l\u00e4\u00e4kkeesi ostoskoriin, suorita maksuprosessi ja tee tilauksesi verkkosivuillamme. Nyt on aika ottaa yhteytt\u00e4 apteekkiimme ja saada parasta mahdollista hoitoa terveydelle. Osta Aprobarbital nyt!\" \/>\n<meta property=\"og:url\" content=\"https:\/\/medicinasinc.com\/fi\/product\/hyvaksynta\/\" \/>\n<meta property=\"og:site_name\" content=\"Medicinas Inc\" \/>\n<meta property=\"article:modified_time\" content=\"2022-03-22T00:47:32+00:00\" \/>\n<meta property=\"og:image\" content=\"https:\/\/medicinasinc.com\/fi\/wp-content\/uploads\/sites\/12\/2022\/02\/Aprobarbitone.jpg\" \/>\n\t<meta property=\"og:image:width\" content=\"600\" \/>\n\t<meta property=\"og:image:height\" content=\"600\" \/>\n\t<meta property=\"og:image:type\" content=\"image\/jpeg\" \/>\n<meta name=\"twitter:card\" content=\"summary_large_image\" \/>\n<meta name=\"twitter:label1\" content=\"Est. reading time\" \/>\n\t<meta name=\"twitter:data1\" content=\"1 minute\" \/>\n<script type=\"application\/ld+json\" class=\"yoast-schema-graph\">{\"@context\":\"https:\\\/\\\/schema.org\",\"@graph\":[{\"@type\":\"WebPage\",\"@id\":\"https:\\\/\\\/medicinasinc.com\\\/fi\\\/product\\\/hyvaksynta\\\/\",\"url\":\"https:\\\/\\\/medicinasinc.com\\\/fi\\\/product\\\/hyvaksynta\\\/\",\"name\":\"Osta aprobarbitonia - parhaat maailman parhaat l\u00e4\u00e4kkeet\",\"isPartOf\":{\"@id\":\"https:\\\/\\\/medicinasinc.com\\\/fi\\\/#website\"},\"primaryImageOfPage\":{\"@id\":\"https:\\\/\\\/medicinasinc.com\\\/fi\\\/product\\\/hyvaksynta\\\/#primaryimage\"},\"image\":{\"@id\":\"https:\\\/\\\/medicinasinc.com\\\/fi\\\/product\\\/hyvaksynta\\\/#primaryimage\"},\"thumbnailUrl\":\"https:\\\/\\\/medicinasinc.com\\\/fi\\\/wp-content\\\/uploads\\\/sites\\\/12\\\/2022\\\/02\\\/Aprobarbitone.jpg\",\"datePublished\":\"2022-02-22T07:19:31+00:00\",\"dateModified\":\"2022-03-22T00:47:32+00:00\",\"breadcrumb\":{\"@id\":\"https:\\\/\\\/medicinasinc.com\\\/fi\\\/product\\\/hyvaksynta\\\/#breadcrumb\"},\"inLanguage\":\"en-US\",\"potentialAction\":[{\"@type\":\"ReadAction\",\"target\":[\"https:\\\/\\\/medicinasinc.com\\\/fi\\\/product\\\/hyvaksynta\\\/\"]}]},{\"@type\":\"ImageObject\",\"inLanguage\":\"en-US\",\"@id\":\"https:\\\/\\\/medicinasinc.com\\\/fi\\\/product\\\/hyvaksynta\\\/#primaryimage\",\"url\":\"https:\\\/\\\/medicinasinc.com\\\/fi\\\/wp-content\\\/uploads\\\/sites\\\/12\\\/2022\\\/02\\\/Aprobarbitone.jpg\",\"contentUrl\":\"https:\\\/\\\/medicinasinc.com\\\/fi\\\/wp-content\\\/uploads\\\/sites\\\/12\\\/2022\\\/02\\\/Aprobarbitone.jpg\",\"width\":600,\"height\":600},{\"@type\":\"BreadcrumbList\",\"@id\":\"https:\\\/\\\/medicinasinc.com\\\/fi\\\/product\\\/hyvaksynta\\\/#breadcrumb\",\"itemListElement\":[{\"@type\":\"ListItem\",\"position\":1,\"name\":\"Myym\u00e4l\u00e4\",\"item\":\"https:\\\/\\\/medicinasinc.com\\\/fi\\\/myymala\\\/\"},{\"@type\":\"ListItem\",\"position\":2,\"name\":\"hyv\u00e4ksy\u00e4 barbitonia\"}]},{\"@type\":\"WebSite\",\"@id\":\"https:\\\/\\\/medicinasinc.com\\\/fi\\\/#website\",\"url\":\"https:\\\/\\\/medicinasinc.com\\\/fi\\\/\",\"name\":\"Medicinas Inc\",\"description\":\"Health Medical Clinic\",\"potentialAction\":[{\"@type\":\"SearchAction\",\"target\":{\"@type\":\"EntryPoint\",\"urlTemplate\":\"https:\\\/\\\/medicinasinc.com\\\/fi\\\/?s={search_term_string}\"},\"query-input\":{\"@type\":\"PropertyValueSpecification\",\"valueRequired\":true,\"valueName\":\"search_term_string\"}}],\"inLanguage\":\"en-US\"}]}<\/script>\n<!-- \/ Yoast SEO plugin. -->","yoast_head_json":{"title":"Osta aprobarbitonia - parhaat maailman parhaat l\u00e4\u00e4kkeet","robots":{"index":"index","follow":"follow","max-snippet":"max-snippet:-1","max-image-preview":"max-image-preview:large","max-video-preview":"max-video-preview:-1"},"canonical":"https:\/\/medicinasinc.com\/fi\/product\/hyvaksynta\/","og_locale":"en_US","og_type":"article","og_title":"Osta aprobarbitonia - parhaat maailman parhaat l\u00e4\u00e4kkeet","og_description":"Kuinka ostaa Aprobarbitone Online -apteekista Nembutal-apteekista? Nembutal-verkkoapteekki on ihanteellinen paikka t\u00e4ytt\u00e4\u00e4 kaikki Aprobarbitone-tarpeesi ja -vaatimukset. Lis\u00e4\u00e4 vain l\u00e4\u00e4kkeesi ostoskoriin, suorita maksuprosessi ja tee tilauksesi verkkosivuillamme. Nyt on aika ottaa yhteytt\u00e4 apteekkiimme ja saada parasta mahdollista hoitoa terveydelle. Osta Aprobarbital nyt!","og_url":"https:\/\/medicinasinc.com\/fi\/product\/hyvaksynta\/","og_site_name":"Medicinas Inc","article_modified_time":"2022-03-22T00:47:32+00:00","og_image":[{"width":600,"height":600,"url":"https:\/\/medicinasinc.com\/fi\/wp-content\/uploads\/sites\/12\/2022\/02\/Aprobarbitone.jpg","type":"image\/jpeg"}],"twitter_card":"summary_large_image","twitter_misc":{"Est. reading time":"1 minute"},"schema":{"@context":"https:\/\/schema.org","@graph":[{"@type":"WebPage","@id":"https:\/\/medicinasinc.com\/fi\/product\/hyvaksynta\/","url":"https:\/\/medicinasinc.com\/fi\/product\/hyvaksynta\/","name":"Osta aprobarbitonia - parhaat maailman parhaat l\u00e4\u00e4kkeet","isPartOf":{"@id":"https:\/\/medicinasinc.com\/fi\/#website"},"primaryImageOfPage":{"@id":"https:\/\/medicinasinc.com\/fi\/product\/hyvaksynta\/#primaryimage"},"image":{"@id":"https:\/\/medicinasinc.com\/fi\/product\/hyvaksynta\/#primaryimage"},"thumbnailUrl":"https:\/\/medicinasinc.com\/fi\/wp-content\/uploads\/sites\/12\/2022\/02\/Aprobarbitone.jpg","datePublished":"2022-02-22T07:19:31+00:00","dateModified":"2022-03-22T00:47:32+00:00","breadcrumb":{"@id":"https:\/\/medicinasinc.com\/fi\/product\/hyvaksynta\/#breadcrumb"},"inLanguage":"en-US","potentialAction":[{"@type":"ReadAction","target":["https:\/\/medicinasinc.com\/fi\/product\/hyvaksynta\/"]}]},{"@type":"ImageObject","inLanguage":"en-US","@id":"https:\/\/medicinasinc.com\/fi\/product\/hyvaksynta\/#primaryimage","url":"https:\/\/medicinasinc.com\/fi\/wp-content\/uploads\/sites\/12\/2022\/02\/Aprobarbitone.jpg","contentUrl":"https:\/\/medicinasinc.com\/fi\/wp-content\/uploads\/sites\/12\/2022\/02\/Aprobarbitone.jpg","width":600,"height":600},{"@type":"BreadcrumbList","@id":"https:\/\/medicinasinc.com\/fi\/product\/hyvaksynta\/#breadcrumb","itemListElement":[{"@type":"ListItem","position":1,"name":"Myym\u00e4l\u00e4","item":"https:\/\/medicinasinc.com\/fi\/myymala\/"},{"@type":"ListItem","position":2,"name":"hyv\u00e4ksy\u00e4 barbitonia"}]},{"@type":"WebSite","@id":"https:\/\/medicinasinc.com\/fi\/#website","url":"https:\/\/medicinasinc.com\/fi\/","name":"Medicinas Inc","description":"Health Medical Clinic","potentialAction":[{"@type":"SearchAction","target":{"@type":"EntryPoint","urlTemplate":"https:\/\/medicinasinc.com\/fi\/?s={search_term_string}"},"query-input":{"@type":"PropertyValueSpecification","valueRequired":true,"valueName":"search_term_string"}}],"inLanguage":"en-US"}]}},"_links":{"self":[{"href":"https:\/\/medicinasinc.com\/fi\/wp-json\/wp\/v2\/product\/5846","targetHints":{"allow":["GET"]}}],"collection":[{"href":"https:\/\/medicinasinc.com\/fi\/wp-json\/wp\/v2\/product"}],"about":[{"href":"https:\/\/medicinasinc.com\/fi\/wp-json\/wp\/v2\/types\/product"}],"replies":[{"embeddable":true,"href":"https:\/\/medicinasinc.com\/fi\/wp-json\/wp\/v2\/comments?post=5846"}],"wp:featuredmedia":[{"embeddable":true,"href":"https:\/\/medicinasinc.com\/fi\/wp-json\/wp\/v2\/media\/5856"}],"wp:attachment":[{"href":"https:\/\/medicinasinc.com\/fi\/wp-json\/wp\/v2\/media?parent=5846"}],"wp:term":[{"taxonomy":"product_brand","embeddable":true,"href":"https:\/\/medicinasinc.com\/fi\/wp-json\/wp\/v2\/product_brand?post=5846"},{"taxonomy":"product_cat","embeddable":true,"href":"https:\/\/medicinasinc.com\/fi\/wp-json\/wp\/v2\/product_cat?post=5846"},{"taxonomy":"product_tag","embeddable":true,"href":"https:\/\/medicinasinc.com\/fi\/wp-json\/wp\/v2\/product_tag?post=5846"}],"curies":[{"name":"wp","href":"https:\/\/api.w.org\/{rel}","templated":true}]}}