{"id":5840,"date":"2022-02-22T07:12:38","date_gmt":"2022-02-22T07:12:38","guid":{"rendered":"https:\/\/medicinasinc.com\/fi\/?post_type=product&#038;p=5840"},"modified":"2022-03-22T00:47:40","modified_gmt":"2022-03-22T00:47:40","slug":"brallobarbitaali-vesparaksi","status":"publish","type":"product","link":"https:\/\/medicinasinc.com\/fi\/product\/brallobarbitaali-vesparaksi\/","title":{"rendered":"Brallobarbitaali (Vesparax)"},"content":{"rendered":"<p>Brallobarbitaalin (Vesparax) ostaminen verkossa hyv\u00e4maineisesta apteekista<\/p>\n<p>Internet Nembutal-apteekki k\u00e4sittelee Brallobarbitaalia (Vesparax) verkkoalustalla ja toimittaa sen kuluttajille, jotka ovat tehneet sen tilauksen m\u00e4\u00e4ritetyn ajan kuluessa. Olemme hyv\u00e4maineinen verkkoapteekki, josta saat Vesparaxia halvimmalla mahdollisella hinnalla. Hintamme ovat vertaansa vailla ja kaikkien saatavilla. Lis\u00e4ksi meill\u00e4 on tiimi, joka t\u00e4ytt\u00e4\u00e4 Nembutal Brallobarbitalia koskevat vaatimukset ja tekniset tiedot oikea-aikaisesti. Voit nyt helposti tilata Nembutal Brallobarbitalia apteekistamme ja toimittaa sen kotiisi muutamassa p\u00e4iv\u00e4ss\u00e4.<\/p>\n<p>Miten Brallobarbitaalia (Vesparaxia) k\u00e4ytet\u00e4\u00e4n?<\/p>\n<p>Vesparaxia kutsutaan usein nimell\u00e4 ep\u00e4tyypillinen antipsykootti. Se toimii muuttamalla aivojen v\u00e4litt\u00e4j\u00e4aineiden toimintaa. T\u00e4m\u00e4 l\u00e4\u00e4ke on m\u00e4\u00e4ritetty soveltuvaksi vain aikuisille, eik\u00e4 sit\u00e4 tule antaa alle 18-vuotiaille.<\/p>\n<p>Vesparaxilla on useita k\u00e4ytt\u00f6tarkoituksia, mukaan lukien seuraavat:<\/p>\n<p>Osoittaa skitsofreniaa sairastavien aikuisten ja lasten hoitoon<br \/> Indikoitu kaksisuuntaisen mielialah\u00e4iri\u00f6n hoitoon aikuisilla ja lapsilla sek\u00e4 vakavan masennush\u00e4iri\u00f6n hoitoon aikuisilla yhdistettyn\u00e4 masennusl\u00e4\u00e4kkeisiin.<\/p>\n","protected":false},"excerpt":{"rendered":"<p>Ota yhteytt\u00e4 Nembutal-verkkoapteekkiin<\/p>\n<p>Nembutal-verkkoapteekki on nyt saatavilla vain muutamalla napsautuksella! Voit ottaa meihin yhteytt\u00e4 puhelimitse, tekstiviestill\u00e4 tai s\u00e4hk\u00f6postilla saadaksesi vastauksen kysymyksiisi. Takaamme, ett\u00e4 toteutamme pyynt\u00f6si m\u00e4\u00e4ritetyn ajan kuluessa. Tee tilauksesi ostaaksesi Vesparax verkossa heti!<\/p>\n","protected":false},"featured_media":5850,"comment_status":"open","ping_status":"closed","template":"","meta":[],"product_brand":[],"product_cat":[3818],"product_tag":[],"class_list":{"0":"post-5840","1":"product","2":"type-product","3":"status-publish","4":"has-post-thumbnail","6":"product_cat-pentobarbitaali-myynniss","8":"first","9":"instock","10":"shipping-taxable","11":"purchasable","12":"product-type-variable"},"yoast_head":"<!-- This site is optimized with the Yoast SEO plugin v27.3 - https:\/\/yoast.com\/product\/yoast-seo-wordpress\/ -->\n<title>Brallobarbitaali (Vesparax) - Maailman parhaat l\u00e4\u00e4kkeet<\/title>\n<meta name=\"robots\" content=\"index, follow, max-snippet:-1, max-image-preview:large, max-video-preview:-1\" \/>\n<link rel=\"canonical\" href=\"https:\/\/medicinasinc.com\/fi\/product\/brallobarbitaali-vesparaksi\/\" \/>\n<meta property=\"og:locale\" content=\"en_US\" \/>\n<meta property=\"og:type\" content=\"article\" \/>\n<meta property=\"og:title\" content=\"Brallobarbitaali (Vesparax) - Maailman parhaat l\u00e4\u00e4kkeet\" \/>\n<meta property=\"og:description\" content=\"Ota yhteytt\u00e4 Nembutal-verkkoapteekkiin Nembutal-verkkoapteekki on nyt saatavilla vain muutamalla napsautuksella! Voit ottaa meihin yhteytt\u00e4 puhelimitse, tekstiviestill\u00e4 tai s\u00e4hk\u00f6postilla saadaksesi vastauksen kysymyksiisi. Takaamme, ett\u00e4 toteutamme pyynt\u00f6si m\u00e4\u00e4ritetyn ajan kuluessa. Tee tilauksesi ostaaksesi Vesparax verkossa heti!\" \/>\n<meta property=\"og:url\" content=\"https:\/\/medicinasinc.com\/fi\/product\/brallobarbitaali-vesparaksi\/\" \/>\n<meta property=\"og:site_name\" content=\"Medicinas Inc\" \/>\n<meta property=\"article:modified_time\" content=\"2022-03-22T00:47:40+00:00\" \/>\n<meta property=\"og:image\" content=\"https:\/\/medicinasinc.com\/fi\/wp-content\/uploads\/sites\/12\/2022\/02\/Brallobarbital-Vesparax.jpg\" \/>\n\t<meta property=\"og:image:width\" content=\"600\" \/>\n\t<meta property=\"og:image:height\" content=\"600\" \/>\n\t<meta property=\"og:image:type\" content=\"image\/jpeg\" \/>\n<meta name=\"twitter:card\" content=\"summary_large_image\" \/>\n<meta name=\"twitter:label1\" content=\"Est. reading time\" \/>\n\t<meta name=\"twitter:data1\" content=\"1 minute\" \/>\n<script type=\"application\/ld+json\" class=\"yoast-schema-graph\">{\"@context\":\"https:\\\/\\\/schema.org\",\"@graph\":[{\"@type\":\"WebPage\",\"@id\":\"https:\\\/\\\/medicinasinc.com\\\/fi\\\/product\\\/brallobarbitaali-vesparaksi\\\/\",\"url\":\"https:\\\/\\\/medicinasinc.com\\\/fi\\\/product\\\/brallobarbitaali-vesparaksi\\\/\",\"name\":\"Brallobarbitaali (Vesparax) - Maailman parhaat l\u00e4\u00e4kkeet\",\"isPartOf\":{\"@id\":\"https:\\\/\\\/medicinasinc.com\\\/fi\\\/#website\"},\"primaryImageOfPage\":{\"@id\":\"https:\\\/\\\/medicinasinc.com\\\/fi\\\/product\\\/brallobarbitaali-vesparaksi\\\/#primaryimage\"},\"image\":{\"@id\":\"https:\\\/\\\/medicinasinc.com\\\/fi\\\/product\\\/brallobarbitaali-vesparaksi\\\/#primaryimage\"},\"thumbnailUrl\":\"https:\\\/\\\/medicinasinc.com\\\/fi\\\/wp-content\\\/uploads\\\/sites\\\/12\\\/2022\\\/02\\\/Brallobarbital-Vesparax.jpg\",\"datePublished\":\"2022-02-22T07:12:38+00:00\",\"dateModified\":\"2022-03-22T00:47:40+00:00\",\"breadcrumb\":{\"@id\":\"https:\\\/\\\/medicinasinc.com\\\/fi\\\/product\\\/brallobarbitaali-vesparaksi\\\/#breadcrumb\"},\"inLanguage\":\"en-US\",\"potentialAction\":[{\"@type\":\"ReadAction\",\"target\":[\"https:\\\/\\\/medicinasinc.com\\\/fi\\\/product\\\/brallobarbitaali-vesparaksi\\\/\"]}]},{\"@type\":\"ImageObject\",\"inLanguage\":\"en-US\",\"@id\":\"https:\\\/\\\/medicinasinc.com\\\/fi\\\/product\\\/brallobarbitaali-vesparaksi\\\/#primaryimage\",\"url\":\"https:\\\/\\\/medicinasinc.com\\\/fi\\\/wp-content\\\/uploads\\\/sites\\\/12\\\/2022\\\/02\\\/Brallobarbital-Vesparax.jpg\",\"contentUrl\":\"https:\\\/\\\/medicinasinc.com\\\/fi\\\/wp-content\\\/uploads\\\/sites\\\/12\\\/2022\\\/02\\\/Brallobarbital-Vesparax.jpg\",\"width\":600,\"height\":600},{\"@type\":\"BreadcrumbList\",\"@id\":\"https:\\\/\\\/medicinasinc.com\\\/fi\\\/product\\\/brallobarbitaali-vesparaksi\\\/#breadcrumb\",\"itemListElement\":[{\"@type\":\"ListItem\",\"position\":1,\"name\":\"Myym\u00e4l\u00e4\",\"item\":\"https:\\\/\\\/medicinasinc.com\\\/fi\\\/myymala\\\/\"},{\"@type\":\"ListItem\",\"position\":2,\"name\":\"Brallobarbitaali (Vesparax)\"}]},{\"@type\":\"WebSite\",\"@id\":\"https:\\\/\\\/medicinasinc.com\\\/fi\\\/#website\",\"url\":\"https:\\\/\\\/medicinasinc.com\\\/fi\\\/\",\"name\":\"Medicinas Inc\",\"description\":\"Health Medical Clinic\",\"potentialAction\":[{\"@type\":\"SearchAction\",\"target\":{\"@type\":\"EntryPoint\",\"urlTemplate\":\"https:\\\/\\\/medicinasinc.com\\\/fi\\\/?s={search_term_string}\"},\"query-input\":{\"@type\":\"PropertyValueSpecification\",\"valueRequired\":true,\"valueName\":\"search_term_string\"}}],\"inLanguage\":\"en-US\"}]}<\/script>\n<!-- \/ Yoast SEO plugin. -->","yoast_head_json":{"title":"Brallobarbitaali (Vesparax) - Maailman parhaat l\u00e4\u00e4kkeet","robots":{"index":"index","follow":"follow","max-snippet":"max-snippet:-1","max-image-preview":"max-image-preview:large","max-video-preview":"max-video-preview:-1"},"canonical":"https:\/\/medicinasinc.com\/fi\/product\/brallobarbitaali-vesparaksi\/","og_locale":"en_US","og_type":"article","og_title":"Brallobarbitaali (Vesparax) - Maailman parhaat l\u00e4\u00e4kkeet","og_description":"Ota yhteytt\u00e4 Nembutal-verkkoapteekkiin Nembutal-verkkoapteekki on nyt saatavilla vain muutamalla napsautuksella! Voit ottaa meihin yhteytt\u00e4 puhelimitse, tekstiviestill\u00e4 tai s\u00e4hk\u00f6postilla saadaksesi vastauksen kysymyksiisi. Takaamme, ett\u00e4 toteutamme pyynt\u00f6si m\u00e4\u00e4ritetyn ajan kuluessa. Tee tilauksesi ostaaksesi Vesparax verkossa heti!","og_url":"https:\/\/medicinasinc.com\/fi\/product\/brallobarbitaali-vesparaksi\/","og_site_name":"Medicinas Inc","article_modified_time":"2022-03-22T00:47:40+00:00","og_image":[{"width":600,"height":600,"url":"https:\/\/medicinasinc.com\/fi\/wp-content\/uploads\/sites\/12\/2022\/02\/Brallobarbital-Vesparax.jpg","type":"image\/jpeg"}],"twitter_card":"summary_large_image","twitter_misc":{"Est. reading time":"1 minute"},"schema":{"@context":"https:\/\/schema.org","@graph":[{"@type":"WebPage","@id":"https:\/\/medicinasinc.com\/fi\/product\/brallobarbitaali-vesparaksi\/","url":"https:\/\/medicinasinc.com\/fi\/product\/brallobarbitaali-vesparaksi\/","name":"Brallobarbitaali (Vesparax) - Maailman parhaat l\u00e4\u00e4kkeet","isPartOf":{"@id":"https:\/\/medicinasinc.com\/fi\/#website"},"primaryImageOfPage":{"@id":"https:\/\/medicinasinc.com\/fi\/product\/brallobarbitaali-vesparaksi\/#primaryimage"},"image":{"@id":"https:\/\/medicinasinc.com\/fi\/product\/brallobarbitaali-vesparaksi\/#primaryimage"},"thumbnailUrl":"https:\/\/medicinasinc.com\/fi\/wp-content\/uploads\/sites\/12\/2022\/02\/Brallobarbital-Vesparax.jpg","datePublished":"2022-02-22T07:12:38+00:00","dateModified":"2022-03-22T00:47:40+00:00","breadcrumb":{"@id":"https:\/\/medicinasinc.com\/fi\/product\/brallobarbitaali-vesparaksi\/#breadcrumb"},"inLanguage":"en-US","potentialAction":[{"@type":"ReadAction","target":["https:\/\/medicinasinc.com\/fi\/product\/brallobarbitaali-vesparaksi\/"]}]},{"@type":"ImageObject","inLanguage":"en-US","@id":"https:\/\/medicinasinc.com\/fi\/product\/brallobarbitaali-vesparaksi\/#primaryimage","url":"https:\/\/medicinasinc.com\/fi\/wp-content\/uploads\/sites\/12\/2022\/02\/Brallobarbital-Vesparax.jpg","contentUrl":"https:\/\/medicinasinc.com\/fi\/wp-content\/uploads\/sites\/12\/2022\/02\/Brallobarbital-Vesparax.jpg","width":600,"height":600},{"@type":"BreadcrumbList","@id":"https:\/\/medicinasinc.com\/fi\/product\/brallobarbitaali-vesparaksi\/#breadcrumb","itemListElement":[{"@type":"ListItem","position":1,"name":"Myym\u00e4l\u00e4","item":"https:\/\/medicinasinc.com\/fi\/myymala\/"},{"@type":"ListItem","position":2,"name":"Brallobarbitaali (Vesparax)"}]},{"@type":"WebSite","@id":"https:\/\/medicinasinc.com\/fi\/#website","url":"https:\/\/medicinasinc.com\/fi\/","name":"Medicinas Inc","description":"Health Medical Clinic","potentialAction":[{"@type":"SearchAction","target":{"@type":"EntryPoint","urlTemplate":"https:\/\/medicinasinc.com\/fi\/?s={search_term_string}"},"query-input":{"@type":"PropertyValueSpecification","valueRequired":true,"valueName":"search_term_string"}}],"inLanguage":"en-US"}]}},"_links":{"self":[{"href":"https:\/\/medicinasinc.com\/fi\/wp-json\/wp\/v2\/product\/5840","targetHints":{"allow":["GET"]}}],"collection":[{"href":"https:\/\/medicinasinc.com\/fi\/wp-json\/wp\/v2\/product"}],"about":[{"href":"https:\/\/medicinasinc.com\/fi\/wp-json\/wp\/v2\/types\/product"}],"replies":[{"embeddable":true,"href":"https:\/\/medicinasinc.com\/fi\/wp-json\/wp\/v2\/comments?post=5840"}],"wp:featuredmedia":[{"embeddable":true,"href":"https:\/\/medicinasinc.com\/fi\/wp-json\/wp\/v2\/media\/5850"}],"wp:attachment":[{"href":"https:\/\/medicinasinc.com\/fi\/wp-json\/wp\/v2\/media?parent=5840"}],"wp:term":[{"taxonomy":"product_brand","embeddable":true,"href":"https:\/\/medicinasinc.com\/fi\/wp-json\/wp\/v2\/product_brand?post=5840"},{"taxonomy":"product_cat","embeddable":true,"href":"https:\/\/medicinasinc.com\/fi\/wp-json\/wp\/v2\/product_cat?post=5840"},{"taxonomy":"product_tag","embeddable":true,"href":"https:\/\/medicinasinc.com\/fi\/wp-json\/wp\/v2\/product_tag?post=5840"}],"curies":[{"name":"wp","href":"https:\/\/api.w.org\/{rel}","templated":true}]}}