{"id":5834,"date":"2022-02-22T07:05:31","date_gmt":"2022-02-22T07:05:31","guid":{"rendered":"https:\/\/medicinasinc.com\/fi\/?post_type=product&#038;p=5834"},"modified":"2022-03-22T00:47:49","modified_gmt":"2022-03-22T00:47:49","slug":"osta-butabarbitaali-verkosta","status":"publish","type":"product","link":"https:\/\/medicinasinc.com\/fi\/product\/osta-butabarbitaali-verkosta\/","title":{"rendered":"Osta butabarbitaali verkosta"},"content":{"rendered":"<p>Osta 50 mg butabarbitaalinatriumtabletteja Best Pharmacy Onlinesta.<\/p>\n<p>Nembutal Online Pharmacy on paras paikka ostaa butabarbitaalinatrium 50 mg -tabletteja alhaisin kustannuksin. Olemme toimineet l\u00e4\u00e4keteollisuudessa pitk\u00e4\u00e4n. Voit luottaa siihen, ett\u00e4 tarjoamme parasta mahdollista hoitoa terveydelle. Ammattitaitoiset tiimimme j\u00e4senet tekev\u00e4t kaikkensa ylitt\u00e4\u00e4kseen odotuksesi. Osta heti!<\/p>\n<p>Miten sinun pit\u00e4isi k\u00e4ytt\u00e4\u00e4 butabarbitaalinatriumia sen j\u00e4lkeen, kun olet ostanut sen meilt\u00e4?<\/p>\n<p>Butabarbitaalinatrium on erinomainen l\u00e4\u00e4ke ihmisten unettomuuden hoitoon. Yleens\u00e4 se on lyhytaikainen l\u00e4\u00e4kitys. T\u00e4t\u00e4 ainetta voidaan k\u00e4ytt\u00e4\u00e4 l\u00e4\u00e4keteollisuudessa rauhoittavana aineena ennen leikkausta.<\/p>\n<p>Varmistaaksemme butabarbitaalinatriumin oikean annon tarjoamme asiakkaillemme manuaalisen oppaan. T\u00e4m\u00e4 k\u00e4ytt\u00f6opas sis\u00e4lt\u00e4\u00e4 kaikki l\u00e4\u00e4kkeen ohjeet. Voit helposti lukea ne yksitellen ja k\u00e4ytt\u00e4\u00e4 niit\u00e4 niihin syihin, joihin ne on tarkoitettu. Voit luottaa t\u00e4ysin tunnettuun verkkoapteekkiimme. Otamme jatkuvasti huomioon arvostettujen kuluttajiemme edun. Olemme jatkuvasti huolissamme asiakkaidemme terveydest\u00e4 ja tarkastamme kaikki tuotteet ennen toimitusta.<\/p>\n<p>Voit ottaa meihin yhteytt\u00e4 saadaksesi Butabarbital Sodiumin parhaan hinnan. Asiantuntijamme k\u00e4\u00e4nt\u00e4v\u00e4t tilauksesi ja j\u00e4rjest\u00e4v\u00e4t sen v\u00e4litt\u00f6m\u00e4\u00e4n toimitukseen. L\u00e4\u00e4kkeesi l\u00e4hetet\u00e4\u00e4n sinulle verkkoapteekkimme ilmoittaman ajan kuluessa. Nembutal on saatavilla alennushintaan juuri nyt!<\/p>\n","protected":false},"excerpt":{"rendered":"<p>Kuinka saan butabarbitaalinatriumia Nembutal-verkkoapteekista?<\/p>\n<p>Nembutal-verkkoapteekki on nyt saatavilla. L\u00e4het\u00e4 tilaustietosi ja maksu Butabarbital Sodium 50 mg -tableteista virallisella verkkosivustollamme. Kun tilaus on tehty, se k\u00e4sitell\u00e4\u00e4n m\u00e4\u00e4ritetyn ajan kuluessa. Tee tilauksesi jo t\u00e4n\u00e4\u00e4n!<\/p>\n","protected":false},"featured_media":5844,"comment_status":"open","ping_status":"closed","template":"","meta":[],"product_brand":[],"product_cat":[3818],"product_tag":[],"class_list":{"0":"post-5834","1":"product","2":"type-product","3":"status-publish","4":"has-post-thumbnail","6":"product_cat-pentobarbitaali-myynniss","8":"first","9":"instock","10":"shipping-taxable","11":"purchasable","12":"product-type-variable"},"yoast_head":"<!-- This site is optimized with the Yoast SEO plugin v27.3 - https:\/\/yoast.com\/product\/yoast-seo-wordpress\/ -->\n<title>Osta butabarbitaali verkossa - parhaat maailmanlaajuiset l\u00e4\u00e4kkeet<\/title>\n<meta name=\"robots\" content=\"index, follow, max-snippet:-1, max-image-preview:large, max-video-preview:-1\" \/>\n<link rel=\"canonical\" href=\"https:\/\/medicinasinc.com\/fi\/product\/osta-butabarbitaali-verkosta\/\" \/>\n<meta property=\"og:locale\" content=\"en_US\" \/>\n<meta property=\"og:type\" content=\"article\" \/>\n<meta property=\"og:title\" content=\"Osta butabarbitaali verkossa - parhaat maailmanlaajuiset l\u00e4\u00e4kkeet\" \/>\n<meta property=\"og:description\" content=\"Kuinka saan butabarbitaalinatriumia Nembutal-verkkoapteekista? Nembutal-verkkoapteekki on nyt saatavilla. L\u00e4het\u00e4 tilaustietosi ja maksu Butabarbital Sodium 50 mg -tableteista virallisella verkkosivustollamme. Kun tilaus on tehty, se k\u00e4sitell\u00e4\u00e4n m\u00e4\u00e4ritetyn ajan kuluessa. Tee tilauksesi jo t\u00e4n\u00e4\u00e4n!\" \/>\n<meta property=\"og:url\" content=\"https:\/\/medicinasinc.com\/fi\/product\/osta-butabarbitaali-verkosta\/\" \/>\n<meta property=\"og:site_name\" content=\"Medicinas Inc\" \/>\n<meta property=\"article:modified_time\" content=\"2022-03-22T00:47:49+00:00\" \/>\n<meta property=\"og:image\" content=\"https:\/\/medicinasinc.com\/fi\/wp-content\/uploads\/sites\/12\/2022\/02\/Buy-Butabarbital.jpg\" \/>\n\t<meta property=\"og:image:width\" content=\"600\" \/>\n\t<meta property=\"og:image:height\" content=\"600\" \/>\n\t<meta property=\"og:image:type\" content=\"image\/jpeg\" \/>\n<meta name=\"twitter:card\" content=\"summary_large_image\" \/>\n<meta name=\"twitter:label1\" content=\"Est. reading time\" \/>\n\t<meta name=\"twitter:data1\" content=\"2 minutes\" \/>\n<script type=\"application\/ld+json\" class=\"yoast-schema-graph\">{\"@context\":\"https:\\\/\\\/schema.org\",\"@graph\":[{\"@type\":\"WebPage\",\"@id\":\"https:\\\/\\\/medicinasinc.com\\\/fi\\\/product\\\/osta-butabarbitaali-verkosta\\\/\",\"url\":\"https:\\\/\\\/medicinasinc.com\\\/fi\\\/product\\\/osta-butabarbitaali-verkosta\\\/\",\"name\":\"Osta butabarbitaali verkossa - parhaat maailmanlaajuiset l\u00e4\u00e4kkeet\",\"isPartOf\":{\"@id\":\"https:\\\/\\\/medicinasinc.com\\\/fi\\\/#website\"},\"primaryImageOfPage\":{\"@id\":\"https:\\\/\\\/medicinasinc.com\\\/fi\\\/product\\\/osta-butabarbitaali-verkosta\\\/#primaryimage\"},\"image\":{\"@id\":\"https:\\\/\\\/medicinasinc.com\\\/fi\\\/product\\\/osta-butabarbitaali-verkosta\\\/#primaryimage\"},\"thumbnailUrl\":\"https:\\\/\\\/medicinasinc.com\\\/fi\\\/wp-content\\\/uploads\\\/sites\\\/12\\\/2022\\\/02\\\/Buy-Butabarbital.jpg\",\"datePublished\":\"2022-02-22T07:05:31+00:00\",\"dateModified\":\"2022-03-22T00:47:49+00:00\",\"breadcrumb\":{\"@id\":\"https:\\\/\\\/medicinasinc.com\\\/fi\\\/product\\\/osta-butabarbitaali-verkosta\\\/#breadcrumb\"},\"inLanguage\":\"en-US\",\"potentialAction\":[{\"@type\":\"ReadAction\",\"target\":[\"https:\\\/\\\/medicinasinc.com\\\/fi\\\/product\\\/osta-butabarbitaali-verkosta\\\/\"]}]},{\"@type\":\"ImageObject\",\"inLanguage\":\"en-US\",\"@id\":\"https:\\\/\\\/medicinasinc.com\\\/fi\\\/product\\\/osta-butabarbitaali-verkosta\\\/#primaryimage\",\"url\":\"https:\\\/\\\/medicinasinc.com\\\/fi\\\/wp-content\\\/uploads\\\/sites\\\/12\\\/2022\\\/02\\\/Buy-Butabarbital.jpg\",\"contentUrl\":\"https:\\\/\\\/medicinasinc.com\\\/fi\\\/wp-content\\\/uploads\\\/sites\\\/12\\\/2022\\\/02\\\/Buy-Butabarbital.jpg\",\"width\":600,\"height\":600},{\"@type\":\"BreadcrumbList\",\"@id\":\"https:\\\/\\\/medicinasinc.com\\\/fi\\\/product\\\/osta-butabarbitaali-verkosta\\\/#breadcrumb\",\"itemListElement\":[{\"@type\":\"ListItem\",\"position\":1,\"name\":\"Myym\u00e4l\u00e4\",\"item\":\"https:\\\/\\\/medicinasinc.com\\\/fi\\\/myymala\\\/\"},{\"@type\":\"ListItem\",\"position\":2,\"name\":\"Osta butabarbitaali verkosta\"}]},{\"@type\":\"WebSite\",\"@id\":\"https:\\\/\\\/medicinasinc.com\\\/fi\\\/#website\",\"url\":\"https:\\\/\\\/medicinasinc.com\\\/fi\\\/\",\"name\":\"Medicinas Inc\",\"description\":\"Health Medical Clinic\",\"potentialAction\":[{\"@type\":\"SearchAction\",\"target\":{\"@type\":\"EntryPoint\",\"urlTemplate\":\"https:\\\/\\\/medicinasinc.com\\\/fi\\\/?s={search_term_string}\"},\"query-input\":{\"@type\":\"PropertyValueSpecification\",\"valueRequired\":true,\"valueName\":\"search_term_string\"}}],\"inLanguage\":\"en-US\"}]}<\/script>\n<!-- \/ Yoast SEO plugin. -->","yoast_head_json":{"title":"Osta butabarbitaali verkossa - parhaat maailmanlaajuiset l\u00e4\u00e4kkeet","robots":{"index":"index","follow":"follow","max-snippet":"max-snippet:-1","max-image-preview":"max-image-preview:large","max-video-preview":"max-video-preview:-1"},"canonical":"https:\/\/medicinasinc.com\/fi\/product\/osta-butabarbitaali-verkosta\/","og_locale":"en_US","og_type":"article","og_title":"Osta butabarbitaali verkossa - parhaat maailmanlaajuiset l\u00e4\u00e4kkeet","og_description":"Kuinka saan butabarbitaalinatriumia Nembutal-verkkoapteekista? Nembutal-verkkoapteekki on nyt saatavilla. L\u00e4het\u00e4 tilaustietosi ja maksu Butabarbital Sodium 50 mg -tableteista virallisella verkkosivustollamme. Kun tilaus on tehty, se k\u00e4sitell\u00e4\u00e4n m\u00e4\u00e4ritetyn ajan kuluessa. Tee tilauksesi jo t\u00e4n\u00e4\u00e4n!","og_url":"https:\/\/medicinasinc.com\/fi\/product\/osta-butabarbitaali-verkosta\/","og_site_name":"Medicinas Inc","article_modified_time":"2022-03-22T00:47:49+00:00","og_image":[{"width":600,"height":600,"url":"https:\/\/medicinasinc.com\/fi\/wp-content\/uploads\/sites\/12\/2022\/02\/Buy-Butabarbital.jpg","type":"image\/jpeg"}],"twitter_card":"summary_large_image","twitter_misc":{"Est. reading time":"2 minutes"},"schema":{"@context":"https:\/\/schema.org","@graph":[{"@type":"WebPage","@id":"https:\/\/medicinasinc.com\/fi\/product\/osta-butabarbitaali-verkosta\/","url":"https:\/\/medicinasinc.com\/fi\/product\/osta-butabarbitaali-verkosta\/","name":"Osta butabarbitaali verkossa - parhaat maailmanlaajuiset l\u00e4\u00e4kkeet","isPartOf":{"@id":"https:\/\/medicinasinc.com\/fi\/#website"},"primaryImageOfPage":{"@id":"https:\/\/medicinasinc.com\/fi\/product\/osta-butabarbitaali-verkosta\/#primaryimage"},"image":{"@id":"https:\/\/medicinasinc.com\/fi\/product\/osta-butabarbitaali-verkosta\/#primaryimage"},"thumbnailUrl":"https:\/\/medicinasinc.com\/fi\/wp-content\/uploads\/sites\/12\/2022\/02\/Buy-Butabarbital.jpg","datePublished":"2022-02-22T07:05:31+00:00","dateModified":"2022-03-22T00:47:49+00:00","breadcrumb":{"@id":"https:\/\/medicinasinc.com\/fi\/product\/osta-butabarbitaali-verkosta\/#breadcrumb"},"inLanguage":"en-US","potentialAction":[{"@type":"ReadAction","target":["https:\/\/medicinasinc.com\/fi\/product\/osta-butabarbitaali-verkosta\/"]}]},{"@type":"ImageObject","inLanguage":"en-US","@id":"https:\/\/medicinasinc.com\/fi\/product\/osta-butabarbitaali-verkosta\/#primaryimage","url":"https:\/\/medicinasinc.com\/fi\/wp-content\/uploads\/sites\/12\/2022\/02\/Buy-Butabarbital.jpg","contentUrl":"https:\/\/medicinasinc.com\/fi\/wp-content\/uploads\/sites\/12\/2022\/02\/Buy-Butabarbital.jpg","width":600,"height":600},{"@type":"BreadcrumbList","@id":"https:\/\/medicinasinc.com\/fi\/product\/osta-butabarbitaali-verkosta\/#breadcrumb","itemListElement":[{"@type":"ListItem","position":1,"name":"Myym\u00e4l\u00e4","item":"https:\/\/medicinasinc.com\/fi\/myymala\/"},{"@type":"ListItem","position":2,"name":"Osta butabarbitaali verkosta"}]},{"@type":"WebSite","@id":"https:\/\/medicinasinc.com\/fi\/#website","url":"https:\/\/medicinasinc.com\/fi\/","name":"Medicinas Inc","description":"Health Medical Clinic","potentialAction":[{"@type":"SearchAction","target":{"@type":"EntryPoint","urlTemplate":"https:\/\/medicinasinc.com\/fi\/?s={search_term_string}"},"query-input":{"@type":"PropertyValueSpecification","valueRequired":true,"valueName":"search_term_string"}}],"inLanguage":"en-US"}]}},"_links":{"self":[{"href":"https:\/\/medicinasinc.com\/fi\/wp-json\/wp\/v2\/product\/5834","targetHints":{"allow":["GET"]}}],"collection":[{"href":"https:\/\/medicinasinc.com\/fi\/wp-json\/wp\/v2\/product"}],"about":[{"href":"https:\/\/medicinasinc.com\/fi\/wp-json\/wp\/v2\/types\/product"}],"replies":[{"embeddable":true,"href":"https:\/\/medicinasinc.com\/fi\/wp-json\/wp\/v2\/comments?post=5834"}],"wp:featuredmedia":[{"embeddable":true,"href":"https:\/\/medicinasinc.com\/fi\/wp-json\/wp\/v2\/media\/5844"}],"wp:attachment":[{"href":"https:\/\/medicinasinc.com\/fi\/wp-json\/wp\/v2\/media?parent=5834"}],"wp:term":[{"taxonomy":"product_brand","embeddable":true,"href":"https:\/\/medicinasinc.com\/fi\/wp-json\/wp\/v2\/product_brand?post=5834"},{"taxonomy":"product_cat","embeddable":true,"href":"https:\/\/medicinasinc.com\/fi\/wp-json\/wp\/v2\/product_cat?post=5834"},{"taxonomy":"product_tag","embeddable":true,"href":"https:\/\/medicinasinc.com\/fi\/wp-json\/wp\/v2\/product_tag?post=5834"}],"curies":[{"name":"wp","href":"https:\/\/api.w.org\/{rel}","templated":true}]}}