{"id":5828,"date":"2022-02-22T06:59:00","date_gmt":"2022-02-22T06:59:00","guid":{"rendered":"https:\/\/medicinasinc.com\/fi\/?post_type=product&#038;p=5828"},"modified":"2022-03-22T00:47:58","modified_gmt":"2022-03-22T00:47:58","slug":"osta-butalbital-verkosta","status":"publish","type":"product","link":"https:\/\/medicinasinc.com\/fi\/product\/osta-butalbital-verkosta\/","title":{"rendered":"Osta Butalbital verkossa"},"content":{"rendered":"<div class=\"mkdf-single-product-content\">\n<div class=\"mkdf-single-product-summary\">\n<div class=\"summary entry-summary\">\n<div class=\"woocommerce-tabs wc-tabs -wrapper\">\n<div id=\"tab-description\" class=\"woocommerce-Tabs-panel woocommerce-Tabs-panel--description panel entry-content wc-tab\" role=\"tabpanel\" aria-labelledby=\"tab-title -description\">\n<div id=\"ftwp-postcontent\">\n<p>Osta Nembutal Butalbital parhaasta verkkoapteekista ilman resepti\u00e4<\/p>\n<p>Online Nembutal Pharmacy on hyv\u00e4maineinen verkkoapteekki, joka on tunnettu ammattitaidolla ja laadukkailla l\u00e4\u00e4kkeill\u00e4. Voit saada Nembutal Butalbitalia vaivattomasti verkosta ilman resepti\u00e4 t\u00e4lt\u00e4 sivustolta. Olemme sitoutuneet tarjoamaan korkealaatuisia tuotteita asiakkaille maailmanlaajuisesti. Huolehdimme jokaisen asiakkaan tarpeista ja tarpeista ja t\u00e4yt\u00e4mme ne aina aikataulussa.<\/p>\n<p>Meihin voit ottaa nopeasti yhteytt\u00e4 Internet-alustan kautta ja hankkia haluamasi l\u00e4\u00e4kkeet lyhyess\u00e4 ajassa. Nyky\u00e4\u00e4n voit tilata Butalbitalia verkosta!<\/p>\n<p>Mit\u00e4 Nembutal Butalbitalin edut ovat?<\/p>\n<p>Butalbital on reseptil\u00e4\u00e4ke, jota k\u00e4ytet\u00e4\u00e4n lyhyen aikaa. T\u00e4t\u00e4 l\u00e4\u00e4kett\u00e4 voidaan k\u00e4ytt\u00e4\u00e4 yhdess\u00e4 muiden l\u00e4\u00e4kkeiden, kuten parasetamolin (asetaminofeeni) tai aspiriinin kanssa kivun ja p\u00e4\u00e4ns\u00e4ryn lievitt\u00e4miseksi. Lis\u00e4ksi se on hyv\u00e4ksytty j\u00e4nnitysp\u00e4\u00e4ns\u00e4ryn hoitoon.<\/p>\n<p>Jos haluat ostaa Butalbitalia verkosta parhaaseen hintaan, aloita lis\u00e4\u00e4m\u00e4ll\u00e4 se ostoskoriin. Kun olet suorittanut lis\u00e4yksen, voit jatkaa maksun suorittamista. Olemme sis\u00e4llytt\u00e4neet erilaisia \u200b\u200bmaksuyhdysk\u00e4yt\u00e4vi\u00e4. Voit valita sopivimman ja suorittaa tilauksesi maksuprosessin loppuun.<\/p>\n<p>Mist\u00e4 voin ostaa Nembutal Butalbitalia verkossa parhaaseen hintaan?<\/p>\n<p>Jos sinulle on m\u00e4\u00e4r\u00e4tty Butalbitalia, se on aika ostaa Butalbital verkosta Nembutal-apteekistamme.<\/p>\n<p>Yhteyden muodostaminen verkkoapteekkiimme ei ole koskaan ollut n\u00e4in helppoa. Verkkosivustomme on eritt\u00e4in yksinkertainen ja k\u00e4ytt\u00e4j\u00e4yst\u00e4v\u00e4llinen, mik\u00e4 auttaa kuluttajia tuntemaan olonsa mukavaksi tilaaessaan tuotteitaan.<\/p>\n<\/p><\/div><\/div><\/div><\/div><\/div><\/div>\n","protected":false},"excerpt":{"rendered":"<p>Verkkoapteekkimme saa tilauksesi heti sen tekemisen j\u00e4lkeen. Priorisoimme sen ja teemme sen mahdollisimman nopeasti. Meill\u00e4 menee yleens\u00e4 5 p\u00e4iv\u00e4\u00e4 tavaran toimittamiseen, mik\u00e4 kattaa vain arkip\u00e4iv\u00e4t. Viikon sis\u00e4ll\u00e4 saat Nembutal Butalbitalia parhaassa mahdollisessa kunnossa. Tee ostoksesi heti!<\/p>\n","protected":false},"featured_media":5838,"comment_status":"open","ping_status":"closed","template":"","meta":[],"product_brand":[],"product_cat":[3818],"product_tag":[3972,1051,3928,3978,3979,3981,3983,3840,3980,3982,4004,4006,4005,3845,3993,3988,4001,3987,3977,3999,3997,3984,3985,3986,3989,3990,3847,3934,3994,3865,3936,3995,3996,4000,3992,3991,3998,4002,3974,3975,3976,3973,4003],"class_list":{"0":"post-5828","1":"product","2":"type-product","3":"status-publish","4":"has-post-thumbnail","6":"product_cat-pentobarbitaali-myynniss","7":"product_tag-and-amytal","8":"product_tag-buy-nembutal","9":"product_tag-buy-nembutal-online","10":"product_tag-drugs-prescribed-to-reduce-insomnia","11":"product_tag-how-much-does-nembutal-cost","12":"product_tag-how-to-get-nembutal","13":"product_tag-how-to-take-nembutal-to-die","14":"product_tag-kuinka-to-acquire-nembutal","15":"product_tag-kuinka-paljon-nembutaali-on-on-kohtalokasta","16":"product_tag-kuinka-tehd-nembutaali","17":"product_tag-mik-on-nembutaali","18":"product_tag-mist-osta-nembutalia-meksikossa","19":"product_tag-mist-voin-ostaa-nembutalia","20":"product_tag-nembutaali","21":"product_tag-nembutaali-pentobarbitaali","22":"product_tag-nembutaali-tappava-annos","23":"product_tag-saaminen-nembutaali","24":"product_tag-nembutal-mritelm","25":"product_tag-ostaminen-nembutal-verkosta","26":"product_tag-nembutaali-natrium","27":"product_tag-nembutal-aikataulu","28":"product_tag-nembutal-capsules","29":"product_tag-nembutal-china","30":"product_tag-nembutal-death","31":"product_tag-nembutal-mexico","32":"product_tag-nembutal-mexico-2018","33":"product_tag-nembutal-myynniss","34":"product_tag-nembutal-buy-online","35":"product_tag-nembutal-pill","36":"product_tag-nembutal-pillerit-myynniss","37":"product_tag-nembutal-powder","38":"product_tag-nembutal-price","39":"product_tag-nembutal-reddit","40":"product_tag-nembutal-suppository","41":"product_tag-reseptivapaa-nembutal","42":"product_tag-nembutal-online","43":"product_tag-nembutaalin-sivuvaikutuksia","44":"product_tag-order-nembutal-online","45":"product_tag-osta-nembutal-kanada","46":"product_tag-osta-nembutal-mexico","47":"product_tag-osto-nembutaali","48":"product_tag-ovat","49":"product_tag-seconal","51":"first","52":"instock","53":"shipping-taxable","54":"purchasable","55":"product-type-variable"},"yoast_head":"<!-- This site is optimized with the Yoast SEO plugin v27.3 - https:\/\/yoast.com\/product\/yoast-seo-wordpress\/ -->\n<title>Osta Butalbital Online - Parhaat Maailmanlaajuiset L\u00e4\u00e4kkeet<\/title>\n<meta name=\"robots\" content=\"index, follow, max-snippet:-1, max-image-preview:large, max-video-preview:-1\" \/>\n<link rel=\"canonical\" href=\"https:\/\/medicinasinc.com\/fi\/product\/osta-butalbital-verkosta\/\" \/>\n<meta property=\"og:locale\" content=\"en_US\" \/>\n<meta property=\"og:type\" content=\"article\" \/>\n<meta property=\"og:title\" content=\"Osta Butalbital Online - Parhaat Maailmanlaajuiset L\u00e4\u00e4kkeet\" \/>\n<meta property=\"og:description\" content=\"Verkkoapteekkimme saa tilauksesi heti sen tekemisen j\u00e4lkeen. Priorisoimme sen ja teemme sen mahdollisimman nopeasti. Meill\u00e4 menee yleens\u00e4 5 p\u00e4iv\u00e4\u00e4 tavaran toimittamiseen, mik\u00e4 kattaa vain arkip\u00e4iv\u00e4t. Viikon sis\u00e4ll\u00e4 saat Nembutal Butalbitalia parhaassa mahdollisessa kunnossa. Tee ostoksesi heti!\" \/>\n<meta property=\"og:url\" content=\"https:\/\/medicinasinc.com\/fi\/product\/osta-butalbital-verkosta\/\" \/>\n<meta property=\"og:site_name\" content=\"Medicinas Inc\" \/>\n<meta property=\"article:modified_time\" content=\"2022-03-22T00:47:58+00:00\" \/>\n<meta property=\"og:image\" content=\"https:\/\/medicinasinc.com\/fi\/wp-content\/uploads\/sites\/12\/2022\/02\/Buy-Butalbital-Online.jpg\" \/>\n\t<meta property=\"og:image:width\" content=\"600\" \/>\n\t<meta property=\"og:image:height\" content=\"600\" \/>\n\t<meta property=\"og:image:type\" content=\"image\/jpeg\" \/>\n<meta name=\"twitter:card\" content=\"summary_large_image\" \/>\n<meta name=\"twitter:label1\" content=\"Est. reading time\" \/>\n\t<meta name=\"twitter:data1\" content=\"2 minutes\" \/>\n<script type=\"application\/ld+json\" class=\"yoast-schema-graph\">{\"@context\":\"https:\\\/\\\/schema.org\",\"@graph\":[{\"@type\":\"WebPage\",\"@id\":\"https:\\\/\\\/medicinasinc.com\\\/fi\\\/product\\\/osta-butalbital-verkosta\\\/\",\"url\":\"https:\\\/\\\/medicinasinc.com\\\/fi\\\/product\\\/osta-butalbital-verkosta\\\/\",\"name\":\"Osta Butalbital Online - Parhaat Maailmanlaajuiset L\u00e4\u00e4kkeet\",\"isPartOf\":{\"@id\":\"https:\\\/\\\/medicinasinc.com\\\/fi\\\/#website\"},\"primaryImageOfPage\":{\"@id\":\"https:\\\/\\\/medicinasinc.com\\\/fi\\\/product\\\/osta-butalbital-verkosta\\\/#primaryimage\"},\"image\":{\"@id\":\"https:\\\/\\\/medicinasinc.com\\\/fi\\\/product\\\/osta-butalbital-verkosta\\\/#primaryimage\"},\"thumbnailUrl\":\"https:\\\/\\\/medicinasinc.com\\\/fi\\\/wp-content\\\/uploads\\\/sites\\\/12\\\/2022\\\/02\\\/Buy-Butalbital-Online.jpg\",\"datePublished\":\"2022-02-22T06:59:00+00:00\",\"dateModified\":\"2022-03-22T00:47:58+00:00\",\"breadcrumb\":{\"@id\":\"https:\\\/\\\/medicinasinc.com\\\/fi\\\/product\\\/osta-butalbital-verkosta\\\/#breadcrumb\"},\"inLanguage\":\"en-US\",\"potentialAction\":[{\"@type\":\"ReadAction\",\"target\":[\"https:\\\/\\\/medicinasinc.com\\\/fi\\\/product\\\/osta-butalbital-verkosta\\\/\"]}]},{\"@type\":\"ImageObject\",\"inLanguage\":\"en-US\",\"@id\":\"https:\\\/\\\/medicinasinc.com\\\/fi\\\/product\\\/osta-butalbital-verkosta\\\/#primaryimage\",\"url\":\"https:\\\/\\\/medicinasinc.com\\\/fi\\\/wp-content\\\/uploads\\\/sites\\\/12\\\/2022\\\/02\\\/Buy-Butalbital-Online.jpg\",\"contentUrl\":\"https:\\\/\\\/medicinasinc.com\\\/fi\\\/wp-content\\\/uploads\\\/sites\\\/12\\\/2022\\\/02\\\/Buy-Butalbital-Online.jpg\",\"width\":600,\"height\":600},{\"@type\":\"BreadcrumbList\",\"@id\":\"https:\\\/\\\/medicinasinc.com\\\/fi\\\/product\\\/osta-butalbital-verkosta\\\/#breadcrumb\",\"itemListElement\":[{\"@type\":\"ListItem\",\"position\":1,\"name\":\"Myym\u00e4l\u00e4\",\"item\":\"https:\\\/\\\/medicinasinc.com\\\/fi\\\/myymala\\\/\"},{\"@type\":\"ListItem\",\"position\":2,\"name\":\"Osta Butalbital verkossa\"}]},{\"@type\":\"WebSite\",\"@id\":\"https:\\\/\\\/medicinasinc.com\\\/fi\\\/#website\",\"url\":\"https:\\\/\\\/medicinasinc.com\\\/fi\\\/\",\"name\":\"Medicinas Inc\",\"description\":\"Health Medical Clinic\",\"potentialAction\":[{\"@type\":\"SearchAction\",\"target\":{\"@type\":\"EntryPoint\",\"urlTemplate\":\"https:\\\/\\\/medicinasinc.com\\\/fi\\\/?s={search_term_string}\"},\"query-input\":{\"@type\":\"PropertyValueSpecification\",\"valueRequired\":true,\"valueName\":\"search_term_string\"}}],\"inLanguage\":\"en-US\"}]}<\/script>\n<!-- \/ Yoast SEO plugin. -->","yoast_head_json":{"title":"Osta Butalbital Online - Parhaat Maailmanlaajuiset L\u00e4\u00e4kkeet","robots":{"index":"index","follow":"follow","max-snippet":"max-snippet:-1","max-image-preview":"max-image-preview:large","max-video-preview":"max-video-preview:-1"},"canonical":"https:\/\/medicinasinc.com\/fi\/product\/osta-butalbital-verkosta\/","og_locale":"en_US","og_type":"article","og_title":"Osta Butalbital Online - Parhaat Maailmanlaajuiset L\u00e4\u00e4kkeet","og_description":"Verkkoapteekkimme saa tilauksesi heti sen tekemisen j\u00e4lkeen. Priorisoimme sen ja teemme sen mahdollisimman nopeasti. Meill\u00e4 menee yleens\u00e4 5 p\u00e4iv\u00e4\u00e4 tavaran toimittamiseen, mik\u00e4 kattaa vain arkip\u00e4iv\u00e4t. Viikon sis\u00e4ll\u00e4 saat Nembutal Butalbitalia parhaassa mahdollisessa kunnossa. Tee ostoksesi heti!","og_url":"https:\/\/medicinasinc.com\/fi\/product\/osta-butalbital-verkosta\/","og_site_name":"Medicinas Inc","article_modified_time":"2022-03-22T00:47:58+00:00","og_image":[{"width":600,"height":600,"url":"https:\/\/medicinasinc.com\/fi\/wp-content\/uploads\/sites\/12\/2022\/02\/Buy-Butalbital-Online.jpg","type":"image\/jpeg"}],"twitter_card":"summary_large_image","twitter_misc":{"Est. reading time":"2 minutes"},"schema":{"@context":"https:\/\/schema.org","@graph":[{"@type":"WebPage","@id":"https:\/\/medicinasinc.com\/fi\/product\/osta-butalbital-verkosta\/","url":"https:\/\/medicinasinc.com\/fi\/product\/osta-butalbital-verkosta\/","name":"Osta Butalbital Online - Parhaat Maailmanlaajuiset L\u00e4\u00e4kkeet","isPartOf":{"@id":"https:\/\/medicinasinc.com\/fi\/#website"},"primaryImageOfPage":{"@id":"https:\/\/medicinasinc.com\/fi\/product\/osta-butalbital-verkosta\/#primaryimage"},"image":{"@id":"https:\/\/medicinasinc.com\/fi\/product\/osta-butalbital-verkosta\/#primaryimage"},"thumbnailUrl":"https:\/\/medicinasinc.com\/fi\/wp-content\/uploads\/sites\/12\/2022\/02\/Buy-Butalbital-Online.jpg","datePublished":"2022-02-22T06:59:00+00:00","dateModified":"2022-03-22T00:47:58+00:00","breadcrumb":{"@id":"https:\/\/medicinasinc.com\/fi\/product\/osta-butalbital-verkosta\/#breadcrumb"},"inLanguage":"en-US","potentialAction":[{"@type":"ReadAction","target":["https:\/\/medicinasinc.com\/fi\/product\/osta-butalbital-verkosta\/"]}]},{"@type":"ImageObject","inLanguage":"en-US","@id":"https:\/\/medicinasinc.com\/fi\/product\/osta-butalbital-verkosta\/#primaryimage","url":"https:\/\/medicinasinc.com\/fi\/wp-content\/uploads\/sites\/12\/2022\/02\/Buy-Butalbital-Online.jpg","contentUrl":"https:\/\/medicinasinc.com\/fi\/wp-content\/uploads\/sites\/12\/2022\/02\/Buy-Butalbital-Online.jpg","width":600,"height":600},{"@type":"BreadcrumbList","@id":"https:\/\/medicinasinc.com\/fi\/product\/osta-butalbital-verkosta\/#breadcrumb","itemListElement":[{"@type":"ListItem","position":1,"name":"Myym\u00e4l\u00e4","item":"https:\/\/medicinasinc.com\/fi\/myymala\/"},{"@type":"ListItem","position":2,"name":"Osta Butalbital verkossa"}]},{"@type":"WebSite","@id":"https:\/\/medicinasinc.com\/fi\/#website","url":"https:\/\/medicinasinc.com\/fi\/","name":"Medicinas Inc","description":"Health Medical Clinic","potentialAction":[{"@type":"SearchAction","target":{"@type":"EntryPoint","urlTemplate":"https:\/\/medicinasinc.com\/fi\/?s={search_term_string}"},"query-input":{"@type":"PropertyValueSpecification","valueRequired":true,"valueName":"search_term_string"}}],"inLanguage":"en-US"}]}},"_links":{"self":[{"href":"https:\/\/medicinasinc.com\/fi\/wp-json\/wp\/v2\/product\/5828","targetHints":{"allow":["GET"]}}],"collection":[{"href":"https:\/\/medicinasinc.com\/fi\/wp-json\/wp\/v2\/product"}],"about":[{"href":"https:\/\/medicinasinc.com\/fi\/wp-json\/wp\/v2\/types\/product"}],"replies":[{"embeddable":true,"href":"https:\/\/medicinasinc.com\/fi\/wp-json\/wp\/v2\/comments?post=5828"}],"wp:featuredmedia":[{"embeddable":true,"href":"https:\/\/medicinasinc.com\/fi\/wp-json\/wp\/v2\/media\/5838"}],"wp:attachment":[{"href":"https:\/\/medicinasinc.com\/fi\/wp-json\/wp\/v2\/media?parent=5828"}],"wp:term":[{"taxonomy":"product_brand","embeddable":true,"href":"https:\/\/medicinasinc.com\/fi\/wp-json\/wp\/v2\/product_brand?post=5828"},{"taxonomy":"product_cat","embeddable":true,"href":"https:\/\/medicinasinc.com\/fi\/wp-json\/wp\/v2\/product_cat?post=5828"},{"taxonomy":"product_tag","embeddable":true,"href":"https:\/\/medicinasinc.com\/fi\/wp-json\/wp\/v2\/product_tag?post=5828"}],"curies":[{"name":"wp","href":"https:\/\/api.w.org\/{rel}","templated":true}]}}