{"id":5822,"date":"2022-02-22T06:52:56","date_gmt":"2022-02-22T06:52:56","guid":{"rendered":"https:\/\/medicinasinc.com\/fi\/?post_type=product&#038;p=5822"},"modified":"2022-03-22T00:48:09","modified_gmt":"2022-03-22T00:48:09","slug":"osta-nembutaali-pentobarbitaali","status":"publish","type":"product","link":"https:\/\/medicinasinc.com\/fi\/product\/osta-nembutaali-pentobarbitaali\/","title":{"rendered":"Osta Nembutal Pentobarbitaali"},"content":{"rendered":"<p>Nembutal Pentobarbitaalin verkkoosto The Best Global Medsilt\u00e4<\/p>\n<p>Nembutalin verkkoapteekki on ainoa hyv\u00e4maineinen l\u00e4hde Nembutal Pentobarbitaalin ostamiseen verkosta mahdollisimman alhaisin kustannuksin.<\/p>\n<p>Heti kun saamme Saat tilaustietosi, aloitamme valmisteluprosessin ja sen j\u00e4lkeen toimituksen. Tiimimme j\u00e4senet pakkaavat l\u00e4\u00e4kkeesi turvallisesti ja toimittavat ne sinulle nopeasti. Voit odottaa meilt\u00e4 vain parasta Nembutal Pentobarbitaalin laadun ja ajantasaisuuden suhteen.<\/p>\n<p>Mit\u00e4 sinun tulee ostaa ostaessasi Nembutal Pentobarbitalia? Mik\u00e4 on sopiva paikka ostaa se?<\/p>\n<p>Nembutal Pentobarbitaali on tehokas kohtausl\u00e4\u00e4ke, jota k\u00e4ytet\u00e4\u00e4n tyypillisesti muiden reseptil\u00e4\u00e4kkeiden kanssa. Jos sinulla on kohtaush\u00e4iri\u00f6, t\u00e4m\u00e4 l\u00e4\u00e4ke on t\u00e4ydellinen sinulle. Voit viett\u00e4\u00e4 p\u00e4iv\u00e4\u00e4si t\u00e4ydell\u00e4 elinvoimalla v\u00e4litt\u00e4m\u00e4tt\u00e4 kohtausjaksosta. Sill\u00e4 on vaikutusta useisiin aivojen alueisiin, mik\u00e4 johtaa kehon seesteiseen tilaan.<\/p>\n<p>Nembutal Pentobarbital Online Pharmacy on paras sivusto Nembutal Pentobarbital -verkkoapteekista halvimmalla hinnalla. T\u00e4t\u00e4 l\u00e4\u00e4kett\u00e4 myyd\u00e4\u00e4n t\u00e4\u00e4ll\u00e4 parhaassa mahdollisessa kunnossa ja eritt\u00e4in huolellisesti. Kaikki l\u00e4\u00e4kkeemme ovat laboratoriotestattuja ja niille on suoritettu useita testej\u00e4. Olemme tehneet yhteisty\u00f6t\u00e4 maailman johtavien l\u00e4\u00e4kevalmistajien kanssa. Jos saat meilt\u00e4 l\u00e4\u00e4kkeit\u00e4, sinun ei tarvitse huolehtia mist\u00e4\u00e4n. Saat ep\u00e4ilem\u00e4tt\u00e4 parasta mahdollista hoitoa terveydest\u00e4si!<\/p>\n","protected":false},"excerpt":{"rendered":"<p>Mit\u00e4 Nembutal-fenobarbitaaliannostusmuotoja tarvitset?<\/p>\n<p>Kuka tahansa maailmassa voi ostaa Nembutalia verkossa verkkoapteekista. Ota meihin yhteytt\u00e4 milloin tahansa, mist\u00e4 tahansa. Kaikkiin asiakkaidemme kysymyksiin tai huolenaiheisiin vastataan viipym\u00e4tt\u00e4 asiakaspalvelumme edustajalta. L\u00e4\u00e4kkeesi laatu tai toimituksen tila ei ole koskaan huolenaihe, kun ty\u00f6skentelet kanssamme. Nembutal Phenobarbitaalia voi ostaa puhelimitse, s\u00e4hk\u00f6postitse tai tekstiviestill\u00e4. Nyt on aika muodostaa yhteys!<\/p>\n","protected":false},"featured_media":5832,"comment_status":"open","ping_status":"closed","template":"","meta":[],"product_brand":[],"product_cat":[3818],"product_tag":[],"class_list":{"0":"post-5822","1":"product","2":"type-product","3":"status-publish","4":"has-post-thumbnail","6":"product_cat-pentobarbitaali-myynniss","8":"first","9":"instock","10":"shipping-taxable","11":"purchasable","12":"product-type-variable"},"yoast_head":"<!-- This site is optimized with the Yoast SEO plugin v27.3 - https:\/\/yoast.com\/product\/yoast-seo-wordpress\/ -->\n<title>Osta Nembutal Pentobarbital - Best Global Meds<\/title>\n<meta name=\"robots\" content=\"index, follow, max-snippet:-1, max-image-preview:large, max-video-preview:-1\" \/>\n<link rel=\"canonical\" href=\"https:\/\/medicinasinc.com\/fi\/product\/osta-nembutaali-pentobarbitaali\/\" \/>\n<meta property=\"og:locale\" content=\"en_US\" \/>\n<meta property=\"og:type\" content=\"article\" \/>\n<meta property=\"og:title\" content=\"Osta Nembutal Pentobarbital - Best Global Meds\" \/>\n<meta property=\"og:description\" content=\"Mit\u00e4 Nembutal-fenobarbitaaliannostusmuotoja tarvitset? Kuka tahansa maailmassa voi ostaa Nembutalia verkossa verkkoapteekista. Ota meihin yhteytt\u00e4 milloin tahansa, mist\u00e4 tahansa. Kaikkiin asiakkaidemme kysymyksiin tai huolenaiheisiin vastataan viipym\u00e4tt\u00e4 asiakaspalvelumme edustajalta. L\u00e4\u00e4kkeesi laatu tai toimituksen tila ei ole koskaan huolenaihe, kun ty\u00f6skentelet kanssamme. Nembutal Phenobarbitaalia voi ostaa puhelimitse, s\u00e4hk\u00f6postitse tai tekstiviestill\u00e4. Nyt on aika muodostaa yhteys!\" \/>\n<meta property=\"og:url\" content=\"https:\/\/medicinasinc.com\/fi\/product\/osta-nembutaali-pentobarbitaali\/\" \/>\n<meta property=\"og:site_name\" content=\"Medicinas Inc\" \/>\n<meta property=\"article:modified_time\" content=\"2022-03-22T00:48:09+00:00\" \/>\n<meta property=\"og:image\" content=\"https:\/\/medicinasinc.com\/fi\/wp-content\/uploads\/sites\/12\/2022\/02\/buy-Nembutal-Pentobarbital-1.jpg\" \/>\n\t<meta property=\"og:image:width\" content=\"600\" \/>\n\t<meta property=\"og:image:height\" content=\"600\" \/>\n\t<meta property=\"og:image:type\" content=\"image\/jpeg\" \/>\n<meta name=\"twitter:card\" content=\"summary_large_image\" \/>\n<meta name=\"twitter:label1\" content=\"Est. reading time\" \/>\n\t<meta name=\"twitter:data1\" content=\"2 minutes\" \/>\n<script type=\"application\/ld+json\" class=\"yoast-schema-graph\">{\"@context\":\"https:\\\/\\\/schema.org\",\"@graph\":[{\"@type\":\"WebPage\",\"@id\":\"https:\\\/\\\/medicinasinc.com\\\/fi\\\/product\\\/osta-nembutaali-pentobarbitaali\\\/\",\"url\":\"https:\\\/\\\/medicinasinc.com\\\/fi\\\/product\\\/osta-nembutaali-pentobarbitaali\\\/\",\"name\":\"Osta Nembutal Pentobarbital - Best Global Meds\",\"isPartOf\":{\"@id\":\"https:\\\/\\\/medicinasinc.com\\\/fi\\\/#website\"},\"primaryImageOfPage\":{\"@id\":\"https:\\\/\\\/medicinasinc.com\\\/fi\\\/product\\\/osta-nembutaali-pentobarbitaali\\\/#primaryimage\"},\"image\":{\"@id\":\"https:\\\/\\\/medicinasinc.com\\\/fi\\\/product\\\/osta-nembutaali-pentobarbitaali\\\/#primaryimage\"},\"thumbnailUrl\":\"https:\\\/\\\/medicinasinc.com\\\/fi\\\/wp-content\\\/uploads\\\/sites\\\/12\\\/2022\\\/02\\\/buy-Nembutal-Pentobarbital-1.jpg\",\"datePublished\":\"2022-02-22T06:52:56+00:00\",\"dateModified\":\"2022-03-22T00:48:09+00:00\",\"breadcrumb\":{\"@id\":\"https:\\\/\\\/medicinasinc.com\\\/fi\\\/product\\\/osta-nembutaali-pentobarbitaali\\\/#breadcrumb\"},\"inLanguage\":\"en-US\",\"potentialAction\":[{\"@type\":\"ReadAction\",\"target\":[\"https:\\\/\\\/medicinasinc.com\\\/fi\\\/product\\\/osta-nembutaali-pentobarbitaali\\\/\"]}]},{\"@type\":\"ImageObject\",\"inLanguage\":\"en-US\",\"@id\":\"https:\\\/\\\/medicinasinc.com\\\/fi\\\/product\\\/osta-nembutaali-pentobarbitaali\\\/#primaryimage\",\"url\":\"https:\\\/\\\/medicinasinc.com\\\/fi\\\/wp-content\\\/uploads\\\/sites\\\/12\\\/2022\\\/02\\\/buy-Nembutal-Pentobarbital-1.jpg\",\"contentUrl\":\"https:\\\/\\\/medicinasinc.com\\\/fi\\\/wp-content\\\/uploads\\\/sites\\\/12\\\/2022\\\/02\\\/buy-Nembutal-Pentobarbital-1.jpg\",\"width\":600,\"height\":600},{\"@type\":\"BreadcrumbList\",\"@id\":\"https:\\\/\\\/medicinasinc.com\\\/fi\\\/product\\\/osta-nembutaali-pentobarbitaali\\\/#breadcrumb\",\"itemListElement\":[{\"@type\":\"ListItem\",\"position\":1,\"name\":\"Myym\u00e4l\u00e4\",\"item\":\"https:\\\/\\\/medicinasinc.com\\\/fi\\\/myymala\\\/\"},{\"@type\":\"ListItem\",\"position\":2,\"name\":\"Osta Nembutal Pentobarbitaali\"}]},{\"@type\":\"WebSite\",\"@id\":\"https:\\\/\\\/medicinasinc.com\\\/fi\\\/#website\",\"url\":\"https:\\\/\\\/medicinasinc.com\\\/fi\\\/\",\"name\":\"Medicinas Inc\",\"description\":\"Health Medical Clinic\",\"potentialAction\":[{\"@type\":\"SearchAction\",\"target\":{\"@type\":\"EntryPoint\",\"urlTemplate\":\"https:\\\/\\\/medicinasinc.com\\\/fi\\\/?s={search_term_string}\"},\"query-input\":{\"@type\":\"PropertyValueSpecification\",\"valueRequired\":true,\"valueName\":\"search_term_string\"}}],\"inLanguage\":\"en-US\"}]}<\/script>\n<!-- \/ Yoast SEO plugin. -->","yoast_head_json":{"title":"Osta Nembutal Pentobarbital - Best Global Meds","robots":{"index":"index","follow":"follow","max-snippet":"max-snippet:-1","max-image-preview":"max-image-preview:large","max-video-preview":"max-video-preview:-1"},"canonical":"https:\/\/medicinasinc.com\/fi\/product\/osta-nembutaali-pentobarbitaali\/","og_locale":"en_US","og_type":"article","og_title":"Osta Nembutal Pentobarbital - Best Global Meds","og_description":"Mit\u00e4 Nembutal-fenobarbitaaliannostusmuotoja tarvitset? Kuka tahansa maailmassa voi ostaa Nembutalia verkossa verkkoapteekista. Ota meihin yhteytt\u00e4 milloin tahansa, mist\u00e4 tahansa. Kaikkiin asiakkaidemme kysymyksiin tai huolenaiheisiin vastataan viipym\u00e4tt\u00e4 asiakaspalvelumme edustajalta. L\u00e4\u00e4kkeesi laatu tai toimituksen tila ei ole koskaan huolenaihe, kun ty\u00f6skentelet kanssamme. Nembutal Phenobarbitaalia voi ostaa puhelimitse, s\u00e4hk\u00f6postitse tai tekstiviestill\u00e4. Nyt on aika muodostaa yhteys!","og_url":"https:\/\/medicinasinc.com\/fi\/product\/osta-nembutaali-pentobarbitaali\/","og_site_name":"Medicinas Inc","article_modified_time":"2022-03-22T00:48:09+00:00","og_image":[{"width":600,"height":600,"url":"https:\/\/medicinasinc.com\/fi\/wp-content\/uploads\/sites\/12\/2022\/02\/buy-Nembutal-Pentobarbital-1.jpg","type":"image\/jpeg"}],"twitter_card":"summary_large_image","twitter_misc":{"Est. reading time":"2 minutes"},"schema":{"@context":"https:\/\/schema.org","@graph":[{"@type":"WebPage","@id":"https:\/\/medicinasinc.com\/fi\/product\/osta-nembutaali-pentobarbitaali\/","url":"https:\/\/medicinasinc.com\/fi\/product\/osta-nembutaali-pentobarbitaali\/","name":"Osta Nembutal Pentobarbital - Best Global Meds","isPartOf":{"@id":"https:\/\/medicinasinc.com\/fi\/#website"},"primaryImageOfPage":{"@id":"https:\/\/medicinasinc.com\/fi\/product\/osta-nembutaali-pentobarbitaali\/#primaryimage"},"image":{"@id":"https:\/\/medicinasinc.com\/fi\/product\/osta-nembutaali-pentobarbitaali\/#primaryimage"},"thumbnailUrl":"https:\/\/medicinasinc.com\/fi\/wp-content\/uploads\/sites\/12\/2022\/02\/buy-Nembutal-Pentobarbital-1.jpg","datePublished":"2022-02-22T06:52:56+00:00","dateModified":"2022-03-22T00:48:09+00:00","breadcrumb":{"@id":"https:\/\/medicinasinc.com\/fi\/product\/osta-nembutaali-pentobarbitaali\/#breadcrumb"},"inLanguage":"en-US","potentialAction":[{"@type":"ReadAction","target":["https:\/\/medicinasinc.com\/fi\/product\/osta-nembutaali-pentobarbitaali\/"]}]},{"@type":"ImageObject","inLanguage":"en-US","@id":"https:\/\/medicinasinc.com\/fi\/product\/osta-nembutaali-pentobarbitaali\/#primaryimage","url":"https:\/\/medicinasinc.com\/fi\/wp-content\/uploads\/sites\/12\/2022\/02\/buy-Nembutal-Pentobarbital-1.jpg","contentUrl":"https:\/\/medicinasinc.com\/fi\/wp-content\/uploads\/sites\/12\/2022\/02\/buy-Nembutal-Pentobarbital-1.jpg","width":600,"height":600},{"@type":"BreadcrumbList","@id":"https:\/\/medicinasinc.com\/fi\/product\/osta-nembutaali-pentobarbitaali\/#breadcrumb","itemListElement":[{"@type":"ListItem","position":1,"name":"Myym\u00e4l\u00e4","item":"https:\/\/medicinasinc.com\/fi\/myymala\/"},{"@type":"ListItem","position":2,"name":"Osta Nembutal Pentobarbitaali"}]},{"@type":"WebSite","@id":"https:\/\/medicinasinc.com\/fi\/#website","url":"https:\/\/medicinasinc.com\/fi\/","name":"Medicinas Inc","description":"Health Medical Clinic","potentialAction":[{"@type":"SearchAction","target":{"@type":"EntryPoint","urlTemplate":"https:\/\/medicinasinc.com\/fi\/?s={search_term_string}"},"query-input":{"@type":"PropertyValueSpecification","valueRequired":true,"valueName":"search_term_string"}}],"inLanguage":"en-US"}]}},"_links":{"self":[{"href":"https:\/\/medicinasinc.com\/fi\/wp-json\/wp\/v2\/product\/5822","targetHints":{"allow":["GET"]}}],"collection":[{"href":"https:\/\/medicinasinc.com\/fi\/wp-json\/wp\/v2\/product"}],"about":[{"href":"https:\/\/medicinasinc.com\/fi\/wp-json\/wp\/v2\/types\/product"}],"replies":[{"embeddable":true,"href":"https:\/\/medicinasinc.com\/fi\/wp-json\/wp\/v2\/comments?post=5822"}],"wp:featuredmedia":[{"embeddable":true,"href":"https:\/\/medicinasinc.com\/fi\/wp-json\/wp\/v2\/media\/5832"}],"wp:attachment":[{"href":"https:\/\/medicinasinc.com\/fi\/wp-json\/wp\/v2\/media?parent=5822"}],"wp:term":[{"taxonomy":"product_brand","embeddable":true,"href":"https:\/\/medicinasinc.com\/fi\/wp-json\/wp\/v2\/product_brand?post=5822"},{"taxonomy":"product_cat","embeddable":true,"href":"https:\/\/medicinasinc.com\/fi\/wp-json\/wp\/v2\/product_cat?post=5822"},{"taxonomy":"product_tag","embeddable":true,"href":"https:\/\/medicinasinc.com\/fi\/wp-json\/wp\/v2\/product_tag?post=5822"}],"curies":[{"name":"wp","href":"https:\/\/api.w.org\/{rel}","templated":true}]}}