{"id":5816,"date":"2022-02-22T06:47:51","date_gmt":"2022-02-22T06:47:51","guid":{"rendered":"https:\/\/medicinasinc.com\/fi\/?post_type=product&#038;p=5816"},"modified":"2022-03-22T00:48:19","modified_gmt":"2022-03-22T00:48:19","slug":"osta-nembutaali-pillerit","status":"publish","type":"product","link":"https:\/\/medicinasinc.com\/fi\/product\/osta-nembutaali-pillerit\/","title":{"rendered":"Osta Nembutal-pillereit\u00e4"},"content":{"rendered":"<p>Nembutal-pillereit\u00e4 myyt\u00e4v\u00e4n\u00e4 parhaasta verkkoapteekista alhaisin hinnoin<\/p>\n<p>Voit nyt ostaa Nembutal-tabletteja Best Global Medsist\u00e4 ja k\u00e4ytt\u00e4\u00e4 niit\u00e4 terveydellesi. Otamme tilauksesi huomioon ja varmistamme, ett\u00e4 se p\u00e4\u00e4see minne sen kuuluukin. Jos haluat ostaa Nembutal-pillereit\u00e4 myyntiin, ota meihin yhteytt\u00e4 jo t\u00e4n\u00e4\u00e4n.<\/p>\n<p>Pystymme tarjoamaan Nembutal-tabletteja tarkalla tavalla, koska meill\u00e4 on loistava maine alalla. Varmistaaksemme, ett\u00e4 asiakkaamme saavat tilauksensa mahdollisimman nopeasti, k\u00e4yt\u00e4mme yksinkertaista ja nopeaa toimitusprosessia. Teemme kaikkemme varmistaaksemme, ett\u00e4 asiakkaidemme ei tarvitse odottaa tuotteitaan.<\/p>\n<p>Ammattimaisena verkkoapteekkina emme j\u00e4\u00e4 paitsi siit\u00e4, ett\u00e4 tilauksesi saapuu ajoissa . Jotta mik\u00e4\u00e4n ei j\u00e4\u00e4 huomaamatta, tiimimme j\u00e4sen valvoo kaikkea 24 tuntia vuorokaudessa. Haluamme, ett\u00e4 kuluttajamme pit\u00e4v\u00e4t parhaalla mahdollisella tavalla huolta hyvinvoinnistaan.<\/p>\n<p>Mik\u00e4 on Nembutal-pillereiden tarkoitus?<\/p>\n<p>Et saa Nembutal-pillereit\u00e4 ostamalla paikallisesta apteekista tai apteekista. olet vain mik\u00e4 tahansa vanha l\u00e4\u00e4ke. Univajeen hoidossa se on huume, jota k\u00e4ytet\u00e4\u00e4n suurina annoksina. L\u00e4\u00e4k\u00e4rit ja kirurgit nukahtavat sairaaloiden ja klinikoiden potilaat Nembutal-pillereill\u00e4 prosessin jatkamiseksi. Ne, jotka tarvitsevat Nembutal-pillereit\u00e4, voivat ottaa yhteytt\u00e4 Online Nembutal Pharmacyyn, joka on huippuluokan Internet-apteekki. T\u00e4\u00e4lt\u00e4 l\u00f6yd\u00e4t parhaat parhaista. Ota meihin heti yhteytt\u00e4!<\/p>\n","protected":false},"excerpt":{"rendered":"<p>Kuinka l\u00f6yt\u00e4\u00e4 paras verkkoapteekki Nembutal-pillereiden ostamiseen?<\/p>\n<p>Osta Nembutal [Pillereit\u00e4 valikoimastamme Pentobarbital Natrium -pillereit\u00e4 ja -ruiskeita, barbituraatteja sis\u00e4lt\u00e4vi\u00e4 l\u00e4\u00e4kkeit\u00e4 ja Nembutalia myyt\u00e4v\u00e4n\u00e4 l\u00e4hell\u00e4ni turvallisella kuljetuksella.<\/p>\n<p>Jos et ole varma, kuinka ottaa yhteytt\u00e4 parhaaseen verkkoapteekkiin ostaaksesi Nembutal-tabletteja verkosta, Pentobarbital Global Meds on aina k\u00e4ytett\u00e4viss\u00e4si auttamaan sinua. Autamme sinua ostamaan Nembutal-pillereit\u00e4 verkosta halvimmalla hinnalla. Voit tehd\u00e4 tilauksesi t\u00e4\u00e4ll\u00e4 ja odottaa sen valmistumista ajoissa. Emme viivyt\u00e4 toimitusta mill\u00e4\u00e4n turhalla tavalla. Ota meihin yhteytt\u00e4 v\u00e4litt\u00f6m\u00e4sti!<\/p>\n","protected":false},"featured_media":5826,"comment_status":"open","ping_status":"closed","template":"","meta":[],"product_brand":[],"product_cat":[3818],"product_tag":[3825,3832,3839,3837,3915,3865,3861,3857,3862,3863,3864,3868,3867,3859,3860,3871,3858],"class_list":{"0":"post-5816","1":"product","2":"type-product","3":"status-publish","4":"has-post-thumbnail","6":"product_cat-pentobarbitaali-myynniss","7":"product_tag-buy-nembutal-pills-online","8":"product_tag-can-i-order-nembutal-online","9":"product_tag-how-can-i-take-nembutal","10":"product_tag-miten-voin-tilata-nembutal-pillereit","11":"product_tag-mist-voin-ostaa-nembutal-pillereit","12":"product_tag-nembutal-pillerit-myynniss","13":"product_tag-nembutal-pills-buy-europe","14":"product_tag-nembutal-pills","15":"product_tag-nembutal-pills-buy-online","16":"product_tag-nembutal-pills-buy-uk","17":"product_tag-nembutal-pills-dose","18":"product_tag-nembutal-pills-toimittaja","19":"product_tag-nembutaali-pillerit-yliannostus","20":"product_tag-nembutal-pills-buy-australia","21":"product_tag-nembutal-pills-buy-austria","22":"product_tag-order-nembutal-pills","23":"product_tag-nembutal-pills-buy","25":"first","26":"instock","27":"shipping-taxable","28":"purchasable","29":"product-type-variable"},"yoast_head":"<!-- This site is optimized with the Yoast SEO plugin v27.3 - https:\/\/yoast.com\/product\/yoast-seo-wordpress\/ -->\n<title>Osta Nembutal-pillereit\u00e4 - parhaat maailmanlaajuiset l\u00e4\u00e4kkeet<\/title>\n<meta name=\"description\" content=\"Osta Nembutalia [Pillereit\u00e4 Pentobarbital Natrium -pillereist\u00e4mme &amp; injektiot, barbituraattil\u00e4\u00e4kkeet ja Nembutal myyt\u00e4v\u00e4n\u00e4 l\u00e4hell\u00e4ni turvallisella toimituksella.\" \/>\n<meta name=\"robots\" content=\"index, follow, max-snippet:-1, max-image-preview:large, max-video-preview:-1\" \/>\n<link rel=\"canonical\" href=\"https:\/\/medicinasinc.com\/fi\/product\/osta-nembutaali-pillerit\/\" \/>\n<meta property=\"og:locale\" content=\"en_US\" \/>\n<meta property=\"og:type\" content=\"article\" \/>\n<meta property=\"og:title\" content=\"Osta Nembutal-pillereit\u00e4 - parhaat maailmanlaajuiset l\u00e4\u00e4kkeet\" \/>\n<meta property=\"og:description\" content=\"Osta Nembutalia [Pillereit\u00e4 Pentobarbital Natrium -pillereist\u00e4mme &amp; injektiot, barbituraattil\u00e4\u00e4kkeet ja Nembutal myyt\u00e4v\u00e4n\u00e4 l\u00e4hell\u00e4ni turvallisella toimituksella.\" \/>\n<meta property=\"og:url\" content=\"https:\/\/medicinasinc.com\/fi\/product\/osta-nembutaali-pillerit\/\" \/>\n<meta property=\"og:site_name\" content=\"Medicinas Inc\" \/>\n<meta property=\"article:modified_time\" content=\"2022-03-22T00:48:19+00:00\" \/>\n<meta property=\"og:image\" content=\"https:\/\/medicinasinc.com\/fi\/wp-content\/uploads\/sites\/12\/2022\/02\/Buy-Nembutal-Pills.jpg\" \/>\n\t<meta property=\"og:image:width\" content=\"600\" \/>\n\t<meta property=\"og:image:height\" content=\"600\" \/>\n\t<meta property=\"og:image:type\" content=\"image\/jpeg\" \/>\n<meta name=\"twitter:card\" content=\"summary_large_image\" \/>\n<meta name=\"twitter:label1\" content=\"Est. reading time\" \/>\n\t<meta name=\"twitter:data1\" content=\"2 minutes\" \/>\n<script type=\"application\/ld+json\" class=\"yoast-schema-graph\">{\"@context\":\"https:\\\/\\\/schema.org\",\"@graph\":[{\"@type\":\"WebPage\",\"@id\":\"https:\\\/\\\/medicinasinc.com\\\/fi\\\/product\\\/osta-nembutaali-pillerit\\\/\",\"url\":\"https:\\\/\\\/medicinasinc.com\\\/fi\\\/product\\\/osta-nembutaali-pillerit\\\/\",\"name\":\"Osta Nembutal-pillereit\u00e4 - parhaat maailmanlaajuiset l\u00e4\u00e4kkeet\",\"isPartOf\":{\"@id\":\"https:\\\/\\\/medicinasinc.com\\\/fi\\\/#website\"},\"primaryImageOfPage\":{\"@id\":\"https:\\\/\\\/medicinasinc.com\\\/fi\\\/product\\\/osta-nembutaali-pillerit\\\/#primaryimage\"},\"image\":{\"@id\":\"https:\\\/\\\/medicinasinc.com\\\/fi\\\/product\\\/osta-nembutaali-pillerit\\\/#primaryimage\"},\"thumbnailUrl\":\"https:\\\/\\\/medicinasinc.com\\\/fi\\\/wp-content\\\/uploads\\\/sites\\\/12\\\/2022\\\/02\\\/Buy-Nembutal-Pills.jpg\",\"datePublished\":\"2022-02-22T06:47:51+00:00\",\"dateModified\":\"2022-03-22T00:48:19+00:00\",\"description\":\"Osta Nembutalia [Pillereit\u00e4 Pentobarbital Natrium -pillereist\u00e4mme &amp; injektiot, barbituraattil\u00e4\u00e4kkeet ja Nembutal myyt\u00e4v\u00e4n\u00e4 l\u00e4hell\u00e4ni turvallisella toimituksella.\",\"breadcrumb\":{\"@id\":\"https:\\\/\\\/medicinasinc.com\\\/fi\\\/product\\\/osta-nembutaali-pillerit\\\/#breadcrumb\"},\"inLanguage\":\"en-US\",\"potentialAction\":[{\"@type\":\"ReadAction\",\"target\":[\"https:\\\/\\\/medicinasinc.com\\\/fi\\\/product\\\/osta-nembutaali-pillerit\\\/\"]}]},{\"@type\":\"ImageObject\",\"inLanguage\":\"en-US\",\"@id\":\"https:\\\/\\\/medicinasinc.com\\\/fi\\\/product\\\/osta-nembutaali-pillerit\\\/#primaryimage\",\"url\":\"https:\\\/\\\/medicinasinc.com\\\/fi\\\/wp-content\\\/uploads\\\/sites\\\/12\\\/2022\\\/02\\\/Buy-Nembutal-Pills.jpg\",\"contentUrl\":\"https:\\\/\\\/medicinasinc.com\\\/fi\\\/wp-content\\\/uploads\\\/sites\\\/12\\\/2022\\\/02\\\/Buy-Nembutal-Pills.jpg\",\"width\":600,\"height\":600},{\"@type\":\"BreadcrumbList\",\"@id\":\"https:\\\/\\\/medicinasinc.com\\\/fi\\\/product\\\/osta-nembutaali-pillerit\\\/#breadcrumb\",\"itemListElement\":[{\"@type\":\"ListItem\",\"position\":1,\"name\":\"Myym\u00e4l\u00e4\",\"item\":\"https:\\\/\\\/medicinasinc.com\\\/fi\\\/myymala\\\/\"},{\"@type\":\"ListItem\",\"position\":2,\"name\":\"Osta Nembutal-pillereit\u00e4\"}]},{\"@type\":\"WebSite\",\"@id\":\"https:\\\/\\\/medicinasinc.com\\\/fi\\\/#website\",\"url\":\"https:\\\/\\\/medicinasinc.com\\\/fi\\\/\",\"name\":\"Medicinas Inc\",\"description\":\"Health Medical Clinic\",\"potentialAction\":[{\"@type\":\"SearchAction\",\"target\":{\"@type\":\"EntryPoint\",\"urlTemplate\":\"https:\\\/\\\/medicinasinc.com\\\/fi\\\/?s={search_term_string}\"},\"query-input\":{\"@type\":\"PropertyValueSpecification\",\"valueRequired\":true,\"valueName\":\"search_term_string\"}}],\"inLanguage\":\"en-US\"}]}<\/script>\n<!-- \/ Yoast SEO plugin. -->","yoast_head_json":{"title":"Osta Nembutal-pillereit\u00e4 - parhaat maailmanlaajuiset l\u00e4\u00e4kkeet","description":"Osta Nembutalia [Pillereit\u00e4 Pentobarbital Natrium -pillereist\u00e4mme &amp; injektiot, barbituraattil\u00e4\u00e4kkeet ja Nembutal myyt\u00e4v\u00e4n\u00e4 l\u00e4hell\u00e4ni turvallisella toimituksella.","robots":{"index":"index","follow":"follow","max-snippet":"max-snippet:-1","max-image-preview":"max-image-preview:large","max-video-preview":"max-video-preview:-1"},"canonical":"https:\/\/medicinasinc.com\/fi\/product\/osta-nembutaali-pillerit\/","og_locale":"en_US","og_type":"article","og_title":"Osta Nembutal-pillereit\u00e4 - parhaat maailmanlaajuiset l\u00e4\u00e4kkeet","og_description":"Osta Nembutalia [Pillereit\u00e4 Pentobarbital Natrium -pillereist\u00e4mme &amp; injektiot, barbituraattil\u00e4\u00e4kkeet ja Nembutal myyt\u00e4v\u00e4n\u00e4 l\u00e4hell\u00e4ni turvallisella toimituksella.","og_url":"https:\/\/medicinasinc.com\/fi\/product\/osta-nembutaali-pillerit\/","og_site_name":"Medicinas Inc","article_modified_time":"2022-03-22T00:48:19+00:00","og_image":[{"width":600,"height":600,"url":"https:\/\/medicinasinc.com\/fi\/wp-content\/uploads\/sites\/12\/2022\/02\/Buy-Nembutal-Pills.jpg","type":"image\/jpeg"}],"twitter_card":"summary_large_image","twitter_misc":{"Est. reading time":"2 minutes"},"schema":{"@context":"https:\/\/schema.org","@graph":[{"@type":"WebPage","@id":"https:\/\/medicinasinc.com\/fi\/product\/osta-nembutaali-pillerit\/","url":"https:\/\/medicinasinc.com\/fi\/product\/osta-nembutaali-pillerit\/","name":"Osta Nembutal-pillereit\u00e4 - parhaat maailmanlaajuiset l\u00e4\u00e4kkeet","isPartOf":{"@id":"https:\/\/medicinasinc.com\/fi\/#website"},"primaryImageOfPage":{"@id":"https:\/\/medicinasinc.com\/fi\/product\/osta-nembutaali-pillerit\/#primaryimage"},"image":{"@id":"https:\/\/medicinasinc.com\/fi\/product\/osta-nembutaali-pillerit\/#primaryimage"},"thumbnailUrl":"https:\/\/medicinasinc.com\/fi\/wp-content\/uploads\/sites\/12\/2022\/02\/Buy-Nembutal-Pills.jpg","datePublished":"2022-02-22T06:47:51+00:00","dateModified":"2022-03-22T00:48:19+00:00","description":"Osta Nembutalia [Pillereit\u00e4 Pentobarbital Natrium -pillereist\u00e4mme &amp; injektiot, barbituraattil\u00e4\u00e4kkeet ja Nembutal myyt\u00e4v\u00e4n\u00e4 l\u00e4hell\u00e4ni turvallisella toimituksella.","breadcrumb":{"@id":"https:\/\/medicinasinc.com\/fi\/product\/osta-nembutaali-pillerit\/#breadcrumb"},"inLanguage":"en-US","potentialAction":[{"@type":"ReadAction","target":["https:\/\/medicinasinc.com\/fi\/product\/osta-nembutaali-pillerit\/"]}]},{"@type":"ImageObject","inLanguage":"en-US","@id":"https:\/\/medicinasinc.com\/fi\/product\/osta-nembutaali-pillerit\/#primaryimage","url":"https:\/\/medicinasinc.com\/fi\/wp-content\/uploads\/sites\/12\/2022\/02\/Buy-Nembutal-Pills.jpg","contentUrl":"https:\/\/medicinasinc.com\/fi\/wp-content\/uploads\/sites\/12\/2022\/02\/Buy-Nembutal-Pills.jpg","width":600,"height":600},{"@type":"BreadcrumbList","@id":"https:\/\/medicinasinc.com\/fi\/product\/osta-nembutaali-pillerit\/#breadcrumb","itemListElement":[{"@type":"ListItem","position":1,"name":"Myym\u00e4l\u00e4","item":"https:\/\/medicinasinc.com\/fi\/myymala\/"},{"@type":"ListItem","position":2,"name":"Osta Nembutal-pillereit\u00e4"}]},{"@type":"WebSite","@id":"https:\/\/medicinasinc.com\/fi\/#website","url":"https:\/\/medicinasinc.com\/fi\/","name":"Medicinas Inc","description":"Health Medical Clinic","potentialAction":[{"@type":"SearchAction","target":{"@type":"EntryPoint","urlTemplate":"https:\/\/medicinasinc.com\/fi\/?s={search_term_string}"},"query-input":{"@type":"PropertyValueSpecification","valueRequired":true,"valueName":"search_term_string"}}],"inLanguage":"en-US"}]}},"_links":{"self":[{"href":"https:\/\/medicinasinc.com\/fi\/wp-json\/wp\/v2\/product\/5816","targetHints":{"allow":["GET"]}}],"collection":[{"href":"https:\/\/medicinasinc.com\/fi\/wp-json\/wp\/v2\/product"}],"about":[{"href":"https:\/\/medicinasinc.com\/fi\/wp-json\/wp\/v2\/types\/product"}],"replies":[{"embeddable":true,"href":"https:\/\/medicinasinc.com\/fi\/wp-json\/wp\/v2\/comments?post=5816"}],"wp:featuredmedia":[{"embeddable":true,"href":"https:\/\/medicinasinc.com\/fi\/wp-json\/wp\/v2\/media\/5826"}],"wp:attachment":[{"href":"https:\/\/medicinasinc.com\/fi\/wp-json\/wp\/v2\/media?parent=5816"}],"wp:term":[{"taxonomy":"product_brand","embeddable":true,"href":"https:\/\/medicinasinc.com\/fi\/wp-json\/wp\/v2\/product_brand?post=5816"},{"taxonomy":"product_cat","embeddable":true,"href":"https:\/\/medicinasinc.com\/fi\/wp-json\/wp\/v2\/product_cat?post=5816"},{"taxonomy":"product_tag","embeddable":true,"href":"https:\/\/medicinasinc.com\/fi\/wp-json\/wp\/v2\/product_tag?post=5816"}],"curies":[{"name":"wp","href":"https:\/\/api.w.org\/{rel}","templated":true}]}}