{"id":5810,"date":"2022-02-22T06:41:43","date_gmt":"2022-02-22T06:41:43","guid":{"rendered":"https:\/\/medicinasinc.com\/fi\/?post_type=product&#038;p=5810"},"modified":"2022-03-22T00:48:28","modified_gmt":"2022-03-22T00:48:28","slug":"osta-nembutal-tabletteja","status":"publish","type":"product","link":"https:\/\/medicinasinc.com\/fi\/product\/osta-nembutal-tabletteja\/","title":{"rendered":"Osta Nembutal-tabletteja"},"content":{"rendered":"<p>Nembutal-tabletit verkossa alhaisin hinnoin hyv\u00e4maineisesta verkkoapteekistamme<\/p>\n<p>Verkkoalustan ansiosta Nembutal-tablettien hankkiminen on helppoa ja yksinkertaista kaikille. Jos olet kiinnostunut ostamaan Nembutal-tabletteja my\u00f6s verkosta, ota yhteytt\u00e4 Nembutal-verkkoapteekkiin. Apteekkimme on sitoutunut, luotettava ja taloudellinen paikka, jossa voit t\u00e4ytt\u00e4\u00e4 Nembutal-vaatimukset.<\/p>\n<p>Uskomme laadukkaiden tuotteiden t\u00e4rkeyteen ja pyrimme tarjoamaan niit\u00e4 asiakkaillemme. T\u00e4yt\u00e4mme viipym\u00e4tt\u00e4 pyynt\u00f6si ostaa Nembutal-tabletit verkosta parhaaseen hintaan. Emme j\u00e4t\u00e4 sinua odottamaan loputtomiin. Verkkoapteekkimme l\u00e4hett\u00e4\u00e4 tuotteesi viipym\u00e4tt\u00e4. Jakeluj\u00e4rjestelm\u00e4mme on diskreetti ja turvallinen. Emme j\u00e4t\u00e4 tilaa virheille. Kaikki tilaukset tehd\u00e4\u00e4n t\u00e4\u00e4ll\u00e4 ammattitaidolla. Osta heti!<\/p>\n<p>Nembutal-tabletit \u2013 Opeta itse\u00e4si sen turvallisesta k\u00e4yt\u00f6st\u00e4 ammattitiimimme avulla<\/p>\n<p>Nembutal-tabletteja m\u00e4\u00e4r\u00e4t\u00e4\u00e4n laajalti unettomuuden, rauhoittelun ja kouristush\u00e4iri\u00f6iden hoitoon. Olemme toimittaneet Nembutal-tabletteja ymp\u00e4ri maailmaa jo pitk\u00e4\u00e4n. Tietyiss\u00e4 tapauksissa kirurgit k\u00e4ytt\u00e4v\u00e4t t\u00e4t\u00e4 l\u00e4\u00e4kett\u00e4 potilaiden rauhoittamiseen ennen leikkauksen suorittamista. Suoritamme n\u00e4ille tableteille m\u00e4\u00e4r\u00e4ajoin testej\u00e4 varmistaaksemme niiden tehokkuuden.<\/p>\n<p>Lis\u00e4ksimme Nembutal-tablettien mukana l\u00e4\u00e4kitysoppaan. T\u00e4m\u00e4 auttaa asiakkaitamme antamaan l\u00e4\u00e4kett\u00e4 oikein ja ymm\u00e4rt\u00e4m\u00e4\u00e4n sopivan annoksen painonsa, ik\u00e4ns\u00e4 ja l\u00e4\u00e4ketieteellisen tilansa perusteella. Lis\u00e4ksi uskomme, ett\u00e4 Nembutal-tabletit ovat helpoin ja tehokkain l\u00e4\u00e4kitys ihmisille, joilla on univaikeuksia.<\/p>\n<p>Ammattilaisemme ovat paikalla 24 tuntia vuorokaudessa auttamaan sinua ymm\u00e4rt\u00e4m\u00e4\u00e4n kaiken Nembutal-tablettien suhteen. Nembutal-tablettimme ovat kohtuuhintaisia. Sinun ei kuitenkaan tarvitse olla huolissaan t\u00e4m\u00e4n tuotteen hinnasta. Tilaa tarpeesi heti!<\/p>\n","protected":false},"excerpt":{"rendered":"<p>Kuinka voimme auttaa sinua ostamaan Nembutal-tabletteja Fenobarbitaalia myyt\u00e4v\u00e4n\u00e4 Isossa-Britanniassa, Euroopassa verkossa? Online Nembutal Pharmacy on kaikkien ihmisten saatavilla maailmanlaajuisesti. Voit tavoittaa meid\u00e4t milloin tahansa ja miss\u00e4 tahansa.<\/p>\n<p>Nembutal-verkkoapteekista voit ostaa Nembutal-tabletteja ja toimittaa ne m\u00e4\u00e4ritt\u00e4m\u00e4\u00e4si osoitteeseen muutaman p\u00e4iv\u00e4n sis\u00e4ll\u00e4. Nembutal-tabletit on lis\u00e4tt\u00e4v\u00e4 online-ostoskoriisi, jotta tapahtuma voidaan suorittaa loppuun. Mene maksuosioon ja maksa se, kun olet lis\u00e4nnyt sen. Voit tehd\u00e4 tilauksesi heti, kun olet suorittanut maksun. Toimitamme tilauksesi sinulle heti, kun verkkoapteekkimme on vastaanottanut sen. Tee tilauksesi t\u00e4ll\u00e4 hetkell\u00e4!<\/p>\n","protected":false},"featured_media":5820,"comment_status":"open","ping_status":"closed","template":"","meta":[],"product_brand":[],"product_cat":[3818],"product_tag":[],"class_list":{"0":"post-5810","1":"product","2":"type-product","3":"status-publish","4":"has-post-thumbnail","6":"product_cat-pentobarbitaali-myynniss","8":"first","9":"instock","10":"shipping-taxable","11":"purchasable","12":"product-type-variable"},"yoast_head":"<!-- This site is optimized with the Yoast SEO plugin v27.3 - https:\/\/yoast.com\/product\/yoast-seo-wordpress\/ -->\n<title>Osta Nembutal-tabletteja \u2013 parhaat maailmanlaajuiset l\u00e4\u00e4kkeet<\/title>\n<meta name=\"description\" content=\"Kuinka voimme auttaa sinua ostamaan Nembutal-tabletteja, fenobarbitaalia myyt\u00e4v\u00e4n\u00e4 Isossa-Britanniassa, Euroopassa verkossa? Online Nembutal Pharmacy on kaikkien ihmisten saatavilla maailmanlaajuisesti. Voit tavoittaa meid\u00e4t miss\u00e4 ja milloin tahansa.\" \/>\n<meta name=\"robots\" content=\"index, follow, max-snippet:-1, max-image-preview:large, max-video-preview:-1\" \/>\n<link rel=\"canonical\" href=\"https:\/\/medicinasinc.com\/fi\/product\/osta-nembutal-tabletteja\/\" \/>\n<meta property=\"og:locale\" content=\"en_US\" \/>\n<meta property=\"og:type\" content=\"article\" \/>\n<meta property=\"og:title\" content=\"Osta Nembutal-tabletteja \u2013 parhaat maailmanlaajuiset l\u00e4\u00e4kkeet\" \/>\n<meta property=\"og:description\" content=\"Kuinka voimme auttaa sinua ostamaan Nembutal-tabletteja, fenobarbitaalia myyt\u00e4v\u00e4n\u00e4 Isossa-Britanniassa, Euroopassa verkossa? Online Nembutal Pharmacy on kaikkien ihmisten saatavilla maailmanlaajuisesti. Voit tavoittaa meid\u00e4t miss\u00e4 ja milloin tahansa.\" \/>\n<meta property=\"og:url\" content=\"https:\/\/medicinasinc.com\/fi\/product\/osta-nembutal-tabletteja\/\" \/>\n<meta property=\"og:site_name\" content=\"Medicinas Inc\" \/>\n<meta property=\"article:modified_time\" content=\"2022-03-22T00:48:28+00:00\" \/>\n<meta property=\"og:image\" content=\"https:\/\/medicinasinc.com\/fi\/wp-content\/uploads\/sites\/12\/2022\/02\/Buy-Nembutal-Tablets.jpg\" \/>\n\t<meta property=\"og:image:width\" content=\"600\" \/>\n\t<meta property=\"og:image:height\" content=\"600\" \/>\n\t<meta property=\"og:image:type\" content=\"image\/jpeg\" \/>\n<meta name=\"twitter:card\" content=\"summary_large_image\" \/>\n<meta name=\"twitter:label1\" content=\"Est. reading time\" \/>\n\t<meta name=\"twitter:data1\" content=\"2 minutes\" \/>\n<script type=\"application\/ld+json\" class=\"yoast-schema-graph\">{\"@context\":\"https:\\\/\\\/schema.org\",\"@graph\":[{\"@type\":\"WebPage\",\"@id\":\"https:\\\/\\\/medicinasinc.com\\\/fi\\\/product\\\/osta-nembutal-tabletteja\\\/\",\"url\":\"https:\\\/\\\/medicinasinc.com\\\/fi\\\/product\\\/osta-nembutal-tabletteja\\\/\",\"name\":\"Osta Nembutal-tabletteja \u2013 parhaat maailmanlaajuiset l\u00e4\u00e4kkeet\",\"isPartOf\":{\"@id\":\"https:\\\/\\\/medicinasinc.com\\\/fi\\\/#website\"},\"primaryImageOfPage\":{\"@id\":\"https:\\\/\\\/medicinasinc.com\\\/fi\\\/product\\\/osta-nembutal-tabletteja\\\/#primaryimage\"},\"image\":{\"@id\":\"https:\\\/\\\/medicinasinc.com\\\/fi\\\/product\\\/osta-nembutal-tabletteja\\\/#primaryimage\"},\"thumbnailUrl\":\"https:\\\/\\\/medicinasinc.com\\\/fi\\\/wp-content\\\/uploads\\\/sites\\\/12\\\/2022\\\/02\\\/Buy-Nembutal-Tablets.jpg\",\"datePublished\":\"2022-02-22T06:41:43+00:00\",\"dateModified\":\"2022-03-22T00:48:28+00:00\",\"description\":\"Kuinka voimme auttaa sinua ostamaan Nembutal-tabletteja, fenobarbitaalia myyt\u00e4v\u00e4n\u00e4 Isossa-Britanniassa, Euroopassa verkossa? Online Nembutal Pharmacy on kaikkien ihmisten saatavilla maailmanlaajuisesti. Voit tavoittaa meid\u00e4t miss\u00e4 ja milloin tahansa.\",\"breadcrumb\":{\"@id\":\"https:\\\/\\\/medicinasinc.com\\\/fi\\\/product\\\/osta-nembutal-tabletteja\\\/#breadcrumb\"},\"inLanguage\":\"en-US\",\"potentialAction\":[{\"@type\":\"ReadAction\",\"target\":[\"https:\\\/\\\/medicinasinc.com\\\/fi\\\/product\\\/osta-nembutal-tabletteja\\\/\"]}]},{\"@type\":\"ImageObject\",\"inLanguage\":\"en-US\",\"@id\":\"https:\\\/\\\/medicinasinc.com\\\/fi\\\/product\\\/osta-nembutal-tabletteja\\\/#primaryimage\",\"url\":\"https:\\\/\\\/medicinasinc.com\\\/fi\\\/wp-content\\\/uploads\\\/sites\\\/12\\\/2022\\\/02\\\/Buy-Nembutal-Tablets.jpg\",\"contentUrl\":\"https:\\\/\\\/medicinasinc.com\\\/fi\\\/wp-content\\\/uploads\\\/sites\\\/12\\\/2022\\\/02\\\/Buy-Nembutal-Tablets.jpg\",\"width\":600,\"height\":600},{\"@type\":\"BreadcrumbList\",\"@id\":\"https:\\\/\\\/medicinasinc.com\\\/fi\\\/product\\\/osta-nembutal-tabletteja\\\/#breadcrumb\",\"itemListElement\":[{\"@type\":\"ListItem\",\"position\":1,\"name\":\"Myym\u00e4l\u00e4\",\"item\":\"https:\\\/\\\/medicinasinc.com\\\/fi\\\/myymala\\\/\"},{\"@type\":\"ListItem\",\"position\":2,\"name\":\"Osta Nembutal-tabletteja\"}]},{\"@type\":\"WebSite\",\"@id\":\"https:\\\/\\\/medicinasinc.com\\\/fi\\\/#website\",\"url\":\"https:\\\/\\\/medicinasinc.com\\\/fi\\\/\",\"name\":\"Medicinas Inc\",\"description\":\"Health Medical Clinic\",\"potentialAction\":[{\"@type\":\"SearchAction\",\"target\":{\"@type\":\"EntryPoint\",\"urlTemplate\":\"https:\\\/\\\/medicinasinc.com\\\/fi\\\/?s={search_term_string}\"},\"query-input\":{\"@type\":\"PropertyValueSpecification\",\"valueRequired\":true,\"valueName\":\"search_term_string\"}}],\"inLanguage\":\"en-US\"}]}<\/script>\n<!-- \/ Yoast SEO plugin. -->","yoast_head_json":{"title":"Osta Nembutal-tabletteja \u2013 parhaat maailmanlaajuiset l\u00e4\u00e4kkeet","description":"Kuinka voimme auttaa sinua ostamaan Nembutal-tabletteja, fenobarbitaalia myyt\u00e4v\u00e4n\u00e4 Isossa-Britanniassa, Euroopassa verkossa? Online Nembutal Pharmacy on kaikkien ihmisten saatavilla maailmanlaajuisesti. Voit tavoittaa meid\u00e4t miss\u00e4 ja milloin tahansa.","robots":{"index":"index","follow":"follow","max-snippet":"max-snippet:-1","max-image-preview":"max-image-preview:large","max-video-preview":"max-video-preview:-1"},"canonical":"https:\/\/medicinasinc.com\/fi\/product\/osta-nembutal-tabletteja\/","og_locale":"en_US","og_type":"article","og_title":"Osta Nembutal-tabletteja \u2013 parhaat maailmanlaajuiset l\u00e4\u00e4kkeet","og_description":"Kuinka voimme auttaa sinua ostamaan Nembutal-tabletteja, fenobarbitaalia myyt\u00e4v\u00e4n\u00e4 Isossa-Britanniassa, Euroopassa verkossa? Online Nembutal Pharmacy on kaikkien ihmisten saatavilla maailmanlaajuisesti. Voit tavoittaa meid\u00e4t miss\u00e4 ja milloin tahansa.","og_url":"https:\/\/medicinasinc.com\/fi\/product\/osta-nembutal-tabletteja\/","og_site_name":"Medicinas Inc","article_modified_time":"2022-03-22T00:48:28+00:00","og_image":[{"width":600,"height":600,"url":"https:\/\/medicinasinc.com\/fi\/wp-content\/uploads\/sites\/12\/2022\/02\/Buy-Nembutal-Tablets.jpg","type":"image\/jpeg"}],"twitter_card":"summary_large_image","twitter_misc":{"Est. reading time":"2 minutes"},"schema":{"@context":"https:\/\/schema.org","@graph":[{"@type":"WebPage","@id":"https:\/\/medicinasinc.com\/fi\/product\/osta-nembutal-tabletteja\/","url":"https:\/\/medicinasinc.com\/fi\/product\/osta-nembutal-tabletteja\/","name":"Osta Nembutal-tabletteja \u2013 parhaat maailmanlaajuiset l\u00e4\u00e4kkeet","isPartOf":{"@id":"https:\/\/medicinasinc.com\/fi\/#website"},"primaryImageOfPage":{"@id":"https:\/\/medicinasinc.com\/fi\/product\/osta-nembutal-tabletteja\/#primaryimage"},"image":{"@id":"https:\/\/medicinasinc.com\/fi\/product\/osta-nembutal-tabletteja\/#primaryimage"},"thumbnailUrl":"https:\/\/medicinasinc.com\/fi\/wp-content\/uploads\/sites\/12\/2022\/02\/Buy-Nembutal-Tablets.jpg","datePublished":"2022-02-22T06:41:43+00:00","dateModified":"2022-03-22T00:48:28+00:00","description":"Kuinka voimme auttaa sinua ostamaan Nembutal-tabletteja, fenobarbitaalia myyt\u00e4v\u00e4n\u00e4 Isossa-Britanniassa, Euroopassa verkossa? Online Nembutal Pharmacy on kaikkien ihmisten saatavilla maailmanlaajuisesti. Voit tavoittaa meid\u00e4t miss\u00e4 ja milloin tahansa.","breadcrumb":{"@id":"https:\/\/medicinasinc.com\/fi\/product\/osta-nembutal-tabletteja\/#breadcrumb"},"inLanguage":"en-US","potentialAction":[{"@type":"ReadAction","target":["https:\/\/medicinasinc.com\/fi\/product\/osta-nembutal-tabletteja\/"]}]},{"@type":"ImageObject","inLanguage":"en-US","@id":"https:\/\/medicinasinc.com\/fi\/product\/osta-nembutal-tabletteja\/#primaryimage","url":"https:\/\/medicinasinc.com\/fi\/wp-content\/uploads\/sites\/12\/2022\/02\/Buy-Nembutal-Tablets.jpg","contentUrl":"https:\/\/medicinasinc.com\/fi\/wp-content\/uploads\/sites\/12\/2022\/02\/Buy-Nembutal-Tablets.jpg","width":600,"height":600},{"@type":"BreadcrumbList","@id":"https:\/\/medicinasinc.com\/fi\/product\/osta-nembutal-tabletteja\/#breadcrumb","itemListElement":[{"@type":"ListItem","position":1,"name":"Myym\u00e4l\u00e4","item":"https:\/\/medicinasinc.com\/fi\/myymala\/"},{"@type":"ListItem","position":2,"name":"Osta Nembutal-tabletteja"}]},{"@type":"WebSite","@id":"https:\/\/medicinasinc.com\/fi\/#website","url":"https:\/\/medicinasinc.com\/fi\/","name":"Medicinas Inc","description":"Health Medical Clinic","potentialAction":[{"@type":"SearchAction","target":{"@type":"EntryPoint","urlTemplate":"https:\/\/medicinasinc.com\/fi\/?s={search_term_string}"},"query-input":{"@type":"PropertyValueSpecification","valueRequired":true,"valueName":"search_term_string"}}],"inLanguage":"en-US"}]}},"_links":{"self":[{"href":"https:\/\/medicinasinc.com\/fi\/wp-json\/wp\/v2\/product\/5810","targetHints":{"allow":["GET"]}}],"collection":[{"href":"https:\/\/medicinasinc.com\/fi\/wp-json\/wp\/v2\/product"}],"about":[{"href":"https:\/\/medicinasinc.com\/fi\/wp-json\/wp\/v2\/types\/product"}],"replies":[{"embeddable":true,"href":"https:\/\/medicinasinc.com\/fi\/wp-json\/wp\/v2\/comments?post=5810"}],"wp:featuredmedia":[{"embeddable":true,"href":"https:\/\/medicinasinc.com\/fi\/wp-json\/wp\/v2\/media\/5820"}],"wp:attachment":[{"href":"https:\/\/medicinasinc.com\/fi\/wp-json\/wp\/v2\/media?parent=5810"}],"wp:term":[{"taxonomy":"product_brand","embeddable":true,"href":"https:\/\/medicinasinc.com\/fi\/wp-json\/wp\/v2\/product_brand?post=5810"},{"taxonomy":"product_cat","embeddable":true,"href":"https:\/\/medicinasinc.com\/fi\/wp-json\/wp\/v2\/product_cat?post=5810"},{"taxonomy":"product_tag","embeddable":true,"href":"https:\/\/medicinasinc.com\/fi\/wp-json\/wp\/v2\/product_tag?post=5810"}],"curies":[{"name":"wp","href":"https:\/\/api.w.org\/{rel}","templated":true}]}}