{"id":5804,"date":"2022-02-22T06:35:00","date_gmt":"2022-02-22T06:35:00","guid":{"rendered":"https:\/\/medicinasinc.com\/fi\/?post_type=product&#038;p=5804"},"modified":"2022-03-22T00:48:36","modified_gmt":"2022-03-22T00:48:36","slug":"osta-pentobarbitaali-natrium-verkosta","status":"publish","type":"product","link":"https:\/\/medicinasinc.com\/fi\/product\/osta-pentobarbitaali-natrium-verkosta\/","title":{"rendered":"Osta pentobarbitaalinatrium verkosta"},"content":{"rendered":"<p>Osta pentobarbitaalinatrium verkosta.<\/p>\n<p>NEMBUTAL-natriumliuoksen suonensis\u00e4inen tai lihaksensis\u00e4inen injektio (pentobarbitaalinatriuminjektio) on turvallista ja helppoa k\u00e4ytt\u00e4m\u00e4ll\u00e4 t\u00e4t\u00e4 steriili\u00e4 liuosta. Injektiota varten jokainen millilitra sis\u00e4lt\u00e4\u00e4 50 milligrammaa natriumpentobarbitaalia liuotettuna 40-prosenttiseen propyleeniglykoliin, 10-prosenttiseen etanoliin ja veteen. Kloorivetyhapolla tai natriumhydroksidilla pH voidaan nostaa arvoon 9,5. Se voidaan pist\u00e4\u00e4 potilaan lihakseen tai laskimoon. Natriumpentobarbitaalin verkkoostos el\u00e4inten eutanasiaan, natriumpentobarbitaali el\u00e4inten eutanasiaan, natriumpentobarbitaaliryhm\u00e4, natriumpentobarbitaalineste.<\/p>\n<p>Best Global Medsiss\u00e4 voit nyt ostaa natriumpentobarbitaalia verkosta. Tilaa Pentobarbital Sodium Injection verkosta ja toimita se kotiovellesi annetussa ajassa.. Ota meihin heti yhteytt\u00e4! Natriumpentobarbitaali el\u00e4inten eutanasiaan, Pentobarbitaalinatriumneste<\/p>\n<p>Pentobarbitaali: mit\u00e4 se on ja miten sit\u00e4 k\u00e4ytet\u00e4\u00e4n?<\/p>\n<p>Pentobarbitaalin, barbituraatin, lyhytaikaista k\u00e4ytt\u00f6\u00e4 k\u00e4ytet\u00e4\u00e4n unettomuuden hoitoon. Potilaiden nukuttamiseksi leikkausta varten pentobarbitaalia voidaan k\u00e4ytt\u00e4\u00e4 my\u00f6s h\u00e4t\u00e4hoitona. Pentobarbitaalinatriumin, natriumpentobarbitaalin el\u00e4inten eutanasiaan ja pentobarbitaalinatriumin ostaminen verkossa<\/p>\n<p>Pentobarbitaali voi aiheuttaa hengityspys\u00e4hdyksen suurina annoksina ja johtaa kuolemaan. Jotkut osavaltiot ja Yhdysvaltojen liittovaltion hallitus k\u00e4ytt\u00e4v\u00e4t sit\u00e4 rikollisten teloittamiseen sek\u00e4 el\u00e4inten eutanasiaan. Osta pentobarbitaalinatrium verkosta.<\/p>\n<p>Kun pentobarbitaalia annetaan tappavina m\u00e4\u00e4rin\u00e4, se on tappava. El\u00e4inten ja ihmisten eutanasia voidaan suorittaa t\u00e4ll\u00e4 l\u00e4\u00e4kkeell\u00e4. El\u00e4inten kaupallisissa eutanasiainjektioissa sit\u00e4 voidaan k\u00e4ytt\u00e4\u00e4 yksin\u00e4\u00e4n tai yhdess\u00e4 muiden l\u00e4\u00e4kkeiden, kuten fenytoiinin, kanssa.<\/p>\n<p>Eutanasia pentobarbitaalilla<\/p>\n<p>Yksi \u200b\u200byleisimmin k\u00e4ytetyist\u00e4 barbituraateista anestesiassa ja eutanasiassa el\u00e4inl\u00e4\u00e4ketieteen alalla on pentobarbitaali (Nembutal). Jos haluat kuolla rauhallisesti, t\u00e4m\u00e4 on erinomainen valinta eutanasiaan tai avustettuun itsemurhaan. Osta pentobarbitaalinatrium verkosta.<\/p>\n<p>Mill\u00e4 tavalla pentobarbitaalinatrium toimitetaan?<br \/> Pentobarbitaali on rauhoittava l\u00e4\u00e4ke, joka voidaan antaa laskimoon tai vatsaonteloon. Pentobarbitaalia voidaan antaa boluksena (Borkowski et ai., 1990) tai CRI:n\u00e4, kun sit\u00e4 k\u00e4ytet\u00e4\u00e4n yleisanestesiana. Injektion ep\u00e4mukavuus ja tromboflebiitti ovat propyleeniglykolin mahdollisia sivuvaikutuksia, jotka ovat usein kaupallisissa hoidoissa esiintyv\u00e4 ainesosa. Osta pentobarbitaalinatrium verkosta.<\/p>\n<p>&nbsp;<\/p>\n<p>Natriumpentobarbitaalin ostaminen Yhdistyneest\u00e4 kuningaskunnasta, pentobarbitaalinatriumin hankkiminen koirille, pentobarbitaalinatriumia sis\u00e4lt\u00e4vien unil\u00e4\u00e4kkeiden hankkiminen, nembutaalinatriumpentobarbitaalin hankkiminen ja pentobarbitaalinatriumin hankkiminen tiskin kautta ovat kaikki mahdolliset vaihtoehdot. Natriumpentobarbitaalin ostaminen Yhdistyneest\u00e4 kuningaskunnasta on my\u00f6s vaihtoehto. L\u00e4\u00e4ke pentobarbitaali, joka tunnetaan my\u00f6s nimell\u00e4 pentobarbitaalisuola, on rauhoittava aine, jota k\u00e4ytet\u00e4\u00e4n koirien kohtausten hoitoon. Pentobarbitaalinatrium verkossa, pentobarbitaalinatriumin osto, pentobarbitaalinatrium Kiina, pentobarbitaalinatriumin kuolema, pentobarbitaalinatriumin annostelu, pentobarbitaalinatriuminjektio koirille, pentobarbitaalinatriuminjektio ihmisille, pentobarbitaalinatriumryhm\u00e4, pentobarbitaalinatriuminjektio ihmisille, pentobarbitaalinatriumpentobar-injektio ihmisille \/p&gt;<\/p>\n","protected":false},"excerpt":{"rendered":"<p>Nembutal Pentobarbital myyt\u00e4v\u00e4n\u00e4 Yhdistyneess\u00e4 kuningaskunnassa, Euroopassa verkossa parhaaseen hintaan l\u00f6ytyy vain Online Nembutal Pharmacysta.<\/p>\n<p>Suonensis\u00e4iseen tai lihakseen k\u00e4ytett\u00e4v\u00e4 pentobarbitaalinatriuminjektio on steriili. Injektiota varten jokainen millilitra sis\u00e4lt\u00e4\u00e4 50 milligrammaa natriumpentobarbitaalia liuotettuna 40-prosenttiseen propyleeniglykoliin, 10-prosenttiseen etanoliin ja veteen. Kloorivetyhapolla tai natriumhydroksidilla pH voidaan nostaa arvoon 9,5.<\/p>\n","protected":false},"featured_media":5814,"comment_status":"open","ping_status":"closed","template":"","meta":[],"product_brand":[],"product_cat":[3818],"product_tag":[],"class_list":{"0":"post-5804","1":"product","2":"type-product","3":"status-publish","4":"has-post-thumbnail","6":"product_cat-pentobarbitaali-myynniss","8":"first","9":"instock","10":"shipping-taxable","11":"purchasable","12":"product-type-variable"},"yoast_head":"<!-- This site is optimized with the Yoast SEO plugin v27.3 - https:\/\/yoast.com\/product\/yoast-seo-wordpress\/ -->\n<title>Osta pentobarbitaalinatrium verkosta \u2013 parhaat maailmanlaajuiset l\u00e4\u00e4kkeet<\/title>\n<meta name=\"description\" content=\"Online Nembutal Pharmacy on ainoa luotettava kohde, josta voit ostaa Nembutal Pentobarbitalia myyt\u00e4v\u00e4n\u00e4 Isossa-Britanniassa, Euroopassa verkossa parhailla saatavilla olevilla hinnoilla.\" \/>\n<meta name=\"robots\" content=\"index, follow, max-snippet:-1, max-image-preview:large, max-video-preview:-1\" \/>\n<link rel=\"canonical\" href=\"https:\/\/medicinasinc.com\/fi\/product\/osta-pentobarbitaali-natrium-verkosta\/\" \/>\n<meta property=\"og:locale\" content=\"en_US\" \/>\n<meta property=\"og:type\" content=\"article\" \/>\n<meta property=\"og:title\" content=\"Osta pentobarbitaalinatrium verkosta \u2013 parhaat maailmanlaajuiset l\u00e4\u00e4kkeet\" \/>\n<meta property=\"og:description\" content=\"Online Nembutal Pharmacy on ainoa luotettava kohde, josta voit ostaa Nembutal Pentobarbitalia myyt\u00e4v\u00e4n\u00e4 Isossa-Britanniassa, Euroopassa verkossa parhailla saatavilla olevilla hinnoilla.\" \/>\n<meta property=\"og:url\" content=\"https:\/\/medicinasinc.com\/fi\/product\/osta-pentobarbitaali-natrium-verkosta\/\" \/>\n<meta property=\"og:site_name\" content=\"Medicinas Inc\" \/>\n<meta property=\"article:modified_time\" content=\"2022-03-22T00:48:36+00:00\" \/>\n<meta property=\"og:image\" content=\"https:\/\/medicinasinc.com\/fi\/wp-content\/uploads\/sites\/12\/2022\/02\/buy-Nembutal-Pentobarbital.jpg\" \/>\n\t<meta property=\"og:image:width\" content=\"600\" \/>\n\t<meta property=\"og:image:height\" content=\"600\" \/>\n\t<meta property=\"og:image:type\" content=\"image\/jpeg\" \/>\n<meta name=\"twitter:card\" content=\"summary_large_image\" \/>\n<meta name=\"twitter:label1\" content=\"Est. reading time\" \/>\n\t<meta name=\"twitter:data1\" content=\"3 minutes\" \/>\n<script type=\"application\/ld+json\" class=\"yoast-schema-graph\">{\"@context\":\"https:\\\/\\\/schema.org\",\"@graph\":[{\"@type\":\"WebPage\",\"@id\":\"https:\\\/\\\/medicinasinc.com\\\/fi\\\/product\\\/osta-pentobarbitaali-natrium-verkosta\\\/\",\"url\":\"https:\\\/\\\/medicinasinc.com\\\/fi\\\/product\\\/osta-pentobarbitaali-natrium-verkosta\\\/\",\"name\":\"Osta pentobarbitaalinatrium verkosta \u2013 parhaat maailmanlaajuiset l\u00e4\u00e4kkeet\",\"isPartOf\":{\"@id\":\"https:\\\/\\\/medicinasinc.com\\\/fi\\\/#website\"},\"primaryImageOfPage\":{\"@id\":\"https:\\\/\\\/medicinasinc.com\\\/fi\\\/product\\\/osta-pentobarbitaali-natrium-verkosta\\\/#primaryimage\"},\"image\":{\"@id\":\"https:\\\/\\\/medicinasinc.com\\\/fi\\\/product\\\/osta-pentobarbitaali-natrium-verkosta\\\/#primaryimage\"},\"thumbnailUrl\":\"https:\\\/\\\/medicinasinc.com\\\/fi\\\/wp-content\\\/uploads\\\/sites\\\/12\\\/2022\\\/02\\\/buy-Nembutal-Pentobarbital.jpg\",\"datePublished\":\"2022-02-22T06:35:00+00:00\",\"dateModified\":\"2022-03-22T00:48:36+00:00\",\"description\":\"Online Nembutal Pharmacy on ainoa luotettava kohde, josta voit ostaa Nembutal Pentobarbitalia myyt\u00e4v\u00e4n\u00e4 Isossa-Britanniassa, Euroopassa verkossa parhailla saatavilla olevilla hinnoilla.\",\"breadcrumb\":{\"@id\":\"https:\\\/\\\/medicinasinc.com\\\/fi\\\/product\\\/osta-pentobarbitaali-natrium-verkosta\\\/#breadcrumb\"},\"inLanguage\":\"en-US\",\"potentialAction\":[{\"@type\":\"ReadAction\",\"target\":[\"https:\\\/\\\/medicinasinc.com\\\/fi\\\/product\\\/osta-pentobarbitaali-natrium-verkosta\\\/\"]}]},{\"@type\":\"ImageObject\",\"inLanguage\":\"en-US\",\"@id\":\"https:\\\/\\\/medicinasinc.com\\\/fi\\\/product\\\/osta-pentobarbitaali-natrium-verkosta\\\/#primaryimage\",\"url\":\"https:\\\/\\\/medicinasinc.com\\\/fi\\\/wp-content\\\/uploads\\\/sites\\\/12\\\/2022\\\/02\\\/buy-Nembutal-Pentobarbital.jpg\",\"contentUrl\":\"https:\\\/\\\/medicinasinc.com\\\/fi\\\/wp-content\\\/uploads\\\/sites\\\/12\\\/2022\\\/02\\\/buy-Nembutal-Pentobarbital.jpg\",\"width\":600,\"height\":600,\"caption\":\"Buy Nembutal Online\"},{\"@type\":\"BreadcrumbList\",\"@id\":\"https:\\\/\\\/medicinasinc.com\\\/fi\\\/product\\\/osta-pentobarbitaali-natrium-verkosta\\\/#breadcrumb\",\"itemListElement\":[{\"@type\":\"ListItem\",\"position\":1,\"name\":\"Myym\u00e4l\u00e4\",\"item\":\"https:\\\/\\\/medicinasinc.com\\\/fi\\\/myymala\\\/\"},{\"@type\":\"ListItem\",\"position\":2,\"name\":\"Osta pentobarbitaalinatrium verkosta\"}]},{\"@type\":\"WebSite\",\"@id\":\"https:\\\/\\\/medicinasinc.com\\\/fi\\\/#website\",\"url\":\"https:\\\/\\\/medicinasinc.com\\\/fi\\\/\",\"name\":\"Medicinas Inc\",\"description\":\"Health Medical Clinic\",\"potentialAction\":[{\"@type\":\"SearchAction\",\"target\":{\"@type\":\"EntryPoint\",\"urlTemplate\":\"https:\\\/\\\/medicinasinc.com\\\/fi\\\/?s={search_term_string}\"},\"query-input\":{\"@type\":\"PropertyValueSpecification\",\"valueRequired\":true,\"valueName\":\"search_term_string\"}}],\"inLanguage\":\"en-US\"}]}<\/script>\n<!-- \/ Yoast SEO plugin. -->","yoast_head_json":{"title":"Osta pentobarbitaalinatrium verkosta \u2013 parhaat maailmanlaajuiset l\u00e4\u00e4kkeet","description":"Online Nembutal Pharmacy on ainoa luotettava kohde, josta voit ostaa Nembutal Pentobarbitalia myyt\u00e4v\u00e4n\u00e4 Isossa-Britanniassa, Euroopassa verkossa parhailla saatavilla olevilla hinnoilla.","robots":{"index":"index","follow":"follow","max-snippet":"max-snippet:-1","max-image-preview":"max-image-preview:large","max-video-preview":"max-video-preview:-1"},"canonical":"https:\/\/medicinasinc.com\/fi\/product\/osta-pentobarbitaali-natrium-verkosta\/","og_locale":"en_US","og_type":"article","og_title":"Osta pentobarbitaalinatrium verkosta \u2013 parhaat maailmanlaajuiset l\u00e4\u00e4kkeet","og_description":"Online Nembutal Pharmacy on ainoa luotettava kohde, josta voit ostaa Nembutal Pentobarbitalia myyt\u00e4v\u00e4n\u00e4 Isossa-Britanniassa, Euroopassa verkossa parhailla saatavilla olevilla hinnoilla.","og_url":"https:\/\/medicinasinc.com\/fi\/product\/osta-pentobarbitaali-natrium-verkosta\/","og_site_name":"Medicinas Inc","article_modified_time":"2022-03-22T00:48:36+00:00","og_image":[{"width":600,"height":600,"url":"https:\/\/medicinasinc.com\/fi\/wp-content\/uploads\/sites\/12\/2022\/02\/buy-Nembutal-Pentobarbital.jpg","type":"image\/jpeg"}],"twitter_card":"summary_large_image","twitter_misc":{"Est. reading time":"3 minutes"},"schema":{"@context":"https:\/\/schema.org","@graph":[{"@type":"WebPage","@id":"https:\/\/medicinasinc.com\/fi\/product\/osta-pentobarbitaali-natrium-verkosta\/","url":"https:\/\/medicinasinc.com\/fi\/product\/osta-pentobarbitaali-natrium-verkosta\/","name":"Osta pentobarbitaalinatrium verkosta \u2013 parhaat maailmanlaajuiset l\u00e4\u00e4kkeet","isPartOf":{"@id":"https:\/\/medicinasinc.com\/fi\/#website"},"primaryImageOfPage":{"@id":"https:\/\/medicinasinc.com\/fi\/product\/osta-pentobarbitaali-natrium-verkosta\/#primaryimage"},"image":{"@id":"https:\/\/medicinasinc.com\/fi\/product\/osta-pentobarbitaali-natrium-verkosta\/#primaryimage"},"thumbnailUrl":"https:\/\/medicinasinc.com\/fi\/wp-content\/uploads\/sites\/12\/2022\/02\/buy-Nembutal-Pentobarbital.jpg","datePublished":"2022-02-22T06:35:00+00:00","dateModified":"2022-03-22T00:48:36+00:00","description":"Online Nembutal Pharmacy on ainoa luotettava kohde, josta voit ostaa Nembutal Pentobarbitalia myyt\u00e4v\u00e4n\u00e4 Isossa-Britanniassa, Euroopassa verkossa parhailla saatavilla olevilla hinnoilla.","breadcrumb":{"@id":"https:\/\/medicinasinc.com\/fi\/product\/osta-pentobarbitaali-natrium-verkosta\/#breadcrumb"},"inLanguage":"en-US","potentialAction":[{"@type":"ReadAction","target":["https:\/\/medicinasinc.com\/fi\/product\/osta-pentobarbitaali-natrium-verkosta\/"]}]},{"@type":"ImageObject","inLanguage":"en-US","@id":"https:\/\/medicinasinc.com\/fi\/product\/osta-pentobarbitaali-natrium-verkosta\/#primaryimage","url":"https:\/\/medicinasinc.com\/fi\/wp-content\/uploads\/sites\/12\/2022\/02\/buy-Nembutal-Pentobarbital.jpg","contentUrl":"https:\/\/medicinasinc.com\/fi\/wp-content\/uploads\/sites\/12\/2022\/02\/buy-Nembutal-Pentobarbital.jpg","width":600,"height":600,"caption":"Buy Nembutal Online"},{"@type":"BreadcrumbList","@id":"https:\/\/medicinasinc.com\/fi\/product\/osta-pentobarbitaali-natrium-verkosta\/#breadcrumb","itemListElement":[{"@type":"ListItem","position":1,"name":"Myym\u00e4l\u00e4","item":"https:\/\/medicinasinc.com\/fi\/myymala\/"},{"@type":"ListItem","position":2,"name":"Osta pentobarbitaalinatrium verkosta"}]},{"@type":"WebSite","@id":"https:\/\/medicinasinc.com\/fi\/#website","url":"https:\/\/medicinasinc.com\/fi\/","name":"Medicinas Inc","description":"Health Medical Clinic","potentialAction":[{"@type":"SearchAction","target":{"@type":"EntryPoint","urlTemplate":"https:\/\/medicinasinc.com\/fi\/?s={search_term_string}"},"query-input":{"@type":"PropertyValueSpecification","valueRequired":true,"valueName":"search_term_string"}}],"inLanguage":"en-US"}]}},"_links":{"self":[{"href":"https:\/\/medicinasinc.com\/fi\/wp-json\/wp\/v2\/product\/5804","targetHints":{"allow":["GET"]}}],"collection":[{"href":"https:\/\/medicinasinc.com\/fi\/wp-json\/wp\/v2\/product"}],"about":[{"href":"https:\/\/medicinasinc.com\/fi\/wp-json\/wp\/v2\/types\/product"}],"replies":[{"embeddable":true,"href":"https:\/\/medicinasinc.com\/fi\/wp-json\/wp\/v2\/comments?post=5804"}],"wp:featuredmedia":[{"embeddable":true,"href":"https:\/\/medicinasinc.com\/fi\/wp-json\/wp\/v2\/media\/5814"}],"wp:attachment":[{"href":"https:\/\/medicinasinc.com\/fi\/wp-json\/wp\/v2\/media?parent=5804"}],"wp:term":[{"taxonomy":"product_brand","embeddable":true,"href":"https:\/\/medicinasinc.com\/fi\/wp-json\/wp\/v2\/product_brand?post=5804"},{"taxonomy":"product_cat","embeddable":true,"href":"https:\/\/medicinasinc.com\/fi\/wp-json\/wp\/v2\/product_cat?post=5804"},{"taxonomy":"product_tag","embeddable":true,"href":"https:\/\/medicinasinc.com\/fi\/wp-json\/wp\/v2\/product_tag?post=5804"}],"curies":[{"name":"wp","href":"https:\/\/api.w.org\/{rel}","templated":true}]}}