{"id":5798,"date":"2022-02-22T06:27:38","date_gmt":"2022-02-22T06:27:38","guid":{"rendered":"https:\/\/medicinasinc.com\/fi\/?post_type=product&#038;p=5798"},"modified":"2022-03-22T00:48:48","modified_gmt":"2022-03-22T00:48:48","slug":"osta-fenobarbitaali-fenobarbitaali-luminaali","status":"publish","type":"product","link":"https:\/\/medicinasinc.com\/fi\/product\/osta-fenobarbitaali-fenobarbitaali-luminaali\/","title":{"rendered":"Osta fenobarbitaali (fenobarbitaali) \/ Luminal"},"content":{"rendered":"<p>Osta edullisesti Phenobarbital Luminal Phenobarbital Luminal verkosta hyv\u00e4maineisesta apteekista parhaaseen hintaan<\/p>\n<p>Nembutal Pharmacyn kaltaisen verkkoapteekin k\u00e4ytt\u00e4minen on kuluttajille k\u00e4tev\u00e4 tapa saada reseptins\u00e4 ja l\u00e4\u00e4kkeens\u00e4. Phenobarbital Luminal verkossa voidaan ostaa verkkosivustoltamme milloin tahansa, joten \u00e4l\u00e4 missaa. T\u00e4\u00e4lt\u00e4 voit ostaa t\u00e4m\u00e4n l\u00e4\u00e4kkeen kohtuulliseen hintaan.<\/p>\n<p>Verkkoapteekistamme voit olla varma, ett\u00e4 saat aina laadukkaita l\u00e4\u00e4kkeit\u00e4. Asiakkaat voivat odottaa reseptins\u00e4 saapuvan ajoissa t\u00e4h\u00e4n apteekkiin. Emme sied\u00e4 ty\u00f6ss\u00e4mme mink\u00e4\u00e4nlaista hitautta ja teemme jokaisen teht\u00e4v\u00e4n nopeasti. Ota meihin v\u00e4litt\u00f6m\u00e4sti yhteytt\u00e4 ja tilaa Phenobarbital Luminal verkosta parhaaseen hintaan ja saat sen nopeasti toimitettuna, jos etsit meid\u00e4n kaltaista verkkoapteekkia!<\/p>\n<p>Luminal Phenobarbital: Mit\u00e4 voimme tehd\u00e4 varmistaaksemme, ett\u00e4 k\u00e4yt\u00e4t sit\u00e4 Turvallisesti?<\/p>\n<p>Phenobarbital Luminal on vakiintunut l\u00e4\u00e4ke epileptisten kohtausten hoitoon. Voit my\u00f6s ottaa t\u00e4m\u00e4n l\u00e4\u00e4kkeen ahdistuksen, unettomuuden ja muiden sairauksien hoitoon. Ennen kuin otat t\u00e4m\u00e4n l\u00e4\u00e4kkeen, sinun tulee neuvotella l\u00e4\u00e4k\u00e4risi kanssa. Phenobarbital Luminal tulee aloittaa vasta perusteellisen keskustelun j\u00e4lkeen l\u00e4\u00e4k\u00e4risi kanssa.<\/p>\n<p>Verkkoapteekkimme tarjoaa jokaisen tilauksen yhteydess\u00e4 yksityiskohtaisen l\u00e4\u00e4kitysoppaan. T\u00e4m\u00e4n ansiosta voit turvallisesti noudattaa l\u00e4\u00e4kkeen ohjeita ja k\u00e4ytt\u00e4\u00e4 sit\u00e4. Olemme t\u00e4\u00e4ll\u00e4 tehd\u00e4ksemme Phenobarbital Luminalin tilaamisesta verkossa mahdollisimman helppoa. Hy\u00f6dynn\u00e4 t\u00e4m\u00e4n l\u00e4\u00e4kkeen edut ottamalla meihin yhteytt\u00e4 v\u00e4litt\u00f6m\u00e4sti. Olemme t\u00e4\u00e4ll\u00e4 auttamassa sinua koko ajan.<\/p>\n","protected":false},"excerpt":{"rendered":"<p>Mik\u00e4 verkkoapteekki tarjoaa edullisimman Phenobarbital Luminalin?<\/p>\n<p>Verkkoapteekissamme myyd\u00e4\u00e4n t\u00e4ll\u00e4 hetkell\u00e4 Phenobarbital Luminal -pillereit\u00e4. Phenobarbital Luminal -myyntitilaukset k\u00e4sitell\u00e4\u00e4n niin nopeasti kuin mahdollista. Ota meihin yhteytt\u00e4 jo t\u00e4n\u00e4\u00e4n, niin l\u00e4het\u00e4mme l\u00e4\u00e4kkeesi sinulle mahdollisimman pian. Nyt on aika muodostaa yhteys!<\/p>\n","protected":false},"featured_media":5808,"comment_status":"open","ping_status":"closed","template":"","meta":[],"product_brand":[],"product_cat":[3818],"product_tag":[3955,3956,3957,3963,3961,3960,3966,3967,3958,3965,3964,3968,3969,3970,3971,3962,3959],"class_list":{"0":"post-5798","1":"product","2":"type-product","3":"status-publish","4":"has-post-thumbnail","6":"product_cat-pentobarbitaali-myynniss","7":"product_tag-barbituraatin-sivuvaikutus","8":"product_tag-cost-of-phenobarbital-for-dogs","9":"product_tag-fenobarberin-yliannostus","10":"product_tag-fenobarbitaali-koirille-sivuvaikutukset","11":"product_tag-fenobarbitaaliannoksia","12":"product_tag-fenobarbitaali-annostus","13":"product_tag-fenobarbitaalin-sivuvaikutukset","14":"product_tag-fenobarbitaali-sivuvaikutukset-koirat","15":"product_tag-fenobarbitaali-tuotemerkki","16":"product_tag-fenobarbitaali-yliannostus","17":"product_tag-fenobarbitaalitasolla","18":"product_tag-fenobarbitonitaso","19":"product_tag-mihin-fenobarbit-kytetn","20":"product_tag-mik-on-fenobarbitaali","21":"product_tag-mik-on-po-in-lketieteellisesti","22":"product_tag-phenobarbital-for-dogs-dosage","23":"product_tag-fenobarbitaalikontrolloitu-aine","25":"first","26":"instock","27":"shipping-taxable","28":"purchasable","29":"product-type-variable"},"yoast_head":"<!-- This site is optimized with the Yoast SEO plugin v27.3 - https:\/\/yoast.com\/product\/yoast-seo-wordpress\/ -->\n<title>Osta fenobarbitaali (fenobarbitaali) \/ Luminal - parhaat maailmanlaajuiset l\u00e4\u00e4kkeet<\/title>\n<meta name=\"description\" content=\"Voit nyt ostaa Phenobarbital Luminal -tabletteja Nembutal-verkkoapteekista. Tilauksesi Phenobarbital Luminalille myyt\u00e4v\u00e4ksi valmistuu mahdollisimman lyhyess\u00e4 ajassa. Sinun tarvitsee vain soittaa meille, l\u00e4hett\u00e4\u00e4 tekstiviesti tai l\u00e4hett\u00e4\u00e4 s\u00e4hk\u00f6postia jo t\u00e4n\u00e4\u00e4n ja saada l\u00e4\u00e4kkeesi toimitettua pian. Yhdist\u00e4 nyt!\" \/>\n<meta name=\"robots\" content=\"index, follow, max-snippet:-1, max-image-preview:large, max-video-preview:-1\" \/>\n<link rel=\"canonical\" href=\"https:\/\/medicinasinc.com\/fi\/product\/osta-fenobarbitaali-fenobarbitaali-luminaali\/\" \/>\n<meta property=\"og:locale\" content=\"en_US\" \/>\n<meta property=\"og:type\" content=\"article\" \/>\n<meta property=\"og:title\" content=\"Osta fenobarbitaali (fenobarbitaali) \/ Luminal - parhaat maailmanlaajuiset l\u00e4\u00e4kkeet\" \/>\n<meta property=\"og:description\" content=\"Voit nyt ostaa Phenobarbital Luminal -tabletteja Nembutal-verkkoapteekista. Tilauksesi Phenobarbital Luminalille myyt\u00e4v\u00e4ksi valmistuu mahdollisimman lyhyess\u00e4 ajassa. Sinun tarvitsee vain soittaa meille, l\u00e4hett\u00e4\u00e4 tekstiviesti tai l\u00e4hett\u00e4\u00e4 s\u00e4hk\u00f6postia jo t\u00e4n\u00e4\u00e4n ja saada l\u00e4\u00e4kkeesi toimitettua pian. Yhdist\u00e4 nyt!\" \/>\n<meta property=\"og:url\" content=\"https:\/\/medicinasinc.com\/fi\/product\/osta-fenobarbitaali-fenobarbitaali-luminaali\/\" \/>\n<meta property=\"og:site_name\" content=\"Medicinas Inc\" \/>\n<meta property=\"article:modified_time\" content=\"2022-03-22T00:48:48+00:00\" \/>\n<meta property=\"og:image\" content=\"https:\/\/medicinasinc.com\/fi\/wp-content\/uploads\/sites\/12\/2022\/02\/Buy-Phenobarbital-Tablets.jpg\" \/>\n\t<meta property=\"og:image:width\" content=\"600\" \/>\n\t<meta property=\"og:image:height\" content=\"600\" \/>\n\t<meta property=\"og:image:type\" content=\"image\/jpeg\" \/>\n<meta name=\"twitter:card\" content=\"summary_large_image\" \/>\n<meta name=\"twitter:label1\" content=\"Est. reading time\" \/>\n\t<meta name=\"twitter:data1\" content=\"2 minutes\" \/>\n<script type=\"application\/ld+json\" class=\"yoast-schema-graph\">{\"@context\":\"https:\\\/\\\/schema.org\",\"@graph\":[{\"@type\":\"WebPage\",\"@id\":\"https:\\\/\\\/medicinasinc.com\\\/fi\\\/product\\\/osta-fenobarbitaali-fenobarbitaali-luminaali\\\/\",\"url\":\"https:\\\/\\\/medicinasinc.com\\\/fi\\\/product\\\/osta-fenobarbitaali-fenobarbitaali-luminaali\\\/\",\"name\":\"Osta fenobarbitaali (fenobarbitaali) \\\/ Luminal - parhaat maailmanlaajuiset l\u00e4\u00e4kkeet\",\"isPartOf\":{\"@id\":\"https:\\\/\\\/medicinasinc.com\\\/fi\\\/#website\"},\"primaryImageOfPage\":{\"@id\":\"https:\\\/\\\/medicinasinc.com\\\/fi\\\/product\\\/osta-fenobarbitaali-fenobarbitaali-luminaali\\\/#primaryimage\"},\"image\":{\"@id\":\"https:\\\/\\\/medicinasinc.com\\\/fi\\\/product\\\/osta-fenobarbitaali-fenobarbitaali-luminaali\\\/#primaryimage\"},\"thumbnailUrl\":\"https:\\\/\\\/medicinasinc.com\\\/fi\\\/wp-content\\\/uploads\\\/sites\\\/12\\\/2022\\\/02\\\/Buy-Phenobarbital-Tablets.jpg\",\"datePublished\":\"2022-02-22T06:27:38+00:00\",\"dateModified\":\"2022-03-22T00:48:48+00:00\",\"description\":\"Voit nyt ostaa Phenobarbital Luminal -tabletteja Nembutal-verkkoapteekista. Tilauksesi Phenobarbital Luminalille myyt\u00e4v\u00e4ksi valmistuu mahdollisimman lyhyess\u00e4 ajassa. Sinun tarvitsee vain soittaa meille, l\u00e4hett\u00e4\u00e4 tekstiviesti tai l\u00e4hett\u00e4\u00e4 s\u00e4hk\u00f6postia jo t\u00e4n\u00e4\u00e4n ja saada l\u00e4\u00e4kkeesi toimitettua pian. Yhdist\u00e4 nyt!\",\"breadcrumb\":{\"@id\":\"https:\\\/\\\/medicinasinc.com\\\/fi\\\/product\\\/osta-fenobarbitaali-fenobarbitaali-luminaali\\\/#breadcrumb\"},\"inLanguage\":\"en-US\",\"potentialAction\":[{\"@type\":\"ReadAction\",\"target\":[\"https:\\\/\\\/medicinasinc.com\\\/fi\\\/product\\\/osta-fenobarbitaali-fenobarbitaali-luminaali\\\/\"]}]},{\"@type\":\"ImageObject\",\"inLanguage\":\"en-US\",\"@id\":\"https:\\\/\\\/medicinasinc.com\\\/fi\\\/product\\\/osta-fenobarbitaali-fenobarbitaali-luminaali\\\/#primaryimage\",\"url\":\"https:\\\/\\\/medicinasinc.com\\\/fi\\\/wp-content\\\/uploads\\\/sites\\\/12\\\/2022\\\/02\\\/Buy-Phenobarbital-Tablets.jpg\",\"contentUrl\":\"https:\\\/\\\/medicinasinc.com\\\/fi\\\/wp-content\\\/uploads\\\/sites\\\/12\\\/2022\\\/02\\\/Buy-Phenobarbital-Tablets.jpg\",\"width\":600,\"height\":600},{\"@type\":\"BreadcrumbList\",\"@id\":\"https:\\\/\\\/medicinasinc.com\\\/fi\\\/product\\\/osta-fenobarbitaali-fenobarbitaali-luminaali\\\/#breadcrumb\",\"itemListElement\":[{\"@type\":\"ListItem\",\"position\":1,\"name\":\"Myym\u00e4l\u00e4\",\"item\":\"https:\\\/\\\/medicinasinc.com\\\/fi\\\/myymala\\\/\"},{\"@type\":\"ListItem\",\"position\":2,\"name\":\"Osta fenobarbitaali (fenobarbitaali) \\\/ Luminal\"}]},{\"@type\":\"WebSite\",\"@id\":\"https:\\\/\\\/medicinasinc.com\\\/fi\\\/#website\",\"url\":\"https:\\\/\\\/medicinasinc.com\\\/fi\\\/\",\"name\":\"Medicinas Inc\",\"description\":\"Health Medical Clinic\",\"potentialAction\":[{\"@type\":\"SearchAction\",\"target\":{\"@type\":\"EntryPoint\",\"urlTemplate\":\"https:\\\/\\\/medicinasinc.com\\\/fi\\\/?s={search_term_string}\"},\"query-input\":{\"@type\":\"PropertyValueSpecification\",\"valueRequired\":true,\"valueName\":\"search_term_string\"}}],\"inLanguage\":\"en-US\"}]}<\/script>\n<!-- \/ Yoast SEO plugin. -->","yoast_head_json":{"title":"Osta fenobarbitaali (fenobarbitaali) \/ Luminal - parhaat maailmanlaajuiset l\u00e4\u00e4kkeet","description":"Voit nyt ostaa Phenobarbital Luminal -tabletteja Nembutal-verkkoapteekista. Tilauksesi Phenobarbital Luminalille myyt\u00e4v\u00e4ksi valmistuu mahdollisimman lyhyess\u00e4 ajassa. Sinun tarvitsee vain soittaa meille, l\u00e4hett\u00e4\u00e4 tekstiviesti tai l\u00e4hett\u00e4\u00e4 s\u00e4hk\u00f6postia jo t\u00e4n\u00e4\u00e4n ja saada l\u00e4\u00e4kkeesi toimitettua pian. Yhdist\u00e4 nyt!","robots":{"index":"index","follow":"follow","max-snippet":"max-snippet:-1","max-image-preview":"max-image-preview:large","max-video-preview":"max-video-preview:-1"},"canonical":"https:\/\/medicinasinc.com\/fi\/product\/osta-fenobarbitaali-fenobarbitaali-luminaali\/","og_locale":"en_US","og_type":"article","og_title":"Osta fenobarbitaali (fenobarbitaali) \/ Luminal - parhaat maailmanlaajuiset l\u00e4\u00e4kkeet","og_description":"Voit nyt ostaa Phenobarbital Luminal -tabletteja Nembutal-verkkoapteekista. Tilauksesi Phenobarbital Luminalille myyt\u00e4v\u00e4ksi valmistuu mahdollisimman lyhyess\u00e4 ajassa. Sinun tarvitsee vain soittaa meille, l\u00e4hett\u00e4\u00e4 tekstiviesti tai l\u00e4hett\u00e4\u00e4 s\u00e4hk\u00f6postia jo t\u00e4n\u00e4\u00e4n ja saada l\u00e4\u00e4kkeesi toimitettua pian. Yhdist\u00e4 nyt!","og_url":"https:\/\/medicinasinc.com\/fi\/product\/osta-fenobarbitaali-fenobarbitaali-luminaali\/","og_site_name":"Medicinas Inc","article_modified_time":"2022-03-22T00:48:48+00:00","og_image":[{"width":600,"height":600,"url":"https:\/\/medicinasinc.com\/fi\/wp-content\/uploads\/sites\/12\/2022\/02\/Buy-Phenobarbital-Tablets.jpg","type":"image\/jpeg"}],"twitter_card":"summary_large_image","twitter_misc":{"Est. reading time":"2 minutes"},"schema":{"@context":"https:\/\/schema.org","@graph":[{"@type":"WebPage","@id":"https:\/\/medicinasinc.com\/fi\/product\/osta-fenobarbitaali-fenobarbitaali-luminaali\/","url":"https:\/\/medicinasinc.com\/fi\/product\/osta-fenobarbitaali-fenobarbitaali-luminaali\/","name":"Osta fenobarbitaali (fenobarbitaali) \/ Luminal - parhaat maailmanlaajuiset l\u00e4\u00e4kkeet","isPartOf":{"@id":"https:\/\/medicinasinc.com\/fi\/#website"},"primaryImageOfPage":{"@id":"https:\/\/medicinasinc.com\/fi\/product\/osta-fenobarbitaali-fenobarbitaali-luminaali\/#primaryimage"},"image":{"@id":"https:\/\/medicinasinc.com\/fi\/product\/osta-fenobarbitaali-fenobarbitaali-luminaali\/#primaryimage"},"thumbnailUrl":"https:\/\/medicinasinc.com\/fi\/wp-content\/uploads\/sites\/12\/2022\/02\/Buy-Phenobarbital-Tablets.jpg","datePublished":"2022-02-22T06:27:38+00:00","dateModified":"2022-03-22T00:48:48+00:00","description":"Voit nyt ostaa Phenobarbital Luminal -tabletteja Nembutal-verkkoapteekista. Tilauksesi Phenobarbital Luminalille myyt\u00e4v\u00e4ksi valmistuu mahdollisimman lyhyess\u00e4 ajassa. Sinun tarvitsee vain soittaa meille, l\u00e4hett\u00e4\u00e4 tekstiviesti tai l\u00e4hett\u00e4\u00e4 s\u00e4hk\u00f6postia jo t\u00e4n\u00e4\u00e4n ja saada l\u00e4\u00e4kkeesi toimitettua pian. Yhdist\u00e4 nyt!","breadcrumb":{"@id":"https:\/\/medicinasinc.com\/fi\/product\/osta-fenobarbitaali-fenobarbitaali-luminaali\/#breadcrumb"},"inLanguage":"en-US","potentialAction":[{"@type":"ReadAction","target":["https:\/\/medicinasinc.com\/fi\/product\/osta-fenobarbitaali-fenobarbitaali-luminaali\/"]}]},{"@type":"ImageObject","inLanguage":"en-US","@id":"https:\/\/medicinasinc.com\/fi\/product\/osta-fenobarbitaali-fenobarbitaali-luminaali\/#primaryimage","url":"https:\/\/medicinasinc.com\/fi\/wp-content\/uploads\/sites\/12\/2022\/02\/Buy-Phenobarbital-Tablets.jpg","contentUrl":"https:\/\/medicinasinc.com\/fi\/wp-content\/uploads\/sites\/12\/2022\/02\/Buy-Phenobarbital-Tablets.jpg","width":600,"height":600},{"@type":"BreadcrumbList","@id":"https:\/\/medicinasinc.com\/fi\/product\/osta-fenobarbitaali-fenobarbitaali-luminaali\/#breadcrumb","itemListElement":[{"@type":"ListItem","position":1,"name":"Myym\u00e4l\u00e4","item":"https:\/\/medicinasinc.com\/fi\/myymala\/"},{"@type":"ListItem","position":2,"name":"Osta fenobarbitaali (fenobarbitaali) \/ Luminal"}]},{"@type":"WebSite","@id":"https:\/\/medicinasinc.com\/fi\/#website","url":"https:\/\/medicinasinc.com\/fi\/","name":"Medicinas Inc","description":"Health Medical Clinic","potentialAction":[{"@type":"SearchAction","target":{"@type":"EntryPoint","urlTemplate":"https:\/\/medicinasinc.com\/fi\/?s={search_term_string}"},"query-input":{"@type":"PropertyValueSpecification","valueRequired":true,"valueName":"search_term_string"}}],"inLanguage":"en-US"}]}},"_links":{"self":[{"href":"https:\/\/medicinasinc.com\/fi\/wp-json\/wp\/v2\/product\/5798","targetHints":{"allow":["GET"]}}],"collection":[{"href":"https:\/\/medicinasinc.com\/fi\/wp-json\/wp\/v2\/product"}],"about":[{"href":"https:\/\/medicinasinc.com\/fi\/wp-json\/wp\/v2\/types\/product"}],"replies":[{"embeddable":true,"href":"https:\/\/medicinasinc.com\/fi\/wp-json\/wp\/v2\/comments?post=5798"}],"wp:featuredmedia":[{"embeddable":true,"href":"https:\/\/medicinasinc.com\/fi\/wp-json\/wp\/v2\/media\/5808"}],"wp:attachment":[{"href":"https:\/\/medicinasinc.com\/fi\/wp-json\/wp\/v2\/media?parent=5798"}],"wp:term":[{"taxonomy":"product_brand","embeddable":true,"href":"https:\/\/medicinasinc.com\/fi\/wp-json\/wp\/v2\/product_brand?post=5798"},{"taxonomy":"product_cat","embeddable":true,"href":"https:\/\/medicinasinc.com\/fi\/wp-json\/wp\/v2\/product_cat?post=5798"},{"taxonomy":"product_tag","embeddable":true,"href":"https:\/\/medicinasinc.com\/fi\/wp-json\/wp\/v2\/product_tag?post=5798"}],"curies":[{"name":"wp","href":"https:\/\/api.w.org\/{rel}","templated":true}]}}