{"id":5792,"date":"2022-02-22T06:20:38","date_gmt":"2022-02-22T06:20:38","guid":{"rendered":"https:\/\/medicinasinc.com\/fi\/?post_type=product&#038;p=5792"},"modified":"2022-03-22T00:48:58","modified_gmt":"2022-03-22T00:48:58","slug":"osta-seconal-natrium","status":"publish","type":"product","link":"https:\/\/medicinasinc.com\/fi\/product\/osta-seconal-natrium\/","title":{"rendered":"Osta Seconal Sodium"},"content":{"rendered":"<p>Tilaa Seconal Sodium verkosta parhaasta apteekista. \u2013<\/p>\n<p>Nyt on mahdollista ostaa Nembutalia verkosta Seconal Sodiumin kanssa alhaisin kustannuksin. Verkkoapteekistamme voit tilata Seconal Sodiumin ja toimittaa sen kotiovellesi muutamassa p\u00e4iv\u00e4ss\u00e4. Saat Seconal Sodiumin nopean toimituksen tekem\u00e4ll\u00e4 tilaus meilt\u00e4 ja yksi tiimimme j\u00e4senist\u00e4 valmistaa ja pakkaa sen puolestasi. Koska olemme toimineet t\u00e4ll\u00e4 alalla niin pitk\u00e4\u00e4n, olemme rakentaneet vankan maineen luotettavana apteekina. Mit\u00e4 tulee laadukkaimpien l\u00e4\u00e4kkeiden hankkimiseen, voit luottaa siihen, ett\u00e4 toimitamme ne ajoissa.<\/p>\n<p>Mit\u00e4 ovat Seconal Sodiumin edut? Miksi sinun pit\u00e4isi ostaa se meilt\u00e4?<\/p>\n<p>Ennen k\u00e4ytt\u00f6\u00e4 Seconal Sodiumia k\u00e4ytet\u00e4\u00e4n auttamaan sinua rentoutumaan. Se kuuluu huumeiden luokkaan, joka tunnetaan nimell\u00e4 barbituraattiset unil\u00e4\u00e4kkeet, joihin kuuluu Seconal. Se rauhoittaa sinua vaikuttamalla tiettyihin aivojen osiin. Vanhusten tulee keskustella t\u00e4m\u00e4n l\u00e4\u00e4kkeen hy\u00f6dyist\u00e4 ja vaaroista sek\u00e4 tehokkaampien mutta mahdollisesti turvallisempien l\u00e4\u00e4kkeiden eduista ja vaaroista l\u00e4\u00e4k\u00e4rins\u00e4 tai l\u00e4\u00e4keasiantuntijansa kanssa. Ennen kuin aloitat Seconal Sodiumin k\u00e4yt\u00f6n ja joka kerta, kun saat t\u00e4ytt\u00f6\u00e4, lue verkkoapteekkimme tarjoama l\u00e4\u00e4kitysopas. Ota yhteytt\u00e4 l\u00e4\u00e4k\u00e4riisi tai l\u00e4\u00e4keasiantuntijaan, jos sinulla on kysytt\u00e4v\u00e4\u00e4. Noudata ennen leikkausta l\u00e4\u00e4k\u00e4risi ohjeita ja ota t\u00e4m\u00e4 resepti suun kautta vesilasillisen kanssa tyhj\u00e4\u00e4n mahaan.<\/p>\n<p>Yksi \u200b\u200bsairaus, johon Seconal Sodiumia k\u00e4ytet\u00e4\u00e4n yksinomaan, on se, joka on lueteltu alla:<\/p>\n<p>ylim\u00e4\u00e4r\u00e4iset anestesia-injektiot<br \/> ylim\u00e4\u00e4r\u00e4inen anestesiaa aiheuttava aine<\/p>\n<p>Nembutal-verkkoapteekkimme myy ja toimittaa Seconal Sodium Secobarbitalia haluamaasi paikkaan niin nopeasti kuin mahdollista. Paras tapa palvella teit\u00e4 on sallia meid\u00e4n tehd\u00e4 niin. On turvallista luottaa Nembutal-verkkoapteekkiimme. Olemme jatkuvasti t\u00e4\u00e4ll\u00e4 auttaaksemme t\u00e4rkeit\u00e4 asiakkaitamme saavuttamaan tavoitteensa ja t\u00e4ytt\u00e4m\u00e4\u00e4n heid\u00e4n kriteerins\u00e4. Ota meihin yhteytt\u00e4 mahdollisimman pian!<\/p>\n","protected":false},"excerpt":{"rendered":"<p>Pyyd\u00e4 apua nembutal-verkkoapteekista.<\/p>\n<p>Osta Seconal Sodium myyt\u00e4v\u00e4ksi Isossa-Britanniassa, Euroopassa ja muualla maailmassa parhaaseen mahdolliseen hintaan tilaamalla verkosta. Verkkoapteekkimme Seconal Sodium tarjoaa laajan valikoiman korkealaatuisia vitamiineja ja l\u00e4\u00e4kkeit\u00e4. Voit tehd\u00e4 tilauksen siirtym\u00e4ll\u00e4 verkkosivustolle.<\/p>\n<p>Kuka tahansa maailmassa voi ostaa Nembutalia verkossa verkkoapteekista. Ota meihin yhteytt\u00e4 milloin tahansa, mist\u00e4 tahansa. Kaikkiin asiakkaidemme kysymyksiin tai huolenaiheisiin vastataan viipym\u00e4tt\u00e4 asiakaspalvelumme edustajalta. Aloitamme tuotteesi pakkaamisen heti, kun saamme tilaustietosi sinulta. Varmistamme, ett\u00e4 kaikki asiakkaamme&#8217; l\u00e4\u00e4kkeet saapuvat turvallisessa ja asianmukaisessa pakkauksessa, eik\u00e4 niit\u00e4 ole peukaloitu. L\u00e4\u00e4kkeesi laatu tai toimituksen tila ei ole koskaan huolenaihe, kun ty\u00f6skentelet kanssamme. Olemme t\u00e4\u00e4ll\u00e4 ottaaksemme t\u00e4yden vastuun kaikesta. T\u00e4\u00e4lt\u00e4 et voi odottaa muuta kuin parasta hyvinvointillesi. Voit ottaa meihin yhteytt\u00e4 puhelimitse, s\u00e4hk\u00f6postilla tai tekstiviestill\u00e4. Osta Seconal Sodium Secobarbital 100 mg Online Nembutal Pharmacysta t\u00e4n\u00e4\u00e4n ja toimita se lyhyess\u00e4 ajassa.<\/p>\n","protected":false},"featured_media":5802,"comment_status":"open","ping_status":"closed","template":"","meta":[],"product_brand":[],"product_cat":[59,3818],"product_tag":[3819,3820,3824,3827,3831,3834,3835,3951,3913,3948,3880,3840,3841,3842,3844,3923,3954,3925,3926,3927,3922,3920,3916,3919,3918,3953,3906,3908,3909,3875,3911,3910,3845,3869,3949,3866,3843,3890,3950,3821,3830,3823,3826,3822,3904,3879,3828,3829,3876,3903,3884,3883,3902,3891,3893,3892,3899,3900,3882,3897,3888,3881,3896,3887,3886,3889,3895,3894,3878,3885,3898,3901,3874,3952,3907,3921],"class_list":{"0":"post-5792","1":"product","2":"type-product","3":"status-publish","4":"has-post-thumbnail","6":"product_cat-luokittelematon","7":"product_cat-pentobarbitaali-myynniss","8":"product_tag-best-drug-for-suicide-overdose","9":"product_tag-buy-cheap-nembutal-liquid-online","10":"product_tag-buy-nembutal-pentobarbital-sodium","11":"product_tag-buy-pentobarbital-sodium","12":"product_tag-can-i-buy-pentobarbital","13":"product_tag-can-you-buy-pentobarbital-sodium-over-the-counter","14":"product_tag-can-you-buy-sodium-pentobarbital","15":"product_tag-fenobarbitaali-natrium-intravenoosi","16":"product_tag-halua-ostaa-nembutal","17":"product_tag-how-to-buy-nembutal-liquid-online","18":"product_tag-pentobarbitaali-natrium-kiina","19":"product_tag-kuinka-to-acquire-nembutal","20":"product_tag-kuinka-ostaa-nembutal-verkosta","21":"product_tag-miten-tilata-nembutal-postitse","22":"product_tag-lethal-injection-buy-online","23":"product_tag-mist-osta-halpa-nembutal-verkosta","24":"product_tag-mist-ostaa-nembutal-nestett-verkosta","25":"product_tag-mist-ostaa-pentobarbitaali-natrium","26":"product_tag-mist-osta-pentobarbitaali-natrium-koirille","27":"product_tag-mist-saa-pentobarbitaalinatriumia","28":"product_tag-mist-voit-ostaa-pentobarbitaali-natriumia","29":"product_tag-mist-voin-ostaa-natrium-pentobarbitaali","30":"product_tag-mist-voin-ostaa-nembutaali-natrium-pentobarbitaali","31":"product_tag-mist-voin-ostaa-pentobarbitaali-natrium-unilkkeet","32":"product_tag-mist-voin-ostaa-pentobarbitaali-natriumia","33":"product_tag-natriumia","34":"product_tag-natrium-pentobarbitaali-nembutaali","35":"product_tag-natrium-pentobarbitaali-elinten-eutanasialle","36":"product_tag-natrium-pentobarbitaali-eutanasiaan","37":"product_tag-pentobarbitaali-de-natrium-annos-letale","38":"product_tag-natrium-pentobarbitaali-silyvyys","39":"product_tag-natriumpentobarbitaalin-valmistajat","40":"product_tag-nembutaali","41":"product_tag-nembutaali-itsemurhaannos","42":"product_tag-nembutal-neste-myynniss","43":"product_tag-nembutal-pills-online","44":"product_tag-se-on-helppo-ostaa-nembutal-verkosta","45":"product_tag-pentobarbitaali-natrium-neste","46":"product_tag-order-nembutal-liquid-online","47":"product_tag-osta-halpa-nembutal-verkosta","48":"product_tag-osta-natrium-pentobarbitaali-uk","49":"product_tag-osta-nembutal-neste-verkosta","50":"product_tag-osta-nembutal-natrium-verkosta","51":"product_tag-osta-nembutal-tll","52":"product_tag-osta-nembutal-verkosta","53":"product_tag-pentobarbitaali-natrium-osta","54":"product_tag-osta-pentobarbitaali-natrium-2021","55":"product_tag-osta-pentobarbitaali-natrium-pentobarbitaali-natrium-suola","56":"product_tag-pentobarbitaali-eutanasiaa-varten","57":"product_tag-pentobarbitaalin-kytt","58":"product_tag-pentobarbitaali-natrium-ihmisille","59":"product_tag-pentobarbitaali-natrium-koirille","60":"product_tag-pentobarbitaali-natrium-jos-osta","61":"product_tag-pentobarbitaali-natrium-nz","62":"product_tag-reseptivapaa-pentobarbitaali-natrium","63":"product_tag-pentobarbitaali-natrium-oraalinen","64":"product_tag-pentobarbitaali-natrium-unilkkeet","65":"product_tag-pentobarbitaali-natrium-unilkkeet-reseptivapaa","66":"product_tag-pentobarbitaali-natrium-annos","67":"product_tag-pentobarbitaali-natrium-hinta","68":"product_tag-pentobarbitaali-natrium-injektioliuos","69":"product_tag-pentobarbitaali-natrium-kuolema","70":"product_tag-pentobarbitaali-natrium-resepti","71":"product_tag-pentobarbitaali-natrium-injektio-ihmisille","72":"product_tag-pentobarbitaali-natrium-injektio-koirille","73":"product_tag-pentobarbitaali-natrium-injektio-usp","74":"product_tag-pentobarbitaali-natriumjauhe","75":"product_tag-pentobarbitaali-natrium-pillerit","76":"product_tag-pentobarbitaali-natrium-anestesia","77":"product_tag-pentobarbitaali-natrium-ryhm","78":"product_tag-pentobarbitaali-natrium-suola","79":"product_tag-pentobarbitaali-natrium-tabletit","80":"product_tag-pentobarbital","81":"product_tag-purchase-nembutal-liquid-online","82":"product_tag-sodium-pentobarbital-cost","83":"product_tag-where-can-i-purchase-nembutal","85":"first","86":"instock","87":"shipping-taxable","88":"purchasable","89":"product-type-variable"},"yoast_head":"<!-- This site is optimized with the Yoast SEO plugin v27.3 - https:\/\/yoast.com\/product\/yoast-seo-wordpress\/ -->\n<title>Osta Seconal Sodium - parhaat maailmanlaajuiset l\u00e4\u00e4kkeet<\/title>\n<meta name=\"description\" content=\"Osta Seconal Sodium myyt\u00e4v\u00e4n\u00e4 UK, Europe 100mg verkosta parhaaseen hintaan. Valtava valikoima laadukkaita lis\u00e4ravinteita ja l\u00e4\u00e4kkeit\u00e4 Seconal Sodium -verkkoapteekistamme. Tilata netist\u00e4.\" \/>\n<meta name=\"robots\" content=\"index, follow, max-snippet:-1, max-image-preview:large, max-video-preview:-1\" \/>\n<link rel=\"canonical\" href=\"https:\/\/medicinasinc.com\/fi\/product\/osta-seconal-natrium\/\" \/>\n<meta property=\"og:locale\" content=\"en_US\" \/>\n<meta property=\"og:type\" content=\"article\" \/>\n<meta property=\"og:title\" content=\"Osta Seconal Sodium - parhaat maailmanlaajuiset l\u00e4\u00e4kkeet\" \/>\n<meta property=\"og:description\" content=\"Osta Seconal Sodium myyt\u00e4v\u00e4n\u00e4 UK, Europe 100mg verkosta parhaaseen hintaan. Valtava valikoima laadukkaita lis\u00e4ravinteita ja l\u00e4\u00e4kkeit\u00e4 Seconal Sodium -verkkoapteekistamme. Tilata netist\u00e4.\" \/>\n<meta property=\"og:url\" content=\"https:\/\/medicinasinc.com\/fi\/product\/osta-seconal-natrium\/\" \/>\n<meta property=\"og:site_name\" content=\"Medicinas Inc\" \/>\n<meta property=\"article:modified_time\" content=\"2022-03-22T00:48:58+00:00\" \/>\n<meta property=\"og:image\" content=\"https:\/\/medicinasinc.com\/fi\/wp-content\/uploads\/sites\/12\/2022\/02\/Buy-Seconal-Sodium.jpg\" \/>\n\t<meta property=\"og:image:width\" content=\"600\" \/>\n\t<meta property=\"og:image:height\" content=\"600\" \/>\n\t<meta property=\"og:image:type\" content=\"image\/jpeg\" \/>\n<meta name=\"twitter:card\" content=\"summary_large_image\" \/>\n<meta name=\"twitter:label1\" content=\"Est. reading time\" \/>\n\t<meta name=\"twitter:data1\" content=\"2 minutes\" \/>\n<script type=\"application\/ld+json\" class=\"yoast-schema-graph\">{\"@context\":\"https:\\\/\\\/schema.org\",\"@graph\":[{\"@type\":\"WebPage\",\"@id\":\"https:\\\/\\\/medicinasinc.com\\\/fi\\\/product\\\/osta-seconal-natrium\\\/\",\"url\":\"https:\\\/\\\/medicinasinc.com\\\/fi\\\/product\\\/osta-seconal-natrium\\\/\",\"name\":\"Osta Seconal Sodium - parhaat maailmanlaajuiset l\u00e4\u00e4kkeet\",\"isPartOf\":{\"@id\":\"https:\\\/\\\/medicinasinc.com\\\/fi\\\/#website\"},\"primaryImageOfPage\":{\"@id\":\"https:\\\/\\\/medicinasinc.com\\\/fi\\\/product\\\/osta-seconal-natrium\\\/#primaryimage\"},\"image\":{\"@id\":\"https:\\\/\\\/medicinasinc.com\\\/fi\\\/product\\\/osta-seconal-natrium\\\/#primaryimage\"},\"thumbnailUrl\":\"https:\\\/\\\/medicinasinc.com\\\/fi\\\/wp-content\\\/uploads\\\/sites\\\/12\\\/2022\\\/02\\\/Buy-Seconal-Sodium.jpg\",\"datePublished\":\"2022-02-22T06:20:38+00:00\",\"dateModified\":\"2022-03-22T00:48:58+00:00\",\"description\":\"Osta Seconal Sodium myyt\u00e4v\u00e4n\u00e4 UK, Europe 100mg verkosta parhaaseen hintaan. Valtava valikoima laadukkaita lis\u00e4ravinteita ja l\u00e4\u00e4kkeit\u00e4 Seconal Sodium -verkkoapteekistamme. Tilata netist\u00e4.\",\"breadcrumb\":{\"@id\":\"https:\\\/\\\/medicinasinc.com\\\/fi\\\/product\\\/osta-seconal-natrium\\\/#breadcrumb\"},\"inLanguage\":\"en-US\",\"potentialAction\":[{\"@type\":\"ReadAction\",\"target\":[\"https:\\\/\\\/medicinasinc.com\\\/fi\\\/product\\\/osta-seconal-natrium\\\/\"]}]},{\"@type\":\"ImageObject\",\"inLanguage\":\"en-US\",\"@id\":\"https:\\\/\\\/medicinasinc.com\\\/fi\\\/product\\\/osta-seconal-natrium\\\/#primaryimage\",\"url\":\"https:\\\/\\\/medicinasinc.com\\\/fi\\\/wp-content\\\/uploads\\\/sites\\\/12\\\/2022\\\/02\\\/Buy-Seconal-Sodium.jpg\",\"contentUrl\":\"https:\\\/\\\/medicinasinc.com\\\/fi\\\/wp-content\\\/uploads\\\/sites\\\/12\\\/2022\\\/02\\\/Buy-Seconal-Sodium.jpg\",\"width\":600,\"height\":600},{\"@type\":\"BreadcrumbList\",\"@id\":\"https:\\\/\\\/medicinasinc.com\\\/fi\\\/product\\\/osta-seconal-natrium\\\/#breadcrumb\",\"itemListElement\":[{\"@type\":\"ListItem\",\"position\":1,\"name\":\"Myym\u00e4l\u00e4\",\"item\":\"https:\\\/\\\/medicinasinc.com\\\/fi\\\/myymala\\\/\"},{\"@type\":\"ListItem\",\"position\":2,\"name\":\"Osta Seconal Sodium\"}]},{\"@type\":\"WebSite\",\"@id\":\"https:\\\/\\\/medicinasinc.com\\\/fi\\\/#website\",\"url\":\"https:\\\/\\\/medicinasinc.com\\\/fi\\\/\",\"name\":\"Medicinas Inc\",\"description\":\"Health Medical Clinic\",\"potentialAction\":[{\"@type\":\"SearchAction\",\"target\":{\"@type\":\"EntryPoint\",\"urlTemplate\":\"https:\\\/\\\/medicinasinc.com\\\/fi\\\/?s={search_term_string}\"},\"query-input\":{\"@type\":\"PropertyValueSpecification\",\"valueRequired\":true,\"valueName\":\"search_term_string\"}}],\"inLanguage\":\"en-US\"}]}<\/script>\n<!-- \/ Yoast SEO plugin. -->","yoast_head_json":{"title":"Osta Seconal Sodium - parhaat maailmanlaajuiset l\u00e4\u00e4kkeet","description":"Osta Seconal Sodium myyt\u00e4v\u00e4n\u00e4 UK, Europe 100mg verkosta parhaaseen hintaan. Valtava valikoima laadukkaita lis\u00e4ravinteita ja l\u00e4\u00e4kkeit\u00e4 Seconal Sodium -verkkoapteekistamme. Tilata netist\u00e4.","robots":{"index":"index","follow":"follow","max-snippet":"max-snippet:-1","max-image-preview":"max-image-preview:large","max-video-preview":"max-video-preview:-1"},"canonical":"https:\/\/medicinasinc.com\/fi\/product\/osta-seconal-natrium\/","og_locale":"en_US","og_type":"article","og_title":"Osta Seconal Sodium - parhaat maailmanlaajuiset l\u00e4\u00e4kkeet","og_description":"Osta Seconal Sodium myyt\u00e4v\u00e4n\u00e4 UK, Europe 100mg verkosta parhaaseen hintaan. Valtava valikoima laadukkaita lis\u00e4ravinteita ja l\u00e4\u00e4kkeit\u00e4 Seconal Sodium -verkkoapteekistamme. Tilata netist\u00e4.","og_url":"https:\/\/medicinasinc.com\/fi\/product\/osta-seconal-natrium\/","og_site_name":"Medicinas Inc","article_modified_time":"2022-03-22T00:48:58+00:00","og_image":[{"width":600,"height":600,"url":"https:\/\/medicinasinc.com\/fi\/wp-content\/uploads\/sites\/12\/2022\/02\/Buy-Seconal-Sodium.jpg","type":"image\/jpeg"}],"twitter_card":"summary_large_image","twitter_misc":{"Est. reading time":"2 minutes"},"schema":{"@context":"https:\/\/schema.org","@graph":[{"@type":"WebPage","@id":"https:\/\/medicinasinc.com\/fi\/product\/osta-seconal-natrium\/","url":"https:\/\/medicinasinc.com\/fi\/product\/osta-seconal-natrium\/","name":"Osta Seconal Sodium - parhaat maailmanlaajuiset l\u00e4\u00e4kkeet","isPartOf":{"@id":"https:\/\/medicinasinc.com\/fi\/#website"},"primaryImageOfPage":{"@id":"https:\/\/medicinasinc.com\/fi\/product\/osta-seconal-natrium\/#primaryimage"},"image":{"@id":"https:\/\/medicinasinc.com\/fi\/product\/osta-seconal-natrium\/#primaryimage"},"thumbnailUrl":"https:\/\/medicinasinc.com\/fi\/wp-content\/uploads\/sites\/12\/2022\/02\/Buy-Seconal-Sodium.jpg","datePublished":"2022-02-22T06:20:38+00:00","dateModified":"2022-03-22T00:48:58+00:00","description":"Osta Seconal Sodium myyt\u00e4v\u00e4n\u00e4 UK, Europe 100mg verkosta parhaaseen hintaan. Valtava valikoima laadukkaita lis\u00e4ravinteita ja l\u00e4\u00e4kkeit\u00e4 Seconal Sodium -verkkoapteekistamme. Tilata netist\u00e4.","breadcrumb":{"@id":"https:\/\/medicinasinc.com\/fi\/product\/osta-seconal-natrium\/#breadcrumb"},"inLanguage":"en-US","potentialAction":[{"@type":"ReadAction","target":["https:\/\/medicinasinc.com\/fi\/product\/osta-seconal-natrium\/"]}]},{"@type":"ImageObject","inLanguage":"en-US","@id":"https:\/\/medicinasinc.com\/fi\/product\/osta-seconal-natrium\/#primaryimage","url":"https:\/\/medicinasinc.com\/fi\/wp-content\/uploads\/sites\/12\/2022\/02\/Buy-Seconal-Sodium.jpg","contentUrl":"https:\/\/medicinasinc.com\/fi\/wp-content\/uploads\/sites\/12\/2022\/02\/Buy-Seconal-Sodium.jpg","width":600,"height":600},{"@type":"BreadcrumbList","@id":"https:\/\/medicinasinc.com\/fi\/product\/osta-seconal-natrium\/#breadcrumb","itemListElement":[{"@type":"ListItem","position":1,"name":"Myym\u00e4l\u00e4","item":"https:\/\/medicinasinc.com\/fi\/myymala\/"},{"@type":"ListItem","position":2,"name":"Osta Seconal Sodium"}]},{"@type":"WebSite","@id":"https:\/\/medicinasinc.com\/fi\/#website","url":"https:\/\/medicinasinc.com\/fi\/","name":"Medicinas Inc","description":"Health Medical Clinic","potentialAction":[{"@type":"SearchAction","target":{"@type":"EntryPoint","urlTemplate":"https:\/\/medicinasinc.com\/fi\/?s={search_term_string}"},"query-input":{"@type":"PropertyValueSpecification","valueRequired":true,"valueName":"search_term_string"}}],"inLanguage":"en-US"}]}},"_links":{"self":[{"href":"https:\/\/medicinasinc.com\/fi\/wp-json\/wp\/v2\/product\/5792","targetHints":{"allow":["GET"]}}],"collection":[{"href":"https:\/\/medicinasinc.com\/fi\/wp-json\/wp\/v2\/product"}],"about":[{"href":"https:\/\/medicinasinc.com\/fi\/wp-json\/wp\/v2\/types\/product"}],"replies":[{"embeddable":true,"href":"https:\/\/medicinasinc.com\/fi\/wp-json\/wp\/v2\/comments?post=5792"}],"wp:featuredmedia":[{"embeddable":true,"href":"https:\/\/medicinasinc.com\/fi\/wp-json\/wp\/v2\/media\/5802"}],"wp:attachment":[{"href":"https:\/\/medicinasinc.com\/fi\/wp-json\/wp\/v2\/media?parent=5792"}],"wp:term":[{"taxonomy":"product_brand","embeddable":true,"href":"https:\/\/medicinasinc.com\/fi\/wp-json\/wp\/v2\/product_brand?post=5792"},{"taxonomy":"product_cat","embeddable":true,"href":"https:\/\/medicinasinc.com\/fi\/wp-json\/wp\/v2\/product_cat?post=5792"},{"taxonomy":"product_tag","embeddable":true,"href":"https:\/\/medicinasinc.com\/fi\/wp-json\/wp\/v2\/product_tag?post=5792"}],"curies":[{"name":"wp","href":"https:\/\/api.w.org\/{rel}","templated":true}]}}