{"id":5785,"date":"2022-02-22T06:12:06","date_gmt":"2022-02-22T06:12:06","guid":{"rendered":"https:\/\/medicinasinc.com\/fi\/?post_type=product&#038;p=5785"},"modified":"2022-03-22T00:49:08","modified_gmt":"2022-03-22T00:49:08","slug":"osta-nembutaali-pentobarbitaali-natrium","status":"publish","type":"product","link":"https:\/\/medicinasinc.com\/fi\/product\/osta-nembutaali-pentobarbitaali-natrium\/","title":{"rendered":"Osta Nembutal Pentobarbital Sodium"},"content":{"rendered":"<p>Best Global Med tarjoaa Nembutal Pentobarbital Sodiumin parhaan hinnan ja laadun myyt\u00e4v\u00e4n\u00e4. L\u00e4het\u00e4 online-pyynt\u00f6 verkkosivustollamme.<\/p>\n<p>On useita syit\u00e4, miksi ihmiset valitsevat Nembutal Pentobarbitaalin suun kautta k\u00e4ytett\u00e4v\u00e4ksi, mutta yksi yleisimmist\u00e4 on nestem\u00e4inen muoto.<\/p>\n<p>Nestem\u00e4inen muoto Nembutal Fenobarbitaali (tunnetaan my\u00f6s nimell\u00e4 Nembutal) on barbituraattil\u00e4\u00e4ke. Vaikka lumoamista k\u00e4ytettiin laajalti unil\u00e4\u00e4kkeen\u00e4 1940- ja 1950-luvuilla, sit\u00e4 k\u00e4ytettiin my\u00f6s er\u00e4\u00e4nlaisena ahdistusta lievitt\u00e4v\u00e4n\u00e4 l\u00e4\u00e4kkeen\u00e4 (esimerkiksi huumeena). Nembutalin yliannostus on paljon tappavampaa kuin nykyisten unil\u00e4\u00e4kkeiden kanssa. Se on yksi parhaista avustetuista itsemurhal\u00e4\u00e4kkeist\u00e4, koska se on kiinte\u00e4 ja hiljainen. Nembutalia k\u00e4ytt\u00e4v\u00e4t tahalliset tuhoamisj\u00e4rjest\u00f6t Yhdysvalloissa (Oregon Death With Dignity Act), Sveitsiss\u00e4 (Dignitas) ja Alankomaissa.<\/p>\n<p>Nembutal poistettiin markkinoilta, koska sen yliannostaminen oli niin helppoa. (olipa vahingossa tai suunniteltu), joten se korvattiin turvallisemmilla unil\u00e4\u00e4kkeill\u00e4. Vuodeksi 1998 Nembutal poistettiin Australian hallituksen suositeltujen l\u00e4\u00e4kkeiden luettelosta. El\u00e4inl\u00e4\u00e4k\u00e4rit puolestaan \u200b\u200bk\u00e4ytt\u00e4v\u00e4t edelleen Nembutalia suurten el\u00e4inten el\u00e4m\u00e4n lopettamiseen. Monet ihmiset saivat el\u00e4inl\u00e4\u00e4k\u00e4rin Nembutalia lopettaakseen el\u00e4m\u00e4ns\u00e4. Marilyn Monroe, legendaarinen amerikkalainen n\u00e4yttelij\u00e4 ja laulaja, ilmeisesti tappoi itsens\u00e4 tappavalla annoksella Nembutalia.<\/p>\n<p>Kun tri John S. Lundy alkoi k\u00e4ytt\u00e4\u00e4 natriumsuolayht\u00e4l\u00f6\u00e4 &#8211; Na (natrium) + etyyli + metyyli + butyyli + al \u2013 vuonna 1930 sille annettiin tuotenimi &#8220;Nembutal&#8221; (tavallinen j\u00e4lkiliite barbituraateille). Tanskassa Lundbeck omistaa tavaramerkin ja valmistaa Nembutalia.<\/p>\n<p>Lyhytvaikutteisia barbituraatteja ovat fenobarbitaali (Yhdysvaltain englanti) ja pentobarbitoni (UK Englanti). Mit\u00e4 tulee fenobarbitaaliin, sit\u00e4 on eri muodoissa, mukaan lukien vapaa sy\u00f6vytt\u00e4v\u00e4 ja eri aineosien, kuten natriumin ja kalsiumin, suolat. Veteen ja etanoliin vapaa sy\u00f6vytt\u00e4v\u00e4 aine liukenee vain v\u00e4h\u00e4n. Nembutal on yksi l\u00e4\u00e4kkeen tuotenimist\u00e4.<\/p>\n<p>C11H18N2O3:n kemiallinen kaava on seuraava:<\/p>\n<p>Maksa osallistuu aineenvaihduntaprosesseihin.<\/p>\n<p>Puoliintumisaika. orgaanisten yhdisteiden m\u00e4\u00e4r\u00e4: 15\u201348 tuntia. Jauhemainen neste, pillerit<\/p>\n","protected":false},"excerpt":{"rendered":"<p>Osta Nembutal Pentobarbital Sodium verkosta Bestglobalmeds.com-kaupastamme ja toimita se kotiovellesi viipym\u00e4tt\u00e4! L\u00f6yd\u00e4t parhaimman paikan ostaa Nembutalia verkosta t\u00e4\u00e4lt\u00e4!<\/p>\n<p>Voit ostaa Nembutalia verkossa Best Global Medsilt\u00e4, \u200b\u200bjoka toimittaa kotiovellesi. Nembutalia saa ilman resepti\u00e4 alhaisin kustannuksin.<\/p>\n<p>Koska Nembutalin yliannostukset olivat niin yleisi\u00e4, l\u00e4\u00e4ke vedettiin markkinoilta ja korvattiin turvallisemmilla unil\u00e4\u00e4kkeill\u00e4. Australialaiset eiv\u00e4t en\u00e4\u00e4 saaneet suositella Nembutalia hoitovaihtoehtona vuonna 1998. Joka tapauksessa veteraanit jatkavat Nembutalia.<\/p>\n","protected":false},"featured_media":5796,"comment_status":"open","ping_status":"closed","template":"","meta":[],"product_brand":[],"product_cat":[3818],"product_tag":[3819,3820,3824,3827,3831,3834,3835,3951,3913,3948,3880,3840,3841,3842,3844,3923,3954,3925,3926,3927,3922,3920,3916,3919,3918,3953,3906,3908,3909,3875,3911,3910,3845,3869,3949,3866,3843,3890,3950,3821,3830,3823,3826,3822,3904,3879,3828,3829,3876,3903,3884,3883,3902,3891,3893,3892,3899,3900,3882,3897,3888,3881,3896,3887,3886,3889,3895,3894,3878,3885,3898,3901,3874,3952,3907,3921],"class_list":{"0":"post-5785","1":"product","2":"type-product","3":"status-publish","4":"has-post-thumbnail","6":"product_cat-pentobarbitaali-myynniss","7":"product_tag-best-drug-for-suicide-overdose","8":"product_tag-buy-cheap-nembutal-liquid-online","9":"product_tag-buy-nembutal-pentobarbital-sodium","10":"product_tag-buy-pentobarbital-sodium","11":"product_tag-can-i-buy-pentobarbital","12":"product_tag-can-you-buy-pentobarbital-sodium-over-the-counter","13":"product_tag-can-you-buy-sodium-pentobarbital","14":"product_tag-fenobarbitaali-natrium-intravenoosi","15":"product_tag-halua-ostaa-nembutal","16":"product_tag-how-to-buy-nembutal-liquid-online","17":"product_tag-pentobarbitaali-natrium-kiina","18":"product_tag-kuinka-to-acquire-nembutal","19":"product_tag-kuinka-ostaa-nembutal-verkosta","20":"product_tag-miten-tilata-nembutal-postitse","21":"product_tag-lethal-injection-buy-online","22":"product_tag-mist-osta-halpa-nembutal-verkosta","23":"product_tag-mist-ostaa-nembutal-nestett-verkosta","24":"product_tag-mist-ostaa-pentobarbitaali-natrium","25":"product_tag-mist-osta-pentobarbitaali-natrium-koirille","26":"product_tag-mist-saa-pentobarbitaalinatriumia","27":"product_tag-mist-voit-ostaa-pentobarbitaali-natriumia","28":"product_tag-mist-voin-ostaa-natrium-pentobarbitaali","29":"product_tag-mist-voin-ostaa-nembutaali-natrium-pentobarbitaali","30":"product_tag-mist-voin-ostaa-pentobarbitaali-natrium-unilkkeet","31":"product_tag-mist-voin-ostaa-pentobarbitaali-natriumia","32":"product_tag-natriumia","33":"product_tag-natrium-pentobarbitaali-nembutaali","34":"product_tag-natrium-pentobarbitaali-elinten-eutanasialle","35":"product_tag-natrium-pentobarbitaali-eutanasiaan","36":"product_tag-pentobarbitaali-de-natrium-annos-letale","37":"product_tag-natrium-pentobarbitaali-silyvyys","38":"product_tag-natriumpentobarbitaalin-valmistajat","39":"product_tag-nembutaali","40":"product_tag-nembutaali-itsemurhaannos","41":"product_tag-nembutal-neste-myynniss","42":"product_tag-nembutal-pills-online","43":"product_tag-se-on-helppo-ostaa-nembutal-verkosta","44":"product_tag-pentobarbitaali-natrium-neste","45":"product_tag-order-nembutal-liquid-online","46":"product_tag-osta-halpa-nembutal-verkosta","47":"product_tag-osta-natrium-pentobarbitaali-uk","48":"product_tag-osta-nembutal-neste-verkosta","49":"product_tag-osta-nembutal-natrium-verkosta","50":"product_tag-osta-nembutal-tll","51":"product_tag-osta-nembutal-verkosta","52":"product_tag-pentobarbitaali-natrium-osta","53":"product_tag-osta-pentobarbitaali-natrium-2021","54":"product_tag-osta-pentobarbitaali-natrium-pentobarbitaali-natrium-suola","55":"product_tag-pentobarbitaali-eutanasiaa-varten","56":"product_tag-pentobarbitaalin-kytt","57":"product_tag-pentobarbitaali-natrium-ihmisille","58":"product_tag-pentobarbitaali-natrium-koirille","59":"product_tag-pentobarbitaali-natrium-jos-osta","60":"product_tag-pentobarbitaali-natrium-nz","61":"product_tag-reseptivapaa-pentobarbitaali-natrium","62":"product_tag-pentobarbitaali-natrium-oraalinen","63":"product_tag-pentobarbitaali-natrium-unilkkeet","64":"product_tag-pentobarbitaali-natrium-unilkkeet-reseptivapaa","65":"product_tag-pentobarbitaali-natrium-annos","66":"product_tag-pentobarbitaali-natrium-hinta","67":"product_tag-pentobarbitaali-natrium-injektioliuos","68":"product_tag-pentobarbitaali-natrium-kuolema","69":"product_tag-pentobarbitaali-natrium-resepti","70":"product_tag-pentobarbitaali-natrium-injektio-ihmisille","71":"product_tag-pentobarbitaali-natrium-injektio-koirille","72":"product_tag-pentobarbitaali-natrium-injektio-usp","73":"product_tag-pentobarbitaali-natriumjauhe","74":"product_tag-pentobarbitaali-natrium-pillerit","75":"product_tag-pentobarbitaali-natrium-anestesia","76":"product_tag-pentobarbitaali-natrium-ryhm","77":"product_tag-pentobarbitaali-natrium-suola","78":"product_tag-pentobarbitaali-natrium-tabletit","79":"product_tag-pentobarbital","80":"product_tag-purchase-nembutal-liquid-online","81":"product_tag-sodium-pentobarbital-cost","82":"product_tag-where-can-i-purchase-nembutal","84":"first","85":"instock","86":"shipping-taxable","87":"purchasable","88":"product-type-variable"},"yoast_head":"<!-- This site is optimized with the Yoast SEO plugin v27.3 - https:\/\/yoast.com\/product\/yoast-seo-wordpress\/ -->\n<title>Osta Nembutal Pentobarbital Sodium - parhaat maailmanlaajuiset l\u00e4\u00e4kkeet<\/title>\n<meta name=\"description\" content=\"Osta Nembutal Pentobarbital Sodium UK, Eurooppa, Aasia, Kiina Bestglobalmeds.com-verkkokaupastamme nopealla maailmanlaajuisella toimituksella! Paras Nembutal tilaamiseen l\u00f6yd\u00e4t t\u00e4\u00e4lt\u00e4!\" \/>\n<meta name=\"robots\" content=\"index, follow, max-snippet:-1, max-image-preview:large, max-video-preview:-1\" \/>\n<link rel=\"canonical\" href=\"https:\/\/medicinasinc.com\/fi\/product\/osta-nembutaali-pentobarbitaali-natrium\/\" \/>\n<meta property=\"og:locale\" content=\"en_US\" \/>\n<meta property=\"og:type\" content=\"article\" \/>\n<meta property=\"og:title\" content=\"Osta Nembutal Pentobarbital Sodium - parhaat maailmanlaajuiset l\u00e4\u00e4kkeet\" \/>\n<meta property=\"og:description\" content=\"Osta Nembutal Pentobarbital Sodium UK, Eurooppa, Aasia, Kiina Bestglobalmeds.com-verkkokaupastamme nopealla maailmanlaajuisella toimituksella! Paras Nembutal tilaamiseen l\u00f6yd\u00e4t t\u00e4\u00e4lt\u00e4!\" \/>\n<meta property=\"og:url\" content=\"https:\/\/medicinasinc.com\/fi\/product\/osta-nembutaali-pentobarbitaali-natrium\/\" \/>\n<meta property=\"og:site_name\" content=\"Medicinas Inc\" \/>\n<meta property=\"article:modified_time\" content=\"2022-03-22T00:49:08+00:00\" \/>\n<meta property=\"og:image\" content=\"https:\/\/medicinasinc.com\/fi\/wp-content\/uploads\/sites\/12\/2022\/02\/Buy-Pentobarbital-Sodium-1.jpg\" \/>\n\t<meta property=\"og:image:width\" content=\"356\" \/>\n\t<meta property=\"og:image:height\" content=\"540\" \/>\n\t<meta property=\"og:image:type\" content=\"image\/jpeg\" \/>\n<meta name=\"twitter:card\" content=\"summary_large_image\" \/>\n<meta name=\"twitter:label1\" content=\"Est. reading time\" \/>\n\t<meta name=\"twitter:data1\" content=\"2 minutes\" \/>\n<script type=\"application\/ld+json\" class=\"yoast-schema-graph\">{\"@context\":\"https:\\\/\\\/schema.org\",\"@graph\":[{\"@type\":\"WebPage\",\"@id\":\"https:\\\/\\\/medicinasinc.com\\\/fi\\\/product\\\/osta-nembutaali-pentobarbitaali-natrium\\\/\",\"url\":\"https:\\\/\\\/medicinasinc.com\\\/fi\\\/product\\\/osta-nembutaali-pentobarbitaali-natrium\\\/\",\"name\":\"Osta Nembutal Pentobarbital Sodium - parhaat maailmanlaajuiset l\u00e4\u00e4kkeet\",\"isPartOf\":{\"@id\":\"https:\\\/\\\/medicinasinc.com\\\/fi\\\/#website\"},\"primaryImageOfPage\":{\"@id\":\"https:\\\/\\\/medicinasinc.com\\\/fi\\\/product\\\/osta-nembutaali-pentobarbitaali-natrium\\\/#primaryimage\"},\"image\":{\"@id\":\"https:\\\/\\\/medicinasinc.com\\\/fi\\\/product\\\/osta-nembutaali-pentobarbitaali-natrium\\\/#primaryimage\"},\"thumbnailUrl\":\"https:\\\/\\\/medicinasinc.com\\\/fi\\\/wp-content\\\/uploads\\\/sites\\\/12\\\/2022\\\/02\\\/Buy-Pentobarbital-Sodium-1.jpg\",\"datePublished\":\"2022-02-22T06:12:06+00:00\",\"dateModified\":\"2022-03-22T00:49:08+00:00\",\"description\":\"Osta Nembutal Pentobarbital Sodium UK, Eurooppa, Aasia, Kiina Bestglobalmeds.com-verkkokaupastamme nopealla maailmanlaajuisella toimituksella! Paras Nembutal tilaamiseen l\u00f6yd\u00e4t t\u00e4\u00e4lt\u00e4!\",\"breadcrumb\":{\"@id\":\"https:\\\/\\\/medicinasinc.com\\\/fi\\\/product\\\/osta-nembutaali-pentobarbitaali-natrium\\\/#breadcrumb\"},\"inLanguage\":\"en-US\",\"potentialAction\":[{\"@type\":\"ReadAction\",\"target\":[\"https:\\\/\\\/medicinasinc.com\\\/fi\\\/product\\\/osta-nembutaali-pentobarbitaali-natrium\\\/\"]}]},{\"@type\":\"ImageObject\",\"inLanguage\":\"en-US\",\"@id\":\"https:\\\/\\\/medicinasinc.com\\\/fi\\\/product\\\/osta-nembutaali-pentobarbitaali-natrium\\\/#primaryimage\",\"url\":\"https:\\\/\\\/medicinasinc.com\\\/fi\\\/wp-content\\\/uploads\\\/sites\\\/12\\\/2022\\\/02\\\/Buy-Pentobarbital-Sodium-1.jpg\",\"contentUrl\":\"https:\\\/\\\/medicinasinc.com\\\/fi\\\/wp-content\\\/uploads\\\/sites\\\/12\\\/2022\\\/02\\\/Buy-Pentobarbital-Sodium-1.jpg\",\"width\":356,\"height\":540},{\"@type\":\"BreadcrumbList\",\"@id\":\"https:\\\/\\\/medicinasinc.com\\\/fi\\\/product\\\/osta-nembutaali-pentobarbitaali-natrium\\\/#breadcrumb\",\"itemListElement\":[{\"@type\":\"ListItem\",\"position\":1,\"name\":\"Myym\u00e4l\u00e4\",\"item\":\"https:\\\/\\\/medicinasinc.com\\\/fi\\\/myymala\\\/\"},{\"@type\":\"ListItem\",\"position\":2,\"name\":\"Osta Nembutal Pentobarbital Sodium\"}]},{\"@type\":\"WebSite\",\"@id\":\"https:\\\/\\\/medicinasinc.com\\\/fi\\\/#website\",\"url\":\"https:\\\/\\\/medicinasinc.com\\\/fi\\\/\",\"name\":\"Medicinas Inc\",\"description\":\"Health Medical Clinic\",\"potentialAction\":[{\"@type\":\"SearchAction\",\"target\":{\"@type\":\"EntryPoint\",\"urlTemplate\":\"https:\\\/\\\/medicinasinc.com\\\/fi\\\/?s={search_term_string}\"},\"query-input\":{\"@type\":\"PropertyValueSpecification\",\"valueRequired\":true,\"valueName\":\"search_term_string\"}}],\"inLanguage\":\"en-US\"}]}<\/script>\n<!-- \/ Yoast SEO plugin. -->","yoast_head_json":{"title":"Osta Nembutal Pentobarbital Sodium - parhaat maailmanlaajuiset l\u00e4\u00e4kkeet","description":"Osta Nembutal Pentobarbital Sodium UK, Eurooppa, Aasia, Kiina Bestglobalmeds.com-verkkokaupastamme nopealla maailmanlaajuisella toimituksella! Paras Nembutal tilaamiseen l\u00f6yd\u00e4t t\u00e4\u00e4lt\u00e4!","robots":{"index":"index","follow":"follow","max-snippet":"max-snippet:-1","max-image-preview":"max-image-preview:large","max-video-preview":"max-video-preview:-1"},"canonical":"https:\/\/medicinasinc.com\/fi\/product\/osta-nembutaali-pentobarbitaali-natrium\/","og_locale":"en_US","og_type":"article","og_title":"Osta Nembutal Pentobarbital Sodium - parhaat maailmanlaajuiset l\u00e4\u00e4kkeet","og_description":"Osta Nembutal Pentobarbital Sodium UK, Eurooppa, Aasia, Kiina Bestglobalmeds.com-verkkokaupastamme nopealla maailmanlaajuisella toimituksella! Paras Nembutal tilaamiseen l\u00f6yd\u00e4t t\u00e4\u00e4lt\u00e4!","og_url":"https:\/\/medicinasinc.com\/fi\/product\/osta-nembutaali-pentobarbitaali-natrium\/","og_site_name":"Medicinas Inc","article_modified_time":"2022-03-22T00:49:08+00:00","og_image":[{"width":356,"height":540,"url":"https:\/\/medicinasinc.com\/fi\/wp-content\/uploads\/sites\/12\/2022\/02\/Buy-Pentobarbital-Sodium-1.jpg","type":"image\/jpeg"}],"twitter_card":"summary_large_image","twitter_misc":{"Est. reading time":"2 minutes"},"schema":{"@context":"https:\/\/schema.org","@graph":[{"@type":"WebPage","@id":"https:\/\/medicinasinc.com\/fi\/product\/osta-nembutaali-pentobarbitaali-natrium\/","url":"https:\/\/medicinasinc.com\/fi\/product\/osta-nembutaali-pentobarbitaali-natrium\/","name":"Osta Nembutal Pentobarbital Sodium - parhaat maailmanlaajuiset l\u00e4\u00e4kkeet","isPartOf":{"@id":"https:\/\/medicinasinc.com\/fi\/#website"},"primaryImageOfPage":{"@id":"https:\/\/medicinasinc.com\/fi\/product\/osta-nembutaali-pentobarbitaali-natrium\/#primaryimage"},"image":{"@id":"https:\/\/medicinasinc.com\/fi\/product\/osta-nembutaali-pentobarbitaali-natrium\/#primaryimage"},"thumbnailUrl":"https:\/\/medicinasinc.com\/fi\/wp-content\/uploads\/sites\/12\/2022\/02\/Buy-Pentobarbital-Sodium-1.jpg","datePublished":"2022-02-22T06:12:06+00:00","dateModified":"2022-03-22T00:49:08+00:00","description":"Osta Nembutal Pentobarbital Sodium UK, Eurooppa, Aasia, Kiina Bestglobalmeds.com-verkkokaupastamme nopealla maailmanlaajuisella toimituksella! Paras Nembutal tilaamiseen l\u00f6yd\u00e4t t\u00e4\u00e4lt\u00e4!","breadcrumb":{"@id":"https:\/\/medicinasinc.com\/fi\/product\/osta-nembutaali-pentobarbitaali-natrium\/#breadcrumb"},"inLanguage":"en-US","potentialAction":[{"@type":"ReadAction","target":["https:\/\/medicinasinc.com\/fi\/product\/osta-nembutaali-pentobarbitaali-natrium\/"]}]},{"@type":"ImageObject","inLanguage":"en-US","@id":"https:\/\/medicinasinc.com\/fi\/product\/osta-nembutaali-pentobarbitaali-natrium\/#primaryimage","url":"https:\/\/medicinasinc.com\/fi\/wp-content\/uploads\/sites\/12\/2022\/02\/Buy-Pentobarbital-Sodium-1.jpg","contentUrl":"https:\/\/medicinasinc.com\/fi\/wp-content\/uploads\/sites\/12\/2022\/02\/Buy-Pentobarbital-Sodium-1.jpg","width":356,"height":540},{"@type":"BreadcrumbList","@id":"https:\/\/medicinasinc.com\/fi\/product\/osta-nembutaali-pentobarbitaali-natrium\/#breadcrumb","itemListElement":[{"@type":"ListItem","position":1,"name":"Myym\u00e4l\u00e4","item":"https:\/\/medicinasinc.com\/fi\/myymala\/"},{"@type":"ListItem","position":2,"name":"Osta Nembutal Pentobarbital Sodium"}]},{"@type":"WebSite","@id":"https:\/\/medicinasinc.com\/fi\/#website","url":"https:\/\/medicinasinc.com\/fi\/","name":"Medicinas Inc","description":"Health Medical Clinic","potentialAction":[{"@type":"SearchAction","target":{"@type":"EntryPoint","urlTemplate":"https:\/\/medicinasinc.com\/fi\/?s={search_term_string}"},"query-input":{"@type":"PropertyValueSpecification","valueRequired":true,"valueName":"search_term_string"}}],"inLanguage":"en-US"}]}},"_links":{"self":[{"href":"https:\/\/medicinasinc.com\/fi\/wp-json\/wp\/v2\/product\/5785","targetHints":{"allow":["GET"]}}],"collection":[{"href":"https:\/\/medicinasinc.com\/fi\/wp-json\/wp\/v2\/product"}],"about":[{"href":"https:\/\/medicinasinc.com\/fi\/wp-json\/wp\/v2\/types\/product"}],"replies":[{"embeddable":true,"href":"https:\/\/medicinasinc.com\/fi\/wp-json\/wp\/v2\/comments?post=5785"}],"wp:featuredmedia":[{"embeddable":true,"href":"https:\/\/medicinasinc.com\/fi\/wp-json\/wp\/v2\/media\/5796"}],"wp:attachment":[{"href":"https:\/\/medicinasinc.com\/fi\/wp-json\/wp\/v2\/media?parent=5785"}],"wp:term":[{"taxonomy":"product_brand","embeddable":true,"href":"https:\/\/medicinasinc.com\/fi\/wp-json\/wp\/v2\/product_brand?post=5785"},{"taxonomy":"product_cat","embeddable":true,"href":"https:\/\/medicinasinc.com\/fi\/wp-json\/wp\/v2\/product_cat?post=5785"},{"taxonomy":"product_tag","embeddable":true,"href":"https:\/\/medicinasinc.com\/fi\/wp-json\/wp\/v2\/product_tag?post=5785"}],"curies":[{"name":"wp","href":"https:\/\/api.w.org\/{rel}","templated":true}]}}