{"id":5781,"date":"2022-02-22T06:07:08","date_gmt":"2022-02-22T06:07:08","guid":{"rendered":"https:\/\/medicinasinc.com\/fi\/?post_type=product&#038;p=5781"},"modified":"2022-03-22T00:49:17","modified_gmt":"2022-03-22T00:49:17","slug":"osta-nembutaali-jauhe","status":"publish","type":"product","link":"https:\/\/medicinasinc.com\/fi\/product\/osta-nembutaali-jauhe\/","title":{"rendered":"Osta Nembutal-jauhe"},"content":{"rendered":"<p>Nembutal-jauhe parhailta toimittajilta alhaisin hinnoin<\/p>\n<p>Verkkomarkkinoilta saatat l\u00f6yt\u00e4\u00e4 korkealaatuisia l\u00e4\u00e4kkeit\u00e4 ja l\u00e4\u00e4kkeit\u00e4 Nembutal-verkkoapteekista. Saadaksesi Nembutal Powderin parhailta Nembutal Powder -toimittajilta, sinun tulee tulla apteekkiimme. Ota meihin yhteytt\u00e4 jo t\u00e4n\u00e4\u00e4n, niin hoidamme ty\u00f6si heti. L\u00e4\u00e4kkeesi toimitetaan ilmoittamaasi osoitteeseen. Saat parhaan tarjouksen Nembutal-jauheesta tekem\u00e4ll\u00e4 tilauksesi heti!<\/p>\n<p>Mit\u00e4 voit odottaa Nembutal Powderilla?<\/p>\n<p>Nembutal Powder tunnetaan unettomuutta sairastavien ja sit\u00e4 l\u00f6yt\u00e4vien auttamisesta on vaikea nukahtaa saada silm\u00e4t kiinni. Monissa tilanteissa sit\u00e4 k\u00e4ytet\u00e4\u00e4n ahdistusta ehk\u00e4isev\u00e4n\u00e4 l\u00e4\u00e4kkeen\u00e4. Verkkoapteekkimme on paras paikka hankkia Nembutal Powder, jos sinulla on samat tavoitteet.<\/p>\n<p>Mik\u00e4 verkkokauppa myy parasta Nembutal-jauhetta?<\/p>\n<p>Mik\u00e4 tahansa syy tilata Nembutal Powder , voit aina luottaa Online Nembutal Pharmacyan, jotta se tekee ty\u00f6si oikein.<\/p>\n<p>Ymm\u00e4rr\u00e4mme asiakkaidemme tarpeet ja odotukset vuosien asiantuntemuksemme ansiosta. Meill\u00e4 ei ole koskaan p\u00e4\u00e4sy\u00e4 luottokorttitietoihisi tai henkil\u00f6kohtaisiin tietoihisi tai s\u00e4ilyt\u00e4 niit\u00e4. Kaikki tiedot pidet\u00e4\u00e4n yksityisin\u00e4. T\u00e4m\u00e4 tarkoittaa, ett\u00e4 voit ostaa Nembutal-jauhetta verkosta meilt\u00e4 parhaaseen hintaan.<\/p>\n<p>Ostoksen tekeminen verkkoapteekistamme vie sinut askeleen edell\u00e4 kilpailijoitasi. Ajan my\u00f6t\u00e4 olemme saaneet paljon potentiaalisia kuluttajia. Jos etsit parasta, \u00e4l\u00e4 ep\u00e4r\u00f6i ottaa meihin yhteytt\u00e4 milloin tahansa.<\/p>\n","protected":false},"excerpt":{"rendered":"<p>On olemassa useita verkkoapteekkeja, jotka myyv\u00e4t Nembutal Powder pentobarbitaalinatriumia, mukaan lukien bestglobalmeds.com. L\u00f6yd\u00e4t parhaimman paikan ostaa Nembutalia verkosta t\u00e4\u00e4lt\u00e4! Nyt on mahdollista hankkia Nembutal-apteekki verkossa mukavasti omasta kodistasi. Alhaisin kustannuksin myyt\u00e4v\u00e4 Nembutal-jauhe l\u00f6ytyy t\u00e4\u00e4lt\u00e4.<\/p>\n<p>Best Global Meds tarjoaa Nembutal-jauhetta verkossa edulliseen hintaan. Korkealaatuisia Nembutal-pillereit\u00e4, tabletteja ja kapseleita voi ostaa korkeimmalla hinnalla. \u00c4l\u00e4 ep\u00e4r\u00f6i ottaa meihin yhteytt\u00e4 heti!<\/p>\n","protected":false},"featured_media":5791,"comment_status":"open","ping_status":"closed","template":"","meta":[],"product_brand":[],"product_cat":[3818],"product_tag":[3928,3929,3832,3839,3931,3930,3947,3946,3845,3938,3941,3935,3934,3932,3933,3936,3937,3939,3940,3944,3945,3942,3943],"class_list":{"0":"post-5781","1":"product","2":"type-product","3":"status-publish","4":"has-post-thumbnail","6":"product_cat-pentobarbitaali-myynniss","7":"product_tag-buy-nembutal-online","8":"product_tag-buy-nembutal-powder-online","9":"product_tag-can-i-order-nembutal-online","10":"product_tag-how-can-i-take-nembutal","11":"product_tag-kuinka-ostaa-nembutal-jauhetta-verkosta","12":"product_tag-miten-voin-tilata-nembutaali-jauhetta","13":"product_tag-mist-ostaa-nembutal-jauhetta-verkosta","14":"product_tag-mist-voin-ostaa-nembutaali-jauhetta","15":"product_tag-nembutaali","16":"product_tag-nembutaali-jauhe-annos","17":"product_tag-nembutaali-jauheen-toimittaja","18":"product_tag-nembutal-buy-uk","19":"product_tag-nembutal-buy-online","20":"product_tag-nembutal-buy-australia","21":"product_tag-nembutal-buy-austria","22":"product_tag-nembutal-powder","23":"product_tag-nembutal-powder-buy","24":"product_tag-nembutal-jauhe-myynniss","25":"product_tag-nembutaali-jauhe-yliannostus","26":"product_tag-osta-nembutal-jauhe-verkosta","27":"product_tag-paras-paikka-ostaa-nembutal-jauhetta-verkossa","28":"product_tag-tilaus-nembutaali-jauhe","29":"product_tag-tilaa-nembutal-jauhe-verkosta","31":"first","32":"instock","33":"shipping-taxable","34":"purchasable","35":"product-type-variable"},"yoast_head":"<!-- This site is optimized with the Yoast SEO plugin v27.3 - https:\/\/yoast.com\/product\/yoast-seo-wordpress\/ -->\n<title>Osta Nembutal-jauhe - Pentobarbitaalinatrium - Parhaat maailmanlaajuiset l\u00e4\u00e4kkeet<\/title>\n<meta name=\"description\" content=\"Osta Nembutal Powder pentobarbitaalinatrium myyt\u00e4v\u00e4n\u00e4 Isossa-Britanniassa, Arabiemiirikunnissa, Euroopassa, Kiinassa bestglobalmeds.com-verkkokaupassamme nopealla maailmanlaajuisella toimituksella! Paras Nembutal tilaamiseen l\u00f6yd\u00e4t t\u00e4\u00e4lt\u00e4!\" \/>\n<meta name=\"robots\" content=\"index, follow, max-snippet:-1, max-image-preview:large, max-video-preview:-1\" \/>\n<link rel=\"canonical\" href=\"https:\/\/medicinasinc.com\/fi\/product\/osta-nembutaali-jauhe\/\" \/>\n<meta property=\"og:locale\" content=\"en_US\" \/>\n<meta property=\"og:type\" content=\"article\" \/>\n<meta property=\"og:title\" content=\"Osta Nembutal-jauhe - Pentobarbitaalinatrium - Parhaat maailmanlaajuiset l\u00e4\u00e4kkeet\" \/>\n<meta property=\"og:description\" content=\"Osta Nembutal Powder pentobarbitaalinatrium myyt\u00e4v\u00e4n\u00e4 Isossa-Britanniassa, Arabiemiirikunnissa, Euroopassa, Kiinassa bestglobalmeds.com-verkkokaupassamme nopealla maailmanlaajuisella toimituksella! Paras Nembutal tilaamiseen l\u00f6yd\u00e4t t\u00e4\u00e4lt\u00e4!\" \/>\n<meta property=\"og:url\" content=\"https:\/\/medicinasinc.com\/fi\/product\/osta-nembutaali-jauhe\/\" \/>\n<meta property=\"og:site_name\" content=\"Medicinas Inc\" \/>\n<meta property=\"article:modified_time\" content=\"2022-03-22T00:49:17+00:00\" \/>\n<meta property=\"og:image\" content=\"https:\/\/medicinasinc.com\/fi\/wp-content\/uploads\/sites\/12\/2022\/02\/Buy-Nembutal-Powder-2.jpg\" \/>\n\t<meta property=\"og:image:width\" content=\"600\" \/>\n\t<meta property=\"og:image:height\" content=\"600\" \/>\n\t<meta property=\"og:image:type\" content=\"image\/jpeg\" \/>\n<meta name=\"twitter:card\" content=\"summary_large_image\" \/>\n<meta name=\"twitter:label1\" content=\"Est. reading time\" \/>\n\t<meta name=\"twitter:data1\" content=\"2 minutes\" \/>\n<script type=\"application\/ld+json\" class=\"yoast-schema-graph\">{\"@context\":\"https:\\\/\\\/schema.org\",\"@graph\":[{\"@type\":\"WebPage\",\"@id\":\"https:\\\/\\\/medicinasinc.com\\\/fi\\\/product\\\/osta-nembutaali-jauhe\\\/\",\"url\":\"https:\\\/\\\/medicinasinc.com\\\/fi\\\/product\\\/osta-nembutaali-jauhe\\\/\",\"name\":\"Osta Nembutal-jauhe - Pentobarbitaalinatrium - Parhaat maailmanlaajuiset l\u00e4\u00e4kkeet\",\"isPartOf\":{\"@id\":\"https:\\\/\\\/medicinasinc.com\\\/fi\\\/#website\"},\"primaryImageOfPage\":{\"@id\":\"https:\\\/\\\/medicinasinc.com\\\/fi\\\/product\\\/osta-nembutaali-jauhe\\\/#primaryimage\"},\"image\":{\"@id\":\"https:\\\/\\\/medicinasinc.com\\\/fi\\\/product\\\/osta-nembutaali-jauhe\\\/#primaryimage\"},\"thumbnailUrl\":\"https:\\\/\\\/medicinasinc.com\\\/fi\\\/wp-content\\\/uploads\\\/sites\\\/12\\\/2022\\\/02\\\/Buy-Nembutal-Powder-2.jpg\",\"datePublished\":\"2022-02-22T06:07:08+00:00\",\"dateModified\":\"2022-03-22T00:49:17+00:00\",\"description\":\"Osta Nembutal Powder pentobarbitaalinatrium myyt\u00e4v\u00e4n\u00e4 Isossa-Britanniassa, Arabiemiirikunnissa, Euroopassa, Kiinassa bestglobalmeds.com-verkkokaupassamme nopealla maailmanlaajuisella toimituksella! Paras Nembutal tilaamiseen l\u00f6yd\u00e4t t\u00e4\u00e4lt\u00e4!\",\"breadcrumb\":{\"@id\":\"https:\\\/\\\/medicinasinc.com\\\/fi\\\/product\\\/osta-nembutaali-jauhe\\\/#breadcrumb\"},\"inLanguage\":\"en-US\",\"potentialAction\":[{\"@type\":\"ReadAction\",\"target\":[\"https:\\\/\\\/medicinasinc.com\\\/fi\\\/product\\\/osta-nembutaali-jauhe\\\/\"]}]},{\"@type\":\"ImageObject\",\"inLanguage\":\"en-US\",\"@id\":\"https:\\\/\\\/medicinasinc.com\\\/fi\\\/product\\\/osta-nembutaali-jauhe\\\/#primaryimage\",\"url\":\"https:\\\/\\\/medicinasinc.com\\\/fi\\\/wp-content\\\/uploads\\\/sites\\\/12\\\/2022\\\/02\\\/Buy-Nembutal-Powder-2.jpg\",\"contentUrl\":\"https:\\\/\\\/medicinasinc.com\\\/fi\\\/wp-content\\\/uploads\\\/sites\\\/12\\\/2022\\\/02\\\/Buy-Nembutal-Powder-2.jpg\",\"width\":600,\"height\":600},{\"@type\":\"BreadcrumbList\",\"@id\":\"https:\\\/\\\/medicinasinc.com\\\/fi\\\/product\\\/osta-nembutaali-jauhe\\\/#breadcrumb\",\"itemListElement\":[{\"@type\":\"ListItem\",\"position\":1,\"name\":\"Myym\u00e4l\u00e4\",\"item\":\"https:\\\/\\\/medicinasinc.com\\\/fi\\\/myymala\\\/\"},{\"@type\":\"ListItem\",\"position\":2,\"name\":\"Osta Nembutal-jauhe\"}]},{\"@type\":\"WebSite\",\"@id\":\"https:\\\/\\\/medicinasinc.com\\\/fi\\\/#website\",\"url\":\"https:\\\/\\\/medicinasinc.com\\\/fi\\\/\",\"name\":\"Medicinas Inc\",\"description\":\"Health Medical Clinic\",\"potentialAction\":[{\"@type\":\"SearchAction\",\"target\":{\"@type\":\"EntryPoint\",\"urlTemplate\":\"https:\\\/\\\/medicinasinc.com\\\/fi\\\/?s={search_term_string}\"},\"query-input\":{\"@type\":\"PropertyValueSpecification\",\"valueRequired\":true,\"valueName\":\"search_term_string\"}}],\"inLanguage\":\"en-US\"}]}<\/script>\n<!-- \/ Yoast SEO plugin. -->","yoast_head_json":{"title":"Osta Nembutal-jauhe - Pentobarbitaalinatrium - Parhaat maailmanlaajuiset l\u00e4\u00e4kkeet","description":"Osta Nembutal Powder pentobarbitaalinatrium myyt\u00e4v\u00e4n\u00e4 Isossa-Britanniassa, Arabiemiirikunnissa, Euroopassa, Kiinassa bestglobalmeds.com-verkkokaupassamme nopealla maailmanlaajuisella toimituksella! Paras Nembutal tilaamiseen l\u00f6yd\u00e4t t\u00e4\u00e4lt\u00e4!","robots":{"index":"index","follow":"follow","max-snippet":"max-snippet:-1","max-image-preview":"max-image-preview:large","max-video-preview":"max-video-preview:-1"},"canonical":"https:\/\/medicinasinc.com\/fi\/product\/osta-nembutaali-jauhe\/","og_locale":"en_US","og_type":"article","og_title":"Osta Nembutal-jauhe - Pentobarbitaalinatrium - Parhaat maailmanlaajuiset l\u00e4\u00e4kkeet","og_description":"Osta Nembutal Powder pentobarbitaalinatrium myyt\u00e4v\u00e4n\u00e4 Isossa-Britanniassa, Arabiemiirikunnissa, Euroopassa, Kiinassa bestglobalmeds.com-verkkokaupassamme nopealla maailmanlaajuisella toimituksella! Paras Nembutal tilaamiseen l\u00f6yd\u00e4t t\u00e4\u00e4lt\u00e4!","og_url":"https:\/\/medicinasinc.com\/fi\/product\/osta-nembutaali-jauhe\/","og_site_name":"Medicinas Inc","article_modified_time":"2022-03-22T00:49:17+00:00","og_image":[{"width":600,"height":600,"url":"https:\/\/medicinasinc.com\/fi\/wp-content\/uploads\/sites\/12\/2022\/02\/Buy-Nembutal-Powder-2.jpg","type":"image\/jpeg"}],"twitter_card":"summary_large_image","twitter_misc":{"Est. reading time":"2 minutes"},"schema":{"@context":"https:\/\/schema.org","@graph":[{"@type":"WebPage","@id":"https:\/\/medicinasinc.com\/fi\/product\/osta-nembutaali-jauhe\/","url":"https:\/\/medicinasinc.com\/fi\/product\/osta-nembutaali-jauhe\/","name":"Osta Nembutal-jauhe - Pentobarbitaalinatrium - Parhaat maailmanlaajuiset l\u00e4\u00e4kkeet","isPartOf":{"@id":"https:\/\/medicinasinc.com\/fi\/#website"},"primaryImageOfPage":{"@id":"https:\/\/medicinasinc.com\/fi\/product\/osta-nembutaali-jauhe\/#primaryimage"},"image":{"@id":"https:\/\/medicinasinc.com\/fi\/product\/osta-nembutaali-jauhe\/#primaryimage"},"thumbnailUrl":"https:\/\/medicinasinc.com\/fi\/wp-content\/uploads\/sites\/12\/2022\/02\/Buy-Nembutal-Powder-2.jpg","datePublished":"2022-02-22T06:07:08+00:00","dateModified":"2022-03-22T00:49:17+00:00","description":"Osta Nembutal Powder pentobarbitaalinatrium myyt\u00e4v\u00e4n\u00e4 Isossa-Britanniassa, Arabiemiirikunnissa, Euroopassa, Kiinassa bestglobalmeds.com-verkkokaupassamme nopealla maailmanlaajuisella toimituksella! Paras Nembutal tilaamiseen l\u00f6yd\u00e4t t\u00e4\u00e4lt\u00e4!","breadcrumb":{"@id":"https:\/\/medicinasinc.com\/fi\/product\/osta-nembutaali-jauhe\/#breadcrumb"},"inLanguage":"en-US","potentialAction":[{"@type":"ReadAction","target":["https:\/\/medicinasinc.com\/fi\/product\/osta-nembutaali-jauhe\/"]}]},{"@type":"ImageObject","inLanguage":"en-US","@id":"https:\/\/medicinasinc.com\/fi\/product\/osta-nembutaali-jauhe\/#primaryimage","url":"https:\/\/medicinasinc.com\/fi\/wp-content\/uploads\/sites\/12\/2022\/02\/Buy-Nembutal-Powder-2.jpg","contentUrl":"https:\/\/medicinasinc.com\/fi\/wp-content\/uploads\/sites\/12\/2022\/02\/Buy-Nembutal-Powder-2.jpg","width":600,"height":600},{"@type":"BreadcrumbList","@id":"https:\/\/medicinasinc.com\/fi\/product\/osta-nembutaali-jauhe\/#breadcrumb","itemListElement":[{"@type":"ListItem","position":1,"name":"Myym\u00e4l\u00e4","item":"https:\/\/medicinasinc.com\/fi\/myymala\/"},{"@type":"ListItem","position":2,"name":"Osta Nembutal-jauhe"}]},{"@type":"WebSite","@id":"https:\/\/medicinasinc.com\/fi\/#website","url":"https:\/\/medicinasinc.com\/fi\/","name":"Medicinas Inc","description":"Health Medical Clinic","potentialAction":[{"@type":"SearchAction","target":{"@type":"EntryPoint","urlTemplate":"https:\/\/medicinasinc.com\/fi\/?s={search_term_string}"},"query-input":{"@type":"PropertyValueSpecification","valueRequired":true,"valueName":"search_term_string"}}],"inLanguage":"en-US"}]}},"_links":{"self":[{"href":"https:\/\/medicinasinc.com\/fi\/wp-json\/wp\/v2\/product\/5781","targetHints":{"allow":["GET"]}}],"collection":[{"href":"https:\/\/medicinasinc.com\/fi\/wp-json\/wp\/v2\/product"}],"about":[{"href":"https:\/\/medicinasinc.com\/fi\/wp-json\/wp\/v2\/types\/product"}],"replies":[{"embeddable":true,"href":"https:\/\/medicinasinc.com\/fi\/wp-json\/wp\/v2\/comments?post=5781"}],"wp:featuredmedia":[{"embeddable":true,"href":"https:\/\/medicinasinc.com\/fi\/wp-json\/wp\/v2\/media\/5791"}],"wp:attachment":[{"href":"https:\/\/medicinasinc.com\/fi\/wp-json\/wp\/v2\/media?parent=5781"}],"wp:term":[{"taxonomy":"product_brand","embeddable":true,"href":"https:\/\/medicinasinc.com\/fi\/wp-json\/wp\/v2\/product_brand?post=5781"},{"taxonomy":"product_cat","embeddable":true,"href":"https:\/\/medicinasinc.com\/fi\/wp-json\/wp\/v2\/product_cat?post=5781"},{"taxonomy":"product_tag","embeddable":true,"href":"https:\/\/medicinasinc.com\/fi\/wp-json\/wp\/v2\/product_tag?post=5781"}],"curies":[{"name":"wp","href":"https:\/\/api.w.org\/{rel}","templated":true}]}}