{"id":5777,"date":"2022-02-22T05:58:59","date_gmt":"2022-02-22T05:58:59","guid":{"rendered":"https:\/\/medicinasinc.com\/fi\/?post_type=product&#038;p=5777"},"modified":"2022-03-22T00:49:29","modified_gmt":"2022-03-22T00:49:29","slug":"osta-nembutaali-kapseleita","status":"publish","type":"product","link":"https:\/\/medicinasinc.com\/fi\/product\/osta-nembutaali-kapseleita\/","title":{"rendered":"Osta Nembutal-kapseleita"},"content":{"rendered":"<p>Etsi parhaat Nembutal-kapseleiden toimittajat ja j\u00e4lleenmyyj\u00e4t Nembutal Pharmacy Online -apteekistamme<\/p>\n<p>Yrit\u00e4tk\u00f6 l\u00f6yt\u00e4\u00e4 hyv\u00e4maineisen verkkoapteekin, josta saat parhaat tarjoukset Nembutal-kapseleista? Joo? Sitten t\u00e4m\u00e4 on ihanteellinen paikka sinulle. Olemme online-apteekki, joka tunnetaan nimell\u00e4 Nembutal Pharmacy. Olemme ker\u00e4nneet paljon omistautuneita asiakkaita maineemme ansiosta yhten\u00e4 johtavista Nembutal-kapseleiden verkkomyyjist\u00e4 ja -toimittajista.<\/p>\n<p>\u00c4l\u00e4 huolehdi, jos t\u00e4m\u00e4 on ensimm\u00e4inen kerta, kun ostat Nembutal-kapseleita verkkoapteekistamme. . T\u00e4\u00e4ll\u00e4 ei voi odottaa muuta kuin parasta. Olemme aina valmiina auttamaan sinua l\u00f6yt\u00e4m\u00e4\u00e4n tarvitsemasi Nembutal-kapselit ja toimittamaan ne sinulle mahdollisimman nopeasti. Toimialan normien mukaisesti t\u00e4yt\u00e4mme tai ylit\u00e4mme asiakkaidemme odotukset. Verkkoapteekkimme Nembutal-kapselit ovat korkealaatuisia, ja t\u00e4m\u00e4 sis\u00e4lt\u00e4\u00e4 my\u00f6s pakkauksen ja toimituksen. Ota meihin yhteytt\u00e4 jo t\u00e4n\u00e4\u00e4n, jos olet kiinnostunut hankkimaan Nembutal-kapseleita, niin me vastaamme tarpeisiisi ajoissa.<\/p>\n<p>Miksi Nembutal-kapseleiden ostaminen Nembutal-verkkoapteekista on paras valinta?<\/p>\n<p> Yrityksemme on paras vaihtoehto, jos haluat Nembutal-kapseleita tarkasti ja laadukkaasti tarkastetulla ja nopealla toimituspalvelulla. Laadukkaimpia Nembutal-kapseleita on saatavana edullisin hinnoin Nembutal-verkkoapteekista. Koska emme k\u00e4yt\u00e4 v\u00e4lik\u00e4si\u00e4, pystymme pit\u00e4m\u00e4\u00e4n kaiken sujuvana. Asiakaspalvelu on meille etusijalla ja varmistamme, ett\u00e4 tilaukset toimitetaan ajallaan.<\/p>\n<p>Olemme saaneet hyv\u00e4\u00e4 palautetta ja arvioita kuluttajilta, koska olemme ty\u00f6skennelleet alalla pitk\u00e4\u00e4n. Tiimimme l\u00e4hett\u00e4\u00e4 Nembutal-kapseleita asiakkaille turvallisesti. Toimitamme jokaisen meilt\u00e4 ostamasi tuotteen mukana ohjeet. N\u00e4m\u00e4 ohjeet osoittavat, kuinka otat Nembutal-kapselit turvallisesti.<\/p>\n<p>Voit aina luottaa huippuluokan palveluihimme. Verkkoapteekkimme voi auttaa sinua oppimaan lis\u00e4\u00e4 l\u00e4\u00e4kkeest\u00e4 Nembutal Capsules. Nembutal-kapseleita oli aiemmin vaikea saada. Ajan my\u00f6t\u00e4 verkkoapteekkimme on kuitenkin pystynyt tarjoamaan Nembutal-tuotteita verkossa. Voit saada ne milloin tahansa.<\/p>\n","protected":false},"excerpt":{"rendered":"<p>Nembutal-kapseleiden tilaaminen verkosta: mit\u00e4 vaiheita on toteutettava?<\/p>\n<p>Voit l\u00e4hett\u00e4\u00e4 pyynt\u00f6si ostaa Nembutal-kapseleita verkossa parhaaseen hintaan virallisella verkkosivustollamme ja saada se valmiiksi lyhyess\u00e4 ajassa. . Olemme vastuussa tilauksesi toteuttamisesta. Voit ostaa Nembutal-kapseleita meilt\u00e4 heti, jos otat meihin yhteytt\u00e4 jo t\u00e4n\u00e4\u00e4n!<\/p>\n<p>BestGlobalMedicines.com-verkkokaupastamme saat Nembutal-kapseleita, pillereit\u00e4 Euroopassa ja Pentobarbitaalia myyntiin Yhdistyneess\u00e4 kuningaskunnassa nopealla maailmanlaajuisella toimituksella! L\u00f6yd\u00e4t parhaimman paikan ostaa Nembutalia verkosta t\u00e4\u00e4lt\u00e4!<\/p>\n","protected":false},"featured_media":5786,"comment_status":"open","ping_status":"closed","template":"","meta":[],"product_brand":[],"product_cat":[3818],"product_tag":[3819,3820,3824,3825,3827,3831,3832,3833,3834,3835,3913,3838,3839,3880,3840,3841,3842,3836,3837,3844,3923,3924,3925,3926,3927,3922,3920,3916,3914,3915,3917,3919,3918,3906,3908,3909,3875,3911,3910,3845,3869,3846,3849,3850,3852,3854,3855,3847,3848,3851,3865,3866,3861,3857,3862,3863,3864,3868,3867,3859,3860,3843,3853,3890,3871,3872,3873,3821,3830,3823,3856,3826,3822,3904,3905,3879,3828,3829,3858,3912,3876,3877,3903,3884,3883,3902,3891,3893,3892,3899,3900,3882,3897,3888,3881,3896,3887,3886,3889,3895,3894,3878,3885,3898,3901,3874,3907,3870,3921],"class_list":{"0":"post-5777","1":"product","2":"type-product","3":"status-publish","4":"has-post-thumbnail","6":"product_cat-pentobarbitaali-myynniss","7":"product_tag-best-drug-for-suicide-overdose","8":"product_tag-buy-cheap-nembutal-liquid-online","9":"product_tag-buy-nembutal-pentobarbital-sodium","10":"product_tag-buy-nembutal-pills-online","11":"product_tag-buy-pentobarbital-sodium","12":"product_tag-can-i-buy-pentobarbital","13":"product_tag-can-i-order-nembutal-online","14":"product_tag-can-i-order-pentobarbital-online","15":"product_tag-can-you-buy-pentobarbital-sodium-over-the-counter","16":"product_tag-can-you-buy-sodium-pentobarbital","17":"product_tag-halua-ostaa-nembutal","18":"product_tag-how-can-i-order-pentobarbital-sodium","19":"product_tag-how-can-i-take-nembutal","20":"product_tag-pentobarbitaali-natrium-kiina","21":"product_tag-kuinka-to-acquire-nembutal","22":"product_tag-kuinka-ostaa-nembutal-verkosta","23":"product_tag-miten-tilata-nembutal-postitse","24":"product_tag-miten-voin-tilata-nembutal-nestett","25":"product_tag-miten-voin-tilata-nembutal-pillereit","26":"product_tag-lethal-injection-buy-online","27":"product_tag-mist-osta-halpa-nembutal-verkosta","28":"product_tag-mist-ostaa-nembutal-pillereit-verkosta","29":"product_tag-mist-ostaa-pentobarbitaali-natrium","30":"product_tag-mist-osta-pentobarbitaali-natrium-koirille","31":"product_tag-mist-saa-pentobarbitaalinatriumia","32":"product_tag-mist-voit-ostaa-pentobarbitaali-natriumia","33":"product_tag-mist-voin-ostaa-natrium-pentobarbitaali","34":"product_tag-mist-voin-ostaa-nembutaali-natrium-pentobarbitaali","35":"product_tag-mist-voin-ostaa-nembutaali-nestett","36":"product_tag-mist-voin-ostaa-nembutal-pillereit","37":"product_tag-mist-voin-ostaa-pentobarbitaalia","38":"product_tag-mist-voin-ostaa-pentobarbitaali-natrium-unilkkeet","39":"product_tag-mist-voin-ostaa-pentobarbitaali-natriumia","40":"product_tag-natrium-pentobarbitaali-nembutaali","41":"product_tag-natrium-pentobarbitaali-elinten-eutanasialle","42":"product_tag-natrium-pentobarbitaali-eutanasiaan","43":"product_tag-pentobarbitaali-de-natrium-annos-letale","44":"product_tag-natrium-pentobarbitaali-silyvyys","45":"product_tag-natriumpentobarbitaalin-valmistajat","46":"product_tag-nembutaali","47":"product_tag-nembutaali-itsemurhaannos","48":"product_tag-nembutal-capsule","49":"product_tag-nembutal-liquid-buy-australia","50":"product_tag-nembutal-liquid-buy-austria","51":"product_tag-nembutal-liquid-buy-uk","52":"product_tag-nembutal-liquid-overdose","53":"product_tag-nembutal-liquid-supplier","54":"product_tag-nembutal-myynniss","55":"product_tag-nembutal-neste-ost","56":"product_tag-nembutal-liquid-buy-europe","57":"product_tag-nembutal-pillerit-myynniss","58":"product_tag-nembutal-pills-online","59":"product_tag-nembutal-pills-buy-europe","60":"product_tag-nembutal-pills","61":"product_tag-nembutal-pills-buy-online","62":"product_tag-nembutal-pills-buy-uk","63":"product_tag-nembutal-pills-dose","64":"product_tag-nembutal-pills-toimittaja","65":"product_tag-nembutaali-pillerit-yliannostus","66":"product_tag-nembutal-pills-buy-australia","67":"product_tag-nembutal-pills-buy-austria","68":"product_tag-se-on-helppo-ostaa-nembutal-verkosta","69":"product_tag-nembutaali-neste-annos","70":"product_tag-pentobarbitaali-natrium-neste","71":"product_tag-order-nembutal-pills","72":"product_tag-order-nembutal-pills-online","73":"product_tag-order-pentobarbital-sodium","74":"product_tag-osta-halpa-nembutal-verkosta","75":"product_tag-osta-natrium-pentobarbitaali-uk","76":"product_tag-osta-nembutal-neste-verkosta","77":"product_tag-nembutaali-pentobarbitaali-natrium-osta","78":"product_tag-osta-nembutal-natrium-verkosta","79":"product_tag-osta-nembutal-tll","80":"product_tag-osta-nembutal-verkosta","81":"product_tag-osta-nembutal-pills-verkosta","82":"product_tag-pentobarbitaali-natrium-osta","83":"product_tag-osta-pentobarbitaali-natrium-2021","84":"product_tag-osta-pentobarbitaali-natrium-pentobarbitaali-natrium-suola","85":"product_tag-nembutal-pills-buy","86":"product_tag-paras-paikka-ostaa-nembutal-pillereit-verkossa","87":"product_tag-pentobarbitaali-eutanasiaa-varten","88":"product_tag-pentobarbitaali-lhellni","89":"product_tag-pentobarbitaalin-kytt","90":"product_tag-pentobarbitaali-natrium-ihmisille","91":"product_tag-pentobarbitaali-natrium-koirille","92":"product_tag-pentobarbitaali-natrium-jos-osta","93":"product_tag-pentobarbitaali-natrium-nz","94":"product_tag-reseptivapaa-pentobarbitaali-natrium","95":"product_tag-pentobarbitaali-natrium-oraalinen","96":"product_tag-pentobarbitaali-natrium-unilkkeet","97":"product_tag-pentobarbitaali-natrium-unilkkeet-reseptivapaa","98":"product_tag-pentobarbitaali-natrium-annos","99":"product_tag-pentobarbitaali-natrium-hinta","100":"product_tag-pentobarbitaali-natrium-injektioliuos","101":"product_tag-pentobarbitaali-natrium-kuolema","102":"product_tag-pentobarbitaali-natrium-resepti","103":"product_tag-pentobarbitaali-natrium-injektio-ihmisille","104":"product_tag-pentobarbitaali-natrium-injektio-koirille","105":"product_tag-pentobarbitaali-natrium-injektio-usp","106":"product_tag-pentobarbitaali-natriumjauhe","107":"product_tag-pentobarbitaali-natrium-pillerit","108":"product_tag-pentobarbitaali-natrium-anestesia","109":"product_tag-pentobarbitaali-natrium-ryhm","110":"product_tag-pentobarbitaali-natrium-suola","111":"product_tag-pentobarbitaali-natrium-tabletit","112":"product_tag-pentobarbital","113":"product_tag-sodium-pentobarbital-cost","114":"product_tag-tilaus-nembutaali-neste","115":"product_tag-where-can-i-purchase-nembutal","117":"first","118":"instock","119":"shipping-taxable","120":"purchasable","121":"product-type-variable"},"yoast_head":"<!-- This site is optimized with the Yoast SEO plugin v27.3 - https:\/\/yoast.com\/product\/yoast-seo-wordpress\/ -->\n<title>Osta Nembutal-kapseleita - Tilaa Nembutal-kapseleita - Parhaat maailmanlaajuiset l\u00e4\u00e4kkeet<\/title>\n<meta name=\"description\" content=\"Osta\/tilaa Nembutal-kapseleita, pillereit\u00e4 myyt\u00e4v\u00e4n\u00e4 Isossa-Britanniassa, Euroopassa, Kiinassa, Japanissa, Israelissa hyv\u00e4maineisesta verkkoapteekista ilman resepti\u00e4 ja taattua huomaamatonta toimitusta.\" \/>\n<meta name=\"robots\" content=\"index, follow, max-snippet:-1, max-image-preview:large, max-video-preview:-1\" \/>\n<link rel=\"canonical\" href=\"https:\/\/medicinasinc.com\/fi\/product\/osta-nembutaali-kapseleita\/\" \/>\n<meta property=\"og:locale\" content=\"en_US\" \/>\n<meta property=\"og:type\" content=\"article\" \/>\n<meta property=\"og:title\" content=\"Osta Nembutal-kapseleita - Tilaa Nembutal-kapseleita - Parhaat maailmanlaajuiset l\u00e4\u00e4kkeet\" \/>\n<meta property=\"og:description\" content=\"Osta\/tilaa Nembutal-kapseleita, pillereit\u00e4 myyt\u00e4v\u00e4n\u00e4 Isossa-Britanniassa, Euroopassa, Kiinassa, Japanissa, Israelissa hyv\u00e4maineisesta verkkoapteekista ilman resepti\u00e4 ja taattua huomaamatonta toimitusta.\" \/>\n<meta property=\"og:url\" content=\"https:\/\/medicinasinc.com\/fi\/product\/osta-nembutaali-kapseleita\/\" \/>\n<meta property=\"og:site_name\" content=\"Medicinas Inc\" \/>\n<meta property=\"article:modified_time\" content=\"2022-03-22T00:49:29+00:00\" \/>\n<meta property=\"og:image\" content=\"https:\/\/medicinasinc.com\/fi\/wp-content\/uploads\/sites\/12\/2022\/02\/Buy-Nembutal-Capsules.jpg\" \/>\n\t<meta property=\"og:image:width\" content=\"600\" \/>\n\t<meta property=\"og:image:height\" content=\"600\" \/>\n\t<meta property=\"og:image:type\" content=\"image\/jpeg\" \/>\n<meta name=\"twitter:card\" content=\"summary_large_image\" \/>\n<meta name=\"twitter:label1\" content=\"Est. reading time\" \/>\n\t<meta name=\"twitter:data1\" content=\"2 minutes\" \/>\n<script type=\"application\/ld+json\" class=\"yoast-schema-graph\">{\"@context\":\"https:\\\/\\\/schema.org\",\"@graph\":[{\"@type\":\"WebPage\",\"@id\":\"https:\\\/\\\/medicinasinc.com\\\/fi\\\/product\\\/osta-nembutaali-kapseleita\\\/\",\"url\":\"https:\\\/\\\/medicinasinc.com\\\/fi\\\/product\\\/osta-nembutaali-kapseleita\\\/\",\"name\":\"Osta Nembutal-kapseleita - Tilaa Nembutal-kapseleita - Parhaat maailmanlaajuiset l\u00e4\u00e4kkeet\",\"isPartOf\":{\"@id\":\"https:\\\/\\\/medicinasinc.com\\\/fi\\\/#website\"},\"primaryImageOfPage\":{\"@id\":\"https:\\\/\\\/medicinasinc.com\\\/fi\\\/product\\\/osta-nembutaali-kapseleita\\\/#primaryimage\"},\"image\":{\"@id\":\"https:\\\/\\\/medicinasinc.com\\\/fi\\\/product\\\/osta-nembutaali-kapseleita\\\/#primaryimage\"},\"thumbnailUrl\":\"https:\\\/\\\/medicinasinc.com\\\/fi\\\/wp-content\\\/uploads\\\/sites\\\/12\\\/2022\\\/02\\\/Buy-Nembutal-Capsules.jpg\",\"datePublished\":\"2022-02-22T05:58:59+00:00\",\"dateModified\":\"2022-03-22T00:49:29+00:00\",\"description\":\"Osta\\\/tilaa Nembutal-kapseleita, pillereit\u00e4 myyt\u00e4v\u00e4n\u00e4 Isossa-Britanniassa, Euroopassa, Kiinassa, Japanissa, Israelissa hyv\u00e4maineisesta verkkoapteekista ilman resepti\u00e4 ja taattua huomaamatonta toimitusta.\",\"breadcrumb\":{\"@id\":\"https:\\\/\\\/medicinasinc.com\\\/fi\\\/product\\\/osta-nembutaali-kapseleita\\\/#breadcrumb\"},\"inLanguage\":\"en-US\",\"potentialAction\":[{\"@type\":\"ReadAction\",\"target\":[\"https:\\\/\\\/medicinasinc.com\\\/fi\\\/product\\\/osta-nembutaali-kapseleita\\\/\"]}]},{\"@type\":\"ImageObject\",\"inLanguage\":\"en-US\",\"@id\":\"https:\\\/\\\/medicinasinc.com\\\/fi\\\/product\\\/osta-nembutaali-kapseleita\\\/#primaryimage\",\"url\":\"https:\\\/\\\/medicinasinc.com\\\/fi\\\/wp-content\\\/uploads\\\/sites\\\/12\\\/2022\\\/02\\\/Buy-Nembutal-Capsules.jpg\",\"contentUrl\":\"https:\\\/\\\/medicinasinc.com\\\/fi\\\/wp-content\\\/uploads\\\/sites\\\/12\\\/2022\\\/02\\\/Buy-Nembutal-Capsules.jpg\",\"width\":600,\"height\":600},{\"@type\":\"BreadcrumbList\",\"@id\":\"https:\\\/\\\/medicinasinc.com\\\/fi\\\/product\\\/osta-nembutaali-kapseleita\\\/#breadcrumb\",\"itemListElement\":[{\"@type\":\"ListItem\",\"position\":1,\"name\":\"Myym\u00e4l\u00e4\",\"item\":\"https:\\\/\\\/medicinasinc.com\\\/fi\\\/myymala\\\/\"},{\"@type\":\"ListItem\",\"position\":2,\"name\":\"Osta Nembutal-kapseleita\"}]},{\"@type\":\"WebSite\",\"@id\":\"https:\\\/\\\/medicinasinc.com\\\/fi\\\/#website\",\"url\":\"https:\\\/\\\/medicinasinc.com\\\/fi\\\/\",\"name\":\"Medicinas Inc\",\"description\":\"Health Medical Clinic\",\"potentialAction\":[{\"@type\":\"SearchAction\",\"target\":{\"@type\":\"EntryPoint\",\"urlTemplate\":\"https:\\\/\\\/medicinasinc.com\\\/fi\\\/?s={search_term_string}\"},\"query-input\":{\"@type\":\"PropertyValueSpecification\",\"valueRequired\":true,\"valueName\":\"search_term_string\"}}],\"inLanguage\":\"en-US\"}]}<\/script>\n<!-- \/ Yoast SEO plugin. -->","yoast_head_json":{"title":"Osta Nembutal-kapseleita - Tilaa Nembutal-kapseleita - Parhaat maailmanlaajuiset l\u00e4\u00e4kkeet","description":"Osta\/tilaa Nembutal-kapseleita, pillereit\u00e4 myyt\u00e4v\u00e4n\u00e4 Isossa-Britanniassa, Euroopassa, Kiinassa, Japanissa, Israelissa hyv\u00e4maineisesta verkkoapteekista ilman resepti\u00e4 ja taattua huomaamatonta toimitusta.","robots":{"index":"index","follow":"follow","max-snippet":"max-snippet:-1","max-image-preview":"max-image-preview:large","max-video-preview":"max-video-preview:-1"},"canonical":"https:\/\/medicinasinc.com\/fi\/product\/osta-nembutaali-kapseleita\/","og_locale":"en_US","og_type":"article","og_title":"Osta Nembutal-kapseleita - Tilaa Nembutal-kapseleita - Parhaat maailmanlaajuiset l\u00e4\u00e4kkeet","og_description":"Osta\/tilaa Nembutal-kapseleita, pillereit\u00e4 myyt\u00e4v\u00e4n\u00e4 Isossa-Britanniassa, Euroopassa, Kiinassa, Japanissa, Israelissa hyv\u00e4maineisesta verkkoapteekista ilman resepti\u00e4 ja taattua huomaamatonta toimitusta.","og_url":"https:\/\/medicinasinc.com\/fi\/product\/osta-nembutaali-kapseleita\/","og_site_name":"Medicinas Inc","article_modified_time":"2022-03-22T00:49:29+00:00","og_image":[{"width":600,"height":600,"url":"https:\/\/medicinasinc.com\/fi\/wp-content\/uploads\/sites\/12\/2022\/02\/Buy-Nembutal-Capsules.jpg","type":"image\/jpeg"}],"twitter_card":"summary_large_image","twitter_misc":{"Est. reading time":"2 minutes"},"schema":{"@context":"https:\/\/schema.org","@graph":[{"@type":"WebPage","@id":"https:\/\/medicinasinc.com\/fi\/product\/osta-nembutaali-kapseleita\/","url":"https:\/\/medicinasinc.com\/fi\/product\/osta-nembutaali-kapseleita\/","name":"Osta Nembutal-kapseleita - Tilaa Nembutal-kapseleita - Parhaat maailmanlaajuiset l\u00e4\u00e4kkeet","isPartOf":{"@id":"https:\/\/medicinasinc.com\/fi\/#website"},"primaryImageOfPage":{"@id":"https:\/\/medicinasinc.com\/fi\/product\/osta-nembutaali-kapseleita\/#primaryimage"},"image":{"@id":"https:\/\/medicinasinc.com\/fi\/product\/osta-nembutaali-kapseleita\/#primaryimage"},"thumbnailUrl":"https:\/\/medicinasinc.com\/fi\/wp-content\/uploads\/sites\/12\/2022\/02\/Buy-Nembutal-Capsules.jpg","datePublished":"2022-02-22T05:58:59+00:00","dateModified":"2022-03-22T00:49:29+00:00","description":"Osta\/tilaa Nembutal-kapseleita, pillereit\u00e4 myyt\u00e4v\u00e4n\u00e4 Isossa-Britanniassa, Euroopassa, Kiinassa, Japanissa, Israelissa hyv\u00e4maineisesta verkkoapteekista ilman resepti\u00e4 ja taattua huomaamatonta toimitusta.","breadcrumb":{"@id":"https:\/\/medicinasinc.com\/fi\/product\/osta-nembutaali-kapseleita\/#breadcrumb"},"inLanguage":"en-US","potentialAction":[{"@type":"ReadAction","target":["https:\/\/medicinasinc.com\/fi\/product\/osta-nembutaali-kapseleita\/"]}]},{"@type":"ImageObject","inLanguage":"en-US","@id":"https:\/\/medicinasinc.com\/fi\/product\/osta-nembutaali-kapseleita\/#primaryimage","url":"https:\/\/medicinasinc.com\/fi\/wp-content\/uploads\/sites\/12\/2022\/02\/Buy-Nembutal-Capsules.jpg","contentUrl":"https:\/\/medicinasinc.com\/fi\/wp-content\/uploads\/sites\/12\/2022\/02\/Buy-Nembutal-Capsules.jpg","width":600,"height":600},{"@type":"BreadcrumbList","@id":"https:\/\/medicinasinc.com\/fi\/product\/osta-nembutaali-kapseleita\/#breadcrumb","itemListElement":[{"@type":"ListItem","position":1,"name":"Myym\u00e4l\u00e4","item":"https:\/\/medicinasinc.com\/fi\/myymala\/"},{"@type":"ListItem","position":2,"name":"Osta Nembutal-kapseleita"}]},{"@type":"WebSite","@id":"https:\/\/medicinasinc.com\/fi\/#website","url":"https:\/\/medicinasinc.com\/fi\/","name":"Medicinas Inc","description":"Health Medical Clinic","potentialAction":[{"@type":"SearchAction","target":{"@type":"EntryPoint","urlTemplate":"https:\/\/medicinasinc.com\/fi\/?s={search_term_string}"},"query-input":{"@type":"PropertyValueSpecification","valueRequired":true,"valueName":"search_term_string"}}],"inLanguage":"en-US"}]}},"_links":{"self":[{"href":"https:\/\/medicinasinc.com\/fi\/wp-json\/wp\/v2\/product\/5777","targetHints":{"allow":["GET"]}}],"collection":[{"href":"https:\/\/medicinasinc.com\/fi\/wp-json\/wp\/v2\/product"}],"about":[{"href":"https:\/\/medicinasinc.com\/fi\/wp-json\/wp\/v2\/types\/product"}],"replies":[{"embeddable":true,"href":"https:\/\/medicinasinc.com\/fi\/wp-json\/wp\/v2\/comments?post=5777"}],"wp:featuredmedia":[{"embeddable":true,"href":"https:\/\/medicinasinc.com\/fi\/wp-json\/wp\/v2\/media\/5786"}],"wp:attachment":[{"href":"https:\/\/medicinasinc.com\/fi\/wp-json\/wp\/v2\/media?parent=5777"}],"wp:term":[{"taxonomy":"product_brand","embeddable":true,"href":"https:\/\/medicinasinc.com\/fi\/wp-json\/wp\/v2\/product_brand?post=5777"},{"taxonomy":"product_cat","embeddable":true,"href":"https:\/\/medicinasinc.com\/fi\/wp-json\/wp\/v2\/product_cat?post=5777"},{"taxonomy":"product_tag","embeddable":true,"href":"https:\/\/medicinasinc.com\/fi\/wp-json\/wp\/v2\/product_tag?post=5777"}],"curies":[{"name":"wp","href":"https:\/\/api.w.org\/{rel}","templated":true}]}}