{"id":5739,"date":"2022-02-22T05:15:21","date_gmt":"2022-02-22T05:15:21","guid":{"rendered":"https:\/\/medicinasinc.com\/fi\/?post_type=product&#038;p=5739"},"modified":"2022-03-22T00:49:39","modified_gmt":"2022-03-22T00:49:39","slug":"osta-pyratsolaami-0-5-mg-pelletteja","status":"publish","type":"product","link":"https:\/\/medicinasinc.com\/fi\/product\/osta-pyratsolaami-0-5-mg-pelletteja\/","title":{"rendered":"Osta Pyratsolaami 0,5 mg pellettej\u00e4"},"content":{"rendered":"<p>Pyrazolam 0,5 mg -pelletit myyt\u00e4v\u00e4n\u00e4 Isossa-Britanniassa, Euroopassa, Australiassa ja Euroopan unionissa. Pyratsolaamin hinta, pyratsolaamin toimitus y\u00f6n yli ja laadukkaan pyratsolaamin ostopaikka.<\/p>\n<p>Bitcoinilla voi ostaa 1 mg Pyratsolaamipellettej\u00e4 verkosta. C16H12BrN5 on t\u00e4m\u00e4n puristinpelletin molekyylirakenne. Pyratsolaamia voi olla vaikea saada.<\/p>\n<p>Bentsodiatsepiinien l\u00e4\u00e4keryhm\u00e4\u00e4n kuuluu pyratsolaami, upouusi masennusl\u00e4\u00e4ke. Rentoutuminen, hiljentyminen ja euforia ovat vain muutamia ihmisten raportoimista positiivisista sivuvaikutuksista. Osta ja tilaa edullisia vuoden 2022 pyratsolaamipellettej\u00e4 Internetist\u00e4.<\/p>\n<p>Bentsodiatsepiineilla, kuten pyratsolaamilla ja diatsepaamilla, on v\u00e4hemm\u00e4n euforiaa ja ne ovat rauhoittavampia, joten niit\u00e4 ei yleens\u00e4 k\u00e4ytet\u00e4 virkistystarkoituksiin.<\/p>\n<p> L\u00e4\u00e4kkeet Tilaa edullisia 2022 Pyratsolaamipellettej\u00e4 verkosta.<\/p>\n<p>Bentsosilla voi olla monia erilaisia \u200b\u200bvaikutuksia, koska ne sitoutuvat bentsodiatsepiinireseptoriin ja lis\u00e4\u00e4v\u00e4t gammaaminovoihapon tehoa ja vaikutuksia sen reseptoreihin.<\/p>\n<p> &gt; <\/p>\n<p>Pyatsolaamin rauhoittavat tai rauhoittavat vaikutukset hermostoon voidaan katsoa johtuvan sen moduloinnista t\u00e4ss\u00e4 paikassa, joka on aivojen tuottelias inhiboiva reseptorisarja.<\/p>\n<p>Pyratsolaamin ostaminen hyv\u00e4maineelta toimittajalta varmistaa, ett\u00e4 vastaanota tilauksesi ajoissa vuodelle 2021.<\/p>\n<p>Bentsodiatsepiinireseptorien sijaan bentsodiatsepiinien kouristuksia est\u00e4v\u00e4t vaikutukset voivat johtua niiden sitoutumisesta j\u00e4nniteriippuvaisiin natriumkanaviin.<\/p>\n<p>Vaikutukset Kehon<br \/> huimaus<br \/> menetys motorinen toiminta<br \/> Lihasten rentoutuminen<br \/> Hengityselinten lama<br \/> Pyatsolaami on v\u00e4hemm\u00e4n rauhoittava kuin muut bentsodiatsepiinit, ellei sit\u00e4 oteta suurina annoksina, mink\u00e4 vuoksi sit\u00e4 m\u00e4\u00e4r\u00e4t\u00e4\u00e4n usein unettomuuden hoitoon.<br \/> Vaikutukset mieleen<\/p>\n<p>Pyratsolaamin kognitiiviset vaikutukset voidaan jakaa useisiin komponentteihin, joiden voimakkuus lis\u00e4\u00e4ntyy annosta suurennettaessa.<\/p>\n<p>Pyratsolaamin ostaminen hyv\u00e4maineelta toimittajalta varmistaa, ett\u00e4 saat tilaus ajoissa vuodelle 2021.<\/p>\n<p>Monet ihmiset kuvailevat pyratsolaamin yleist\u00e4 vaikutusta mieleen liev\u00e4n\u00e4 sedaationa, mutta vastaavasti v\u00e4hent\u00e4en ahdistusta. Sill\u00e4 on suuri joukko kognitiivisia vaikutuksia, jotka liittyv\u00e4t yleisesti masennukseen.<\/p>\n<p>Yleens\u00e4 huomattavimpia kognitiivisia vaikutuksia ovat:<\/p>\n<p>Amnesia<br \/> Ahdistuneisuuden tukahduttaminen<br \/> Mielen hidastuminen<br \/> Tietojen analysoinnin tukahduttaminen<br \/> Est\u00e4minen<br \/> Omien virheiden toistuva toistaminen<br \/> Raittius-harha: Huolimatta ilmeisist\u00e4 p\u00e4invastaisista todisteista, kuten vakavasta kognitiivisesta h\u00e4iri\u00f6st\u00e4 ja kyvytt\u00f6myys kommunikoida t\u00e4ysin muiden kanssa, v\u00e4\u00e4r\u00e4 uskomus siit\u00e4, ett\u00e4 ollaan t\u00e4ysin raittiina, s\u00e4ilyy yksil\u00f6ss\u00e4.<br \/> Unelmien lis\u00e4\u00e4minen<br \/> H\u00e4mm\u00e4stytt\u00e4v\u00e4t kontrastit<br \/> Tilaa Pyratsolaamipelletit 2021, Osta Pyratsolaami Verkosta halvalla 2021<\/p>\n<p>Ei ole harvinaista, ett\u00e4 bentsodiatsepiineja k\u00e4ytt\u00e4vill\u00e4 ihmisill\u00e4 on ep\u00e4tavallisia sivuvaikutuksia, kuten kohtausten lis\u00e4\u00e4ntymist\u00e4, aggressiota, \u00e4rtyneisyytt\u00e4 ja itsemurha-ajatuksia.<\/p>\n<p>Viihdehuumeiden k\u00e4ytt\u00e4j\u00e4t, mielenterveysongelmista k\u00e4rsiv\u00e4t, lapset, ja potilailla, jotka saavat suuria annoksia, kokevat todenn\u00e4k\u00f6isemmin N\u00e4m\u00e4 paradoksaaliset vaikutukset.<\/p>\n<p>Riippuvuuden ja toleranssin mahdollisuus<\/p>\n<p>Pyratsolaami on eritt\u00e4in fyysisesti ja henkisesti riippuvainen.<br \/> Toleranssi rauhoittavien ja hypnoottisten vaikutusten suhteen kehittyy muutaman sis\u00e4ll\u00e4 p\u00e4iv\u00e4n ajan l\u00e4\u00e4kkeen s\u00e4\u00e4nn\u00f6llisen k\u00e4yt\u00f6n j\u00e4lkeen.<\/p>\n<p>Toleranssi palautuu normaaliksi 7\u201314 p\u00e4iv\u00e4n kuluessa lopettamisesta. On kuitenkin mahdollista, ett\u00e4 riippuen siit\u00e4, kuinka kauan ja kuinka kovaa k\u00e4yt\u00e4t sit\u00e4, se voi kest\u00e4\u00e4 huomattavasti kauemmin.<\/p>\n<p>Muutaman viikon tai pidemm\u00e4n tasaisen annostelun j\u00e4lkeen voi ilmaantua vieroitusoireita tai rebound-oireita, jotka vaativat asteittainen annoksen pienent\u00e4minen.<\/p>\n<p>Vuorovaikutukset, jotka voivat olla haitallisia. Osta pyratsolaamia verkosta, tilaa Pyratsolaamipelletit 2022<\/p>\n<p>Monet l\u00e4\u00e4kkeet ovat turvallisia sellaisenaan, mutta yhdistettyn\u00e4 muihin aineisiin ne voivat olla vaarallisia ja jopa hengenvaarallisia. Muutamia vaarallisimmista yhdistelmist\u00e4 on lueteltu alla, mutta t\u00e4m\u00e4 on ohi ei tarkoita tyhjent\u00e4v\u00e4\u00e4 luetteloa.<\/p>\n<p>Kuitenkin pienin\u00e4kin annoksina tietyt yhdistelm\u00e4t voivat lis\u00e4t\u00e4 kuolemanriski\u00e4. Ennen kahden tai useamman aineen seoksen nauttimista on suoritettava riippumaton tutkimus sen turvallisuuden varmistamiseksi.<\/p>\n<p>Masennusl\u00e4\u00e4kkeen yhdist\u00e4minen toiseen masennusl\u00e4\u00e4kkeeseen voi johtaa vaaralliseen tai jopa kuolemaan johtavaan hengityslamaan. Suurilla annoksilla kunkin l\u00e4\u00e4kkeen aiheuttama lihasrelaksaatio, sedaatio ja muistinmenetys voivat voimistua odottamattomaan tajunnan menetykseen asti.<\/p>\n<p>T\u00e4m\u00e4n yhdistelm\u00e4n seurauksena oksentelun ja kuoleman riski tukehtuminen tajuttomuuden aikana lis\u00e4\u00e4ntyy. Ihmisten, jotka kokevat t\u00e4m\u00e4n, tulisi yritt\u00e4\u00e4 nukkua toipumisasennossa tai pyyt\u00e4\u00e4 yst\u00e4v\u00e4\u00e4 siirt\u00e4m\u00e4\u00e4n heid\u00e4t siihen.<\/p>\n<p>Bentsodiatsepiineja ja piristeit\u00e4 ei tule yhdist\u00e4\u00e4 liiallisen myrkytyksen vaaran vuoksi. Bentsodiatsepiinien rauhoittavaa vaikutusta heikent\u00e4v\u00e4t piristeet, mik\u00e4 on useimpien ihmisten ensisijainen huomioitava myrkytystason arvioinnissa.<\/p>\n","protected":false},"excerpt":{"rendered":"<p>Yhdistyneess\u00e4 kuningaskunnassa, Euroopassa, Australiassa ja EU:ssa Pyrazolam 0,5 mg -pelletit ovat ostettavissa. Osta pyratsolaamia verkosta, pyratsolaamia y\u00f6n yli, pyratsolaamin hinta.<\/p>\n<p>Osta 1 mg Pyratsolaamipellettej\u00e4 Bitcoinilla verkkoapteekista. C16H12BrN5 on t\u00e4m\u00e4n kemiallisen puristuspelletin molekyylirakenne. pyratsolaamia voi olla vaikea saada.<\/p>\n<p>Pyrazolam 0,5 mg -pellettej\u00e4 voi ostaa verkosta. Teorian mukaan pyratsolaamin odotetaan aiheuttavan v\u00e4hemm\u00e4n ataksiaa ja sedaatiota kuin muut aineet. Koska pyratsolaamilla ei ole aktiivisia metaboliitteja, sen puoliintumisaika on pidempi (keskim\u00e4\u00e4rin 6 tuntia) ja vaikutus lineaarisempi kuin useimmilla muilla bentsodiatsepiineilla.<\/p>\n","protected":false},"featured_media":5751,"comment_status":"open","ping_status":"closed","template":"","meta":[],"product_brand":[],"product_cat":[2014],"product_tag":[3798,3799,3800,3801,3817,3816,3805,3806,3807,3802,3803,3797,3809,3808,3811,3815,3812,3813,3814,3810,3804],"class_list":{"0":"post-5739","1":"product","2":"type-product","3":"status-publish","4":"has-post-thumbnail","6":"product_cat-osta-tutkimus-kemikaaleja","7":"product_tag-best-quality-pyrazolam","8":"product_tag-buy-pyrazolam-0-5-mg","9":"product_tag-buy-pyrazolam-0-5-mg-pellets","10":"product_tag-buy-pyrazolam-europe","11":"product_tag-mist-ostaa-pyratsolaami-0-5-mg","12":"product_tag-miss-voidaan-hieno-pyratsolaami-lavat","13":"product_tag-order-pyrazolam-0-5-pallets","14":"product_tag-order-pyrazolam-uk","15":"product_tag-osto-pyratsolaami","16":"product_tag-osta-pyratsolaami-lhellni","17":"product_tag-osta-pyratsolaami-verkosta","18":"product_tag-paras-tilauspaikka-pyratsolaami-0-5-mg-lavat","19":"product_tag-pyratsolaami-0-5-mg-arvostelu","20":"product_tag-pyratsolaami-0-5-mg-myynniss","21":"product_tag-pyratsolaami-myynniss","22":"product_tag-pyratsolaami-tukkumyynti","23":"product_tag-pyratsolaami-hinta","24":"product_tag-pyratsolaami-myynti","25":"product_tag-pyratsolaamin-toimittaja","26":"product_tag-pyratsolaamivaikutus","27":"product_tag-jrjestys-pyratsolaami","29":"first","30":"instock","31":"shipping-taxable","32":"purchasable","33":"product-type-variable","34":"has-default-attributes"},"yoast_head":"<!-- This site is optimized with the Yoast SEO plugin v27.3 - https:\/\/yoast.com\/product\/yoast-seo-wordpress\/ -->\n<title>Osta Pyratsolaami 0,5 mg pellettej\u00e4 - Pyratsolaami 0,5 mg - Best Global Meds<\/title>\n<meta name=\"description\" content=\"Osta Pyratsolaami 0,5 mg pellettej\u00e4 myyt\u00e4v\u00e4n\u00e4 Isossa-Britanniassa, Euroopassa, AU:ssa, EU:ssa, tilaa halpoja pyratsolaamipellettej\u00e4 2022, mist\u00e4 ostaa korkealaatuisia pyratsolaamipellettej\u00e4 y\u00f6n yli, pyratsolaamin hinta.\" \/>\n<meta name=\"robots\" content=\"index, follow, max-snippet:-1, max-image-preview:large, max-video-preview:-1\" \/>\n<link rel=\"canonical\" href=\"https:\/\/medicinasinc.com\/fi\/product\/osta-pyratsolaami-0-5-mg-pelletteja\/\" \/>\n<meta property=\"og:locale\" content=\"en_US\" \/>\n<meta property=\"og:type\" content=\"article\" \/>\n<meta property=\"og:title\" content=\"Osta Pyratsolaami 0,5 mg pellettej\u00e4 - Pyratsolaami 0,5 mg - Best Global Meds\" \/>\n<meta property=\"og:description\" content=\"Osta Pyratsolaami 0,5 mg pellettej\u00e4 myyt\u00e4v\u00e4n\u00e4 Isossa-Britanniassa, Euroopassa, AU:ssa, EU:ssa, tilaa halpoja pyratsolaamipellettej\u00e4 2022, mist\u00e4 ostaa korkealaatuisia pyratsolaamipellettej\u00e4 y\u00f6n yli, pyratsolaamin hinta.\" \/>\n<meta property=\"og:url\" content=\"https:\/\/medicinasinc.com\/fi\/product\/osta-pyratsolaami-0-5-mg-pelletteja\/\" \/>\n<meta property=\"og:site_name\" content=\"Medicinas Inc\" \/>\n<meta property=\"article:modified_time\" content=\"2022-03-22T00:49:39+00:00\" \/>\n<meta property=\"og:image\" content=\"https:\/\/medicinasinc.com\/fi\/wp-content\/uploads\/sites\/12\/2022\/02\/buy-pyrazolam-0-5-mg-pellets-online.jpg\" \/>\n\t<meta property=\"og:image:width\" content=\"600\" \/>\n\t<meta property=\"og:image:height\" content=\"600\" \/>\n\t<meta property=\"og:image:type\" content=\"image\/jpeg\" \/>\n<meta name=\"twitter:card\" content=\"summary_large_image\" \/>\n<meta name=\"twitter:label1\" content=\"Est. reading time\" \/>\n\t<meta name=\"twitter:data1\" content=\"4 minutes\" \/>\n<script type=\"application\/ld+json\" class=\"yoast-schema-graph\">{\"@context\":\"https:\\\/\\\/schema.org\",\"@graph\":[{\"@type\":\"WebPage\",\"@id\":\"https:\\\/\\\/medicinasinc.com\\\/fi\\\/product\\\/osta-pyratsolaami-0-5-mg-pelletteja\\\/\",\"url\":\"https:\\\/\\\/medicinasinc.com\\\/fi\\\/product\\\/osta-pyratsolaami-0-5-mg-pelletteja\\\/\",\"name\":\"Osta Pyratsolaami 0,5 mg pellettej\u00e4 - Pyratsolaami 0,5 mg - Best Global Meds\",\"isPartOf\":{\"@id\":\"https:\\\/\\\/medicinasinc.com\\\/fi\\\/#website\"},\"primaryImageOfPage\":{\"@id\":\"https:\\\/\\\/medicinasinc.com\\\/fi\\\/product\\\/osta-pyratsolaami-0-5-mg-pelletteja\\\/#primaryimage\"},\"image\":{\"@id\":\"https:\\\/\\\/medicinasinc.com\\\/fi\\\/product\\\/osta-pyratsolaami-0-5-mg-pelletteja\\\/#primaryimage\"},\"thumbnailUrl\":\"https:\\\/\\\/medicinasinc.com\\\/fi\\\/wp-content\\\/uploads\\\/sites\\\/12\\\/2022\\\/02\\\/buy-pyrazolam-0-5-mg-pellets-online.jpg\",\"datePublished\":\"2022-02-22T05:15:21+00:00\",\"dateModified\":\"2022-03-22T00:49:39+00:00\",\"description\":\"Osta Pyratsolaami 0,5 mg pellettej\u00e4 myyt\u00e4v\u00e4n\u00e4 Isossa-Britanniassa, Euroopassa, AU:ssa, EU:ssa, tilaa halpoja pyratsolaamipellettej\u00e4 2022, mist\u00e4 ostaa korkealaatuisia pyratsolaamipellettej\u00e4 y\u00f6n yli, pyratsolaamin hinta.\",\"breadcrumb\":{\"@id\":\"https:\\\/\\\/medicinasinc.com\\\/fi\\\/product\\\/osta-pyratsolaami-0-5-mg-pelletteja\\\/#breadcrumb\"},\"inLanguage\":\"en-US\",\"potentialAction\":[{\"@type\":\"ReadAction\",\"target\":[\"https:\\\/\\\/medicinasinc.com\\\/fi\\\/product\\\/osta-pyratsolaami-0-5-mg-pelletteja\\\/\"]}]},{\"@type\":\"ImageObject\",\"inLanguage\":\"en-US\",\"@id\":\"https:\\\/\\\/medicinasinc.com\\\/fi\\\/product\\\/osta-pyratsolaami-0-5-mg-pelletteja\\\/#primaryimage\",\"url\":\"https:\\\/\\\/medicinasinc.com\\\/fi\\\/wp-content\\\/uploads\\\/sites\\\/12\\\/2022\\\/02\\\/buy-pyrazolam-0-5-mg-pellets-online.jpg\",\"contentUrl\":\"https:\\\/\\\/medicinasinc.com\\\/fi\\\/wp-content\\\/uploads\\\/sites\\\/12\\\/2022\\\/02\\\/buy-pyrazolam-0-5-mg-pellets-online.jpg\",\"width\":600,\"height\":600},{\"@type\":\"BreadcrumbList\",\"@id\":\"https:\\\/\\\/medicinasinc.com\\\/fi\\\/product\\\/osta-pyratsolaami-0-5-mg-pelletteja\\\/#breadcrumb\",\"itemListElement\":[{\"@type\":\"ListItem\",\"position\":1,\"name\":\"Myym\u00e4l\u00e4\",\"item\":\"https:\\\/\\\/medicinasinc.com\\\/fi\\\/myymala\\\/\"},{\"@type\":\"ListItem\",\"position\":2,\"name\":\"Osta Pyratsolaami 0,5 mg pellettej\u00e4\"}]},{\"@type\":\"WebSite\",\"@id\":\"https:\\\/\\\/medicinasinc.com\\\/fi\\\/#website\",\"url\":\"https:\\\/\\\/medicinasinc.com\\\/fi\\\/\",\"name\":\"Medicinas Inc\",\"description\":\"Health Medical Clinic\",\"potentialAction\":[{\"@type\":\"SearchAction\",\"target\":{\"@type\":\"EntryPoint\",\"urlTemplate\":\"https:\\\/\\\/medicinasinc.com\\\/fi\\\/?s={search_term_string}\"},\"query-input\":{\"@type\":\"PropertyValueSpecification\",\"valueRequired\":true,\"valueName\":\"search_term_string\"}}],\"inLanguage\":\"en-US\"}]}<\/script>\n<!-- \/ Yoast SEO plugin. -->","yoast_head_json":{"title":"Osta Pyratsolaami 0,5 mg pellettej\u00e4 - Pyratsolaami 0,5 mg - Best Global Meds","description":"Osta Pyratsolaami 0,5 mg pellettej\u00e4 myyt\u00e4v\u00e4n\u00e4 Isossa-Britanniassa, Euroopassa, AU:ssa, EU:ssa, tilaa halpoja pyratsolaamipellettej\u00e4 2022, mist\u00e4 ostaa korkealaatuisia pyratsolaamipellettej\u00e4 y\u00f6n yli, pyratsolaamin hinta.","robots":{"index":"index","follow":"follow","max-snippet":"max-snippet:-1","max-image-preview":"max-image-preview:large","max-video-preview":"max-video-preview:-1"},"canonical":"https:\/\/medicinasinc.com\/fi\/product\/osta-pyratsolaami-0-5-mg-pelletteja\/","og_locale":"en_US","og_type":"article","og_title":"Osta Pyratsolaami 0,5 mg pellettej\u00e4 - Pyratsolaami 0,5 mg - Best Global Meds","og_description":"Osta Pyratsolaami 0,5 mg pellettej\u00e4 myyt\u00e4v\u00e4n\u00e4 Isossa-Britanniassa, Euroopassa, AU:ssa, EU:ssa, tilaa halpoja pyratsolaamipellettej\u00e4 2022, mist\u00e4 ostaa korkealaatuisia pyratsolaamipellettej\u00e4 y\u00f6n yli, pyratsolaamin hinta.","og_url":"https:\/\/medicinasinc.com\/fi\/product\/osta-pyratsolaami-0-5-mg-pelletteja\/","og_site_name":"Medicinas Inc","article_modified_time":"2022-03-22T00:49:39+00:00","og_image":[{"width":600,"height":600,"url":"https:\/\/medicinasinc.com\/fi\/wp-content\/uploads\/sites\/12\/2022\/02\/buy-pyrazolam-0-5-mg-pellets-online.jpg","type":"image\/jpeg"}],"twitter_card":"summary_large_image","twitter_misc":{"Est. reading time":"4 minutes"},"schema":{"@context":"https:\/\/schema.org","@graph":[{"@type":"WebPage","@id":"https:\/\/medicinasinc.com\/fi\/product\/osta-pyratsolaami-0-5-mg-pelletteja\/","url":"https:\/\/medicinasinc.com\/fi\/product\/osta-pyratsolaami-0-5-mg-pelletteja\/","name":"Osta Pyratsolaami 0,5 mg pellettej\u00e4 - Pyratsolaami 0,5 mg - Best Global Meds","isPartOf":{"@id":"https:\/\/medicinasinc.com\/fi\/#website"},"primaryImageOfPage":{"@id":"https:\/\/medicinasinc.com\/fi\/product\/osta-pyratsolaami-0-5-mg-pelletteja\/#primaryimage"},"image":{"@id":"https:\/\/medicinasinc.com\/fi\/product\/osta-pyratsolaami-0-5-mg-pelletteja\/#primaryimage"},"thumbnailUrl":"https:\/\/medicinasinc.com\/fi\/wp-content\/uploads\/sites\/12\/2022\/02\/buy-pyrazolam-0-5-mg-pellets-online.jpg","datePublished":"2022-02-22T05:15:21+00:00","dateModified":"2022-03-22T00:49:39+00:00","description":"Osta Pyratsolaami 0,5 mg pellettej\u00e4 myyt\u00e4v\u00e4n\u00e4 Isossa-Britanniassa, Euroopassa, AU:ssa, EU:ssa, tilaa halpoja pyratsolaamipellettej\u00e4 2022, mist\u00e4 ostaa korkealaatuisia pyratsolaamipellettej\u00e4 y\u00f6n yli, pyratsolaamin hinta.","breadcrumb":{"@id":"https:\/\/medicinasinc.com\/fi\/product\/osta-pyratsolaami-0-5-mg-pelletteja\/#breadcrumb"},"inLanguage":"en-US","potentialAction":[{"@type":"ReadAction","target":["https:\/\/medicinasinc.com\/fi\/product\/osta-pyratsolaami-0-5-mg-pelletteja\/"]}]},{"@type":"ImageObject","inLanguage":"en-US","@id":"https:\/\/medicinasinc.com\/fi\/product\/osta-pyratsolaami-0-5-mg-pelletteja\/#primaryimage","url":"https:\/\/medicinasinc.com\/fi\/wp-content\/uploads\/sites\/12\/2022\/02\/buy-pyrazolam-0-5-mg-pellets-online.jpg","contentUrl":"https:\/\/medicinasinc.com\/fi\/wp-content\/uploads\/sites\/12\/2022\/02\/buy-pyrazolam-0-5-mg-pellets-online.jpg","width":600,"height":600},{"@type":"BreadcrumbList","@id":"https:\/\/medicinasinc.com\/fi\/product\/osta-pyratsolaami-0-5-mg-pelletteja\/#breadcrumb","itemListElement":[{"@type":"ListItem","position":1,"name":"Myym\u00e4l\u00e4","item":"https:\/\/medicinasinc.com\/fi\/myymala\/"},{"@type":"ListItem","position":2,"name":"Osta Pyratsolaami 0,5 mg pellettej\u00e4"}]},{"@type":"WebSite","@id":"https:\/\/medicinasinc.com\/fi\/#website","url":"https:\/\/medicinasinc.com\/fi\/","name":"Medicinas Inc","description":"Health Medical Clinic","potentialAction":[{"@type":"SearchAction","target":{"@type":"EntryPoint","urlTemplate":"https:\/\/medicinasinc.com\/fi\/?s={search_term_string}"},"query-input":{"@type":"PropertyValueSpecification","valueRequired":true,"valueName":"search_term_string"}}],"inLanguage":"en-US"}]}},"_links":{"self":[{"href":"https:\/\/medicinasinc.com\/fi\/wp-json\/wp\/v2\/product\/5739","targetHints":{"allow":["GET"]}}],"collection":[{"href":"https:\/\/medicinasinc.com\/fi\/wp-json\/wp\/v2\/product"}],"about":[{"href":"https:\/\/medicinasinc.com\/fi\/wp-json\/wp\/v2\/types\/product"}],"replies":[{"embeddable":true,"href":"https:\/\/medicinasinc.com\/fi\/wp-json\/wp\/v2\/comments?post=5739"}],"wp:featuredmedia":[{"embeddable":true,"href":"https:\/\/medicinasinc.com\/fi\/wp-json\/wp\/v2\/media\/5751"}],"wp:attachment":[{"href":"https:\/\/medicinasinc.com\/fi\/wp-json\/wp\/v2\/media?parent=5739"}],"wp:term":[{"taxonomy":"product_brand","embeddable":true,"href":"https:\/\/medicinasinc.com\/fi\/wp-json\/wp\/v2\/product_brand?post=5739"},{"taxonomy":"product_cat","embeddable":true,"href":"https:\/\/medicinasinc.com\/fi\/wp-json\/wp\/v2\/product_cat?post=5739"},{"taxonomy":"product_tag","embeddable":true,"href":"https:\/\/medicinasinc.com\/fi\/wp-json\/wp\/v2\/product_tag?post=5739"}],"curies":[{"name":"wp","href":"https:\/\/api.w.org\/{rel}","templated":true}]}}