{"id":5735,"date":"2022-02-22T05:09:43","date_gmt":"2022-02-22T05:09:43","guid":{"rendered":"https:\/\/medicinasinc.com\/fi\/?post_type=product&#038;p=5735"},"modified":"2022-03-22T00:49:48","modified_gmt":"2022-03-22T00:49:48","slug":"osta-al-lad-jauhe","status":"publish","type":"product","link":"https:\/\/medicinasinc.com\/fi\/product\/osta-al-lad-jauhe\/","title":{"rendered":"Osta al-lad jauhetta"},"content":{"rendered":"<p>Osta al-lad-jauhetta Isosta-Britanniasta, Euroopasta, Australiasta ja EU:sta ja hanki se vuoteen 2022 menness\u00e4 halvalla. Al-lad-jauheen myynti, mist\u00e4 ostaa al-lad-jauhetta y\u00f6n aikana.<\/p>\n<p>Jauhemainen AL-LAD. 99-prosenttisesti puhtaiden farmaseuttisten raaka-aineiden, tutkimuskemikaalien ja geneeristen l\u00e4\u00e4kkeiden, mukaan lukien AL-LAD Powder, tukkumyyj\u00e4 ja toimittaja. Pakkaus, joka on sek\u00e4 turvallinen ett\u00e4 erillinen, sek\u00e4 l\u00e4hetys, jota on seurattu.<\/p>\n<p>Lysergiinihappodietyyliamidin analogi, joka tunnetaan nimell\u00e4 AL-LAD tai 6-allyyli-6-nor-LSD, on kemikaali yhdiste (LSD). LSD:n kaltainen lysergamidiluokkaan kuuluva psykoaktiivinen l\u00e4\u00e4ke, jota annetaan tuottamaan samat psykedeeliset vaikutukset.<\/p>\n<p>Nopeaa ja likaista tietoa<\/p>\n<p>AL-LAD on tuotteen nimi.<br \/> 6-6-nor-6-allyyli-6-nor, AL-LAD<br \/> -LSD<br \/> CAS-numero: 65527-61-9<br \/> C22H27N3O on molekyylikaava<br \/> Kansainv\u00e4linen puhtaan ja sovelletun kemian liitto (6aR,9R)<br \/> -N,N-dietyyli-7-prop<br \/> -2-enyyli-6,6a,8,9<br \/> -tetrahydro- 4H-indolo[4,3-fg]<br \/> kinoliini-9-karboksamidi<br \/> Molekyylipaino on 349,5 g\/mol.<br \/> 99,5 prosenttia ep\u00e4puhtauksista<br \/> Valkoinen tai luonnonvalkoinen ulkon\u00e4\u00f6lt\u00e4\u00e4n kiteinen jauhe<\/p>\n<p>AL-LAD-jauheen toimittaja<\/p>\n<p>Meid\u00e4t tunnetaan farmaseuttisten raaka-aineiden markkinoilla laajasta tarjoamastamme tuotevalikoimastamme ja luotettavista tippa- korkeimpien geneeristen l\u00e4\u00e4kkeiden toimituspalvelut. AL-LAD-jauhetukkukauppiaan tavoitteena on tarjota asiakkaille korkealaatuisia tuotteita kilpailukykyiseen hintaan.<\/p>\n","protected":false},"excerpt":{"rendered":"<div class=\"woocommerce-product-details__short-description\">\n<p>Osta al-lad-jauhetta myyt\u00e4v\u00e4ksi Iso-Britanniasta, Euroopasta, AU:sta, EU:sta, tilaa halvalla al-lad-jauhe 2022, mist\u00e4 ostaa korkealaatuista al-lad-jauhetta jauhe y\u00f6n yli toimitus, al-lad-jauheen myynti.<\/p>\n<p>Osta AL-LAD Powder Europe luotettavalta tutkimuskemikaalien toimittajalta. AL-LAD-jauhetta myy EU:sta toimittava tukkuliike.<\/p>\n<p>Ihmiset, jotka haluavat ostaa AL-LAD-jauhetta, voivat saada sen parhaaseen hintaan. Siin\u00e4 on korkealaatuisia lysergamideja ja muita yhdisteit\u00e4. Alhaisimmat hinnat. On alennus. Maailmanlaajuinen toimitus on nopeaa.<\/p>\n<p>Osta Al-lad Powder verkosta. 6-allyyli-6-nor-lysergihappodietyyliamidi, joka tunnetaan my\u00f6s nimell\u00e4 Aladdin, on puolisynteettinen hallusinogeeninen huume, joka voi saada ihmiset hulluiksi.<\/p>\n<table class=\"table\" style=\"height: 249px\" width=\"455\">\n<tbody>\n<tr>\n<th><\/th>\n<td><\/td>\n<\/tr>\n<tr>\n<th>Minimitilausm\u00e4\u00e4r\u00e4:<\/th>\n<td>20 g<\/td>\n<\/tr>\n<tr>\n<th>Sy\u00f6tt\u00e4minen:<\/th>\n<td>100 kg\/kk<\/td>\n<\/tr>\n<tr>\n<th>Portti:<\/th>\n<td> Varsova, Alankomaat<\/td>\n<\/tr>\n<tr>\n<th>Maksuehdot:<\/th>\n<td>Pankkisiirto, bitcoin, WU\/MG, muut<\/td>\n<\/tr>\n<tr>\n<th>Pakkauksen tiedot:<\/th>\n<td>Asiakkaan pyynn\u00f6st\u00e4<\/td>\n<\/tr>\n<tr>\n<th>Toimitustiedot:<\/th>\n<td>Pikatoimitus, DPD, Pharma Courier EU<\/td>\n<\/tr>\n<\/tbody>\n<\/table><\/div>\n","protected":false},"featured_media":5747,"comment_status":"open","ping_status":"closed","template":"","meta":[],"product_brand":[],"product_cat":[2014],"product_tag":[3758,3760,3761,3762,3763,3773,3768,3765,3766,3777,3774,3775,3776,3769,3764,3779,3780,3759,3771,3772,3778,3770,3767,3781,3783,3784,3785,3786,3790,3789,3794,3795,3796,3793,3787,3788,3792,3782,3757,3791],"class_list":{"0":"post-5735","1":"product","2":"type-product","3":"status-publish","4":"has-post-thumbnail","6":"product_cat-osta-tutkimus-kemikaaleja","7":"product_tag-al-lad-toimittaja","8":"product_tag-al-lad-annos","9":"product_tag-al-lad-drug","10":"product_tag-al-lad-effects","11":"product_tag-al-lad-erowid","12":"product_tag-al-lad-powder-arvostelut","13":"product_tag-al-lad-powder-europe","14":"product_tag-al-lad-jauhe-osta","15":"product_tag-al-lad-jauhe-kiina","16":"product_tag-al-lad-jauhe-tukkumyynti","17":"product_tag-al-lad-jauhe-myynti","18":"product_tag-al-lad-jauheen-myynti","19":"product_tag-al-lad-jauheen-toimittaja","20":"product_tag-al-lad-jauhe-myynniss","21":"product_tag-al-lad-kokemus","22":"product_tag-al-lad-matkaraportti","23":"product_tag-al-lad-myyj","24":"product_tag-al-lad-buy","25":"product_tag-al-lad-powder-prices","26":"product_tag-al-lad-powder-review","27":"product_tag-al-lad-reddit","28":"product_tag-al-lad-jauhe-myynniss-verkossa","29":"product_tag-al-lad-jauhe-vaikutus","30":"product_tag-jo-salli-laillisuus","31":"product_tag-buy-al-lad-canada","32":"product_tag-buy-al-lad-powder","33":"product_tag-buy-al-lad-uk","34":"product_tag-buy-al-lad-online","35":"product_tag-easychems-arvostelu","36":"product_tag-easy-chems-arvostelu","37":"product_tag-mist-ostaa-al-lad","38":"product_tag-mist-osta-al-lad-jauhetta","39":"product_tag-mist-tilaa-al-lad-jauhetta","40":"product_tag-nyte-al-lad-jauhe","41":"product_tag-osta-al-lad-jauhe-australia","42":"product_tag-osta-al-lad-jauhe-eurooppa","43":"product_tag-osto-al-lad-jauhe","44":"product_tag-parasta-laatua-al-lad-jauhetta","45":"product_tag-al-lad-turvallisuus","46":"product_tag-tilaa-al-lad-jauhe","48":"first","49":"instock","50":"shipping-taxable","51":"purchasable","52":"product-type-variable","53":"has-default-attributes"},"yoast_head":"<!-- This site is optimized with the Yoast SEO plugin v27.3 - https:\/\/yoast.com\/product\/yoast-seo-wordpress\/ -->\n<title>Osta al-lad-jauhe - Al-lad-jauhe myyt\u00e4v\u00e4n\u00e4 - Best Global Meds<\/title>\n<meta name=\"description\" content=\"Osta al-lad-jauhetta myyt\u00e4v\u00e4n\u00e4 Isossa-Britanniassa, Euroopassa, AU:ssa, EU:ssa, tilaa halvalla al-lad-jauheella 2022, mist\u00e4 ostaa korkealaatuista al-lad-jauhetta y\u00f6n ylitoimituksella, al-lad-jauheen myynti.\" \/>\n<meta name=\"robots\" content=\"index, follow, max-snippet:-1, max-image-preview:large, max-video-preview:-1\" \/>\n<link rel=\"canonical\" href=\"https:\/\/medicinasinc.com\/fi\/product\/osta-al-lad-jauhe\/\" \/>\n<meta property=\"og:locale\" content=\"en_US\" \/>\n<meta property=\"og:type\" content=\"article\" \/>\n<meta property=\"og:title\" content=\"Osta al-lad-jauhe - Al-lad-jauhe myyt\u00e4v\u00e4n\u00e4 - Best Global Meds\" \/>\n<meta property=\"og:description\" content=\"Osta al-lad-jauhetta myyt\u00e4v\u00e4n\u00e4 Isossa-Britanniassa, Euroopassa, AU:ssa, EU:ssa, tilaa halvalla al-lad-jauheella 2022, mist\u00e4 ostaa korkealaatuista al-lad-jauhetta y\u00f6n ylitoimituksella, al-lad-jauheen myynti.\" \/>\n<meta property=\"og:url\" content=\"https:\/\/medicinasinc.com\/fi\/product\/osta-al-lad-jauhe\/\" \/>\n<meta property=\"og:site_name\" content=\"Medicinas Inc\" \/>\n<meta property=\"article:modified_time\" content=\"2022-03-22T00:49:48+00:00\" \/>\n<meta property=\"og:image\" content=\"https:\/\/medicinasinc.com\/fi\/wp-content\/uploads\/sites\/12\/2022\/02\/Buy-al-lad-powder.jpg\" \/>\n\t<meta property=\"og:image:width\" content=\"931\" \/>\n\t<meta property=\"og:image:height\" content=\"799\" \/>\n\t<meta property=\"og:image:type\" content=\"image\/jpeg\" \/>\n<meta name=\"twitter:card\" content=\"summary_large_image\" \/>\n<meta name=\"twitter:label1\" content=\"Est. reading time\" \/>\n\t<meta name=\"twitter:data1\" content=\"1 minute\" \/>\n<script type=\"application\/ld+json\" class=\"yoast-schema-graph\">{\"@context\":\"https:\\\/\\\/schema.org\",\"@graph\":[{\"@type\":\"WebPage\",\"@id\":\"https:\\\/\\\/medicinasinc.com\\\/fi\\\/product\\\/osta-al-lad-jauhe\\\/\",\"url\":\"https:\\\/\\\/medicinasinc.com\\\/fi\\\/product\\\/osta-al-lad-jauhe\\\/\",\"name\":\"Osta al-lad-jauhe - Al-lad-jauhe myyt\u00e4v\u00e4n\u00e4 - Best Global Meds\",\"isPartOf\":{\"@id\":\"https:\\\/\\\/medicinasinc.com\\\/fi\\\/#website\"},\"primaryImageOfPage\":{\"@id\":\"https:\\\/\\\/medicinasinc.com\\\/fi\\\/product\\\/osta-al-lad-jauhe\\\/#primaryimage\"},\"image\":{\"@id\":\"https:\\\/\\\/medicinasinc.com\\\/fi\\\/product\\\/osta-al-lad-jauhe\\\/#primaryimage\"},\"thumbnailUrl\":\"https:\\\/\\\/medicinasinc.com\\\/fi\\\/wp-content\\\/uploads\\\/sites\\\/12\\\/2022\\\/02\\\/Buy-al-lad-powder.jpg\",\"datePublished\":\"2022-02-22T05:09:43+00:00\",\"dateModified\":\"2022-03-22T00:49:48+00:00\",\"description\":\"Osta al-lad-jauhetta myyt\u00e4v\u00e4n\u00e4 Isossa-Britanniassa, Euroopassa, AU:ssa, EU:ssa, tilaa halvalla al-lad-jauheella 2022, mist\u00e4 ostaa korkealaatuista al-lad-jauhetta y\u00f6n ylitoimituksella, al-lad-jauheen myynti.\",\"breadcrumb\":{\"@id\":\"https:\\\/\\\/medicinasinc.com\\\/fi\\\/product\\\/osta-al-lad-jauhe\\\/#breadcrumb\"},\"inLanguage\":\"en-US\",\"potentialAction\":[{\"@type\":\"ReadAction\",\"target\":[\"https:\\\/\\\/medicinasinc.com\\\/fi\\\/product\\\/osta-al-lad-jauhe\\\/\"]}]},{\"@type\":\"ImageObject\",\"inLanguage\":\"en-US\",\"@id\":\"https:\\\/\\\/medicinasinc.com\\\/fi\\\/product\\\/osta-al-lad-jauhe\\\/#primaryimage\",\"url\":\"https:\\\/\\\/medicinasinc.com\\\/fi\\\/wp-content\\\/uploads\\\/sites\\\/12\\\/2022\\\/02\\\/Buy-al-lad-powder.jpg\",\"contentUrl\":\"https:\\\/\\\/medicinasinc.com\\\/fi\\\/wp-content\\\/uploads\\\/sites\\\/12\\\/2022\\\/02\\\/Buy-al-lad-powder.jpg\",\"width\":931,\"height\":799},{\"@type\":\"BreadcrumbList\",\"@id\":\"https:\\\/\\\/medicinasinc.com\\\/fi\\\/product\\\/osta-al-lad-jauhe\\\/#breadcrumb\",\"itemListElement\":[{\"@type\":\"ListItem\",\"position\":1,\"name\":\"Myym\u00e4l\u00e4\",\"item\":\"https:\\\/\\\/medicinasinc.com\\\/fi\\\/myymala\\\/\"},{\"@type\":\"ListItem\",\"position\":2,\"name\":\"Osta al-lad jauhetta\"}]},{\"@type\":\"WebSite\",\"@id\":\"https:\\\/\\\/medicinasinc.com\\\/fi\\\/#website\",\"url\":\"https:\\\/\\\/medicinasinc.com\\\/fi\\\/\",\"name\":\"Medicinas Inc\",\"description\":\"Health Medical Clinic\",\"potentialAction\":[{\"@type\":\"SearchAction\",\"target\":{\"@type\":\"EntryPoint\",\"urlTemplate\":\"https:\\\/\\\/medicinasinc.com\\\/fi\\\/?s={search_term_string}\"},\"query-input\":{\"@type\":\"PropertyValueSpecification\",\"valueRequired\":true,\"valueName\":\"search_term_string\"}}],\"inLanguage\":\"en-US\"}]}<\/script>\n<!-- \/ Yoast SEO plugin. -->","yoast_head_json":{"title":"Osta al-lad-jauhe - Al-lad-jauhe myyt\u00e4v\u00e4n\u00e4 - Best Global Meds","description":"Osta al-lad-jauhetta myyt\u00e4v\u00e4n\u00e4 Isossa-Britanniassa, Euroopassa, AU:ssa, EU:ssa, tilaa halvalla al-lad-jauheella 2022, mist\u00e4 ostaa korkealaatuista al-lad-jauhetta y\u00f6n ylitoimituksella, al-lad-jauheen myynti.","robots":{"index":"index","follow":"follow","max-snippet":"max-snippet:-1","max-image-preview":"max-image-preview:large","max-video-preview":"max-video-preview:-1"},"canonical":"https:\/\/medicinasinc.com\/fi\/product\/osta-al-lad-jauhe\/","og_locale":"en_US","og_type":"article","og_title":"Osta al-lad-jauhe - Al-lad-jauhe myyt\u00e4v\u00e4n\u00e4 - Best Global Meds","og_description":"Osta al-lad-jauhetta myyt\u00e4v\u00e4n\u00e4 Isossa-Britanniassa, Euroopassa, AU:ssa, EU:ssa, tilaa halvalla al-lad-jauheella 2022, mist\u00e4 ostaa korkealaatuista al-lad-jauhetta y\u00f6n ylitoimituksella, al-lad-jauheen myynti.","og_url":"https:\/\/medicinasinc.com\/fi\/product\/osta-al-lad-jauhe\/","og_site_name":"Medicinas Inc","article_modified_time":"2022-03-22T00:49:48+00:00","og_image":[{"width":931,"height":799,"url":"https:\/\/medicinasinc.com\/fi\/wp-content\/uploads\/sites\/12\/2022\/02\/Buy-al-lad-powder.jpg","type":"image\/jpeg"}],"twitter_card":"summary_large_image","twitter_misc":{"Est. reading time":"1 minute"},"schema":{"@context":"https:\/\/schema.org","@graph":[{"@type":"WebPage","@id":"https:\/\/medicinasinc.com\/fi\/product\/osta-al-lad-jauhe\/","url":"https:\/\/medicinasinc.com\/fi\/product\/osta-al-lad-jauhe\/","name":"Osta al-lad-jauhe - Al-lad-jauhe myyt\u00e4v\u00e4n\u00e4 - Best Global Meds","isPartOf":{"@id":"https:\/\/medicinasinc.com\/fi\/#website"},"primaryImageOfPage":{"@id":"https:\/\/medicinasinc.com\/fi\/product\/osta-al-lad-jauhe\/#primaryimage"},"image":{"@id":"https:\/\/medicinasinc.com\/fi\/product\/osta-al-lad-jauhe\/#primaryimage"},"thumbnailUrl":"https:\/\/medicinasinc.com\/fi\/wp-content\/uploads\/sites\/12\/2022\/02\/Buy-al-lad-powder.jpg","datePublished":"2022-02-22T05:09:43+00:00","dateModified":"2022-03-22T00:49:48+00:00","description":"Osta al-lad-jauhetta myyt\u00e4v\u00e4n\u00e4 Isossa-Britanniassa, Euroopassa, AU:ssa, EU:ssa, tilaa halvalla al-lad-jauheella 2022, mist\u00e4 ostaa korkealaatuista al-lad-jauhetta y\u00f6n ylitoimituksella, al-lad-jauheen myynti.","breadcrumb":{"@id":"https:\/\/medicinasinc.com\/fi\/product\/osta-al-lad-jauhe\/#breadcrumb"},"inLanguage":"en-US","potentialAction":[{"@type":"ReadAction","target":["https:\/\/medicinasinc.com\/fi\/product\/osta-al-lad-jauhe\/"]}]},{"@type":"ImageObject","inLanguage":"en-US","@id":"https:\/\/medicinasinc.com\/fi\/product\/osta-al-lad-jauhe\/#primaryimage","url":"https:\/\/medicinasinc.com\/fi\/wp-content\/uploads\/sites\/12\/2022\/02\/Buy-al-lad-powder.jpg","contentUrl":"https:\/\/medicinasinc.com\/fi\/wp-content\/uploads\/sites\/12\/2022\/02\/Buy-al-lad-powder.jpg","width":931,"height":799},{"@type":"BreadcrumbList","@id":"https:\/\/medicinasinc.com\/fi\/product\/osta-al-lad-jauhe\/#breadcrumb","itemListElement":[{"@type":"ListItem","position":1,"name":"Myym\u00e4l\u00e4","item":"https:\/\/medicinasinc.com\/fi\/myymala\/"},{"@type":"ListItem","position":2,"name":"Osta al-lad jauhetta"}]},{"@type":"WebSite","@id":"https:\/\/medicinasinc.com\/fi\/#website","url":"https:\/\/medicinasinc.com\/fi\/","name":"Medicinas Inc","description":"Health Medical Clinic","potentialAction":[{"@type":"SearchAction","target":{"@type":"EntryPoint","urlTemplate":"https:\/\/medicinasinc.com\/fi\/?s={search_term_string}"},"query-input":{"@type":"PropertyValueSpecification","valueRequired":true,"valueName":"search_term_string"}}],"inLanguage":"en-US"}]}},"_links":{"self":[{"href":"https:\/\/medicinasinc.com\/fi\/wp-json\/wp\/v2\/product\/5735","targetHints":{"allow":["GET"]}}],"collection":[{"href":"https:\/\/medicinasinc.com\/fi\/wp-json\/wp\/v2\/product"}],"about":[{"href":"https:\/\/medicinasinc.com\/fi\/wp-json\/wp\/v2\/types\/product"}],"replies":[{"embeddable":true,"href":"https:\/\/medicinasinc.com\/fi\/wp-json\/wp\/v2\/comments?post=5735"}],"wp:featuredmedia":[{"embeddable":true,"href":"https:\/\/medicinasinc.com\/fi\/wp-json\/wp\/v2\/media\/5747"}],"wp:attachment":[{"href":"https:\/\/medicinasinc.com\/fi\/wp-json\/wp\/v2\/media?parent=5735"}],"wp:term":[{"taxonomy":"product_brand","embeddable":true,"href":"https:\/\/medicinasinc.com\/fi\/wp-json\/wp\/v2\/product_brand?post=5735"},{"taxonomy":"product_cat","embeddable":true,"href":"https:\/\/medicinasinc.com\/fi\/wp-json\/wp\/v2\/product_cat?post=5735"},{"taxonomy":"product_tag","embeddable":true,"href":"https:\/\/medicinasinc.com\/fi\/wp-json\/wp\/v2\/product_tag?post=5735"}],"curies":[{"name":"wp","href":"https:\/\/api.w.org\/{rel}","templated":true}]}}