{"id":5731,"date":"2022-02-22T05:03:24","date_gmt":"2022-02-22T05:03:24","guid":{"rendered":"https:\/\/medicinasinc.com\/fi\/?post_type=product&#038;p=5731"},"modified":"2022-03-22T00:49:57","modified_gmt":"2022-03-22T00:49:57","slug":"osta-sextacy-jauhe","status":"publish","type":"product","link":"https:\/\/medicinasinc.com\/fi\/product\/osta-sextacy-jauhe\/","title":{"rendered":"Osta Sextacy Powder"},"content":{"rendered":"<p>Varmista, ett\u00e4 ostat Sextacy Powderia.<\/p>\n<p>Osta Sextacy Powder verkosta irtotavarana ja osta sit\u00e4 suuria m\u00e4\u00e4ri\u00e4.<\/p>\n<p>Sextacy-jauhe on uusi ja j\u00e4nnitt\u00e4v\u00e4 merkkituote, jonka voit ostaa osta.<br \/> Jos haluat k\u00e4ytt\u00e4\u00e4 Sextacya, sinun on ostettava se jauheena. P\u00e4\u00e4ainesosa on a-PVP.<\/p>\n<p>Lujuus on 5\/5. Sextacy Paras puuteri, jota on laillinen k\u00e4ytt\u00e4\u00e4.<br \/> On aika p\u00e4\u00e4st\u00e4 laboratorioon t\u00e4m\u00e4n uuden ja mahtavan tuotteen avulla.<\/p>\n<p>Voit ostaa puhdasta Sextacy Powderia verkosta.<\/p>\n<div class=\"product-next-previous\">\n<div class=\"product-prev\"><\/div><\/div>\n","protected":false},"excerpt":{"rendered":"<p>Euroopassa, Isossa-Britanniassa ja Australiassa myyt\u00e4v\u00e4n\u00e4 puhdaslaatuista Sextacy-jauhetta voi ostaa Internetist\u00e4. Jos haluat k\u00e4ytt\u00e4\u00e4 Sextacya, sinun on ostettava se jauheena. P\u00e4\u00e4ainesosa on a-PVP.<\/p>\n<p>Osta Sextacy Legal High Powder -jauhetta Internetist\u00e4. Voit tehd\u00e4 t\u00e4m\u00e4n<\/p>\n<p>Osta paljon kerralla Sextacy on uusi ja j\u00e4nnitt\u00e4v\u00e4 merkkituote, jonka voit ostaa. Sextacy on PVP, ja sit\u00e4 se on.<\/p>\n<p>On monia verkkosivustoja, joista voit ostaa paljon kylpysuoloja suurella rahalla.<\/p>\n<p>Verkossa voit ostaa voi ostaa sextacy-kylpysuoloja Global Medicinelta. Sextacy kylpysuolan myyntihinnat l\u00f6ytyv\u00e4t lukemalla t\u00e4m\u00e4 teksti<\/p>\n","protected":false},"featured_media":5742,"comment_status":"open","ping_status":"closed","template":"","meta":[],"product_brand":[],"product_cat":[2014],"product_tag":[3731,3732,3733,3734,3735,3756,3545,3737,3738,3745,3739,3742,3743,3748,3749,3750,3755,3740,3746,3741,3747,3751,3752,3754,3753,3744,3736],"class_list":{"0":"post-5731","1":"product","2":"type-product","3":"status-publish","4":"has-post-thumbnail","6":"product_cat-osta-tutkimus-kemikaaleja","7":"product_tag-best-quality-sextacy-powder","8":"product_tag-best-sextacy-powder-online","9":"product_tag-buy-sextacy-powder","10":"product_tag-buy-sextacy-powder-europe","11":"product_tag-buy-sextacy-powder-online","12":"product_tag-mist-ostaa-sekstacy-jauhetta","13":"product_tag-ostaa-metoksetamiini","14":"product_tag-osto-sextacy-jauhe","15":"product_tag-sextacy-jauhe-osta","16":"product_tag-sextacy-jauhe-postimyynti","17":"product_tag-sextacy-jauhe-vaikutus","18":"product_tag-sextacy-powder-for-sale-online","19":"product_tag-sextacy-powder-google","20":"product_tag-sextacy-powder-order","21":"product_tag-sextacy-powder-over-night","22":"product_tag-sextacy-powder-purchase","23":"product_tag-sextacy-powder-wholesale","24":"product_tag-sextacy-jauhe-eurooppa","25":"product_tag-sextacy-jauhe-lhell-minua","26":"product_tag-sextacy-jauhe-myynniss","27":"product_tag-sextacy-powder-online","28":"product_tag-sextacy-jauhe-arvostelut","29":"product_tag-sextacy-jauhe-myynti","30":"product_tag-sextacy-jauheen-toimittaja","31":"product_tag-sextacy-jauhe-lhetys","32":"product_tag-sextacy-jauheposti","33":"product_tag-tilaus-sextacy-jauhe","35":"first","36":"instock","37":"shipping-taxable","38":"purchasable","39":"product-type-variable","40":"has-default-attributes"},"yoast_head":"<!-- This site is optimized with the Yoast SEO plugin v27.3 - https:\/\/yoast.com\/product\/yoast-seo-wordpress\/ -->\n<title>Osta Sextacy Powder - Sextacy Powder -myynti - Parhaat maailmanlaajuiset l\u00e4\u00e4kkeet<\/title>\n<meta name=\"description\" content=\"Osta Pure Quality Sextacy Powder myyt\u00e4v\u00e4n\u00e4 Euroopassa, Isossa-Britanniassa, AU verkossa. Sextacyn aktiivinen ainesosa on a-PVP ja t\u00e4m\u00e4 tuote tulee vain jauheena! Tilaa Sextacy Powder\" \/>\n<meta name=\"robots\" content=\"index, follow, max-snippet:-1, max-image-preview:large, max-video-preview:-1\" \/>\n<link rel=\"canonical\" href=\"https:\/\/medicinasinc.com\/fi\/product\/osta-sextacy-jauhe\/\" \/>\n<meta property=\"og:locale\" content=\"en_US\" \/>\n<meta property=\"og:type\" content=\"article\" \/>\n<meta property=\"og:title\" content=\"Osta Sextacy Powder - Sextacy Powder -myynti - Parhaat maailmanlaajuiset l\u00e4\u00e4kkeet\" \/>\n<meta property=\"og:description\" content=\"Osta Pure Quality Sextacy Powder myyt\u00e4v\u00e4n\u00e4 Euroopassa, Isossa-Britanniassa, AU verkossa. Sextacyn aktiivinen ainesosa on a-PVP ja t\u00e4m\u00e4 tuote tulee vain jauheena! Tilaa Sextacy Powder\" \/>\n<meta property=\"og:url\" content=\"https:\/\/medicinasinc.com\/fi\/product\/osta-sextacy-jauhe\/\" \/>\n<meta property=\"og:site_name\" content=\"Medicinas Inc\" \/>\n<meta property=\"article:modified_time\" content=\"2022-03-22T00:49:57+00:00\" \/>\n<meta property=\"og:image\" content=\"https:\/\/medicinasinc.com\/fi\/wp-content\/uploads\/sites\/12\/2022\/02\/Buy-Sextacy-Powder.jpg\" \/>\n\t<meta property=\"og:image:width\" content=\"300\" \/>\n\t<meta property=\"og:image:height\" content=\"300\" \/>\n\t<meta property=\"og:image:type\" content=\"image\/jpeg\" \/>\n<meta name=\"twitter:card\" content=\"summary_large_image\" \/>\n<meta name=\"twitter:label1\" content=\"Est. reading time\" \/>\n\t<meta name=\"twitter:data1\" content=\"1 minute\" \/>\n<script type=\"application\/ld+json\" class=\"yoast-schema-graph\">{\"@context\":\"https:\\\/\\\/schema.org\",\"@graph\":[{\"@type\":\"WebPage\",\"@id\":\"https:\\\/\\\/medicinasinc.com\\\/fi\\\/product\\\/osta-sextacy-jauhe\\\/\",\"url\":\"https:\\\/\\\/medicinasinc.com\\\/fi\\\/product\\\/osta-sextacy-jauhe\\\/\",\"name\":\"Osta Sextacy Powder - Sextacy Powder -myynti - Parhaat maailmanlaajuiset l\u00e4\u00e4kkeet\",\"isPartOf\":{\"@id\":\"https:\\\/\\\/medicinasinc.com\\\/fi\\\/#website\"},\"primaryImageOfPage\":{\"@id\":\"https:\\\/\\\/medicinasinc.com\\\/fi\\\/product\\\/osta-sextacy-jauhe\\\/#primaryimage\"},\"image\":{\"@id\":\"https:\\\/\\\/medicinasinc.com\\\/fi\\\/product\\\/osta-sextacy-jauhe\\\/#primaryimage\"},\"thumbnailUrl\":\"https:\\\/\\\/medicinasinc.com\\\/fi\\\/wp-content\\\/uploads\\\/sites\\\/12\\\/2022\\\/02\\\/Buy-Sextacy-Powder.jpg\",\"datePublished\":\"2022-02-22T05:03:24+00:00\",\"dateModified\":\"2022-03-22T00:49:57+00:00\",\"description\":\"Osta Pure Quality Sextacy Powder myyt\u00e4v\u00e4n\u00e4 Euroopassa, Isossa-Britanniassa, AU verkossa. Sextacyn aktiivinen ainesosa on a-PVP ja t\u00e4m\u00e4 tuote tulee vain jauheena! Tilaa Sextacy Powder\",\"breadcrumb\":{\"@id\":\"https:\\\/\\\/medicinasinc.com\\\/fi\\\/product\\\/osta-sextacy-jauhe\\\/#breadcrumb\"},\"inLanguage\":\"en-US\",\"potentialAction\":[{\"@type\":\"ReadAction\",\"target\":[\"https:\\\/\\\/medicinasinc.com\\\/fi\\\/product\\\/osta-sextacy-jauhe\\\/\"]}]},{\"@type\":\"ImageObject\",\"inLanguage\":\"en-US\",\"@id\":\"https:\\\/\\\/medicinasinc.com\\\/fi\\\/product\\\/osta-sextacy-jauhe\\\/#primaryimage\",\"url\":\"https:\\\/\\\/medicinasinc.com\\\/fi\\\/wp-content\\\/uploads\\\/sites\\\/12\\\/2022\\\/02\\\/Buy-Sextacy-Powder.jpg\",\"contentUrl\":\"https:\\\/\\\/medicinasinc.com\\\/fi\\\/wp-content\\\/uploads\\\/sites\\\/12\\\/2022\\\/02\\\/Buy-Sextacy-Powder.jpg\",\"width\":300,\"height\":300},{\"@type\":\"BreadcrumbList\",\"@id\":\"https:\\\/\\\/medicinasinc.com\\\/fi\\\/product\\\/osta-sextacy-jauhe\\\/#breadcrumb\",\"itemListElement\":[{\"@type\":\"ListItem\",\"position\":1,\"name\":\"Myym\u00e4l\u00e4\",\"item\":\"https:\\\/\\\/medicinasinc.com\\\/fi\\\/myymala\\\/\"},{\"@type\":\"ListItem\",\"position\":2,\"name\":\"Osta Sextacy Powder\"}]},{\"@type\":\"WebSite\",\"@id\":\"https:\\\/\\\/medicinasinc.com\\\/fi\\\/#website\",\"url\":\"https:\\\/\\\/medicinasinc.com\\\/fi\\\/\",\"name\":\"Medicinas Inc\",\"description\":\"Health Medical Clinic\",\"potentialAction\":[{\"@type\":\"SearchAction\",\"target\":{\"@type\":\"EntryPoint\",\"urlTemplate\":\"https:\\\/\\\/medicinasinc.com\\\/fi\\\/?s={search_term_string}\"},\"query-input\":{\"@type\":\"PropertyValueSpecification\",\"valueRequired\":true,\"valueName\":\"search_term_string\"}}],\"inLanguage\":\"en-US\"}]}<\/script>\n<!-- \/ Yoast SEO plugin. -->","yoast_head_json":{"title":"Osta Sextacy Powder - Sextacy Powder -myynti - Parhaat maailmanlaajuiset l\u00e4\u00e4kkeet","description":"Osta Pure Quality Sextacy Powder myyt\u00e4v\u00e4n\u00e4 Euroopassa, Isossa-Britanniassa, AU verkossa. Sextacyn aktiivinen ainesosa on a-PVP ja t\u00e4m\u00e4 tuote tulee vain jauheena! Tilaa Sextacy Powder","robots":{"index":"index","follow":"follow","max-snippet":"max-snippet:-1","max-image-preview":"max-image-preview:large","max-video-preview":"max-video-preview:-1"},"canonical":"https:\/\/medicinasinc.com\/fi\/product\/osta-sextacy-jauhe\/","og_locale":"en_US","og_type":"article","og_title":"Osta Sextacy Powder - Sextacy Powder -myynti - Parhaat maailmanlaajuiset l\u00e4\u00e4kkeet","og_description":"Osta Pure Quality Sextacy Powder myyt\u00e4v\u00e4n\u00e4 Euroopassa, Isossa-Britanniassa, AU verkossa. Sextacyn aktiivinen ainesosa on a-PVP ja t\u00e4m\u00e4 tuote tulee vain jauheena! Tilaa Sextacy Powder","og_url":"https:\/\/medicinasinc.com\/fi\/product\/osta-sextacy-jauhe\/","og_site_name":"Medicinas Inc","article_modified_time":"2022-03-22T00:49:57+00:00","og_image":[{"width":300,"height":300,"url":"https:\/\/medicinasinc.com\/fi\/wp-content\/uploads\/sites\/12\/2022\/02\/Buy-Sextacy-Powder.jpg","type":"image\/jpeg"}],"twitter_card":"summary_large_image","twitter_misc":{"Est. reading time":"1 minute"},"schema":{"@context":"https:\/\/schema.org","@graph":[{"@type":"WebPage","@id":"https:\/\/medicinasinc.com\/fi\/product\/osta-sextacy-jauhe\/","url":"https:\/\/medicinasinc.com\/fi\/product\/osta-sextacy-jauhe\/","name":"Osta Sextacy Powder - Sextacy Powder -myynti - Parhaat maailmanlaajuiset l\u00e4\u00e4kkeet","isPartOf":{"@id":"https:\/\/medicinasinc.com\/fi\/#website"},"primaryImageOfPage":{"@id":"https:\/\/medicinasinc.com\/fi\/product\/osta-sextacy-jauhe\/#primaryimage"},"image":{"@id":"https:\/\/medicinasinc.com\/fi\/product\/osta-sextacy-jauhe\/#primaryimage"},"thumbnailUrl":"https:\/\/medicinasinc.com\/fi\/wp-content\/uploads\/sites\/12\/2022\/02\/Buy-Sextacy-Powder.jpg","datePublished":"2022-02-22T05:03:24+00:00","dateModified":"2022-03-22T00:49:57+00:00","description":"Osta Pure Quality Sextacy Powder myyt\u00e4v\u00e4n\u00e4 Euroopassa, Isossa-Britanniassa, AU verkossa. Sextacyn aktiivinen ainesosa on a-PVP ja t\u00e4m\u00e4 tuote tulee vain jauheena! Tilaa Sextacy Powder","breadcrumb":{"@id":"https:\/\/medicinasinc.com\/fi\/product\/osta-sextacy-jauhe\/#breadcrumb"},"inLanguage":"en-US","potentialAction":[{"@type":"ReadAction","target":["https:\/\/medicinasinc.com\/fi\/product\/osta-sextacy-jauhe\/"]}]},{"@type":"ImageObject","inLanguage":"en-US","@id":"https:\/\/medicinasinc.com\/fi\/product\/osta-sextacy-jauhe\/#primaryimage","url":"https:\/\/medicinasinc.com\/fi\/wp-content\/uploads\/sites\/12\/2022\/02\/Buy-Sextacy-Powder.jpg","contentUrl":"https:\/\/medicinasinc.com\/fi\/wp-content\/uploads\/sites\/12\/2022\/02\/Buy-Sextacy-Powder.jpg","width":300,"height":300},{"@type":"BreadcrumbList","@id":"https:\/\/medicinasinc.com\/fi\/product\/osta-sextacy-jauhe\/#breadcrumb","itemListElement":[{"@type":"ListItem","position":1,"name":"Myym\u00e4l\u00e4","item":"https:\/\/medicinasinc.com\/fi\/myymala\/"},{"@type":"ListItem","position":2,"name":"Osta Sextacy Powder"}]},{"@type":"WebSite","@id":"https:\/\/medicinasinc.com\/fi\/#website","url":"https:\/\/medicinasinc.com\/fi\/","name":"Medicinas Inc","description":"Health Medical Clinic","potentialAction":[{"@type":"SearchAction","target":{"@type":"EntryPoint","urlTemplate":"https:\/\/medicinasinc.com\/fi\/?s={search_term_string}"},"query-input":{"@type":"PropertyValueSpecification","valueRequired":true,"valueName":"search_term_string"}}],"inLanguage":"en-US"}]}},"_links":{"self":[{"href":"https:\/\/medicinasinc.com\/fi\/wp-json\/wp\/v2\/product\/5731","targetHints":{"allow":["GET"]}}],"collection":[{"href":"https:\/\/medicinasinc.com\/fi\/wp-json\/wp\/v2\/product"}],"about":[{"href":"https:\/\/medicinasinc.com\/fi\/wp-json\/wp\/v2\/types\/product"}],"replies":[{"embeddable":true,"href":"https:\/\/medicinasinc.com\/fi\/wp-json\/wp\/v2\/comments?post=5731"}],"wp:featuredmedia":[{"embeddable":true,"href":"https:\/\/medicinasinc.com\/fi\/wp-json\/wp\/v2\/media\/5742"}],"wp:attachment":[{"href":"https:\/\/medicinasinc.com\/fi\/wp-json\/wp\/v2\/media?parent=5731"}],"wp:term":[{"taxonomy":"product_brand","embeddable":true,"href":"https:\/\/medicinasinc.com\/fi\/wp-json\/wp\/v2\/product_brand?post=5731"},{"taxonomy":"product_cat","embeddable":true,"href":"https:\/\/medicinasinc.com\/fi\/wp-json\/wp\/v2\/product_cat?post=5731"},{"taxonomy":"product_tag","embeddable":true,"href":"https:\/\/medicinasinc.com\/fi\/wp-json\/wp\/v2\/product_tag?post=5731"}],"curies":[{"name":"wp","href":"https:\/\/api.w.org\/{rel}","templated":true}]}}