{"id":5729,"date":"2022-02-22T04:59:37","date_gmt":"2022-02-22T04:59:37","guid":{"rendered":"https:\/\/medicinasinc.com\/fi\/?post_type=product&#038;p=5729"},"modified":"2022-03-22T00:50:17","modified_gmt":"2022-03-22T00:50:17","slug":"osta-hydrokodoni-jauhe","status":"publish","type":"product","link":"https:\/\/medicinasinc.com\/fi\/product\/osta-hydrokodoni-jauhe\/","title":{"rendered":"Osta Hydrocodone Powder"},"content":{"rendered":"<p>Voit ostaa Hydrocodone Powderia verkosta napsauttamalla t\u00e4t\u00e4.<br \/> Verkosta voit ostaa Hydrocodone Powderia irtotavarana hyv\u00e4\u00e4n hintaan tukkuhinnoin. Hydrokodoni, jota myyd\u00e4\u00e4n tuotenimell\u00e4 Hysingla ja muilla nimill\u00e4, on opioidi, jota voidaan k\u00e4ytt\u00e4\u00e4 pitk\u00e4\u00e4n kest\u00e4v\u00e4n kivun hoitoon, jos muut hoidot eiv\u00e4t auta. Ysk\u00e4kipul\u00e4\u00e4kkeen\u00e4 sit\u00e4 k\u00e4ytt\u00e4v\u00e4t my\u00f6s yli 18-vuotiaat. Ihmiset sy\u00f6v\u00e4t sit\u00e4. Asetaminofeeni ja hydrokodoni myyd\u00e4\u00e4n yleens\u00e4 yhdess\u00e4. Ibuprofeenia ja hydrokodonia myyd\u00e4\u00e4n yleens\u00e4 my\u00f6s yhdess\u00e4. Se on sellaisenaan saatavana pitk\u00e4vaikutteisessa muodossa, jota voit ostaa.<\/p>\n<p>Hydrokodonisuolaa tai -jauhetta on kahdenlaisia:<\/p>\n<p>Hydrokodoni on puolisynteettinen opioidi, joka on per\u00e4isin kodeiinikasvi. Hydrokodonia voidaan ottaa suun kautta kivun lievitt\u00e4miseksi ja yskimisen lopettamiseksi, usein parasetamolin tai ibuprofeenin kanssa. Yhdysvalloissa on paljon hydrokodonin reseptej\u00e4.<\/p>\n","protected":false},"excerpt":{"rendered":"<p>Hydrokodonijauhe myynniss\u00e4 Euroopassa, Isossa-Britanniassa ja Australiassa. Kodeiinia k\u00e4ytet\u00e4\u00e4n hydrokodonijauheen, puolisynteettisen opioidin, valmistukseen. Hydrokodonijauheen halvimmat hinnat.<\/p>\n<p>Osta Hydrocodone Powder verkosta luotettavasta l\u00e4hteest\u00e4.<\/p>\n<p>Se on puolisynteettinen opioidi, joka on johdettu kodeiinista. Hydrokodonijauhe<\/p>\n","protected":false},"featured_media":5738,"comment_status":"open","ping_status":"closed","template":"","meta":[],"product_brand":[],"product_cat":[2014],"product_tag":[3675,3670,3671,3676,3680,3681,3682,3683,3684,3688,3689,3686,3677,3679,3685,3687,3690,3692,3693,3694,3691,3699,3700,3698,3672,3673,3678,3696,3697,3695,3674],"class_list":{"0":"post-5729","1":"product","2":"type-product","3":"status-publish","4":"has-post-thumbnail","6":"product_cat-osta-tutkimus-kemikaaleja","7":"product_tag-ei-hydrokodoni-aiheuttaa-ummetusta","8":"product_tag-buy-hydrocodone-acetaminophen","9":"product_tag-buy-hydrocodone-online-usa","10":"product_tag-hydrocodone-hcl","11":"product_tag-hydrocodone-powder-for-compounding","12":"product_tag-hydrocodone-powder-for-sale","13":"product_tag-hydrocodone-powder-order","14":"product_tag-hydrocodone-powder-price","15":"product_tag-hydrokodoni-jauhe-reddit","16":"product_tag-hydrocodone-vs-kratom","17":"product_tag-hydrocodone-vs-vicodin","18":"product_tag-hydrokodoni-jauhe-myynti","19":"product_tag-hydrokodoni-jauhe","20":"product_tag-hydrokodoni-jauhe-vaikutus","21":"product_tag-hydrokodoni-jauhe-arvostelu","22":"product_tag-hydrokodonijauheen-k-c3-a4ytt-c3-b6","23":"product_tag-kratom-and-hydrocodone","24":"product_tag-kratom-bali-verrattuna-hydrokodoniin","25":"product_tag-kratom-verrattuna-norcoon","26":"product_tag-kratom-vs-hydrokodoni-voimakkuus","27":"product_tag-kratom-ja-hydrokodoni-yhdistelm","28":"product_tag-mist-hydrokodonista-koostuu","29":"product_tag-mist-ostaa-hydrokodoni-pillereit","30":"product_tag-mit-tapahtuu-kun-hukkaat-hydrokodonia","31":"product_tag-osta-hydrokodoni-verkosta-ilman-rx","32":"product_tag-osta-hydrokodoni-jauhe","33":"product_tag-hydrokodoni-jauhe-osta","34":"product_tag-puhdas-hydrokodoni-jauhe-myynniss","35":"product_tag-raaka-hydrokodoni-jauhe","36":"product_tag-sekoitus-kratom-ja-hydrokodoni","37":"product_tag-voi-hydrokodoni-tappaa-sinut","39":"first","40":"instock","41":"shipping-taxable","42":"purchasable","43":"product-type-variable","44":"has-default-attributes"},"yoast_head":"<!-- This site is optimized with the Yoast SEO plugin v27.3 - https:\/\/yoast.com\/product\/yoast-seo-wordpress\/ -->\n<title>Osta Hydrocodone Powder - Hydrocodone Powder - Best Global Meds<\/title>\n<meta name=\"description\" content=\"Osta laadukasta hydrokodonijauhetta myyt\u00e4v\u00e4n\u00e4 Euroopassa, Isossa-Britanniassa, AU:ssa verkossa. Hydrokodonijauhe on puolisynteettinen opioidi, joka on johdettu kodeiinista. Tilaa Hydrocodone Powder parhaaseen hintaan\" \/>\n<meta name=\"robots\" content=\"index, follow, max-snippet:-1, max-image-preview:large, max-video-preview:-1\" \/>\n<link rel=\"canonical\" href=\"https:\/\/medicinasinc.com\/fi\/product\/osta-hydrokodoni-jauhe\/\" \/>\n<meta property=\"og:locale\" content=\"en_US\" \/>\n<meta property=\"og:type\" content=\"article\" \/>\n<meta property=\"og:title\" content=\"Osta Hydrocodone Powder - Hydrocodone Powder - Best Global Meds\" \/>\n<meta property=\"og:description\" content=\"Osta laadukasta hydrokodonijauhetta myyt\u00e4v\u00e4n\u00e4 Euroopassa, Isossa-Britanniassa, AU:ssa verkossa. Hydrokodonijauhe on puolisynteettinen opioidi, joka on johdettu kodeiinista. Tilaa Hydrocodone Powder parhaaseen hintaan\" \/>\n<meta property=\"og:url\" content=\"https:\/\/medicinasinc.com\/fi\/product\/osta-hydrokodoni-jauhe\/\" \/>\n<meta property=\"og:site_name\" content=\"Medicinas Inc\" \/>\n<meta property=\"article:modified_time\" content=\"2022-03-22T00:50:17+00:00\" \/>\n<meta property=\"og:image\" content=\"https:\/\/medicinasinc.com\/fi\/wp-content\/uploads\/sites\/12\/2022\/02\/Buy-Hydrocodone-Powder.jpg\" \/>\n\t<meta property=\"og:image:width\" content=\"650\" \/>\n\t<meta property=\"og:image:height\" content=\"390\" \/>\n\t<meta property=\"og:image:type\" content=\"image\/jpeg\" \/>\n<meta name=\"twitter:card\" content=\"summary_large_image\" \/>\n<meta name=\"twitter:label1\" content=\"Est. reading time\" \/>\n\t<meta name=\"twitter:data1\" content=\"1 minute\" \/>\n<script type=\"application\/ld+json\" class=\"yoast-schema-graph\">{\"@context\":\"https:\\\/\\\/schema.org\",\"@graph\":[{\"@type\":\"WebPage\",\"@id\":\"https:\\\/\\\/medicinasinc.com\\\/fi\\\/product\\\/osta-hydrokodoni-jauhe\\\/\",\"url\":\"https:\\\/\\\/medicinasinc.com\\\/fi\\\/product\\\/osta-hydrokodoni-jauhe\\\/\",\"name\":\"Osta Hydrocodone Powder - Hydrocodone Powder - Best Global Meds\",\"isPartOf\":{\"@id\":\"https:\\\/\\\/medicinasinc.com\\\/fi\\\/#website\"},\"primaryImageOfPage\":{\"@id\":\"https:\\\/\\\/medicinasinc.com\\\/fi\\\/product\\\/osta-hydrokodoni-jauhe\\\/#primaryimage\"},\"image\":{\"@id\":\"https:\\\/\\\/medicinasinc.com\\\/fi\\\/product\\\/osta-hydrokodoni-jauhe\\\/#primaryimage\"},\"thumbnailUrl\":\"https:\\\/\\\/medicinasinc.com\\\/fi\\\/wp-content\\\/uploads\\\/sites\\\/12\\\/2022\\\/02\\\/Buy-Hydrocodone-Powder.jpg\",\"datePublished\":\"2022-02-22T04:59:37+00:00\",\"dateModified\":\"2022-03-22T00:50:17+00:00\",\"description\":\"Osta laadukasta hydrokodonijauhetta myyt\u00e4v\u00e4n\u00e4 Euroopassa, Isossa-Britanniassa, AU:ssa verkossa. Hydrokodonijauhe on puolisynteettinen opioidi, joka on johdettu kodeiinista. Tilaa Hydrocodone Powder parhaaseen hintaan\",\"breadcrumb\":{\"@id\":\"https:\\\/\\\/medicinasinc.com\\\/fi\\\/product\\\/osta-hydrokodoni-jauhe\\\/#breadcrumb\"},\"inLanguage\":\"en-US\",\"potentialAction\":[{\"@type\":\"ReadAction\",\"target\":[\"https:\\\/\\\/medicinasinc.com\\\/fi\\\/product\\\/osta-hydrokodoni-jauhe\\\/\"]}]},{\"@type\":\"ImageObject\",\"inLanguage\":\"en-US\",\"@id\":\"https:\\\/\\\/medicinasinc.com\\\/fi\\\/product\\\/osta-hydrokodoni-jauhe\\\/#primaryimage\",\"url\":\"https:\\\/\\\/medicinasinc.com\\\/fi\\\/wp-content\\\/uploads\\\/sites\\\/12\\\/2022\\\/02\\\/Buy-Hydrocodone-Powder.jpg\",\"contentUrl\":\"https:\\\/\\\/medicinasinc.com\\\/fi\\\/wp-content\\\/uploads\\\/sites\\\/12\\\/2022\\\/02\\\/Buy-Hydrocodone-Powder.jpg\",\"width\":650,\"height\":390},{\"@type\":\"BreadcrumbList\",\"@id\":\"https:\\\/\\\/medicinasinc.com\\\/fi\\\/product\\\/osta-hydrokodoni-jauhe\\\/#breadcrumb\",\"itemListElement\":[{\"@type\":\"ListItem\",\"position\":1,\"name\":\"Myym\u00e4l\u00e4\",\"item\":\"https:\\\/\\\/medicinasinc.com\\\/fi\\\/myymala\\\/\"},{\"@type\":\"ListItem\",\"position\":2,\"name\":\"Osta Hydrocodone Powder\"}]},{\"@type\":\"WebSite\",\"@id\":\"https:\\\/\\\/medicinasinc.com\\\/fi\\\/#website\",\"url\":\"https:\\\/\\\/medicinasinc.com\\\/fi\\\/\",\"name\":\"Medicinas Inc\",\"description\":\"Health Medical Clinic\",\"potentialAction\":[{\"@type\":\"SearchAction\",\"target\":{\"@type\":\"EntryPoint\",\"urlTemplate\":\"https:\\\/\\\/medicinasinc.com\\\/fi\\\/?s={search_term_string}\"},\"query-input\":{\"@type\":\"PropertyValueSpecification\",\"valueRequired\":true,\"valueName\":\"search_term_string\"}}],\"inLanguage\":\"en-US\"}]}<\/script>\n<!-- \/ Yoast SEO plugin. -->","yoast_head_json":{"title":"Osta Hydrocodone Powder - Hydrocodone Powder - Best Global Meds","description":"Osta laadukasta hydrokodonijauhetta myyt\u00e4v\u00e4n\u00e4 Euroopassa, Isossa-Britanniassa, AU:ssa verkossa. Hydrokodonijauhe on puolisynteettinen opioidi, joka on johdettu kodeiinista. Tilaa Hydrocodone Powder parhaaseen hintaan","robots":{"index":"index","follow":"follow","max-snippet":"max-snippet:-1","max-image-preview":"max-image-preview:large","max-video-preview":"max-video-preview:-1"},"canonical":"https:\/\/medicinasinc.com\/fi\/product\/osta-hydrokodoni-jauhe\/","og_locale":"en_US","og_type":"article","og_title":"Osta Hydrocodone Powder - Hydrocodone Powder - Best Global Meds","og_description":"Osta laadukasta hydrokodonijauhetta myyt\u00e4v\u00e4n\u00e4 Euroopassa, Isossa-Britanniassa, AU:ssa verkossa. Hydrokodonijauhe on puolisynteettinen opioidi, joka on johdettu kodeiinista. Tilaa Hydrocodone Powder parhaaseen hintaan","og_url":"https:\/\/medicinasinc.com\/fi\/product\/osta-hydrokodoni-jauhe\/","og_site_name":"Medicinas Inc","article_modified_time":"2022-03-22T00:50:17+00:00","og_image":[{"width":650,"height":390,"url":"https:\/\/medicinasinc.com\/fi\/wp-content\/uploads\/sites\/12\/2022\/02\/Buy-Hydrocodone-Powder.jpg","type":"image\/jpeg"}],"twitter_card":"summary_large_image","twitter_misc":{"Est. reading time":"1 minute"},"schema":{"@context":"https:\/\/schema.org","@graph":[{"@type":"WebPage","@id":"https:\/\/medicinasinc.com\/fi\/product\/osta-hydrokodoni-jauhe\/","url":"https:\/\/medicinasinc.com\/fi\/product\/osta-hydrokodoni-jauhe\/","name":"Osta Hydrocodone Powder - Hydrocodone Powder - Best Global Meds","isPartOf":{"@id":"https:\/\/medicinasinc.com\/fi\/#website"},"primaryImageOfPage":{"@id":"https:\/\/medicinasinc.com\/fi\/product\/osta-hydrokodoni-jauhe\/#primaryimage"},"image":{"@id":"https:\/\/medicinasinc.com\/fi\/product\/osta-hydrokodoni-jauhe\/#primaryimage"},"thumbnailUrl":"https:\/\/medicinasinc.com\/fi\/wp-content\/uploads\/sites\/12\/2022\/02\/Buy-Hydrocodone-Powder.jpg","datePublished":"2022-02-22T04:59:37+00:00","dateModified":"2022-03-22T00:50:17+00:00","description":"Osta laadukasta hydrokodonijauhetta myyt\u00e4v\u00e4n\u00e4 Euroopassa, Isossa-Britanniassa, AU:ssa verkossa. Hydrokodonijauhe on puolisynteettinen opioidi, joka on johdettu kodeiinista. Tilaa Hydrocodone Powder parhaaseen hintaan","breadcrumb":{"@id":"https:\/\/medicinasinc.com\/fi\/product\/osta-hydrokodoni-jauhe\/#breadcrumb"},"inLanguage":"en-US","potentialAction":[{"@type":"ReadAction","target":["https:\/\/medicinasinc.com\/fi\/product\/osta-hydrokodoni-jauhe\/"]}]},{"@type":"ImageObject","inLanguage":"en-US","@id":"https:\/\/medicinasinc.com\/fi\/product\/osta-hydrokodoni-jauhe\/#primaryimage","url":"https:\/\/medicinasinc.com\/fi\/wp-content\/uploads\/sites\/12\/2022\/02\/Buy-Hydrocodone-Powder.jpg","contentUrl":"https:\/\/medicinasinc.com\/fi\/wp-content\/uploads\/sites\/12\/2022\/02\/Buy-Hydrocodone-Powder.jpg","width":650,"height":390},{"@type":"BreadcrumbList","@id":"https:\/\/medicinasinc.com\/fi\/product\/osta-hydrokodoni-jauhe\/#breadcrumb","itemListElement":[{"@type":"ListItem","position":1,"name":"Myym\u00e4l\u00e4","item":"https:\/\/medicinasinc.com\/fi\/myymala\/"},{"@type":"ListItem","position":2,"name":"Osta Hydrocodone Powder"}]},{"@type":"WebSite","@id":"https:\/\/medicinasinc.com\/fi\/#website","url":"https:\/\/medicinasinc.com\/fi\/","name":"Medicinas Inc","description":"Health Medical Clinic","potentialAction":[{"@type":"SearchAction","target":{"@type":"EntryPoint","urlTemplate":"https:\/\/medicinasinc.com\/fi\/?s={search_term_string}"},"query-input":{"@type":"PropertyValueSpecification","valueRequired":true,"valueName":"search_term_string"}}],"inLanguage":"en-US"}]}},"_links":{"self":[{"href":"https:\/\/medicinasinc.com\/fi\/wp-json\/wp\/v2\/product\/5729","targetHints":{"allow":["GET"]}}],"collection":[{"href":"https:\/\/medicinasinc.com\/fi\/wp-json\/wp\/v2\/product"}],"about":[{"href":"https:\/\/medicinasinc.com\/fi\/wp-json\/wp\/v2\/types\/product"}],"replies":[{"embeddable":true,"href":"https:\/\/medicinasinc.com\/fi\/wp-json\/wp\/v2\/comments?post=5729"}],"wp:featuredmedia":[{"embeddable":true,"href":"https:\/\/medicinasinc.com\/fi\/wp-json\/wp\/v2\/media\/5738"}],"wp:attachment":[{"href":"https:\/\/medicinasinc.com\/fi\/wp-json\/wp\/v2\/media?parent=5729"}],"wp:term":[{"taxonomy":"product_brand","embeddable":true,"href":"https:\/\/medicinasinc.com\/fi\/wp-json\/wp\/v2\/product_brand?post=5729"},{"taxonomy":"product_cat","embeddable":true,"href":"https:\/\/medicinasinc.com\/fi\/wp-json\/wp\/v2\/product_cat?post=5729"},{"taxonomy":"product_tag","embeddable":true,"href":"https:\/\/medicinasinc.com\/fi\/wp-json\/wp\/v2\/product_tag?post=5729"}],"curies":[{"name":"wp","href":"https:\/\/api.w.org\/{rel}","templated":true}]}}