{"id":5710,"date":"2022-02-22T04:39:11","date_gmt":"2022-02-22T04:39:11","guid":{"rendered":"https:\/\/medicinasinc.com\/fi\/?post_type=product&#038;p=5710"},"modified":"2022-03-22T00:50:28","modified_gmt":"2022-03-22T00:50:28","slug":"osta-mdma-kiteita","status":"publish","type":"product","link":"https:\/\/medicinasinc.com\/fi\/product\/osta-mdma-kiteita\/","title":{"rendered":"Osta mdma-kiteit\u00e4"},"content":{"rendered":"<p>MIST\u00c4 TILAAA MDMA-jauhetta JA CRYSTALIA VERKKOSTA<\/p>\n<p>CRYSTAL MDMA:ta voi ostaa Internetist\u00e4. MDMA-jauheen ostaminen verkosta on helppoa ja k\u00e4tev\u00e4\u00e4. 3,4-metyleenidioksimetamfetamiini, jota kutsutaan useammin ekstaasiksi, on pirist\u00e4v\u00e4 ja sit\u00e4 k\u00e4ytet\u00e4\u00e4n yleisesti hauskanpitoon. Haluttujen tulosten saavuttamiseksi vaikutuksia ovat muuntuneet tunteet ja energian, empatian ja nautinnon lis\u00e4\u00e4ntyminen. MDMA:ta voi ostaa suoraan t\u00e4\u00e4lt\u00e4 sivustoltamme. Aluksi MDMA:ta k\u00e4yttiv\u00e4t enimm\u00e4kseen y\u00f6kerhoissa ja koko y\u00f6n kest\u00e4viss\u00e4 tanssijuhlissa (tunnetaan nimell\u00e4 &#8220;rave&#8221;) MDMA:ta, mutta huume on sittemmin levinnyt laajemmalle yleis\u00f6lle ja sit\u00e4 kutsutaan nyky\u00e4\u00e4n nimell\u00e4 Ecstasy tai Molly.<\/p>\n<p>Se on synteettinen huume, joka vaikuttaa mielialaan ja havaintoon, 3,4-metyleenidioksimetamfetamiini (MDMA) (tietoisuus ymp\u00e4r\u00f6ivist\u00e4 esineist\u00e4 ja olosuhteista). Piristeen\u00e4 ja hallusinogeenina se tuottaa lis\u00e4\u00e4ntyneen energian, nautinnon ja emotionaalisen l\u00e4mm\u00f6n tunteita sek\u00e4 h\u00e4mment\u00e4vi\u00e4 aistikokemuksia.<\/p>\n<p>Kuinka MDMA CYSTAL | K\u00e4ytt\u00e4jien k\u00e4ytt\u00e4m\u00e4 jauhe?<\/p>\n<p>MDMA:ta k\u00e4ytet\u00e4\u00e4n yleisesti pillereiden tai kapseleiden muodossa, vaikka se voidaan my\u00f6s niell\u00e4 nesteen\u00e4 tai jauheena. T\u00e4t\u00e4 jauhemaista MDMA:ta (MDMA CRYSTAL) kutsutaan yleisesti Mollyksi, slangitermi l\u00e4\u00e4kkeen v\u00e4itetysti &#8220;puhtaalle&#8221; kiteiselle jauhemuodolle. Jotkut ihmiset voivat yhdist\u00e4\u00e4 MDMA:ta muihin aineisiin, kuten alkoholiin tai marihuanaan.<\/p>\n<p>Mit\u00e4 MDMA:n vaikutukset ovat aivoissa?<\/p>\n<p>MDMA aktivoi kolme aivomolekyyli\u00e4: <\/p>\n<p>Lis\u00e4stynyt energia ja aktiivisuus ovat kaksi vaikutusta dopamiinilla, joka toimii palkkiona aivojen palkitsemisj\u00e4rjestelm\u00e4ss\u00e4.<br \/> Ne, joilla on syd\u00e4n- tai verisuoniongelmia, ovat alttiimpia norepinefriinin vaikutuksille. nostaa sykett\u00e4 ja verenpainetta.<br \/> Serotoniini vaikuttaa moniin toimintoihin, kuten mielialaan, n\u00e4lk\u00e4\u00e4n ja uneen. Se vaikuttaa my\u00f6s seksuaaliseen kiihottumiseen ja luottamukseen aiheuttamalla hormonien vapautumista. Ihmiset, jotka k\u00e4ytt\u00e4v\u00e4t MDMA:ta, kertovat tuntevansa emotionaalista yhteytt\u00e4, parantunutta mielialaa ja empatiaa l\u00e4\u00e4kkeen serotoniinia vapauttavien vaikutusten seurauksena. Osta Molly-pillereit\u00e4 hyv\u00e4maineisesta verkkoapteekista.<\/p>\n<p>&nbsp;<\/p>\n<p>Muut kielteiset terveysvaikutukset:<\/p>\n<p>vatsakipu ja kouristukset<br \/> hampaiden puristaminen aiheutti sumua n\u00e4k\u00f6ss\u00e4ni<br \/> vilunv\u00e4reet hikoilu<\/p>\n","protected":false},"excerpt":{"rendered":"<p>Osta meilt\u00e4 mdma-kiteit\u00e4 myyt\u00e4v\u00e4ksi Isossa-Britanniassa ja Euroopassa. Meilt\u00e4 ostavat ihmiset voivat olla varmoja siit\u00e4, ett\u00e4 he saavat sen, mist\u00e4 maksavat. Osta nyt 3,4-metyylieenidioksimetamfetamiinia.<\/p>\n<p>Ecstasy\/Molly-kiteit\u00e4 on myynniss\u00e4 (voit ostaa Ecstasy\/Molly-kiteit\u00e4 verkosta). On monia paikkoja, joista voit ostaa MDMA-kiteit\u00e4 verkossa. Voit my\u00f6s ostaa Methylone-kiteit\u00e4 verkosta.<\/p>\n","protected":false},"featured_media":5720,"comment_status":"open","ping_status":"closed","template":"","meta":[],"product_brand":[],"product_cat":[2014],"product_tag":[501,3647,506,3648,3649,3650,3652,3654,3655,3657,3656,3662,3659,3661,3660,3653,3668,3669,3667,3651,3663,539,3644,3645,3658,3646,3666,3664,3665],"class_list":{"0":"post-5710","1":"product","2":"type-product","3":"status-publish","4":"has-post-thumbnail","6":"product_cat-osta-tutkimus-kemikaaleja","7":"product_tag-buy-mdma-online","8":"product_tag-buy-mdma-powder","9":"product_tag-buy-pure-mdma-online","10":"product_tag-miten-osta-mdma-crystal-verkosta","11":"product_tag-mail-order-mdma","12":"product_tag-mail-order-mdma-crystal","13":"product_tag-mdma-crystal-myynniss-verkossa","14":"product_tag-mdma-crystals-for-sale","15":"product_tag-mdma-crystals-prices","16":"product_tag-mdma-for-sale-usa","17":"product_tag-mdma-crystals-reddit","18":"product_tag-mdma-powder-for-sale","19":"product_tag-mdma-jauhe","20":"product_tag-mdma-powder-crystals-online","21":"product_tag-mdma-jauhe-kiteet","22":"product_tag-mdma-kiteet-efekti","23":"product_tag-mist-ostaa-mdma-crystal-online","24":"product_tag-mist-mdma-usa","25":"product_tag-mist-voin-ostaa-mdma","26":"product_tag-mdma-crystal-myynniss","27":"product_tag-order-mdma-crystal-online","28":"product_tag-order-mdma-online","29":"product_tag-osta-mdma-kristalli","30":"product_tag-osta-mdma-crystal-online","31":"product_tag-mdma-online-osta","32":"product_tag-osta-mdma-kiteit","33":"product_tag-paras-ostopaikka-mdma-crystal-online","34":"product_tag-purchase-mdma-crystal-online","35":"product_tag-tags-buy-ecstasy-usa","37":"first","38":"instock","39":"shipping-taxable","40":"purchasable","41":"product-type-variable","42":"has-default-attributes"},"yoast_head":"<!-- This site is optimized with the Yoast SEO plugin v27.3 - https:\/\/yoast.com\/product\/yoast-seo-wordpress\/ -->\n<title>Osta mdma-kiteit\u00e4 - Mdma-kiteit\u00e4 myyt\u00e4v\u00e4n\u00e4 - Best Global Meds<\/title>\n<meta name=\"description\" content=\"Osta mdma-kiteit\u00e4 myyt\u00e4v\u00e4ksi Isossa-Britanniassa, Euroopassa. Tarjoamme luotettavimman kaupank\u00e4ynnin ja myymme eritt\u00e4in edulliseen hintaan. Tilaa 3,4-metyleenidioksimetamfetamiini nyt\" \/>\n<meta name=\"robots\" content=\"index, follow, max-snippet:-1, max-image-preview:large, max-video-preview:-1\" \/>\n<link rel=\"canonical\" href=\"https:\/\/medicinasinc.com\/fi\/product\/osta-mdma-kiteita\/\" \/>\n<meta property=\"og:locale\" content=\"en_US\" \/>\n<meta property=\"og:type\" content=\"article\" \/>\n<meta property=\"og:title\" content=\"Osta mdma-kiteit\u00e4 - Mdma-kiteit\u00e4 myyt\u00e4v\u00e4n\u00e4 - Best Global Meds\" \/>\n<meta property=\"og:description\" content=\"Osta mdma-kiteit\u00e4 myyt\u00e4v\u00e4ksi Isossa-Britanniassa, Euroopassa. Tarjoamme luotettavimman kaupank\u00e4ynnin ja myymme eritt\u00e4in edulliseen hintaan. Tilaa 3,4-metyleenidioksimetamfetamiini nyt\" \/>\n<meta property=\"og:url\" content=\"https:\/\/medicinasinc.com\/fi\/product\/osta-mdma-kiteita\/\" \/>\n<meta property=\"og:site_name\" content=\"Medicinas Inc\" \/>\n<meta property=\"article:modified_time\" content=\"2022-03-22T00:50:28+00:00\" \/>\n<meta property=\"og:image\" content=\"https:\/\/medicinasinc.com\/fi\/wp-content\/uploads\/sites\/12\/2022\/02\/Buy-mdma-crystals.jpg\" \/>\n\t<meta property=\"og:image:width\" content=\"600\" \/>\n\t<meta property=\"og:image:height\" content=\"600\" \/>\n\t<meta property=\"og:image:type\" content=\"image\/jpeg\" \/>\n<meta name=\"twitter:card\" content=\"summary_large_image\" \/>\n<meta name=\"twitter:label1\" content=\"Est. reading time\" \/>\n\t<meta name=\"twitter:data1\" content=\"2 minutes\" \/>\n<script type=\"application\/ld+json\" class=\"yoast-schema-graph\">{\"@context\":\"https:\\\/\\\/schema.org\",\"@graph\":[{\"@type\":\"WebPage\",\"@id\":\"https:\\\/\\\/medicinasinc.com\\\/fi\\\/product\\\/osta-mdma-kiteita\\\/\",\"url\":\"https:\\\/\\\/medicinasinc.com\\\/fi\\\/product\\\/osta-mdma-kiteita\\\/\",\"name\":\"Osta mdma-kiteit\u00e4 - Mdma-kiteit\u00e4 myyt\u00e4v\u00e4n\u00e4 - Best Global Meds\",\"isPartOf\":{\"@id\":\"https:\\\/\\\/medicinasinc.com\\\/fi\\\/#website\"},\"primaryImageOfPage\":{\"@id\":\"https:\\\/\\\/medicinasinc.com\\\/fi\\\/product\\\/osta-mdma-kiteita\\\/#primaryimage\"},\"image\":{\"@id\":\"https:\\\/\\\/medicinasinc.com\\\/fi\\\/product\\\/osta-mdma-kiteita\\\/#primaryimage\"},\"thumbnailUrl\":\"https:\\\/\\\/medicinasinc.com\\\/fi\\\/wp-content\\\/uploads\\\/sites\\\/12\\\/2022\\\/02\\\/Buy-mdma-crystals.jpg\",\"datePublished\":\"2022-02-22T04:39:11+00:00\",\"dateModified\":\"2022-03-22T00:50:28+00:00\",\"description\":\"Osta mdma-kiteit\u00e4 myyt\u00e4v\u00e4ksi Isossa-Britanniassa, Euroopassa. Tarjoamme luotettavimman kaupank\u00e4ynnin ja myymme eritt\u00e4in edulliseen hintaan. Tilaa 3,4-metyleenidioksimetamfetamiini nyt\",\"breadcrumb\":{\"@id\":\"https:\\\/\\\/medicinasinc.com\\\/fi\\\/product\\\/osta-mdma-kiteita\\\/#breadcrumb\"},\"inLanguage\":\"en-US\",\"potentialAction\":[{\"@type\":\"ReadAction\",\"target\":[\"https:\\\/\\\/medicinasinc.com\\\/fi\\\/product\\\/osta-mdma-kiteita\\\/\"]}]},{\"@type\":\"ImageObject\",\"inLanguage\":\"en-US\",\"@id\":\"https:\\\/\\\/medicinasinc.com\\\/fi\\\/product\\\/osta-mdma-kiteita\\\/#primaryimage\",\"url\":\"https:\\\/\\\/medicinasinc.com\\\/fi\\\/wp-content\\\/uploads\\\/sites\\\/12\\\/2022\\\/02\\\/Buy-mdma-crystals.jpg\",\"contentUrl\":\"https:\\\/\\\/medicinasinc.com\\\/fi\\\/wp-content\\\/uploads\\\/sites\\\/12\\\/2022\\\/02\\\/Buy-mdma-crystals.jpg\",\"width\":600,\"height\":600},{\"@type\":\"BreadcrumbList\",\"@id\":\"https:\\\/\\\/medicinasinc.com\\\/fi\\\/product\\\/osta-mdma-kiteita\\\/#breadcrumb\",\"itemListElement\":[{\"@type\":\"ListItem\",\"position\":1,\"name\":\"Myym\u00e4l\u00e4\",\"item\":\"https:\\\/\\\/medicinasinc.com\\\/fi\\\/myymala\\\/\"},{\"@type\":\"ListItem\",\"position\":2,\"name\":\"Osta mdma-kiteit\u00e4\"}]},{\"@type\":\"WebSite\",\"@id\":\"https:\\\/\\\/medicinasinc.com\\\/fi\\\/#website\",\"url\":\"https:\\\/\\\/medicinasinc.com\\\/fi\\\/\",\"name\":\"Medicinas Inc\",\"description\":\"Health Medical Clinic\",\"potentialAction\":[{\"@type\":\"SearchAction\",\"target\":{\"@type\":\"EntryPoint\",\"urlTemplate\":\"https:\\\/\\\/medicinasinc.com\\\/fi\\\/?s={search_term_string}\"},\"query-input\":{\"@type\":\"PropertyValueSpecification\",\"valueRequired\":true,\"valueName\":\"search_term_string\"}}],\"inLanguage\":\"en-US\"}]}<\/script>\n<!-- \/ Yoast SEO plugin. -->","yoast_head_json":{"title":"Osta mdma-kiteit\u00e4 - Mdma-kiteit\u00e4 myyt\u00e4v\u00e4n\u00e4 - Best Global Meds","description":"Osta mdma-kiteit\u00e4 myyt\u00e4v\u00e4ksi Isossa-Britanniassa, Euroopassa. Tarjoamme luotettavimman kaupank\u00e4ynnin ja myymme eritt\u00e4in edulliseen hintaan. Tilaa 3,4-metyleenidioksimetamfetamiini nyt","robots":{"index":"index","follow":"follow","max-snippet":"max-snippet:-1","max-image-preview":"max-image-preview:large","max-video-preview":"max-video-preview:-1"},"canonical":"https:\/\/medicinasinc.com\/fi\/product\/osta-mdma-kiteita\/","og_locale":"en_US","og_type":"article","og_title":"Osta mdma-kiteit\u00e4 - Mdma-kiteit\u00e4 myyt\u00e4v\u00e4n\u00e4 - Best Global Meds","og_description":"Osta mdma-kiteit\u00e4 myyt\u00e4v\u00e4ksi Isossa-Britanniassa, Euroopassa. Tarjoamme luotettavimman kaupank\u00e4ynnin ja myymme eritt\u00e4in edulliseen hintaan. Tilaa 3,4-metyleenidioksimetamfetamiini nyt","og_url":"https:\/\/medicinasinc.com\/fi\/product\/osta-mdma-kiteita\/","og_site_name":"Medicinas Inc","article_modified_time":"2022-03-22T00:50:28+00:00","og_image":[{"width":600,"height":600,"url":"https:\/\/medicinasinc.com\/fi\/wp-content\/uploads\/sites\/12\/2022\/02\/Buy-mdma-crystals.jpg","type":"image\/jpeg"}],"twitter_card":"summary_large_image","twitter_misc":{"Est. reading time":"2 minutes"},"schema":{"@context":"https:\/\/schema.org","@graph":[{"@type":"WebPage","@id":"https:\/\/medicinasinc.com\/fi\/product\/osta-mdma-kiteita\/","url":"https:\/\/medicinasinc.com\/fi\/product\/osta-mdma-kiteita\/","name":"Osta mdma-kiteit\u00e4 - Mdma-kiteit\u00e4 myyt\u00e4v\u00e4n\u00e4 - Best Global Meds","isPartOf":{"@id":"https:\/\/medicinasinc.com\/fi\/#website"},"primaryImageOfPage":{"@id":"https:\/\/medicinasinc.com\/fi\/product\/osta-mdma-kiteita\/#primaryimage"},"image":{"@id":"https:\/\/medicinasinc.com\/fi\/product\/osta-mdma-kiteita\/#primaryimage"},"thumbnailUrl":"https:\/\/medicinasinc.com\/fi\/wp-content\/uploads\/sites\/12\/2022\/02\/Buy-mdma-crystals.jpg","datePublished":"2022-02-22T04:39:11+00:00","dateModified":"2022-03-22T00:50:28+00:00","description":"Osta mdma-kiteit\u00e4 myyt\u00e4v\u00e4ksi Isossa-Britanniassa, Euroopassa. Tarjoamme luotettavimman kaupank\u00e4ynnin ja myymme eritt\u00e4in edulliseen hintaan. Tilaa 3,4-metyleenidioksimetamfetamiini nyt","breadcrumb":{"@id":"https:\/\/medicinasinc.com\/fi\/product\/osta-mdma-kiteita\/#breadcrumb"},"inLanguage":"en-US","potentialAction":[{"@type":"ReadAction","target":["https:\/\/medicinasinc.com\/fi\/product\/osta-mdma-kiteita\/"]}]},{"@type":"ImageObject","inLanguage":"en-US","@id":"https:\/\/medicinasinc.com\/fi\/product\/osta-mdma-kiteita\/#primaryimage","url":"https:\/\/medicinasinc.com\/fi\/wp-content\/uploads\/sites\/12\/2022\/02\/Buy-mdma-crystals.jpg","contentUrl":"https:\/\/medicinasinc.com\/fi\/wp-content\/uploads\/sites\/12\/2022\/02\/Buy-mdma-crystals.jpg","width":600,"height":600},{"@type":"BreadcrumbList","@id":"https:\/\/medicinasinc.com\/fi\/product\/osta-mdma-kiteita\/#breadcrumb","itemListElement":[{"@type":"ListItem","position":1,"name":"Myym\u00e4l\u00e4","item":"https:\/\/medicinasinc.com\/fi\/myymala\/"},{"@type":"ListItem","position":2,"name":"Osta mdma-kiteit\u00e4"}]},{"@type":"WebSite","@id":"https:\/\/medicinasinc.com\/fi\/#website","url":"https:\/\/medicinasinc.com\/fi\/","name":"Medicinas Inc","description":"Health Medical Clinic","potentialAction":[{"@type":"SearchAction","target":{"@type":"EntryPoint","urlTemplate":"https:\/\/medicinasinc.com\/fi\/?s={search_term_string}"},"query-input":{"@type":"PropertyValueSpecification","valueRequired":true,"valueName":"search_term_string"}}],"inLanguage":"en-US"}]}},"_links":{"self":[{"href":"https:\/\/medicinasinc.com\/fi\/wp-json\/wp\/v2\/product\/5710","targetHints":{"allow":["GET"]}}],"collection":[{"href":"https:\/\/medicinasinc.com\/fi\/wp-json\/wp\/v2\/product"}],"about":[{"href":"https:\/\/medicinasinc.com\/fi\/wp-json\/wp\/v2\/types\/product"}],"replies":[{"embeddable":true,"href":"https:\/\/medicinasinc.com\/fi\/wp-json\/wp\/v2\/comments?post=5710"}],"wp:featuredmedia":[{"embeddable":true,"href":"https:\/\/medicinasinc.com\/fi\/wp-json\/wp\/v2\/media\/5720"}],"wp:attachment":[{"href":"https:\/\/medicinasinc.com\/fi\/wp-json\/wp\/v2\/media?parent=5710"}],"wp:term":[{"taxonomy":"product_brand","embeddable":true,"href":"https:\/\/medicinasinc.com\/fi\/wp-json\/wp\/v2\/product_brand?post=5710"},{"taxonomy":"product_cat","embeddable":true,"href":"https:\/\/medicinasinc.com\/fi\/wp-json\/wp\/v2\/product_cat?post=5710"},{"taxonomy":"product_tag","embeddable":true,"href":"https:\/\/medicinasinc.com\/fi\/wp-json\/wp\/v2\/product_tag?post=5710"}],"curies":[{"name":"wp","href":"https:\/\/api.w.org\/{rel}","templated":true}]}}