{"id":5703,"date":"2022-02-22T04:29:46","date_gmt":"2022-02-22T04:29:46","guid":{"rendered":"https:\/\/medicinasinc.com\/fi\/?post_type=product&#038;p=5703"},"modified":"2022-03-22T00:50:37","modified_gmt":"2022-03-22T00:50:37","slug":"osta-dimetyylitryptamiini-dmt","status":"publish","type":"product","link":"https:\/\/medicinasinc.com\/fi\/product\/osta-dimetyylitryptamiini-dmt\/","title":{"rendered":"Osta dimetyylitryptamiini DMT"},"content":{"rendered":"<p>DMT-jauhetta voi ostaa verkosta monista paikoista.<\/p>\n<p>DMT on ollut olemassa jo pitk\u00e4\u00e4n. L\u00e4\u00e4kett\u00e4 on k\u00e4ytetty paljon vuosien varrella moniin eri asioihin, kunnes hallitus piti sit\u00e4 l\u00e4\u00e4kkeen\u00e4, joka voi olla vaarallista, jos se vied\u00e4\u00e4n \u00e4\u00e4rimm\u00e4isyyksiin. Et ehk\u00e4 voi ostaa DMT-jauhetta verkosta, jos et tied\u00e4 miten se tehd\u00e4\u00e4n. Lopulta kova ty\u00f6si on tuottanut tulosta ja olet saavuttanut haluamasi tulokset. Bestglobalmeds on sivusto, josta voit ostaa DMT:t\u00e4 verkosta edulliseen hintaan. Siin\u00e4 on korkealaatuista ja puhdasta DMT:t\u00e4.<\/p>\n<p>Vastaus kysymykseen &#8220;Mik\u00e4 on DMT-jauhe?&#8221;<\/p>\n<p>DMT (N,N-dimetyylitryptamiini) on luonnollinen psykedeelinen tryptamiini, joka voi l\u00f6ytyy kasveista, el\u00e4imist\u00e4 ja ihmisist\u00e4. Se kuuluu psykedeelisten huumeiden ryhm\u00e4\u00e4n (aineet, jotka tekev\u00e4t sinut tietoisemmaksi). My\u00f6s Changan valmistamat DMT-seokset valmistetaan t\u00e4ll\u00e4 tavalla. Niist\u00e4 voidaan tehd\u00e4 jauhemuotoisia tai jauhemuotoisia.<\/p>\n<p>Se on luonnossa esiintyv\u00e4 aine, jota l\u00f6ytyy pieni\u00e4 m\u00e4\u00e4ri\u00e4 ihmisen aivoissa, joissa sen toimintaa ei tunneta. DMT tunnetaan voimastaan. Jos poltat sen, sen tekem\u00e4 psykedeelinen matka kest\u00e4\u00e4 vain 5-30 minuuttia, mutta sen vaikutus on voimakas ja pitk\u00e4aikainen. Tuntuu, ett\u00e4 h\u00e4net on l\u00e4hetetty aivan eri paikkaan, \u00e4\u00e4nien ja kuvien kanssa, jotka saavat sinut ajattelemaan kaledollisia asioita,<\/p>\n<p>Ayahuasca-oluet, jotka on valmistettu DMT:t\u00e4 sis\u00e4lt\u00e4v\u00e4st\u00e4 puunkuoresta ja muista kasveista, jotka sis\u00e4lt\u00e4v\u00e4t kemikaali nimelt\u00e4 MAOI (monoamiinioksidaasin est\u00e4j\u00e4, todella sairaille). MAOI saa DMT:n s\u00e4ilym\u00e4\u00e4n kehossamme paljon pidemp\u00e4\u00e4n ja pident\u00e4\u00e4 psykiatrista kokemusta tuntikausia. DMT:t\u00e4 on k\u00e4ytetty perinteisiss\u00e4 l\u00e4\u00e4kkeiss\u00e4 pitk\u00e4\u00e4n.<\/p>\n<p>Viime vuosien aikana t\u00e4m\u00e4 juoma on tullut suositummaksi parantavien ominaisuuksiensa vuoksi, my\u00f6s p\u00e4ihteiden v\u00e4\u00e4rink\u00e4yt\u00f6n hoitona. Verrattuna Sbog\u00e1nen &#8220;rakkaaseen patriarkkaan&#8221;, Ayahuasca-parannuksen &#8220;rakastavaa matriarkkaa&#8221; on kutsuttu &#8220;rakastavaksi matriarkkaksi&#8221;. Se auttaa ihmisi\u00e4 murtamaan rakentamansa puolustusmekanismit, jotka est\u00e4v\u00e4t heit\u00e4 ottamasta yhteytt\u00e4 muihin.<\/p>\n<p>Tied\u00e4tk\u00f6, milt\u00e4 DMT n\u00e4ytt\u00e4\u00e4?<br \/> Kuvaile, milt\u00e4 DMT n\u00e4ytt\u00e4\u00e4.<br \/> KUN se on puhdasta, se n\u00e4ytt\u00e4\u00e4 valkoiselta kiteytyneelt\u00e4 jauheelta tai joltakin muulta.<br \/> My\u00f6s, kun se ei ole puhdasta, se n\u00e4ytt\u00e4\u00e4 keltaiselta, oranssilta tai vaaleanpunaiselta jauheelta tai nesteelt\u00e4. T\u00e4m\u00e4 on yleisemp\u00e4\u00e4, mutta se ei ole ainoa tapa tarkastella sit\u00e4.<br \/> Ruskehtava\/punainen yrttiseos, kun se sekoitetaan yrttien kanssa, tekee juomasta nimelt\u00e4 ayahuasca Ruskehtava\/punainen juoma, kun se on osa ayahuascaa. juoma.<br \/> DMT maistuu ja tuoksuu milt\u00e4.<\/p>\n<p>N,N-dimetyylitr\u00fcptamiinilla on eritt\u00e4in voimakas haju ja maku, jota monet ihmiset, mukaan lukien asiakkaamme, ovat vertailleet palaneeseen muoviin ja uusiin kenkiin.<\/p>\n<p>Miten DMT:t\u00e4 k\u00e4ytet\u00e4\u00e4n?<\/p>\n<p>Kun ostat DMT:t\u00e4 verkosta, muista, ett\u00e4 sit\u00e4 voidaan k\u00e4ytt\u00e4\u00e4 kolmella p\u00e4\u00e4tavalla: ly\u00f6ty, vaihdettu ja kapaloitu.<\/p>\n<p>DMT on savustettu.<\/p>\n<p>Joskus ihmiset sekoittavat DMT:t\u00e4 yrtteihin, kuten ayahuascaan, tehd\u00e4kseen ch\u00e1ng\u0430-nimisen juoman. T\u00e4m\u00e4 johtuu siit\u00e4, ett\u00e4 DMT on vaarallinen ja voi olla vaarallista tupakoida. Jokainen changa-er\u00e4 on erilainen k\u00e4ytettyjen yrttien mukaan, joten kunkin er\u00e4n vahvuus vaihtelee.<\/p>\n<p>Ihmiset ovat humalassa DMT:st\u00e4<\/p>\n<p>Ch\u00e1cruna on etel\u00e4amerikkalainen yrtti, jossa on DMT:t\u00e4 se. Joskus sit\u00e4 sekoitetaan \u0430y\u0430huas\u0441\u0430-kasvin kanssa shamaanihauteen, \u0430y\u0430huas\u0441\u0430:n valmistamiseksi.<\/p>\n<p>DMT:n antaminen jollekin<\/p>\n<p>DMT voidaan valmistaa ruiskeena, ja t\u00e4m\u00e4 voi olla eritt\u00e4in vaarallista. my\u00f6s .<\/p>\n<p>DMT:n snort<\/p>\n<p>DMT:n saamiseksi voit murskata sen jauheeksi ja hankaamalla sen.<\/p>\n<p>D\u043e\u0455\u0430g\u0435<\/p>\n<p>DMT: Savustin 15\u201360 mg (vain lasipiippussa), nuuski 20\u201350 mg ja joi 30\u2013150 mg.<\/p>\n<p>Changa: Kaikki riippuu siit\u00e4, kuinka paljon DMT:t\u00e4 on jaossa.<\/p>\n<p>Niin kauan kun sekoituksessa on tarpeeksi DMT:t\u00e4.<\/p>\n<p>Mit\u00e4 tapahtuu, jos otat DMT:t\u00e4?<br \/> Mit\u00e4 mielt\u00e4 olet siit\u00e4?<\/p>\n<p> DMT tunnetaan siit\u00e4, ett\u00e4 se antaa sit\u00e4 k\u00e4ytt\u00e4ville ihmisille eritt\u00e4in intensiivisen &#8220;trp:n&#8221;, joka on psykedeelisten l\u00e4\u00e4kkeiden kokemuksen nimi.<\/p>\n<p>Kun otat DMT:t\u00e4, maailma n\u00e4ytt\u00e4\u00e4 hyvin erilaiselta. V\u00e4rit, \u00e4\u00e4net, esineet ja jopa aika voivat kaikki n\u00e4ytt\u00e4v\u00e4t hyvin erilaisilta. Joillakin ihmisill\u00e4 on kehon ulkopuolisia kokemuksia DMT:n k\u00e4yt\u00f6n aikana.<\/p>\n<p>Se voi saada sinut:<\/p>\n<p>n\u00e4kem\u00e4\u00e4n ja kuulemaan asioita, joita ei ole olemassa (hallusn\u0430t\u0435), mik\u00e4 voi olla hyv\u00e4 asia. tai huonoja kokemuksia. Tuntuu, ett\u00e4 aika ja liike kiihtyy tai hidastuu. T\u00e4t\u00e4 kutsutaan &#8220;visuaaliksi&#8221;.<br \/> Miten ihmiset toimivat?<\/p>\n<p>Ihmiset voivat toimia tavoilla, joita he eiv\u00e4t odota, kun heill\u00e4 on korkea DMT, aivan kuten mik\u00e4 tahansa hallusinogeeninen huume.<\/p>\n<p> p&gt; <\/p>\n<p>Useat k\u00e4ytt\u00e4j\u00e4t sanovat, ett\u00e4 he tuntevat olevansa l\u00e4hell\u00e4 kuolemaa, mink\u00e4 seurauksena heist\u00e4 tulee hyvin hiljaisia \u200b\u200bja katsovat sis\u00e4\u00e4np\u00e4in.<\/p>\n<p>Jotkut ihmiset sanovat, ett\u00e4 he voivat kokea sen. \u00c4l\u00e4 liiku, kun he ovat DMT-tilassa.<\/p>\n<p>Milloin DMT alkaa vaikuttaa sinuun?<\/p>\n<p>Kaikki riippuu siit\u00e4, kuinka paljon olet ottanut, kuinka iso olet , oletko sy\u00f6nyt ja mit\u00e4 muita l\u00e4\u00e4kkeit\u00e4 olet k\u00e4ytt\u00e4nyt.<\/p>\n<p>T\u00e4m\u00e4 sana tunnetaan my\u00f6s nimell\u00e4 &#8220;k\u0441k&#8221;.<\/p>\n<p>Savustettuna DMT tulee hyvin nopeasti k\u00e4ytt\u00f6\u00f6n. Vaikutuksen ilmaantuminen voi kest\u00e4\u00e4 kauan, kun se on osa ayahuasca-seremoniaa.<\/p>\n<p>Kuinka kauan se kesti?<\/p>\n<p>Voit innostua, kun menet DMT:hen. matkan, mutta ne kest\u00e4v\u00e4t my\u00f6s hyvin nopeasti, joskus vain minuutteja. Osana ayahuasca-seremoniaa DMT-matka voi kest\u00e4\u00e4 useita tunteja, mutta se voi olla my\u00f6s hyvin lyhyt.<\/p>\n<p>N\u00e4ist\u00e4 syist\u00e4 johtuen DMT tunnettiin &#8220;bunes-matkana&#8221; 1960-luvulla Yhdysvallat. K\u00e4ytt\u00e4j\u00e4 saattoi saada t\u00e4yden syvyyden ja laajan kokemuksen t\u00e4st\u00e4 l\u00e4\u00e4kkeest\u00e4, joka oli nopeampi kuin muiden l\u00e4\u00e4kkeiden, kuten LSD:n tai taikasienten, kanssa.<\/p>\n<p>Mit\u00e4 DMT:ll\u00e4 on?<br \/> N\u00e4in fyysinen terveys on toimii:<\/p>\n<p>Monet ihmiset Etel\u00e4-Amerikassa juovat tai sy\u00f6v\u00e4t juomia tai ruokia, joissa on DMT:t\u00e4 osana el\u00e4m\u00e4ntapaansa. Tunnetuin esimerkki on ayahuasca-seremoniat.<\/p>\n<p>Jotkut ihmiset ajattelevat, ett\u00e4 DMT on henkinen huume, joka on my\u00f6s turvallinen, mutta silti kemiallinen hallusinogeeni.<\/p>\n<p>Se voi:<\/p>\n<p> p&gt; <\/p>\n<p>On aika tarkistaa verenpaineesi.<br \/> Jos sinulla on jo syd\u00e4nsairaus, sykkeen kohoaminen voi saada sinut sairaaksi ja saada sinut haluamaan l\u00e4hte\u00e4. T\u00e4m\u00e4 johtuu siit\u00e4, ett\u00e4 kehosi saa paljon myrkky\u00e4.<\/p>\n<p>Jos otat DMT:t\u00e4, sill\u00e4 voi olla monia erilaisia \u200b\u200bja joskus hyvin pelottavia vaikutuksia. N\u00e4m\u00e4 vaikutukset eiv\u00e4t ehk\u00e4 ole edes ihmisen p\u00e4\u00e4ss\u00e4.<\/p>\n<p>Voi olla hyvin h\u00e4mment\u00e4v\u00e4\u00e4 ja pelottavaa, jos joku tulee sis\u00e4\u00e4n.<\/p>\n<p>Se voi auttaa sinua: jos otat l\u00e4\u00e4kett\u00e4, kuten DMT:t\u00e4 .<\/p>\n<p>Takauma tulee, kun osa matkasta elet\u00e4\u00e4n uudelleen alkuper\u00e4isen j\u00e4lkeen.<br \/> Pid\u00e4 silm\u00e4ll\u00e4 henkil\u00f6\u00e4, jolla on aiemmin ollut mielenterveysongelmia. Se voi aiheuttaa ongelmia jollekin, joka ei tiennyt olevansa vaarassa sairastua mielenterveysongelmiin.<br \/> Jos matka menee huonosti, k\u00e4ytt\u00e4j\u00e4 voi vahingoittaa itse\u00e4\u00e4n. Joten jos olet huonolla tai ahdistuneella tuulella, et ehk\u00e4 halua ottaa DMT:t\u00e4.<br \/> Aiheuttaa ep\u00e4miellytt\u00e4vi\u00e4 ja emotionaalisia vaikutuksia, jotka voivat kest\u00e4\u00e4 p\u00e4ivi\u00e4 l\u00e4\u00e4kkeen ottamisen j\u00e4lkeen. N\u00e4m\u00e4 vaikutukset voivat olla ep\u00e4miellytt\u00e4vi\u00e4 tai tunneper\u00e4isi\u00e4.<\/p>\n<div class=\"product-next-previous\">\n<div class=\"product-prev\"><\/div><\/div>\n","protected":false},"excerpt":{"rendered":"<p>Osta dimetyylitryptamiini DMT myyt\u00e4v\u00e4ksi Isossa-Britanniassa, Euroopassa, AU:ssa. Tarjoamme luotettavimman kaupank\u00e4ynnin ja myymme eritt\u00e4in edulliseen hintaan. Tilaa DMT nyt parhaaseen hintaan. Dimetyylitryptamiinimme on yksi parhaista luotettavimmasta toimittajasta. Ota yhteytt\u00e4 nyt tilataksesi puhdasta laatua olevaa dimetyylitryptamiinia DMT myyntiin.<\/p>\n<p><em>Dmt<\/em>\u00a0on voimakas hallusinogeeninen huume, jota l\u00f6ytyy useista kasveista, jotka voivat olla savustettu, nuuskittu tai sekoitettu ayahuascan kanssa. Tilaa\u00a0<em>DMT<\/em>\u00a0Verkosta.<\/p>\n","protected":false},"featured_media":5713,"comment_status":"open","ping_status":"closed","template":"","meta":[],"product_brand":[],"product_cat":[703,2014],"product_tag":[3619,3620,3627,3628,3629,3630,3624,3631,3626,3632,3634,3638,3635,3636,3637,3639,3295,3623,3643,3642,3641,3625,3616,3617,3633,3622,3618,3621,3615,3640],"class_list":{"0":"post-5703","1":"product","2":"type-product","3":"status-publish","4":"has-post-thumbnail","6":"product_cat-osta-psykedeelisi-lkkeit","7":"product_cat-osta-tutkimus-kemikaaleja","8":"product_tag-bu-dmt","9":"product_tag-bu-psycheclic-drug","10":"product_tag-dimethyltryptamine-effect","11":"product_tag-dimethyltryptamine-for-sale","12":"product_tag-dimethyltryptamine-order","13":"product_tag-dimethyltryptamine-purchase","14":"product_tag-dimetyylitryptamiini","15":"product_tag-dimetyylitryptamiini-reddit","16":"product_tag-dimetyylitryptamiini-annostus-raskaana-oleville-naisille","17":"product_tag-dimetyylitryptamiini-arvostelu","18":"product_tag-dmt-efekti","19":"product_tag-dmt-myynti","20":"product_tag-dmt-myynniss","21":"product_tag-dmt-reddit","22":"product_tag-dmt-review","23":"product_tag-dmt-sales","24":"product_tag-dmt-tilaus","25":"product_tag-halpa-psyykkinen-lke","26":"product_tag-mik-on-dmt-jauhe","27":"product_tag-puhdas-dmt-myynniss","28":"product_tag-order-dmt","29":"product_tag-dimetyylitryptamiini-osta","30":"product_tag-osta-dimetyylitryptamiini","31":"product_tag-osta-dmt","32":"product_tag-dmt-buy","33":"product_tag-bu-hl-lke--nl-d1n","34":"product_tag-buy-pure-dmt","35":"product_tag-bu-pur-dmthltrtmn-dmt-onl-d1n","36":"product_tag-paras-ostopaikka-dimetyylitryptamiini","37":"product_tag-jrjestys-dimetyylitryptamiini","39":"first","40":"instock","41":"shipping-taxable","42":"purchasable","43":"product-type-variable","44":"has-default-attributes"},"yoast_head":"<!-- This site is optimized with the Yoast SEO plugin v27.3 - https:\/\/yoast.com\/product\/yoast-seo-wordpress\/ -->\n<title>Osta dimetyylitryptamiini DMT - Dmt myyt\u00e4v\u00e4n\u00e4 - parhaat maailmanlaajuiset l\u00e4\u00e4kkeet<\/title>\n<meta name=\"description\" content=\"Osta dimetyylitryptamiini DMT myyt\u00e4v\u00e4ksi Isossa-Britanniassa, Euroopassa, AU:ssa. Tarjoamme luotettavimman kaupank\u00e4ynnin ja myymme eritt\u00e4in edulliseen hintaan. Tilaa DMT nyt parhaaseen hintaan\" \/>\n<meta name=\"robots\" content=\"index, follow, max-snippet:-1, max-image-preview:large, max-video-preview:-1\" \/>\n<link rel=\"canonical\" href=\"https:\/\/medicinasinc.com\/fi\/product\/osta-dimetyylitryptamiini-dmt\/\" \/>\n<meta property=\"og:locale\" content=\"en_US\" \/>\n<meta property=\"og:type\" content=\"article\" \/>\n<meta property=\"og:title\" content=\"Osta dimetyylitryptamiini DMT - Dmt myyt\u00e4v\u00e4n\u00e4 - parhaat maailmanlaajuiset l\u00e4\u00e4kkeet\" \/>\n<meta property=\"og:description\" content=\"Osta dimetyylitryptamiini DMT myyt\u00e4v\u00e4ksi Isossa-Britanniassa, Euroopassa, AU:ssa. Tarjoamme luotettavimman kaupank\u00e4ynnin ja myymme eritt\u00e4in edulliseen hintaan. Tilaa DMT nyt parhaaseen hintaan\" \/>\n<meta property=\"og:url\" content=\"https:\/\/medicinasinc.com\/fi\/product\/osta-dimetyylitryptamiini-dmt\/\" \/>\n<meta property=\"og:site_name\" content=\"Medicinas Inc\" \/>\n<meta property=\"article:modified_time\" content=\"2022-03-22T00:50:37+00:00\" \/>\n<meta property=\"og:image\" content=\"https:\/\/medicinasinc.com\/fi\/wp-content\/uploads\/sites\/12\/2022\/02\/DMT-for-Sale.jpg\" \/>\n\t<meta property=\"og:image:width\" content=\"500\" \/>\n\t<meta property=\"og:image:height\" content=\"500\" \/>\n\t<meta property=\"og:image:type\" content=\"image\/jpeg\" \/>\n<meta name=\"twitter:card\" content=\"summary_large_image\" \/>\n<meta name=\"twitter:label1\" content=\"Est. reading time\" \/>\n\t<meta name=\"twitter:data1\" content=\"6 minutes\" \/>\n<script type=\"application\/ld+json\" class=\"yoast-schema-graph\">{\"@context\":\"https:\\\/\\\/schema.org\",\"@graph\":[{\"@type\":\"WebPage\",\"@id\":\"https:\\\/\\\/medicinasinc.com\\\/fi\\\/product\\\/osta-dimetyylitryptamiini-dmt\\\/\",\"url\":\"https:\\\/\\\/medicinasinc.com\\\/fi\\\/product\\\/osta-dimetyylitryptamiini-dmt\\\/\",\"name\":\"Osta dimetyylitryptamiini DMT - Dmt myyt\u00e4v\u00e4n\u00e4 - parhaat maailmanlaajuiset l\u00e4\u00e4kkeet\",\"isPartOf\":{\"@id\":\"https:\\\/\\\/medicinasinc.com\\\/fi\\\/#website\"},\"primaryImageOfPage\":{\"@id\":\"https:\\\/\\\/medicinasinc.com\\\/fi\\\/product\\\/osta-dimetyylitryptamiini-dmt\\\/#primaryimage\"},\"image\":{\"@id\":\"https:\\\/\\\/medicinasinc.com\\\/fi\\\/product\\\/osta-dimetyylitryptamiini-dmt\\\/#primaryimage\"},\"thumbnailUrl\":\"https:\\\/\\\/medicinasinc.com\\\/fi\\\/wp-content\\\/uploads\\\/sites\\\/12\\\/2022\\\/02\\\/DMT-for-Sale.jpg\",\"datePublished\":\"2022-02-22T04:29:46+00:00\",\"dateModified\":\"2022-03-22T00:50:37+00:00\",\"description\":\"Osta dimetyylitryptamiini DMT myyt\u00e4v\u00e4ksi Isossa-Britanniassa, Euroopassa, AU:ssa. Tarjoamme luotettavimman kaupank\u00e4ynnin ja myymme eritt\u00e4in edulliseen hintaan. Tilaa DMT nyt parhaaseen hintaan\",\"breadcrumb\":{\"@id\":\"https:\\\/\\\/medicinasinc.com\\\/fi\\\/product\\\/osta-dimetyylitryptamiini-dmt\\\/#breadcrumb\"},\"inLanguage\":\"en-US\",\"potentialAction\":[{\"@type\":\"ReadAction\",\"target\":[\"https:\\\/\\\/medicinasinc.com\\\/fi\\\/product\\\/osta-dimetyylitryptamiini-dmt\\\/\"]}]},{\"@type\":\"ImageObject\",\"inLanguage\":\"en-US\",\"@id\":\"https:\\\/\\\/medicinasinc.com\\\/fi\\\/product\\\/osta-dimetyylitryptamiini-dmt\\\/#primaryimage\",\"url\":\"https:\\\/\\\/medicinasinc.com\\\/fi\\\/wp-content\\\/uploads\\\/sites\\\/12\\\/2022\\\/02\\\/DMT-for-Sale.jpg\",\"contentUrl\":\"https:\\\/\\\/medicinasinc.com\\\/fi\\\/wp-content\\\/uploads\\\/sites\\\/12\\\/2022\\\/02\\\/DMT-for-Sale.jpg\",\"width\":500,\"height\":500},{\"@type\":\"BreadcrumbList\",\"@id\":\"https:\\\/\\\/medicinasinc.com\\\/fi\\\/product\\\/osta-dimetyylitryptamiini-dmt\\\/#breadcrumb\",\"itemListElement\":[{\"@type\":\"ListItem\",\"position\":1,\"name\":\"Myym\u00e4l\u00e4\",\"item\":\"https:\\\/\\\/medicinasinc.com\\\/fi\\\/myymala\\\/\"},{\"@type\":\"ListItem\",\"position\":2,\"name\":\"Osta dimetyylitryptamiini DMT\"}]},{\"@type\":\"WebSite\",\"@id\":\"https:\\\/\\\/medicinasinc.com\\\/fi\\\/#website\",\"url\":\"https:\\\/\\\/medicinasinc.com\\\/fi\\\/\",\"name\":\"Medicinas Inc\",\"description\":\"Health Medical Clinic\",\"potentialAction\":[{\"@type\":\"SearchAction\",\"target\":{\"@type\":\"EntryPoint\",\"urlTemplate\":\"https:\\\/\\\/medicinasinc.com\\\/fi\\\/?s={search_term_string}\"},\"query-input\":{\"@type\":\"PropertyValueSpecification\",\"valueRequired\":true,\"valueName\":\"search_term_string\"}}],\"inLanguage\":\"en-US\"}]}<\/script>\n<!-- \/ Yoast SEO plugin. -->","yoast_head_json":{"title":"Osta dimetyylitryptamiini DMT - Dmt myyt\u00e4v\u00e4n\u00e4 - parhaat maailmanlaajuiset l\u00e4\u00e4kkeet","description":"Osta dimetyylitryptamiini DMT myyt\u00e4v\u00e4ksi Isossa-Britanniassa, Euroopassa, AU:ssa. Tarjoamme luotettavimman kaupank\u00e4ynnin ja myymme eritt\u00e4in edulliseen hintaan. Tilaa DMT nyt parhaaseen hintaan","robots":{"index":"index","follow":"follow","max-snippet":"max-snippet:-1","max-image-preview":"max-image-preview:large","max-video-preview":"max-video-preview:-1"},"canonical":"https:\/\/medicinasinc.com\/fi\/product\/osta-dimetyylitryptamiini-dmt\/","og_locale":"en_US","og_type":"article","og_title":"Osta dimetyylitryptamiini DMT - Dmt myyt\u00e4v\u00e4n\u00e4 - parhaat maailmanlaajuiset l\u00e4\u00e4kkeet","og_description":"Osta dimetyylitryptamiini DMT myyt\u00e4v\u00e4ksi Isossa-Britanniassa, Euroopassa, AU:ssa. Tarjoamme luotettavimman kaupank\u00e4ynnin ja myymme eritt\u00e4in edulliseen hintaan. Tilaa DMT nyt parhaaseen hintaan","og_url":"https:\/\/medicinasinc.com\/fi\/product\/osta-dimetyylitryptamiini-dmt\/","og_site_name":"Medicinas Inc","article_modified_time":"2022-03-22T00:50:37+00:00","og_image":[{"width":500,"height":500,"url":"https:\/\/medicinasinc.com\/fi\/wp-content\/uploads\/sites\/12\/2022\/02\/DMT-for-Sale.jpg","type":"image\/jpeg"}],"twitter_card":"summary_large_image","twitter_misc":{"Est. reading time":"6 minutes"},"schema":{"@context":"https:\/\/schema.org","@graph":[{"@type":"WebPage","@id":"https:\/\/medicinasinc.com\/fi\/product\/osta-dimetyylitryptamiini-dmt\/","url":"https:\/\/medicinasinc.com\/fi\/product\/osta-dimetyylitryptamiini-dmt\/","name":"Osta dimetyylitryptamiini DMT - Dmt myyt\u00e4v\u00e4n\u00e4 - parhaat maailmanlaajuiset l\u00e4\u00e4kkeet","isPartOf":{"@id":"https:\/\/medicinasinc.com\/fi\/#website"},"primaryImageOfPage":{"@id":"https:\/\/medicinasinc.com\/fi\/product\/osta-dimetyylitryptamiini-dmt\/#primaryimage"},"image":{"@id":"https:\/\/medicinasinc.com\/fi\/product\/osta-dimetyylitryptamiini-dmt\/#primaryimage"},"thumbnailUrl":"https:\/\/medicinasinc.com\/fi\/wp-content\/uploads\/sites\/12\/2022\/02\/DMT-for-Sale.jpg","datePublished":"2022-02-22T04:29:46+00:00","dateModified":"2022-03-22T00:50:37+00:00","description":"Osta dimetyylitryptamiini DMT myyt\u00e4v\u00e4ksi Isossa-Britanniassa, Euroopassa, AU:ssa. Tarjoamme luotettavimman kaupank\u00e4ynnin ja myymme eritt\u00e4in edulliseen hintaan. Tilaa DMT nyt parhaaseen hintaan","breadcrumb":{"@id":"https:\/\/medicinasinc.com\/fi\/product\/osta-dimetyylitryptamiini-dmt\/#breadcrumb"},"inLanguage":"en-US","potentialAction":[{"@type":"ReadAction","target":["https:\/\/medicinasinc.com\/fi\/product\/osta-dimetyylitryptamiini-dmt\/"]}]},{"@type":"ImageObject","inLanguage":"en-US","@id":"https:\/\/medicinasinc.com\/fi\/product\/osta-dimetyylitryptamiini-dmt\/#primaryimage","url":"https:\/\/medicinasinc.com\/fi\/wp-content\/uploads\/sites\/12\/2022\/02\/DMT-for-Sale.jpg","contentUrl":"https:\/\/medicinasinc.com\/fi\/wp-content\/uploads\/sites\/12\/2022\/02\/DMT-for-Sale.jpg","width":500,"height":500},{"@type":"BreadcrumbList","@id":"https:\/\/medicinasinc.com\/fi\/product\/osta-dimetyylitryptamiini-dmt\/#breadcrumb","itemListElement":[{"@type":"ListItem","position":1,"name":"Myym\u00e4l\u00e4","item":"https:\/\/medicinasinc.com\/fi\/myymala\/"},{"@type":"ListItem","position":2,"name":"Osta dimetyylitryptamiini DMT"}]},{"@type":"WebSite","@id":"https:\/\/medicinasinc.com\/fi\/#website","url":"https:\/\/medicinasinc.com\/fi\/","name":"Medicinas Inc","description":"Health Medical Clinic","potentialAction":[{"@type":"SearchAction","target":{"@type":"EntryPoint","urlTemplate":"https:\/\/medicinasinc.com\/fi\/?s={search_term_string}"},"query-input":{"@type":"PropertyValueSpecification","valueRequired":true,"valueName":"search_term_string"}}],"inLanguage":"en-US"}]}},"_links":{"self":[{"href":"https:\/\/medicinasinc.com\/fi\/wp-json\/wp\/v2\/product\/5703","targetHints":{"allow":["GET"]}}],"collection":[{"href":"https:\/\/medicinasinc.com\/fi\/wp-json\/wp\/v2\/product"}],"about":[{"href":"https:\/\/medicinasinc.com\/fi\/wp-json\/wp\/v2\/types\/product"}],"replies":[{"embeddable":true,"href":"https:\/\/medicinasinc.com\/fi\/wp-json\/wp\/v2\/comments?post=5703"}],"wp:featuredmedia":[{"embeddable":true,"href":"https:\/\/medicinasinc.com\/fi\/wp-json\/wp\/v2\/media\/5713"}],"wp:attachment":[{"href":"https:\/\/medicinasinc.com\/fi\/wp-json\/wp\/v2\/media?parent=5703"}],"wp:term":[{"taxonomy":"product_brand","embeddable":true,"href":"https:\/\/medicinasinc.com\/fi\/wp-json\/wp\/v2\/product_brand?post=5703"},{"taxonomy":"product_cat","embeddable":true,"href":"https:\/\/medicinasinc.com\/fi\/wp-json\/wp\/v2\/product_cat?post=5703"},{"taxonomy":"product_tag","embeddable":true,"href":"https:\/\/medicinasinc.com\/fi\/wp-json\/wp\/v2\/product_tag?post=5703"}],"curies":[{"name":"wp","href":"https:\/\/api.w.org\/{rel}","templated":true}]}}