{"id":5696,"date":"2022-02-22T04:23:00","date_gmt":"2022-02-22T04:23:00","guid":{"rendered":"https:\/\/medicinasinc.com\/fi\/?post_type=product&#038;p=5696"},"modified":"2022-03-22T00:50:52","modified_gmt":"2022-03-22T00:50:52","slug":"osta-efenidiini-jauhe","status":"publish","type":"product","link":"https:\/\/medicinasinc.com\/fi\/product\/osta-efenidiini-jauhe\/","title":{"rendered":"Osta efenidiinijauhe"},"content":{"rendered":"<p>Efenidiinijauhe: Osta efenidiini\u00e4 Yhdistyneest\u00e4 kuningaskunnasta, Euroopasta, Aasiasta, Yhdysvalloista, Australiasta, Kiinasta ja muualta maailmasta Ephenidine Powderista.<\/p>\n<p>Eurooppalainen efenidiini myyt\u00e4v\u00e4n\u00e4, efenidiinin toimittaja, myyntiin. Efenidiinin tukkukauppiaat voivat l\u00e4hett\u00e4\u00e4 sen Eurooppaan.<\/p>\n<p>Efenidiini, joka tunnetaan my\u00f6s nimell\u00e4 NEDPA ja EPE, on dissosioiva anestesia, joka kuuluu diaryylietyyliamiinien l\u00e4\u00e4keryhm\u00e4\u00e4n. Fyysisesti efenidiini on samanlainen kuin diaryylietyyliamiinit, kuten difenidiini ja metoksifenidiini, joita kutsutaan my\u00f6s efenidiiniksi. Sedaatio, hallusinaatiot, anestesia ja kehon ulkopuoliset tilat, joita kutsutaan &#8220;dissosiatiiviseksi anestesiaksi&#8221;, ovat joitain sivuvaikutuksia.<\/p>\n<p>Yksityiskohtaiset tiedot t\u00e4st\u00e4 tuotteesta:<\/p>\n<p>hollanti, liettua , ja amerikkalainen<br \/> Sen nimi on Ephenidine Powder.<br \/> EPE on N-etyyli-1,2-difenyylietyyliamiinin IUPAC-nimi.<br \/> CAS-numero: 60951-19-1<br \/> C16H19N on MF.<br \/> Yli 99,5 prosenttia<br \/> T\u00e4lt\u00e4 se n\u00e4ytt\u00e4\u00e4:<br \/> Alumiinifoliopussi tai muovipussi: Pakkaaminen:<\/p>\n<p>Maksuehdot:<\/p>\n<p> p&gt; <\/p>\n<p>Tilauksen v\u00e4himm\u00e4issumma: Kysy maksuehdoista: Bitcoin, Money Gram, pankkisiirto ja niin edelleen.<\/p>\n<p>Toimitus- ja toimituss\u00e4\u00e4nn\u00f6t:<\/p>\n<p>1. L\u00e4het\u00e4mme tavarat 1 p\u00e4iv\u00e4n kuluessa maksamisen j\u00e4lkeen.<br \/> 2: L\u00e4het\u00e4mme tavarat UPS:n, DHL:n, TNT:n tai FEDEXin kautta. Valitsemme kullekin maalle parhaan kuriirin ja l\u00f6yd\u00e4mme turvallisimman tavan saada tavarat perille.<br \/> Postin saaminen EMS:lt\u00e4 kest\u00e4\u00e4 noin kolmesta viiteen p\u00e4iv\u00e4\u00e4. DHL, UPS ja FedEx viev\u00e4t 4-5 p\u00e4iv\u00e4\u00e4.<br \/> 4. Tullit sellaisissa maissa kuin Ven\u00e4j\u00e4ll\u00e4, Australiassa ja Kanadassa ovat eritt\u00e4in tiukat, mutta voimme varmistaa, ett\u00e4 toimitamme 100 % ajasta.<br \/> 5. Tavarat pit\u00e4isi yleens\u00e4 saada 4-5 p\u00e4iv\u00e4ss\u00e4. Jos tavarat ovat kadonneet tai eiv\u00e4t saapuneet jostain muusta syyst\u00e4, l\u00e4het\u00e4mme ne uudelleen.<\/p>\n<p>Hinta: kysy.<\/p>\n<p>Huomaa:<\/p>\n<p> Meill\u00e4 on paljon kanta-asiakkaita kaikkialla maailmassa, ja toivomme, ett\u00e4 voimme ty\u00f6skennell\u00e4 kanssasi pitk\u00e4\u00e4n. Jos haluat lis\u00e4tietoja, \u00e4l\u00e4 ep\u00e4r\u00f6i ottaa meihin yhteytt\u00e4. Teemme parhaamme vastataksemme tarpeisiisi. Kiitos!<\/p>\n","protected":false},"excerpt":{"rendered":"<div class=\"woocommerce-product-details__short-description\">\n<p>Bestglobalmeds.comilla on eritt\u00e4in puhdasta efenidiinijauhetta myynniss\u00e4 Isossa-Britanniassa, Euroopassa ja Australiassa, ja voimme toimittaa sen sinulle kaikkialla maailmassa. T\u00e4\u00e4lt\u00e4 voit ostaa parasta tilattavissa olevaa efenidiinijauhetta.<\/p>\n<p>Osta efenidiinijauhetta verkosta ja hanki se hyv\u00e4ll\u00e4 hinnalla. Efedriini-niminen l\u00e4\u00e4ke on dissosioiva anestesia. Se my\u00f6s est\u00e4\u00e4 NMDA-reseptorin toimintaa, mik\u00e4 v\u00e4hent\u00e4\u00e4 l\u00e4\u00e4kkeen tehoa.<\/p>\n<p>Osta puhdasta, korkealaatuista efenidiinijauhetta verkosta Bitcoinilla \u2013 voit tehd\u00e4 t\u00e4m\u00e4n.<\/p>\n<p>Osta. osta laillisia l\u00e4\u00e4kkeit\u00e4 verkosta, osta tutkimuskemikaaleja, raakoja l\u00e4\u00e4kejauheita ja paljon muuta kaupasta.<\/p>\n<p>T\u00e4m\u00e4 yritys myy efenidiinijauhetta, farmaseuttisia v\u00e4lituotteita ja raakajauheita.<\/p>\n<p>On olemassa Efenidiini pillereit\u00e4 myyt\u00e4v\u00e4n\u00e4. Kiinan\u00a0efenidiinin\u00a0toimittaja. Efenidiinin tukkumyyj\u00e4<\/p>\n<p><em>Osta efenidiinijauhetta<\/em> tukkukaupassa verkosta nyt. Efenidiini on dissosioiva anestesia ja toimii NMDA:n antagonistina.<\/p>\n<p>&nbsp;<\/p>\n<\/p><\/div>\n","protected":false},"featured_media":5707,"comment_status":"open","ping_status":"closed","template":"","meta":[],"product_brand":[],"product_cat":[2014],"product_tag":[3591,3592,3593,3594,3595,3596,3597,3599,3600,3604,3605,3607,3608,3602,3603,3606,3609,3614,3610,3611,3612,3601,3613,3598],"class_list":{"0":"post-5696","1":"product","2":"type-product","3":"status-publish","4":"has-post-thumbnail","6":"product_cat-osta-tutkimus-kemikaaleja","7":"product_tag-anestesia","8":"product_tag-buy-ephenidine-powder","9":"product_tag-buy-ephenidine-powder-europe","10":"product_tag-buy-ephenidine-powder-online","11":"product_tag-diaryylietyyliamiini","12":"product_tag-dissosiatiivinen","13":"product_tag-dissosiaatio-anestesia","14":"product_tag-efenidiini","15":"product_tag-efenidiini-jauhe-bulkki","16":"product_tag-efenidiinijauhetta-myytvn","17":"product_tag-efenidiini-jauhe-tilaus","18":"product_tag-efenidiini-jauheen-toimittaja","19":"product_tag-efenidiini-jauhe-tukkumyynti","20":"product_tag-ephenidine-powder-china","21":"product_tag-ephenidine-powder-effect","22":"product_tag-efenidiini-jauhe-reddit","23":"product_tag-mdma-jauheen-osto","24":"product_tag-mik-on-efenidiini-jauhe","25":"product_tag-nedpa","26":"product_tag-order-ephenidine-powder","27":"product_tag-order-ephenidine-powder-online","28":"product_tag-efenidiini-jauhe-osta","29":"product_tag-puhdas-efenidiini-jauhe","30":"product_tag-termi","32":"first","33":"instock","34":"featured","35":"shipping-taxable","36":"purchasable","37":"product-type-variable","38":"has-default-attributes"},"yoast_head":"<!-- This site is optimized with the Yoast SEO plugin v27.3 - https:\/\/yoast.com\/product\/yoast-seo-wordpress\/ -->\n<title>Osta efenidiinijauhe - efenidiinijauhe verkossa - parhaat maailmanlaajuiset l\u00e4\u00e4kkeet<\/title>\n<meta name=\"description\" content=\"Osta eritt\u00e4in puhdasta efenidiinijauhetta myyt\u00e4v\u00e4ksi Isossa-Britanniassa, Euroopassa, AU:ssa Bestglobalmeds.com-verkkokaupassamme nopealla maailmanlaajuisella toimituksella! Paras efenidiinijauhe tilausta varten l\u00f6yd\u00e4t t\u00e4\u00e4lt\u00e4!\" \/>\n<meta name=\"robots\" content=\"index, follow, max-snippet:-1, max-image-preview:large, max-video-preview:-1\" \/>\n<link rel=\"canonical\" href=\"https:\/\/medicinasinc.com\/fi\/product\/osta-efenidiini-jauhe\/\" \/>\n<meta property=\"og:locale\" content=\"en_US\" \/>\n<meta property=\"og:type\" content=\"article\" \/>\n<meta property=\"og:title\" content=\"Osta efenidiinijauhe - efenidiinijauhe verkossa - parhaat maailmanlaajuiset l\u00e4\u00e4kkeet\" \/>\n<meta property=\"og:description\" content=\"Osta eritt\u00e4in puhdasta efenidiinijauhetta myyt\u00e4v\u00e4ksi Isossa-Britanniassa, Euroopassa, AU:ssa Bestglobalmeds.com-verkkokaupassamme nopealla maailmanlaajuisella toimituksella! Paras efenidiinijauhe tilausta varten l\u00f6yd\u00e4t t\u00e4\u00e4lt\u00e4!\" \/>\n<meta property=\"og:url\" content=\"https:\/\/medicinasinc.com\/fi\/product\/osta-efenidiini-jauhe\/\" \/>\n<meta property=\"og:site_name\" content=\"Medicinas Inc\" \/>\n<meta property=\"article:modified_time\" content=\"2022-03-22T00:50:52+00:00\" \/>\n<meta property=\"og:image\" content=\"https:\/\/medicinasinc.com\/fi\/wp-content\/uploads\/sites\/12\/2022\/02\/Buy-Ephenidine-Powder-1.jpg\" \/>\n\t<meta property=\"og:image:width\" content=\"1080\" \/>\n\t<meta property=\"og:image:height\" content=\"1166\" \/>\n\t<meta property=\"og:image:type\" content=\"image\/jpeg\" \/>\n<meta name=\"twitter:card\" content=\"summary_large_image\" \/>\n<meta name=\"twitter:label1\" content=\"Est. reading time\" \/>\n\t<meta name=\"twitter:data1\" content=\"2 minutes\" \/>\n<script type=\"application\/ld+json\" class=\"yoast-schema-graph\">{\"@context\":\"https:\\\/\\\/schema.org\",\"@graph\":[{\"@type\":\"WebPage\",\"@id\":\"https:\\\/\\\/medicinasinc.com\\\/fi\\\/product\\\/osta-efenidiini-jauhe\\\/\",\"url\":\"https:\\\/\\\/medicinasinc.com\\\/fi\\\/product\\\/osta-efenidiini-jauhe\\\/\",\"name\":\"Osta efenidiinijauhe - efenidiinijauhe verkossa - parhaat maailmanlaajuiset l\u00e4\u00e4kkeet\",\"isPartOf\":{\"@id\":\"https:\\\/\\\/medicinasinc.com\\\/fi\\\/#website\"},\"primaryImageOfPage\":{\"@id\":\"https:\\\/\\\/medicinasinc.com\\\/fi\\\/product\\\/osta-efenidiini-jauhe\\\/#primaryimage\"},\"image\":{\"@id\":\"https:\\\/\\\/medicinasinc.com\\\/fi\\\/product\\\/osta-efenidiini-jauhe\\\/#primaryimage\"},\"thumbnailUrl\":\"https:\\\/\\\/medicinasinc.com\\\/fi\\\/wp-content\\\/uploads\\\/sites\\\/12\\\/2022\\\/02\\\/Buy-Ephenidine-Powder-1.jpg\",\"datePublished\":\"2022-02-22T04:23:00+00:00\",\"dateModified\":\"2022-03-22T00:50:52+00:00\",\"description\":\"Osta eritt\u00e4in puhdasta efenidiinijauhetta myyt\u00e4v\u00e4ksi Isossa-Britanniassa, Euroopassa, AU:ssa Bestglobalmeds.com-verkkokaupassamme nopealla maailmanlaajuisella toimituksella! Paras efenidiinijauhe tilausta varten l\u00f6yd\u00e4t t\u00e4\u00e4lt\u00e4!\",\"breadcrumb\":{\"@id\":\"https:\\\/\\\/medicinasinc.com\\\/fi\\\/product\\\/osta-efenidiini-jauhe\\\/#breadcrumb\"},\"inLanguage\":\"en-US\",\"potentialAction\":[{\"@type\":\"ReadAction\",\"target\":[\"https:\\\/\\\/medicinasinc.com\\\/fi\\\/product\\\/osta-efenidiini-jauhe\\\/\"]}]},{\"@type\":\"ImageObject\",\"inLanguage\":\"en-US\",\"@id\":\"https:\\\/\\\/medicinasinc.com\\\/fi\\\/product\\\/osta-efenidiini-jauhe\\\/#primaryimage\",\"url\":\"https:\\\/\\\/medicinasinc.com\\\/fi\\\/wp-content\\\/uploads\\\/sites\\\/12\\\/2022\\\/02\\\/Buy-Ephenidine-Powder-1.jpg\",\"contentUrl\":\"https:\\\/\\\/medicinasinc.com\\\/fi\\\/wp-content\\\/uploads\\\/sites\\\/12\\\/2022\\\/02\\\/Buy-Ephenidine-Powder-1.jpg\",\"width\":1080,\"height\":1166},{\"@type\":\"BreadcrumbList\",\"@id\":\"https:\\\/\\\/medicinasinc.com\\\/fi\\\/product\\\/osta-efenidiini-jauhe\\\/#breadcrumb\",\"itemListElement\":[{\"@type\":\"ListItem\",\"position\":1,\"name\":\"Myym\u00e4l\u00e4\",\"item\":\"https:\\\/\\\/medicinasinc.com\\\/fi\\\/myymala\\\/\"},{\"@type\":\"ListItem\",\"position\":2,\"name\":\"Osta efenidiinijauhe\"}]},{\"@type\":\"WebSite\",\"@id\":\"https:\\\/\\\/medicinasinc.com\\\/fi\\\/#website\",\"url\":\"https:\\\/\\\/medicinasinc.com\\\/fi\\\/\",\"name\":\"Medicinas Inc\",\"description\":\"Health Medical Clinic\",\"potentialAction\":[{\"@type\":\"SearchAction\",\"target\":{\"@type\":\"EntryPoint\",\"urlTemplate\":\"https:\\\/\\\/medicinasinc.com\\\/fi\\\/?s={search_term_string}\"},\"query-input\":{\"@type\":\"PropertyValueSpecification\",\"valueRequired\":true,\"valueName\":\"search_term_string\"}}],\"inLanguage\":\"en-US\"}]}<\/script>\n<!-- \/ Yoast SEO plugin. -->","yoast_head_json":{"title":"Osta efenidiinijauhe - efenidiinijauhe verkossa - parhaat maailmanlaajuiset l\u00e4\u00e4kkeet","description":"Osta eritt\u00e4in puhdasta efenidiinijauhetta myyt\u00e4v\u00e4ksi Isossa-Britanniassa, Euroopassa, AU:ssa Bestglobalmeds.com-verkkokaupassamme nopealla maailmanlaajuisella toimituksella! Paras efenidiinijauhe tilausta varten l\u00f6yd\u00e4t t\u00e4\u00e4lt\u00e4!","robots":{"index":"index","follow":"follow","max-snippet":"max-snippet:-1","max-image-preview":"max-image-preview:large","max-video-preview":"max-video-preview:-1"},"canonical":"https:\/\/medicinasinc.com\/fi\/product\/osta-efenidiini-jauhe\/","og_locale":"en_US","og_type":"article","og_title":"Osta efenidiinijauhe - efenidiinijauhe verkossa - parhaat maailmanlaajuiset l\u00e4\u00e4kkeet","og_description":"Osta eritt\u00e4in puhdasta efenidiinijauhetta myyt\u00e4v\u00e4ksi Isossa-Britanniassa, Euroopassa, AU:ssa Bestglobalmeds.com-verkkokaupassamme nopealla maailmanlaajuisella toimituksella! Paras efenidiinijauhe tilausta varten l\u00f6yd\u00e4t t\u00e4\u00e4lt\u00e4!","og_url":"https:\/\/medicinasinc.com\/fi\/product\/osta-efenidiini-jauhe\/","og_site_name":"Medicinas Inc","article_modified_time":"2022-03-22T00:50:52+00:00","og_image":[{"width":1080,"height":1166,"url":"https:\/\/medicinasinc.com\/fi\/wp-content\/uploads\/sites\/12\/2022\/02\/Buy-Ephenidine-Powder-1.jpg","type":"image\/jpeg"}],"twitter_card":"summary_large_image","twitter_misc":{"Est. reading time":"2 minutes"},"schema":{"@context":"https:\/\/schema.org","@graph":[{"@type":"WebPage","@id":"https:\/\/medicinasinc.com\/fi\/product\/osta-efenidiini-jauhe\/","url":"https:\/\/medicinasinc.com\/fi\/product\/osta-efenidiini-jauhe\/","name":"Osta efenidiinijauhe - efenidiinijauhe verkossa - parhaat maailmanlaajuiset l\u00e4\u00e4kkeet","isPartOf":{"@id":"https:\/\/medicinasinc.com\/fi\/#website"},"primaryImageOfPage":{"@id":"https:\/\/medicinasinc.com\/fi\/product\/osta-efenidiini-jauhe\/#primaryimage"},"image":{"@id":"https:\/\/medicinasinc.com\/fi\/product\/osta-efenidiini-jauhe\/#primaryimage"},"thumbnailUrl":"https:\/\/medicinasinc.com\/fi\/wp-content\/uploads\/sites\/12\/2022\/02\/Buy-Ephenidine-Powder-1.jpg","datePublished":"2022-02-22T04:23:00+00:00","dateModified":"2022-03-22T00:50:52+00:00","description":"Osta eritt\u00e4in puhdasta efenidiinijauhetta myyt\u00e4v\u00e4ksi Isossa-Britanniassa, Euroopassa, AU:ssa Bestglobalmeds.com-verkkokaupassamme nopealla maailmanlaajuisella toimituksella! Paras efenidiinijauhe tilausta varten l\u00f6yd\u00e4t t\u00e4\u00e4lt\u00e4!","breadcrumb":{"@id":"https:\/\/medicinasinc.com\/fi\/product\/osta-efenidiini-jauhe\/#breadcrumb"},"inLanguage":"en-US","potentialAction":[{"@type":"ReadAction","target":["https:\/\/medicinasinc.com\/fi\/product\/osta-efenidiini-jauhe\/"]}]},{"@type":"ImageObject","inLanguage":"en-US","@id":"https:\/\/medicinasinc.com\/fi\/product\/osta-efenidiini-jauhe\/#primaryimage","url":"https:\/\/medicinasinc.com\/fi\/wp-content\/uploads\/sites\/12\/2022\/02\/Buy-Ephenidine-Powder-1.jpg","contentUrl":"https:\/\/medicinasinc.com\/fi\/wp-content\/uploads\/sites\/12\/2022\/02\/Buy-Ephenidine-Powder-1.jpg","width":1080,"height":1166},{"@type":"BreadcrumbList","@id":"https:\/\/medicinasinc.com\/fi\/product\/osta-efenidiini-jauhe\/#breadcrumb","itemListElement":[{"@type":"ListItem","position":1,"name":"Myym\u00e4l\u00e4","item":"https:\/\/medicinasinc.com\/fi\/myymala\/"},{"@type":"ListItem","position":2,"name":"Osta efenidiinijauhe"}]},{"@type":"WebSite","@id":"https:\/\/medicinasinc.com\/fi\/#website","url":"https:\/\/medicinasinc.com\/fi\/","name":"Medicinas Inc","description":"Health Medical Clinic","potentialAction":[{"@type":"SearchAction","target":{"@type":"EntryPoint","urlTemplate":"https:\/\/medicinasinc.com\/fi\/?s={search_term_string}"},"query-input":{"@type":"PropertyValueSpecification","valueRequired":true,"valueName":"search_term_string"}}],"inLanguage":"en-US"}]}},"_links":{"self":[{"href":"https:\/\/medicinasinc.com\/fi\/wp-json\/wp\/v2\/product\/5696","targetHints":{"allow":["GET"]}}],"collection":[{"href":"https:\/\/medicinasinc.com\/fi\/wp-json\/wp\/v2\/product"}],"about":[{"href":"https:\/\/medicinasinc.com\/fi\/wp-json\/wp\/v2\/types\/product"}],"replies":[{"embeddable":true,"href":"https:\/\/medicinasinc.com\/fi\/wp-json\/wp\/v2\/comments?post=5696"}],"wp:featuredmedia":[{"embeddable":true,"href":"https:\/\/medicinasinc.com\/fi\/wp-json\/wp\/v2\/media\/5707"}],"wp:attachment":[{"href":"https:\/\/medicinasinc.com\/fi\/wp-json\/wp\/v2\/media?parent=5696"}],"wp:term":[{"taxonomy":"product_brand","embeddable":true,"href":"https:\/\/medicinasinc.com\/fi\/wp-json\/wp\/v2\/product_brand?post=5696"},{"taxonomy":"product_cat","embeddable":true,"href":"https:\/\/medicinasinc.com\/fi\/wp-json\/wp\/v2\/product_cat?post=5696"},{"taxonomy":"product_tag","embeddable":true,"href":"https:\/\/medicinasinc.com\/fi\/wp-json\/wp\/v2\/product_tag?post=5696"}],"curies":[{"name":"wp","href":"https:\/\/api.w.org\/{rel}","templated":true}]}}