{"id":5686,"date":"2022-02-22T04:12:43","date_gmt":"2022-02-22T04:12:43","guid":{"rendered":"https:\/\/medicinasinc.com\/fi\/?post_type=product&#038;p=5686"},"modified":"2022-03-22T00:51:01","modified_gmt":"2022-03-22T00:51:01","slug":"osta-ald-52-jauhe","status":"publish","type":"product","link":"https:\/\/medicinasinc.com\/fi\/product\/osta-ald-52-jauhe\/","title":{"rendered":"Osta ALD-52-jauhe"},"content":{"rendered":"<p><a href=\"https:\/\/www.bestglobalmeds.com\/product\/research-chemicals\/buy-ald-52-powder\/\"><strong>ALD-52-jauhe<\/strong><\/a>. Pure <em>ALD-52 Powder<\/em> -tukkumyyj\u00e4 ja -toimittaja alimmalla hinnalla ja useiden yli 99\u00a0%:n puhtausasteen farmaseuttisten raaka-aineiden, tutkimuskemikaalien ja geneeristen l\u00e4\u00e4kkeiden tukkumyyj\u00e4 ja toimittaja. Turvallinen ja huomaamaton pakkaus seuraavilla l\u00e4hetyksill\u00e4.<\/p>\n<p>ALD-52, joka tunnetaan my\u00f6s nimell\u00e4 1-asetyyli-LSD, on lysergihappodietyyliamidin (LSD) kemiallinen analogi. Se on lysergamidiluokan psykedeelinen aine, joka antaa LSD:t\u00e4 muistuttavia psykedeelisi\u00e4 vaikutuksia.<\/p>\n<p class=\"h2_style\">Pikatiedot<\/p>\n<p>Tuotteen nimi: <a href=\"https:\/\/www.bestglobalmeds.com\/product\/research-chemicals\/buy-ald-52-powder\/\">ALD-52<\/a><br \/> Synonyymit: ALD-52, 1-asetyyli-LSD, 1A-LSD , 1A-LAD<br \/> CAS-nro: 3270-02-8<br \/> Molekyylikaava: C22H27N3O2<br \/> IUPAC: (6aR,9R)-4-asetyyli-N,N-dietyyli-7-metyyli -4,6,6a,7,8,9-heksahydroindolo[4,3-fg]kinoliini-9-karboksamidi<br \/> Molekyylipaino: 365,477 g\/mol<br \/> Puhtaus: 99,6 %<br \/> Ulkon\u00e4k\u00f6 : Valkoinen kiteinen jauhe \/ luonnonvalkoinen jauhe<\/p>\n<h2>ALD-52-jauheen toimittaja<\/h2>\n<p>Yksi \u200b\u200bEuroopan johtavista l\u00e4\u00e4keraaka-aineiden toimittajista, olemme tunnettu poikkeuksellisesta tuotevalikoimastamme ja laadukkaat geneeristen l\u00e4\u00e4kkeiden toimituspalvelut. ALD-52-jauheen tukkumyyj\u00e4n\u00e4 pyrimme toimittamaan korkealaatuisia ja kustannustehokkaita tuotteita markkinoille.<\/p>\n<div class=\"product-next-previous\">\n<div class=\"product-prev\">\n<p> div&gt; <\/p><\/div>\n","protected":false},"excerpt":{"rendered":"<p>Paras paikka ostaa ALD-52-jauhetta on Iso-Britanniasta. Voit ostaa sen my\u00f6s Euroopasta, Australiasta ja EU:sta edulliseen hintaan. Osta ALD-52 Powder 2022, ALD-52 Powder Overnight Delivery, ALD-52 Powder Price.<\/p>\n<p>Yksi \u200b\u200byrityksist\u00e4, joka valmistaa ja myy ALD-52:ta.<\/p>\n<p>verkkokauppa: osta ALD-52 verkossa, ALD-52 myyt\u00e4v\u00e4n\u00e4, ALD-52 myyj\u00e4, ALD-52 jauhe, osta nyt<\/p>\n<p>ALD-52\u00a0reddit. Toimitus on ilmainen.<\/p>\n<p>Voit ostaa puhdasta jauhetta, jossa on 10 mg ALD-52:ta myyt\u00e4v\u00e4n\u00e4 verkossa.<\/p>\n<p>&nbsp;<\/p>\n<p><strong>25 %<\/strong> &gt;\u00a0pois p\u00e4\u00e4lt\u00e4\u00a0<strong>40\u00a0mg\u00a0<\/strong>ja yli. Kuponkikoodi: bhobos2018z<\/p>\n<table class=\"table\">\n<tbody>\n<tr>\n<th><span style=\"font-weight: 400\">Pienin tilausm\u00e4\u00e4r\u00e4:<\/span><\/th>\n<td>10 g<\/td>\n<\/tr>\n<tr>\n<th><span style=\"font-weight: 400\">K\u00e4ytt\u00f6kyky:<\/span><\/th>\n<td>100 kg\/kk<\/td>\n<\/tr>\n<tr>\n<th><span style=\"font-weight: 400\">Satama:<\/span><\/th>\n<td>Varsova, Alankomaat<\/td>\n<\/tr>\n<tr>\n<th><span style=\"font-weight: 400\">Maksuehdot:<\/span><\/th>\n<td>Pankkisiirto, Bitcoin, WU\/MG, muut<\/td>\n<\/tr>\n<tr>\n<th><span style=\"font-weight: 400\">Pakkauksen tiedot:<\/span><\/th>\n<td>Asiakkaan pyynn\u00f6st\u00e4<\/td>\n<\/tr>\n<tr>\n<th><span style=\"font-weight: 400\">Toimitustiedot:<\/span><\/th>\n<td>DPD, Express Shipping, Pharma Courier EU<\/td>\n<\/tr>\n<\/tbody>\n<\/table>\n","protected":false},"featured_media":5699,"comment_status":"open","ping_status":"closed","template":"","meta":[],"product_brand":[],"product_cat":[2014],"product_tag":[3574,3576,3580,3582,3579,3581,3578,3577,3575,3585,3586,3590,3584,3583,3589,3588,3587],"class_list":{"0":"post-5686","1":"product","2":"type-product","3":"status-publish","4":"has-post-thumbnail","6":"product_cat-osta-tutkimus-kemikaaleja","7":"product_tag-ald-52-annos","8":"product_tag-ald-52-jauhe","9":"product_tag-ald-52-jauhe-reddit","10":"product_tag-ald-52-jauheen-tukkumyynti","11":"product_tag-ald-52-jauhetilaus","12":"product_tag-ald-52-jauheen-toimittaja","13":"product_tag-ald-52-jauhe-myynniss","14":"product_tag-ald-52-jauhe-vaikutus","15":"product_tag-ald-52-myydn","16":"product_tag-buy-ald-52-powder","17":"product_tag-buy-ald-52-powder-online","18":"product_tag-mik-on-ald-52-jauhe","19":"product_tag-osta-ald-52","20":"product_tag-paras-tilauspaikka-ald-52","21":"product_tag-puhdas-ald-52-jauhe-google","22":"product_tag-puhdas-ald-52-jauhe","23":"product_tag-tilaus-ald-52-jauhe","25":"first","26":"instock","27":"shipping-taxable","28":"purchasable","29":"product-type-simple"},"yoast_head":"<!-- This site is optimized with the Yoast SEO plugin v27.3 - https:\/\/yoast.com\/product\/yoast-seo-wordpress\/ -->\n<title>Osta ALD-52-jauhe - ALD-52-jauhe verkossa - Parhaat maailmanlaajuiset l\u00e4\u00e4kkeet<\/title>\n<meta name=\"description\" content=\"Osta Osta ALD-52-jauhe myyt\u00e4v\u00e4n\u00e4 Isossa-Britanniassa, Euroopassa, AU, EU:ssa, tilaa halvalla. Osta ALD-52-jauhetta 2022, mist\u00e4 ostaa korkealaatuista ALD-52-jauhetta y\u00f6n yli, ALD-52-jauheen hinta.\" \/>\n<meta name=\"robots\" content=\"index, follow, max-snippet:-1, max-image-preview:large, max-video-preview:-1\" \/>\n<link rel=\"canonical\" href=\"https:\/\/medicinasinc.com\/fi\/product\/osta-ald-52-jauhe\/\" \/>\n<meta property=\"og:locale\" content=\"en_US\" \/>\n<meta property=\"og:type\" content=\"article\" \/>\n<meta property=\"og:title\" content=\"Osta ALD-52-jauhe - ALD-52-jauhe verkossa - Parhaat maailmanlaajuiset l\u00e4\u00e4kkeet\" \/>\n<meta property=\"og:description\" content=\"Osta Osta ALD-52-jauhe myyt\u00e4v\u00e4n\u00e4 Isossa-Britanniassa, Euroopassa, AU, EU:ssa, tilaa halvalla. Osta ALD-52-jauhetta 2022, mist\u00e4 ostaa korkealaatuista ALD-52-jauhetta y\u00f6n yli, ALD-52-jauheen hinta.\" \/>\n<meta property=\"og:url\" content=\"https:\/\/medicinasinc.com\/fi\/product\/osta-ald-52-jauhe\/\" \/>\n<meta property=\"og:site_name\" content=\"Medicinas Inc\" \/>\n<meta property=\"article:modified_time\" content=\"2022-03-22T00:51:01+00:00\" \/>\n<meta property=\"og:image\" content=\"https:\/\/medicinasinc.com\/fi\/wp-content\/uploads\/sites\/12\/2022\/02\/Buy-ALD-52-Powder.jpg\" \/>\n\t<meta property=\"og:image:width\" content=\"1080\" \/>\n\t<meta property=\"og:image:height\" content=\"995\" \/>\n\t<meta property=\"og:image:type\" content=\"image\/jpeg\" \/>\n<meta name=\"twitter:card\" content=\"summary_large_image\" \/>\n<meta name=\"twitter:label1\" content=\"Est. reading time\" \/>\n\t<meta name=\"twitter:data1\" content=\"1 minute\" \/>\n<script type=\"application\/ld+json\" class=\"yoast-schema-graph\">{\"@context\":\"https:\\\/\\\/schema.org\",\"@graph\":[{\"@type\":\"WebPage\",\"@id\":\"https:\\\/\\\/medicinasinc.com\\\/fi\\\/product\\\/osta-ald-52-jauhe\\\/\",\"url\":\"https:\\\/\\\/medicinasinc.com\\\/fi\\\/product\\\/osta-ald-52-jauhe\\\/\",\"name\":\"Osta ALD-52-jauhe - ALD-52-jauhe verkossa - Parhaat maailmanlaajuiset l\u00e4\u00e4kkeet\",\"isPartOf\":{\"@id\":\"https:\\\/\\\/medicinasinc.com\\\/fi\\\/#website\"},\"primaryImageOfPage\":{\"@id\":\"https:\\\/\\\/medicinasinc.com\\\/fi\\\/product\\\/osta-ald-52-jauhe\\\/#primaryimage\"},\"image\":{\"@id\":\"https:\\\/\\\/medicinasinc.com\\\/fi\\\/product\\\/osta-ald-52-jauhe\\\/#primaryimage\"},\"thumbnailUrl\":\"https:\\\/\\\/medicinasinc.com\\\/fi\\\/wp-content\\\/uploads\\\/sites\\\/12\\\/2022\\\/02\\\/Buy-ALD-52-Powder.jpg\",\"datePublished\":\"2022-02-22T04:12:43+00:00\",\"dateModified\":\"2022-03-22T00:51:01+00:00\",\"description\":\"Osta Osta ALD-52-jauhe myyt\u00e4v\u00e4n\u00e4 Isossa-Britanniassa, Euroopassa, AU, EU:ssa, tilaa halvalla. Osta ALD-52-jauhetta 2022, mist\u00e4 ostaa korkealaatuista ALD-52-jauhetta y\u00f6n yli, ALD-52-jauheen hinta.\",\"breadcrumb\":{\"@id\":\"https:\\\/\\\/medicinasinc.com\\\/fi\\\/product\\\/osta-ald-52-jauhe\\\/#breadcrumb\"},\"inLanguage\":\"en-US\",\"potentialAction\":[{\"@type\":\"ReadAction\",\"target\":[\"https:\\\/\\\/medicinasinc.com\\\/fi\\\/product\\\/osta-ald-52-jauhe\\\/\"]}]},{\"@type\":\"ImageObject\",\"inLanguage\":\"en-US\",\"@id\":\"https:\\\/\\\/medicinasinc.com\\\/fi\\\/product\\\/osta-ald-52-jauhe\\\/#primaryimage\",\"url\":\"https:\\\/\\\/medicinasinc.com\\\/fi\\\/wp-content\\\/uploads\\\/sites\\\/12\\\/2022\\\/02\\\/Buy-ALD-52-Powder.jpg\",\"contentUrl\":\"https:\\\/\\\/medicinasinc.com\\\/fi\\\/wp-content\\\/uploads\\\/sites\\\/12\\\/2022\\\/02\\\/Buy-ALD-52-Powder.jpg\",\"width\":1080,\"height\":995},{\"@type\":\"BreadcrumbList\",\"@id\":\"https:\\\/\\\/medicinasinc.com\\\/fi\\\/product\\\/osta-ald-52-jauhe\\\/#breadcrumb\",\"itemListElement\":[{\"@type\":\"ListItem\",\"position\":1,\"name\":\"Myym\u00e4l\u00e4\",\"item\":\"https:\\\/\\\/medicinasinc.com\\\/fi\\\/myymala\\\/\"},{\"@type\":\"ListItem\",\"position\":2,\"name\":\"Osta ALD-52-jauhe\"}]},{\"@type\":\"WebSite\",\"@id\":\"https:\\\/\\\/medicinasinc.com\\\/fi\\\/#website\",\"url\":\"https:\\\/\\\/medicinasinc.com\\\/fi\\\/\",\"name\":\"Medicinas Inc\",\"description\":\"Health Medical Clinic\",\"potentialAction\":[{\"@type\":\"SearchAction\",\"target\":{\"@type\":\"EntryPoint\",\"urlTemplate\":\"https:\\\/\\\/medicinasinc.com\\\/fi\\\/?s={search_term_string}\"},\"query-input\":{\"@type\":\"PropertyValueSpecification\",\"valueRequired\":true,\"valueName\":\"search_term_string\"}}],\"inLanguage\":\"en-US\"}]}<\/script>\n<!-- \/ Yoast SEO plugin. -->","yoast_head_json":{"title":"Osta ALD-52-jauhe - ALD-52-jauhe verkossa - Parhaat maailmanlaajuiset l\u00e4\u00e4kkeet","description":"Osta Osta ALD-52-jauhe myyt\u00e4v\u00e4n\u00e4 Isossa-Britanniassa, Euroopassa, AU, EU:ssa, tilaa halvalla. Osta ALD-52-jauhetta 2022, mist\u00e4 ostaa korkealaatuista ALD-52-jauhetta y\u00f6n yli, ALD-52-jauheen hinta.","robots":{"index":"index","follow":"follow","max-snippet":"max-snippet:-1","max-image-preview":"max-image-preview:large","max-video-preview":"max-video-preview:-1"},"canonical":"https:\/\/medicinasinc.com\/fi\/product\/osta-ald-52-jauhe\/","og_locale":"en_US","og_type":"article","og_title":"Osta ALD-52-jauhe - ALD-52-jauhe verkossa - Parhaat maailmanlaajuiset l\u00e4\u00e4kkeet","og_description":"Osta Osta ALD-52-jauhe myyt\u00e4v\u00e4n\u00e4 Isossa-Britanniassa, Euroopassa, AU, EU:ssa, tilaa halvalla. Osta ALD-52-jauhetta 2022, mist\u00e4 ostaa korkealaatuista ALD-52-jauhetta y\u00f6n yli, ALD-52-jauheen hinta.","og_url":"https:\/\/medicinasinc.com\/fi\/product\/osta-ald-52-jauhe\/","og_site_name":"Medicinas Inc","article_modified_time":"2022-03-22T00:51:01+00:00","og_image":[{"width":1080,"height":995,"url":"https:\/\/medicinasinc.com\/fi\/wp-content\/uploads\/sites\/12\/2022\/02\/Buy-ALD-52-Powder.jpg","type":"image\/jpeg"}],"twitter_card":"summary_large_image","twitter_misc":{"Est. reading time":"1 minute"},"schema":{"@context":"https:\/\/schema.org","@graph":[{"@type":"WebPage","@id":"https:\/\/medicinasinc.com\/fi\/product\/osta-ald-52-jauhe\/","url":"https:\/\/medicinasinc.com\/fi\/product\/osta-ald-52-jauhe\/","name":"Osta ALD-52-jauhe - ALD-52-jauhe verkossa - Parhaat maailmanlaajuiset l\u00e4\u00e4kkeet","isPartOf":{"@id":"https:\/\/medicinasinc.com\/fi\/#website"},"primaryImageOfPage":{"@id":"https:\/\/medicinasinc.com\/fi\/product\/osta-ald-52-jauhe\/#primaryimage"},"image":{"@id":"https:\/\/medicinasinc.com\/fi\/product\/osta-ald-52-jauhe\/#primaryimage"},"thumbnailUrl":"https:\/\/medicinasinc.com\/fi\/wp-content\/uploads\/sites\/12\/2022\/02\/Buy-ALD-52-Powder.jpg","datePublished":"2022-02-22T04:12:43+00:00","dateModified":"2022-03-22T00:51:01+00:00","description":"Osta Osta ALD-52-jauhe myyt\u00e4v\u00e4n\u00e4 Isossa-Britanniassa, Euroopassa, AU, EU:ssa, tilaa halvalla. Osta ALD-52-jauhetta 2022, mist\u00e4 ostaa korkealaatuista ALD-52-jauhetta y\u00f6n yli, ALD-52-jauheen hinta.","breadcrumb":{"@id":"https:\/\/medicinasinc.com\/fi\/product\/osta-ald-52-jauhe\/#breadcrumb"},"inLanguage":"en-US","potentialAction":[{"@type":"ReadAction","target":["https:\/\/medicinasinc.com\/fi\/product\/osta-ald-52-jauhe\/"]}]},{"@type":"ImageObject","inLanguage":"en-US","@id":"https:\/\/medicinasinc.com\/fi\/product\/osta-ald-52-jauhe\/#primaryimage","url":"https:\/\/medicinasinc.com\/fi\/wp-content\/uploads\/sites\/12\/2022\/02\/Buy-ALD-52-Powder.jpg","contentUrl":"https:\/\/medicinasinc.com\/fi\/wp-content\/uploads\/sites\/12\/2022\/02\/Buy-ALD-52-Powder.jpg","width":1080,"height":995},{"@type":"BreadcrumbList","@id":"https:\/\/medicinasinc.com\/fi\/product\/osta-ald-52-jauhe\/#breadcrumb","itemListElement":[{"@type":"ListItem","position":1,"name":"Myym\u00e4l\u00e4","item":"https:\/\/medicinasinc.com\/fi\/myymala\/"},{"@type":"ListItem","position":2,"name":"Osta ALD-52-jauhe"}]},{"@type":"WebSite","@id":"https:\/\/medicinasinc.com\/fi\/#website","url":"https:\/\/medicinasinc.com\/fi\/","name":"Medicinas Inc","description":"Health Medical Clinic","potentialAction":[{"@type":"SearchAction","target":{"@type":"EntryPoint","urlTemplate":"https:\/\/medicinasinc.com\/fi\/?s={search_term_string}"},"query-input":{"@type":"PropertyValueSpecification","valueRequired":true,"valueName":"search_term_string"}}],"inLanguage":"en-US"}]}},"_links":{"self":[{"href":"https:\/\/medicinasinc.com\/fi\/wp-json\/wp\/v2\/product\/5686","targetHints":{"allow":["GET"]}}],"collection":[{"href":"https:\/\/medicinasinc.com\/fi\/wp-json\/wp\/v2\/product"}],"about":[{"href":"https:\/\/medicinasinc.com\/fi\/wp-json\/wp\/v2\/types\/product"}],"replies":[{"embeddable":true,"href":"https:\/\/medicinasinc.com\/fi\/wp-json\/wp\/v2\/comments?post=5686"}],"wp:featuredmedia":[{"embeddable":true,"href":"https:\/\/medicinasinc.com\/fi\/wp-json\/wp\/v2\/media\/5699"}],"wp:attachment":[{"href":"https:\/\/medicinasinc.com\/fi\/wp-json\/wp\/v2\/media?parent=5686"}],"wp:term":[{"taxonomy":"product_brand","embeddable":true,"href":"https:\/\/medicinasinc.com\/fi\/wp-json\/wp\/v2\/product_brand?post=5686"},{"taxonomy":"product_cat","embeddable":true,"href":"https:\/\/medicinasinc.com\/fi\/wp-json\/wp\/v2\/product_cat?post=5686"},{"taxonomy":"product_tag","embeddable":true,"href":"https:\/\/medicinasinc.com\/fi\/wp-json\/wp\/v2\/product_tag?post=5686"}],"curies":[{"name":"wp","href":"https:\/\/api.w.org\/{rel}","templated":true}]}}