{"id":5685,"date":"2022-02-22T04:11:15","date_gmt":"2022-02-22T04:11:15","guid":{"rendered":"https:\/\/medicinasinc.com\/fi\/?post_type=product&#038;p=5685"},"modified":"2022-03-22T00:51:10","modified_gmt":"2022-03-22T00:51:10","slug":"osta-pumppaa-kylpysuolaa","status":"publish","type":"product","link":"https:\/\/medicinasinc.com\/fi\/product\/osta-pumppaa-kylpysuolaa\/","title":{"rendered":"Osta Pump It -kylpysuolaa"},"content":{"rendered":"<p>On hyv\u00e4 idea ostaa Pump-It Powder -kylpysuoloja<\/p>\n<p>Osta Pump-It Powder -kylpysuoloja luotettavasta l\u00e4hteest\u00e4. Myymme parhaita kylpytuotteita, kuten kylpysuoloja. Kylpysuolat antavat sinulle pehme\u00e4n, aistillisen kylvyn, joka j\u00e4tt\u00e4\u00e4 sinut puhtaaksi k\u00e4yt\u00f6n j\u00e4lkeen. Asiakkaamme voivat kuitenkin olla varmoja saavansa markkinoiden parhaat tuotteet. Myymme ja ostamme kuitenkin my\u00f6s muita tiivistettyj\u00e4 kylpysuoloja hyvill\u00e4 hinnoilla.<\/p>\n<p>Kylpysuolassamme on voimakas tuoksu.<\/p>\n<p>Pump-It Powder Bath Salts -kylpysuolat on tarkoitettu parantamaan kylpykokemustasi viel\u00e4 j\u00e4nnitt\u00e4v\u00e4mpi, energisempi ja euforisempi. Pieni m\u00e4\u00e4r\u00e4 riitt\u00e4\u00e4 suuriin eroihin. Voit kuitenkin vain lis\u00e4t\u00e4 pienen m\u00e4\u00e4r\u00e4n kuumaan kylpyyn pehment\u00e4m\u00e4\u00e4n vett\u00e4 luonnollisesti, jolloin tunnet olosi eritt\u00e4in energiseksi ja iloiseksi sen j\u00e4lkeen. Sit\u00e4 k\u00e4ytet\u00e4\u00e4n kuitenkin n\u00e4ytt\u00e4m\u00e4\u00e4n Kreikan meren luonnollisilta kuumilta l\u00e4hteilt\u00e4. K\u00e4yt\u00e4 Pump-It Powder -jauhetta aluksi s\u00e4\u00e4steli\u00e4\u00e4sti, sill\u00e4 liika saastuttaa kylpyveden ja tekee sinusta onnettoman. Jos kuitenkin k\u00e4yt\u00e4t Pump-It Powderia oikein, se voi auttaa sinua p\u00e4\u00e4sem\u00e4\u00e4n paikkoihin, joita luulit mahdottomaksi.<\/p>\n<p>Aiheeseen liittyv\u00e4t tuotteet:<br \/> Voit n\u00e4hd\u00e4 joitain alkuper\u00e4isist\u00e4 kylpysuoloistamme alla olevasta luettelosta .<br \/> Se on 500 mg Rave Onin tiivistettyj\u00e4 kylpysuoloja.<br \/> Kahdeksassa Ballz Bath Saltsissa on niit\u00e4 500 mg.<br \/> Hollywoodin korkealaatuiset kylpysuolat ovat 1 gramma.<br \/> 500 mg Timanttip\u00f6ly\u00e4<br \/> Yksi ruokalusikallinen sis\u00e4lt\u00e4\u00e4 500 mg jauhetta.<br \/> Black Diamond Novelty Powder on valmistettu Black Diamondista.<br \/> Se on 500 mg Eight Ballzin Pump-it-jauhetta.<br \/> 500 mg White Rush Bathia Suolat<br \/> Ivory Wave Ultra -kylpysuolat sis\u00e4lt\u00e4v\u00e4t 500 mg niit\u00e4.<br \/> Ivory Wave 500 mg kylpysuolaa<br \/> T\u00e4ss\u00e4 tapauksessa pakkauksessa on 500 mg Lady Bubbles -kylpysuolaa.<br \/> Cloud Yhdeks\u00e4ss\u00e4 kylpysuolassa on niit\u00e4 500 mg.<br \/> T\u00e4ss\u00e4 pullossa on 500 mg Heavenly Soak Euphoric &#8211; Novelty Powder -jauhetta.<br \/> Se on 500 mg Heavenly Soak &#8211; Energy &#8211; Fun Powder -jauhetta.<br \/> 500 mg Sky &#8211; Fun Jauhe<br \/> Uutuuksia on 500 mg der in Molly&#8217;s Blend \u2013<\/p>\n<p>&nbsp;<\/p>\n<p>Vanilla Sky -kylpysuolat 500mg, Fizz-tiivistetyt kylpysuolat 500mg, Bolivian Ivory Wave Recharge -kylpysuolat 500mg, White Girl -tiivistekylpysuolat, Tranquility 500mg Kylpysuolat 500mg, X Rated kylpysuolat 500mg<br \/> Ivory Smooth 500mg kylpysuolat<br \/> 50mg Blue Wave -kylpysuolat<br \/> Blue Silk on 500mg kylpysuolaa.<br \/> T\u00e4ss\u00e4 tapauksessa 500mg K\u00e4ytettiin Bolivian kylpysuoloja.<br \/> G Pheonixin kylpysuolat<\/p>\n<p>&nbsp;<\/p>\n<p>T\u00e4ss\u00e4 tapauksessa tarvitset White Girl 500 mg -tiivistetty\u00e4 kylpysuolaa.<br \/> 500 mg White Lady -kylpysuoloja<br \/> Bliss Concentrated Bath Salts -kylpysuoloissa on 500 mg suolaa jokaisessa pussissa.<br \/> Snow Leopard Bath Salts -kylpysuoloja on 500 mg jokaisessa pussissa.<br \/> 500 mg ylim\u00e4\u00e4r\u00e4ist\u00e4 kylpysuolaa Lunarilta. Aalto. 500 mg tiivistetty\u00e4 kylpysuolaa White Horsesta.<br \/> 500 mg virkist\u00e4vi\u00e4 kylpysuoloja<br \/> 500 mg Cloud 10 -kylpysuolaa<br \/> Blue Magic: 500 mg kylpysuolaa<br \/> Kylpysuolaa nimelt\u00e4 Scarface sis\u00e4lt\u00e4\u00e4 500 mg siit\u00e4.<br \/> My\u00f6s monet muut ihmiset.<\/p>\n","protected":false},"excerpt":{"rendered":"<p>Bestglobalmeds.com-verkkokaupassamme voit ostaa Pump It Bath Salt -suolaa myyntiin Isossa-Britanniassa, Euroopassa ja Australiassa, ja l\u00e4het\u00e4mme sen heti. Voit ostaa parasta Pump It -kylpysuolaa t\u00e4\u00e4lt\u00e4!<\/p>\n<p>Pump It Up -kylpysuolaa on turvallista ostaa Global medicinas Bath Saltsilta. Myymme tiivistettyj\u00e4 K2-kylpysuoloja edulliseen hintaan Internetiss\u00e4.<\/p>\n<p>Parhaaseen hintaan voit ostaa Pump It Bath Salt -kylpysuolan verkkokaupasta. Lupaamme turvallisen toimituksen kaikkialle maailmaan.<\/p>\n<p>Mist\u00e4 haluat ostaa &#8220;Pump-It Powder Bath Salts&#8221; Best Global Meds tarjoaa sinulle mahdollisuuden ostaa amped-kylpysuoloja myyntiin verkosta.<\/p>\n","protected":false},"featured_media":5697,"comment_status":"open","ping_status":"closed","template":"","meta":[],"product_brand":[],"product_cat":[2014],"product_tag":[3565,3566,3567,3572,3570,3571,3568,3573,3569],"class_list":{"0":"post-5685","1":"product","2":"type-product","3":"status-publish","4":"has-post-thumbnail","6":"product_cat-osta-tutkimus-kemikaaleja","7":"product_tag-buy-pump-it-bath-salt","8":"product_tag-buy-pump-it-powder-bath-salts","9":"product_tag-order-pump-it-bath-salt","10":"product_tag-pumppaa-kylpy-suola-jauhe","11":"product_tag-pump-it-bath-suola-myynniss","12":"product_tag-pump-it-bath-salt-order","13":"product_tag-pumppaa-kylpy-suola-osta","14":"product_tag-pump-it-bath-salt-reddit","15":"product_tag-pump-it-kylpy-suola-vaikutus","17":"first","18":"instock","19":"featured","20":"shipping-taxable","21":"purchasable","22":"product-type-variable","23":"has-default-attributes"},"yoast_head":"<!-- This site is optimized with the Yoast SEO plugin v27.3 - https:\/\/yoast.com\/product\/yoast-seo-wordpress\/ -->\n<title>Osta Pump It Bath Salt - Pump It Bath Salt - parhaat maailmanlaajuiset l\u00e4\u00e4kkeet<\/title>\n<meta name=\"description\" content=\"Osta Pump It Bath Salt myyt\u00e4v\u00e4n\u00e4 Isossa-Britanniassa, Euroopassa, AU:ssa Bestglobalmeds-verkkokaupassamme nopealla maailmanlaajuisella toimituksella! Paras Pump It Bath Salt tilaukseen l\u00f6yd\u00e4t t\u00e4\u00e4lt\u00e4!\" \/>\n<meta name=\"robots\" content=\"index, follow, max-snippet:-1, max-image-preview:large, max-video-preview:-1\" \/>\n<link rel=\"canonical\" href=\"https:\/\/medicinasinc.com\/fi\/product\/osta-pumppaa-kylpysuolaa\/\" \/>\n<meta property=\"og:locale\" content=\"en_US\" \/>\n<meta property=\"og:type\" content=\"article\" \/>\n<meta property=\"og:title\" content=\"Osta Pump It Bath Salt - Pump It Bath Salt - parhaat maailmanlaajuiset l\u00e4\u00e4kkeet\" \/>\n<meta property=\"og:description\" content=\"Osta Pump It Bath Salt myyt\u00e4v\u00e4n\u00e4 Isossa-Britanniassa, Euroopassa, AU:ssa Bestglobalmeds-verkkokaupassamme nopealla maailmanlaajuisella toimituksella! Paras Pump It Bath Salt tilaukseen l\u00f6yd\u00e4t t\u00e4\u00e4lt\u00e4!\" \/>\n<meta property=\"og:url\" content=\"https:\/\/medicinasinc.com\/fi\/product\/osta-pumppaa-kylpysuolaa\/\" \/>\n<meta property=\"og:site_name\" content=\"Medicinas Inc\" \/>\n<meta property=\"article:modified_time\" content=\"2022-03-22T00:51:10+00:00\" \/>\n<meta property=\"og:image\" content=\"https:\/\/medicinasinc.com\/fi\/wp-content\/uploads\/sites\/12\/2022\/02\/Buy-Pump-It-Bath-Salt.jpg\" \/>\n\t<meta property=\"og:image:width\" content=\"600\" \/>\n\t<meta property=\"og:image:height\" content=\"600\" \/>\n\t<meta property=\"og:image:type\" content=\"image\/jpeg\" \/>\n<meta name=\"twitter:card\" content=\"summary_large_image\" \/>\n<meta name=\"twitter:label1\" content=\"Est. reading time\" \/>\n\t<meta name=\"twitter:data1\" content=\"3 minutes\" \/>\n<script type=\"application\/ld+json\" class=\"yoast-schema-graph\">{\"@context\":\"https:\\\/\\\/schema.org\",\"@graph\":[{\"@type\":\"WebPage\",\"@id\":\"https:\\\/\\\/medicinasinc.com\\\/fi\\\/product\\\/osta-pumppaa-kylpysuolaa\\\/\",\"url\":\"https:\\\/\\\/medicinasinc.com\\\/fi\\\/product\\\/osta-pumppaa-kylpysuolaa\\\/\",\"name\":\"Osta Pump It Bath Salt - Pump It Bath Salt - parhaat maailmanlaajuiset l\u00e4\u00e4kkeet\",\"isPartOf\":{\"@id\":\"https:\\\/\\\/medicinasinc.com\\\/fi\\\/#website\"},\"primaryImageOfPage\":{\"@id\":\"https:\\\/\\\/medicinasinc.com\\\/fi\\\/product\\\/osta-pumppaa-kylpysuolaa\\\/#primaryimage\"},\"image\":{\"@id\":\"https:\\\/\\\/medicinasinc.com\\\/fi\\\/product\\\/osta-pumppaa-kylpysuolaa\\\/#primaryimage\"},\"thumbnailUrl\":\"https:\\\/\\\/medicinasinc.com\\\/fi\\\/wp-content\\\/uploads\\\/sites\\\/12\\\/2022\\\/02\\\/Buy-Pump-It-Bath-Salt.jpg\",\"datePublished\":\"2022-02-22T04:11:15+00:00\",\"dateModified\":\"2022-03-22T00:51:10+00:00\",\"description\":\"Osta Pump It Bath Salt myyt\u00e4v\u00e4n\u00e4 Isossa-Britanniassa, Euroopassa, AU:ssa Bestglobalmeds-verkkokaupassamme nopealla maailmanlaajuisella toimituksella! Paras Pump It Bath Salt tilaukseen l\u00f6yd\u00e4t t\u00e4\u00e4lt\u00e4!\",\"breadcrumb\":{\"@id\":\"https:\\\/\\\/medicinasinc.com\\\/fi\\\/product\\\/osta-pumppaa-kylpysuolaa\\\/#breadcrumb\"},\"inLanguage\":\"en-US\",\"potentialAction\":[{\"@type\":\"ReadAction\",\"target\":[\"https:\\\/\\\/medicinasinc.com\\\/fi\\\/product\\\/osta-pumppaa-kylpysuolaa\\\/\"]}]},{\"@type\":\"ImageObject\",\"inLanguage\":\"en-US\",\"@id\":\"https:\\\/\\\/medicinasinc.com\\\/fi\\\/product\\\/osta-pumppaa-kylpysuolaa\\\/#primaryimage\",\"url\":\"https:\\\/\\\/medicinasinc.com\\\/fi\\\/wp-content\\\/uploads\\\/sites\\\/12\\\/2022\\\/02\\\/Buy-Pump-It-Bath-Salt.jpg\",\"contentUrl\":\"https:\\\/\\\/medicinasinc.com\\\/fi\\\/wp-content\\\/uploads\\\/sites\\\/12\\\/2022\\\/02\\\/Buy-Pump-It-Bath-Salt.jpg\",\"width\":600,\"height\":600},{\"@type\":\"BreadcrumbList\",\"@id\":\"https:\\\/\\\/medicinasinc.com\\\/fi\\\/product\\\/osta-pumppaa-kylpysuolaa\\\/#breadcrumb\",\"itemListElement\":[{\"@type\":\"ListItem\",\"position\":1,\"name\":\"Myym\u00e4l\u00e4\",\"item\":\"https:\\\/\\\/medicinasinc.com\\\/fi\\\/myymala\\\/\"},{\"@type\":\"ListItem\",\"position\":2,\"name\":\"Osta Pump It -kylpysuolaa\"}]},{\"@type\":\"WebSite\",\"@id\":\"https:\\\/\\\/medicinasinc.com\\\/fi\\\/#website\",\"url\":\"https:\\\/\\\/medicinasinc.com\\\/fi\\\/\",\"name\":\"Medicinas Inc\",\"description\":\"Health Medical Clinic\",\"potentialAction\":[{\"@type\":\"SearchAction\",\"target\":{\"@type\":\"EntryPoint\",\"urlTemplate\":\"https:\\\/\\\/medicinasinc.com\\\/fi\\\/?s={search_term_string}\"},\"query-input\":{\"@type\":\"PropertyValueSpecification\",\"valueRequired\":true,\"valueName\":\"search_term_string\"}}],\"inLanguage\":\"en-US\"}]}<\/script>\n<!-- \/ Yoast SEO plugin. -->","yoast_head_json":{"title":"Osta Pump It Bath Salt - Pump It Bath Salt - parhaat maailmanlaajuiset l\u00e4\u00e4kkeet","description":"Osta Pump It Bath Salt myyt\u00e4v\u00e4n\u00e4 Isossa-Britanniassa, Euroopassa, AU:ssa Bestglobalmeds-verkkokaupassamme nopealla maailmanlaajuisella toimituksella! Paras Pump It Bath Salt tilaukseen l\u00f6yd\u00e4t t\u00e4\u00e4lt\u00e4!","robots":{"index":"index","follow":"follow","max-snippet":"max-snippet:-1","max-image-preview":"max-image-preview:large","max-video-preview":"max-video-preview:-1"},"canonical":"https:\/\/medicinasinc.com\/fi\/product\/osta-pumppaa-kylpysuolaa\/","og_locale":"en_US","og_type":"article","og_title":"Osta Pump It Bath Salt - Pump It Bath Salt - parhaat maailmanlaajuiset l\u00e4\u00e4kkeet","og_description":"Osta Pump It Bath Salt myyt\u00e4v\u00e4n\u00e4 Isossa-Britanniassa, Euroopassa, AU:ssa Bestglobalmeds-verkkokaupassamme nopealla maailmanlaajuisella toimituksella! Paras Pump It Bath Salt tilaukseen l\u00f6yd\u00e4t t\u00e4\u00e4lt\u00e4!","og_url":"https:\/\/medicinasinc.com\/fi\/product\/osta-pumppaa-kylpysuolaa\/","og_site_name":"Medicinas Inc","article_modified_time":"2022-03-22T00:51:10+00:00","og_image":[{"width":600,"height":600,"url":"https:\/\/medicinasinc.com\/fi\/wp-content\/uploads\/sites\/12\/2022\/02\/Buy-Pump-It-Bath-Salt.jpg","type":"image\/jpeg"}],"twitter_card":"summary_large_image","twitter_misc":{"Est. reading time":"3 minutes"},"schema":{"@context":"https:\/\/schema.org","@graph":[{"@type":"WebPage","@id":"https:\/\/medicinasinc.com\/fi\/product\/osta-pumppaa-kylpysuolaa\/","url":"https:\/\/medicinasinc.com\/fi\/product\/osta-pumppaa-kylpysuolaa\/","name":"Osta Pump It Bath Salt - Pump It Bath Salt - parhaat maailmanlaajuiset l\u00e4\u00e4kkeet","isPartOf":{"@id":"https:\/\/medicinasinc.com\/fi\/#website"},"primaryImageOfPage":{"@id":"https:\/\/medicinasinc.com\/fi\/product\/osta-pumppaa-kylpysuolaa\/#primaryimage"},"image":{"@id":"https:\/\/medicinasinc.com\/fi\/product\/osta-pumppaa-kylpysuolaa\/#primaryimage"},"thumbnailUrl":"https:\/\/medicinasinc.com\/fi\/wp-content\/uploads\/sites\/12\/2022\/02\/Buy-Pump-It-Bath-Salt.jpg","datePublished":"2022-02-22T04:11:15+00:00","dateModified":"2022-03-22T00:51:10+00:00","description":"Osta Pump It Bath Salt myyt\u00e4v\u00e4n\u00e4 Isossa-Britanniassa, Euroopassa, AU:ssa Bestglobalmeds-verkkokaupassamme nopealla maailmanlaajuisella toimituksella! Paras Pump It Bath Salt tilaukseen l\u00f6yd\u00e4t t\u00e4\u00e4lt\u00e4!","breadcrumb":{"@id":"https:\/\/medicinasinc.com\/fi\/product\/osta-pumppaa-kylpysuolaa\/#breadcrumb"},"inLanguage":"en-US","potentialAction":[{"@type":"ReadAction","target":["https:\/\/medicinasinc.com\/fi\/product\/osta-pumppaa-kylpysuolaa\/"]}]},{"@type":"ImageObject","inLanguage":"en-US","@id":"https:\/\/medicinasinc.com\/fi\/product\/osta-pumppaa-kylpysuolaa\/#primaryimage","url":"https:\/\/medicinasinc.com\/fi\/wp-content\/uploads\/sites\/12\/2022\/02\/Buy-Pump-It-Bath-Salt.jpg","contentUrl":"https:\/\/medicinasinc.com\/fi\/wp-content\/uploads\/sites\/12\/2022\/02\/Buy-Pump-It-Bath-Salt.jpg","width":600,"height":600},{"@type":"BreadcrumbList","@id":"https:\/\/medicinasinc.com\/fi\/product\/osta-pumppaa-kylpysuolaa\/#breadcrumb","itemListElement":[{"@type":"ListItem","position":1,"name":"Myym\u00e4l\u00e4","item":"https:\/\/medicinasinc.com\/fi\/myymala\/"},{"@type":"ListItem","position":2,"name":"Osta Pump It -kylpysuolaa"}]},{"@type":"WebSite","@id":"https:\/\/medicinasinc.com\/fi\/#website","url":"https:\/\/medicinasinc.com\/fi\/","name":"Medicinas Inc","description":"Health Medical Clinic","potentialAction":[{"@type":"SearchAction","target":{"@type":"EntryPoint","urlTemplate":"https:\/\/medicinasinc.com\/fi\/?s={search_term_string}"},"query-input":{"@type":"PropertyValueSpecification","valueRequired":true,"valueName":"search_term_string"}}],"inLanguage":"en-US"}]}},"_links":{"self":[{"href":"https:\/\/medicinasinc.com\/fi\/wp-json\/wp\/v2\/product\/5685","targetHints":{"allow":["GET"]}}],"collection":[{"href":"https:\/\/medicinasinc.com\/fi\/wp-json\/wp\/v2\/product"}],"about":[{"href":"https:\/\/medicinasinc.com\/fi\/wp-json\/wp\/v2\/types\/product"}],"replies":[{"embeddable":true,"href":"https:\/\/medicinasinc.com\/fi\/wp-json\/wp\/v2\/comments?post=5685"}],"wp:featuredmedia":[{"embeddable":true,"href":"https:\/\/medicinasinc.com\/fi\/wp-json\/wp\/v2\/media\/5697"}],"wp:attachment":[{"href":"https:\/\/medicinasinc.com\/fi\/wp-json\/wp\/v2\/media?parent=5685"}],"wp:term":[{"taxonomy":"product_brand","embeddable":true,"href":"https:\/\/medicinasinc.com\/fi\/wp-json\/wp\/v2\/product_brand?post=5685"},{"taxonomy":"product_cat","embeddable":true,"href":"https:\/\/medicinasinc.com\/fi\/wp-json\/wp\/v2\/product_cat?post=5685"},{"taxonomy":"product_tag","embeddable":true,"href":"https:\/\/medicinasinc.com\/fi\/wp-json\/wp\/v2\/product_tag?post=5685"}],"curies":[{"name":"wp","href":"https:\/\/api.w.org\/{rel}","templated":true}]}}