{"id":5684,"date":"2022-02-22T04:10:18","date_gmt":"2022-02-22T04:10:18","guid":{"rendered":"https:\/\/medicinasinc.com\/fi\/?post_type=product&#038;p=5684"},"modified":"2022-03-22T00:51:19","modified_gmt":"2022-03-22T00:51:19","slug":"osta-mmb-2201-jauhe","status":"publish","type":"product","link":"https:\/\/medicinasinc.com\/fi\/product\/osta-mmb-2201-jauhe\/","title":{"rendered":"Osta MMB-2201-jauhe"},"content":{"rendered":"<p>MDMB-2201 Drug on huippuluokan tutkimuskemikaali, jonka voit hankkia verkosta kohtuulliseen hintaan. Luotettu toimittaja bestglobalmed.com tarjoaa 5F-MDMB-2201:n alennushintaan. MMB-2201 on design-huumeena ja aktiivisena ainesosana syntetisoiduissa kannabissekoituksissa vahva indoli-3-karboksamidipohjainen synteettinen kannabinoidi.<\/p>\n<p>Indoli-3-karboksamidipohjainen synteettinen kannabinoidi MMB-2201 ( tunnetaan my\u00f6s nimell\u00e4 5F-MMB-PICA, 5F-AMB-PICA ja I-AMB) on mainostettu design-huumeena ja synteettisten kannabissekoitusten ainesosana. Se ilmoitettiin ensimm\u00e4isen kerran Ven\u00e4j\u00e4ll\u00e4 ja Valko-Ven\u00e4j\u00e4ll\u00e4 tammikuussa 2014, ja sen j\u00e4lkeen se on myyty moniin muihin maihin. 5F-AMB:n indoliydinvastine on t\u00e4m\u00e4 yhdiste. synteettiset kannabisyhdisteet, joissa on N-1-metoksikarbonyyliryhm\u00e4, joka sis\u00e4lt\u00e4\u00e4 indoli-3-karboksamidiytimen tai indatsoli-3-karboksamidiytimen sek\u00e4 isopropyyli- tai t-butyylisubstituentin, ovat osoittautuneet huomattavasti haitallisempia kuin vanhempi synteettinen kannabinoidi yhdisteet<\/p>\n<p>Synteettinen kannabinoidi 5F-MDMB-2201 on eritt\u00e4in samanlainen kuin MMB-2201 (indatsoliperhe). Sek\u00e4 CB1- ett\u00e4 CB2-reseptoreissa 5F-MDMB-2201:ll\u00e4 on merkitt\u00e4v\u00e4 vaikutus (agonismi).<\/p>\n<p>Metabolian nimi: Metyyli-2-metyyli-1H-indoli-3-karboksamidodimetyylibutaani<\/p>\n<p>MMB-2201 on indoli-3-karboksamidipohjainen synteettinen kannabinoidi design-l\u00e4\u00e4kkeen\u00e4 ja vaikuttavana aineena synteettisiss\u00e4 kannabissekoituksissa.<\/p>\n<p>889493-21-2 CAS-numero<\/p>\n<p>C21H29FN2O3 on kemiallinen kaava.<\/p>\n<p>V\u00e4hint\u00e4\u00e4n 99,7 prosentin puhtaus<\/p>\n<p>376,49 on molekyylipaino<\/p>\n<p>Kiteiden\/jauheen ulkon\u00e4k\u00f6<\/p>\n<p> Indoli-3-karboksamidipohjainen synteettinen kannabinoidi MMB-2201 (tunnetaan my\u00f6s nimell\u00e4 5F-MMB-PICA, 5F-AMB-PICA ja I-AMB) on suunnittelijal\u00e4\u00e4ke ja aktiivinen ainesosa synteettisiss\u00e4 kannabissekoituksissa. Vaikka se ilmoitettiin alun perin Ven\u00e4j\u00e4ll\u00e4 ja Valko-Ven\u00e4j\u00e4ll\u00e4 t\u00e4m\u00e4n vuoden tammikuussa, se on sittemmin tullut myyntiin useissa muissa maissa. 5F-indoli AMB:n ydinvastine l\u00f6ytyy t\u00e4st\u00e4 yhdisteest\u00e4. On havaittu, ett\u00e4 uudemmat synteettiset kannabisyhdisteet, joissa on indoli-3-karboksamidi- tai indatsoli-3-karboksamidiydin ja N-1-metoksikarbonyyliryhm\u00e4 liitettyn\u00e4 isopropyyli- tai t-butyylisubstituenttiin, ovat paljon haitallisempia kuin vanhemmat synteettiset kannabinoidiyhdisteet. &#8211;<\/p>\n<p>Synteettinen kannabinoidi 5F-MDMB-2201 on eritt\u00e4in samanlainen kuin MMB-2201 (indatsoliperhe). Sek\u00e4 CB1- ett\u00e4 CB2-reseptorit ovat eritt\u00e4in antagonistisia 5F-MDMB-2201:lle.<\/p>\n<p>Metabolinen nimi: Metyyli-2-metyyli-1H-indoli-3-karboksamidodimetyylibutaani.<\/p>\n<p>Aivan designl\u00e4\u00e4ketiede ja aktiivinen ainesosa synteettisiss\u00e4 kannabissekoituksissa, MMB-2201 on indoli-3-karboksamidipohjainen synteettinen kannabinoidi.<\/p>\n<p>889493-21-2 CAS-numero<\/p>\n<p>C21H29FN2O3 on kemiallinen kaava .<\/p>\n<p>V\u00e4hint\u00e4\u00e4n 99,7 prosentin puhtaus<\/p>\n<p>376,49 on molekyylipaino<\/p>\n<p>Kiteet ja jauhe<\/p>\n","protected":false},"excerpt":{"rendered":"<p>Osta MMB-2201-jauhetta myyt\u00e4v\u00e4ksi Isossa-Britanniassa, Euroopassa, AU:ssa. Tarjoamme luotettavimman kaupank\u00e4ynnin ja myymme eritt\u00e4in edulliseen hintaan. Tilaa MMB-2201 Powder nyt parhaaseen hintaan<\/p>\n<p>Osta verkosta MMB-2201 Powder Pure Online. MMB-2201-jauhe on my\u00f6s: 5F-MMB-PICA, 5F-AMB-PICA tai I-AMB.<\/p>\n<p>5CAKB48 MMB022,\u00a0<em>MPHP2201<\/em>\u00a0eritt\u00e4in puhdasta ja keltaista\u00a0<em>jauhetta<\/em>\u00a0verkossa &#8230; <em>Mmbfub<\/em>,\u00a0<em>Mphp2201<\/em>, 5f-mdmb-<em>2201<\/em>, 5feapb\/5feapb, Mmb022, 4-cdc, Fub144,\u00a0<em>Fub2201<\/em> &gt;.<\/p>\n<p><em>Osta<\/em>\u00a05F MDMB verkosta &#8211; Voit tilata 5F-MDMB-<em>2201-jauhetta<\/em> halvalla hinnalla &#8230; 5F MDMB\u00a0<em>2201<\/em>\u00a0Crystals tunnetaan my\u00f6s nimell\u00e4 5F-<em>MMB<\/em>-PICA, 5F-AMB-PICA ja I-AMB.<\/p>\n<p>&nbsp;<\/p>\n<p> p&gt;<\/p>\n","protected":false},"featured_media":5695,"comment_status":"open","ping_status":"closed","template":"","meta":[],"product_brand":[],"product_cat":[2596],"product_tag":[2600,2616,2601,2604,2605,2606,2607,2609,2612,2613,2608,2614,2611,2610,2602,2603,2615,2619,2631,2622,2620,2621,3564,3563,2629,2625,2626,2628,2627],"class_list":{"0":"post-5684","1":"product","2":"type-product","3":"status-publish","4":"has-post-thumbnail","6":"product_cat-kannabinoidit-myynniss","7":"product_tag-5f-mdmb-2201","8":"product_tag-5f-mdmb-2201-arvostelu","9":"product_tag-5f-mdmb-2201-cannabinoids","10":"product_tag-5f-mdmb-2201-for-sale-online","11":"product_tag-5f-mdmb-2201-jauhe","12":"product_tag-5f-mdmb-2201-jauhe-australia","13":"product_tag-5f-mdmb-2201-jauhe-kanada","14":"product_tag-5f-mdmb-2201-jauhe-myynniss","15":"product_tag-5f-mdmb-2201-jauhe-uk","16":"product_tag-5f-mdmb-2201-jauhe-usa","17":"product_tag-5f-mdmb-2201-jauheannostelu","18":"product_tag-5f-mdmb-2201-jauheen-myyj","19":"product_tag-5f-mdmb-2201-jauheen-toimittaja","20":"product_tag-5f-mdmb-2201-jauhe-arvostelu","21":"product_tag-5f-mdmb-2201-kannabinoidit-myynniss","22":"product_tag-5f-mdmb-2201-myydn","23":"product_tag-5f-mdmb-2201-reddit","24":"product_tag-buy-5f-mdmb-2201","25":"product_tag-mist-ostaa-5f-mdmb-2201","26":"product_tag-osta-5f-mdmb-2201-jauhe-verkossa","27":"product_tag-osta-5f-mdmb-2201-kannabinoidit","28":"product_tag-osta-5f-mdmb-2201-verkosta","29":"product_tag-poista-termi-5f-mdmb-2201-5f-mdmb-2201-jauhe-myynniss","30":"product_tag-poista-termi-5f-mdmb-2201-5f-mdmb-2201-effect","31":"product_tag-puhdasta-5f-mdmb-2201-jauhetta","32":"product_tag-mail-5f-mdmb-2201","33":"product_tag-tilaus-5f-mdmb-2201","34":"product_tag-tilaus-5f-mdmb-2201-jauhe","35":"product_tag-tilaa-5f-mdmb-2201-online","37":"first","38":"instock","39":"shipping-taxable","40":"purchasable","41":"product-type-variable","42":"has-default-attributes"},"yoast_head":"<!-- This site is optimized with the Yoast SEO plugin v27.3 - https:\/\/yoast.com\/product\/yoast-seo-wordpress\/ -->\n<title>Osta MMB-2201-jauhe - MMB-2201 myyt\u00e4v\u00e4n\u00e4 - Best Global Meds<\/title>\n<meta name=\"description\" content=\"Osta MMB-2201-jauhetta myyt\u00e4v\u00e4n\u00e4 Isossa-Britanniassa, Euroopassa, AU:ssa. Tarjoamme luotettavimman kaupank\u00e4ynnin ja myymme eritt\u00e4in edulliseen hintaan. Tilaa MMB-2201 Powder nyt parhaaseen hintaan\" \/>\n<meta name=\"robots\" content=\"index, follow, max-snippet:-1, max-image-preview:large, max-video-preview:-1\" \/>\n<link rel=\"canonical\" href=\"https:\/\/medicinasinc.com\/fi\/product\/osta-mmb-2201-jauhe\/\" \/>\n<meta property=\"og:locale\" content=\"en_US\" \/>\n<meta property=\"og:type\" content=\"article\" \/>\n<meta property=\"og:title\" content=\"Osta MMB-2201-jauhe - MMB-2201 myyt\u00e4v\u00e4n\u00e4 - Best Global Meds\" \/>\n<meta property=\"og:description\" content=\"Osta MMB-2201-jauhetta myyt\u00e4v\u00e4n\u00e4 Isossa-Britanniassa, Euroopassa, AU:ssa. Tarjoamme luotettavimman kaupank\u00e4ynnin ja myymme eritt\u00e4in edulliseen hintaan. Tilaa MMB-2201 Powder nyt parhaaseen hintaan\" \/>\n<meta property=\"og:url\" content=\"https:\/\/medicinasinc.com\/fi\/product\/osta-mmb-2201-jauhe\/\" \/>\n<meta property=\"og:site_name\" content=\"Medicinas Inc\" \/>\n<meta property=\"article:modified_time\" content=\"2022-03-22T00:51:19+00:00\" \/>\n<meta property=\"og:image\" content=\"https:\/\/medicinasinc.com\/fi\/wp-content\/uploads\/sites\/12\/2022\/02\/Buy-MMB-2201-Powder.jpg\" \/>\n\t<meta property=\"og:image:width\" content=\"600\" \/>\n\t<meta property=\"og:image:height\" content=\"600\" \/>\n\t<meta property=\"og:image:type\" content=\"image\/jpeg\" \/>\n<meta name=\"twitter:card\" content=\"summary_large_image\" \/>\n<meta name=\"twitter:label1\" content=\"Est. reading time\" \/>\n\t<meta name=\"twitter:data1\" content=\"2 minutes\" \/>\n<script type=\"application\/ld+json\" class=\"yoast-schema-graph\">{\"@context\":\"https:\\\/\\\/schema.org\",\"@graph\":[{\"@type\":\"WebPage\",\"@id\":\"https:\\\/\\\/medicinasinc.com\\\/fi\\\/product\\\/osta-mmb-2201-jauhe\\\/\",\"url\":\"https:\\\/\\\/medicinasinc.com\\\/fi\\\/product\\\/osta-mmb-2201-jauhe\\\/\",\"name\":\"Osta MMB-2201-jauhe - MMB-2201 myyt\u00e4v\u00e4n\u00e4 - Best Global Meds\",\"isPartOf\":{\"@id\":\"https:\\\/\\\/medicinasinc.com\\\/fi\\\/#website\"},\"primaryImageOfPage\":{\"@id\":\"https:\\\/\\\/medicinasinc.com\\\/fi\\\/product\\\/osta-mmb-2201-jauhe\\\/#primaryimage\"},\"image\":{\"@id\":\"https:\\\/\\\/medicinasinc.com\\\/fi\\\/product\\\/osta-mmb-2201-jauhe\\\/#primaryimage\"},\"thumbnailUrl\":\"https:\\\/\\\/medicinasinc.com\\\/fi\\\/wp-content\\\/uploads\\\/sites\\\/12\\\/2022\\\/02\\\/Buy-MMB-2201-Powder.jpg\",\"datePublished\":\"2022-02-22T04:10:18+00:00\",\"dateModified\":\"2022-03-22T00:51:19+00:00\",\"description\":\"Osta MMB-2201-jauhetta myyt\u00e4v\u00e4n\u00e4 Isossa-Britanniassa, Euroopassa, AU:ssa. Tarjoamme luotettavimman kaupank\u00e4ynnin ja myymme eritt\u00e4in edulliseen hintaan. Tilaa MMB-2201 Powder nyt parhaaseen hintaan\",\"breadcrumb\":{\"@id\":\"https:\\\/\\\/medicinasinc.com\\\/fi\\\/product\\\/osta-mmb-2201-jauhe\\\/#breadcrumb\"},\"inLanguage\":\"en-US\",\"potentialAction\":[{\"@type\":\"ReadAction\",\"target\":[\"https:\\\/\\\/medicinasinc.com\\\/fi\\\/product\\\/osta-mmb-2201-jauhe\\\/\"]}]},{\"@type\":\"ImageObject\",\"inLanguage\":\"en-US\",\"@id\":\"https:\\\/\\\/medicinasinc.com\\\/fi\\\/product\\\/osta-mmb-2201-jauhe\\\/#primaryimage\",\"url\":\"https:\\\/\\\/medicinasinc.com\\\/fi\\\/wp-content\\\/uploads\\\/sites\\\/12\\\/2022\\\/02\\\/Buy-MMB-2201-Powder.jpg\",\"contentUrl\":\"https:\\\/\\\/medicinasinc.com\\\/fi\\\/wp-content\\\/uploads\\\/sites\\\/12\\\/2022\\\/02\\\/Buy-MMB-2201-Powder.jpg\",\"width\":600,\"height\":600},{\"@type\":\"BreadcrumbList\",\"@id\":\"https:\\\/\\\/medicinasinc.com\\\/fi\\\/product\\\/osta-mmb-2201-jauhe\\\/#breadcrumb\",\"itemListElement\":[{\"@type\":\"ListItem\",\"position\":1,\"name\":\"Myym\u00e4l\u00e4\",\"item\":\"https:\\\/\\\/medicinasinc.com\\\/fi\\\/myymala\\\/\"},{\"@type\":\"ListItem\",\"position\":2,\"name\":\"Osta MMB-2201-jauhe\"}]},{\"@type\":\"WebSite\",\"@id\":\"https:\\\/\\\/medicinasinc.com\\\/fi\\\/#website\",\"url\":\"https:\\\/\\\/medicinasinc.com\\\/fi\\\/\",\"name\":\"Medicinas Inc\",\"description\":\"Health Medical Clinic\",\"potentialAction\":[{\"@type\":\"SearchAction\",\"target\":{\"@type\":\"EntryPoint\",\"urlTemplate\":\"https:\\\/\\\/medicinasinc.com\\\/fi\\\/?s={search_term_string}\"},\"query-input\":{\"@type\":\"PropertyValueSpecification\",\"valueRequired\":true,\"valueName\":\"search_term_string\"}}],\"inLanguage\":\"en-US\"}]}<\/script>\n<!-- \/ Yoast SEO plugin. -->","yoast_head_json":{"title":"Osta MMB-2201-jauhe - MMB-2201 myyt\u00e4v\u00e4n\u00e4 - Best Global Meds","description":"Osta MMB-2201-jauhetta myyt\u00e4v\u00e4n\u00e4 Isossa-Britanniassa, Euroopassa, AU:ssa. Tarjoamme luotettavimman kaupank\u00e4ynnin ja myymme eritt\u00e4in edulliseen hintaan. Tilaa MMB-2201 Powder nyt parhaaseen hintaan","robots":{"index":"index","follow":"follow","max-snippet":"max-snippet:-1","max-image-preview":"max-image-preview:large","max-video-preview":"max-video-preview:-1"},"canonical":"https:\/\/medicinasinc.com\/fi\/product\/osta-mmb-2201-jauhe\/","og_locale":"en_US","og_type":"article","og_title":"Osta MMB-2201-jauhe - MMB-2201 myyt\u00e4v\u00e4n\u00e4 - Best Global Meds","og_description":"Osta MMB-2201-jauhetta myyt\u00e4v\u00e4n\u00e4 Isossa-Britanniassa, Euroopassa, AU:ssa. Tarjoamme luotettavimman kaupank\u00e4ynnin ja myymme eritt\u00e4in edulliseen hintaan. Tilaa MMB-2201 Powder nyt parhaaseen hintaan","og_url":"https:\/\/medicinasinc.com\/fi\/product\/osta-mmb-2201-jauhe\/","og_site_name":"Medicinas Inc","article_modified_time":"2022-03-22T00:51:19+00:00","og_image":[{"width":600,"height":600,"url":"https:\/\/medicinasinc.com\/fi\/wp-content\/uploads\/sites\/12\/2022\/02\/Buy-MMB-2201-Powder.jpg","type":"image\/jpeg"}],"twitter_card":"summary_large_image","twitter_misc":{"Est. reading time":"2 minutes"},"schema":{"@context":"https:\/\/schema.org","@graph":[{"@type":"WebPage","@id":"https:\/\/medicinasinc.com\/fi\/product\/osta-mmb-2201-jauhe\/","url":"https:\/\/medicinasinc.com\/fi\/product\/osta-mmb-2201-jauhe\/","name":"Osta MMB-2201-jauhe - MMB-2201 myyt\u00e4v\u00e4n\u00e4 - Best Global Meds","isPartOf":{"@id":"https:\/\/medicinasinc.com\/fi\/#website"},"primaryImageOfPage":{"@id":"https:\/\/medicinasinc.com\/fi\/product\/osta-mmb-2201-jauhe\/#primaryimage"},"image":{"@id":"https:\/\/medicinasinc.com\/fi\/product\/osta-mmb-2201-jauhe\/#primaryimage"},"thumbnailUrl":"https:\/\/medicinasinc.com\/fi\/wp-content\/uploads\/sites\/12\/2022\/02\/Buy-MMB-2201-Powder.jpg","datePublished":"2022-02-22T04:10:18+00:00","dateModified":"2022-03-22T00:51:19+00:00","description":"Osta MMB-2201-jauhetta myyt\u00e4v\u00e4n\u00e4 Isossa-Britanniassa, Euroopassa, AU:ssa. Tarjoamme luotettavimman kaupank\u00e4ynnin ja myymme eritt\u00e4in edulliseen hintaan. Tilaa MMB-2201 Powder nyt parhaaseen hintaan","breadcrumb":{"@id":"https:\/\/medicinasinc.com\/fi\/product\/osta-mmb-2201-jauhe\/#breadcrumb"},"inLanguage":"en-US","potentialAction":[{"@type":"ReadAction","target":["https:\/\/medicinasinc.com\/fi\/product\/osta-mmb-2201-jauhe\/"]}]},{"@type":"ImageObject","inLanguage":"en-US","@id":"https:\/\/medicinasinc.com\/fi\/product\/osta-mmb-2201-jauhe\/#primaryimage","url":"https:\/\/medicinasinc.com\/fi\/wp-content\/uploads\/sites\/12\/2022\/02\/Buy-MMB-2201-Powder.jpg","contentUrl":"https:\/\/medicinasinc.com\/fi\/wp-content\/uploads\/sites\/12\/2022\/02\/Buy-MMB-2201-Powder.jpg","width":600,"height":600},{"@type":"BreadcrumbList","@id":"https:\/\/medicinasinc.com\/fi\/product\/osta-mmb-2201-jauhe\/#breadcrumb","itemListElement":[{"@type":"ListItem","position":1,"name":"Myym\u00e4l\u00e4","item":"https:\/\/medicinasinc.com\/fi\/myymala\/"},{"@type":"ListItem","position":2,"name":"Osta MMB-2201-jauhe"}]},{"@type":"WebSite","@id":"https:\/\/medicinasinc.com\/fi\/#website","url":"https:\/\/medicinasinc.com\/fi\/","name":"Medicinas Inc","description":"Health Medical Clinic","potentialAction":[{"@type":"SearchAction","target":{"@type":"EntryPoint","urlTemplate":"https:\/\/medicinasinc.com\/fi\/?s={search_term_string}"},"query-input":{"@type":"PropertyValueSpecification","valueRequired":true,"valueName":"search_term_string"}}],"inLanguage":"en-US"}]}},"_links":{"self":[{"href":"https:\/\/medicinasinc.com\/fi\/wp-json\/wp\/v2\/product\/5684","targetHints":{"allow":["GET"]}}],"collection":[{"href":"https:\/\/medicinasinc.com\/fi\/wp-json\/wp\/v2\/product"}],"about":[{"href":"https:\/\/medicinasinc.com\/fi\/wp-json\/wp\/v2\/types\/product"}],"replies":[{"embeddable":true,"href":"https:\/\/medicinasinc.com\/fi\/wp-json\/wp\/v2\/comments?post=5684"}],"wp:featuredmedia":[{"embeddable":true,"href":"https:\/\/medicinasinc.com\/fi\/wp-json\/wp\/v2\/media\/5695"}],"wp:attachment":[{"href":"https:\/\/medicinasinc.com\/fi\/wp-json\/wp\/v2\/media?parent=5684"}],"wp:term":[{"taxonomy":"product_brand","embeddable":true,"href":"https:\/\/medicinasinc.com\/fi\/wp-json\/wp\/v2\/product_brand?post=5684"},{"taxonomy":"product_cat","embeddable":true,"href":"https:\/\/medicinasinc.com\/fi\/wp-json\/wp\/v2\/product_cat?post=5684"},{"taxonomy":"product_tag","embeddable":true,"href":"https:\/\/medicinasinc.com\/fi\/wp-json\/wp\/v2\/product_tag?post=5684"}],"curies":[{"name":"wp","href":"https:\/\/api.w.org\/{rel}","templated":true}]}}