{"id":5682,"date":"2022-02-22T04:07:27","date_gmt":"2022-02-22T04:07:27","guid":{"rendered":"https:\/\/medicinasinc.com\/fi\/?post_type=product&#038;p=5682"},"modified":"2022-03-22T00:51:32","modified_gmt":"2022-03-22T00:51:32","slug":"osta-ei-sonni-kylpysuolaa","status":"publish","type":"product","link":"https:\/\/medicinasinc.com\/fi\/product\/osta-ei-sonni-kylpysuolaa\/","title":{"rendered":"\u00c4l\u00e4 osta Bull Bath Salt -suolaa"},"content":{"rendered":"<p>Varaa stressi\u00e4 lievitt\u00e4vi\u00e4 kylpysuoloja<\/p>\n<p>Alennuksessa on kylpysuoloja, jotka eiv\u00e4t sis\u00e4ll\u00e4 h\u00e4rk\u00e4\u00e4. Varmistaaksemme, ett\u00e4 sinulla on rentouttava, aistillinen kylpy, tarjoamme korkealaatuisia kylpytuotteita, kuten kylpysuoloja. Kun ostat kylpysuoloja verkosta meilt\u00e4, \u200b\u200bvoit olla varma, ett\u00e4 saat parhaan mahdollisen tuotteen. Muita kylpysuolatiivisteit\u00e4 on myynniss\u00e4 kohtuullisin kustannuksin tukku- ja v\u00e4hitt\u00e4ismyyntitoimintojemme kautta.<\/p>\n<p>Kaikki on kyse tuotteistamme<\/p>\n<p>No-Bull-kylpysuolapitoinen liotus antaa sinulle virkeyden. , energinen ja euforinen. Vaatimaton bitti riitt\u00e4\u00e4 merkitt\u00e4v\u00e4\u00e4n vaikutukseen. Vaihtoehtoisesti laita pieni m\u00e4\u00e4r\u00e4 kuumaan kylpyyn, niin tunnet olosi nuorennetuksi ja hurmioituneeksi. T\u00e4st\u00e4 huolimatta monet ihmiset k\u00e4ytt\u00e4v\u00e4t sit\u00e4 j\u00e4ljittelem\u00e4\u00e4n aitoja kuumia l\u00e4hteit\u00e4, joita l\u00f6ytyy Kreikan rannikolta. Huomaa: Tuotteemme on tehokas kylpysuola meditaatioon. K\u00e4yt\u00e4 aluksi vain pieni m\u00e4\u00e4r\u00e4, jotta kylpyvesi ei muutu liian sameaksi. Oikein k\u00e4ytettyn\u00e4 No Bull Bath Salts voi kuitenkin auttaa sinua valloittamaan aiemmin ylitsep\u00e4\u00e4sem\u00e4tt\u00f6mi\u00e4 korkeuksia.<\/p>\n<p>MUITA KOKEITA<br \/> Ivory Wave Recharge -kylpysuolat 500 mg, White Girl 500 mg tiivistetyt kylpysuolat, Tranquility-tiivistetyt kylpysuolat Suolat 500 mg ja X Rated Bath Salts 500 mg ovat joitain kylpysuoloja, joita toimitamme.<br \/> Kylpysuolat tiivistetyt Ivory Smooth 500 mg<br \/> Kylpysuolat 50 mg Blue Wave<br \/> Pure Bath Salt &#8211; Blue Silk, 500 mg <br \/> 500 mg Bolivian kylpysuoloja<br \/> Rave On Bath Salt Tranquility 500 mg tiivistettyj\u00e4 kylpysuoloja G Pheonixilta.<br \/> 500 milligrammaa Eight Ballz -kylpysuolaa.<br \/> WC-SUOLAT, 1 GRAMM, HOLLYWOOD br \/&gt; Diamond Dust \u2013 500 milligrammaa<br \/> 500 milligrammaa Drone V Fun Powder -jauhetta<br \/> Black Diamondin uutuusjauhe Black Diamond<br \/> Novelty-jauhepumppu-it -jauhe 500 mg Eight Ballz<br \/> 500 mg valkoista Rush Bath Salts.<br \/> 400g Pure Bath Salts Ivory Wave Ultra<br \/> Salts of the Wave 500mg Ivory<br \/> 500mg Lady Bubbles Bath Salts.<br \/> 50 0mg Cloud 9 kylpysuolaa<br \/> jauhe 500mg Heavenly Soak &#8211; Euforinen &#8211; uutuus<br \/> Energy &#8211; Novelty Powder 500 mg Heavenly Soakista<br \/> The Sky &#8211; Novelty Powder &#8211; 500 mg<br \/> Novelty Powder, 500m Mollyn sekoitus<\/p>\n","protected":false},"excerpt":{"rendered":"<p>Huippulaatuinen tiivistetty kylpysuola.<\/p>\n<p>100 % maailmanlaajuisesti lakiasiat<\/p>\n<p><em>Osta<\/em>\u00a0White Girl\u00a0<em>kylpysuolat<\/em>\u00a0valtuutetulta toimittajalta . Huippuluokan puhtaus, reilut hinnat, taattu nopea toimitus, hyvitys-\/palautusk\u00e4yt\u00e4nt\u00f6, loistava asiakaspalvelu.<\/p>\n<p>Maksatko liikaa\u00a0<em>ei<\/em>&#8211;<em>h\u00e4rk\u00e4kylpysuoloista<\/em>\u00a0verkossa? <em>\u00c4l\u00e4 osta<\/em>&#8211;<em>h\u00e4rk\u00e4kylpysuoloja<\/em> verkossa Best Global Medsist\u00e4. <em>Tied\u00e4<\/em>\u00a0<em>no<\/em>&#8211;<em>sonnikylpysuolat<\/em>\u00a0alennushinnoista.<\/p>\n<p><em>Osta No Bull Bath Salt<\/em>\u00a0Verkossa parhaaseen hintaan. Takaamme turvallisen toimituksen maailmanlaajuisesti.<\/p>\n","protected":false},"featured_media":5693,"comment_status":"open","ping_status":"closed","template":"","meta":[],"product_brand":[],"product_cat":[2014],"product_tag":[3548,3549,3550,3556,3554,3552,3553,3551,3562,3555,3558,3557,3559,3560,3561],"class_list":{"0":"post-5682","1":"product","2":"type-product","3":"status-publish","4":"has-post-thumbnail","6":"product_cat-osta-tutkimus-kemikaaleja","7":"product_tag-buy-no-bull-bath-salt","8":"product_tag-buy-no-bull-powder-cleaner-1000mg-bath-salt-online","9":"product_tag-buy-no-bull-bath-salts-online","10":"product_tag-ei-sonni-kylpy-suolamyynti","11":"product_tag-ei-sonni-kylpy-suola-jrjestys","12":"product_tag-ei-hrkkylpy-suolavaikutus","13":"product_tag-no-bull-bath-salt-google","14":"product_tag-ei-sonni-kylpy-suolaa-osta","15":"product_tag-mist-osta-ei-sonni-kylpysuolat","16":"product_tag-no-bull-bath-salt-reddit","17":"product_tag-no-bull-powder-cleaner-1000mg-bath-salt-online","18":"product_tag-no-bull-jauhe-puhdistusaine-1000mg-kylpysuolaa","19":"product_tag-ei-sonni-kylpysuolat","20":"product_tag-ei-sonni-kylpysuolat-myynniss","21":"product_tag-tilaa-ei-sonni-kylpysuolat-verkosta","23":"first","24":"instock","25":"shipping-taxable","26":"purchasable","27":"product-type-variable","28":"has-default-attributes"},"yoast_head":"<!-- This site is optimized with the Yoast SEO plugin v27.3 - https:\/\/yoast.com\/product\/yoast-seo-wordpress\/ -->\n<title>Osta No Bull Bath Salt - No Bull Bath Salt Online - Parhaat maailmanlaajuiset l\u00e4\u00e4kkeet<\/title>\n<meta name=\"description\" content=\"Osta No Bull Bath Salt for Sale Iso-Britanniassa, Euroopassa, AU:ssa. Tarjoamme luotettavimman kaupank\u00e4ynnin ja myymme eritt\u00e4in edulliseen hintaan. Tilaa No Bull Bath Salt nyt parhaaseen hintaan\" \/>\n<meta name=\"robots\" content=\"index, follow, max-snippet:-1, max-image-preview:large, max-video-preview:-1\" \/>\n<link rel=\"canonical\" href=\"https:\/\/medicinasinc.com\/fi\/product\/osta-ei-sonni-kylpysuolaa\/\" \/>\n<meta property=\"og:locale\" content=\"en_US\" \/>\n<meta property=\"og:type\" content=\"article\" \/>\n<meta property=\"og:title\" content=\"Osta No Bull Bath Salt - No Bull Bath Salt Online - Parhaat maailmanlaajuiset l\u00e4\u00e4kkeet\" \/>\n<meta property=\"og:description\" content=\"Osta No Bull Bath Salt for Sale Iso-Britanniassa, Euroopassa, AU:ssa. Tarjoamme luotettavimman kaupank\u00e4ynnin ja myymme eritt\u00e4in edulliseen hintaan. Tilaa No Bull Bath Salt nyt parhaaseen hintaan\" \/>\n<meta property=\"og:url\" content=\"https:\/\/medicinasinc.com\/fi\/product\/osta-ei-sonni-kylpysuolaa\/\" \/>\n<meta property=\"og:site_name\" content=\"Medicinas Inc\" \/>\n<meta property=\"article:modified_time\" content=\"2022-03-22T00:51:32+00:00\" \/>\n<meta property=\"og:image\" content=\"https:\/\/medicinasinc.com\/fi\/wp-content\/uploads\/sites\/12\/2022\/02\/Buy-No-Bull-Bath-Salt.jpg\" \/>\n\t<meta property=\"og:image:width\" content=\"600\" \/>\n\t<meta property=\"og:image:height\" content=\"600\" \/>\n\t<meta property=\"og:image:type\" content=\"image\/jpeg\" \/>\n<meta name=\"twitter:card\" content=\"summary_large_image\" \/>\n<meta name=\"twitter:label1\" content=\"Est. reading time\" \/>\n\t<meta name=\"twitter:data1\" content=\"2 minutes\" \/>\n<script type=\"application\/ld+json\" class=\"yoast-schema-graph\">{\"@context\":\"https:\\\/\\\/schema.org\",\"@graph\":[{\"@type\":\"WebPage\",\"@id\":\"https:\\\/\\\/medicinasinc.com\\\/fi\\\/product\\\/osta-ei-sonni-kylpysuolaa\\\/\",\"url\":\"https:\\\/\\\/medicinasinc.com\\\/fi\\\/product\\\/osta-ei-sonni-kylpysuolaa\\\/\",\"name\":\"Osta No Bull Bath Salt - No Bull Bath Salt Online - Parhaat maailmanlaajuiset l\u00e4\u00e4kkeet\",\"isPartOf\":{\"@id\":\"https:\\\/\\\/medicinasinc.com\\\/fi\\\/#website\"},\"primaryImageOfPage\":{\"@id\":\"https:\\\/\\\/medicinasinc.com\\\/fi\\\/product\\\/osta-ei-sonni-kylpysuolaa\\\/#primaryimage\"},\"image\":{\"@id\":\"https:\\\/\\\/medicinasinc.com\\\/fi\\\/product\\\/osta-ei-sonni-kylpysuolaa\\\/#primaryimage\"},\"thumbnailUrl\":\"https:\\\/\\\/medicinasinc.com\\\/fi\\\/wp-content\\\/uploads\\\/sites\\\/12\\\/2022\\\/02\\\/Buy-No-Bull-Bath-Salt.jpg\",\"datePublished\":\"2022-02-22T04:07:27+00:00\",\"dateModified\":\"2022-03-22T00:51:32+00:00\",\"description\":\"Osta No Bull Bath Salt for Sale Iso-Britanniassa, Euroopassa, AU:ssa. Tarjoamme luotettavimman kaupank\u00e4ynnin ja myymme eritt\u00e4in edulliseen hintaan. Tilaa No Bull Bath Salt nyt parhaaseen hintaan\",\"breadcrumb\":{\"@id\":\"https:\\\/\\\/medicinasinc.com\\\/fi\\\/product\\\/osta-ei-sonni-kylpysuolaa\\\/#breadcrumb\"},\"inLanguage\":\"en-US\",\"potentialAction\":[{\"@type\":\"ReadAction\",\"target\":[\"https:\\\/\\\/medicinasinc.com\\\/fi\\\/product\\\/osta-ei-sonni-kylpysuolaa\\\/\"]}]},{\"@type\":\"ImageObject\",\"inLanguage\":\"en-US\",\"@id\":\"https:\\\/\\\/medicinasinc.com\\\/fi\\\/product\\\/osta-ei-sonni-kylpysuolaa\\\/#primaryimage\",\"url\":\"https:\\\/\\\/medicinasinc.com\\\/fi\\\/wp-content\\\/uploads\\\/sites\\\/12\\\/2022\\\/02\\\/Buy-No-Bull-Bath-Salt.jpg\",\"contentUrl\":\"https:\\\/\\\/medicinasinc.com\\\/fi\\\/wp-content\\\/uploads\\\/sites\\\/12\\\/2022\\\/02\\\/Buy-No-Bull-Bath-Salt.jpg\",\"width\":600,\"height\":600},{\"@type\":\"BreadcrumbList\",\"@id\":\"https:\\\/\\\/medicinasinc.com\\\/fi\\\/product\\\/osta-ei-sonni-kylpysuolaa\\\/#breadcrumb\",\"itemListElement\":[{\"@type\":\"ListItem\",\"position\":1,\"name\":\"Myym\u00e4l\u00e4\",\"item\":\"https:\\\/\\\/medicinasinc.com\\\/fi\\\/myymala\\\/\"},{\"@type\":\"ListItem\",\"position\":2,\"name\":\"\u00c4l\u00e4 osta Bull Bath Salt -suolaa\"}]},{\"@type\":\"WebSite\",\"@id\":\"https:\\\/\\\/medicinasinc.com\\\/fi\\\/#website\",\"url\":\"https:\\\/\\\/medicinasinc.com\\\/fi\\\/\",\"name\":\"Medicinas Inc\",\"description\":\"Health Medical Clinic\",\"potentialAction\":[{\"@type\":\"SearchAction\",\"target\":{\"@type\":\"EntryPoint\",\"urlTemplate\":\"https:\\\/\\\/medicinasinc.com\\\/fi\\\/?s={search_term_string}\"},\"query-input\":{\"@type\":\"PropertyValueSpecification\",\"valueRequired\":true,\"valueName\":\"search_term_string\"}}],\"inLanguage\":\"en-US\"}]}<\/script>\n<!-- \/ Yoast SEO plugin. -->","yoast_head_json":{"title":"Osta No Bull Bath Salt - No Bull Bath Salt Online - Parhaat maailmanlaajuiset l\u00e4\u00e4kkeet","description":"Osta No Bull Bath Salt for Sale Iso-Britanniassa, Euroopassa, AU:ssa. Tarjoamme luotettavimman kaupank\u00e4ynnin ja myymme eritt\u00e4in edulliseen hintaan. Tilaa No Bull Bath Salt nyt parhaaseen hintaan","robots":{"index":"index","follow":"follow","max-snippet":"max-snippet:-1","max-image-preview":"max-image-preview:large","max-video-preview":"max-video-preview:-1"},"canonical":"https:\/\/medicinasinc.com\/fi\/product\/osta-ei-sonni-kylpysuolaa\/","og_locale":"en_US","og_type":"article","og_title":"Osta No Bull Bath Salt - No Bull Bath Salt Online - Parhaat maailmanlaajuiset l\u00e4\u00e4kkeet","og_description":"Osta No Bull Bath Salt for Sale Iso-Britanniassa, Euroopassa, AU:ssa. Tarjoamme luotettavimman kaupank\u00e4ynnin ja myymme eritt\u00e4in edulliseen hintaan. Tilaa No Bull Bath Salt nyt parhaaseen hintaan","og_url":"https:\/\/medicinasinc.com\/fi\/product\/osta-ei-sonni-kylpysuolaa\/","og_site_name":"Medicinas Inc","article_modified_time":"2022-03-22T00:51:32+00:00","og_image":[{"width":600,"height":600,"url":"https:\/\/medicinasinc.com\/fi\/wp-content\/uploads\/sites\/12\/2022\/02\/Buy-No-Bull-Bath-Salt.jpg","type":"image\/jpeg"}],"twitter_card":"summary_large_image","twitter_misc":{"Est. reading time":"2 minutes"},"schema":{"@context":"https:\/\/schema.org","@graph":[{"@type":"WebPage","@id":"https:\/\/medicinasinc.com\/fi\/product\/osta-ei-sonni-kylpysuolaa\/","url":"https:\/\/medicinasinc.com\/fi\/product\/osta-ei-sonni-kylpysuolaa\/","name":"Osta No Bull Bath Salt - No Bull Bath Salt Online - Parhaat maailmanlaajuiset l\u00e4\u00e4kkeet","isPartOf":{"@id":"https:\/\/medicinasinc.com\/fi\/#website"},"primaryImageOfPage":{"@id":"https:\/\/medicinasinc.com\/fi\/product\/osta-ei-sonni-kylpysuolaa\/#primaryimage"},"image":{"@id":"https:\/\/medicinasinc.com\/fi\/product\/osta-ei-sonni-kylpysuolaa\/#primaryimage"},"thumbnailUrl":"https:\/\/medicinasinc.com\/fi\/wp-content\/uploads\/sites\/12\/2022\/02\/Buy-No-Bull-Bath-Salt.jpg","datePublished":"2022-02-22T04:07:27+00:00","dateModified":"2022-03-22T00:51:32+00:00","description":"Osta No Bull Bath Salt for Sale Iso-Britanniassa, Euroopassa, AU:ssa. Tarjoamme luotettavimman kaupank\u00e4ynnin ja myymme eritt\u00e4in edulliseen hintaan. Tilaa No Bull Bath Salt nyt parhaaseen hintaan","breadcrumb":{"@id":"https:\/\/medicinasinc.com\/fi\/product\/osta-ei-sonni-kylpysuolaa\/#breadcrumb"},"inLanguage":"en-US","potentialAction":[{"@type":"ReadAction","target":["https:\/\/medicinasinc.com\/fi\/product\/osta-ei-sonni-kylpysuolaa\/"]}]},{"@type":"ImageObject","inLanguage":"en-US","@id":"https:\/\/medicinasinc.com\/fi\/product\/osta-ei-sonni-kylpysuolaa\/#primaryimage","url":"https:\/\/medicinasinc.com\/fi\/wp-content\/uploads\/sites\/12\/2022\/02\/Buy-No-Bull-Bath-Salt.jpg","contentUrl":"https:\/\/medicinasinc.com\/fi\/wp-content\/uploads\/sites\/12\/2022\/02\/Buy-No-Bull-Bath-Salt.jpg","width":600,"height":600},{"@type":"BreadcrumbList","@id":"https:\/\/medicinasinc.com\/fi\/product\/osta-ei-sonni-kylpysuolaa\/#breadcrumb","itemListElement":[{"@type":"ListItem","position":1,"name":"Myym\u00e4l\u00e4","item":"https:\/\/medicinasinc.com\/fi\/myymala\/"},{"@type":"ListItem","position":2,"name":"\u00c4l\u00e4 osta Bull Bath Salt -suolaa"}]},{"@type":"WebSite","@id":"https:\/\/medicinasinc.com\/fi\/#website","url":"https:\/\/medicinasinc.com\/fi\/","name":"Medicinas Inc","description":"Health Medical Clinic","potentialAction":[{"@type":"SearchAction","target":{"@type":"EntryPoint","urlTemplate":"https:\/\/medicinasinc.com\/fi\/?s={search_term_string}"},"query-input":{"@type":"PropertyValueSpecification","valueRequired":true,"valueName":"search_term_string"}}],"inLanguage":"en-US"}]}},"_links":{"self":[{"href":"https:\/\/medicinasinc.com\/fi\/wp-json\/wp\/v2\/product\/5682","targetHints":{"allow":["GET"]}}],"collection":[{"href":"https:\/\/medicinasinc.com\/fi\/wp-json\/wp\/v2\/product"}],"about":[{"href":"https:\/\/medicinasinc.com\/fi\/wp-json\/wp\/v2\/types\/product"}],"replies":[{"embeddable":true,"href":"https:\/\/medicinasinc.com\/fi\/wp-json\/wp\/v2\/comments?post=5682"}],"wp:featuredmedia":[{"embeddable":true,"href":"https:\/\/medicinasinc.com\/fi\/wp-json\/wp\/v2\/media\/5693"}],"wp:attachment":[{"href":"https:\/\/medicinasinc.com\/fi\/wp-json\/wp\/v2\/media?parent=5682"}],"wp:term":[{"taxonomy":"product_brand","embeddable":true,"href":"https:\/\/medicinasinc.com\/fi\/wp-json\/wp\/v2\/product_brand?post=5682"},{"taxonomy":"product_cat","embeddable":true,"href":"https:\/\/medicinasinc.com\/fi\/wp-json\/wp\/v2\/product_cat?post=5682"},{"taxonomy":"product_tag","embeddable":true,"href":"https:\/\/medicinasinc.com\/fi\/wp-json\/wp\/v2\/product_tag?post=5682"}],"curies":[{"name":"wp","href":"https:\/\/api.w.org\/{rel}","templated":true}]}}