{"id":5677,"date":"2022-02-22T04:00:21","date_gmt":"2022-02-22T04:00:21","guid":{"rendered":"https:\/\/medicinasinc.com\/fi\/?post_type=product&#038;p=5677"},"modified":"2022-03-22T00:51:40","modified_gmt":"2022-03-22T00:51:40","slug":"osta-metoksetamiini","status":"publish","type":"product","link":"https:\/\/medicinasinc.com\/fi\/product\/osta-metoksetamiini\/","title":{"rendered":"Osta Metoksetamiini"},"content":{"rendered":"<p>Methoxetamine MXE myyt\u00e4v\u00e4n\u00e4 Internetiss\u00e4<\/p>\n<p>Tied\u00e4tk\u00f6 mit\u00e4 se on?<\/p>\n<p>Dissosiatiivinen hallusinogeeni Methoxetamine MXE Online, lyhennettyn\u00e4 MXE, on myyty design-huumeeksi. L\u00e4\u00e4kemarkkinoille luotiin dissosiatiiviset aineet, kuten ketamiini ja fensyklidiini (PCP), jotka oli tarkoitettu l\u00e4\u00e4ketieteelliseen k\u00e4ytt\u00f6\u00f6n anestesia-aineina. Metoksetamiinia voi ostaa verkosta tai paikallisilta myyjilt\u00e4. Myynniss\u00e4 on Methoxetamine MXE -jauhetta, jota voi ostaa edulliseen hintaan tai ostaa irtotavarana korkeammalla hinnalla.<\/p>\n<p>Metoksetamiini (MXE), hallusinogeeni ja anestesia, joka toimii NMDA-reseptorin antagonistina. , liittyy el\u00e4inl\u00e4\u00e4ke ketamiiniin. Metoksetamiinin vaikutusten v\u00e4itet\u00e4\u00e4n olevan voimakkaampia ja pitk\u00e4kestoisempia kuin ketamiinin, joten se on ihanteellinen vaihtoehto opiskelijoille, jotka tekev\u00e4t tutkimusta kyseist\u00e4 ainetta. Metoksetamiinia on saatavilla BAC:lta vain tutkimustarkoituksiin. MXE Methoxetamine Online Ilman Resepti\u00e4<\/p>\n<p>Metoksetamiini on suosittu huume, ja monet ihmiset etsiv\u00e4t tapoja saada se k\u00e4siins\u00e4 poistumatta kotoaan. T\u00e4m\u00e4n seurauksena he vaativat mahdollisimman yksinkertaisia \u200b\u200bmaksu- ja toimitusvaihtoehtoja. He ovat kuitenkin p\u00e4\u00e4asiassa huolissaan j\u00e4\u00e4misest\u00e4 huomaamatta. Voit kuitenkin ostaa metoksetamiinia nimett\u00f6m\u00e4sti ja turvallisesti t\u00e4\u00e4lt\u00e4 l\u00e4hett\u00e4m\u00e4ll\u00e4 rahaa luottokortilla. Rahan l\u00e4hett\u00e4minen Western Unionin tai Money Gramin avulla on yksinkertainen tapa saavuttaa t\u00e4m\u00e4. Haluamme kuitenkin tarkastella diskreetti\u00e4. T\u00e4m\u00e4n seurauksena uskomme, ett\u00e4 Bitcoin on ihanteellinen maksuv\u00e4line. Tee tilauksesi nyt ja l\u00e4het\u00e4 meille vahvistus, kun olet valmis.<\/p>\n<p>Methoxetamine MXE myyt\u00e4v\u00e4n\u00e4 Internetiss\u00e4<\/p>\n<p>Kun olet hyv\u00e4maineinen tutkimuskemikaalien ja l\u00e4\u00e4kkeiden toimittaja, kemikaalimyym\u00e4l\u00e4mme on toimitettu l\u00e4hes kaikkiin maailman maihin. Asiakkaidemme mukavuuden vuoksi otamme vastaan \u200b\u200bmy\u00f6s bitcoineja ja lahjakortteja. Alla on lueteltu muutamia suosituimpia tuotteitamme.<\/p>\n<p>Myynniss\u00e4 oleva MXE-jauhe<br \/> Osta 25 I-NBOMe verkosta.<br \/> A-PVP-kiteit\u00e4 voi ostaa<br \/> Actavis prometatsiinia kodeiinilla 32 unssia on ostettavissa.<br \/> AB-PINACAa voi ostaa verkosta.<br \/> Adderall verkosta ilman resepti\u00e4<br \/> Osta AK-B48<br \/> Osta jauheena amfetamiinia.<br \/> br \/&gt; Butylonikiteit\u00e4 myyt\u00e4v\u00e4n\u00e4<\/p>\n","protected":false},"excerpt":{"rendered":"<p>Osta metoksetamiini MXE myyt\u00e4v\u00e4ksi Isossa-Britanniassa, Euroopassa, AU:ssa. Tarjoamme luotettavimman kaupank\u00e4ynnin ja myymme eritt\u00e4in edulliseen hintaan. Tilaa Methoxetamine MXE nyt parhaaseen hintaan<\/p>\n<p>Ihmiset voivat ostaa Methoxetamine MXE:t\u00e4 myyt\u00e4v\u00e4ksi Isossa-Britanniassa. Meilt\u00e4 ostavat ihmiset voivat olla varmoja siit\u00e4, ett\u00e4 he saavat sen, mist\u00e4 maksavat. Methoxetamine MXE:t\u00e4 voi ostaa nyt parhailla hinnoilla.<\/p>\n<p>Osta Metoksetamiini verkosta, tilaa paras MXE 99 %:n puhtaana y\u00f6n yli ja selvit\u00e4, mist\u00e4 voit ostaa metoksetamiinia luottokortilla. MXE-hinta.<\/p>\n<p>Metoksetamiini on l\u00e4\u00e4ke, jota k\u00e4ytet\u00e4\u00e4n kivun hoitoon. Hallusinogeeni\u00e4 nimelt\u00e4 Methoxetamine MXE tai lyhyesti MXE on myyty &#8220;designl\u00e4\u00e4kkeen\u00e4&#8221;.<\/p>\n","protected":false},"featured_media":5687,"comment_status":"open","ping_status":"closed","template":"","meta":[],"product_brand":[],"product_cat":[2014],"product_tag":[3524,3283,3525,3526,3527,3530,3531,3533,3534,3547,3546,3535,3540,3541,3542,3543,3536,3537,3538,3539,3544,3528,3529,3545,3532],"class_list":{"0":"post-5677","1":"product","2":"type-product","3":"status-publish","4":"has-post-thumbnail","6":"product_cat-osta-tutkimus-kemikaaleja","7":"product_tag-best-mxe-vendor","8":"product_tag-best-place-to-buy-mxe","9":"product_tag-buy-methoxetamine","10":"product_tag-buy-methoxetamine-mxe-online","11":"product_tag-buy-methoxetamine-online","12":"product_tag-buy-mxe-research-chemical","13":"product_tag-buy-mxe-united-states","14":"product_tag-metoksetamiini-myynniss","15":"product_tag-metoksetamiini-verkossa","16":"product_tag-mist-osta-mxe-online","17":"product_tag-mist-voin-ostaa-mxe","18":"product_tag-mxe","19":"product_tag-mxe-for-sale","20":"product_tag-mxe-methoxetamine","21":"product_tag-mxe-methoxetamine-erowid","22":"product_tag-mxe-toimittaja","23":"product_tag-mxe-buy","24":"product_tag-mxe-buy-online","25":"product_tag-mxe-lke-myynniss","26":"product_tag-mxe-drug-info","27":"product_tag-order-methoxetamine-online","28":"product_tag-osta-mxe-1g","29":"product_tag-osta-mxe-verkosta","30":"product_tag-ostaa-metoksetamiini","31":"product_tag-osta-tutkimus-kemikaalit-metoksetamiini","33":"first","34":"instock","35":"shipping-taxable","36":"purchasable","37":"product-type-variable","38":"has-default-attributes"},"yoast_head":"<!-- This site is optimized with the Yoast SEO plugin v27.3 - https:\/\/yoast.com\/product\/yoast-seo-wordpress\/ -->\n<title>Osta metoksetamiini - metoksetamiini - parhaat maailmanlaajuiset l\u00e4\u00e4kkeet<\/title>\n<meta name=\"description\" content=\"Osta Metoksetamiini MXE myyt\u00e4v\u00e4ksi Isossa-Britanniassa, Euroopassa, AU:ssa. Tarjoamme luotettavimman kaupank\u00e4ynnin ja myymme eritt\u00e4in edulliseen hintaan. Tilaa Methoxetamine MXE nyt parhaaseen hintaan\" \/>\n<meta name=\"robots\" content=\"index, follow, max-snippet:-1, max-image-preview:large, max-video-preview:-1\" \/>\n<link rel=\"canonical\" href=\"https:\/\/medicinasinc.com\/fi\/product\/osta-metoksetamiini\/\" \/>\n<meta property=\"og:locale\" content=\"en_US\" \/>\n<meta property=\"og:type\" content=\"article\" \/>\n<meta property=\"og:title\" content=\"Osta metoksetamiini - metoksetamiini - parhaat maailmanlaajuiset l\u00e4\u00e4kkeet\" \/>\n<meta property=\"og:description\" content=\"Osta Metoksetamiini MXE myyt\u00e4v\u00e4ksi Isossa-Britanniassa, Euroopassa, AU:ssa. Tarjoamme luotettavimman kaupank\u00e4ynnin ja myymme eritt\u00e4in edulliseen hintaan. Tilaa Methoxetamine MXE nyt parhaaseen hintaan\" \/>\n<meta property=\"og:url\" content=\"https:\/\/medicinasinc.com\/fi\/product\/osta-metoksetamiini\/\" \/>\n<meta property=\"og:site_name\" content=\"Medicinas Inc\" \/>\n<meta property=\"article:modified_time\" content=\"2022-03-22T00:51:40+00:00\" \/>\n<meta property=\"og:image\" content=\"https:\/\/medicinasinc.com\/fi\/wp-content\/uploads\/sites\/12\/2022\/02\/Buy-Methoxetamine.webp\" \/>\n\t<meta property=\"og:image:width\" content=\"750\" \/>\n\t<meta property=\"og:image:height\" content=\"461\" \/>\n\t<meta property=\"og:image:type\" content=\"image\/webp\" \/>\n<meta name=\"twitter:card\" content=\"summary_large_image\" \/>\n<meta name=\"twitter:label1\" content=\"Est. reading time\" \/>\n\t<meta name=\"twitter:data1\" content=\"2 minutes\" \/>\n<script type=\"application\/ld+json\" class=\"yoast-schema-graph\">{\"@context\":\"https:\\\/\\\/schema.org\",\"@graph\":[{\"@type\":\"WebPage\",\"@id\":\"https:\\\/\\\/medicinasinc.com\\\/fi\\\/product\\\/osta-metoksetamiini\\\/\",\"url\":\"https:\\\/\\\/medicinasinc.com\\\/fi\\\/product\\\/osta-metoksetamiini\\\/\",\"name\":\"Osta metoksetamiini - metoksetamiini - parhaat maailmanlaajuiset l\u00e4\u00e4kkeet\",\"isPartOf\":{\"@id\":\"https:\\\/\\\/medicinasinc.com\\\/fi\\\/#website\"},\"primaryImageOfPage\":{\"@id\":\"https:\\\/\\\/medicinasinc.com\\\/fi\\\/product\\\/osta-metoksetamiini\\\/#primaryimage\"},\"image\":{\"@id\":\"https:\\\/\\\/medicinasinc.com\\\/fi\\\/product\\\/osta-metoksetamiini\\\/#primaryimage\"},\"thumbnailUrl\":\"https:\\\/\\\/medicinasinc.com\\\/fi\\\/wp-content\\\/uploads\\\/sites\\\/12\\\/2022\\\/02\\\/Buy-Methoxetamine.webp\",\"datePublished\":\"2022-02-22T04:00:21+00:00\",\"dateModified\":\"2022-03-22T00:51:40+00:00\",\"description\":\"Osta Metoksetamiini MXE myyt\u00e4v\u00e4ksi Isossa-Britanniassa, Euroopassa, AU:ssa. Tarjoamme luotettavimman kaupank\u00e4ynnin ja myymme eritt\u00e4in edulliseen hintaan. Tilaa Methoxetamine MXE nyt parhaaseen hintaan\",\"breadcrumb\":{\"@id\":\"https:\\\/\\\/medicinasinc.com\\\/fi\\\/product\\\/osta-metoksetamiini\\\/#breadcrumb\"},\"inLanguage\":\"en-US\",\"potentialAction\":[{\"@type\":\"ReadAction\",\"target\":[\"https:\\\/\\\/medicinasinc.com\\\/fi\\\/product\\\/osta-metoksetamiini\\\/\"]}]},{\"@type\":\"ImageObject\",\"inLanguage\":\"en-US\",\"@id\":\"https:\\\/\\\/medicinasinc.com\\\/fi\\\/product\\\/osta-metoksetamiini\\\/#primaryimage\",\"url\":\"https:\\\/\\\/medicinasinc.com\\\/fi\\\/wp-content\\\/uploads\\\/sites\\\/12\\\/2022\\\/02\\\/Buy-Methoxetamine.webp\",\"contentUrl\":\"https:\\\/\\\/medicinasinc.com\\\/fi\\\/wp-content\\\/uploads\\\/sites\\\/12\\\/2022\\\/02\\\/Buy-Methoxetamine.webp\",\"width\":750,\"height\":461},{\"@type\":\"BreadcrumbList\",\"@id\":\"https:\\\/\\\/medicinasinc.com\\\/fi\\\/product\\\/osta-metoksetamiini\\\/#breadcrumb\",\"itemListElement\":[{\"@type\":\"ListItem\",\"position\":1,\"name\":\"Myym\u00e4l\u00e4\",\"item\":\"https:\\\/\\\/medicinasinc.com\\\/fi\\\/myymala\\\/\"},{\"@type\":\"ListItem\",\"position\":2,\"name\":\"Osta Metoksetamiini\"}]},{\"@type\":\"WebSite\",\"@id\":\"https:\\\/\\\/medicinasinc.com\\\/fi\\\/#website\",\"url\":\"https:\\\/\\\/medicinasinc.com\\\/fi\\\/\",\"name\":\"Medicinas Inc\",\"description\":\"Health Medical Clinic\",\"potentialAction\":[{\"@type\":\"SearchAction\",\"target\":{\"@type\":\"EntryPoint\",\"urlTemplate\":\"https:\\\/\\\/medicinasinc.com\\\/fi\\\/?s={search_term_string}\"},\"query-input\":{\"@type\":\"PropertyValueSpecification\",\"valueRequired\":true,\"valueName\":\"search_term_string\"}}],\"inLanguage\":\"en-US\"}]}<\/script>\n<!-- \/ Yoast SEO plugin. -->","yoast_head_json":{"title":"Osta metoksetamiini - metoksetamiini - parhaat maailmanlaajuiset l\u00e4\u00e4kkeet","description":"Osta Metoksetamiini MXE myyt\u00e4v\u00e4ksi Isossa-Britanniassa, Euroopassa, AU:ssa. Tarjoamme luotettavimman kaupank\u00e4ynnin ja myymme eritt\u00e4in edulliseen hintaan. Tilaa Methoxetamine MXE nyt parhaaseen hintaan","robots":{"index":"index","follow":"follow","max-snippet":"max-snippet:-1","max-image-preview":"max-image-preview:large","max-video-preview":"max-video-preview:-1"},"canonical":"https:\/\/medicinasinc.com\/fi\/product\/osta-metoksetamiini\/","og_locale":"en_US","og_type":"article","og_title":"Osta metoksetamiini - metoksetamiini - parhaat maailmanlaajuiset l\u00e4\u00e4kkeet","og_description":"Osta Metoksetamiini MXE myyt\u00e4v\u00e4ksi Isossa-Britanniassa, Euroopassa, AU:ssa. Tarjoamme luotettavimman kaupank\u00e4ynnin ja myymme eritt\u00e4in edulliseen hintaan. Tilaa Methoxetamine MXE nyt parhaaseen hintaan","og_url":"https:\/\/medicinasinc.com\/fi\/product\/osta-metoksetamiini\/","og_site_name":"Medicinas Inc","article_modified_time":"2022-03-22T00:51:40+00:00","og_image":[{"width":750,"height":461,"url":"https:\/\/medicinasinc.com\/fi\/wp-content\/uploads\/sites\/12\/2022\/02\/Buy-Methoxetamine.webp","type":"image\/webp"}],"twitter_card":"summary_large_image","twitter_misc":{"Est. reading time":"2 minutes"},"schema":{"@context":"https:\/\/schema.org","@graph":[{"@type":"WebPage","@id":"https:\/\/medicinasinc.com\/fi\/product\/osta-metoksetamiini\/","url":"https:\/\/medicinasinc.com\/fi\/product\/osta-metoksetamiini\/","name":"Osta metoksetamiini - metoksetamiini - parhaat maailmanlaajuiset l\u00e4\u00e4kkeet","isPartOf":{"@id":"https:\/\/medicinasinc.com\/fi\/#website"},"primaryImageOfPage":{"@id":"https:\/\/medicinasinc.com\/fi\/product\/osta-metoksetamiini\/#primaryimage"},"image":{"@id":"https:\/\/medicinasinc.com\/fi\/product\/osta-metoksetamiini\/#primaryimage"},"thumbnailUrl":"https:\/\/medicinasinc.com\/fi\/wp-content\/uploads\/sites\/12\/2022\/02\/Buy-Methoxetamine.webp","datePublished":"2022-02-22T04:00:21+00:00","dateModified":"2022-03-22T00:51:40+00:00","description":"Osta Metoksetamiini MXE myyt\u00e4v\u00e4ksi Isossa-Britanniassa, Euroopassa, AU:ssa. Tarjoamme luotettavimman kaupank\u00e4ynnin ja myymme eritt\u00e4in edulliseen hintaan. Tilaa Methoxetamine MXE nyt parhaaseen hintaan","breadcrumb":{"@id":"https:\/\/medicinasinc.com\/fi\/product\/osta-metoksetamiini\/#breadcrumb"},"inLanguage":"en-US","potentialAction":[{"@type":"ReadAction","target":["https:\/\/medicinasinc.com\/fi\/product\/osta-metoksetamiini\/"]}]},{"@type":"ImageObject","inLanguage":"en-US","@id":"https:\/\/medicinasinc.com\/fi\/product\/osta-metoksetamiini\/#primaryimage","url":"https:\/\/medicinasinc.com\/fi\/wp-content\/uploads\/sites\/12\/2022\/02\/Buy-Methoxetamine.webp","contentUrl":"https:\/\/medicinasinc.com\/fi\/wp-content\/uploads\/sites\/12\/2022\/02\/Buy-Methoxetamine.webp","width":750,"height":461},{"@type":"BreadcrumbList","@id":"https:\/\/medicinasinc.com\/fi\/product\/osta-metoksetamiini\/#breadcrumb","itemListElement":[{"@type":"ListItem","position":1,"name":"Myym\u00e4l\u00e4","item":"https:\/\/medicinasinc.com\/fi\/myymala\/"},{"@type":"ListItem","position":2,"name":"Osta Metoksetamiini"}]},{"@type":"WebSite","@id":"https:\/\/medicinasinc.com\/fi\/#website","url":"https:\/\/medicinasinc.com\/fi\/","name":"Medicinas Inc","description":"Health Medical Clinic","potentialAction":[{"@type":"SearchAction","target":{"@type":"EntryPoint","urlTemplate":"https:\/\/medicinasinc.com\/fi\/?s={search_term_string}"},"query-input":{"@type":"PropertyValueSpecification","valueRequired":true,"valueName":"search_term_string"}}],"inLanguage":"en-US"}]}},"_links":{"self":[{"href":"https:\/\/medicinasinc.com\/fi\/wp-json\/wp\/v2\/product\/5677","targetHints":{"allow":["GET"]}}],"collection":[{"href":"https:\/\/medicinasinc.com\/fi\/wp-json\/wp\/v2\/product"}],"about":[{"href":"https:\/\/medicinasinc.com\/fi\/wp-json\/wp\/v2\/types\/product"}],"replies":[{"embeddable":true,"href":"https:\/\/medicinasinc.com\/fi\/wp-json\/wp\/v2\/comments?post=5677"}],"wp:featuredmedia":[{"embeddable":true,"href":"https:\/\/medicinasinc.com\/fi\/wp-json\/wp\/v2\/media\/5687"}],"wp:attachment":[{"href":"https:\/\/medicinasinc.com\/fi\/wp-json\/wp\/v2\/media?parent=5677"}],"wp:term":[{"taxonomy":"product_brand","embeddable":true,"href":"https:\/\/medicinasinc.com\/fi\/wp-json\/wp\/v2\/product_brand?post=5677"},{"taxonomy":"product_cat","embeddable":true,"href":"https:\/\/medicinasinc.com\/fi\/wp-json\/wp\/v2\/product_cat?post=5677"},{"taxonomy":"product_tag","embeddable":true,"href":"https:\/\/medicinasinc.com\/fi\/wp-json\/wp\/v2\/product_tag?post=5677"}],"curies":[{"name":"wp","href":"https:\/\/api.w.org\/{rel}","templated":true}]}}