{"id":5673,"date":"2022-02-22T03:54:58","date_gmt":"2022-02-22T03:54:58","guid":{"rendered":"https:\/\/medicinasinc.com\/fi\/?post_type=product&#038;p=5673"},"modified":"2022-03-22T00:51:48","modified_gmt":"2022-03-22T00:51:48","slug":"osta-alprox-2mg-pills-xanax","status":"publish","type":"product","link":"https:\/\/medicinasinc.com\/fi\/product\/osta-alprox-2mg-pills-xanax\/","title":{"rendered":"Osta Alprox 2mg pillereit\u00e4 (Xanax)"},"content":{"rendered":"<p>Ihmisten, jotka haluavat ostaa halvalla 2 mg XANAXia verkosta, tulisi etsi\u00e4 niit\u00e4. Tilaa XANAX 2mg Global Home Medist\u00e4 edulliseen hintaan ja toimita se suoraan kotiovellesi!<\/p>\n<p>Alpratsolaamia voi ostaa Isosta-Britanniasta, joten voit tehd\u00e4 sen. huume siin\u00e4. Isossa-Britanniassa on tehokkaampaa ottaa 2 mg:n tabletti t\u00e4t\u00e4 hyv\u00e4\u00e4 ahdistuneisuusl\u00e4\u00e4kett\u00e4.<\/p>\n<p>Ihmiset, jotka haluavat ostaa Xanaxia, voivat ostaa sen verkosta. Myyt\u00e4v\u00e4n\u00e4 Xanax-patukat \u2013 Osta xanax 2mg verkosta \u2013 osta xanax 1mg verkosta \u2013<\/p>\n<p>Xanax saattaa saada sinut tuntemaan olosi uneliaaksi ja rauhalliseksi, jolloin tunnet olosi rentoutuneeksi ja rennommaksi.<\/p>\n<p>Osta Xanax 2Mg Iso-Britannia. Tilaa Xanax Overnight j\u00e4rkev\u00e4ll\u00e4 tavalla. Fussy Wilburn r\u00e4j\u00e4ytt\u00e4\u00e4 Xanax Online Reddit -sublimointitarjouksensa.<\/p>\n<p>Ihmiset voivat ostaa halvalla Xanaxia ilman l\u00e4\u00e4k\u00e4rintodistusta. Kun ostat zoloftin verkosta, l\u00f6yd\u00e4t sen parhaista verkkoapteekeista. Voit my\u00f6s ostaa halpoja xanaxia ja fentermiini\u00e4 verkosta. T\u00e4ss\u00e4 kuvassa voit n\u00e4hd\u00e4 geneerisi\u00e4 Xanax 2mg -patukat, jotka n\u00e4ytt\u00e4v\u00e4t aidolta.<\/p>\n<p>Paniikkih\u00e4iri\u00f6iden ja ahdistuneisuuden hoitoon, osta Xanax 2mg Alprazolam 0,5mg, 1mg tai 2mg Tablettia k\u00e4ytet\u00e4\u00e4n. Ihmiset, jotka ovat peloissaan ja stressaantuneet, voivat olla hyvin peloissaan ja stressaantuneita. On parasta aloittaa pienell\u00e4 m\u00e4\u00e4r\u00e4ll\u00e4 ja lis\u00e4t\u00e4 sen j\u00e4lkeen m\u00e4\u00e4r\u00e4\u00e4 v\u00e4hitellen. \u00c4l\u00e4 lopeta t\u00e4m\u00e4n l\u00e4\u00e4kkeen k\u00e4ytt\u00f6\u00e4 heti, koska se voi aiheuttaa vieroitusoireita, kuten kouristuskohtauksia, aggressiivista k\u00e4ytt\u00e4ytymist\u00e4, n\u00e4\u00f6n h\u00e4m\u00e4rtymist\u00e4 ja paljon muuta, esimerkiksi kun lopetat sen k\u00e4yt\u00f6n.<\/p>\n<p>Ota Alprazolam 0,5 MG -tabletti joko kanssa tai ilman ruokaa, mutta \u00e4l\u00e4 sy\u00f6 mit\u00e4\u00e4n ennen sen ottamista. \u00c4l\u00e4 ota enemp\u00e4\u00e4 kuin l\u00e4\u00e4k\u00e4ri on m\u00e4\u00e4r\u00e4nnyt. Jos sinulla on pahoja sivuvaikutuksia, ota yhteys l\u00e4\u00e4k\u00e4riisi. Muista keskustella l\u00e4\u00e4k\u00e4rin kanssa ennen kuin lopetat l\u00e4\u00e4kkeen k\u00e4yt\u00f6n, sill\u00e4 se voi saada sinut tuntemaan olosi huonoksi.<\/p>\n<p>Toimintatapa<br \/> T\u00e4m\u00e4 l\u00e4\u00e4ke sitoutuu kloridikanaviin ja p\u00e4\u00e4st\u00e4\u00e4 kloridi-ionien virtaamaan T\u00e4m\u00e4 saa hermosolun kalvosta vakaamman ja hyperpolarisoitumaan, mik\u00e4 est\u00e4\u00e4 solua innostumasta enemm\u00e4n.<\/p>\n","protected":false},"excerpt":{"rendered":"<p>Osta Alprox xanax 2mg -pillereit\u00e4 myyt\u00e4v\u00e4ksi Isossa-Britanniassa, Euroopassa. osta Alprox verkosta, osta xanax verkosta, osta verkosta alprox, ostan xanaxia, Alprox 2mg, mist\u00e4 voin ostaa alproxia verkosta.<\/p>\n<p>Verkosta voit ostaa Alprox 2mg -pillereit\u00e4 myyt\u00e4v\u00e4n\u00e4 edulliseen hintaan (Xanax). T\u00e4ss\u00e4 tapauksessa voit hankkia Alproxin verkosta. Voit my\u00f6s hankkia sen verkosta, ostaa Alproxia verkosta, hankkia xanaxia verkosta ja selvitt\u00e4\u00e4, mist\u00e4 voit saada sen.<\/p>\n<p>Voit ostaa Alprazolam Xanax 2 mg -tabletteja Global medicinas -myym\u00e4l\u00e4st\u00e4mme ja saada ne nopeasti toimitettuna. mihin tahansa maailman maahan! T\u00e4\u00e4lt\u00e4 l\u00f6yd\u00e4t parhaan Alprazolam 2 MG -tabletin, jonka voit ostaa.<\/p>\n<p>Osta Xanax 2 MG -tablettia k\u00e4ytet\u00e4\u00e4n paniikkih\u00e4iri\u00f6iden ja ahdistuksen, kuten \u00e4killisen \u00e4\u00e4rimm\u00e4isen pelon ja stressin aiheuttaman stressin, hoitoon. On parasta aloittaa pienell\u00e4 m\u00e4\u00e4r\u00e4ll\u00e4 ja lis\u00e4t\u00e4 sitten m\u00e4\u00e4r\u00e4\u00e4 v\u00e4hitellen. \u00c4l\u00e4 lopeta t\u00e4m\u00e4n l\u00e4\u00e4kkeen k\u00e4ytt\u00f6\u00e4 heti, koska se voi aiheuttaa vieroitusoireita, kuten kouristuksia, aggressiivista k\u00e4ytt\u00e4ytymist\u00e4, n\u00e4\u00f6n h\u00e4m\u00e4rtymist\u00e4 ja muuta, jos lopetat l\u00e4\u00e4kkeen k\u00e4yt\u00f6n liian nopeasti.<\/p>\n","protected":false},"featured_media":5683,"comment_status":"open","ping_status":"closed","template":"","meta":[],"product_brand":[],"product_cat":[1117],"product_tag":[1143,3502,3504,3505,3506,1182,1194,3508,3511,3523,1188,3507,1168,3503,1192,1189,3510,3512,3513,3515,3516,3517,3509,3514,3520,3518,3522,3521,3519],"class_list":{"0":"post-5673","1":"product","2":"type-product","3":"status-publish","4":"has-post-thumbnail","6":"product_cat-osta-kipu-uni-ja-seksipillereita","7":"product_tag-alpratsolaami-myynniss","8":"product_tag-best-shop-xanax-2-mg-uk","9":"product_tag-buy-xanax-2-mg-uk","10":"product_tag-buy-xanax-2mg","11":"product_tag-buy-xanax-online","12":"product_tag-alpratsolaamin-ostaminen-verkossa","13":"product_tag-mist-ostaa-alpratsolaami-verkosta","14":"product_tag-mist-ostaa-xanax-2-mg-uk","15":"product_tag-xanax-2-mg-myynniss","16":"product_tag-xanax-baari-myytvn","17":"product_tag-order-alprazolam-online","18":"product_tag-order-xanax-2-mg-uk","19":"product_tag-osta-alpratsolaami-verkosta","20":"product_tag-osta-xanax-2-mg","21":"product_tag-paras-paikka-ostaa-alpratsolaamia-verkossa","22":"product_tag-purchase-alprazolam-online","23":"product_tag-xanax-2-mg-europe","24":"product_tag-xanax-2-mg-for-sale-uk","25":"product_tag-xanax-2-mg-google","26":"product_tag-xanax-2-mg-raskaana-oleva-nainen","27":"product_tag-xanax-2-mg-reddit","28":"product_tag-xanax-2-mg-uk","29":"product_tag-xanax-2-mg-vaikutus","30":"product_tag-xanax-2-mg-online-uk","31":"product_tag-xanax-2mg-for-sale","32":"product_tag-xanax-2mg-osta","33":"product_tag-xanax-2mg-reddit","34":"product_tag-xanax-2mg-tilaus","35":"product_tag-xanax-2mg-vaikutus","37":"first","38":"instock","39":"shipping-taxable","40":"purchasable","41":"product-type-variable","42":"has-default-attributes"},"yoast_head":"<!-- This site is optimized with the Yoast SEO plugin v27.3 - https:\/\/yoast.com\/product\/yoast-seo-wordpress\/ -->\n<title>Osta Alprox 2 mg pillereit\u00e4 (Xanax) - Xanax 2 mg - Parhaat maailmanlaajuiset l\u00e4\u00e4kkeet<\/title>\n<meta name=\"description\" content=\"Osta Alprox xanax 2mg pillereit\u00e4 myyt\u00e4v\u00e4ksi Isossa-Britanniassa, Euroopassa. osta Alprox verkosta, osta xanax verkosta, osta alprox verkosta, osta xanax, tilaa Alprox 2mg, mist\u00e4 voin ostaa alproxia verkosta.\" \/>\n<meta name=\"robots\" content=\"index, follow, max-snippet:-1, max-image-preview:large, max-video-preview:-1\" \/>\n<link rel=\"canonical\" href=\"https:\/\/medicinasinc.com\/fi\/product\/osta-alprox-2mg-pills-xanax\/\" \/>\n<meta property=\"og:locale\" content=\"en_US\" \/>\n<meta property=\"og:type\" content=\"article\" \/>\n<meta property=\"og:title\" content=\"Osta Alprox 2 mg pillereit\u00e4 (Xanax) - Xanax 2 mg - Parhaat maailmanlaajuiset l\u00e4\u00e4kkeet\" \/>\n<meta property=\"og:description\" content=\"Osta Alprox xanax 2mg pillereit\u00e4 myyt\u00e4v\u00e4ksi Isossa-Britanniassa, Euroopassa. osta Alprox verkosta, osta xanax verkosta, osta alprox verkosta, osta xanax, tilaa Alprox 2mg, mist\u00e4 voin ostaa alproxia verkosta.\" \/>\n<meta property=\"og:url\" content=\"https:\/\/medicinasinc.com\/fi\/product\/osta-alprox-2mg-pills-xanax\/\" \/>\n<meta property=\"og:site_name\" content=\"Medicinas Inc\" \/>\n<meta property=\"article:modified_time\" content=\"2022-03-22T00:51:48+00:00\" \/>\n<meta property=\"og:image\" content=\"https:\/\/medicinasinc.com\/fi\/wp-content\/uploads\/sites\/12\/2022\/02\/Buy-xanax-2-mg.jpg\" \/>\n\t<meta property=\"og:image:width\" content=\"400\" \/>\n\t<meta property=\"og:image:height\" content=\"350\" \/>\n\t<meta property=\"og:image:type\" content=\"image\/jpeg\" \/>\n<meta name=\"twitter:card\" content=\"summary_large_image\" \/>\n<meta name=\"twitter:label1\" content=\"Est. reading time\" \/>\n\t<meta name=\"twitter:data1\" content=\"2 minutes\" \/>\n<script type=\"application\/ld+json\" class=\"yoast-schema-graph\">{\"@context\":\"https:\\\/\\\/schema.org\",\"@graph\":[{\"@type\":\"WebPage\",\"@id\":\"https:\\\/\\\/medicinasinc.com\\\/fi\\\/product\\\/osta-alprox-2mg-pills-xanax\\\/\",\"url\":\"https:\\\/\\\/medicinasinc.com\\\/fi\\\/product\\\/osta-alprox-2mg-pills-xanax\\\/\",\"name\":\"Osta Alprox 2 mg pillereit\u00e4 (Xanax) - Xanax 2 mg - Parhaat maailmanlaajuiset l\u00e4\u00e4kkeet\",\"isPartOf\":{\"@id\":\"https:\\\/\\\/medicinasinc.com\\\/fi\\\/#website\"},\"primaryImageOfPage\":{\"@id\":\"https:\\\/\\\/medicinasinc.com\\\/fi\\\/product\\\/osta-alprox-2mg-pills-xanax\\\/#primaryimage\"},\"image\":{\"@id\":\"https:\\\/\\\/medicinasinc.com\\\/fi\\\/product\\\/osta-alprox-2mg-pills-xanax\\\/#primaryimage\"},\"thumbnailUrl\":\"https:\\\/\\\/medicinasinc.com\\\/fi\\\/wp-content\\\/uploads\\\/sites\\\/12\\\/2022\\\/02\\\/Buy-xanax-2-mg.jpg\",\"datePublished\":\"2022-02-22T03:54:58+00:00\",\"dateModified\":\"2022-03-22T00:51:48+00:00\",\"description\":\"Osta Alprox xanax 2mg pillereit\u00e4 myyt\u00e4v\u00e4ksi Isossa-Britanniassa, Euroopassa. osta Alprox verkosta, osta xanax verkosta, osta alprox verkosta, osta xanax, tilaa Alprox 2mg, mist\u00e4 voin ostaa alproxia verkosta.\",\"breadcrumb\":{\"@id\":\"https:\\\/\\\/medicinasinc.com\\\/fi\\\/product\\\/osta-alprox-2mg-pills-xanax\\\/#breadcrumb\"},\"inLanguage\":\"en-US\",\"potentialAction\":[{\"@type\":\"ReadAction\",\"target\":[\"https:\\\/\\\/medicinasinc.com\\\/fi\\\/product\\\/osta-alprox-2mg-pills-xanax\\\/\"]}]},{\"@type\":\"ImageObject\",\"inLanguage\":\"en-US\",\"@id\":\"https:\\\/\\\/medicinasinc.com\\\/fi\\\/product\\\/osta-alprox-2mg-pills-xanax\\\/#primaryimage\",\"url\":\"https:\\\/\\\/medicinasinc.com\\\/fi\\\/wp-content\\\/uploads\\\/sites\\\/12\\\/2022\\\/02\\\/Buy-xanax-2-mg.jpg\",\"contentUrl\":\"https:\\\/\\\/medicinasinc.com\\\/fi\\\/wp-content\\\/uploads\\\/sites\\\/12\\\/2022\\\/02\\\/Buy-xanax-2-mg.jpg\",\"width\":400,\"height\":350},{\"@type\":\"BreadcrumbList\",\"@id\":\"https:\\\/\\\/medicinasinc.com\\\/fi\\\/product\\\/osta-alprox-2mg-pills-xanax\\\/#breadcrumb\",\"itemListElement\":[{\"@type\":\"ListItem\",\"position\":1,\"name\":\"Myym\u00e4l\u00e4\",\"item\":\"https:\\\/\\\/medicinasinc.com\\\/fi\\\/myymala\\\/\"},{\"@type\":\"ListItem\",\"position\":2,\"name\":\"Osta Alprox 2mg pillereit\u00e4 (Xanax)\"}]},{\"@type\":\"WebSite\",\"@id\":\"https:\\\/\\\/medicinasinc.com\\\/fi\\\/#website\",\"url\":\"https:\\\/\\\/medicinasinc.com\\\/fi\\\/\",\"name\":\"Medicinas Inc\",\"description\":\"Health Medical Clinic\",\"potentialAction\":[{\"@type\":\"SearchAction\",\"target\":{\"@type\":\"EntryPoint\",\"urlTemplate\":\"https:\\\/\\\/medicinasinc.com\\\/fi\\\/?s={search_term_string}\"},\"query-input\":{\"@type\":\"PropertyValueSpecification\",\"valueRequired\":true,\"valueName\":\"search_term_string\"}}],\"inLanguage\":\"en-US\"}]}<\/script>\n<!-- \/ Yoast SEO plugin. -->","yoast_head_json":{"title":"Osta Alprox 2 mg pillereit\u00e4 (Xanax) - Xanax 2 mg - Parhaat maailmanlaajuiset l\u00e4\u00e4kkeet","description":"Osta Alprox xanax 2mg pillereit\u00e4 myyt\u00e4v\u00e4ksi Isossa-Britanniassa, Euroopassa. osta Alprox verkosta, osta xanax verkosta, osta alprox verkosta, osta xanax, tilaa Alprox 2mg, mist\u00e4 voin ostaa alproxia verkosta.","robots":{"index":"index","follow":"follow","max-snippet":"max-snippet:-1","max-image-preview":"max-image-preview:large","max-video-preview":"max-video-preview:-1"},"canonical":"https:\/\/medicinasinc.com\/fi\/product\/osta-alprox-2mg-pills-xanax\/","og_locale":"en_US","og_type":"article","og_title":"Osta Alprox 2 mg pillereit\u00e4 (Xanax) - Xanax 2 mg - Parhaat maailmanlaajuiset l\u00e4\u00e4kkeet","og_description":"Osta Alprox xanax 2mg pillereit\u00e4 myyt\u00e4v\u00e4ksi Isossa-Britanniassa, Euroopassa. osta Alprox verkosta, osta xanax verkosta, osta alprox verkosta, osta xanax, tilaa Alprox 2mg, mist\u00e4 voin ostaa alproxia verkosta.","og_url":"https:\/\/medicinasinc.com\/fi\/product\/osta-alprox-2mg-pills-xanax\/","og_site_name":"Medicinas Inc","article_modified_time":"2022-03-22T00:51:48+00:00","og_image":[{"width":400,"height":350,"url":"https:\/\/medicinasinc.com\/fi\/wp-content\/uploads\/sites\/12\/2022\/02\/Buy-xanax-2-mg.jpg","type":"image\/jpeg"}],"twitter_card":"summary_large_image","twitter_misc":{"Est. reading time":"2 minutes"},"schema":{"@context":"https:\/\/schema.org","@graph":[{"@type":"WebPage","@id":"https:\/\/medicinasinc.com\/fi\/product\/osta-alprox-2mg-pills-xanax\/","url":"https:\/\/medicinasinc.com\/fi\/product\/osta-alprox-2mg-pills-xanax\/","name":"Osta Alprox 2 mg pillereit\u00e4 (Xanax) - Xanax 2 mg - Parhaat maailmanlaajuiset l\u00e4\u00e4kkeet","isPartOf":{"@id":"https:\/\/medicinasinc.com\/fi\/#website"},"primaryImageOfPage":{"@id":"https:\/\/medicinasinc.com\/fi\/product\/osta-alprox-2mg-pills-xanax\/#primaryimage"},"image":{"@id":"https:\/\/medicinasinc.com\/fi\/product\/osta-alprox-2mg-pills-xanax\/#primaryimage"},"thumbnailUrl":"https:\/\/medicinasinc.com\/fi\/wp-content\/uploads\/sites\/12\/2022\/02\/Buy-xanax-2-mg.jpg","datePublished":"2022-02-22T03:54:58+00:00","dateModified":"2022-03-22T00:51:48+00:00","description":"Osta Alprox xanax 2mg pillereit\u00e4 myyt\u00e4v\u00e4ksi Isossa-Britanniassa, Euroopassa. osta Alprox verkosta, osta xanax verkosta, osta alprox verkosta, osta xanax, tilaa Alprox 2mg, mist\u00e4 voin ostaa alproxia verkosta.","breadcrumb":{"@id":"https:\/\/medicinasinc.com\/fi\/product\/osta-alprox-2mg-pills-xanax\/#breadcrumb"},"inLanguage":"en-US","potentialAction":[{"@type":"ReadAction","target":["https:\/\/medicinasinc.com\/fi\/product\/osta-alprox-2mg-pills-xanax\/"]}]},{"@type":"ImageObject","inLanguage":"en-US","@id":"https:\/\/medicinasinc.com\/fi\/product\/osta-alprox-2mg-pills-xanax\/#primaryimage","url":"https:\/\/medicinasinc.com\/fi\/wp-content\/uploads\/sites\/12\/2022\/02\/Buy-xanax-2-mg.jpg","contentUrl":"https:\/\/medicinasinc.com\/fi\/wp-content\/uploads\/sites\/12\/2022\/02\/Buy-xanax-2-mg.jpg","width":400,"height":350},{"@type":"BreadcrumbList","@id":"https:\/\/medicinasinc.com\/fi\/product\/osta-alprox-2mg-pills-xanax\/#breadcrumb","itemListElement":[{"@type":"ListItem","position":1,"name":"Myym\u00e4l\u00e4","item":"https:\/\/medicinasinc.com\/fi\/myymala\/"},{"@type":"ListItem","position":2,"name":"Osta Alprox 2mg pillereit\u00e4 (Xanax)"}]},{"@type":"WebSite","@id":"https:\/\/medicinasinc.com\/fi\/#website","url":"https:\/\/medicinasinc.com\/fi\/","name":"Medicinas Inc","description":"Health Medical Clinic","potentialAction":[{"@type":"SearchAction","target":{"@type":"EntryPoint","urlTemplate":"https:\/\/medicinasinc.com\/fi\/?s={search_term_string}"},"query-input":{"@type":"PropertyValueSpecification","valueRequired":true,"valueName":"search_term_string"}}],"inLanguage":"en-US"}]}},"_links":{"self":[{"href":"https:\/\/medicinasinc.com\/fi\/wp-json\/wp\/v2\/product\/5673","targetHints":{"allow":["GET"]}}],"collection":[{"href":"https:\/\/medicinasinc.com\/fi\/wp-json\/wp\/v2\/product"}],"about":[{"href":"https:\/\/medicinasinc.com\/fi\/wp-json\/wp\/v2\/types\/product"}],"replies":[{"embeddable":true,"href":"https:\/\/medicinasinc.com\/fi\/wp-json\/wp\/v2\/comments?post=5673"}],"wp:featuredmedia":[{"embeddable":true,"href":"https:\/\/medicinasinc.com\/fi\/wp-json\/wp\/v2\/media\/5683"}],"wp:attachment":[{"href":"https:\/\/medicinasinc.com\/fi\/wp-json\/wp\/v2\/media?parent=5673"}],"wp:term":[{"taxonomy":"product_brand","embeddable":true,"href":"https:\/\/medicinasinc.com\/fi\/wp-json\/wp\/v2\/product_brand?post=5673"},{"taxonomy":"product_cat","embeddable":true,"href":"https:\/\/medicinasinc.com\/fi\/wp-json\/wp\/v2\/product_cat?post=5673"},{"taxonomy":"product_tag","embeddable":true,"href":"https:\/\/medicinasinc.com\/fi\/wp-json\/wp\/v2\/product_tag?post=5673"}],"curies":[{"name":"wp","href":"https:\/\/api.w.org\/{rel}","templated":true}]}}