{"id":5667,"date":"2022-02-22T03:49:11","date_gmt":"2022-02-22T03:49:11","guid":{"rendered":"https:\/\/medicinasinc.com\/fi\/?post_type=product&#038;p=5667"},"modified":"2022-03-22T00:51:58","modified_gmt":"2022-03-22T00:51:58","slug":"osta-rock-on-bath-suolaa","status":"publish","type":"product","link":"https:\/\/medicinasinc.com\/fi\/product\/osta-rock-on-bath-suolaa\/","title":{"rendered":"Osta Rock On Bath Salt"},"content":{"rendered":"<p><strong>T\u00e4ss\u00e4 tapauksessa voit ostaa Rock On Bath Salt -suolaa verkosta.<\/strong><\/p>\n<p>Osta Rock On Bath Salt -suolaa myyt\u00e4v\u00e4ksi Isossa-Britanniassa, Euroopassa ja AU:ssa hyv\u00e4ll\u00e4 hinnalla. hinta. Meilt\u00e4 ostavat ihmiset voivat olla varmoja siit\u00e4, ett\u00e4 he saavat sen, mist\u00e4 maksavat. T\u00e4m\u00e4 Rock On Bath Salt on nyt parhaaseen hintaan.<\/p>\n","protected":false},"excerpt":{"rendered":"<div class=\"woocommerce-product-details__short-description\">\n<p><strong>Tuotteen hinta on 10 grammaa kohden<\/strong><\/p>\n<p>Osta Rock On Bath Salt -suolaa myyt\u00e4v\u00e4ksi Isossa-Britanniassa, Euroopassa, AU. Tarjoamme luotettavimman kaupank\u00e4ynnin ja myymme eritt\u00e4in edulliseen hintaan. Rock On Bath Salt nyt parhaaseen hintaan<\/p>\n<\/p><\/div>\n","protected":false},"featured_media":5676,"comment_status":"open","ping_status":"closed","template":"","meta":[],"product_brand":[],"product_cat":[2014],"product_tag":[3434,3435,3095,3440,3442,3443,3097,3444,3445,3446,3450,3451,3452,3455,3457,3458,3501,3469,3471,3474,3470,3473,3083,3433,3439,3438,3436,3437,3489,3478,3477,3479,3475,3165,3481,3482,3498,3497,3499,3496,3480,3476,3483,3484,3453,3454,3456,3448,3466,3467,3447,3488,3449,3441,3472,3486,3485,3487,3494,3495,3468],"class_list":{"0":"post-5667","1":"product","2":"type-product","3":"status-publish","4":"has-post-thumbnail","6":"product_cat-osta-tutkimus-kemikaaleja","7":"product_tag-bath-salts-drug-for-sale-online","8":"product_tag-bath-salts-drug-sale-online","9":"product_tag-bath-salts-for-sale","10":"product_tag-bathsalts","11":"product_tag-best-quality-online-bath-salts","12":"product_tag-buy-amped-novelty-powder-500mg","13":"product_tag-buy-bath-salts","14":"product_tag-buy-bath-salts-cod","15":"product_tag-buy-bath-salts-drug-online","16":"product_tag-buy-bath-salts-online","17":"product_tag-buy-bath-salts-online-with-credit-cards","18":"product_tag-buy-bath-salts-with-paypal-online","19":"product_tag-buy-cheap-bath-salts-order-bath-salts-drug-online","20":"product_tag-buy-ivory-wave-for-sale-online","21":"product_tag-buy-mephedrone-bath-salts-online-with-credit-card","22":"product_tag-buy-pump-it-bath-salt-1000mg","23":"product_tag-buy-rock-on-bath-salt-online","24":"product_tag-can-you-still-buy-bath-salts","25":"product_tag-cloud-9-bath-salt","26":"product_tag-eight-ballz-bath-salt-for-sale-online","27":"product_tag-halvat-kylpysuolat","28":"product_tag-huomaamaton-kylpysuolat-kauppiaat-online","29":"product_tag-ivory-wave-bath-salts","30":"product_tag-kylpysuolat-lke","31":"product_tag-kylpysuolat-myynti-verkossa","32":"product_tag-kylpysuolat-verkkokauppa","33":"product_tag-kylpysuolat-myynniss-verkossa","34":"product_tag-kylpysuolat-myynniss-verkossa-luottokortilla","35":"product_tag-laatu-kylpysuolat-lkkeiden-myynniss-verkossa","36":"product_tag-legit-bath-salts-suppliers-online","37":"product_tag-laillinen-kylpysuolat-myynniss-verkossa","38":"product_tag-looking-to-buy-bath-salt-sonline","39":"product_tag-etsi-legit-kylpysuolat-toimittajat-verkosta","40":"product_tag-mdpv-kylpysuolat-myynniss","41":"product_tag-mefedroni-kylpysuolat-mist-osta","42":"product_tag-mephedrone","43":"product_tag-mist-saa-kylpysuoloja","44":"product_tag-mist-voin-ostaa-kylpysuoloja-verkosta","45":"product_tag-mist-voin-tilata-mdpv-kylpysuolat-verkosta","46":"product_tag-mit-tee-kylpysuolat-tee","47":"product_tag-mefedroni-kylpysuolat-myynniss","48":"product_tag-norsunluu-aalto","49":"product_tag-order-bath-salts-drug-online","50":"product_tag-order-bath-salts-online","51":"product_tag-osta-eight-ballz-kylpysuolat-verkosta","52":"product_tag-osta-norsunluu-aalto-kylpysuolaa-1000mg","53":"product_tag-osta-k2-kylpysuolat-verkosta","54":"product_tag-osta-kylpysuoloja-verkosta-mist-voin-ostaa-kylpysuoloja-verkosta","55":"product_tag-osta-sextacy-kylpysuolat-verkosta","56":"product_tag-osta-synteettiset-kylpysuolat-verkosta","57":"product_tag-osta-kylpysuolat-verkosta-laillinen","58":"product_tag-osta-kylpysuolat-verkosta","59":"product_tag-osta-kylpysuolat-verkosta-luottokortilla","60":"product_tag-parhaat-kylpysuolat","61":"product_tag-tiivistetyt-kylpysuolat","62":"product_tag-tilaa-kylpysuolat-online-turska","63":"product_tag-tilaa-kylpysuolat-online-kylpysuolat-tukkumyynti","64":"product_tag-tilaa-kylpysuolat-verkosta-luottokortilla","65":"product_tag-turvallisin-verkkokaupasta-osta-kylpysuolat","66":"product_tag-vanilja-sky-kylpysuolat-myynniss","67":"product_tag-voit-ostaa-kylpysuoloja-kaupoista","69":"first","70":"instock","71":"shipping-taxable","72":"purchasable","73":"product-type-variable"},"yoast_head":"<!-- This site is optimized with the Yoast SEO plugin v27.3 - https:\/\/yoast.com\/product\/yoast-seo-wordpress\/ -->\n<title>Osta Rock On Bath Salt verkosta \u2013 Rock On Bath Salt \u2013 parhaat maailmanlaajuiset l\u00e4\u00e4kkeet<\/title>\n<meta name=\"description\" content=\"Osta Rock On Bath Salt myyt\u00e4v\u00e4n\u00e4 Isossa-Britanniassa, Euroopassa, AU:ssa. Tarjoamme luotettavimman kaupank\u00e4ynnin ja myymme eritt\u00e4in edulliseen hintaan. Rock On Bath Salt nyt parhaaseen hintaan\" \/>\n<meta name=\"robots\" content=\"index, follow, max-snippet:-1, max-image-preview:large, max-video-preview:-1\" \/>\n<link rel=\"canonical\" href=\"https:\/\/medicinasinc.com\/fi\/product\/osta-rock-on-bath-suolaa\/\" \/>\n<meta property=\"og:locale\" content=\"en_US\" \/>\n<meta property=\"og:type\" content=\"article\" \/>\n<meta property=\"og:title\" content=\"Osta Rock On Bath Salt verkosta \u2013 Rock On Bath Salt \u2013 parhaat maailmanlaajuiset l\u00e4\u00e4kkeet\" \/>\n<meta property=\"og:description\" content=\"Osta Rock On Bath Salt myyt\u00e4v\u00e4n\u00e4 Isossa-Britanniassa, Euroopassa, AU:ssa. Tarjoamme luotettavimman kaupank\u00e4ynnin ja myymme eritt\u00e4in edulliseen hintaan. Rock On Bath Salt nyt parhaaseen hintaan\" \/>\n<meta property=\"og:url\" content=\"https:\/\/medicinasinc.com\/fi\/product\/osta-rock-on-bath-suolaa\/\" \/>\n<meta property=\"og:site_name\" content=\"Medicinas Inc\" \/>\n<meta property=\"article:modified_time\" content=\"2022-03-22T00:51:58+00:00\" \/>\n<meta property=\"og:image\" content=\"https:\/\/medicinasinc.com\/fi\/wp-content\/uploads\/sites\/12\/2022\/02\/Buy-Rock-On-Bath-Salt.jpeg\" \/>\n\t<meta property=\"og:image:width\" content=\"640\" \/>\n\t<meta property=\"og:image:height\" content=\"428\" \/>\n\t<meta property=\"og:image:type\" content=\"image\/jpeg\" \/>\n<meta name=\"twitter:card\" content=\"summary_large_image\" \/>\n<meta name=\"twitter:label1\" content=\"Est. reading time\" \/>\n\t<meta name=\"twitter:data1\" content=\"1 minute\" \/>\n<script type=\"application\/ld+json\" class=\"yoast-schema-graph\">{\"@context\":\"https:\\\/\\\/schema.org\",\"@graph\":[{\"@type\":\"WebPage\",\"@id\":\"https:\\\/\\\/medicinasinc.com\\\/fi\\\/product\\\/osta-rock-on-bath-suolaa\\\/\",\"url\":\"https:\\\/\\\/medicinasinc.com\\\/fi\\\/product\\\/osta-rock-on-bath-suolaa\\\/\",\"name\":\"Osta Rock On Bath Salt verkosta \u2013 Rock On Bath Salt \u2013 parhaat maailmanlaajuiset l\u00e4\u00e4kkeet\",\"isPartOf\":{\"@id\":\"https:\\\/\\\/medicinasinc.com\\\/fi\\\/#website\"},\"primaryImageOfPage\":{\"@id\":\"https:\\\/\\\/medicinasinc.com\\\/fi\\\/product\\\/osta-rock-on-bath-suolaa\\\/#primaryimage\"},\"image\":{\"@id\":\"https:\\\/\\\/medicinasinc.com\\\/fi\\\/product\\\/osta-rock-on-bath-suolaa\\\/#primaryimage\"},\"thumbnailUrl\":\"https:\\\/\\\/medicinasinc.com\\\/fi\\\/wp-content\\\/uploads\\\/sites\\\/12\\\/2022\\\/02\\\/Buy-Rock-On-Bath-Salt.jpeg\",\"datePublished\":\"2022-02-22T03:49:11+00:00\",\"dateModified\":\"2022-03-22T00:51:58+00:00\",\"description\":\"Osta Rock On Bath Salt myyt\u00e4v\u00e4n\u00e4 Isossa-Britanniassa, Euroopassa, AU:ssa. Tarjoamme luotettavimman kaupank\u00e4ynnin ja myymme eritt\u00e4in edulliseen hintaan. Rock On Bath Salt nyt parhaaseen hintaan\",\"breadcrumb\":{\"@id\":\"https:\\\/\\\/medicinasinc.com\\\/fi\\\/product\\\/osta-rock-on-bath-suolaa\\\/#breadcrumb\"},\"inLanguage\":\"en-US\",\"potentialAction\":[{\"@type\":\"ReadAction\",\"target\":[\"https:\\\/\\\/medicinasinc.com\\\/fi\\\/product\\\/osta-rock-on-bath-suolaa\\\/\"]}]},{\"@type\":\"ImageObject\",\"inLanguage\":\"en-US\",\"@id\":\"https:\\\/\\\/medicinasinc.com\\\/fi\\\/product\\\/osta-rock-on-bath-suolaa\\\/#primaryimage\",\"url\":\"https:\\\/\\\/medicinasinc.com\\\/fi\\\/wp-content\\\/uploads\\\/sites\\\/12\\\/2022\\\/02\\\/Buy-Rock-On-Bath-Salt.jpeg\",\"contentUrl\":\"https:\\\/\\\/medicinasinc.com\\\/fi\\\/wp-content\\\/uploads\\\/sites\\\/12\\\/2022\\\/02\\\/Buy-Rock-On-Bath-Salt.jpeg\",\"width\":640,\"height\":428},{\"@type\":\"BreadcrumbList\",\"@id\":\"https:\\\/\\\/medicinasinc.com\\\/fi\\\/product\\\/osta-rock-on-bath-suolaa\\\/#breadcrumb\",\"itemListElement\":[{\"@type\":\"ListItem\",\"position\":1,\"name\":\"Myym\u00e4l\u00e4\",\"item\":\"https:\\\/\\\/medicinasinc.com\\\/fi\\\/myymala\\\/\"},{\"@type\":\"ListItem\",\"position\":2,\"name\":\"Osta Rock On Bath Salt\"}]},{\"@type\":\"WebSite\",\"@id\":\"https:\\\/\\\/medicinasinc.com\\\/fi\\\/#website\",\"url\":\"https:\\\/\\\/medicinasinc.com\\\/fi\\\/\",\"name\":\"Medicinas Inc\",\"description\":\"Health Medical Clinic\",\"potentialAction\":[{\"@type\":\"SearchAction\",\"target\":{\"@type\":\"EntryPoint\",\"urlTemplate\":\"https:\\\/\\\/medicinasinc.com\\\/fi\\\/?s={search_term_string}\"},\"query-input\":{\"@type\":\"PropertyValueSpecification\",\"valueRequired\":true,\"valueName\":\"search_term_string\"}}],\"inLanguage\":\"en-US\"}]}<\/script>\n<!-- \/ Yoast SEO plugin. -->","yoast_head_json":{"title":"Osta Rock On Bath Salt verkosta \u2013 Rock On Bath Salt \u2013 parhaat maailmanlaajuiset l\u00e4\u00e4kkeet","description":"Osta Rock On Bath Salt myyt\u00e4v\u00e4n\u00e4 Isossa-Britanniassa, Euroopassa, AU:ssa. Tarjoamme luotettavimman kaupank\u00e4ynnin ja myymme eritt\u00e4in edulliseen hintaan. Rock On Bath Salt nyt parhaaseen hintaan","robots":{"index":"index","follow":"follow","max-snippet":"max-snippet:-1","max-image-preview":"max-image-preview:large","max-video-preview":"max-video-preview:-1"},"canonical":"https:\/\/medicinasinc.com\/fi\/product\/osta-rock-on-bath-suolaa\/","og_locale":"en_US","og_type":"article","og_title":"Osta Rock On Bath Salt verkosta \u2013 Rock On Bath Salt \u2013 parhaat maailmanlaajuiset l\u00e4\u00e4kkeet","og_description":"Osta Rock On Bath Salt myyt\u00e4v\u00e4n\u00e4 Isossa-Britanniassa, Euroopassa, AU:ssa. Tarjoamme luotettavimman kaupank\u00e4ynnin ja myymme eritt\u00e4in edulliseen hintaan. Rock On Bath Salt nyt parhaaseen hintaan","og_url":"https:\/\/medicinasinc.com\/fi\/product\/osta-rock-on-bath-suolaa\/","og_site_name":"Medicinas Inc","article_modified_time":"2022-03-22T00:51:58+00:00","og_image":[{"width":640,"height":428,"url":"https:\/\/medicinasinc.com\/fi\/wp-content\/uploads\/sites\/12\/2022\/02\/Buy-Rock-On-Bath-Salt.jpeg","type":"image\/jpeg"}],"twitter_card":"summary_large_image","twitter_misc":{"Est. reading time":"1 minute"},"schema":{"@context":"https:\/\/schema.org","@graph":[{"@type":"WebPage","@id":"https:\/\/medicinasinc.com\/fi\/product\/osta-rock-on-bath-suolaa\/","url":"https:\/\/medicinasinc.com\/fi\/product\/osta-rock-on-bath-suolaa\/","name":"Osta Rock On Bath Salt verkosta \u2013 Rock On Bath Salt \u2013 parhaat maailmanlaajuiset l\u00e4\u00e4kkeet","isPartOf":{"@id":"https:\/\/medicinasinc.com\/fi\/#website"},"primaryImageOfPage":{"@id":"https:\/\/medicinasinc.com\/fi\/product\/osta-rock-on-bath-suolaa\/#primaryimage"},"image":{"@id":"https:\/\/medicinasinc.com\/fi\/product\/osta-rock-on-bath-suolaa\/#primaryimage"},"thumbnailUrl":"https:\/\/medicinasinc.com\/fi\/wp-content\/uploads\/sites\/12\/2022\/02\/Buy-Rock-On-Bath-Salt.jpeg","datePublished":"2022-02-22T03:49:11+00:00","dateModified":"2022-03-22T00:51:58+00:00","description":"Osta Rock On Bath Salt myyt\u00e4v\u00e4n\u00e4 Isossa-Britanniassa, Euroopassa, AU:ssa. Tarjoamme luotettavimman kaupank\u00e4ynnin ja myymme eritt\u00e4in edulliseen hintaan. Rock On Bath Salt nyt parhaaseen hintaan","breadcrumb":{"@id":"https:\/\/medicinasinc.com\/fi\/product\/osta-rock-on-bath-suolaa\/#breadcrumb"},"inLanguage":"en-US","potentialAction":[{"@type":"ReadAction","target":["https:\/\/medicinasinc.com\/fi\/product\/osta-rock-on-bath-suolaa\/"]}]},{"@type":"ImageObject","inLanguage":"en-US","@id":"https:\/\/medicinasinc.com\/fi\/product\/osta-rock-on-bath-suolaa\/#primaryimage","url":"https:\/\/medicinasinc.com\/fi\/wp-content\/uploads\/sites\/12\/2022\/02\/Buy-Rock-On-Bath-Salt.jpeg","contentUrl":"https:\/\/medicinasinc.com\/fi\/wp-content\/uploads\/sites\/12\/2022\/02\/Buy-Rock-On-Bath-Salt.jpeg","width":640,"height":428},{"@type":"BreadcrumbList","@id":"https:\/\/medicinasinc.com\/fi\/product\/osta-rock-on-bath-suolaa\/#breadcrumb","itemListElement":[{"@type":"ListItem","position":1,"name":"Myym\u00e4l\u00e4","item":"https:\/\/medicinasinc.com\/fi\/myymala\/"},{"@type":"ListItem","position":2,"name":"Osta Rock On Bath Salt"}]},{"@type":"WebSite","@id":"https:\/\/medicinasinc.com\/fi\/#website","url":"https:\/\/medicinasinc.com\/fi\/","name":"Medicinas Inc","description":"Health Medical Clinic","potentialAction":[{"@type":"SearchAction","target":{"@type":"EntryPoint","urlTemplate":"https:\/\/medicinasinc.com\/fi\/?s={search_term_string}"},"query-input":{"@type":"PropertyValueSpecification","valueRequired":true,"valueName":"search_term_string"}}],"inLanguage":"en-US"}]}},"_links":{"self":[{"href":"https:\/\/medicinasinc.com\/fi\/wp-json\/wp\/v2\/product\/5667","targetHints":{"allow":["GET"]}}],"collection":[{"href":"https:\/\/medicinasinc.com\/fi\/wp-json\/wp\/v2\/product"}],"about":[{"href":"https:\/\/medicinasinc.com\/fi\/wp-json\/wp\/v2\/types\/product"}],"replies":[{"embeddable":true,"href":"https:\/\/medicinasinc.com\/fi\/wp-json\/wp\/v2\/comments?post=5667"}],"wp:featuredmedia":[{"embeddable":true,"href":"https:\/\/medicinasinc.com\/fi\/wp-json\/wp\/v2\/media\/5676"}],"wp:attachment":[{"href":"https:\/\/medicinasinc.com\/fi\/wp-json\/wp\/v2\/media?parent=5667"}],"wp:term":[{"taxonomy":"product_brand","embeddable":true,"href":"https:\/\/medicinasinc.com\/fi\/wp-json\/wp\/v2\/product_brand?post=5667"},{"taxonomy":"product_cat","embeddable":true,"href":"https:\/\/medicinasinc.com\/fi\/wp-json\/wp\/v2\/product_cat?post=5667"},{"taxonomy":"product_tag","embeddable":true,"href":"https:\/\/medicinasinc.com\/fi\/wp-json\/wp\/v2\/product_tag?post=5667"}],"curies":[{"name":"wp","href":"https:\/\/api.w.org\/{rel}","templated":true}]}}