{"id":5653,"date":"2022-02-22T03:27:38","date_gmt":"2022-02-22T03:27:38","guid":{"rendered":"https:\/\/medicinasinc.com\/fi\/?post_type=product&#038;p=5653"},"modified":"2022-03-22T00:52:12","modified_gmt":"2022-03-22T00:52:12","slug":"osta-3-mmc-jauhe","status":"publish","type":"product","link":"https:\/\/medicinasinc.com\/fi\/product\/osta-3-mmc-jauhe\/","title":{"rendered":"Osta 3-mmc jauhetta"},"content":{"rendered":"<p>Paras paikka ostaa 3-MMC-jauhetta verkosta on Best Global Meds, joka on paras paikka ostaa 3-MMC-jauhetta kemikaalitoimittajalta Euroopassa.<\/p>\n<p>Pankkisiirto vai bitcoin-maksut? Tarkista tiedot uloskirjautumisen yhteydess\u00e4.<br \/> Huomaa, ett\u00e4 korvaat vain seurannan ja vakuutetun palvelun vahingot. Jos pakettisi katoaa, saat ilmaisen uudelleenl\u00e4hetyksen 30 p\u00e4iv\u00e4n kuluttua. Jos pakettisi katoaa, et saa ilmaista uudelleenl\u00e4hetyst\u00e4.<br \/> Ennen klo 15.30 tehdyt Bitcoin-tilaukset l\u00e4hetet\u00e4\u00e4n samana p\u00e4iv\u00e4n\u00e4.<br \/> Osta\u00a0 3MMC-kortteja.<\/p>\n<p>Voit ostaa Chemicalin 3-MMC-jauhe osoitteesta www.bestglobalmeds.com irtotavarana edulliseen hintaan.<\/p>\n<p>3-Methylmethcathinone tai 3-MMC on esimerkki katinonien luokan molekyylist\u00e4, joka on lis\u00e4tty niihin . Ne ovat er\u00e4\u00e4nlainen amfetamiini, jossa on fenyylirengas, joka on liitetty aminoryhm\u00e4\u00e4n (NH2) etyyliketjun kautta ja ylim\u00e4\u00e4r\u00e4inen metyylisubstituutio R:ss\u00e4.<\/p>\n<p>3-MMC ja muut katinonit ovat erilaisia. toisaalta, koska niiss\u00e4 on ketonisubstituutioita amfetamiinirungon beetahiiless\u00e4, mik\u00e4 tekee niist\u00e4 -keto-amfetamiineja. metyylisubstituutiot: 3-MMC:n katinonirakenteessa on kaksi, yksi fenyyliryhm\u00e4n R3:ssa ja yksi typpiryhm\u00e4ss\u00e4 RN, johon metyyliryhm\u00e4 menee. 3-MMC on samanlainen kuin mefedroni, paitsi yksi asia: metyyliryhm\u00e4 on asetettu arvoon R3 R4:n sijaan.<\/p>\n<p>3-MMC-jauhetta voidaan k\u00e4ytt\u00e4\u00e4 monella eri tavalla, mutta se on tarkoitettu vain k\u00e4ytet\u00e4\u00e4n tutkimukseen. Sit\u00e4 ei voi k\u00e4ytt\u00e4\u00e4 mihink\u00e4\u00e4n n\u00e4ist\u00e4 muista asioista.<\/p>\n<p>Ennen kuin ostat tutkimuskemikaaleja, varmista, ett\u00e4 sinulla on oikeat ty\u00f6kalut ja ett\u00e4 ty\u00f6alueesi on hyvin tuuletettu.<\/p>\n<p> Sinun on oltava v\u00e4hint\u00e4\u00e4n 18-vuotias ostaaksesi t\u00e4m\u00e4n tuotteen.<\/p>\n<p>3-MMC-jauhe on laillinen kotimaassamme, jossa asumme. Sinun on tiedett\u00e4v\u00e4 ja noudatettava maasi, l\u00e4\u00e4ni, alueesi, osavaltiosi tai kaupunkisi lakeja. Emme ole vastuussa siit\u00e4, mit\u00e4 teet tai mit\u00e4 tapahtuu tilauksen j\u00e4lkeen.<\/p>\n","protected":false},"excerpt":{"rendered":"<p>3-metyylimetkatinoni, joka tunnetaan my\u00f6s nimell\u00e4 3-MMC tai metafedroni[1], on uusi l\u00e4\u00e4ke. 3-MMC:n hydrokloridisuola on valkoista jauhetta, joka n\u00e4ytt\u00e4\u00e4 hiutaleilta.<\/p>\n<p>Mist\u00e4 voin ostaa 3-mmc-jauhetta myyt\u00e4v\u00e4ksi Isossa-Britanniassa ja Euroopassa? Meill\u00e4 on myynniss\u00e4 laadukkaita 3-MMC:it\u00e4 kide-, pelletti- ja jauhemuodossa. Voit ostaa sen meilt\u00e4 Best Global Medsist\u00e4.<\/p>\n<p>3-MMC-jauhetta on helppo ostaa verkosta Bestglobalmeds.com-nimiselt\u00e4 yritykselt\u00e4, joka on yksi Euroopan parhaista kemikaalien toimittajista. Pankkisiirto tai bitcoin-maksut ovat kaksi tapaa maksaa asioita.<\/p>\n","protected":false},"featured_media":5664,"comment_status":"open","ping_status":"closed","template":"","meta":[],"product_brand":[],"product_cat":[2014],"product_tag":[2333,2403,2101,2337,2102,2363,2329,2103,2326,2104,2365,2105,2124,2106,2107,2110,2111,2142,2116,2117,2118,2119,2130,2135,2138,2137,2134,2129,2132,2366,2108,2120,2121,2122,2123,2125,2367,2126,2128,2131,2136,2127,2115,2139,2143,2140,2141,2114,2112,2144,2113,2133,2145,2146,2153,2151,2150,2152,2155,2331,2156,2332,2157,2158,2372,2159,2160,2165,2166,2167,2168,2173,2174,2175,2176,2177,2181,2182,2183,2328,2330,2344,2185,2193,2194,2195,2196,2199,2200,2201,2203,2209,2210,2211,2212,2216,2205,2206,2207,2208,2214,2215,2219,2221,2222,2223,2225,2226,2229,2233,2234,2236,2238,2240,2243,2244,2245,2246,2247,2248,2249,2250,2251,2252,2254,2255,2256,2257,2258,2259,2260,2261,2262,2264,2266,2269,2270,2271,2272,2276,2277,2278,2279,2335,2345,2308,2446,2291,2280,2281,2282,2283,2284,2285,2286,2287,2288,2289,2290,2309,2294,2197,2292,2407,2346,2406,2297,2298,2299,2300,2301,2302,2303,2304,2305,2306,2307,2217,2218,2379,2408,2409,2410,2411,2412,2415,2389,2417,2418,2474,2392,2310,2311,2312,2313,2314,2315,2316,2317,2318,2319,2320,2321,2476,2347,2325,2339,2327,2336,2338,2340,2341,2342,2343,2213,2419,2391,2349,2350,2351,2352,2355,2356,2357,2358,2359,2360,2361,2362,2364,2368,2369,2370,2371,2373,2374,2295,2235,2263,2430,2421,2172,2422,2220,2413,2423,2161,2424,2162,2163,2425,2227,2228,2164,2469,2385,2414,2232,2428,2179,2180,2431,2169,2253,2265,2432,2170,2322,2433,2239,2184,2434,2171,2178,2267,2323,2202,2204,2334,2380,2381,2382,2383,2384,2386,2387,2416,2388,2390,2420,2324,2394,2395,2396,2397,2398,2399,2400,2401,2402,2404,2405,2186,2188,2189,2293,2198,2268,2348,2187,2353,2190,2191,2354,2192,2273,2274,2275,3500,2426,2427,2429,2435,2436,2437,2438,2439,2440,2441,2442,2443,2444,2445,2447,2449,2450,2451,2452,2453,2454,2455,2456,2457,2458,2459,2460,2461,2462,2463,2464,2465,2466,2467,2468,2470,2471,2472,2473,2475],"class_list":{"0":"post-5653","1":"product","2":"type-product","3":"status-publish","4":"has-post-thumbnail","6":"product_cat-osta-tutkimus-kemikaaleja","7":"product_tag-store-a-php","8":"product_tag-kaupasta-phphen","9":"product_tag-2-fdck","10":"product_tag-magazine-2-fdck","11":"product_tag-2-mmc","12":"product_tag-kauppa-2-mmc","13":"product_tag-varasto-3-mmc-pelletit","14":"product_tag-3-cmc","15":"product_tag-kauppa-3-cmc","16":"product_tag-3-mm","17":"product_tag-kauppa-3-mma","18":"product_tag-3-mmc","19":"product_tag-3-mmc-alankomaat","20":"product_tag-3-mmc-bitcoin","21":"product_tag-3-mmc-bulgaria","22":"product_tag-3-mmc-cyprus","23":"product_tag-3-mmc-czechia","24":"product_tag-3-mmc-espanja","25":"product_tag-3-mmc-greece","26":"product_tag-3-mmc-hungary","27":"product_tag-3-mmc-ireland","28":"product_tag-3-mmc-italy","29":"product_tag-3-mmc-jauhe-bulkki","30":"product_tag-3-mmc-jauhe-reddit","31":"product_tag-3-mmc-jauhe-tukkumyynti","32":"product_tag-3-mmc-jauheen-myynti","33":"product_tag-3-mmc-jauhetilaus","34":"product_tag-3-mmc-jauhe","35":"product_tag-3-mmc-jauhe-myynniss","36":"product_tag-kauppa-3-mmc","37":"product_tag-3-mmc-kroatia","38":"product_tag-3-mmc-latvia","39":"product_tag-3-mmc-liettua","40":"product_tag-3-mmc-luxemburg","41":"product_tag-3-mmc-malta","42":"product_tag-3-mmc-pelletit","43":"product_tag-kauppa-3-mmc-pelletit","44":"product_tag-3-mmc-pillerit","45":"product_tag-3-mmc-portugali","46":"product_tag-3-mmc-powder-effect","47":"product_tag-3-mmc-powder-sale","48":"product_tag-3-mmc-puola","49":"product_tag-3-mmc-ranska","50":"product_tag-3-mmc-romania","51":"product_tag-3-mmc-ruotsi","52":"product_tag-3-mmc-slovakia","53":"product_tag-3-mmc-slovenia","54":"product_tag-3-mmc-suomi","55":"product_tag-3-mmc-tanska","56":"product_tag-3-mmc-tukkumyynti","57":"product_tag-3-mmc-viro","58":"product_tag-3-mmc-jauhe-verkossa","59":"product_tag-3mmc","60":"product_tag-3mmc-belgia","61":"product_tag-3mmc-bitcoinilla","62":"product_tag-3mmc-espanja","63":"product_tag-3mmc-romania","64":"product_tag-3mmc-tukkumyynti","65":"product_tag-4-cmc","66":"product_tag-kauppa-4-cmc","67":"product_tag-5-mmpa","68":"product_tag-kauppa-5-mmpa","69":"product_tag-a-php","70":"product_tag-a-pihp","71":"product_tag-shop-at-pihp","72":"product_tag-acheter-2-fdck","73":"product_tag-acheter-2-mmc","74":"product_tag-acheter-3-mmc-pills","75":"product_tag-acheter-4-cmc","76":"product_tag-acheter-5-mmpa","77":"product_tag-acheter-a-php","78":"product_tag-acquista-2-mmc","79":"product_tag-acquista-3-cmc","80":"product_tag-acquista-3-mma","81":"product_tag-acquista-3-mmc","82":"product_tag-acquista-3-mmc-pellets","83":"product_tag-acquista-a-php","84":"product_tag-acquista-a-pihp","85":"product_tag-acquista-eutylone","86":"product_tag-lehti-3-mmc","87":"product_tag-lehti-3-mmc-pillerit","88":"product_tag-aikakauslehti-a-pihp","89":"product_tag-al-por-mayor-2-fdck","90":"product_tag-al-por-mayor-5-mmpa","91":"product_tag-al-por-mayor-a-php","92":"product_tag-al-por-mayor-a-pihp","93":"product_tag-al-por-mayor-eutylone","94":"product_tag-best-3-cmc","95":"product_tag-best-3-mmc","96":"product_tag-best-4-cmc","97":"product_tag-best-hexedrone","98":"product_tag-bulk-3-mmc","99":"product_tag-bulk-3-mmc-pellets","100":"product_tag-bulk-3-mmc-pills","101":"product_tag-bulk-4-cmc","102":"product_tag-bulkkieutyloni","103":"product_tag-bulk-2-fdck","104":"product_tag-bulkki-2-mmc","105":"product_tag-bulkki-3-cmc","106":"product_tag-bulkki-3-mma","107":"product_tag-bulk-a-php","108":"product_tag-bulk-a-pihp","109":"product_tag-buy-2-fdck","110":"product_tag-buy-3-cmc","111":"product_tag-buy-3-mma","112":"product_tag-buy-3-mmc","113":"product_tag-buy-3-mmc-pellets","114":"product_tag-buy-3-mmc-pills","115":"product_tag-buy-3mmc","116":"product_tag-buy-4-cmc","117":"product_tag-buy-5-mmpa","118":"product_tag-buy-a-pihp","119":"product_tag-buy-eutylone","120":"product_tag-buy-hexen","121":"product_tag-comprar-2-fdck","122":"product_tag-comprar-2-mmc","123":"product_tag-comprar-3-cmc","124":"product_tag-comprar-3-mma","125":"product_tag-comprar-3-mmc","126":"product_tag-comprar-3-mmc-pellets","127":"product_tag-comprar-3-mmc-pills","128":"product_tag-comprar-4-cmc","129":"product_tag-comprar-5-mmpa","130":"product_tag-comprar-a-php","131":"product_tag-comprar-eutylone","132":"product_tag-comprar-hexedrone","133":"product_tag-comprar-hexen","134":"product_tag-cumpara-2-fdck","135":"product_tag-cumpara-3-cmc","136":"product_tag-cumpara-3-mma","137":"product_tag-cumpara-3-mmc","138":"product_tag-cumpara-4-cmc","139":"product_tag-cumpara-5-mmpa","140":"product_tag-cumpara-a-pihp","141":"product_tag-cumpara-hexedrone","142":"product_tag-en-gros-3-cmc","143":"product_tag-en-gros-3-mma","144":"product_tag-en-gros-3-mmc","145":"product_tag-en-gros-4-cmc","146":"product_tag-en-gros-eutylone","147":"product_tag-en-gros-hexedrone","148":"product_tag-en-gros-hexen","149":"product_tag-eutyloni","150":"product_tag-kauppa-eutyloni","151":"product_tag-eutylonikauppa","152":"product_tag-ingrosso-eutyloni","153":"product_tag-tukku-eutyloni","154":"product_tag-eutylonin-tukkumyynti","155":"product_tag-groothandel-2-fdck","156":"product_tag-groothandel-2-mmc","157":"product_tag-groothandel-3-cmc","158":"product_tag-groothandel-3-mma","159":"product_tag-groothandel-3-mmc","160":"product_tag-groothandel-3-mmc-pellets","161":"product_tag-groothandel-3-mmc-pills","162":"product_tag-groothandel-4-cmc","163":"product_tag-groothandel-5-mmpa","164":"product_tag-groothandel-a-php","165":"product_tag-groothandel-a-pihp","166":"product_tag-ingrosso-noidat","167":"product_tag-heksadroni","168":"product_tag-tukku-heksedroni","169":"product_tag-heksedronin-tukkumyynti","170":"product_tag-kauppa-hexen","171":"product_tag-hexedrone-kauppa","172":"product_tag-hexedrone-myyml","173":"product_tag-ingrosso-2-fdck","174":"product_tag-ingrosso-2-mmc","175":"product_tag-ingrosso-3-cmc","176":"product_tag-ingrosso-3-mma","177":"product_tag-ingrosso-3-mmc","178":"product_tag-ingrosso-3-mmc-pelletit","179":"product_tag-ingrosso-3-mmc-pillerit","180":"product_tag-ingrosso-4-cmc","181":"product_tag-ingrosso-5-mmpa","182":"product_tag-ingrosso-a-php","183":"product_tag-ingrosso-a-pihp","184":"product_tag-bulkki-heksdroni","185":"product_tag-bulkki-hekseeni","186":"product_tag-shop-2-fdck","187":"product_tag-lentoonlht-2-fdck","188":"product_tag-lentoonlht-2-mmc","189":"product_tag-lentoonlht-3-cmc","190":"product_tag-lentoonlht-3-mm","191":"product_tag-lentoonlht-3-mmc","192":"product_tag-lentoonlht-4-cmc","193":"product_tag-shop-a-pihp","194":"product_tag-uzlet-a-pihp","195":"product_tag-lentoonlhteutylonin","196":"product_tag-eutylonin-kauppa","197":"product_tag-kauppa-noidat","198":"product_tag-koop-2-fdck","199":"product_tag-koop-2-mmc","200":"product_tag-koop-3-cmc","201":"product_tag-koop-3-mma","202":"product_tag-koop-3-mmc","203":"product_tag-koop-3-mmc-pelletit","204":"product_tag-koop-3-mmc-pills","205":"product_tag-koop-4-cmc","206":"product_tag-koop-5-mmpa","207":"product_tag-koop-a-php","208":"product_tag-koop-a-pihp","209":"product_tag-koop-eutylone","210":"product_tag-kulman-noidat","211":"product_tag-lehden-noidat","212":"product_tag-lehti-2-mmc","213":"product_tag-aikakauslehti-3-mma","214":"product_tag-magasin-3-mma","215":"product_tag-magasin-hexen","216":"product_tag-magazin-3-cmc","217":"product_tag-magazin-3-mmc","218":"product_tag-magazin-4-cmc","219":"product_tag-magazin-5-mmpa","220":"product_tag-magazin-a-php","221":"product_tag-bulkki-5-mmpa","222":"product_tag-lentoonlht-heksadroni","223":"product_tag-kauppa-heksdroni","224":"product_tag-nagykereskedelem-2-mmc","225":"product_tag-nagykereskedelem-3-cmc","226":"product_tag-nagykereskedelem-3-mma","227":"product_tag-nagykereskedelem-3-mmc","228":"product_tag-nagykereskedelem-4-cmc","229":"product_tag-nagykereskedelem-5-mmpa","230":"product_tag-nagykereskedelem-a-php","231":"product_tag-nagykereskedelem-a-pihp","232":"product_tag-nagykereskedelem-eutylone","233":"product_tag-nagykereskedelem-hexedrone","234":"product_tag-nagykereskedelem-hexen","235":"product_tag-negozio-2-fdck","236":"product_tag-negozio-3-cmc","237":"product_tag-negozio-3-mmc-pills","238":"product_tag-negozio-4-cmc","239":"product_tag-negozio-5-mmpa","240":"product_tag-negozio-a-php","241":"product_tag-negozio-eutylone","242":"product_tag-negozio-hexen","243":"product_tag-noidat","244":"product_tag-osta-php","245":"product_tag-cumpara-a-php","246":"product_tag-vasarold-meg-a-php","247":"product_tag-vasarold-meg-2-fdck","248":"product_tag-osta-2-fdck","249":"product_tag-vasarold-meg-2-mmc","250":"product_tag-osta-2-mmc","251":"product_tag-uzlet-3-mmc-pelletit","252":"product_tag-vasarold-meg-3-cmc","253":"product_tag-osta-3-cmc","254":"product_tag-vasarold-meg-3-mma","255":"product_tag-osta-3-mmma","256":"product_tag-osta-3-mmc","257":"product_tag-vasarold-meg-3-mmc","258":"product_tag-osta-3-mmc-jauhe-eurooppa","259":"product_tag-osta-3-mmc-jauhe-uk","260":"product_tag-osta-3-mmc-pellettej","261":"product_tag-myyml-3-mmc-pillerit","262":"product_tag-shop-3-mmc-pills","263":"product_tag-lentoonlht-3-mmc-pillerit","264":"product_tag-osta-3mmc-jauhe","265":"product_tag-vasarold-meg-4-cmc","266":"product_tag-osta-4-cmc","267":"product_tag-osta-5-mmpa","268":"product_tag-vasarold-meg-pihp","269":"product_tag-osta-pihp","270":"product_tag-osta-a-pihp","271":"product_tag-osta-eutylonia","272":"product_tag-vasarold-meg-eutyloni","273":"product_tag-osta-eutyloni","274":"product_tag-osta-hexedrone","275":"product_tag-vasarold-meg-heksedroni","276":"product_tag-osta-heksdroni","277":"product_tag-osta-hexen","278":"product_tag-vasarold-meg-hexen","279":"product_tag-acheter-hexen","280":"product_tag-osta-3-mmc-pillerit","281":"product_tag-ostaa-hekseeni","282":"product_tag-ostaa-heksej","283":"product_tag-paras-a-pihp","284":"product_tag-paras-hexen","285":"product_tag-store-a-pihp","286":"product_tag-shop-2-mmc","287":"product_tag-shop-3-cmc","288":"product_tag-shop-3-mma","289":"product_tag-shop-3-mmc","290":"product_tag-shop-3-mmc-pellets","291":"product_tag-shop-4-cmc","292":"product_tag-shop-5-mmpa","293":"product_tag-uzlet-a-php","294":"product_tag-shop-a-php","295":"product_tag-shop-eutylone","296":"product_tag-uzlet-hexen","297":"product_tag-store-2-fdck","298":"product_tag-tienda-2-fdck","299":"product_tag-tienda-2-mmc","300":"product_tag-tienda-3-cmc","301":"product_tag-tienda-3-mma","302":"product_tag-tienda-3-mmc","303":"product_tag-tienda-3-mmc-pellets","304":"product_tag-tienda-3-mmc-pills","305":"product_tag-tienda-4-cmc","306":"product_tag-tienda-5-mmpa","307":"product_tag-tienda-a-pihp","308":"product_tag-tienda-eutylone","309":"product_tag-tukku-2-mmc","310":"product_tag-tukku-3-mma","311":"product_tag-tukku-3-mmc","312":"product_tag-tukku-heksa","313":"product_tag-tukku-hexen","314":"product_tag-tukkumyynti-2-fdck","315":"product_tag-tukku-2-fdck","316":"product_tag-tukku-3-cmc","317":"product_tag-tukkumyynti-3-mmc-pelletit","318":"product_tag-tukku-3-mmc-pelletit","319":"product_tag-tukku-3-mmc-pillerit","320":"product_tag-tukkumyynti-3-mmc-pillereit","321":"product_tag-tukku-4-cmc","322":"product_tag-tukku-5-mmpa","323":"product_tag-tukku-a-php","324":"product_tag-tukku-a-pihp","325":"product_tag-tutkimus-kemiallinen-3-mmc-jauhe","326":"product_tag-vasarold-meg-3-mmc-pellets","327":"product_tag-vasarold-meg-3-mmc-pills","328":"product_tag-vasarold-meg-5-mmpa","329":"product_tag-vente-en-gros-2-fdck","330":"product_tag-vente-en-gros-2-mmc","331":"product_tag-vente-en-gros-3-cmc","332":"product_tag-vente-en-gros-3-mma","333":"product_tag-vente-en-gros-3-mmc","334":"product_tag-vente-en-gros-3-mmc-pellets","335":"product_tag-vente-en-gros-3-mmc-pills","336":"product_tag-vente-en-gros-4-cmc","337":"product_tag-vente-en-gros-5-mmpa","338":"product_tag-vente-en-gros-a-php","339":"product_tag-vente-en-gros-a-pihp","340":"product_tag-vente-en-gros-hexen","341":"product_tag-wholesale-2-fdck","342":"product_tag-wholesale-2-mmc","343":"product_tag-wholesale-3-cmc","344":"product_tag-wholesale-3-mma","345":"product_tag-wholesale-3-mmc","346":"product_tag-wholesale-3-mmc-pellets","347":"product_tag-wholesale-3-mmc-pills","348":"product_tag-wholesale-4-cmc","349":"product_tag-wholesale-5-mmpa","350":"product_tag-wholesale-a-php","351":"product_tag-wholesale-a-pihp","352":"product_tag-wholesale-eutylone","353":"product_tag-wholesale-hexedrone","354":"product_tag-wholesale-hexen","355":"product_tag-winkel-2-fdck","356":"product_tag-winkel-2-mmc","357":"product_tag-winkel-3-cmc","358":"product_tag-winkel-3-mma","359":"product_tag-winkel-3-mmc","360":"product_tag-winkel-3-mmc-pelletit","361":"product_tag-winkel-4-cmc","362":"product_tag-winkel-5-mmpa","363":"product_tag-winkel-a-php","364":"product_tag-winkel-a-pihp","365":"product_tag-winkel-hexedrone","367":"first","368":"instock","369":"shipping-taxable","370":"purchasable","371":"product-type-variable","372":"has-default-attributes"},"yoast_head":"<!-- This site is optimized with the Yoast SEO plugin v27.3 - https:\/\/yoast.com\/product\/yoast-seo-wordpress\/ -->\n<title>Osta 3-mmc-jauhe - 3-mmc-jauhe myyt\u00e4v\u00e4n\u00e4 - Best Global Meds<\/title>\n<meta name=\"description\" content=\"Mist\u00e4 ostaa 3-mmc-jauhetta myyt\u00e4v\u00e4ksi Isossa-Britanniassa, Euroopassa? Best Global Medsill\u00e4 on korkealaatuista 3-MMC-jauhetta, joka on saatavilla kide-, pelletti- ja jauhemuodossa.\" \/>\n<meta name=\"robots\" content=\"index, follow, max-snippet:-1, max-image-preview:large, max-video-preview:-1\" \/>\n<link rel=\"canonical\" href=\"https:\/\/medicinasinc.com\/fi\/product\/osta-3-mmc-jauhe\/\" \/>\n<meta property=\"og:locale\" content=\"en_US\" \/>\n<meta property=\"og:type\" content=\"article\" \/>\n<meta property=\"og:title\" content=\"Osta 3-mmc-jauhe - 3-mmc-jauhe myyt\u00e4v\u00e4n\u00e4 - Best Global Meds\" \/>\n<meta property=\"og:description\" content=\"Mist\u00e4 ostaa 3-mmc-jauhetta myyt\u00e4v\u00e4ksi Isossa-Britanniassa, Euroopassa? Best Global Medsill\u00e4 on korkealaatuista 3-MMC-jauhetta, joka on saatavilla kide-, pelletti- ja jauhemuodossa.\" \/>\n<meta property=\"og:url\" content=\"https:\/\/medicinasinc.com\/fi\/product\/osta-3-mmc-jauhe\/\" \/>\n<meta property=\"og:site_name\" content=\"Medicinas Inc\" \/>\n<meta property=\"article:modified_time\" content=\"2022-03-22T00:52:12+00:00\" \/>\n<meta property=\"og:image\" content=\"https:\/\/medicinasinc.com\/fi\/wp-content\/uploads\/sites\/12\/2022\/02\/3-MMC-powder.jpg\" \/>\n\t<meta property=\"og:image:width\" content=\"350\" \/>\n\t<meta property=\"og:image:height\" content=\"350\" \/>\n\t<meta property=\"og:image:type\" content=\"image\/jpeg\" \/>\n<meta name=\"twitter:card\" content=\"summary_large_image\" \/>\n<meta name=\"twitter:label1\" content=\"Est. reading time\" \/>\n\t<meta name=\"twitter:data1\" content=\"2 minutes\" \/>\n<script type=\"application\/ld+json\" class=\"yoast-schema-graph\">{\"@context\":\"https:\\\/\\\/schema.org\",\"@graph\":[{\"@type\":\"WebPage\",\"@id\":\"https:\\\/\\\/medicinasinc.com\\\/fi\\\/product\\\/osta-3-mmc-jauhe\\\/\",\"url\":\"https:\\\/\\\/medicinasinc.com\\\/fi\\\/product\\\/osta-3-mmc-jauhe\\\/\",\"name\":\"Osta 3-mmc-jauhe - 3-mmc-jauhe myyt\u00e4v\u00e4n\u00e4 - Best Global Meds\",\"isPartOf\":{\"@id\":\"https:\\\/\\\/medicinasinc.com\\\/fi\\\/#website\"},\"primaryImageOfPage\":{\"@id\":\"https:\\\/\\\/medicinasinc.com\\\/fi\\\/product\\\/osta-3-mmc-jauhe\\\/#primaryimage\"},\"image\":{\"@id\":\"https:\\\/\\\/medicinasinc.com\\\/fi\\\/product\\\/osta-3-mmc-jauhe\\\/#primaryimage\"},\"thumbnailUrl\":\"https:\\\/\\\/medicinasinc.com\\\/fi\\\/wp-content\\\/uploads\\\/sites\\\/12\\\/2022\\\/02\\\/3-MMC-powder.jpg\",\"datePublished\":\"2022-02-22T03:27:38+00:00\",\"dateModified\":\"2022-03-22T00:52:12+00:00\",\"description\":\"Mist\u00e4 ostaa 3-mmc-jauhetta myyt\u00e4v\u00e4ksi Isossa-Britanniassa, Euroopassa? Best Global Medsill\u00e4 on korkealaatuista 3-MMC-jauhetta, joka on saatavilla kide-, pelletti- ja jauhemuodossa.\",\"breadcrumb\":{\"@id\":\"https:\\\/\\\/medicinasinc.com\\\/fi\\\/product\\\/osta-3-mmc-jauhe\\\/#breadcrumb\"},\"inLanguage\":\"en-US\",\"potentialAction\":[{\"@type\":\"ReadAction\",\"target\":[\"https:\\\/\\\/medicinasinc.com\\\/fi\\\/product\\\/osta-3-mmc-jauhe\\\/\"]}]},{\"@type\":\"ImageObject\",\"inLanguage\":\"en-US\",\"@id\":\"https:\\\/\\\/medicinasinc.com\\\/fi\\\/product\\\/osta-3-mmc-jauhe\\\/#primaryimage\",\"url\":\"https:\\\/\\\/medicinasinc.com\\\/fi\\\/wp-content\\\/uploads\\\/sites\\\/12\\\/2022\\\/02\\\/3-MMC-powder.jpg\",\"contentUrl\":\"https:\\\/\\\/medicinasinc.com\\\/fi\\\/wp-content\\\/uploads\\\/sites\\\/12\\\/2022\\\/02\\\/3-MMC-powder.jpg\",\"width\":350,\"height\":350},{\"@type\":\"BreadcrumbList\",\"@id\":\"https:\\\/\\\/medicinasinc.com\\\/fi\\\/product\\\/osta-3-mmc-jauhe\\\/#breadcrumb\",\"itemListElement\":[{\"@type\":\"ListItem\",\"position\":1,\"name\":\"Myym\u00e4l\u00e4\",\"item\":\"https:\\\/\\\/medicinasinc.com\\\/fi\\\/myymala\\\/\"},{\"@type\":\"ListItem\",\"position\":2,\"name\":\"Osta 3-mmc jauhetta\"}]},{\"@type\":\"WebSite\",\"@id\":\"https:\\\/\\\/medicinasinc.com\\\/fi\\\/#website\",\"url\":\"https:\\\/\\\/medicinasinc.com\\\/fi\\\/\",\"name\":\"Medicinas Inc\",\"description\":\"Health Medical Clinic\",\"potentialAction\":[{\"@type\":\"SearchAction\",\"target\":{\"@type\":\"EntryPoint\",\"urlTemplate\":\"https:\\\/\\\/medicinasinc.com\\\/fi\\\/?s={search_term_string}\"},\"query-input\":{\"@type\":\"PropertyValueSpecification\",\"valueRequired\":true,\"valueName\":\"search_term_string\"}}],\"inLanguage\":\"en-US\"}]}<\/script>\n<!-- \/ Yoast SEO plugin. -->","yoast_head_json":{"title":"Osta 3-mmc-jauhe - 3-mmc-jauhe myyt\u00e4v\u00e4n\u00e4 - Best Global Meds","description":"Mist\u00e4 ostaa 3-mmc-jauhetta myyt\u00e4v\u00e4ksi Isossa-Britanniassa, Euroopassa? Best Global Medsill\u00e4 on korkealaatuista 3-MMC-jauhetta, joka on saatavilla kide-, pelletti- ja jauhemuodossa.","robots":{"index":"index","follow":"follow","max-snippet":"max-snippet:-1","max-image-preview":"max-image-preview:large","max-video-preview":"max-video-preview:-1"},"canonical":"https:\/\/medicinasinc.com\/fi\/product\/osta-3-mmc-jauhe\/","og_locale":"en_US","og_type":"article","og_title":"Osta 3-mmc-jauhe - 3-mmc-jauhe myyt\u00e4v\u00e4n\u00e4 - Best Global Meds","og_description":"Mist\u00e4 ostaa 3-mmc-jauhetta myyt\u00e4v\u00e4ksi Isossa-Britanniassa, Euroopassa? Best Global Medsill\u00e4 on korkealaatuista 3-MMC-jauhetta, joka on saatavilla kide-, pelletti- ja jauhemuodossa.","og_url":"https:\/\/medicinasinc.com\/fi\/product\/osta-3-mmc-jauhe\/","og_site_name":"Medicinas Inc","article_modified_time":"2022-03-22T00:52:12+00:00","og_image":[{"width":350,"height":350,"url":"https:\/\/medicinasinc.com\/fi\/wp-content\/uploads\/sites\/12\/2022\/02\/3-MMC-powder.jpg","type":"image\/jpeg"}],"twitter_card":"summary_large_image","twitter_misc":{"Est. reading time":"2 minutes"},"schema":{"@context":"https:\/\/schema.org","@graph":[{"@type":"WebPage","@id":"https:\/\/medicinasinc.com\/fi\/product\/osta-3-mmc-jauhe\/","url":"https:\/\/medicinasinc.com\/fi\/product\/osta-3-mmc-jauhe\/","name":"Osta 3-mmc-jauhe - 3-mmc-jauhe myyt\u00e4v\u00e4n\u00e4 - Best Global Meds","isPartOf":{"@id":"https:\/\/medicinasinc.com\/fi\/#website"},"primaryImageOfPage":{"@id":"https:\/\/medicinasinc.com\/fi\/product\/osta-3-mmc-jauhe\/#primaryimage"},"image":{"@id":"https:\/\/medicinasinc.com\/fi\/product\/osta-3-mmc-jauhe\/#primaryimage"},"thumbnailUrl":"https:\/\/medicinasinc.com\/fi\/wp-content\/uploads\/sites\/12\/2022\/02\/3-MMC-powder.jpg","datePublished":"2022-02-22T03:27:38+00:00","dateModified":"2022-03-22T00:52:12+00:00","description":"Mist\u00e4 ostaa 3-mmc-jauhetta myyt\u00e4v\u00e4ksi Isossa-Britanniassa, Euroopassa? Best Global Medsill\u00e4 on korkealaatuista 3-MMC-jauhetta, joka on saatavilla kide-, pelletti- ja jauhemuodossa.","breadcrumb":{"@id":"https:\/\/medicinasinc.com\/fi\/product\/osta-3-mmc-jauhe\/#breadcrumb"},"inLanguage":"en-US","potentialAction":[{"@type":"ReadAction","target":["https:\/\/medicinasinc.com\/fi\/product\/osta-3-mmc-jauhe\/"]}]},{"@type":"ImageObject","inLanguage":"en-US","@id":"https:\/\/medicinasinc.com\/fi\/product\/osta-3-mmc-jauhe\/#primaryimage","url":"https:\/\/medicinasinc.com\/fi\/wp-content\/uploads\/sites\/12\/2022\/02\/3-MMC-powder.jpg","contentUrl":"https:\/\/medicinasinc.com\/fi\/wp-content\/uploads\/sites\/12\/2022\/02\/3-MMC-powder.jpg","width":350,"height":350},{"@type":"BreadcrumbList","@id":"https:\/\/medicinasinc.com\/fi\/product\/osta-3-mmc-jauhe\/#breadcrumb","itemListElement":[{"@type":"ListItem","position":1,"name":"Myym\u00e4l\u00e4","item":"https:\/\/medicinasinc.com\/fi\/myymala\/"},{"@type":"ListItem","position":2,"name":"Osta 3-mmc jauhetta"}]},{"@type":"WebSite","@id":"https:\/\/medicinasinc.com\/fi\/#website","url":"https:\/\/medicinasinc.com\/fi\/","name":"Medicinas Inc","description":"Health Medical Clinic","potentialAction":[{"@type":"SearchAction","target":{"@type":"EntryPoint","urlTemplate":"https:\/\/medicinasinc.com\/fi\/?s={search_term_string}"},"query-input":{"@type":"PropertyValueSpecification","valueRequired":true,"valueName":"search_term_string"}}],"inLanguage":"en-US"}]}},"_links":{"self":[{"href":"https:\/\/medicinasinc.com\/fi\/wp-json\/wp\/v2\/product\/5653","targetHints":{"allow":["GET"]}}],"collection":[{"href":"https:\/\/medicinasinc.com\/fi\/wp-json\/wp\/v2\/product"}],"about":[{"href":"https:\/\/medicinasinc.com\/fi\/wp-json\/wp\/v2\/types\/product"}],"replies":[{"embeddable":true,"href":"https:\/\/medicinasinc.com\/fi\/wp-json\/wp\/v2\/comments?post=5653"}],"wp:featuredmedia":[{"embeddable":true,"href":"https:\/\/medicinasinc.com\/fi\/wp-json\/wp\/v2\/media\/5664"}],"wp:attachment":[{"href":"https:\/\/medicinasinc.com\/fi\/wp-json\/wp\/v2\/media?parent=5653"}],"wp:term":[{"taxonomy":"product_brand","embeddable":true,"href":"https:\/\/medicinasinc.com\/fi\/wp-json\/wp\/v2\/product_brand?post=5653"},{"taxonomy":"product_cat","embeddable":true,"href":"https:\/\/medicinasinc.com\/fi\/wp-json\/wp\/v2\/product_cat?post=5653"},{"taxonomy":"product_tag","embeddable":true,"href":"https:\/\/medicinasinc.com\/fi\/wp-json\/wp\/v2\/product_tag?post=5653"}],"curies":[{"name":"wp","href":"https:\/\/api.w.org\/{rel}","templated":true}]}}