{"id":5652,"date":"2022-02-22T03:24:25","date_gmt":"2022-02-22T03:24:25","guid":{"rendered":"https:\/\/medicinasinc.com\/fi\/?post_type=product&#038;p=5652"},"modified":"2022-03-22T00:52:22","modified_gmt":"2022-03-22T00:52:22","slug":"osta-quickhopea-kylpysuolaa","status":"publish","type":"product","link":"https:\/\/medicinasinc.com\/fi\/product\/osta-quickhopea-kylpysuolaa\/","title":{"rendered":"Osta Quicksilver kylpysuolaa"},"content":{"rendered":"<p><strong>Voit ostaa Quicksilver Bath Salt -suolaa Internetist\u00e4.<\/strong><\/p>\n<p>Iso-Britanniassa, Euroopassa ja Australiassa voit ostaa Quicksilver Bath Salt -suolaa suurella rahalla. Meilt\u00e4 ostavat ihmiset voivat olla varmoja siit\u00e4, ett\u00e4 he saavat sen, mist\u00e4 maksavat. Nyt on paras aika ostaa Quicksilver Bath Salt -suolaa parhaaseen hintaan.<\/p>\n<div class=\"product-next-previous\">\n<div class=\"product-prev\"><\/div><\/div>\n","protected":false},"excerpt":{"rendered":"<div class=\"woocommerce-product-details__short-description\">\n<p>Parhaiden merkkien kylpysuolatiiviste. metyyliaminopropaani: Metiopropamiini on 1-tiofen-2-yyli-2-metyyliaminopropaani.<\/p>\n<p>Parhaaseen hintaan voit ostaa QuickSilver Bath Salt -kylpysuolaa verkosta. Lupaamme turvallisen toimituksen kaikkialle maailmaan.<\/p>\n<p>Osta 1000 mg QuickSilver Bath Salt -suolaa verkosta. Tiivistetty kylpysuola parhailta merkeilt\u00e4. 1-(tiofen-2-yyli)-2-metyyliaminopropaania kutsutaan metiopropamiiniksi.<\/p>\n<\/p><\/div>\n","protected":false},"featured_media":5662,"comment_status":"open","ping_status":"closed","template":"","meta":[],"product_brand":[],"product_cat":[2014],"product_tag":[3434,3435,3095,3440,3442,3443,3097,3444,3445,3446,3450,3451,3452,3455,3457,3458,3460,3461,3462,3463,3469,3471,3474,3470,3473,3083,3433,3439,3438,3432,3436,3437,3489,3478,3477,3479,3475,3165,3481,3482,3498,3497,3499,3496,3480,3491,3476,3483,3484,3453,3454,3456,3448,3459,3464,3466,3467,3447,3488,3449,3465,3441,3493,3490,3492,3472,3486,3485,3487,3494,3495,3468],"class_list":{"0":"post-5652","1":"product","2":"type-product","3":"status-publish","4":"has-post-thumbnail","6":"product_cat-osta-tutkimus-kemikaaleja","7":"product_tag-bath-salts-drug-for-sale-online","8":"product_tag-bath-salts-drug-sale-online","9":"product_tag-bath-salts-for-sale","10":"product_tag-bathsalts","11":"product_tag-best-quality-online-bath-salts","12":"product_tag-buy-amped-novelty-powder-500mg","13":"product_tag-buy-bath-salts","14":"product_tag-buy-bath-salts-cod","15":"product_tag-buy-bath-salts-drug-online","16":"product_tag-buy-bath-salts-online","17":"product_tag-buy-bath-salts-online-with-credit-cards","18":"product_tag-buy-bath-salts-with-paypal-online","19":"product_tag-buy-cheap-bath-salts-order-bath-salts-drug-online","20":"product_tag-buy-ivory-wave-for-sale-online","21":"product_tag-buy-mephedrone-bath-salts-online-with-credit-card","22":"product_tag-buy-pump-it-bath-salt-1000mg","23":"product_tag-buy-quick-silver-bath-salt-online","24":"product_tag-buy-quick-silver-bath-salts-australia","25":"product_tag-buy-quick-silver-bath-salts-canada","26":"product_tag-buy-quick-silver-bath-salts-online","27":"product_tag-can-you-still-buy-bath-salts","28":"product_tag-cloud-9-bath-salt","29":"product_tag-eight-ballz-bath-salt-for-sale-online","30":"product_tag-halvat-kylpysuolat","31":"product_tag-huomaamaton-kylpysuolat-kauppiaat-online","32":"product_tag-ivory-wave-bath-salts","33":"product_tag-kylpysuolat-lke","34":"product_tag-kylpysuolat-myynti-verkossa","35":"product_tag-kylpysuolat-verkkokauppa","36":"product_tag-kylpysuolat","37":"product_tag-kylpysuolat-myynniss-verkossa","38":"product_tag-kylpysuolat-myynniss-verkossa-luottokortilla","39":"product_tag-laatu-kylpysuolat-lkkeiden-myynniss-verkossa","40":"product_tag-legit-bath-salts-suppliers-online","41":"product_tag-laillinen-kylpysuolat-myynniss-verkossa","42":"product_tag-looking-to-buy-bath-salt-sonline","43":"product_tag-etsi-legit-kylpysuolat-toimittajat-verkosta","44":"product_tag-mdpv-kylpysuolat-myynniss","45":"product_tag-mefedroni-kylpysuolat-mist-osta","46":"product_tag-mephedrone","47":"product_tag-mist-saa-kylpysuoloja","48":"product_tag-mist-voin-ostaa-kylpysuoloja-verkosta","49":"product_tag-mist-voin-tilata-mdpv-kylpysuolat-verkosta","50":"product_tag-mit-tee-kylpysuolat-tee","51":"product_tag-mefedroni-kylpysuolat-myynniss","52":"product_tag-pika-hopea-kylpysuolat-myynniss","53":"product_tag-norsunluu-aalto","54":"product_tag-order-bath-salts-drug-online","55":"product_tag-order-bath-salts-online","56":"product_tag-osta-eight-ballz-kylpysuolat-verkosta","57":"product_tag-osta-norsunluu-aalto-kylpysuolaa-1000mg","58":"product_tag-osta-k2-kylpysuolat-verkosta","59":"product_tag-osta-kylpysuoloja-verkosta-mist-voin-ostaa-kylpysuoloja-verkosta","60":"product_tag-osta-nopeasti-hopeaa","61":"product_tag-osta-quick-silver-bath-salts-usa","62":"product_tag-osta-sextacy-kylpysuolat-verkosta","63":"product_tag-osta-synteettiset-kylpysuolat-verkosta","64":"product_tag-osta-kylpysuolat-verkosta-laillinen","65":"product_tag-osta-kylpysuolat-verkosta","66":"product_tag-osta-kylpysuolat-verkosta-luottokortilla","67":"product_tag-osta-tutkimus-kemikaaleja-tilaus","68":"product_tag-parhaat-kylpysuolat","69":"product_tag-pika-hopea-kylpysuolat-myyj-tutkimus-kemikaalit","70":"product_tag-pika-hopea-kylpysuolat","71":"product_tag-nopea-hopea-kylpysuolat-verkossa","72":"product_tag-tiivistetyt-kylpysuolat","73":"product_tag-tilaa-kylpysuolat-online-turska","74":"product_tag-tilaa-kylpysuolat-online-kylpysuolat-tukkumyynti","75":"product_tag-tilaa-kylpysuolat-verkosta-luottokortilla","76":"product_tag-turvallisin-verkkokaupasta-osta-kylpysuolat","77":"product_tag-vanilja-sky-kylpysuolat-myynniss","78":"product_tag-voit-ostaa-kylpysuoloja-kaupoista","80":"first","81":"instock","82":"shipping-taxable","83":"purchasable","84":"product-type-variable","85":"has-default-attributes"},"yoast_head":"<!-- This site is optimized with the Yoast SEO plugin v27.3 - https:\/\/yoast.com\/product\/yoast-seo-wordpress\/ -->\n<title>Osta Quick Silver Bath Salt - Quick Silver Bath Salt - parhaat maailmanlaajuiset l\u00e4\u00e4kkeet<\/title>\n<meta name=\"description\" content=\"Osta Quicksilver-kylpysuolaa Iso-Britanniassa, Euroopassa, AU:ssa. Tarjoamme luotettavimman kaupank\u00e4ynnin ja myymme eritt\u00e4in edulliseen hintaan. Tilaa Quicksilver Bath Salt nyt parhaaseen hintaan\" \/>\n<meta name=\"robots\" content=\"index, follow, max-snippet:-1, max-image-preview:large, max-video-preview:-1\" \/>\n<link rel=\"canonical\" href=\"https:\/\/medicinasinc.com\/fi\/product\/osta-quickhopea-kylpysuolaa\/\" \/>\n<meta property=\"og:locale\" content=\"en_US\" \/>\n<meta property=\"og:type\" content=\"article\" \/>\n<meta property=\"og:title\" content=\"Osta Quick Silver Bath Salt - Quick Silver Bath Salt - parhaat maailmanlaajuiset l\u00e4\u00e4kkeet\" \/>\n<meta property=\"og:description\" content=\"Osta Quicksilver-kylpysuolaa Iso-Britanniassa, Euroopassa, AU:ssa. Tarjoamme luotettavimman kaupank\u00e4ynnin ja myymme eritt\u00e4in edulliseen hintaan. Tilaa Quicksilver Bath Salt nyt parhaaseen hintaan\" \/>\n<meta property=\"og:url\" content=\"https:\/\/medicinasinc.com\/fi\/product\/osta-quickhopea-kylpysuolaa\/\" \/>\n<meta property=\"og:site_name\" content=\"Medicinas Inc\" \/>\n<meta property=\"article:modified_time\" content=\"2022-03-22T00:52:22+00:00\" \/>\n<meta property=\"og:image\" content=\"https:\/\/medicinasinc.com\/fi\/wp-content\/uploads\/sites\/12\/2022\/02\/Buy-Quicksilver-Bath-Salt.jpg\" \/>\n\t<meta property=\"og:image:width\" content=\"600\" \/>\n\t<meta property=\"og:image:height\" content=\"599\" \/>\n\t<meta property=\"og:image:type\" content=\"image\/jpeg\" \/>\n<meta name=\"twitter:card\" content=\"summary_large_image\" \/>\n<meta name=\"twitter:label1\" content=\"Est. reading time\" \/>\n\t<meta name=\"twitter:data1\" content=\"1 minute\" \/>\n<script type=\"application\/ld+json\" class=\"yoast-schema-graph\">{\"@context\":\"https:\\\/\\\/schema.org\",\"@graph\":[{\"@type\":\"WebPage\",\"@id\":\"https:\\\/\\\/medicinasinc.com\\\/fi\\\/product\\\/osta-quickhopea-kylpysuolaa\\\/\",\"url\":\"https:\\\/\\\/medicinasinc.com\\\/fi\\\/product\\\/osta-quickhopea-kylpysuolaa\\\/\",\"name\":\"Osta Quick Silver Bath Salt - Quick Silver Bath Salt - parhaat maailmanlaajuiset l\u00e4\u00e4kkeet\",\"isPartOf\":{\"@id\":\"https:\\\/\\\/medicinasinc.com\\\/fi\\\/#website\"},\"primaryImageOfPage\":{\"@id\":\"https:\\\/\\\/medicinasinc.com\\\/fi\\\/product\\\/osta-quickhopea-kylpysuolaa\\\/#primaryimage\"},\"image\":{\"@id\":\"https:\\\/\\\/medicinasinc.com\\\/fi\\\/product\\\/osta-quickhopea-kylpysuolaa\\\/#primaryimage\"},\"thumbnailUrl\":\"https:\\\/\\\/medicinasinc.com\\\/fi\\\/wp-content\\\/uploads\\\/sites\\\/12\\\/2022\\\/02\\\/Buy-Quicksilver-Bath-Salt.jpg\",\"datePublished\":\"2022-02-22T03:24:25+00:00\",\"dateModified\":\"2022-03-22T00:52:22+00:00\",\"description\":\"Osta Quicksilver-kylpysuolaa Iso-Britanniassa, Euroopassa, AU:ssa. Tarjoamme luotettavimman kaupank\u00e4ynnin ja myymme eritt\u00e4in edulliseen hintaan. Tilaa Quicksilver Bath Salt nyt parhaaseen hintaan\",\"breadcrumb\":{\"@id\":\"https:\\\/\\\/medicinasinc.com\\\/fi\\\/product\\\/osta-quickhopea-kylpysuolaa\\\/#breadcrumb\"},\"inLanguage\":\"en-US\",\"potentialAction\":[{\"@type\":\"ReadAction\",\"target\":[\"https:\\\/\\\/medicinasinc.com\\\/fi\\\/product\\\/osta-quickhopea-kylpysuolaa\\\/\"]}]},{\"@type\":\"ImageObject\",\"inLanguage\":\"en-US\",\"@id\":\"https:\\\/\\\/medicinasinc.com\\\/fi\\\/product\\\/osta-quickhopea-kylpysuolaa\\\/#primaryimage\",\"url\":\"https:\\\/\\\/medicinasinc.com\\\/fi\\\/wp-content\\\/uploads\\\/sites\\\/12\\\/2022\\\/02\\\/Buy-Quicksilver-Bath-Salt.jpg\",\"contentUrl\":\"https:\\\/\\\/medicinasinc.com\\\/fi\\\/wp-content\\\/uploads\\\/sites\\\/12\\\/2022\\\/02\\\/Buy-Quicksilver-Bath-Salt.jpg\",\"width\":600,\"height\":599},{\"@type\":\"BreadcrumbList\",\"@id\":\"https:\\\/\\\/medicinasinc.com\\\/fi\\\/product\\\/osta-quickhopea-kylpysuolaa\\\/#breadcrumb\",\"itemListElement\":[{\"@type\":\"ListItem\",\"position\":1,\"name\":\"Myym\u00e4l\u00e4\",\"item\":\"https:\\\/\\\/medicinasinc.com\\\/fi\\\/myymala\\\/\"},{\"@type\":\"ListItem\",\"position\":2,\"name\":\"Osta Quicksilver kylpysuolaa\"}]},{\"@type\":\"WebSite\",\"@id\":\"https:\\\/\\\/medicinasinc.com\\\/fi\\\/#website\",\"url\":\"https:\\\/\\\/medicinasinc.com\\\/fi\\\/\",\"name\":\"Medicinas Inc\",\"description\":\"Health Medical Clinic\",\"potentialAction\":[{\"@type\":\"SearchAction\",\"target\":{\"@type\":\"EntryPoint\",\"urlTemplate\":\"https:\\\/\\\/medicinasinc.com\\\/fi\\\/?s={search_term_string}\"},\"query-input\":{\"@type\":\"PropertyValueSpecification\",\"valueRequired\":true,\"valueName\":\"search_term_string\"}}],\"inLanguage\":\"en-US\"}]}<\/script>\n<!-- \/ Yoast SEO plugin. -->","yoast_head_json":{"title":"Osta Quick Silver Bath Salt - Quick Silver Bath Salt - parhaat maailmanlaajuiset l\u00e4\u00e4kkeet","description":"Osta Quicksilver-kylpysuolaa Iso-Britanniassa, Euroopassa, AU:ssa. Tarjoamme luotettavimman kaupank\u00e4ynnin ja myymme eritt\u00e4in edulliseen hintaan. Tilaa Quicksilver Bath Salt nyt parhaaseen hintaan","robots":{"index":"index","follow":"follow","max-snippet":"max-snippet:-1","max-image-preview":"max-image-preview:large","max-video-preview":"max-video-preview:-1"},"canonical":"https:\/\/medicinasinc.com\/fi\/product\/osta-quickhopea-kylpysuolaa\/","og_locale":"en_US","og_type":"article","og_title":"Osta Quick Silver Bath Salt - Quick Silver Bath Salt - parhaat maailmanlaajuiset l\u00e4\u00e4kkeet","og_description":"Osta Quicksilver-kylpysuolaa Iso-Britanniassa, Euroopassa, AU:ssa. Tarjoamme luotettavimman kaupank\u00e4ynnin ja myymme eritt\u00e4in edulliseen hintaan. Tilaa Quicksilver Bath Salt nyt parhaaseen hintaan","og_url":"https:\/\/medicinasinc.com\/fi\/product\/osta-quickhopea-kylpysuolaa\/","og_site_name":"Medicinas Inc","article_modified_time":"2022-03-22T00:52:22+00:00","og_image":[{"width":600,"height":599,"url":"https:\/\/medicinasinc.com\/fi\/wp-content\/uploads\/sites\/12\/2022\/02\/Buy-Quicksilver-Bath-Salt.jpg","type":"image\/jpeg"}],"twitter_card":"summary_large_image","twitter_misc":{"Est. reading time":"1 minute"},"schema":{"@context":"https:\/\/schema.org","@graph":[{"@type":"WebPage","@id":"https:\/\/medicinasinc.com\/fi\/product\/osta-quickhopea-kylpysuolaa\/","url":"https:\/\/medicinasinc.com\/fi\/product\/osta-quickhopea-kylpysuolaa\/","name":"Osta Quick Silver Bath Salt - Quick Silver Bath Salt - parhaat maailmanlaajuiset l\u00e4\u00e4kkeet","isPartOf":{"@id":"https:\/\/medicinasinc.com\/fi\/#website"},"primaryImageOfPage":{"@id":"https:\/\/medicinasinc.com\/fi\/product\/osta-quickhopea-kylpysuolaa\/#primaryimage"},"image":{"@id":"https:\/\/medicinasinc.com\/fi\/product\/osta-quickhopea-kylpysuolaa\/#primaryimage"},"thumbnailUrl":"https:\/\/medicinasinc.com\/fi\/wp-content\/uploads\/sites\/12\/2022\/02\/Buy-Quicksilver-Bath-Salt.jpg","datePublished":"2022-02-22T03:24:25+00:00","dateModified":"2022-03-22T00:52:22+00:00","description":"Osta Quicksilver-kylpysuolaa Iso-Britanniassa, Euroopassa, AU:ssa. Tarjoamme luotettavimman kaupank\u00e4ynnin ja myymme eritt\u00e4in edulliseen hintaan. Tilaa Quicksilver Bath Salt nyt parhaaseen hintaan","breadcrumb":{"@id":"https:\/\/medicinasinc.com\/fi\/product\/osta-quickhopea-kylpysuolaa\/#breadcrumb"},"inLanguage":"en-US","potentialAction":[{"@type":"ReadAction","target":["https:\/\/medicinasinc.com\/fi\/product\/osta-quickhopea-kylpysuolaa\/"]}]},{"@type":"ImageObject","inLanguage":"en-US","@id":"https:\/\/medicinasinc.com\/fi\/product\/osta-quickhopea-kylpysuolaa\/#primaryimage","url":"https:\/\/medicinasinc.com\/fi\/wp-content\/uploads\/sites\/12\/2022\/02\/Buy-Quicksilver-Bath-Salt.jpg","contentUrl":"https:\/\/medicinasinc.com\/fi\/wp-content\/uploads\/sites\/12\/2022\/02\/Buy-Quicksilver-Bath-Salt.jpg","width":600,"height":599},{"@type":"BreadcrumbList","@id":"https:\/\/medicinasinc.com\/fi\/product\/osta-quickhopea-kylpysuolaa\/#breadcrumb","itemListElement":[{"@type":"ListItem","position":1,"name":"Myym\u00e4l\u00e4","item":"https:\/\/medicinasinc.com\/fi\/myymala\/"},{"@type":"ListItem","position":2,"name":"Osta Quicksilver kylpysuolaa"}]},{"@type":"WebSite","@id":"https:\/\/medicinasinc.com\/fi\/#website","url":"https:\/\/medicinasinc.com\/fi\/","name":"Medicinas Inc","description":"Health Medical Clinic","potentialAction":[{"@type":"SearchAction","target":{"@type":"EntryPoint","urlTemplate":"https:\/\/medicinasinc.com\/fi\/?s={search_term_string}"},"query-input":{"@type":"PropertyValueSpecification","valueRequired":true,"valueName":"search_term_string"}}],"inLanguage":"en-US"}]}},"_links":{"self":[{"href":"https:\/\/medicinasinc.com\/fi\/wp-json\/wp\/v2\/product\/5652","targetHints":{"allow":["GET"]}}],"collection":[{"href":"https:\/\/medicinasinc.com\/fi\/wp-json\/wp\/v2\/product"}],"about":[{"href":"https:\/\/medicinasinc.com\/fi\/wp-json\/wp\/v2\/types\/product"}],"replies":[{"embeddable":true,"href":"https:\/\/medicinasinc.com\/fi\/wp-json\/wp\/v2\/comments?post=5652"}],"wp:featuredmedia":[{"embeddable":true,"href":"https:\/\/medicinasinc.com\/fi\/wp-json\/wp\/v2\/media\/5662"}],"wp:attachment":[{"href":"https:\/\/medicinasinc.com\/fi\/wp-json\/wp\/v2\/media?parent=5652"}],"wp:term":[{"taxonomy":"product_brand","embeddable":true,"href":"https:\/\/medicinasinc.com\/fi\/wp-json\/wp\/v2\/product_brand?post=5652"},{"taxonomy":"product_cat","embeddable":true,"href":"https:\/\/medicinasinc.com\/fi\/wp-json\/wp\/v2\/product_cat?post=5652"},{"taxonomy":"product_tag","embeddable":true,"href":"https:\/\/medicinasinc.com\/fi\/wp-json\/wp\/v2\/product_tag?post=5652"}],"curies":[{"name":"wp","href":"https:\/\/api.w.org\/{rel}","templated":true}]}}