{"id":5651,"date":"2022-02-22T03:22:57","date_gmt":"2022-02-22T03:22:57","guid":{"rendered":"https:\/\/medicinasinc.com\/fi\/?post_type=product&#038;p=5651"},"modified":"2022-03-22T00:52:30","modified_gmt":"2022-03-22T00:52:30","slug":"osta-oksikodoni-jauhe","status":"publish","type":"product","link":"https:\/\/medicinasinc.com\/fi\/product\/osta-oksikodoni-jauhe\/","title":{"rendered":"Osta oksikodonijauhe"},"content":{"rendered":"<p>Voit ostaa korkealaatuista Oxycodone-jauhetta seuraavalta verkkosivustolta:<br \/> Myyt\u00e4v\u00e4n\u00e4 Oxycodone-jauhe voi auttaa sinua lopettamaan kipusi ja paranemaan.<\/p>\n<p>Oksikodoni kuuluu l\u00e4\u00e4keryhm\u00e4\u00e4n nimelt\u00e4 narkoottiset analgeetit. Sit\u00e4 k\u00e4ytet\u00e4\u00e4n kroonisen kivun hoitoon, joka on eritt\u00e4in paha, kun muut hoidot eiv\u00e4t toimi tarpeeksi hyvin. T\u00e4m\u00e4n l\u00e4\u00e4kkeen reseptilomakkeet on tarkoitettu auttamaan ihmisi\u00e4, joilla on niveltulehdus, sy\u00f6p\u00e4 tai muita fyysisi\u00e4 ongelmia koko p\u00e4iv\u00e4n. Se toimii samalla tavalla kuin muut opiaatit. Se sitoutuu aivojen reseptoreihin ja muuttaa aivojen tapaa reagoida kipuun.<\/p>\n<p>Myynniss\u00e4 oleva oksikodonijauhe on tehokas ainesosa useissa eri muotoisissa ja kokoisissa kipul\u00e4\u00e4kkeiss\u00e4. Sit\u00e4 annetaan yleens\u00e4 ibuprofeenin ja aspiriinin kanssa, mutta se voidaan antaa my\u00f6s yksin\u00e4\u00e4n.<\/p>\n<p>Oksikodonijauhetta voi ostaa verkosta Yhdysvaltojen tunnetuimmasta kaupasta.<\/p>\n<p>Bestgoalmeds. com\u00a0Shop on arvohakuinen yritys, joka on myynyt parhaita l\u00e4\u00e4kkeit\u00e4 yli 15 vuoden ajan. Liikkeest\u00e4mme voit ostaa oksikodonijauhetta, jonka laatu on tarkastettu lisensoidussa laboratoriossa. Yhdysvalloista Aasiaan palvelemme asiakkaita kaikkialta maailmasta. Tuotteidemme ostaminen on helppoa, koska ne ovat laillisia ja sinun ei tarvitse huolehtia mist\u00e4\u00e4n. Mit\u00e4 tulee meihin, pid\u00e4mme kaiken yksityisen\u00e4, koska arvostamme yksityisyytt\u00e4si. Ota meihin yhteytt\u00e4, jos sinulla on kysytt\u00e4v\u00e4\u00e4!<\/p>\n","protected":false},"excerpt":{"rendered":"<div class=\"woocommerce-product-details__short-description\">\n<p>Osta oksikodonijauhetta Isossa-Britanniassa ja Euroopassa osoitteessa Bestglobalmeds.com, josta saat sen nopeasti kaikkialta maailmasta. T\u00e4\u00e4lt\u00e4 voit ostaa parasta saatavilla olevaa oksikodonijauhetta.<\/p>\n<p>Voit ostaa verkosta korkealaatuista Oxycodone-jauhetta keskivaikeaan tai vaikeaan kipuun, kun sinun t\u00e4ytyy olla kivuton koko p\u00e4iv\u00e4n ja y\u00f6n pitk\u00e4\u00e4n aikaa.<\/p>\n<p>Voit ostaa Oxycodone-jauhetta Internetist\u00e4 parhaaseen hintaan. USpharma Shop on tunnettu verkkoapteekki, joka myy laillisia l\u00e4\u00e4kkeit\u00e4. Tilaa verkosta ja s\u00e4\u00e4st\u00e4 aikaa ja rahaa.<\/p>\n<p>Oksikodoni (bulkki) on 100 % jauhetta. Oksikodoni on yleisnimi (bulkki). Katso ilmainen kuponki. T\u00e4ss\u00e4 osiossa opit k\u00e4ytt\u00e4m\u00e4\u00e4n, mit\u00e4 se tekee, mit\u00e4 se voi tehd\u00e4 ja miten sit\u00e4 voidaan v\u00e4ltt\u00e4\u00e4.<\/p>\n<p>Yksi \u200b\u200bpersianunikon monista alkaloideista on thebaiini, ja oksikodonijauhe on valmistettu t\u00e4st\u00e4 alkaloidista. Oksikodonijauhe on valkoinen, hajuton, kiteinen jauhe, joka on valmistettu t\u00e4st\u00e4 alkaloidista. Oksikodonihydrokloridi liukenee veteen (1 g 6-7 ml:ssa) ja liukenee v\u00e4h\u00e4n alkoholiin, mutta ei kovin paljon (oktanolivesi-jakaantumiskerroin on 0,7).<\/p>\n<p>Oksikodonihydrokloridi koostuu 4 , 5a-epoksi-14-hydroksi-3-metoksi-17-metyylimorfinan-6-onihydrokloridi, joka on kemiallinen nimi.<\/p>\n<p>Oksikodonijauheeksi kutsuttua puolisynteettist\u00e4 opioidikipul\u00e4\u00e4kett\u00e4 k\u00e4ytet\u00e4\u00e4n keskivaivojen hoitoon kova kipu. Oksikodonijauhetta k\u00e4ytet\u00e4\u00e4n yleens\u00e4 kohtalaisen tai vaikean kivun hoitoon. Kun Oxycodone valmistettiin Saksassa vuonna 1917, se oli yksi puolisynteettisten opioidien ryhm\u00e4st\u00e4, joka tehtiin parantamaan olemassa olevia opioideja.<\/p>\n<\/p><\/div>\n","protected":false},"featured_media":5660,"comment_status":"open","ping_status":"closed","template":"","meta":[],"product_brand":[],"product_cat":[2014],"product_tag":[3415,3416,3431,3421,3420,3422,3429,3423,3426,3430,3425,3427,3428,3424,3419,3417,3418],"class_list":{"0":"post-5651","1":"product","2":"type-product","3":"status-publish","4":"has-post-thumbnail","6":"product_cat-osta-tutkimus-kemikaaleja","7":"product_tag-best-place-to-buy-oxycodone-powder","8":"product_tag-buy-oxycodone-powder","9":"product_tag-mist-ostaa-oksikodonijauhetta","10":"product_tag-oksikodonijauhe-myynniss","11":"product_tag-oksikodoni-jauhe-eurooppa","12":"product_tag-oksikodonijauhe-myynniss-uk","13":"product_tag-oksikodoni-jauhe-reddit","14":"product_tag-oksikodoni-jauhe-saksa","15":"product_tag-oksikodoni-jauhe-verkossa","16":"product_tag-oksikodoni-jauhe-myynti","17":"product_tag-oksikodoni-jauhepostimyynti","18":"product_tag-oksikodoni-jauhetilaus","19":"product_tag-oksikodoni-jauhe-tilaus-uk","20":"product_tag-oksikodoni-jauheposti","21":"product_tag-oksikodoni-jauhe-vaikutus","22":"product_tag-order-oxycodone-powder","23":"product_tag-oksikodoni-jauhe-osta","25":"first","26":"instock","27":"shipping-taxable","28":"purchasable","29":"product-type-variable","30":"has-default-attributes"},"yoast_head":"<!-- This site is optimized with the Yoast SEO plugin v27.3 - https:\/\/yoast.com\/product\/yoast-seo-wordpress\/ -->\n<title>Osta oksikodonijauhe - oksikodonijauhe - Best Global Meds<\/title>\n<meta name=\"description\" content=\"Osta oksikodonijauhetta Iso-Britanniasta, Euroopasta Bestglobalmeds.com-verkkokaupastamme nopealla maailmanlaajuisella toimituksella! Paras oksikodonijauhe tilaukseen l\u00f6yd\u00e4t t\u00e4\u00e4lt\u00e4!\" \/>\n<meta name=\"robots\" content=\"index, follow, max-snippet:-1, max-image-preview:large, max-video-preview:-1\" \/>\n<link rel=\"canonical\" href=\"https:\/\/medicinasinc.com\/fi\/product\/osta-oksikodoni-jauhe\/\" \/>\n<meta property=\"og:locale\" content=\"en_US\" \/>\n<meta property=\"og:type\" content=\"article\" \/>\n<meta property=\"og:title\" content=\"Osta oksikodonijauhe - oksikodonijauhe - Best Global Meds\" \/>\n<meta property=\"og:description\" content=\"Osta oksikodonijauhetta Iso-Britanniasta, Euroopasta Bestglobalmeds.com-verkkokaupastamme nopealla maailmanlaajuisella toimituksella! Paras oksikodonijauhe tilaukseen l\u00f6yd\u00e4t t\u00e4\u00e4lt\u00e4!\" \/>\n<meta property=\"og:url\" content=\"https:\/\/medicinasinc.com\/fi\/product\/osta-oksikodoni-jauhe\/\" \/>\n<meta property=\"og:site_name\" content=\"Medicinas Inc\" \/>\n<meta property=\"article:modified_time\" content=\"2022-03-22T00:52:30+00:00\" \/>\n<meta property=\"og:image\" content=\"https:\/\/medicinasinc.com\/fi\/wp-content\/uploads\/sites\/12\/2022\/02\/Buy-oxycodone-powder.jpeg\" \/>\n\t<meta property=\"og:image:width\" content=\"510\" \/>\n\t<meta property=\"og:image:height\" content=\"389\" \/>\n\t<meta property=\"og:image:type\" content=\"image\/jpeg\" \/>\n<meta name=\"twitter:card\" content=\"summary_large_image\" \/>\n<meta name=\"twitter:label1\" content=\"Est. reading time\" \/>\n\t<meta name=\"twitter:data1\" content=\"2 minutes\" \/>\n<script type=\"application\/ld+json\" class=\"yoast-schema-graph\">{\"@context\":\"https:\\\/\\\/schema.org\",\"@graph\":[{\"@type\":\"WebPage\",\"@id\":\"https:\\\/\\\/medicinasinc.com\\\/fi\\\/product\\\/osta-oksikodoni-jauhe\\\/\",\"url\":\"https:\\\/\\\/medicinasinc.com\\\/fi\\\/product\\\/osta-oksikodoni-jauhe\\\/\",\"name\":\"Osta oksikodonijauhe - oksikodonijauhe - Best Global Meds\",\"isPartOf\":{\"@id\":\"https:\\\/\\\/medicinasinc.com\\\/fi\\\/#website\"},\"primaryImageOfPage\":{\"@id\":\"https:\\\/\\\/medicinasinc.com\\\/fi\\\/product\\\/osta-oksikodoni-jauhe\\\/#primaryimage\"},\"image\":{\"@id\":\"https:\\\/\\\/medicinasinc.com\\\/fi\\\/product\\\/osta-oksikodoni-jauhe\\\/#primaryimage\"},\"thumbnailUrl\":\"https:\\\/\\\/medicinasinc.com\\\/fi\\\/wp-content\\\/uploads\\\/sites\\\/12\\\/2022\\\/02\\\/Buy-oxycodone-powder.jpeg\",\"datePublished\":\"2022-02-22T03:22:57+00:00\",\"dateModified\":\"2022-03-22T00:52:30+00:00\",\"description\":\"Osta oksikodonijauhetta Iso-Britanniasta, Euroopasta Bestglobalmeds.com-verkkokaupastamme nopealla maailmanlaajuisella toimituksella! Paras oksikodonijauhe tilaukseen l\u00f6yd\u00e4t t\u00e4\u00e4lt\u00e4!\",\"breadcrumb\":{\"@id\":\"https:\\\/\\\/medicinasinc.com\\\/fi\\\/product\\\/osta-oksikodoni-jauhe\\\/#breadcrumb\"},\"inLanguage\":\"en-US\",\"potentialAction\":[{\"@type\":\"ReadAction\",\"target\":[\"https:\\\/\\\/medicinasinc.com\\\/fi\\\/product\\\/osta-oksikodoni-jauhe\\\/\"]}]},{\"@type\":\"ImageObject\",\"inLanguage\":\"en-US\",\"@id\":\"https:\\\/\\\/medicinasinc.com\\\/fi\\\/product\\\/osta-oksikodoni-jauhe\\\/#primaryimage\",\"url\":\"https:\\\/\\\/medicinasinc.com\\\/fi\\\/wp-content\\\/uploads\\\/sites\\\/12\\\/2022\\\/02\\\/Buy-oxycodone-powder.jpeg\",\"contentUrl\":\"https:\\\/\\\/medicinasinc.com\\\/fi\\\/wp-content\\\/uploads\\\/sites\\\/12\\\/2022\\\/02\\\/Buy-oxycodone-powder.jpeg\",\"width\":510,\"height\":389},{\"@type\":\"BreadcrumbList\",\"@id\":\"https:\\\/\\\/medicinasinc.com\\\/fi\\\/product\\\/osta-oksikodoni-jauhe\\\/#breadcrumb\",\"itemListElement\":[{\"@type\":\"ListItem\",\"position\":1,\"name\":\"Myym\u00e4l\u00e4\",\"item\":\"https:\\\/\\\/medicinasinc.com\\\/fi\\\/myymala\\\/\"},{\"@type\":\"ListItem\",\"position\":2,\"name\":\"Osta oksikodonijauhe\"}]},{\"@type\":\"WebSite\",\"@id\":\"https:\\\/\\\/medicinasinc.com\\\/fi\\\/#website\",\"url\":\"https:\\\/\\\/medicinasinc.com\\\/fi\\\/\",\"name\":\"Medicinas Inc\",\"description\":\"Health Medical Clinic\",\"potentialAction\":[{\"@type\":\"SearchAction\",\"target\":{\"@type\":\"EntryPoint\",\"urlTemplate\":\"https:\\\/\\\/medicinasinc.com\\\/fi\\\/?s={search_term_string}\"},\"query-input\":{\"@type\":\"PropertyValueSpecification\",\"valueRequired\":true,\"valueName\":\"search_term_string\"}}],\"inLanguage\":\"en-US\"}]}<\/script>\n<!-- \/ Yoast SEO plugin. -->","yoast_head_json":{"title":"Osta oksikodonijauhe - oksikodonijauhe - Best Global Meds","description":"Osta oksikodonijauhetta Iso-Britanniasta, Euroopasta Bestglobalmeds.com-verkkokaupastamme nopealla maailmanlaajuisella toimituksella! Paras oksikodonijauhe tilaukseen l\u00f6yd\u00e4t t\u00e4\u00e4lt\u00e4!","robots":{"index":"index","follow":"follow","max-snippet":"max-snippet:-1","max-image-preview":"max-image-preview:large","max-video-preview":"max-video-preview:-1"},"canonical":"https:\/\/medicinasinc.com\/fi\/product\/osta-oksikodoni-jauhe\/","og_locale":"en_US","og_type":"article","og_title":"Osta oksikodonijauhe - oksikodonijauhe - Best Global Meds","og_description":"Osta oksikodonijauhetta Iso-Britanniasta, Euroopasta Bestglobalmeds.com-verkkokaupastamme nopealla maailmanlaajuisella toimituksella! Paras oksikodonijauhe tilaukseen l\u00f6yd\u00e4t t\u00e4\u00e4lt\u00e4!","og_url":"https:\/\/medicinasinc.com\/fi\/product\/osta-oksikodoni-jauhe\/","og_site_name":"Medicinas Inc","article_modified_time":"2022-03-22T00:52:30+00:00","og_image":[{"width":510,"height":389,"url":"https:\/\/medicinasinc.com\/fi\/wp-content\/uploads\/sites\/12\/2022\/02\/Buy-oxycodone-powder.jpeg","type":"image\/jpeg"}],"twitter_card":"summary_large_image","twitter_misc":{"Est. reading time":"2 minutes"},"schema":{"@context":"https:\/\/schema.org","@graph":[{"@type":"WebPage","@id":"https:\/\/medicinasinc.com\/fi\/product\/osta-oksikodoni-jauhe\/","url":"https:\/\/medicinasinc.com\/fi\/product\/osta-oksikodoni-jauhe\/","name":"Osta oksikodonijauhe - oksikodonijauhe - Best Global Meds","isPartOf":{"@id":"https:\/\/medicinasinc.com\/fi\/#website"},"primaryImageOfPage":{"@id":"https:\/\/medicinasinc.com\/fi\/product\/osta-oksikodoni-jauhe\/#primaryimage"},"image":{"@id":"https:\/\/medicinasinc.com\/fi\/product\/osta-oksikodoni-jauhe\/#primaryimage"},"thumbnailUrl":"https:\/\/medicinasinc.com\/fi\/wp-content\/uploads\/sites\/12\/2022\/02\/Buy-oxycodone-powder.jpeg","datePublished":"2022-02-22T03:22:57+00:00","dateModified":"2022-03-22T00:52:30+00:00","description":"Osta oksikodonijauhetta Iso-Britanniasta, Euroopasta Bestglobalmeds.com-verkkokaupastamme nopealla maailmanlaajuisella toimituksella! Paras oksikodonijauhe tilaukseen l\u00f6yd\u00e4t t\u00e4\u00e4lt\u00e4!","breadcrumb":{"@id":"https:\/\/medicinasinc.com\/fi\/product\/osta-oksikodoni-jauhe\/#breadcrumb"},"inLanguage":"en-US","potentialAction":[{"@type":"ReadAction","target":["https:\/\/medicinasinc.com\/fi\/product\/osta-oksikodoni-jauhe\/"]}]},{"@type":"ImageObject","inLanguage":"en-US","@id":"https:\/\/medicinasinc.com\/fi\/product\/osta-oksikodoni-jauhe\/#primaryimage","url":"https:\/\/medicinasinc.com\/fi\/wp-content\/uploads\/sites\/12\/2022\/02\/Buy-oxycodone-powder.jpeg","contentUrl":"https:\/\/medicinasinc.com\/fi\/wp-content\/uploads\/sites\/12\/2022\/02\/Buy-oxycodone-powder.jpeg","width":510,"height":389},{"@type":"BreadcrumbList","@id":"https:\/\/medicinasinc.com\/fi\/product\/osta-oksikodoni-jauhe\/#breadcrumb","itemListElement":[{"@type":"ListItem","position":1,"name":"Myym\u00e4l\u00e4","item":"https:\/\/medicinasinc.com\/fi\/myymala\/"},{"@type":"ListItem","position":2,"name":"Osta oksikodonijauhe"}]},{"@type":"WebSite","@id":"https:\/\/medicinasinc.com\/fi\/#website","url":"https:\/\/medicinasinc.com\/fi\/","name":"Medicinas Inc","description":"Health Medical Clinic","potentialAction":[{"@type":"SearchAction","target":{"@type":"EntryPoint","urlTemplate":"https:\/\/medicinasinc.com\/fi\/?s={search_term_string}"},"query-input":{"@type":"PropertyValueSpecification","valueRequired":true,"valueName":"search_term_string"}}],"inLanguage":"en-US"}]}},"_links":{"self":[{"href":"https:\/\/medicinasinc.com\/fi\/wp-json\/wp\/v2\/product\/5651","targetHints":{"allow":["GET"]}}],"collection":[{"href":"https:\/\/medicinasinc.com\/fi\/wp-json\/wp\/v2\/product"}],"about":[{"href":"https:\/\/medicinasinc.com\/fi\/wp-json\/wp\/v2\/types\/product"}],"replies":[{"embeddable":true,"href":"https:\/\/medicinasinc.com\/fi\/wp-json\/wp\/v2\/comments?post=5651"}],"wp:featuredmedia":[{"embeddable":true,"href":"https:\/\/medicinasinc.com\/fi\/wp-json\/wp\/v2\/media\/5660"}],"wp:attachment":[{"href":"https:\/\/medicinasinc.com\/fi\/wp-json\/wp\/v2\/media?parent=5651"}],"wp:term":[{"taxonomy":"product_brand","embeddable":true,"href":"https:\/\/medicinasinc.com\/fi\/wp-json\/wp\/v2\/product_brand?post=5651"},{"taxonomy":"product_cat","embeddable":true,"href":"https:\/\/medicinasinc.com\/fi\/wp-json\/wp\/v2\/product_cat?post=5651"},{"taxonomy":"product_tag","embeddable":true,"href":"https:\/\/medicinasinc.com\/fi\/wp-json\/wp\/v2\/product_tag?post=5651"}],"curies":[{"name":"wp","href":"https:\/\/api.w.org\/{rel}","templated":true}]}}