{"id":5638,"date":"2022-02-22T03:11:29","date_gmt":"2022-02-22T03:11:29","guid":{"rendered":"https:\/\/medicinasinc.com\/fi\/?post_type=product&#038;p=5638"},"modified":"2022-03-22T00:52:39","modified_gmt":"2022-03-22T00:52:39","slug":"osta-sextacy-kylpysuolaa","status":"publish","type":"product","link":"https:\/\/medicinasinc.com\/fi\/product\/osta-sextacy-kylpysuolaa\/","title":{"rendered":"Osta Sextacy Bath Salt"},"content":{"rendered":"<p>Osta Sextacy-kylpysuolaa verkkokaupasta seuraavasti:<br \/> Osta Sextacy-kylpysuolaa k\u00e4ytett\u00e4v\u00e4ksi kylvyss\u00e4.<\/p>\n<p>T\u00e4m\u00e4 on tiivistetty kylpysuola. Voit kuitenkin rentoutua ja antaa Sextacyn vied\u00e4 ajatuksesi pois asioista hetkeksi. Ota kuuma kylpy ja lis\u00e4\u00e4 sis\u00e4lt\u00f6. T\u00e4m\u00e4 pehment\u00e4\u00e4 vett\u00e4 luonnollisesti, mik\u00e4 saa sinut tuntemaan olosi eritt\u00e4in rauhalliseksi ja rauhoittuneeksi.<\/p>\n<p>On eritt\u00e4in t\u00e4rke\u00e4\u00e4, ett\u00e4 aloitat hyvin pienell\u00e4 m\u00e4\u00e4r\u00e4ll\u00e4 Sextacy-kylpysuolaa n\u00e4hd\u00e4ksesi, kuinka kehosi reagoi. Koska Sextacy Ultimate on niin vahva, saatat joutua k\u00e4ytt\u00e4m\u00e4\u00e4n sit\u00e4 enemm\u00e4n kylvyss\u00e4 saadaksesi t\u00e4ydellisen rentoutumisen.<\/p>\n<p>Sextacy on iso juttu.<\/p>\n<p>MP Testiss\u00e4. , tapahtui seuraavaa:<\/p>\n<p>Jos Ivory Wave ei riit\u00e4 sinulle, t\u00e4m\u00e4 on vahvempi versio upeasta ja huippuluokan tuotteesta. Se on hyvin samanlainen kuin Ivory Wave, mutta siin\u00e4 on joitain ylim\u00e4\u00e4r\u00e4isi\u00e4 ainesosia, jotka tekev\u00e4t siit\u00e4 viel\u00e4 paremman. Se saa sinut kuitenkin hyvin kiimaan ja saa sinut tuntemaan olosi unessa keskell\u00e4 kylpy\u00e4si. Se on eritt\u00e4in vahva ja sinun tulee olla varovainen, kun k\u00e4yt\u00e4t sit\u00e4. Se tekee kylpyst\u00e4si eritt\u00e4in nopean. Aloita hyvin v\u00e4h\u00e4ll\u00e4. 6-9 tunnin ajan se tulee noin 10 minuutissa, ja se kest\u00e4\u00e4 niin kauan. Sextacy-kylpysuola on kuitenkin hyvin samanlainen kuin Ivory Ultra, mutta siin\u00e4 on silti oma taikuutensa LOL. T\u00e4m\u00e4 on kuitenkin loistava tuote, joten suosittelen sit\u00e4 varoen ja jatkan palautetta! Pakollinen!<\/p>\n<p>Natriumbikarbonaatti, natriumkloridi, syv\u00e4nmeren suola, mineraalit ja muut luonnossa esiintyv\u00e4t hivenaineet ovat joitakin ainesosia.<\/p>\n<p>Laillisuus: T\u00e4m\u00e4 tuote on laillinen jokaisessa maassa, koska se on valmistettu yrteist\u00e4.<\/p>\n<p>T\u00e4ss\u00e4 tapauksessa White Girl 500 mg tiivistetyt kylpysuolat ovat mit\u00e4 tarvitset.<br \/> 500 mg White Lady -kylpysuoloja<br \/> Bliss Concentrated Bath Salts -kylpysuolat sis\u00e4lt\u00e4v\u00e4t Jokaisessa pussissa on 500 mg suolaa.<br \/> Snow Leopard Bath Salts -kylpysuoloja on 500 mg jokaisessa pussissa.<br \/> 500 mg ylim\u00e4\u00e4r\u00e4ist\u00e4 kylpysuolaa Lunar Wavesta. 500mg tiivistetty\u00e4 kylpysuolaa White Horsesta.<br \/> 500mg virkist\u00e4vi\u00e4 kylpysuoloja<br \/> 500mg Cloud 10 -kylpysuolaa<br \/> Blue Magic: 500mg kylpysuoloja<br \/> Kylpysuolaa nimelt\u00e4 Scarface sis\u00e4lt\u00e4\u00e4 500mg siit\u00e4.<br \/> My\u00f6s monet muut ihmiset.<\/p>\n","protected":false},"excerpt":{"rendered":"<div class=\"woocommerce-product-details__short-description\">\n<p>Sextacy Bath Salt -suolaa on helppo ostaa verkosta Bestglobalmeds.com-myym\u00e4l\u00e4st\u00e4mme ja se toimitetaan nopeasti kotiisi Euroopassa ja Isossa-Britanniassa. Paras paikka ostaa Sextacy-kylpysuolaa on t\u00e4\u00e4ll\u00e4!<\/p>\n<p>Osta 50 pakettia tiivistetty\u00e4 sextacy-kylpysuolaa Internetist\u00e4. Tiivistetty sextacy: 10 pakettia 10 Osta tiivistetty\u00e4 sextacya 20 pakettia kylpysuolaa Internetist\u00e4.<\/p>\n<p>On olemassa monia verkkosivustoja, joista voit ostaa paljon kylpysuolaa suurella rahalla.<\/p>\n<p>Verkosta voit ostaa sextacy-kylpysuoloja Global Medicinelta. Sextacy kylpysuolan myyntihinnat l\u00f6ytyv\u00e4t lukemalla t\u00e4m\u00e4 teksti<\/p>\n<\/p><\/div>\n","protected":false},"featured_media":5650,"comment_status":"open","ping_status":"closed","template":"","meta":[],"product_brand":[],"product_cat":[2014],"product_tag":[3396,3401,3400,3399,3404,3398,3397,3402,3403,3407,3408,3405,3411,3412,3413,3410,3414,3406,3409],"class_list":{"0":"post-5638","1":"product","2":"type-product","3":"status-publish","4":"has-post-thumbnail","6":"product_cat-osta-tutkimus-kemikaaleja","7":"product_tag-best-place-to-buy-sextacy-bath-salt","8":"product_tag-jlleenmyyd-sextacy-kylpysuola","9":"product_tag-order-sextacy-bath-salt","10":"product_tag-osta-sextacy-bath-salts-uk","11":"product_tag-sextacy-bath-salt-buy","12":"product_tag-osta-sextacy-kylpysuolaa","13":"product_tag-paras-sextacy-kylpysuola","14":"product_tag-sextacy-bath-salt","15":"product_tag-sextacy-bath-salt-alibaba","16":"product_tag-sextacy-bath-salt-europe","17":"product_tag-sextacy-bath-salt-for-sale","18":"product_tag-sextacy-bath-salt-china","19":"product_tag-sextacy-bath-salt-reddit","20":"product_tag-sextacy-bath-salt-sale","21":"product_tag-sextacy-bath-salt-supplier","22":"product_tag-sextacy-kylpy-suolajrjestys","23":"product_tag-sextacy-kylpy-suola-tukkumyynti","24":"product_tag-sextacy-kylpy-suolavaikutus","25":"product_tag-sextacy-bath-salt-verkossa","27":"first","28":"instock","29":"shipping-taxable","30":"purchasable","31":"product-type-variable"},"yoast_head":"<!-- This site is optimized with the Yoast SEO plugin v27.3 - https:\/\/yoast.com\/product\/yoast-seo-wordpress\/ -->\n<title>Osta Sextacy Bath Salt - Sextacy Bath Salt - Best Global Meds<\/title>\n<meta name=\"description\" content=\"Osta Sextacy Bath Salt myyt\u00e4v\u00e4n\u00e4 Isossa-Britanniassa, Euroopassa Bestglobalmeds.com-verkkokaupassamme nopealla maailmanlaajuisella toimituksella! Best Sextacy Bath Salt tilauksesta l\u00f6yd\u00e4t!\" \/>\n<meta name=\"robots\" content=\"index, follow, max-snippet:-1, max-image-preview:large, max-video-preview:-1\" \/>\n<link rel=\"canonical\" href=\"https:\/\/medicinasinc.com\/fi\/product\/osta-sextacy-kylpysuolaa\/\" \/>\n<meta property=\"og:locale\" content=\"en_US\" \/>\n<meta property=\"og:type\" content=\"article\" \/>\n<meta property=\"og:title\" content=\"Osta Sextacy Bath Salt - Sextacy Bath Salt - Best Global Meds\" \/>\n<meta property=\"og:description\" content=\"Osta Sextacy Bath Salt myyt\u00e4v\u00e4n\u00e4 Isossa-Britanniassa, Euroopassa Bestglobalmeds.com-verkkokaupassamme nopealla maailmanlaajuisella toimituksella! Best Sextacy Bath Salt tilauksesta l\u00f6yd\u00e4t!\" \/>\n<meta property=\"og:url\" content=\"https:\/\/medicinasinc.com\/fi\/product\/osta-sextacy-kylpysuolaa\/\" \/>\n<meta property=\"og:site_name\" content=\"Medicinas Inc\" \/>\n<meta property=\"article:modified_time\" content=\"2022-03-22T00:52:39+00:00\" \/>\n<meta property=\"og:image\" content=\"https:\/\/medicinasinc.com\/fi\/wp-content\/uploads\/sites\/12\/2022\/02\/Buy-Sextacy-Bath-Salt.jpg\" \/>\n\t<meta property=\"og:image:width\" content=\"600\" \/>\n\t<meta property=\"og:image:height\" content=\"600\" \/>\n\t<meta property=\"og:image:type\" content=\"image\/jpeg\" \/>\n<meta name=\"twitter:card\" content=\"summary_large_image\" \/>\n<meta name=\"twitter:label1\" content=\"Est. reading time\" \/>\n\t<meta name=\"twitter:data1\" content=\"2 minutes\" \/>\n<script type=\"application\/ld+json\" class=\"yoast-schema-graph\">{\"@context\":\"https:\\\/\\\/schema.org\",\"@graph\":[{\"@type\":\"WebPage\",\"@id\":\"https:\\\/\\\/medicinasinc.com\\\/fi\\\/product\\\/osta-sextacy-kylpysuolaa\\\/\",\"url\":\"https:\\\/\\\/medicinasinc.com\\\/fi\\\/product\\\/osta-sextacy-kylpysuolaa\\\/\",\"name\":\"Osta Sextacy Bath Salt - Sextacy Bath Salt - Best Global Meds\",\"isPartOf\":{\"@id\":\"https:\\\/\\\/medicinasinc.com\\\/fi\\\/#website\"},\"primaryImageOfPage\":{\"@id\":\"https:\\\/\\\/medicinasinc.com\\\/fi\\\/product\\\/osta-sextacy-kylpysuolaa\\\/#primaryimage\"},\"image\":{\"@id\":\"https:\\\/\\\/medicinasinc.com\\\/fi\\\/product\\\/osta-sextacy-kylpysuolaa\\\/#primaryimage\"},\"thumbnailUrl\":\"https:\\\/\\\/medicinasinc.com\\\/fi\\\/wp-content\\\/uploads\\\/sites\\\/12\\\/2022\\\/02\\\/Buy-Sextacy-Bath-Salt.jpg\",\"datePublished\":\"2022-02-22T03:11:29+00:00\",\"dateModified\":\"2022-03-22T00:52:39+00:00\",\"description\":\"Osta Sextacy Bath Salt myyt\u00e4v\u00e4n\u00e4 Isossa-Britanniassa, Euroopassa Bestglobalmeds.com-verkkokaupassamme nopealla maailmanlaajuisella toimituksella! Best Sextacy Bath Salt tilauksesta l\u00f6yd\u00e4t!\",\"breadcrumb\":{\"@id\":\"https:\\\/\\\/medicinasinc.com\\\/fi\\\/product\\\/osta-sextacy-kylpysuolaa\\\/#breadcrumb\"},\"inLanguage\":\"en-US\",\"potentialAction\":[{\"@type\":\"ReadAction\",\"target\":[\"https:\\\/\\\/medicinasinc.com\\\/fi\\\/product\\\/osta-sextacy-kylpysuolaa\\\/\"]}]},{\"@type\":\"ImageObject\",\"inLanguage\":\"en-US\",\"@id\":\"https:\\\/\\\/medicinasinc.com\\\/fi\\\/product\\\/osta-sextacy-kylpysuolaa\\\/#primaryimage\",\"url\":\"https:\\\/\\\/medicinasinc.com\\\/fi\\\/wp-content\\\/uploads\\\/sites\\\/12\\\/2022\\\/02\\\/Buy-Sextacy-Bath-Salt.jpg\",\"contentUrl\":\"https:\\\/\\\/medicinasinc.com\\\/fi\\\/wp-content\\\/uploads\\\/sites\\\/12\\\/2022\\\/02\\\/Buy-Sextacy-Bath-Salt.jpg\",\"width\":600,\"height\":600},{\"@type\":\"BreadcrumbList\",\"@id\":\"https:\\\/\\\/medicinasinc.com\\\/fi\\\/product\\\/osta-sextacy-kylpysuolaa\\\/#breadcrumb\",\"itemListElement\":[{\"@type\":\"ListItem\",\"position\":1,\"name\":\"Myym\u00e4l\u00e4\",\"item\":\"https:\\\/\\\/medicinasinc.com\\\/fi\\\/myymala\\\/\"},{\"@type\":\"ListItem\",\"position\":2,\"name\":\"Osta Sextacy Bath Salt\"}]},{\"@type\":\"WebSite\",\"@id\":\"https:\\\/\\\/medicinasinc.com\\\/fi\\\/#website\",\"url\":\"https:\\\/\\\/medicinasinc.com\\\/fi\\\/\",\"name\":\"Medicinas Inc\",\"description\":\"Health Medical Clinic\",\"potentialAction\":[{\"@type\":\"SearchAction\",\"target\":{\"@type\":\"EntryPoint\",\"urlTemplate\":\"https:\\\/\\\/medicinasinc.com\\\/fi\\\/?s={search_term_string}\"},\"query-input\":{\"@type\":\"PropertyValueSpecification\",\"valueRequired\":true,\"valueName\":\"search_term_string\"}}],\"inLanguage\":\"en-US\"}]}<\/script>\n<!-- \/ Yoast SEO plugin. -->","yoast_head_json":{"title":"Osta Sextacy Bath Salt - Sextacy Bath Salt - Best Global Meds","description":"Osta Sextacy Bath Salt myyt\u00e4v\u00e4n\u00e4 Isossa-Britanniassa, Euroopassa Bestglobalmeds.com-verkkokaupassamme nopealla maailmanlaajuisella toimituksella! Best Sextacy Bath Salt tilauksesta l\u00f6yd\u00e4t!","robots":{"index":"index","follow":"follow","max-snippet":"max-snippet:-1","max-image-preview":"max-image-preview:large","max-video-preview":"max-video-preview:-1"},"canonical":"https:\/\/medicinasinc.com\/fi\/product\/osta-sextacy-kylpysuolaa\/","og_locale":"en_US","og_type":"article","og_title":"Osta Sextacy Bath Salt - Sextacy Bath Salt - Best Global Meds","og_description":"Osta Sextacy Bath Salt myyt\u00e4v\u00e4n\u00e4 Isossa-Britanniassa, Euroopassa Bestglobalmeds.com-verkkokaupassamme nopealla maailmanlaajuisella toimituksella! Best Sextacy Bath Salt tilauksesta l\u00f6yd\u00e4t!","og_url":"https:\/\/medicinasinc.com\/fi\/product\/osta-sextacy-kylpysuolaa\/","og_site_name":"Medicinas Inc","article_modified_time":"2022-03-22T00:52:39+00:00","og_image":[{"width":600,"height":600,"url":"https:\/\/medicinasinc.com\/fi\/wp-content\/uploads\/sites\/12\/2022\/02\/Buy-Sextacy-Bath-Salt.jpg","type":"image\/jpeg"}],"twitter_card":"summary_large_image","twitter_misc":{"Est. reading time":"2 minutes"},"schema":{"@context":"https:\/\/schema.org","@graph":[{"@type":"WebPage","@id":"https:\/\/medicinasinc.com\/fi\/product\/osta-sextacy-kylpysuolaa\/","url":"https:\/\/medicinasinc.com\/fi\/product\/osta-sextacy-kylpysuolaa\/","name":"Osta Sextacy Bath Salt - Sextacy Bath Salt - Best Global Meds","isPartOf":{"@id":"https:\/\/medicinasinc.com\/fi\/#website"},"primaryImageOfPage":{"@id":"https:\/\/medicinasinc.com\/fi\/product\/osta-sextacy-kylpysuolaa\/#primaryimage"},"image":{"@id":"https:\/\/medicinasinc.com\/fi\/product\/osta-sextacy-kylpysuolaa\/#primaryimage"},"thumbnailUrl":"https:\/\/medicinasinc.com\/fi\/wp-content\/uploads\/sites\/12\/2022\/02\/Buy-Sextacy-Bath-Salt.jpg","datePublished":"2022-02-22T03:11:29+00:00","dateModified":"2022-03-22T00:52:39+00:00","description":"Osta Sextacy Bath Salt myyt\u00e4v\u00e4n\u00e4 Isossa-Britanniassa, Euroopassa Bestglobalmeds.com-verkkokaupassamme nopealla maailmanlaajuisella toimituksella! Best Sextacy Bath Salt tilauksesta l\u00f6yd\u00e4t!","breadcrumb":{"@id":"https:\/\/medicinasinc.com\/fi\/product\/osta-sextacy-kylpysuolaa\/#breadcrumb"},"inLanguage":"en-US","potentialAction":[{"@type":"ReadAction","target":["https:\/\/medicinasinc.com\/fi\/product\/osta-sextacy-kylpysuolaa\/"]}]},{"@type":"ImageObject","inLanguage":"en-US","@id":"https:\/\/medicinasinc.com\/fi\/product\/osta-sextacy-kylpysuolaa\/#primaryimage","url":"https:\/\/medicinasinc.com\/fi\/wp-content\/uploads\/sites\/12\/2022\/02\/Buy-Sextacy-Bath-Salt.jpg","contentUrl":"https:\/\/medicinasinc.com\/fi\/wp-content\/uploads\/sites\/12\/2022\/02\/Buy-Sextacy-Bath-Salt.jpg","width":600,"height":600},{"@type":"BreadcrumbList","@id":"https:\/\/medicinasinc.com\/fi\/product\/osta-sextacy-kylpysuolaa\/#breadcrumb","itemListElement":[{"@type":"ListItem","position":1,"name":"Myym\u00e4l\u00e4","item":"https:\/\/medicinasinc.com\/fi\/myymala\/"},{"@type":"ListItem","position":2,"name":"Osta Sextacy Bath Salt"}]},{"@type":"WebSite","@id":"https:\/\/medicinasinc.com\/fi\/#website","url":"https:\/\/medicinasinc.com\/fi\/","name":"Medicinas Inc","description":"Health Medical Clinic","potentialAction":[{"@type":"SearchAction","target":{"@type":"EntryPoint","urlTemplate":"https:\/\/medicinasinc.com\/fi\/?s={search_term_string}"},"query-input":{"@type":"PropertyValueSpecification","valueRequired":true,"valueName":"search_term_string"}}],"inLanguage":"en-US"}]}},"_links":{"self":[{"href":"https:\/\/medicinasinc.com\/fi\/wp-json\/wp\/v2\/product\/5638","targetHints":{"allow":["GET"]}}],"collection":[{"href":"https:\/\/medicinasinc.com\/fi\/wp-json\/wp\/v2\/product"}],"about":[{"href":"https:\/\/medicinasinc.com\/fi\/wp-json\/wp\/v2\/types\/product"}],"replies":[{"embeddable":true,"href":"https:\/\/medicinasinc.com\/fi\/wp-json\/wp\/v2\/comments?post=5638"}],"wp:featuredmedia":[{"embeddable":true,"href":"https:\/\/medicinasinc.com\/fi\/wp-json\/wp\/v2\/media\/5650"}],"wp:attachment":[{"href":"https:\/\/medicinasinc.com\/fi\/wp-json\/wp\/v2\/media?parent=5638"}],"wp:term":[{"taxonomy":"product_brand","embeddable":true,"href":"https:\/\/medicinasinc.com\/fi\/wp-json\/wp\/v2\/product_brand?post=5638"},{"taxonomy":"product_cat","embeddable":true,"href":"https:\/\/medicinasinc.com\/fi\/wp-json\/wp\/v2\/product_cat?post=5638"},{"taxonomy":"product_tag","embeddable":true,"href":"https:\/\/medicinasinc.com\/fi\/wp-json\/wp\/v2\/product_tag?post=5638"}],"curies":[{"name":"wp","href":"https:\/\/api.w.org\/{rel}","templated":true}]}}