{"id":5637,"date":"2022-02-22T03:10:06","date_gmt":"2022-02-22T03:10:06","guid":{"rendered":"https:\/\/medicinasinc.com\/fi\/?post_type=product&#038;p=5637"},"modified":"2022-03-22T00:52:52","modified_gmt":"2022-03-22T00:52:52","slug":"osta-kimaltele-kylpysuolaa","status":"publish","type":"product","link":"https:\/\/medicinasinc.com\/fi\/product\/osta-kimaltele-kylpysuolaa\/","title":{"rendered":"Osta Sparkle Bath Salt"},"content":{"rendered":"<p>Tiedot tuotteesta<\/p>\n<p>K\u00c4YTT\u00c4M\u00c4LL\u00c4 K\u00c4YTETT\u00c4V\u00c4T KYLPYSUOLIAmme voit tehd\u00e4 ammeessa viett\u00e4m\u00e4st\u00e4si ajasta hauskempaa. T\u00e4m\u00e4 korkealuokkainen kylpylis\u00e4aine sis\u00e4lt\u00e4\u00e4 kuolleenmeren suoloja ja epsom-suoloja, jotka auttavat kehoa p\u00e4\u00e4sem\u00e4\u00e4n eroon myrkkyist\u00e4. Kookosmaitojauhe, kauran proteiini ja kaoliinisavi pehment\u00e4v\u00e4t ja ravitsevat ihoa. Eukalyptus-, kataja- ja laventeli\u00f6ljyt auttavat ihmisi\u00e4 rentoutumaan, nukkumaan paremmin ja hy\u00f6dytt\u00e4v\u00e4t aromaterapiavaikutuksia.<\/p>\n<p>KEIHUVAT KYLPYSUOLAT tulevat 10 unssin mittatilausty\u00f6n\u00e4 valmistetussa lasikarahvissa, joka on k\u00e4\u00e4ritty meriruohoon. Kannen sis\u00e4puolelta mitataan suoloja.<\/p>\n<p>ZERO WASTE REFILL POUCH on valmistettu paperista, joka voidaan kompostoida kotona. Se on vastauksemme kertak\u00e4ytt\u00f6isiin muovisiin kylpysuolapusseihin, joita teimme aiemmin. Jos pussilla on It\u00e4vallan OK HOME -sertifikaatti, se tarkoittaa, ett\u00e4 se hajoaa kokonaan puutarhasi kompostikasassa. ZERO WASTE REFILL -pussissa on 10 unssia suolaa.<\/p>\n<p>Kuinka sit\u00e4 k\u00e4ytet\u00e4\u00e4n<\/p>\n<p>Kaada 2-3-3 korkkillista kupilliseen l\u00e4mmint\u00e4 vett\u00e4 kansi p\u00e4\u00e4ll\u00e4 kauha. Hell\u00e4varaisten kuplien ja pienen kipin\u00e4n avulla huomaat, milloin on aika saada kehosi sis\u00e4\u00e4n.<\/p>\n<p>Kylpyn j\u00e4lkeen ei tarvitse huuhdella. Voit taputtaa vartaloasi pyyhkeell\u00e4. K\u00e4yt\u00e4 vartalo\u00f6ljy\u00e4 kosteuden pit\u00e4miseksi sis\u00e4ll\u00e4.<\/p>\n<p>Ainesosat<\/p>\n<p>Magnesiumsulfaatti, Cocos Nucifera -uute, kaoliinisavi, kiillejauhe ja natriumnatrium ovat joitakin Maris Salin ainesosia. , joka tunnetaan my\u00f6s kuolleenmeren suolana tai merisuolana.<\/p>\n<p>Kosteutettu kauraproteiini (kauraproteiini) ja bikarbonaatti<\/p>\n<p>JAUHE: Kolloidinen hopea, Vaccinium angustifolium -hedelm\u00e4uute (mustikkauute), Coco-Glucoside, Eucalyptus globulus -lehti\u00f6ljy, Lavandula angustifolia -kukka\u00f6ljy, Juniperus communis -puu\u00f6ljy ja Lavandula angustifolia -kukka\u00f6ljy (Juniper Essential Oil)<\/p>\n<div class=\"product-next-previous\">\n<div class=\" product-prev\"><\/div><\/div>\n","protected":false},"excerpt":{"rendered":"<p>Voit ostaa kimaltelevaa kylpysuolaa myyt\u00e4v\u00e4ksi Isossa-Britanniassa, EU:ssa ja Australiassa. Meilt\u00e4 ostavat ihmiset voivat olla varmoja siit\u00e4, ett\u00e4 he saavat sen, mist\u00e4 maksavat. Osta Sparkle Bath Salt parhaaseen hintaan nyt!<\/p>\n<p>Varmista, ett\u00e4 ostat JENAM LIVE LOVE SPARKLE BATH SALT CUPin parhaaseen hintaan verkosta sek\u00e4 Hollannissa ett\u00e4 USA:ssa. Osta nyt jotain Best Global Medsist\u00e4. Heill\u00e4 on edulliset hinnat!<\/p>\n<p>Kylpysuolatiiviste parhailta merkeilt\u00e4. Pakollinen hankinta jokaiselle t\u00e4htikatselijalle. Tunnet olosi yht\u00e4 kirkkaaksi kuin t\u00e4hdet.<\/p>\n","protected":false},"featured_media":5648,"comment_status":"open","ping_status":"closed","template":"","meta":[],"product_brand":[],"product_cat":[610,2014],"product_tag":[3382,3380,3394,3395,3381,3386,3387,3388,3384,3389,3391,3393,3392,3385,3390,3383],"class_list":{"0":"post-5637","1":"product","2":"type-product","3":"status-publish","4":"has-post-thumbnail","6":"product_cat-osta-hash-hashish","7":"product_cat-osta-tutkimus-kemikaaleja","8":"product_tag-buy-sparkle-bath-salt-uk","9":"product_tag-osta-kimaltele-kylpysuolaa","10":"product_tag-mist-ostaa-kimaltava-kylpysuolaa","11":"product_tag-mist-tilaa-kimaltele-kylpysuolaa","12":"product_tag-osta-sparkle-bath-salt-europe","13":"product_tag-kimallus-kylpy-suola-saksa","14":"product_tag-sparkle-bath-salt-online","15":"product_tag-sparkle-bath-salt-order","16":"product_tag-kimaltele-kylpy-suolaa-osta","17":"product_tag-kimallus-kylpy-suola-puola","18":"product_tag-kimallus-kylpy-suola-reddit","19":"product_tag-kimallus-kylpy-suola-ruotsi","20":"product_tag-sparkle-bath-salt-sale","21":"product_tag-kimallus-kylpy-suola-vaikutus","22":"product_tag-kipin-kylpy-suolan-osto","23":"product_tag-tilaus-kimallus-kylpysuola","25":"first","26":"instock","27":"shipping-taxable","28":"purchasable","29":"product-type-variable","30":"has-default-attributes"},"yoast_head":"<!-- This site is optimized with the Yoast SEO plugin v27.3 - https:\/\/yoast.com\/product\/yoast-seo-wordpress\/ -->\n<title>Osta Sparkle Bath Salt - Sparkle Bath Salt - Best Global Meds<\/title>\n<meta name=\"description\" content=\"Osta Sparkle Bath Salt myyt\u00e4v\u00e4n\u00e4 Isossa-Britanniassa, Euroopassa, AU:ssa. Tarjoamme luotettavimman kaupank\u00e4ynnin ja myymme eritt\u00e4in edulliseen hintaan. Tilaa Sparkle Bath Salt nyt parhaaseen hintaan\" \/>\n<meta name=\"robots\" content=\"index, follow, max-snippet:-1, max-image-preview:large, max-video-preview:-1\" \/>\n<link rel=\"canonical\" href=\"https:\/\/medicinasinc.com\/fi\/product\/osta-kimaltele-kylpysuolaa\/\" \/>\n<meta property=\"og:locale\" content=\"en_US\" \/>\n<meta property=\"og:type\" content=\"article\" \/>\n<meta property=\"og:title\" content=\"Osta Sparkle Bath Salt - Sparkle Bath Salt - Best Global Meds\" \/>\n<meta property=\"og:description\" content=\"Osta Sparkle Bath Salt myyt\u00e4v\u00e4n\u00e4 Isossa-Britanniassa, Euroopassa, AU:ssa. Tarjoamme luotettavimman kaupank\u00e4ynnin ja myymme eritt\u00e4in edulliseen hintaan. Tilaa Sparkle Bath Salt nyt parhaaseen hintaan\" \/>\n<meta property=\"og:url\" content=\"https:\/\/medicinasinc.com\/fi\/product\/osta-kimaltele-kylpysuolaa\/\" \/>\n<meta property=\"og:site_name\" content=\"Medicinas Inc\" \/>\n<meta property=\"article:modified_time\" content=\"2022-03-22T00:52:52+00:00\" \/>\n<meta property=\"og:image\" content=\"https:\/\/medicinasinc.com\/fi\/wp-content\/uploads\/sites\/12\/2022\/02\/Buy-Sparkle-Bath-Salt.jpg\" \/>\n\t<meta property=\"og:image:width\" content=\"750\" \/>\n\t<meta property=\"og:image:height\" content=\"750\" \/>\n\t<meta property=\"og:image:type\" content=\"image\/jpeg\" \/>\n<meta name=\"twitter:card\" content=\"summary_large_image\" \/>\n<meta name=\"twitter:label1\" content=\"Est. reading time\" \/>\n\t<meta name=\"twitter:data1\" content=\"2 minutes\" \/>\n<script type=\"application\/ld+json\" class=\"yoast-schema-graph\">{\"@context\":\"https:\\\/\\\/schema.org\",\"@graph\":[{\"@type\":\"WebPage\",\"@id\":\"https:\\\/\\\/medicinasinc.com\\\/fi\\\/product\\\/osta-kimaltele-kylpysuolaa\\\/\",\"url\":\"https:\\\/\\\/medicinasinc.com\\\/fi\\\/product\\\/osta-kimaltele-kylpysuolaa\\\/\",\"name\":\"Osta Sparkle Bath Salt - Sparkle Bath Salt - Best Global Meds\",\"isPartOf\":{\"@id\":\"https:\\\/\\\/medicinasinc.com\\\/fi\\\/#website\"},\"primaryImageOfPage\":{\"@id\":\"https:\\\/\\\/medicinasinc.com\\\/fi\\\/product\\\/osta-kimaltele-kylpysuolaa\\\/#primaryimage\"},\"image\":{\"@id\":\"https:\\\/\\\/medicinasinc.com\\\/fi\\\/product\\\/osta-kimaltele-kylpysuolaa\\\/#primaryimage\"},\"thumbnailUrl\":\"https:\\\/\\\/medicinasinc.com\\\/fi\\\/wp-content\\\/uploads\\\/sites\\\/12\\\/2022\\\/02\\\/Buy-Sparkle-Bath-Salt.jpg\",\"datePublished\":\"2022-02-22T03:10:06+00:00\",\"dateModified\":\"2022-03-22T00:52:52+00:00\",\"description\":\"Osta Sparkle Bath Salt myyt\u00e4v\u00e4n\u00e4 Isossa-Britanniassa, Euroopassa, AU:ssa. Tarjoamme luotettavimman kaupank\u00e4ynnin ja myymme eritt\u00e4in edulliseen hintaan. Tilaa Sparkle Bath Salt nyt parhaaseen hintaan\",\"breadcrumb\":{\"@id\":\"https:\\\/\\\/medicinasinc.com\\\/fi\\\/product\\\/osta-kimaltele-kylpysuolaa\\\/#breadcrumb\"},\"inLanguage\":\"en-US\",\"potentialAction\":[{\"@type\":\"ReadAction\",\"target\":[\"https:\\\/\\\/medicinasinc.com\\\/fi\\\/product\\\/osta-kimaltele-kylpysuolaa\\\/\"]}]},{\"@type\":\"ImageObject\",\"inLanguage\":\"en-US\",\"@id\":\"https:\\\/\\\/medicinasinc.com\\\/fi\\\/product\\\/osta-kimaltele-kylpysuolaa\\\/#primaryimage\",\"url\":\"https:\\\/\\\/medicinasinc.com\\\/fi\\\/wp-content\\\/uploads\\\/sites\\\/12\\\/2022\\\/02\\\/Buy-Sparkle-Bath-Salt.jpg\",\"contentUrl\":\"https:\\\/\\\/medicinasinc.com\\\/fi\\\/wp-content\\\/uploads\\\/sites\\\/12\\\/2022\\\/02\\\/Buy-Sparkle-Bath-Salt.jpg\",\"width\":750,\"height\":750},{\"@type\":\"BreadcrumbList\",\"@id\":\"https:\\\/\\\/medicinasinc.com\\\/fi\\\/product\\\/osta-kimaltele-kylpysuolaa\\\/#breadcrumb\",\"itemListElement\":[{\"@type\":\"ListItem\",\"position\":1,\"name\":\"Myym\u00e4l\u00e4\",\"item\":\"https:\\\/\\\/medicinasinc.com\\\/fi\\\/myymala\\\/\"},{\"@type\":\"ListItem\",\"position\":2,\"name\":\"Osta Sparkle Bath Salt\"}]},{\"@type\":\"WebSite\",\"@id\":\"https:\\\/\\\/medicinasinc.com\\\/fi\\\/#website\",\"url\":\"https:\\\/\\\/medicinasinc.com\\\/fi\\\/\",\"name\":\"Medicinas Inc\",\"description\":\"Health Medical Clinic\",\"potentialAction\":[{\"@type\":\"SearchAction\",\"target\":{\"@type\":\"EntryPoint\",\"urlTemplate\":\"https:\\\/\\\/medicinasinc.com\\\/fi\\\/?s={search_term_string}\"},\"query-input\":{\"@type\":\"PropertyValueSpecification\",\"valueRequired\":true,\"valueName\":\"search_term_string\"}}],\"inLanguage\":\"en-US\"}]}<\/script>\n<!-- \/ Yoast SEO plugin. -->","yoast_head_json":{"title":"Osta Sparkle Bath Salt - Sparkle Bath Salt - Best Global Meds","description":"Osta Sparkle Bath Salt myyt\u00e4v\u00e4n\u00e4 Isossa-Britanniassa, Euroopassa, AU:ssa. Tarjoamme luotettavimman kaupank\u00e4ynnin ja myymme eritt\u00e4in edulliseen hintaan. Tilaa Sparkle Bath Salt nyt parhaaseen hintaan","robots":{"index":"index","follow":"follow","max-snippet":"max-snippet:-1","max-image-preview":"max-image-preview:large","max-video-preview":"max-video-preview:-1"},"canonical":"https:\/\/medicinasinc.com\/fi\/product\/osta-kimaltele-kylpysuolaa\/","og_locale":"en_US","og_type":"article","og_title":"Osta Sparkle Bath Salt - Sparkle Bath Salt - Best Global Meds","og_description":"Osta Sparkle Bath Salt myyt\u00e4v\u00e4n\u00e4 Isossa-Britanniassa, Euroopassa, AU:ssa. Tarjoamme luotettavimman kaupank\u00e4ynnin ja myymme eritt\u00e4in edulliseen hintaan. Tilaa Sparkle Bath Salt nyt parhaaseen hintaan","og_url":"https:\/\/medicinasinc.com\/fi\/product\/osta-kimaltele-kylpysuolaa\/","og_site_name":"Medicinas Inc","article_modified_time":"2022-03-22T00:52:52+00:00","og_image":[{"width":750,"height":750,"url":"https:\/\/medicinasinc.com\/fi\/wp-content\/uploads\/sites\/12\/2022\/02\/Buy-Sparkle-Bath-Salt.jpg","type":"image\/jpeg"}],"twitter_card":"summary_large_image","twitter_misc":{"Est. reading time":"2 minutes"},"schema":{"@context":"https:\/\/schema.org","@graph":[{"@type":"WebPage","@id":"https:\/\/medicinasinc.com\/fi\/product\/osta-kimaltele-kylpysuolaa\/","url":"https:\/\/medicinasinc.com\/fi\/product\/osta-kimaltele-kylpysuolaa\/","name":"Osta Sparkle Bath Salt - Sparkle Bath Salt - Best Global Meds","isPartOf":{"@id":"https:\/\/medicinasinc.com\/fi\/#website"},"primaryImageOfPage":{"@id":"https:\/\/medicinasinc.com\/fi\/product\/osta-kimaltele-kylpysuolaa\/#primaryimage"},"image":{"@id":"https:\/\/medicinasinc.com\/fi\/product\/osta-kimaltele-kylpysuolaa\/#primaryimage"},"thumbnailUrl":"https:\/\/medicinasinc.com\/fi\/wp-content\/uploads\/sites\/12\/2022\/02\/Buy-Sparkle-Bath-Salt.jpg","datePublished":"2022-02-22T03:10:06+00:00","dateModified":"2022-03-22T00:52:52+00:00","description":"Osta Sparkle Bath Salt myyt\u00e4v\u00e4n\u00e4 Isossa-Britanniassa, Euroopassa, AU:ssa. Tarjoamme luotettavimman kaupank\u00e4ynnin ja myymme eritt\u00e4in edulliseen hintaan. Tilaa Sparkle Bath Salt nyt parhaaseen hintaan","breadcrumb":{"@id":"https:\/\/medicinasinc.com\/fi\/product\/osta-kimaltele-kylpysuolaa\/#breadcrumb"},"inLanguage":"en-US","potentialAction":[{"@type":"ReadAction","target":["https:\/\/medicinasinc.com\/fi\/product\/osta-kimaltele-kylpysuolaa\/"]}]},{"@type":"ImageObject","inLanguage":"en-US","@id":"https:\/\/medicinasinc.com\/fi\/product\/osta-kimaltele-kylpysuolaa\/#primaryimage","url":"https:\/\/medicinasinc.com\/fi\/wp-content\/uploads\/sites\/12\/2022\/02\/Buy-Sparkle-Bath-Salt.jpg","contentUrl":"https:\/\/medicinasinc.com\/fi\/wp-content\/uploads\/sites\/12\/2022\/02\/Buy-Sparkle-Bath-Salt.jpg","width":750,"height":750},{"@type":"BreadcrumbList","@id":"https:\/\/medicinasinc.com\/fi\/product\/osta-kimaltele-kylpysuolaa\/#breadcrumb","itemListElement":[{"@type":"ListItem","position":1,"name":"Myym\u00e4l\u00e4","item":"https:\/\/medicinasinc.com\/fi\/myymala\/"},{"@type":"ListItem","position":2,"name":"Osta Sparkle Bath Salt"}]},{"@type":"WebSite","@id":"https:\/\/medicinasinc.com\/fi\/#website","url":"https:\/\/medicinasinc.com\/fi\/","name":"Medicinas Inc","description":"Health Medical Clinic","potentialAction":[{"@type":"SearchAction","target":{"@type":"EntryPoint","urlTemplate":"https:\/\/medicinasinc.com\/fi\/?s={search_term_string}"},"query-input":{"@type":"PropertyValueSpecification","valueRequired":true,"valueName":"search_term_string"}}],"inLanguage":"en-US"}]}},"_links":{"self":[{"href":"https:\/\/medicinasinc.com\/fi\/wp-json\/wp\/v2\/product\/5637","targetHints":{"allow":["GET"]}}],"collection":[{"href":"https:\/\/medicinasinc.com\/fi\/wp-json\/wp\/v2\/product"}],"about":[{"href":"https:\/\/medicinasinc.com\/fi\/wp-json\/wp\/v2\/types\/product"}],"replies":[{"embeddable":true,"href":"https:\/\/medicinasinc.com\/fi\/wp-json\/wp\/v2\/comments?post=5637"}],"wp:featuredmedia":[{"embeddable":true,"href":"https:\/\/medicinasinc.com\/fi\/wp-json\/wp\/v2\/media\/5648"}],"wp:attachment":[{"href":"https:\/\/medicinasinc.com\/fi\/wp-json\/wp\/v2\/media?parent=5637"}],"wp:term":[{"taxonomy":"product_brand","embeddable":true,"href":"https:\/\/medicinasinc.com\/fi\/wp-json\/wp\/v2\/product_brand?post=5637"},{"taxonomy":"product_cat","embeddable":true,"href":"https:\/\/medicinasinc.com\/fi\/wp-json\/wp\/v2\/product_cat?post=5637"},{"taxonomy":"product_tag","embeddable":true,"href":"https:\/\/medicinasinc.com\/fi\/wp-json\/wp\/v2\/product_tag?post=5637"}],"curies":[{"name":"wp","href":"https:\/\/api.w.org\/{rel}","templated":true}]}}