{"id":5636,"date":"2022-02-22T03:08:33","date_gmt":"2022-02-22T03:08:33","guid":{"rendered":"https:\/\/medicinasinc.com\/fi\/?post_type=product&#038;p=5636"},"modified":"2022-03-22T00:53:00","modified_gmt":"2022-03-22T00:53:00","slug":"osta-syntakiini-jauhe","status":"publish","type":"product","link":"https:\/\/medicinasinc.com\/fi\/product\/osta-syntakiini-jauhe\/","title":{"rendered":"Osta Synthacaine Powder"},"content":{"rendered":"<p>OSTA SYNTHAKAINEJAUHETTA K\u00c4YTT\u00d6\u00d6N<br \/> Synthacaine Powder on tutkimuskemikaali, jota myy tukkuliike.<br \/> Kassalla voit maksaa pankkisiirrolla vai bitcoineilla.<br \/> Huomaa, ett\u00e4 olet suojattu vain, jos pakettisi katoaa. Jos k\u00e4yt\u00e4t Tracked Insured -palvelua ja pakettisi katoaa, l\u00e4het\u00e4mme sen sinulle takaisin ilmaiseksi.<br \/> Tarkista maasi kemikaalien tuontia koskevat lait.<br \/> Maanantaista perjantaihin tehdyt bitcoin-tilaukset klo 15.30 asti toimitetaan samana p\u00e4iv\u00e4n\u00e4, kun ne sijoitetaan.<\/p>\n<p>Kun Synthacainea k\u00e4ytettiin ensimm\u00e4isen kerran tutkimuksessa, sill\u00e4 oli huono maine. T\u00e4m\u00e4 johtuu p\u00e4\u00e4asiassa siit\u00e4, ett\u00e4 monet yritykset myiv\u00e4t huonolaatuisia n\u00e4ytteit\u00e4 siit\u00e4. Ei kuitenkaan t\u00e4\u00e4ll\u00e4 Highstore.netiss\u00e4!<\/p>\n<p>Teemme yhteisty\u00f6t\u00e4 hyv\u00e4n laboratorion kanssa varmistaaksemme, ett\u00e4 kaikki valmistamamme syntakaiini on v\u00e4hint\u00e4\u00e4n 98-prosenttisesti puhdasta. Emme kerro t\u00e4m\u00e4n tuotteen tarkkaa resepti\u00e4, koska se on salainen sekoitus.<\/p>\n<p>Gr8 Research Chems -syntakaiinilla on hyv\u00e4 maine. Olemme iloisia voidessamme todeta, ett\u00e4 varastomme ovat per\u00e4isin samasta l\u00e4hteest\u00e4.<\/p>\n<p>T\u00e4st\u00e4 kemikaalista on viel\u00e4 paljon tiet\u00e4m\u00e4tt\u00e4, mutta t\u00e4h\u00e4n menness\u00e4 testit osoittavat, ett\u00e4 se voi saada ihmiset tuntemaan olonsa onnelliseksi hyvin nopeasti. .<\/p>\n<p>Se voi olla my\u00f6s stimulantti, joten on t\u00e4rke\u00e4\u00e4, ett\u00e4 tutkijat ryhtyv\u00e4t toimiin pysy\u00e4kseen erossa siit\u00e4 ja testaavat vain kahta er\u00e4\u00e4 sit\u00e4 kerrallaan.<\/p>\n<p>Kemikaalit joita myymme, ei ole hyv\u00e4ksytty mink\u00e4\u00e4nlaiseen in vivo -tutkimukseen (eli ei ihmisill\u00e4 tai el\u00e4imill\u00e4) tai kliinisiin kokeisiin, joten jos ne joutuvat vahingossa nielem\u00e4\u00e4n, sinun tulee hakea heti l\u00e4\u00e4k\u00e4rin apua. T\u00e4m\u00e4 koskee kaikkia myymi\u00e4mme kemikaaleja. Noudata normaaleja laboratorioturvallisuuss\u00e4\u00e4nt\u00f6j\u00e4, kuten oikeanlaisen ihon, silmien ja vaatteiden suojaaminen.<\/p>\n<p>Jos sy\u00f6t sen, sinun tulee hakea heti l\u00e4\u00e4k\u00e4rin apua.<\/p>\n<p>Ihmiset voivat ostaa. t\u00e4t\u00e4 tuotetta 500 mg:n ja 1 gramman eriss\u00e4. He voivat ostaa sit\u00e4 my\u00f6s 500 mg:n ja 2 gramman eriss\u00e4.<\/p>\n<p>On oltava yli 18-vuotias eik\u00e4 ihmisten sy\u00f6t\u00e4v\u00e4.<\/p>\n","protected":false},"excerpt":{"rendered":"<div class=\"woocommerce-product-details__short-description\">\n<p>Voit ostaa Synthacaine Powderia Best Global Meds -verkkokaupastamme Isossa-Britanniassa, Euroopassa, Aasiassa ja Kiinassa, ja saat sen nopeasti toimitettuna kaikkialle maailmaan! T\u00e4\u00e4lt\u00e4 l\u00f6yd\u00e4t parhaat ostettavat synthacaine.<\/p>\n<p>Synthacaine Powder: Osta Synthacaine Powder, Synthacaine Powder Research Chemical -tukkuliike. Kun maksat kassalla, voit maksaa pankkisiirrolla vai bitcoineilla.<\/p>\n<p>Synthacaine ostaa verkossa Synthacainea voi ostaa verkkokemian liikkeist\u00e4. Voit l\u00f6yt\u00e4\u00e4 ne. Kemikaalien verkkokaupat ovat paras paikka ostaa tutkimuskemikaaleja, koska niit\u00e4 saa sielt\u00e4.<\/p>\n<p>Mik\u00e4 on Synthacaine? Mist\u00e4 voin ostaa sen? Best Global Meds on yksi parhaista paikoista ostaa Synthacaine verkossa. Myyt\u00e4v\u00e4n\u00e4: Meill\u00e4 on myynniss\u00e4 korkealaatuista Synthacainea.<\/p>\n<p>Osta Synthacaine Powder edulliseen hintaan verkosta.<\/p>\n<p>Synthacaine on 99,8 % puhdasta. Syntakaiinia k\u00e4ytet\u00e4\u00e4n tutkimuksessa. 100 mg:lla se on eritt\u00e4in vahva.<\/p>\n<\/p><\/div>\n","protected":false},"featured_media":5646,"comment_status":"open","ping_status":"closed","template":"","meta":[],"product_brand":[],"product_cat":[2014],"product_tag":[3359,3360,3361,3362,3379,3372,3365,3368,3375,3373,3377,3374,3371,3369,3370,3378,3376,3363,3367,3366,3364],"class_list":{"0":"post-5636","1":"product","2":"type-product","3":"status-publish","4":"has-post-thumbnail","6":"product_cat-osta-tutkimus-kemikaaleja","7":"product_tag-buy-research-chemical-synthacaine-powder","8":"product_tag-buy-research-chemical-synthacaine-powder-online","9":"product_tag-buy-synthacaine-powder","10":"product_tag-buy-synthacaine-powder-uk","11":"product_tag-mist-ostaa-syntakaiinijauhetta","12":"product_tag-syntakaiini-jauhe-myynniss","13":"product_tag-research-chemical-new-release-synthacaine-powder","14":"product_tag-syntakaiini-jauhe","15":"product_tag-syntakaiini-jauhe-reddit","16":"product_tag-syntakaiini-jauhe-verkossa","17":"product_tag-syntakaiini-jauhe-myynti","18":"product_tag-syntakaiini-jauhe-tilaus","19":"product_tag-syntakaiini-jauhe-vaikutus","20":"product_tag-synthacaine-powder-buy","21":"product_tag-synthacaine-powder-china","22":"product_tag-syntakaiini-jauhe-tukkumyynti","23":"product_tag-syntakaiini-jauhe-tutkimus-kemikaali","24":"product_tag-tilaus-syntakaiini-jauhe-eurooppa","25":"product_tag-tutkimus-kemikaalit-verkossa","26":"product_tag-tutkimus-kemiallinen-syntakaiini-jauhe","27":"product_tag-tutkimus-chem-synthacaine-jauhe","29":"first","30":"instock","31":"shipping-taxable","32":"purchasable","33":"product-type-variable","34":"has-default-attributes"},"yoast_head":"<!-- This site is optimized with the Yoast SEO plugin v27.3 - https:\/\/yoast.com\/product\/yoast-seo-wordpress\/ -->\n<title>Osta Synthacaine Powder - Synthacaine Powder - Best Global Meds<\/title>\n<meta name=\"description\" content=\"Osta Synthacaine Powder Iso-Britannia, Eurooppa, Aasia, Kiina Best Global Meds -verkkokaupastamme nopealla maailmanlaajuisella toimituksella! Paras Synthacaine tilaukseen l\u00f6yd\u00e4t t\u00e4\u00e4lt\u00e4!\" \/>\n<meta name=\"robots\" content=\"index, follow, max-snippet:-1, max-image-preview:large, max-video-preview:-1\" \/>\n<link rel=\"canonical\" href=\"https:\/\/medicinasinc.com\/fi\/product\/osta-syntakiini-jauhe\/\" \/>\n<meta property=\"og:locale\" content=\"en_US\" \/>\n<meta property=\"og:type\" content=\"article\" \/>\n<meta property=\"og:title\" content=\"Osta Synthacaine Powder - Synthacaine Powder - Best Global Meds\" \/>\n<meta property=\"og:description\" content=\"Osta Synthacaine Powder Iso-Britannia, Eurooppa, Aasia, Kiina Best Global Meds -verkkokaupastamme nopealla maailmanlaajuisella toimituksella! Paras Synthacaine tilaukseen l\u00f6yd\u00e4t t\u00e4\u00e4lt\u00e4!\" \/>\n<meta property=\"og:url\" content=\"https:\/\/medicinasinc.com\/fi\/product\/osta-syntakiini-jauhe\/\" \/>\n<meta property=\"og:site_name\" content=\"Medicinas Inc\" \/>\n<meta property=\"article:modified_time\" content=\"2022-03-22T00:53:00+00:00\" \/>\n<meta property=\"og:image\" content=\"https:\/\/medicinasinc.com\/fi\/wp-content\/uploads\/sites\/12\/2022\/02\/Buy-Synthacaine-Powder.jpg\" \/>\n\t<meta property=\"og:image:width\" content=\"600\" \/>\n\t<meta property=\"og:image:height\" content=\"600\" \/>\n\t<meta property=\"og:image:type\" content=\"image\/jpeg\" \/>\n<meta name=\"twitter:card\" content=\"summary_large_image\" \/>\n<meta name=\"twitter:label1\" content=\"Est. reading time\" \/>\n\t<meta name=\"twitter:data1\" content=\"2 minutes\" \/>\n<script type=\"application\/ld+json\" class=\"yoast-schema-graph\">{\"@context\":\"https:\\\/\\\/schema.org\",\"@graph\":[{\"@type\":\"WebPage\",\"@id\":\"https:\\\/\\\/medicinasinc.com\\\/fi\\\/product\\\/osta-syntakiini-jauhe\\\/\",\"url\":\"https:\\\/\\\/medicinasinc.com\\\/fi\\\/product\\\/osta-syntakiini-jauhe\\\/\",\"name\":\"Osta Synthacaine Powder - Synthacaine Powder - Best Global Meds\",\"isPartOf\":{\"@id\":\"https:\\\/\\\/medicinasinc.com\\\/fi\\\/#website\"},\"primaryImageOfPage\":{\"@id\":\"https:\\\/\\\/medicinasinc.com\\\/fi\\\/product\\\/osta-syntakiini-jauhe\\\/#primaryimage\"},\"image\":{\"@id\":\"https:\\\/\\\/medicinasinc.com\\\/fi\\\/product\\\/osta-syntakiini-jauhe\\\/#primaryimage\"},\"thumbnailUrl\":\"https:\\\/\\\/medicinasinc.com\\\/fi\\\/wp-content\\\/uploads\\\/sites\\\/12\\\/2022\\\/02\\\/Buy-Synthacaine-Powder.jpg\",\"datePublished\":\"2022-02-22T03:08:33+00:00\",\"dateModified\":\"2022-03-22T00:53:00+00:00\",\"description\":\"Osta Synthacaine Powder Iso-Britannia, Eurooppa, Aasia, Kiina Best Global Meds -verkkokaupastamme nopealla maailmanlaajuisella toimituksella! Paras Synthacaine tilaukseen l\u00f6yd\u00e4t t\u00e4\u00e4lt\u00e4!\",\"breadcrumb\":{\"@id\":\"https:\\\/\\\/medicinasinc.com\\\/fi\\\/product\\\/osta-syntakiini-jauhe\\\/#breadcrumb\"},\"inLanguage\":\"en-US\",\"potentialAction\":[{\"@type\":\"ReadAction\",\"target\":[\"https:\\\/\\\/medicinasinc.com\\\/fi\\\/product\\\/osta-syntakiini-jauhe\\\/\"]}]},{\"@type\":\"ImageObject\",\"inLanguage\":\"en-US\",\"@id\":\"https:\\\/\\\/medicinasinc.com\\\/fi\\\/product\\\/osta-syntakiini-jauhe\\\/#primaryimage\",\"url\":\"https:\\\/\\\/medicinasinc.com\\\/fi\\\/wp-content\\\/uploads\\\/sites\\\/12\\\/2022\\\/02\\\/Buy-Synthacaine-Powder.jpg\",\"contentUrl\":\"https:\\\/\\\/medicinasinc.com\\\/fi\\\/wp-content\\\/uploads\\\/sites\\\/12\\\/2022\\\/02\\\/Buy-Synthacaine-Powder.jpg\",\"width\":600,\"height\":600},{\"@type\":\"BreadcrumbList\",\"@id\":\"https:\\\/\\\/medicinasinc.com\\\/fi\\\/product\\\/osta-syntakiini-jauhe\\\/#breadcrumb\",\"itemListElement\":[{\"@type\":\"ListItem\",\"position\":1,\"name\":\"Myym\u00e4l\u00e4\",\"item\":\"https:\\\/\\\/medicinasinc.com\\\/fi\\\/myymala\\\/\"},{\"@type\":\"ListItem\",\"position\":2,\"name\":\"Osta Synthacaine Powder\"}]},{\"@type\":\"WebSite\",\"@id\":\"https:\\\/\\\/medicinasinc.com\\\/fi\\\/#website\",\"url\":\"https:\\\/\\\/medicinasinc.com\\\/fi\\\/\",\"name\":\"Medicinas Inc\",\"description\":\"Health Medical Clinic\",\"potentialAction\":[{\"@type\":\"SearchAction\",\"target\":{\"@type\":\"EntryPoint\",\"urlTemplate\":\"https:\\\/\\\/medicinasinc.com\\\/fi\\\/?s={search_term_string}\"},\"query-input\":{\"@type\":\"PropertyValueSpecification\",\"valueRequired\":true,\"valueName\":\"search_term_string\"}}],\"inLanguage\":\"en-US\"}]}<\/script>\n<!-- \/ Yoast SEO plugin. -->","yoast_head_json":{"title":"Osta Synthacaine Powder - Synthacaine Powder - Best Global Meds","description":"Osta Synthacaine Powder Iso-Britannia, Eurooppa, Aasia, Kiina Best Global Meds -verkkokaupastamme nopealla maailmanlaajuisella toimituksella! Paras Synthacaine tilaukseen l\u00f6yd\u00e4t t\u00e4\u00e4lt\u00e4!","robots":{"index":"index","follow":"follow","max-snippet":"max-snippet:-1","max-image-preview":"max-image-preview:large","max-video-preview":"max-video-preview:-1"},"canonical":"https:\/\/medicinasinc.com\/fi\/product\/osta-syntakiini-jauhe\/","og_locale":"en_US","og_type":"article","og_title":"Osta Synthacaine Powder - Synthacaine Powder - Best Global Meds","og_description":"Osta Synthacaine Powder Iso-Britannia, Eurooppa, Aasia, Kiina Best Global Meds -verkkokaupastamme nopealla maailmanlaajuisella toimituksella! Paras Synthacaine tilaukseen l\u00f6yd\u00e4t t\u00e4\u00e4lt\u00e4!","og_url":"https:\/\/medicinasinc.com\/fi\/product\/osta-syntakiini-jauhe\/","og_site_name":"Medicinas Inc","article_modified_time":"2022-03-22T00:53:00+00:00","og_image":[{"width":600,"height":600,"url":"https:\/\/medicinasinc.com\/fi\/wp-content\/uploads\/sites\/12\/2022\/02\/Buy-Synthacaine-Powder.jpg","type":"image\/jpeg"}],"twitter_card":"summary_large_image","twitter_misc":{"Est. reading time":"2 minutes"},"schema":{"@context":"https:\/\/schema.org","@graph":[{"@type":"WebPage","@id":"https:\/\/medicinasinc.com\/fi\/product\/osta-syntakiini-jauhe\/","url":"https:\/\/medicinasinc.com\/fi\/product\/osta-syntakiini-jauhe\/","name":"Osta Synthacaine Powder - Synthacaine Powder - Best Global Meds","isPartOf":{"@id":"https:\/\/medicinasinc.com\/fi\/#website"},"primaryImageOfPage":{"@id":"https:\/\/medicinasinc.com\/fi\/product\/osta-syntakiini-jauhe\/#primaryimage"},"image":{"@id":"https:\/\/medicinasinc.com\/fi\/product\/osta-syntakiini-jauhe\/#primaryimage"},"thumbnailUrl":"https:\/\/medicinasinc.com\/fi\/wp-content\/uploads\/sites\/12\/2022\/02\/Buy-Synthacaine-Powder.jpg","datePublished":"2022-02-22T03:08:33+00:00","dateModified":"2022-03-22T00:53:00+00:00","description":"Osta Synthacaine Powder Iso-Britannia, Eurooppa, Aasia, Kiina Best Global Meds -verkkokaupastamme nopealla maailmanlaajuisella toimituksella! Paras Synthacaine tilaukseen l\u00f6yd\u00e4t t\u00e4\u00e4lt\u00e4!","breadcrumb":{"@id":"https:\/\/medicinasinc.com\/fi\/product\/osta-syntakiini-jauhe\/#breadcrumb"},"inLanguage":"en-US","potentialAction":[{"@type":"ReadAction","target":["https:\/\/medicinasinc.com\/fi\/product\/osta-syntakiini-jauhe\/"]}]},{"@type":"ImageObject","inLanguage":"en-US","@id":"https:\/\/medicinasinc.com\/fi\/product\/osta-syntakiini-jauhe\/#primaryimage","url":"https:\/\/medicinasinc.com\/fi\/wp-content\/uploads\/sites\/12\/2022\/02\/Buy-Synthacaine-Powder.jpg","contentUrl":"https:\/\/medicinasinc.com\/fi\/wp-content\/uploads\/sites\/12\/2022\/02\/Buy-Synthacaine-Powder.jpg","width":600,"height":600},{"@type":"BreadcrumbList","@id":"https:\/\/medicinasinc.com\/fi\/product\/osta-syntakiini-jauhe\/#breadcrumb","itemListElement":[{"@type":"ListItem","position":1,"name":"Myym\u00e4l\u00e4","item":"https:\/\/medicinasinc.com\/fi\/myymala\/"},{"@type":"ListItem","position":2,"name":"Osta Synthacaine Powder"}]},{"@type":"WebSite","@id":"https:\/\/medicinasinc.com\/fi\/#website","url":"https:\/\/medicinasinc.com\/fi\/","name":"Medicinas Inc","description":"Health Medical Clinic","potentialAction":[{"@type":"SearchAction","target":{"@type":"EntryPoint","urlTemplate":"https:\/\/medicinasinc.com\/fi\/?s={search_term_string}"},"query-input":{"@type":"PropertyValueSpecification","valueRequired":true,"valueName":"search_term_string"}}],"inLanguage":"en-US"}]}},"_links":{"self":[{"href":"https:\/\/medicinasinc.com\/fi\/wp-json\/wp\/v2\/product\/5636","targetHints":{"allow":["GET"]}}],"collection":[{"href":"https:\/\/medicinasinc.com\/fi\/wp-json\/wp\/v2\/product"}],"about":[{"href":"https:\/\/medicinasinc.com\/fi\/wp-json\/wp\/v2\/types\/product"}],"replies":[{"embeddable":true,"href":"https:\/\/medicinasinc.com\/fi\/wp-json\/wp\/v2\/comments?post=5636"}],"wp:featuredmedia":[{"embeddable":true,"href":"https:\/\/medicinasinc.com\/fi\/wp-json\/wp\/v2\/media\/5646"}],"wp:attachment":[{"href":"https:\/\/medicinasinc.com\/fi\/wp-json\/wp\/v2\/media?parent=5636"}],"wp:term":[{"taxonomy":"product_brand","embeddable":true,"href":"https:\/\/medicinasinc.com\/fi\/wp-json\/wp\/v2\/product_brand?post=5636"},{"taxonomy":"product_cat","embeddable":true,"href":"https:\/\/medicinasinc.com\/fi\/wp-json\/wp\/v2\/product_cat?post=5636"},{"taxonomy":"product_tag","embeddable":true,"href":"https:\/\/medicinasinc.com\/fi\/wp-json\/wp\/v2\/product_tag?post=5636"}],"curies":[{"name":"wp","href":"https:\/\/api.w.org\/{rel}","templated":true}]}}