{"id":5635,"date":"2022-02-22T03:07:02","date_gmt":"2022-02-22T03:07:02","guid":{"rendered":"https:\/\/medicinasinc.com\/fi\/?post_type=product&#038;p=5635"},"modified":"2022-03-22T00:53:08","modified_gmt":"2022-03-22T00:53:08","slug":"osta-rauhaa-kylpysuolaa","status":"publish","type":"product","link":"https:\/\/medicinasinc.com\/fi\/product\/osta-rauhaa-kylpysuolaa\/","title":{"rendered":"Osta Tranquility Bath Salt"},"content":{"rendered":"<p>Osta Tranquility-kylpysuoloja verkosta: kuinka ostaa niit\u00e4?<\/p>\n<p>Best Best Global Meds myy korkealaatuisia kylpysuoloja, jotka antavat sinulle pehme\u00e4n, aistillisen kylpysuolan, joka j\u00e4tt\u00e4\u00e4 sinut puhtaaksi.<\/p>\n<p> &gt; <\/p>\n<p>Kun &#8220;ostat rauhankylpysuoloja verkosta&#8221; meilt\u00e4, \u200b\u200bvoit olla varma, ett\u00e4 ne ovat parhaita mit\u00e4 voit saada. Myymme ja ostamme muita tiivistettyj\u00e4 kylpysuoloja edullisin hinnoin.<\/p>\n<p>Kylpysuolassamme on voimakas tuoksu.<\/p>\n<p>Etsitk\u00f6 paikkaa, josta voit ostaa rauhoittavia kylpysuoloja verkosta? Chemicals Lab antaa sinulle mahdollisuuden ostaa rauhoittavia kylpysuoloja verkosta ilman, ett\u00e4 sinun tarvitsee kohdata ongelmia tai hankaluuksia. Ty\u00f6skentelemme ymp\u00e4ri vuorokauden varmistaaksemme, ett\u00e4 s\u00e4\u00e4st\u00e4t rahaa joka kerta, kun ostat rauhoittavia kylpysuoloja verkkoapteekistamme. Kun ostat jotain Chemicals Labista, haluamme sinun maksavan v\u00e4hemm\u00e4n ja saat enemm\u00e4n.<\/p>\n<div class=\"product-next-previous\">\n<div class=\"product-prev\"><\/div>\n<p> div&gt;<\/p>\n","protected":false},"excerpt":{"rendered":"<p>Bestglobalmeds-verkkosivustoltamme voit ostaa Tranquility Bath Salt -suolaa Isosta-Britanniasta, Euroopasta, Aasiasta ja Kiinasta ja saada sen nopeasti toimitettuna kaikkialle maailmaan! T\u00e4\u00e4lt\u00e4 voit ostaa parasta tilattavaa Tranquility-kylpysuolaa.<\/p>\n<p>Tranquility-kylpysuolaa voi ostaa verkosta hyv\u00e4maineelta toimittajalta. Myymme parhaita kylpytuotteita, kuten kylpysuoloja.<\/p>\n<p>Osta Tranquility-kylpysuoloja verkosta NYT! Meill\u00e4 on sinulle parhaat kylpytuotteet, kuten kylpysuolat.<\/p>\n","protected":false},"featured_media":5644,"comment_status":"open","ping_status":"closed","template":"","meta":[],"product_brand":[],"product_cat":[2014],"product_tag":[3344,3345,3346,3358,3350,3349,3348,3347,3354,3356,3357,3352,3353,3351,3355],"class_list":{"0":"post-5635","1":"product","2":"type-product","3":"status-publish","4":"has-post-thumbnail","6":"product_cat-osta-tutkimus-kemikaaleja","7":"product_tag-buy-tranquility-bath-salts","8":"product_tag-buy-tranquility-bath-salts-online","9":"product_tag-buy-tranquility-bath-salts-uk","10":"product_tag-mist-ostaa-rauhallisuus-kylpysuolat","11":"product_tag-rauhallisuus-kylpysuolat-myynniss","12":"product_tag-rauhallisuus-kylpysuolat","13":"product_tag-tilaa-rauhallisuus-kylpysuolat-verkosta","14":"product_tag-tilaus-rauhallisuus-kylpysuolat","15":"product_tag-rauhallisuus-kylpysuolojen-jlleenmyyj","16":"product_tag-rauhallisuus-kylpysuolojen-toimittaja","17":"product_tag-rauhallisuus-kylpysuolat-tukkumyynti","18":"product_tag-tranquility-bath-salts-order-europe","19":"product_tag-tranquility-bath-salts-reddit","20":"product_tag-rauhallisuus-kylpysuolat-verkossa","21":"product_tag-rauhallisuus-kylpysuolat-myynti","23":"first","24":"instock","25":"shipping-taxable","26":"purchasable","27":"product-type-variable"},"yoast_head":"<!-- This site is optimized with the Yoast SEO plugin v27.3 - https:\/\/yoast.com\/product\/yoast-seo-wordpress\/ -->\n<title>Osta Tranquility Bath Salt - Tranquility Bath Salt - Parhaat maailmanlaajuiset l\u00e4\u00e4kkeet<\/title>\n<meta name=\"description\" content=\"Osta Tranquility Bath Salt Iso-Britannia, Eurooppa, Aasia, Kiina bestglobalmeds-verkkokaupastamme nopealla maailmanlaajuisella toimituksella! Paras Tranquility Bath Salt tilaukseen l\u00f6yd\u00e4t t\u00e4\u00e4lt\u00e4!\" \/>\n<meta name=\"robots\" content=\"index, follow, max-snippet:-1, max-image-preview:large, max-video-preview:-1\" \/>\n<link rel=\"canonical\" href=\"https:\/\/medicinasinc.com\/fi\/product\/osta-rauhaa-kylpysuolaa\/\" \/>\n<meta property=\"og:locale\" content=\"en_US\" \/>\n<meta property=\"og:type\" content=\"article\" \/>\n<meta property=\"og:title\" content=\"Osta Tranquility Bath Salt - Tranquility Bath Salt - Parhaat maailmanlaajuiset l\u00e4\u00e4kkeet\" \/>\n<meta property=\"og:description\" content=\"Osta Tranquility Bath Salt Iso-Britannia, Eurooppa, Aasia, Kiina bestglobalmeds-verkkokaupastamme nopealla maailmanlaajuisella toimituksella! Paras Tranquility Bath Salt tilaukseen l\u00f6yd\u00e4t t\u00e4\u00e4lt\u00e4!\" \/>\n<meta property=\"og:url\" content=\"https:\/\/medicinasinc.com\/fi\/product\/osta-rauhaa-kylpysuolaa\/\" \/>\n<meta property=\"og:site_name\" content=\"Medicinas Inc\" \/>\n<meta property=\"article:modified_time\" content=\"2022-03-22T00:53:08+00:00\" \/>\n<meta property=\"og:image\" content=\"https:\/\/medicinasinc.com\/fi\/wp-content\/uploads\/sites\/12\/2022\/02\/Buy-Tranquility-Bath-Salt.jpg\" \/>\n\t<meta property=\"og:image:width\" content=\"236\" \/>\n\t<meta property=\"og:image:height\" content=\"225\" \/>\n\t<meta property=\"og:image:type\" content=\"image\/jpeg\" \/>\n<meta name=\"twitter:card\" content=\"summary_large_image\" \/>\n<meta name=\"twitter:label1\" content=\"Est. reading time\" \/>\n\t<meta name=\"twitter:data1\" content=\"1 minute\" \/>\n<script type=\"application\/ld+json\" class=\"yoast-schema-graph\">{\"@context\":\"https:\\\/\\\/schema.org\",\"@graph\":[{\"@type\":\"WebPage\",\"@id\":\"https:\\\/\\\/medicinasinc.com\\\/fi\\\/product\\\/osta-rauhaa-kylpysuolaa\\\/\",\"url\":\"https:\\\/\\\/medicinasinc.com\\\/fi\\\/product\\\/osta-rauhaa-kylpysuolaa\\\/\",\"name\":\"Osta Tranquility Bath Salt - Tranquility Bath Salt - Parhaat maailmanlaajuiset l\u00e4\u00e4kkeet\",\"isPartOf\":{\"@id\":\"https:\\\/\\\/medicinasinc.com\\\/fi\\\/#website\"},\"primaryImageOfPage\":{\"@id\":\"https:\\\/\\\/medicinasinc.com\\\/fi\\\/product\\\/osta-rauhaa-kylpysuolaa\\\/#primaryimage\"},\"image\":{\"@id\":\"https:\\\/\\\/medicinasinc.com\\\/fi\\\/product\\\/osta-rauhaa-kylpysuolaa\\\/#primaryimage\"},\"thumbnailUrl\":\"https:\\\/\\\/medicinasinc.com\\\/fi\\\/wp-content\\\/uploads\\\/sites\\\/12\\\/2022\\\/02\\\/Buy-Tranquility-Bath-Salt.jpg\",\"datePublished\":\"2022-02-22T03:07:02+00:00\",\"dateModified\":\"2022-03-22T00:53:08+00:00\",\"description\":\"Osta Tranquility Bath Salt Iso-Britannia, Eurooppa, Aasia, Kiina bestglobalmeds-verkkokaupastamme nopealla maailmanlaajuisella toimituksella! Paras Tranquility Bath Salt tilaukseen l\u00f6yd\u00e4t t\u00e4\u00e4lt\u00e4!\",\"breadcrumb\":{\"@id\":\"https:\\\/\\\/medicinasinc.com\\\/fi\\\/product\\\/osta-rauhaa-kylpysuolaa\\\/#breadcrumb\"},\"inLanguage\":\"en-US\",\"potentialAction\":[{\"@type\":\"ReadAction\",\"target\":[\"https:\\\/\\\/medicinasinc.com\\\/fi\\\/product\\\/osta-rauhaa-kylpysuolaa\\\/\"]}]},{\"@type\":\"ImageObject\",\"inLanguage\":\"en-US\",\"@id\":\"https:\\\/\\\/medicinasinc.com\\\/fi\\\/product\\\/osta-rauhaa-kylpysuolaa\\\/#primaryimage\",\"url\":\"https:\\\/\\\/medicinasinc.com\\\/fi\\\/wp-content\\\/uploads\\\/sites\\\/12\\\/2022\\\/02\\\/Buy-Tranquility-Bath-Salt.jpg\",\"contentUrl\":\"https:\\\/\\\/medicinasinc.com\\\/fi\\\/wp-content\\\/uploads\\\/sites\\\/12\\\/2022\\\/02\\\/Buy-Tranquility-Bath-Salt.jpg\",\"width\":236,\"height\":225},{\"@type\":\"BreadcrumbList\",\"@id\":\"https:\\\/\\\/medicinasinc.com\\\/fi\\\/product\\\/osta-rauhaa-kylpysuolaa\\\/#breadcrumb\",\"itemListElement\":[{\"@type\":\"ListItem\",\"position\":1,\"name\":\"Myym\u00e4l\u00e4\",\"item\":\"https:\\\/\\\/medicinasinc.com\\\/fi\\\/myymala\\\/\"},{\"@type\":\"ListItem\",\"position\":2,\"name\":\"Osta Tranquility Bath Salt\"}]},{\"@type\":\"WebSite\",\"@id\":\"https:\\\/\\\/medicinasinc.com\\\/fi\\\/#website\",\"url\":\"https:\\\/\\\/medicinasinc.com\\\/fi\\\/\",\"name\":\"Medicinas Inc\",\"description\":\"Health Medical Clinic\",\"potentialAction\":[{\"@type\":\"SearchAction\",\"target\":{\"@type\":\"EntryPoint\",\"urlTemplate\":\"https:\\\/\\\/medicinasinc.com\\\/fi\\\/?s={search_term_string}\"},\"query-input\":{\"@type\":\"PropertyValueSpecification\",\"valueRequired\":true,\"valueName\":\"search_term_string\"}}],\"inLanguage\":\"en-US\"}]}<\/script>\n<!-- \/ Yoast SEO plugin. -->","yoast_head_json":{"title":"Osta Tranquility Bath Salt - Tranquility Bath Salt - Parhaat maailmanlaajuiset l\u00e4\u00e4kkeet","description":"Osta Tranquility Bath Salt Iso-Britannia, Eurooppa, Aasia, Kiina bestglobalmeds-verkkokaupastamme nopealla maailmanlaajuisella toimituksella! Paras Tranquility Bath Salt tilaukseen l\u00f6yd\u00e4t t\u00e4\u00e4lt\u00e4!","robots":{"index":"index","follow":"follow","max-snippet":"max-snippet:-1","max-image-preview":"max-image-preview:large","max-video-preview":"max-video-preview:-1"},"canonical":"https:\/\/medicinasinc.com\/fi\/product\/osta-rauhaa-kylpysuolaa\/","og_locale":"en_US","og_type":"article","og_title":"Osta Tranquility Bath Salt - Tranquility Bath Salt - Parhaat maailmanlaajuiset l\u00e4\u00e4kkeet","og_description":"Osta Tranquility Bath Salt Iso-Britannia, Eurooppa, Aasia, Kiina bestglobalmeds-verkkokaupastamme nopealla maailmanlaajuisella toimituksella! Paras Tranquility Bath Salt tilaukseen l\u00f6yd\u00e4t t\u00e4\u00e4lt\u00e4!","og_url":"https:\/\/medicinasinc.com\/fi\/product\/osta-rauhaa-kylpysuolaa\/","og_site_name":"Medicinas Inc","article_modified_time":"2022-03-22T00:53:08+00:00","og_image":[{"width":236,"height":225,"url":"https:\/\/medicinasinc.com\/fi\/wp-content\/uploads\/sites\/12\/2022\/02\/Buy-Tranquility-Bath-Salt.jpg","type":"image\/jpeg"}],"twitter_card":"summary_large_image","twitter_misc":{"Est. reading time":"1 minute"},"schema":{"@context":"https:\/\/schema.org","@graph":[{"@type":"WebPage","@id":"https:\/\/medicinasinc.com\/fi\/product\/osta-rauhaa-kylpysuolaa\/","url":"https:\/\/medicinasinc.com\/fi\/product\/osta-rauhaa-kylpysuolaa\/","name":"Osta Tranquility Bath Salt - Tranquility Bath Salt - Parhaat maailmanlaajuiset l\u00e4\u00e4kkeet","isPartOf":{"@id":"https:\/\/medicinasinc.com\/fi\/#website"},"primaryImageOfPage":{"@id":"https:\/\/medicinasinc.com\/fi\/product\/osta-rauhaa-kylpysuolaa\/#primaryimage"},"image":{"@id":"https:\/\/medicinasinc.com\/fi\/product\/osta-rauhaa-kylpysuolaa\/#primaryimage"},"thumbnailUrl":"https:\/\/medicinasinc.com\/fi\/wp-content\/uploads\/sites\/12\/2022\/02\/Buy-Tranquility-Bath-Salt.jpg","datePublished":"2022-02-22T03:07:02+00:00","dateModified":"2022-03-22T00:53:08+00:00","description":"Osta Tranquility Bath Salt Iso-Britannia, Eurooppa, Aasia, Kiina bestglobalmeds-verkkokaupastamme nopealla maailmanlaajuisella toimituksella! Paras Tranquility Bath Salt tilaukseen l\u00f6yd\u00e4t t\u00e4\u00e4lt\u00e4!","breadcrumb":{"@id":"https:\/\/medicinasinc.com\/fi\/product\/osta-rauhaa-kylpysuolaa\/#breadcrumb"},"inLanguage":"en-US","potentialAction":[{"@type":"ReadAction","target":["https:\/\/medicinasinc.com\/fi\/product\/osta-rauhaa-kylpysuolaa\/"]}]},{"@type":"ImageObject","inLanguage":"en-US","@id":"https:\/\/medicinasinc.com\/fi\/product\/osta-rauhaa-kylpysuolaa\/#primaryimage","url":"https:\/\/medicinasinc.com\/fi\/wp-content\/uploads\/sites\/12\/2022\/02\/Buy-Tranquility-Bath-Salt.jpg","contentUrl":"https:\/\/medicinasinc.com\/fi\/wp-content\/uploads\/sites\/12\/2022\/02\/Buy-Tranquility-Bath-Salt.jpg","width":236,"height":225},{"@type":"BreadcrumbList","@id":"https:\/\/medicinasinc.com\/fi\/product\/osta-rauhaa-kylpysuolaa\/#breadcrumb","itemListElement":[{"@type":"ListItem","position":1,"name":"Myym\u00e4l\u00e4","item":"https:\/\/medicinasinc.com\/fi\/myymala\/"},{"@type":"ListItem","position":2,"name":"Osta Tranquility Bath Salt"}]},{"@type":"WebSite","@id":"https:\/\/medicinasinc.com\/fi\/#website","url":"https:\/\/medicinasinc.com\/fi\/","name":"Medicinas Inc","description":"Health Medical Clinic","potentialAction":[{"@type":"SearchAction","target":{"@type":"EntryPoint","urlTemplate":"https:\/\/medicinasinc.com\/fi\/?s={search_term_string}"},"query-input":{"@type":"PropertyValueSpecification","valueRequired":true,"valueName":"search_term_string"}}],"inLanguage":"en-US"}]}},"_links":{"self":[{"href":"https:\/\/medicinasinc.com\/fi\/wp-json\/wp\/v2\/product\/5635","targetHints":{"allow":["GET"]}}],"collection":[{"href":"https:\/\/medicinasinc.com\/fi\/wp-json\/wp\/v2\/product"}],"about":[{"href":"https:\/\/medicinasinc.com\/fi\/wp-json\/wp\/v2\/types\/product"}],"replies":[{"embeddable":true,"href":"https:\/\/medicinasinc.com\/fi\/wp-json\/wp\/v2\/comments?post=5635"}],"wp:featuredmedia":[{"embeddable":true,"href":"https:\/\/medicinasinc.com\/fi\/wp-json\/wp\/v2\/media\/5644"}],"wp:attachment":[{"href":"https:\/\/medicinasinc.com\/fi\/wp-json\/wp\/v2\/media?parent=5635"}],"wp:term":[{"taxonomy":"product_brand","embeddable":true,"href":"https:\/\/medicinasinc.com\/fi\/wp-json\/wp\/v2\/product_brand?post=5635"},{"taxonomy":"product_cat","embeddable":true,"href":"https:\/\/medicinasinc.com\/fi\/wp-json\/wp\/v2\/product_cat?post=5635"},{"taxonomy":"product_tag","embeddable":true,"href":"https:\/\/medicinasinc.com\/fi\/wp-json\/wp\/v2\/product_tag?post=5635"}],"curies":[{"name":"wp","href":"https:\/\/api.w.org\/{rel}","templated":true}]}}