{"id":5616,"date":"2022-02-22T02:47:20","date_gmt":"2022-02-22T02:47:20","guid":{"rendered":"https:\/\/medicinasinc.com\/fi\/?post_type=product&#038;p=5616"},"modified":"2022-03-22T00:53:28","modified_gmt":"2022-03-22T00:53:28","slug":"osta-w-18-pillerit","status":"publish","type":"product","link":"https:\/\/medicinasinc.com\/fi\/product\/osta-w-18-pillerit\/","title":{"rendered":"Osta W-18 pillereit\u00e4"},"content":{"rendered":"<p>W-18-pillereit\u00e4 voi ostaa.<\/p>\n<p>Osta W-18-pillereit\u00e4 t\u00e4\u00e4lt\u00e4. T\u00e4m\u00e4 on kemikaali, jota ihmiset eiv\u00e4t saa k\u00e4ytt\u00e4\u00e4.<\/p>\n<p>Ominaisuudet<br \/> T\u00e4m\u00e4 tuote on valmistettu ja testattu ISO17025:2005- ja Guide 34:2009 -standardien mukaisesti.<br \/> T\u00e4m\u00e4 tuote on tarkoitettu voidaan k\u00e4ytt\u00e4\u00e4 analyyttisen\u00e4 vertailustandardina.<br \/> Tietyiss\u00e4 laitoksissa on saatavilla paljon aineistoa akateemiseen tutkimukseen. Ota yhteytt\u00e4 myyntiimme hinnoittelua varten.<br \/> W-18 (tuotenumero 15480) on materiaali, jota voidaan k\u00e4ytt\u00e4\u00e4 testaukseen. T\u00e4st\u00e4 syyst\u00e4 se voi lievitt\u00e4\u00e4 kipua eritt\u00e4in tehokkaasti. Hiiren fenyylikinonin v\u00e4\u00e4ntelehtimism\u00e4\u00e4rityksess\u00e4 sen on havaittu olevan eritt\u00e4in tehokas kipua lievitt\u00e4v\u00e4. 1 Mit\u00e4 tulee ihmisiin, emme tied\u00e4, kuinka t\u00e4m\u00e4 aine vaikuttaa heid\u00e4n kehoonsa tai miten se voi vahingoittaa heit\u00e4. T\u00e4m\u00e4 on tuote, jota voidaan k\u00e4ytt\u00e4\u00e4 oikeusl\u00e4\u00e4ketieteellisiin ja tutkimustarkoituksiin.<\/p>\n","protected":false},"excerpt":{"rendered":"<div class=\"woocommerce-product-details__short-description\">\n<p>Osta W-18-pillereit\u00e4 myyt\u00e4v\u00e4ksi Iso-Britannia, Eurooppa verkosta Toimitus- ja toimituskulumme ovat 100 % turvallisia ja k\u00e4tevi\u00e4. tilaa W-18-pillereit\u00e4 ja hanki meilt\u00e4 uskomatonta laatua<\/p>\n<p>W-18 myyt\u00e4v\u00e4n\u00e4 | Osta W-18 verkosta | Mist\u00e4 ostaa W-18 verkossa &#8211; Mist\u00e4 ostaa W-18 pillereit\u00e4 verkossa. T\u00e4m\u00e4 tuote on valmistettu ja testattu ISO17025:2005- ja Guide 34:2009 -ohjeiden mukaisesti<\/p>\n<\/p><\/div>\n","protected":false},"featured_media":5627,"comment_status":"open","ping_status":"closed","template":"","meta":[],"product_brand":[],"product_cat":[1117],"product_tag":[3307,3309,3308,3311,3313,3312,3314,3316,3317,3319,3318,3320,3321,3315,3310],"class_list":{"0":"post-5616","1":"product","2":"type-product","3":"status-publish","4":"has-post-thumbnail","6":"product_cat-osta-kipu-uni-ja-seksipillereita","7":"product_tag-viimeinen-v-18","8":"product_tag-osta-w-18-pillerit","9":"product_tag-osta-w-18-huumeita","10":"product_tag-w-18-drugs","11":"product_tag-w-18-efekti","12":"product_tag-w-18-lkkeit-myynniss","13":"product_tag-w-18-myydn","14":"product_tag-w-18-order","15":"product_tag-w-18-pills-osta","16":"product_tag-w-18-pillerit-tilaus","17":"product_tag-w-18-pilleri-vaikutus","18":"product_tag-w-18-pills-wholesale","19":"product_tag-w-18-reddit","20":"product_tag-w-18-verkossa","21":"product_tag-vuonna-18","23":"first","24":"instock","25":"shipping-taxable","26":"purchasable","27":"product-type-variable"},"yoast_head":"<!-- This site is optimized with the Yoast SEO plugin v27.3 - https:\/\/yoast.com\/product\/yoast-seo-wordpress\/ -->\n<title>Osta W-18 pillereit\u00e4 - W-18 pillereit\u00e4 myyt\u00e4v\u00e4n\u00e4 - parhaat maailmanlaajuiset l\u00e4\u00e4kkeet<\/title>\n<meta name=\"description\" content=\"Osta W-18 pillereit\u00e4 myyt\u00e4v\u00e4n\u00e4 Isossa-Britanniassa, Euroopassa verkossa Toimitus- ja toimituskulumme ovat 100 % turvallisia ja k\u00e4tevi\u00e4. Tilaa W-18 Pills ja hanki meilt\u00e4 uskomatonta laatua\" \/>\n<meta name=\"robots\" content=\"index, follow, max-snippet:-1, max-image-preview:large, max-video-preview:-1\" \/>\n<link rel=\"canonical\" href=\"https:\/\/medicinasinc.com\/fi\/product\/osta-w-18-pillerit\/\" \/>\n<meta property=\"og:locale\" content=\"en_US\" \/>\n<meta property=\"og:type\" content=\"article\" \/>\n<meta property=\"og:title\" content=\"Osta W-18 pillereit\u00e4 - W-18 pillereit\u00e4 myyt\u00e4v\u00e4n\u00e4 - parhaat maailmanlaajuiset l\u00e4\u00e4kkeet\" \/>\n<meta property=\"og:description\" content=\"Osta W-18 pillereit\u00e4 myyt\u00e4v\u00e4n\u00e4 Isossa-Britanniassa, Euroopassa verkossa Toimitus- ja toimituskulumme ovat 100 % turvallisia ja k\u00e4tevi\u00e4. Tilaa W-18 Pills ja hanki meilt\u00e4 uskomatonta laatua\" \/>\n<meta property=\"og:url\" content=\"https:\/\/medicinasinc.com\/fi\/product\/osta-w-18-pillerit\/\" \/>\n<meta property=\"og:site_name\" content=\"Medicinas Inc\" \/>\n<meta property=\"article:modified_time\" content=\"2022-03-22T00:53:28+00:00\" \/>\n<meta property=\"og:image\" content=\"https:\/\/medicinasinc.com\/fi\/wp-content\/uploads\/sites\/12\/2022\/02\/Buy-W-18-Pills.jpg\" \/>\n\t<meta property=\"og:image:width\" content=\"840\" \/>\n\t<meta property=\"og:image:height\" content=\"781\" \/>\n\t<meta property=\"og:image:type\" content=\"image\/jpeg\" \/>\n<meta name=\"twitter:card\" content=\"summary_large_image\" \/>\n<meta name=\"twitter:label1\" content=\"Est. reading time\" \/>\n\t<meta name=\"twitter:data1\" content=\"1 minute\" \/>\n<script type=\"application\/ld+json\" class=\"yoast-schema-graph\">{\"@context\":\"https:\\\/\\\/schema.org\",\"@graph\":[{\"@type\":\"WebPage\",\"@id\":\"https:\\\/\\\/medicinasinc.com\\\/fi\\\/product\\\/osta-w-18-pillerit\\\/\",\"url\":\"https:\\\/\\\/medicinasinc.com\\\/fi\\\/product\\\/osta-w-18-pillerit\\\/\",\"name\":\"Osta W-18 pillereit\u00e4 - W-18 pillereit\u00e4 myyt\u00e4v\u00e4n\u00e4 - parhaat maailmanlaajuiset l\u00e4\u00e4kkeet\",\"isPartOf\":{\"@id\":\"https:\\\/\\\/medicinasinc.com\\\/fi\\\/#website\"},\"primaryImageOfPage\":{\"@id\":\"https:\\\/\\\/medicinasinc.com\\\/fi\\\/product\\\/osta-w-18-pillerit\\\/#primaryimage\"},\"image\":{\"@id\":\"https:\\\/\\\/medicinasinc.com\\\/fi\\\/product\\\/osta-w-18-pillerit\\\/#primaryimage\"},\"thumbnailUrl\":\"https:\\\/\\\/medicinasinc.com\\\/fi\\\/wp-content\\\/uploads\\\/sites\\\/12\\\/2022\\\/02\\\/Buy-W-18-Pills.jpg\",\"datePublished\":\"2022-02-22T02:47:20+00:00\",\"dateModified\":\"2022-03-22T00:53:28+00:00\",\"description\":\"Osta W-18 pillereit\u00e4 myyt\u00e4v\u00e4n\u00e4 Isossa-Britanniassa, Euroopassa verkossa Toimitus- ja toimituskulumme ovat 100 % turvallisia ja k\u00e4tevi\u00e4. Tilaa W-18 Pills ja hanki meilt\u00e4 uskomatonta laatua\",\"breadcrumb\":{\"@id\":\"https:\\\/\\\/medicinasinc.com\\\/fi\\\/product\\\/osta-w-18-pillerit\\\/#breadcrumb\"},\"inLanguage\":\"en-US\",\"potentialAction\":[{\"@type\":\"ReadAction\",\"target\":[\"https:\\\/\\\/medicinasinc.com\\\/fi\\\/product\\\/osta-w-18-pillerit\\\/\"]}]},{\"@type\":\"ImageObject\",\"inLanguage\":\"en-US\",\"@id\":\"https:\\\/\\\/medicinasinc.com\\\/fi\\\/product\\\/osta-w-18-pillerit\\\/#primaryimage\",\"url\":\"https:\\\/\\\/medicinasinc.com\\\/fi\\\/wp-content\\\/uploads\\\/sites\\\/12\\\/2022\\\/02\\\/Buy-W-18-Pills.jpg\",\"contentUrl\":\"https:\\\/\\\/medicinasinc.com\\\/fi\\\/wp-content\\\/uploads\\\/sites\\\/12\\\/2022\\\/02\\\/Buy-W-18-Pills.jpg\",\"width\":840,\"height\":781},{\"@type\":\"BreadcrumbList\",\"@id\":\"https:\\\/\\\/medicinasinc.com\\\/fi\\\/product\\\/osta-w-18-pillerit\\\/#breadcrumb\",\"itemListElement\":[{\"@type\":\"ListItem\",\"position\":1,\"name\":\"Myym\u00e4l\u00e4\",\"item\":\"https:\\\/\\\/medicinasinc.com\\\/fi\\\/myymala\\\/\"},{\"@type\":\"ListItem\",\"position\":2,\"name\":\"Osta W-18 pillereit\u00e4\"}]},{\"@type\":\"WebSite\",\"@id\":\"https:\\\/\\\/medicinasinc.com\\\/fi\\\/#website\",\"url\":\"https:\\\/\\\/medicinasinc.com\\\/fi\\\/\",\"name\":\"Medicinas Inc\",\"description\":\"Health Medical Clinic\",\"potentialAction\":[{\"@type\":\"SearchAction\",\"target\":{\"@type\":\"EntryPoint\",\"urlTemplate\":\"https:\\\/\\\/medicinasinc.com\\\/fi\\\/?s={search_term_string}\"},\"query-input\":{\"@type\":\"PropertyValueSpecification\",\"valueRequired\":true,\"valueName\":\"search_term_string\"}}],\"inLanguage\":\"en-US\"}]}<\/script>\n<!-- \/ Yoast SEO plugin. -->","yoast_head_json":{"title":"Osta W-18 pillereit\u00e4 - W-18 pillereit\u00e4 myyt\u00e4v\u00e4n\u00e4 - parhaat maailmanlaajuiset l\u00e4\u00e4kkeet","description":"Osta W-18 pillereit\u00e4 myyt\u00e4v\u00e4n\u00e4 Isossa-Britanniassa, Euroopassa verkossa Toimitus- ja toimituskulumme ovat 100 % turvallisia ja k\u00e4tevi\u00e4. Tilaa W-18 Pills ja hanki meilt\u00e4 uskomatonta laatua","robots":{"index":"index","follow":"follow","max-snippet":"max-snippet:-1","max-image-preview":"max-image-preview:large","max-video-preview":"max-video-preview:-1"},"canonical":"https:\/\/medicinasinc.com\/fi\/product\/osta-w-18-pillerit\/","og_locale":"en_US","og_type":"article","og_title":"Osta W-18 pillereit\u00e4 - W-18 pillereit\u00e4 myyt\u00e4v\u00e4n\u00e4 - parhaat maailmanlaajuiset l\u00e4\u00e4kkeet","og_description":"Osta W-18 pillereit\u00e4 myyt\u00e4v\u00e4n\u00e4 Isossa-Britanniassa, Euroopassa verkossa Toimitus- ja toimituskulumme ovat 100 % turvallisia ja k\u00e4tevi\u00e4. Tilaa W-18 Pills ja hanki meilt\u00e4 uskomatonta laatua","og_url":"https:\/\/medicinasinc.com\/fi\/product\/osta-w-18-pillerit\/","og_site_name":"Medicinas Inc","article_modified_time":"2022-03-22T00:53:28+00:00","og_image":[{"width":840,"height":781,"url":"https:\/\/medicinasinc.com\/fi\/wp-content\/uploads\/sites\/12\/2022\/02\/Buy-W-18-Pills.jpg","type":"image\/jpeg"}],"twitter_card":"summary_large_image","twitter_misc":{"Est. reading time":"1 minute"},"schema":{"@context":"https:\/\/schema.org","@graph":[{"@type":"WebPage","@id":"https:\/\/medicinasinc.com\/fi\/product\/osta-w-18-pillerit\/","url":"https:\/\/medicinasinc.com\/fi\/product\/osta-w-18-pillerit\/","name":"Osta W-18 pillereit\u00e4 - W-18 pillereit\u00e4 myyt\u00e4v\u00e4n\u00e4 - parhaat maailmanlaajuiset l\u00e4\u00e4kkeet","isPartOf":{"@id":"https:\/\/medicinasinc.com\/fi\/#website"},"primaryImageOfPage":{"@id":"https:\/\/medicinasinc.com\/fi\/product\/osta-w-18-pillerit\/#primaryimage"},"image":{"@id":"https:\/\/medicinasinc.com\/fi\/product\/osta-w-18-pillerit\/#primaryimage"},"thumbnailUrl":"https:\/\/medicinasinc.com\/fi\/wp-content\/uploads\/sites\/12\/2022\/02\/Buy-W-18-Pills.jpg","datePublished":"2022-02-22T02:47:20+00:00","dateModified":"2022-03-22T00:53:28+00:00","description":"Osta W-18 pillereit\u00e4 myyt\u00e4v\u00e4n\u00e4 Isossa-Britanniassa, Euroopassa verkossa Toimitus- ja toimituskulumme ovat 100 % turvallisia ja k\u00e4tevi\u00e4. Tilaa W-18 Pills ja hanki meilt\u00e4 uskomatonta laatua","breadcrumb":{"@id":"https:\/\/medicinasinc.com\/fi\/product\/osta-w-18-pillerit\/#breadcrumb"},"inLanguage":"en-US","potentialAction":[{"@type":"ReadAction","target":["https:\/\/medicinasinc.com\/fi\/product\/osta-w-18-pillerit\/"]}]},{"@type":"ImageObject","inLanguage":"en-US","@id":"https:\/\/medicinasinc.com\/fi\/product\/osta-w-18-pillerit\/#primaryimage","url":"https:\/\/medicinasinc.com\/fi\/wp-content\/uploads\/sites\/12\/2022\/02\/Buy-W-18-Pills.jpg","contentUrl":"https:\/\/medicinasinc.com\/fi\/wp-content\/uploads\/sites\/12\/2022\/02\/Buy-W-18-Pills.jpg","width":840,"height":781},{"@type":"BreadcrumbList","@id":"https:\/\/medicinasinc.com\/fi\/product\/osta-w-18-pillerit\/#breadcrumb","itemListElement":[{"@type":"ListItem","position":1,"name":"Myym\u00e4l\u00e4","item":"https:\/\/medicinasinc.com\/fi\/myymala\/"},{"@type":"ListItem","position":2,"name":"Osta W-18 pillereit\u00e4"}]},{"@type":"WebSite","@id":"https:\/\/medicinasinc.com\/fi\/#website","url":"https:\/\/medicinasinc.com\/fi\/","name":"Medicinas Inc","description":"Health Medical Clinic","potentialAction":[{"@type":"SearchAction","target":{"@type":"EntryPoint","urlTemplate":"https:\/\/medicinasinc.com\/fi\/?s={search_term_string}"},"query-input":{"@type":"PropertyValueSpecification","valueRequired":true,"valueName":"search_term_string"}}],"inLanguage":"en-US"}]}},"_links":{"self":[{"href":"https:\/\/medicinasinc.com\/fi\/wp-json\/wp\/v2\/product\/5616","targetHints":{"allow":["GET"]}}],"collection":[{"href":"https:\/\/medicinasinc.com\/fi\/wp-json\/wp\/v2\/product"}],"about":[{"href":"https:\/\/medicinasinc.com\/fi\/wp-json\/wp\/v2\/types\/product"}],"replies":[{"embeddable":true,"href":"https:\/\/medicinasinc.com\/fi\/wp-json\/wp\/v2\/comments?post=5616"}],"wp:featuredmedia":[{"embeddable":true,"href":"https:\/\/medicinasinc.com\/fi\/wp-json\/wp\/v2\/media\/5627"}],"wp:attachment":[{"href":"https:\/\/medicinasinc.com\/fi\/wp-json\/wp\/v2\/media?parent=5616"}],"wp:term":[{"taxonomy":"product_brand","embeddable":true,"href":"https:\/\/medicinasinc.com\/fi\/wp-json\/wp\/v2\/product_brand?post=5616"},{"taxonomy":"product_cat","embeddable":true,"href":"https:\/\/medicinasinc.com\/fi\/wp-json\/wp\/v2\/product_cat?post=5616"},{"taxonomy":"product_tag","embeddable":true,"href":"https:\/\/medicinasinc.com\/fi\/wp-json\/wp\/v2\/product_tag?post=5616"}],"curies":[{"name":"wp","href":"https:\/\/api.w.org\/{rel}","templated":true}]}}