{"id":5615,"date":"2022-02-22T02:46:09","date_gmt":"2022-02-22T02:46:09","guid":{"rendered":"https:\/\/medicinasinc.com\/fi\/?post_type=product&#038;p=5615"},"modified":"2022-03-22T00:53:36","modified_gmt":"2022-03-22T00:53:36","slug":"osta-valkoinen-tytto-kylpysuolaa","status":"publish","type":"product","link":"https:\/\/medicinasinc.com\/fi\/product\/osta-valkoinen-tytto-kylpysuolaa\/","title":{"rendered":"Osta White Girl Bath Salt"},"content":{"rendered":"<p>Voit ostaa White Girl -kylpysuolaa verkosta.<br \/> White Girl Bath Salts -kylpysuolaa voi ostaa verkosta. Miten ostan niit\u00e4?<\/p>\n<p>Mist\u00e4 haluat ostaa valkoisten tytt\u00f6jen kylpysuoloja? Ostaessasi valkoisia tytt\u00f6jen kylpysuoloja Best Global Medsist\u00e4 ei ole ongelmia tai hankaluuksia. Teemme kovasti t\u00f6it\u00e4 varmistaaksemme, ett\u00e4 s\u00e4\u00e4st\u00e4t rahaa ostaessasi valkoisia tytt\u00f6jen kylpysuoloja verkkoapteekistamme. Kun ostat jotain Chemicals Labista, haluamme sinun maksavan v\u00e4hemm\u00e4n ja saavan enemm\u00e4n.<\/p>\n<p>Osta White Girl Bath -suoloja.<\/p>\n<p>Voit ostaa White Girl Bathia laillisista l\u00e4hteist\u00e4 Suolat verkossa. Myymme parhaita kylpytuotteita, kuten kylpysuoloja. Kylpysuolat antavat sinulle pehme\u00e4n, aistillisen kylvyn, joka j\u00e4tt\u00e4\u00e4 sinut puhtaaksi k\u00e4yt\u00f6n j\u00e4lkeen. Asiakkaamme voivat kuitenkin olla varmoja saavansa markkinoiden parhaat tuotteet. Myymme ja ostamme kuitenkin my\u00f6s muita tiivistettyj\u00e4 kylpysuoloja edullisin hinnoin.<\/p>\n<p>Kylpysuolassamme on voimakas tuoksu.<\/p>\n<p>Valkoisten tytt\u00f6jen kylpysuoloja on paljon erilaisia, ja niiden tarkoitus on tehd\u00e4 uimakokemuksestasi entist\u00e4 parempi. Pieni m\u00e4\u00e4r\u00e4 riitt\u00e4\u00e4 suuriin eroihin. Voit kuitenkin vain lis\u00e4t\u00e4 pienen m\u00e4\u00e4r\u00e4n kuumaan kylpyyn pehment\u00e4m\u00e4\u00e4n vett\u00e4 luonnollisesti, jolloin tunnet olosi eritt\u00e4in energiseksi ja iloiseksi sen j\u00e4lkeen. Sit\u00e4 k\u00e4ytet\u00e4\u00e4n kuitenkin n\u00e4ytt\u00e4m\u00e4\u00e4n Kreikan meren luonnollisilta kuumilta l\u00e4hteilt\u00e4. K\u00e4yt\u00e4 aluksi hyvin v\u00e4h\u00e4n White Girl -kylpysuolaa, koska liian paljon kylpyvesi likaista ja sinut onnettomaksi. White Girl Bath Salts -kylpysuolat puolestaan \u200b\u200bvoivat auttaa sinua p\u00e4\u00e4sem\u00e4\u00e4n paikkoihin, joita luulit mahdottomaksi.<\/p>\n","protected":false},"excerpt":{"rendered":"<p>Bestglobalmeds.com-kauppamme myy White Girl Bath Salt -kylpysuolaa Isossa-Britanniassa, Euroopassa ja kaikkialla maailmassa! Voit ostaa parasta White Girl -kylpysuolaa t\u00e4\u00e4lt\u00e4!<\/p>\n<p>Valkoisten tytt\u00f6jen kylpysuolojen hinta Internetiss\u00e4 voi olla liian korkea.<\/p>\n<p>Best globaaleista l\u00e4\u00e4kkeist\u00e4 voit ostaa white girl -kylpysuolan. kylpysuolat mukavasti omasta kodistasi. White Girl -kylpysuolat ovat myynniss\u00e4.<\/p>\n<p>T\u00e4ss\u00e4 tapauksessa voit ostaa kylpysuoloja Internetist\u00e4 White Girl 500mg Bath Salt<\/p>\n<p>Best Global Meds myy korkealaatuisia kylpysuoloja, jotka antaa sinulle pehme\u00e4n, aistillisen kylvyn, joka j\u00e4tt\u00e4\u00e4 sinut tuntemaan olosi puhtaaksi.<\/p>\n<p>Kun ostat valkoisten tytt\u00f6jen kylpysuoloja verkosta meilt\u00e4, \u200b\u200bvoit olla varma, ett\u00e4 ne ovat parasta mit\u00e4 voit saada. Myymme ja ostamme muita tiivistettyj\u00e4 kylpysuoloja edullisin hinnoin.<\/p>\n<p>Kylpysuolassamme on voimakas haju.<\/p>\n<div class=\"product-next-previous\">\n<div class=\"product- edellinen\"><\/div>\n<\/p><\/div>\n","protected":false},"featured_media":5625,"comment_status":"open","ping_status":"closed","template":"","meta":[],"product_brand":[],"product_cat":[2014],"product_tag":[3303,3302,3299,3300,3301,3306,3305,3304],"class_list":{"0":"post-5615","1":"product","2":"type-product","3":"status-publish","4":"has-post-thumbnail","6":"product_cat-osta-tutkimus-kemikaaleja","7":"product_tag-mist-ostaa-valkoisten-tyttjen-kylpysuolat","8":"product_tag-order-white-girl-bath-salts-online","9":"product_tag-osta-tiivistetty-valkoinen-tytt-500mg-kylpysuolaa-verkosta","10":"product_tag-osta-valkoinen-tytt-kylpysuolat-verkosta","11":"product_tag-tiivistetty-valkoinen-tytt-500mg-kylpysuolat","12":"product_tag-valkoinen-tytt-kylpysuolat-myynniss","13":"product_tag-valkoinen-tytt-kylpysuolat","14":"product_tag-white-girl-500mg-bath-salt-online","16":"first","17":"instock","18":"shipping-taxable","19":"purchasable","20":"product-type-variable","21":"has-default-attributes"},"yoast_head":"<!-- This site is optimized with the Yoast SEO plugin v27.3 - https:\/\/yoast.com\/product\/yoast-seo-wordpress\/ -->\n<title>Osta White Girl Bath Salt - kylpysuolaa myyt\u00e4v\u00e4n\u00e4 - Best Global Meds<\/title>\n<meta name=\"description\" content=\"Haluamme ostaa White Girl Bath Salt -suolaa myyt\u00e4v\u00e4n\u00e4 Isossa-Britanniassa, Euroopassa Bestglobalmeds.com-kaupassamme nopealla maailmanlaajuisella toimituksella! Paras tilattava White Girl Bath Salt -kylpysuola l\u00f6ytyy t\u00e4\u00e4lt\u00e4!\" \/>\n<meta name=\"robots\" content=\"index, follow, max-snippet:-1, max-image-preview:large, max-video-preview:-1\" \/>\n<link rel=\"canonical\" href=\"https:\/\/medicinasinc.com\/fi\/product\/osta-valkoinen-tytto-kylpysuolaa\/\" \/>\n<meta property=\"og:locale\" content=\"en_US\" \/>\n<meta property=\"og:type\" content=\"article\" \/>\n<meta property=\"og:title\" content=\"Osta White Girl Bath Salt - kylpysuolaa myyt\u00e4v\u00e4n\u00e4 - Best Global Meds\" \/>\n<meta property=\"og:description\" content=\"Haluamme ostaa White Girl Bath Salt -suolaa myyt\u00e4v\u00e4n\u00e4 Isossa-Britanniassa, Euroopassa Bestglobalmeds.com-kaupassamme nopealla maailmanlaajuisella toimituksella! Paras tilattava White Girl Bath Salt -kylpysuola l\u00f6ytyy t\u00e4\u00e4lt\u00e4!\" \/>\n<meta property=\"og:url\" content=\"https:\/\/medicinasinc.com\/fi\/product\/osta-valkoinen-tytto-kylpysuolaa\/\" \/>\n<meta property=\"og:site_name\" content=\"Medicinas Inc\" \/>\n<meta property=\"article:modified_time\" content=\"2022-03-22T00:53:36+00:00\" \/>\n<meta property=\"og:image\" content=\"https:\/\/medicinasinc.com\/fi\/wp-content\/uploads\/sites\/12\/2022\/02\/Buy-White-Girl-Bath-Salt.jpg\" \/>\n\t<meta property=\"og:image:width\" content=\"600\" \/>\n\t<meta property=\"og:image:height\" content=\"600\" \/>\n\t<meta property=\"og:image:type\" content=\"image\/jpeg\" \/>\n<meta name=\"twitter:card\" content=\"summary_large_image\" \/>\n<meta name=\"twitter:label1\" content=\"Est. reading time\" \/>\n\t<meta name=\"twitter:data1\" content=\"2 minutes\" \/>\n<script type=\"application\/ld+json\" class=\"yoast-schema-graph\">{\"@context\":\"https:\\\/\\\/schema.org\",\"@graph\":[{\"@type\":\"WebPage\",\"@id\":\"https:\\\/\\\/medicinasinc.com\\\/fi\\\/product\\\/osta-valkoinen-tytto-kylpysuolaa\\\/\",\"url\":\"https:\\\/\\\/medicinasinc.com\\\/fi\\\/product\\\/osta-valkoinen-tytto-kylpysuolaa\\\/\",\"name\":\"Osta White Girl Bath Salt - kylpysuolaa myyt\u00e4v\u00e4n\u00e4 - Best Global Meds\",\"isPartOf\":{\"@id\":\"https:\\\/\\\/medicinasinc.com\\\/fi\\\/#website\"},\"primaryImageOfPage\":{\"@id\":\"https:\\\/\\\/medicinasinc.com\\\/fi\\\/product\\\/osta-valkoinen-tytto-kylpysuolaa\\\/#primaryimage\"},\"image\":{\"@id\":\"https:\\\/\\\/medicinasinc.com\\\/fi\\\/product\\\/osta-valkoinen-tytto-kylpysuolaa\\\/#primaryimage\"},\"thumbnailUrl\":\"https:\\\/\\\/medicinasinc.com\\\/fi\\\/wp-content\\\/uploads\\\/sites\\\/12\\\/2022\\\/02\\\/Buy-White-Girl-Bath-Salt.jpg\",\"datePublished\":\"2022-02-22T02:46:09+00:00\",\"dateModified\":\"2022-03-22T00:53:36+00:00\",\"description\":\"Haluamme ostaa White Girl Bath Salt -suolaa myyt\u00e4v\u00e4n\u00e4 Isossa-Britanniassa, Euroopassa Bestglobalmeds.com-kaupassamme nopealla maailmanlaajuisella toimituksella! Paras tilattava White Girl Bath Salt -kylpysuola l\u00f6ytyy t\u00e4\u00e4lt\u00e4!\",\"breadcrumb\":{\"@id\":\"https:\\\/\\\/medicinasinc.com\\\/fi\\\/product\\\/osta-valkoinen-tytto-kylpysuolaa\\\/#breadcrumb\"},\"inLanguage\":\"en-US\",\"potentialAction\":[{\"@type\":\"ReadAction\",\"target\":[\"https:\\\/\\\/medicinasinc.com\\\/fi\\\/product\\\/osta-valkoinen-tytto-kylpysuolaa\\\/\"]}]},{\"@type\":\"ImageObject\",\"inLanguage\":\"en-US\",\"@id\":\"https:\\\/\\\/medicinasinc.com\\\/fi\\\/product\\\/osta-valkoinen-tytto-kylpysuolaa\\\/#primaryimage\",\"url\":\"https:\\\/\\\/medicinasinc.com\\\/fi\\\/wp-content\\\/uploads\\\/sites\\\/12\\\/2022\\\/02\\\/Buy-White-Girl-Bath-Salt.jpg\",\"contentUrl\":\"https:\\\/\\\/medicinasinc.com\\\/fi\\\/wp-content\\\/uploads\\\/sites\\\/12\\\/2022\\\/02\\\/Buy-White-Girl-Bath-Salt.jpg\",\"width\":600,\"height\":600},{\"@type\":\"BreadcrumbList\",\"@id\":\"https:\\\/\\\/medicinasinc.com\\\/fi\\\/product\\\/osta-valkoinen-tytto-kylpysuolaa\\\/#breadcrumb\",\"itemListElement\":[{\"@type\":\"ListItem\",\"position\":1,\"name\":\"Myym\u00e4l\u00e4\",\"item\":\"https:\\\/\\\/medicinasinc.com\\\/fi\\\/myymala\\\/\"},{\"@type\":\"ListItem\",\"position\":2,\"name\":\"Osta White Girl Bath Salt\"}]},{\"@type\":\"WebSite\",\"@id\":\"https:\\\/\\\/medicinasinc.com\\\/fi\\\/#website\",\"url\":\"https:\\\/\\\/medicinasinc.com\\\/fi\\\/\",\"name\":\"Medicinas Inc\",\"description\":\"Health Medical Clinic\",\"potentialAction\":[{\"@type\":\"SearchAction\",\"target\":{\"@type\":\"EntryPoint\",\"urlTemplate\":\"https:\\\/\\\/medicinasinc.com\\\/fi\\\/?s={search_term_string}\"},\"query-input\":{\"@type\":\"PropertyValueSpecification\",\"valueRequired\":true,\"valueName\":\"search_term_string\"}}],\"inLanguage\":\"en-US\"}]}<\/script>\n<!-- \/ Yoast SEO plugin. -->","yoast_head_json":{"title":"Osta White Girl Bath Salt - kylpysuolaa myyt\u00e4v\u00e4n\u00e4 - Best Global Meds","description":"Haluamme ostaa White Girl Bath Salt -suolaa myyt\u00e4v\u00e4n\u00e4 Isossa-Britanniassa, Euroopassa Bestglobalmeds.com-kaupassamme nopealla maailmanlaajuisella toimituksella! Paras tilattava White Girl Bath Salt -kylpysuola l\u00f6ytyy t\u00e4\u00e4lt\u00e4!","robots":{"index":"index","follow":"follow","max-snippet":"max-snippet:-1","max-image-preview":"max-image-preview:large","max-video-preview":"max-video-preview:-1"},"canonical":"https:\/\/medicinasinc.com\/fi\/product\/osta-valkoinen-tytto-kylpysuolaa\/","og_locale":"en_US","og_type":"article","og_title":"Osta White Girl Bath Salt - kylpysuolaa myyt\u00e4v\u00e4n\u00e4 - Best Global Meds","og_description":"Haluamme ostaa White Girl Bath Salt -suolaa myyt\u00e4v\u00e4n\u00e4 Isossa-Britanniassa, Euroopassa Bestglobalmeds.com-kaupassamme nopealla maailmanlaajuisella toimituksella! Paras tilattava White Girl Bath Salt -kylpysuola l\u00f6ytyy t\u00e4\u00e4lt\u00e4!","og_url":"https:\/\/medicinasinc.com\/fi\/product\/osta-valkoinen-tytto-kylpysuolaa\/","og_site_name":"Medicinas Inc","article_modified_time":"2022-03-22T00:53:36+00:00","og_image":[{"width":600,"height":600,"url":"https:\/\/medicinasinc.com\/fi\/wp-content\/uploads\/sites\/12\/2022\/02\/Buy-White-Girl-Bath-Salt.jpg","type":"image\/jpeg"}],"twitter_card":"summary_large_image","twitter_misc":{"Est. reading time":"2 minutes"},"schema":{"@context":"https:\/\/schema.org","@graph":[{"@type":"WebPage","@id":"https:\/\/medicinasinc.com\/fi\/product\/osta-valkoinen-tytto-kylpysuolaa\/","url":"https:\/\/medicinasinc.com\/fi\/product\/osta-valkoinen-tytto-kylpysuolaa\/","name":"Osta White Girl Bath Salt - kylpysuolaa myyt\u00e4v\u00e4n\u00e4 - Best Global Meds","isPartOf":{"@id":"https:\/\/medicinasinc.com\/fi\/#website"},"primaryImageOfPage":{"@id":"https:\/\/medicinasinc.com\/fi\/product\/osta-valkoinen-tytto-kylpysuolaa\/#primaryimage"},"image":{"@id":"https:\/\/medicinasinc.com\/fi\/product\/osta-valkoinen-tytto-kylpysuolaa\/#primaryimage"},"thumbnailUrl":"https:\/\/medicinasinc.com\/fi\/wp-content\/uploads\/sites\/12\/2022\/02\/Buy-White-Girl-Bath-Salt.jpg","datePublished":"2022-02-22T02:46:09+00:00","dateModified":"2022-03-22T00:53:36+00:00","description":"Haluamme ostaa White Girl Bath Salt -suolaa myyt\u00e4v\u00e4n\u00e4 Isossa-Britanniassa, Euroopassa Bestglobalmeds.com-kaupassamme nopealla maailmanlaajuisella toimituksella! Paras tilattava White Girl Bath Salt -kylpysuola l\u00f6ytyy t\u00e4\u00e4lt\u00e4!","breadcrumb":{"@id":"https:\/\/medicinasinc.com\/fi\/product\/osta-valkoinen-tytto-kylpysuolaa\/#breadcrumb"},"inLanguage":"en-US","potentialAction":[{"@type":"ReadAction","target":["https:\/\/medicinasinc.com\/fi\/product\/osta-valkoinen-tytto-kylpysuolaa\/"]}]},{"@type":"ImageObject","inLanguage":"en-US","@id":"https:\/\/medicinasinc.com\/fi\/product\/osta-valkoinen-tytto-kylpysuolaa\/#primaryimage","url":"https:\/\/medicinasinc.com\/fi\/wp-content\/uploads\/sites\/12\/2022\/02\/Buy-White-Girl-Bath-Salt.jpg","contentUrl":"https:\/\/medicinasinc.com\/fi\/wp-content\/uploads\/sites\/12\/2022\/02\/Buy-White-Girl-Bath-Salt.jpg","width":600,"height":600},{"@type":"BreadcrumbList","@id":"https:\/\/medicinasinc.com\/fi\/product\/osta-valkoinen-tytto-kylpysuolaa\/#breadcrumb","itemListElement":[{"@type":"ListItem","position":1,"name":"Myym\u00e4l\u00e4","item":"https:\/\/medicinasinc.com\/fi\/myymala\/"},{"@type":"ListItem","position":2,"name":"Osta White Girl Bath Salt"}]},{"@type":"WebSite","@id":"https:\/\/medicinasinc.com\/fi\/#website","url":"https:\/\/medicinasinc.com\/fi\/","name":"Medicinas Inc","description":"Health Medical Clinic","potentialAction":[{"@type":"SearchAction","target":{"@type":"EntryPoint","urlTemplate":"https:\/\/medicinasinc.com\/fi\/?s={search_term_string}"},"query-input":{"@type":"PropertyValueSpecification","valueRequired":true,"valueName":"search_term_string"}}],"inLanguage":"en-US"}]}},"_links":{"self":[{"href":"https:\/\/medicinasinc.com\/fi\/wp-json\/wp\/v2\/product\/5615","targetHints":{"allow":["GET"]}}],"collection":[{"href":"https:\/\/medicinasinc.com\/fi\/wp-json\/wp\/v2\/product"}],"about":[{"href":"https:\/\/medicinasinc.com\/fi\/wp-json\/wp\/v2\/types\/product"}],"replies":[{"embeddable":true,"href":"https:\/\/medicinasinc.com\/fi\/wp-json\/wp\/v2\/comments?post=5615"}],"wp:featuredmedia":[{"embeddable":true,"href":"https:\/\/medicinasinc.com\/fi\/wp-json\/wp\/v2\/media\/5625"}],"wp:attachment":[{"href":"https:\/\/medicinasinc.com\/fi\/wp-json\/wp\/v2\/media?parent=5615"}],"wp:term":[{"taxonomy":"product_brand","embeddable":true,"href":"https:\/\/medicinasinc.com\/fi\/wp-json\/wp\/v2\/product_brand?post=5615"},{"taxonomy":"product_cat","embeddable":true,"href":"https:\/\/medicinasinc.com\/fi\/wp-json\/wp\/v2\/product_cat?post=5615"},{"taxonomy":"product_tag","embeddable":true,"href":"https:\/\/medicinasinc.com\/fi\/wp-json\/wp\/v2\/product_tag?post=5615"}],"curies":[{"name":"wp","href":"https:\/\/api.w.org\/{rel}","templated":true}]}}