{"id":5614,"date":"2022-02-22T02:44:39","date_gmt":"2022-02-22T02:44:39","guid":{"rendered":"https:\/\/medicinasinc.com\/fi\/?post_type=product&#038;p=5614"},"modified":"2022-03-22T00:53:45","modified_gmt":"2022-03-22T00:53:45","slug":"osta-bk-etyyli-k-kiteita","status":"publish","type":"product","link":"https:\/\/medicinasinc.com\/fi\/product\/osta-bk-etyyli-k-kiteita\/","title":{"rendered":"Osta bk-etyyli-K kristalleja"},"content":{"rendered":"<p>Osta bk-Ethyl-K Chemical verkossa tukkumyyj\u00e4lt\u00e4.<\/p>\n<p>bk-Ethyl-K-kemikaalia voi ostaa irtotavarana.<\/p>\n<p>BKK-ethyl-k<\/p>\n<p>Se tunnetaan my\u00f6s nimell\u00e4 Ethylone, joka on entaktogeeninen virkist\u00e4j\u00e4. Sit\u00e4 kutsutaan usein 3,4-metyleenidioksi-N-etyylikatinoniksi, mutta t\u00e4m\u00e4 ei aina ole oikea nimi. Etylonia kutsutaan 1-(1,3-bentsodioksol-5-yyli)-2-(metyyliamino)-1-propanoniksi, koska sill\u00e4 on hy\u00f6dyllinen nimi. Kaava: C12H15NO3:n normaalimassa on 221,251999 Da ja monoisotooppinen massa 221,104996 Da. T\u00e4m\u00e4 on osaydinkaava. Paras paikka ostaa eteeni\u00e4 on Kiina. Etyloni on arvokas kivi, jota voi ostaa. Osta arvokkaita etyylikivi\u00e4. Etylonin toimittaja. Osta eteeni\u00e4 alennuksella. alennus Ethylone<\/p>\n<p>Uusi bk-Ethyl-K stimulantti on suunnittelijan valmistama l\u00e4\u00e4ke. Se on amfetamiinianalogi. Tullissa ei ole ongelmia uuden kaavan kanssa.<\/p>\n<table class=\"t1\" cellpadding=\"0\">\n<tbody>\n<tr>\n<td class=\"td1\" valign=\"top \">\n<p class=\"p3\"><span class=\"s1\"><b>Synonyymit<\/b><\/span><\/p>\n<\/td>\n<td class=\"td2\" valign=\"top\">\n<p class=\"p3\"><a href=\"https:\/\/www.bestglobalmeds.com\/product\/research-chemicals\/buy-bk-ethyl-k-crystals\/\"><span class=\"s1\"> bk-Ethyl-K<\/span><\/a><\/p>\n<\/td>\n<\/tr>\n<tr>\n<td class=\"td3\" valign=\"top\">\n<p class=\"p3\"><span class=\"s1\"><b>IUPAC<\/b><\/span><\/p>\n<\/td>\n<td class=\"td4\" valign=\"top\">\n<p class=\"p3\"><span class=\"s1\">1-(bentso[d][1,3]dioksol-5-yyli)-2-(etyyliamino)pentan-1-oni<\/span><\/p>\n<\/td>\n<\/tr>\n<tr>\n<td class=\"td1\" valign=\"top\">\n<p class=\"p3\"><span class=\"s1\"><b>Kaava<\/b><\/span><\/p>\n<\/td>\n<td class=\"td2\" valign=\"top\">\n<p class=\"p3\"><span class=\"s1\">Ei<\/span><\/p>\n<\/td>\n<\/tr>\n<tr>\n<td class=\"td3\" valign=\"top\">\n<p class=\"p3\"><span class=\"s1\"><b>Moolimassa<\/b><\/span><\/p>\n<\/td>\n<td class=\"td4\" valign=\"top\">\n<p class=\"p3\"><span class=\"s1\">Ei <\/span><\/p>\n<\/td>\n<\/tr>\n<tr>\n<td class=\"td1\" valign=\"top\">\n<p class=\"p3\"><span class=\"s1\"><b>CAS<\/b><\/span><\/p>\n<\/td>\n<td class=\"td2\" valign=\"top\">\n<p class=\"p3\"><span class=\"s1\">Ei<\/span><\/p>\n<\/td>\n<\/tr>\n<tr>\n<td class=\"td3\" valign=\"top\">\n<p class=\"p3\"><span class=\"s1\"><b>Ulkon\u00e4k\u00f6 <\/b><\/span><\/p>\n<\/td>\n<td class=\"td4\" valign=\"top\">\n<p class=\"p3\"><span class=\"s1\">Ei<\/span> <\/p>\n<\/td>\n<\/tr>\n<tr>\n<td class=\"td1\" valign=\"top\">\n<p class=\"p3\"><span class=\"s1\"><b>Puhtaus<\/b> b&gt;<\/span><\/p>\n<\/td>\n<td class=\"td2\" valign=\"top\">\n<p class=\"p3\"><span class=\"s1\">\u2265 99 %<\/span> <\/p>\n<\/td>\n<\/tr>\n<\/tbody>\n<\/table>\n<p><img loading=\"lazy\" decoding=\"async\" class=\"alignnone wp-image-923 size-full lazyloaded\" style=\"border: 0px;vertical-align: keski;max-width: 100%\" src=\"https:\/\/i2.wp.com\/chemspro.com\/wp-content\/uploads\/sites\/12\/2017\/04\/bk-ethyl-k- e1570866136196.jpg?resize=260%2C185&amp;ssl=1\" alt=\"bk-Ethyl-K \" width=\"260\" height=\"185\" data-attachment-id=\"923\" data-permalink=\"https:\/ \/chemspro.com\/stimulants\/bk-ethyl-k-crystals.htm l\/attachment\/bk-ethyl-k\" data-orig-file=\"https:\/\/i2.wp.com\/chemspro.com\/wp-content\/uploads\/sites\/12\/2017\/04\/bk-ethyl-k -e1570866136196.jpg?fit=260%2C185&amp;ssl=1\" data-orig-size=\"260,185\" data-comments-opened=\"1\" data-image-title=\"bk-ethyl-k\" data-image-description=\"&lt;p&gt;bk-Ethyl-K &lt;\/p&gt; \" data-image-caption=\"\" data-medium-file=\"https:\/\/i2.wp.com\/chemspro.com\/wp-content\/uploads\/sites\/12\/2017\/04\/bk-ethyl-k- e1570866136196.jpg?fit=300%2C213&amp;ssl=1\" data-large-file=\"https:\/\/i2.wp.com\/chemspro.com\/wp-content\/uploads\/sites\/12\/2017\/04\/bk -ethyl-k-e1570866136196.jpg?fit=260%2C185&amp;ssl=1\" data-recalc-dims=\"1\" data-src=\"https:\/\/i2.wp.com\/chemspro.com\/wp-content \/uploads\/sites\/12\/2017\/04\/bk-ethyl-k-e1570866136196.jpg?resize=260%2C185&amp;ssl=1\" \/><\/p>\n<p>Ihmiset, jotka ostavat Bk-Ethyl-K:ta t\u00e4lt\u00e4 sivuston tulisi k\u00e4ytt\u00e4\u00e4 sit\u00e4 tutkimukseen ja rikosteknisiin tarkoituksiin. Bk-Etyyli-K on osa katinoni- ja amfetamiinikemikaaliperheit\u00e4. T\u00e4m\u00e4 on kaavan paino: 285,8 g-mol<\/p>\n<p>Kukaan ei tied\u00e4, mit\u00e4 sinulle tapahtuu bk-Ethyl-K:n ottamisen j\u00e4lkeen, mutta niit\u00e4 voi olla.<\/p>\n<p>T\u00e4ysi kemiallinen nimi on bk-Etyyli-K: 1-(bentso[d][1,3]dioksol-5-yyli)-2-(etyyliamino)pentan-1-oni on ensimm\u00e4inen.<\/p>\n<p> Varastointi: viile\u00e4ss\u00e4 ja kuivassa paikassa. Termit bk-Ethyl-K voivat kest\u00e4\u00e4 jopa kaksi vuotta, jos ne s\u00e4ilytet\u00e4\u00e4n oikein.<\/p>\n","protected":false},"excerpt":{"rendered":"<div class=\"woocommerce-product-details__short-description\">\n<p>Bestglobalmeds.com-kaupassamme voit ostaa edullisia bk-Ethyl-K-kiteit\u00e4 myyntiin Isossa-Britanniassa, Euroopassa ja kaikkialla maailmassa! T\u00e4\u00e4lt\u00e4 voit ostaa tilauksesta parhaat bk-Ethyl-K-kiteet.<\/p>\n<p>Osta bk-Ethyl-K Chemical verkossa tukkuliikkeest\u00e4. halpoja tutkimuskemikaaleja, joiden puhtaus on parasta tutkimusta varten.<\/p>\n<p>.<\/p>\n<\/p><\/div>\n","protected":false},"featured_media":5623,"comment_status":"open","ping_status":"closed","template":"","meta":[],"product_brand":[],"product_cat":[2014],"product_tag":[3283,3285,3286,3287,3291,3290,3288,3284,3298,3292,3293,3295,3294,3289,3281,3282,3296,3297],"class_list":{"0":"post-5614","1":"product","2":"type-product","3":"status-publish","4":"has-post-thumbnail","6":"product_cat-osta-tutkimus-kemikaaleja","7":"product_tag-best-place-to-buy-mxe","8":"product_tag-bk-ethyl-k-crystals-buy","9":"product_tag-bk-ethyl-k-crystals-buy-europe","10":"product_tag-bk-ethyl-k-crystals-effect","11":"product_tag-bk-ethyl-k-crystals-reddit","12":"product_tag-bk-etyyli-k-kiteet-jrjestys","13":"product_tag-bk-etyyli-k-kiteet-myynniss","14":"product_tag-bk-etyyli-k-kiteet","15":"product_tag-tukku-bk-etyyli-k-kiteet","16":"product_tag-buy-bk-ethyl-k-crystals","17":"product_tag-buy-bk-ethyl-k-crystals-europe","18":"product_tag-dmt-tilaus","19":"product_tag-osta-bk-ethyl-k-crystals-uk","20":"product_tag-bk-etyyli-k-kiteet-juoksut","21":"product_tag-best-bk-ethyl-k-crystals-tukkumyynti","22":"product_tag-paras-ostopaikka-bk-etyyli-k-kiteet","23":"product_tag-order-bk-ethyl-k-crystals-uk","24":"product_tag-vhittiskauppa-bk-etyyli-k-kiteet","26":"first","27":"instock","28":"shipping-taxable","29":"purchasable","30":"product-type-variable","31":"has-default-attributes"},"yoast_head":"<!-- This site is optimized with the Yoast SEO plugin v27.3 - https:\/\/yoast.com\/product\/yoast-seo-wordpress\/ -->\n<title>Osta bk-Ethyl-K-kiteit\u00e4 - bk-Ethyl-K verkossa - Parhaat maailmanlaajuiset l\u00e4\u00e4kkeet<\/title>\n<meta name=\"description\" content=\"Haluamme ostaa halpoja bk-Ethyl-K-kiteit\u00e4 myyt\u00e4v\u00e4n\u00e4 Isossa-Britanniassa, Euroopassa Bestglobalmeds-myym\u00e4l\u00e4ss\u00e4mme nopealla maailmanlaajuisella toimituksella! Parhaat bk-Ethyl-K kristallit tilaukseen l\u00f6yd\u00e4t t\u00e4\u00e4lt\u00e4!\" \/>\n<meta name=\"robots\" content=\"index, follow, max-snippet:-1, max-image-preview:large, max-video-preview:-1\" \/>\n<link rel=\"canonical\" href=\"https:\/\/medicinasinc.com\/fi\/product\/osta-bk-etyyli-k-kiteita\/\" \/>\n<meta property=\"og:locale\" content=\"en_US\" \/>\n<meta property=\"og:type\" content=\"article\" \/>\n<meta property=\"og:title\" content=\"Osta bk-Ethyl-K-kiteit\u00e4 - bk-Ethyl-K verkossa - Parhaat maailmanlaajuiset l\u00e4\u00e4kkeet\" \/>\n<meta property=\"og:description\" content=\"Haluamme ostaa halpoja bk-Ethyl-K-kiteit\u00e4 myyt\u00e4v\u00e4n\u00e4 Isossa-Britanniassa, Euroopassa Bestglobalmeds-myym\u00e4l\u00e4ss\u00e4mme nopealla maailmanlaajuisella toimituksella! Parhaat bk-Ethyl-K kristallit tilaukseen l\u00f6yd\u00e4t t\u00e4\u00e4lt\u00e4!\" \/>\n<meta property=\"og:url\" content=\"https:\/\/medicinasinc.com\/fi\/product\/osta-bk-etyyli-k-kiteita\/\" \/>\n<meta property=\"og:site_name\" content=\"Medicinas Inc\" \/>\n<meta property=\"article:modified_time\" content=\"2022-03-22T00:53:45+00:00\" \/>\n<meta property=\"og:image\" content=\"https:\/\/medicinasinc.com\/fi\/wp-content\/uploads\/sites\/12\/2022\/02\/Buy-bk-Ethyl-K-Crystals.jpg\" \/>\n\t<meta property=\"og:image:width\" content=\"600\" \/>\n\t<meta property=\"og:image:height\" content=\"600\" \/>\n\t<meta property=\"og:image:type\" content=\"image\/jpeg\" \/>\n<meta name=\"twitter:card\" content=\"summary_large_image\" \/>\n<meta name=\"twitter:label1\" content=\"Est. reading time\" \/>\n\t<meta name=\"twitter:data1\" content=\"2 minutes\" \/>\n<script type=\"application\/ld+json\" class=\"yoast-schema-graph\">{\"@context\":\"https:\\\/\\\/schema.org\",\"@graph\":[{\"@type\":\"WebPage\",\"@id\":\"https:\\\/\\\/medicinasinc.com\\\/fi\\\/product\\\/osta-bk-etyyli-k-kiteita\\\/\",\"url\":\"https:\\\/\\\/medicinasinc.com\\\/fi\\\/product\\\/osta-bk-etyyli-k-kiteita\\\/\",\"name\":\"Osta bk-Ethyl-K-kiteit\u00e4 - bk-Ethyl-K verkossa - Parhaat maailmanlaajuiset l\u00e4\u00e4kkeet\",\"isPartOf\":{\"@id\":\"https:\\\/\\\/medicinasinc.com\\\/fi\\\/#website\"},\"primaryImageOfPage\":{\"@id\":\"https:\\\/\\\/medicinasinc.com\\\/fi\\\/product\\\/osta-bk-etyyli-k-kiteita\\\/#primaryimage\"},\"image\":{\"@id\":\"https:\\\/\\\/medicinasinc.com\\\/fi\\\/product\\\/osta-bk-etyyli-k-kiteita\\\/#primaryimage\"},\"thumbnailUrl\":\"https:\\\/\\\/medicinasinc.com\\\/fi\\\/wp-content\\\/uploads\\\/sites\\\/12\\\/2022\\\/02\\\/Buy-bk-Ethyl-K-Crystals.jpg\",\"datePublished\":\"2022-02-22T02:44:39+00:00\",\"dateModified\":\"2022-03-22T00:53:45+00:00\",\"description\":\"Haluamme ostaa halpoja bk-Ethyl-K-kiteit\u00e4 myyt\u00e4v\u00e4n\u00e4 Isossa-Britanniassa, Euroopassa Bestglobalmeds-myym\u00e4l\u00e4ss\u00e4mme nopealla maailmanlaajuisella toimituksella! Parhaat bk-Ethyl-K kristallit tilaukseen l\u00f6yd\u00e4t t\u00e4\u00e4lt\u00e4!\",\"breadcrumb\":{\"@id\":\"https:\\\/\\\/medicinasinc.com\\\/fi\\\/product\\\/osta-bk-etyyli-k-kiteita\\\/#breadcrumb\"},\"inLanguage\":\"en-US\",\"potentialAction\":[{\"@type\":\"ReadAction\",\"target\":[\"https:\\\/\\\/medicinasinc.com\\\/fi\\\/product\\\/osta-bk-etyyli-k-kiteita\\\/\"]}]},{\"@type\":\"ImageObject\",\"inLanguage\":\"en-US\",\"@id\":\"https:\\\/\\\/medicinasinc.com\\\/fi\\\/product\\\/osta-bk-etyyli-k-kiteita\\\/#primaryimage\",\"url\":\"https:\\\/\\\/medicinasinc.com\\\/fi\\\/wp-content\\\/uploads\\\/sites\\\/12\\\/2022\\\/02\\\/Buy-bk-Ethyl-K-Crystals.jpg\",\"contentUrl\":\"https:\\\/\\\/medicinasinc.com\\\/fi\\\/wp-content\\\/uploads\\\/sites\\\/12\\\/2022\\\/02\\\/Buy-bk-Ethyl-K-Crystals.jpg\",\"width\":600,\"height\":600},{\"@type\":\"BreadcrumbList\",\"@id\":\"https:\\\/\\\/medicinasinc.com\\\/fi\\\/product\\\/osta-bk-etyyli-k-kiteita\\\/#breadcrumb\",\"itemListElement\":[{\"@type\":\"ListItem\",\"position\":1,\"name\":\"Myym\u00e4l\u00e4\",\"item\":\"https:\\\/\\\/medicinasinc.com\\\/fi\\\/myymala\\\/\"},{\"@type\":\"ListItem\",\"position\":2,\"name\":\"Osta bk-etyyli-K kristalleja\"}]},{\"@type\":\"WebSite\",\"@id\":\"https:\\\/\\\/medicinasinc.com\\\/fi\\\/#website\",\"url\":\"https:\\\/\\\/medicinasinc.com\\\/fi\\\/\",\"name\":\"Medicinas Inc\",\"description\":\"Health Medical Clinic\",\"potentialAction\":[{\"@type\":\"SearchAction\",\"target\":{\"@type\":\"EntryPoint\",\"urlTemplate\":\"https:\\\/\\\/medicinasinc.com\\\/fi\\\/?s={search_term_string}\"},\"query-input\":{\"@type\":\"PropertyValueSpecification\",\"valueRequired\":true,\"valueName\":\"search_term_string\"}}],\"inLanguage\":\"en-US\"}]}<\/script>\n<!-- \/ Yoast SEO plugin. -->","yoast_head_json":{"title":"Osta bk-Ethyl-K-kiteit\u00e4 - bk-Ethyl-K verkossa - Parhaat maailmanlaajuiset l\u00e4\u00e4kkeet","description":"Haluamme ostaa halpoja bk-Ethyl-K-kiteit\u00e4 myyt\u00e4v\u00e4n\u00e4 Isossa-Britanniassa, Euroopassa Bestglobalmeds-myym\u00e4l\u00e4ss\u00e4mme nopealla maailmanlaajuisella toimituksella! Parhaat bk-Ethyl-K kristallit tilaukseen l\u00f6yd\u00e4t t\u00e4\u00e4lt\u00e4!","robots":{"index":"index","follow":"follow","max-snippet":"max-snippet:-1","max-image-preview":"max-image-preview:large","max-video-preview":"max-video-preview:-1"},"canonical":"https:\/\/medicinasinc.com\/fi\/product\/osta-bk-etyyli-k-kiteita\/","og_locale":"en_US","og_type":"article","og_title":"Osta bk-Ethyl-K-kiteit\u00e4 - bk-Ethyl-K verkossa - Parhaat maailmanlaajuiset l\u00e4\u00e4kkeet","og_description":"Haluamme ostaa halpoja bk-Ethyl-K-kiteit\u00e4 myyt\u00e4v\u00e4n\u00e4 Isossa-Britanniassa, Euroopassa Bestglobalmeds-myym\u00e4l\u00e4ss\u00e4mme nopealla maailmanlaajuisella toimituksella! Parhaat bk-Ethyl-K kristallit tilaukseen l\u00f6yd\u00e4t t\u00e4\u00e4lt\u00e4!","og_url":"https:\/\/medicinasinc.com\/fi\/product\/osta-bk-etyyli-k-kiteita\/","og_site_name":"Medicinas Inc","article_modified_time":"2022-03-22T00:53:45+00:00","og_image":[{"width":600,"height":600,"url":"https:\/\/medicinasinc.com\/fi\/wp-content\/uploads\/sites\/12\/2022\/02\/Buy-bk-Ethyl-K-Crystals.jpg","type":"image\/jpeg"}],"twitter_card":"summary_large_image","twitter_misc":{"Est. reading time":"2 minutes"},"schema":{"@context":"https:\/\/schema.org","@graph":[{"@type":"WebPage","@id":"https:\/\/medicinasinc.com\/fi\/product\/osta-bk-etyyli-k-kiteita\/","url":"https:\/\/medicinasinc.com\/fi\/product\/osta-bk-etyyli-k-kiteita\/","name":"Osta bk-Ethyl-K-kiteit\u00e4 - bk-Ethyl-K verkossa - Parhaat maailmanlaajuiset l\u00e4\u00e4kkeet","isPartOf":{"@id":"https:\/\/medicinasinc.com\/fi\/#website"},"primaryImageOfPage":{"@id":"https:\/\/medicinasinc.com\/fi\/product\/osta-bk-etyyli-k-kiteita\/#primaryimage"},"image":{"@id":"https:\/\/medicinasinc.com\/fi\/product\/osta-bk-etyyli-k-kiteita\/#primaryimage"},"thumbnailUrl":"https:\/\/medicinasinc.com\/fi\/wp-content\/uploads\/sites\/12\/2022\/02\/Buy-bk-Ethyl-K-Crystals.jpg","datePublished":"2022-02-22T02:44:39+00:00","dateModified":"2022-03-22T00:53:45+00:00","description":"Haluamme ostaa halpoja bk-Ethyl-K-kiteit\u00e4 myyt\u00e4v\u00e4n\u00e4 Isossa-Britanniassa, Euroopassa Bestglobalmeds-myym\u00e4l\u00e4ss\u00e4mme nopealla maailmanlaajuisella toimituksella! Parhaat bk-Ethyl-K kristallit tilaukseen l\u00f6yd\u00e4t t\u00e4\u00e4lt\u00e4!","breadcrumb":{"@id":"https:\/\/medicinasinc.com\/fi\/product\/osta-bk-etyyli-k-kiteita\/#breadcrumb"},"inLanguage":"en-US","potentialAction":[{"@type":"ReadAction","target":["https:\/\/medicinasinc.com\/fi\/product\/osta-bk-etyyli-k-kiteita\/"]}]},{"@type":"ImageObject","inLanguage":"en-US","@id":"https:\/\/medicinasinc.com\/fi\/product\/osta-bk-etyyli-k-kiteita\/#primaryimage","url":"https:\/\/medicinasinc.com\/fi\/wp-content\/uploads\/sites\/12\/2022\/02\/Buy-bk-Ethyl-K-Crystals.jpg","contentUrl":"https:\/\/medicinasinc.com\/fi\/wp-content\/uploads\/sites\/12\/2022\/02\/Buy-bk-Ethyl-K-Crystals.jpg","width":600,"height":600},{"@type":"BreadcrumbList","@id":"https:\/\/medicinasinc.com\/fi\/product\/osta-bk-etyyli-k-kiteita\/#breadcrumb","itemListElement":[{"@type":"ListItem","position":1,"name":"Myym\u00e4l\u00e4","item":"https:\/\/medicinasinc.com\/fi\/myymala\/"},{"@type":"ListItem","position":2,"name":"Osta bk-etyyli-K kristalleja"}]},{"@type":"WebSite","@id":"https:\/\/medicinasinc.com\/fi\/#website","url":"https:\/\/medicinasinc.com\/fi\/","name":"Medicinas Inc","description":"Health Medical Clinic","potentialAction":[{"@type":"SearchAction","target":{"@type":"EntryPoint","urlTemplate":"https:\/\/medicinasinc.com\/fi\/?s={search_term_string}"},"query-input":{"@type":"PropertyValueSpecification","valueRequired":true,"valueName":"search_term_string"}}],"inLanguage":"en-US"}]}},"_links":{"self":[{"href":"https:\/\/medicinasinc.com\/fi\/wp-json\/wp\/v2\/product\/5614","targetHints":{"allow":["GET"]}}],"collection":[{"href":"https:\/\/medicinasinc.com\/fi\/wp-json\/wp\/v2\/product"}],"about":[{"href":"https:\/\/medicinasinc.com\/fi\/wp-json\/wp\/v2\/types\/product"}],"replies":[{"embeddable":true,"href":"https:\/\/medicinasinc.com\/fi\/wp-json\/wp\/v2\/comments?post=5614"}],"wp:featuredmedia":[{"embeddable":true,"href":"https:\/\/medicinasinc.com\/fi\/wp-json\/wp\/v2\/media\/5623"}],"wp:attachment":[{"href":"https:\/\/medicinasinc.com\/fi\/wp-json\/wp\/v2\/media?parent=5614"}],"wp:term":[{"taxonomy":"product_brand","embeddable":true,"href":"https:\/\/medicinasinc.com\/fi\/wp-json\/wp\/v2\/product_brand?post=5614"},{"taxonomy":"product_cat","embeddable":true,"href":"https:\/\/medicinasinc.com\/fi\/wp-json\/wp\/v2\/product_cat?post=5614"},{"taxonomy":"product_tag","embeddable":true,"href":"https:\/\/medicinasinc.com\/fi\/wp-json\/wp\/v2\/product_tag?post=5614"}],"curies":[{"name":"wp","href":"https:\/\/api.w.org\/{rel}","templated":true}]}}