{"id":5592,"date":"2022-02-22T02:23:26","date_gmt":"2022-02-22T02:23:26","guid":{"rendered":"https:\/\/medicinasinc.com\/fi\/?post_type=product&#038;p=5592"},"modified":"2022-03-22T00:53:55","modified_gmt":"2022-03-22T00:53:55","slug":"osta-eth-lad-jauhetta","status":"publish","type":"product","link":"https:\/\/medicinasinc.com\/fi\/product\/osta-eth-lad-jauhetta\/","title":{"rendered":"Osta ETH-LAD-jauhe"},"content":{"rendered":"<p>L\u00e4hde ETH-LAD-jauheen hankintaan, ETH-LAD myyt\u00e4v\u00e4n\u00e4<\/p>\n<p>ETH-LAD-jauheen valmistaja Kiinassa. ETH-LAD-jauheen toimittajat ja tukkumyyj\u00e4t. Kiinassa myyt\u00e4vi\u00e4 tutkimuskemikaaleja: ETH-LAD-jauhe<\/p>\n<p>Ladd, joka tunnetaan my\u00f6s nimell\u00e4 ETH-LAD, on syklinen tetrahydroindoli (tunnetaan my\u00f6s nimell\u00e4 ETH-LAD tai ETH-LAD).<\/p>\n<p> Lysergamidi-perheen j\u00e4sen kinoliini-9-karboksamidi. ETH-LAD on LSD-analogi, joka on vasta \u00e4skett\u00e4in ollut tutkimusyhteis\u00f6n saatavilla ja joka on avannut lukuisia mahdollisuuksia sen vaikutusten tutkimiseen. Kuten Alexander Shulginin TiHKAL-kirjassa 1970-luvulla kerrotaan, japanilainen tutkimusryhm\u00e4 syntetisoi ETH-LAD:n 1970-luvulla.<\/p>\n<p>Tuotteen kuvaus:<\/p>\n<p>Alkuper\u00e4maakunnat: Kiina; Alankomaat; Liettua; Yhdysvallat<br \/> ETH-LAD Powder on sen virallinen nimi.<br \/> MF: Ei mit\u00e4\u00e4n t\u00e4ll\u00e4 hetkell\u00e4.<br \/> Puhtaus: suurempi tai yht\u00e4 suuri kuin 99,5 prosenttia<br \/> Vaalea ulkon\u00e4k\u00f6<br \/> Muovi- tai alumiinifoliopussi pakkaamiseen<\/p>\n<p>Maksuehdot:<\/p>\n<p>Pienin tilausm\u00e4\u00e4r\u00e4 on kymmenen yksikk\u00f6\u00e4. Maksa Bitcoinilla, Money Gramilla, pankkisiirrolla tai mill\u00e4 tahansa haluamallasi menetelm\u00e4ll\u00e4.<\/p>\n<p>N\u00e4ytteet ovat saatavilla ilmaiseksi.<\/p>\n<p>Ilmaiset bonusn\u00e4ytteet sis\u00e4ltyv\u00e4t aina jokaiseen tilaukseen. Viisi erillist\u00e4 tuotetta, joista jokainen painaa kaksi grammaa.<br \/> N\u00e4ytesarja, jossa on v\u00e4hint\u00e4\u00e4n 10 tuotetta, paino 5-10 grammaa kukin, maksaa 400 dollaria ja sis\u00e4lt\u00e4\u00e4 toimituksen. Ota meihin yhteytt\u00e4 tehd\u00e4ksesi tilauksen.<\/p>\n<p>Toimitus- ja toimitusehdot:<\/p>\n<p>Maksun vastaanottamisen j\u00e4lkeen tuotteet l\u00e4hetet\u00e4\u00e4n yhden arkip\u00e4iv\u00e4n kuluessa.<br \/> UPS, EMS, Tuotteiden l\u00e4hett\u00e4miseen k\u00e4ytet\u00e4\u00e4n DHL:t\u00e4, TNT:t\u00e4 tai FEDEXi\u00e4. Valitsemme kullekin maalle sinulle parhaan kuriirin ja turvallisimman toimitustavan.<br \/> EMS-toimitusaika 5.-14 p\u00e4iv\u00e4\u00e4. 4\u20137 p\u00e4iv\u00e4\u00e4 DHL:lle, UPS:lle ja FedExille.<br \/> Ven\u00e4j\u00e4ll\u00e4, Australiassa ja Kanadassa on tiukat tullim\u00e4\u00e4r\u00e4ykset, joiden kanssa voimme auttaa sinua.<br \/> Useimmissa tapauksissa saat tilauksesi nelj\u00e4n sis\u00e4ll\u00e4 seitsem\u00e4\u00e4n p\u00e4iv\u00e4\u00e4n. Tuotteet l\u00e4hetet\u00e4\u00e4n uudelleen, jos ne katoavat tai niit\u00e4 ei jostain syyst\u00e4 vastaanoteta.<\/p>\n<p>Ota meihin yhteytt\u00e4, jos tarvitset muita tietoja.<\/p>\n<p>Huomaa:<\/p>\n<p>Me meill\u00e4 on laaja maailmanlaajuinen asiakaskunta ja odotamme innolla yhteisty\u00f6t\u00e4 kanssasi pitk\u00e4ll\u00e4 aikav\u00e4lill\u00e4. Jos haluat lis\u00e4tietoja, \u00e4l\u00e4 ep\u00e4r\u00f6i ottaa meihin yhteytt\u00e4. Teemme kaikkemme auttaaksemme sinua. Kiitos paljon!<\/p>\n","protected":false},"excerpt":{"rendered":"<div class=\"g\">\n<div data-hveid=\"CAUQAA\" data-ved=\"2ahUKEwiXmcfFl6nzAhVLQEEAHXkQAPMQFSgAegQIBRAA\">\n<div class=\"tF2Cxc\">\n<div class=\"IsZvec\">\n<div>\n<p>Parhaamme onlineGlobalM Shop tarjoaa nopean maailmanlaajuisen toimituksen ETH-LAD-jauheelle, jota valmistetaan Euroopassa ja Isossa-Britanniassa. L\u00f6yd\u00e4 markkinoiden paras ETH-LAD-jauhe t\u00e4\u00e4lt\u00e4.<br \/> Farmaseuttisten v\u00e4lituotteiden ja tutkimuskemikaalien jakelija Kiinan ETH-LAD-jauheen toimittajalta<br \/> Voit ostaa ETH-LAD-jauhetta t\u00e4lt\u00e4 sivustolta. <br \/> Eurooppalainen ETH-LAD-jauheen toimittaja.<br \/> Verkosta voi ostaa LSD:n analogia nimelt\u00e4 ETH-LAD Powder.<br \/> LSD:n tapaan ETH-LAD on hallusinogeeninen aine.<\/p>\n<p>LSD-analoginen ETH-LAD-jauhe. ETH-LAD:n, psykedeelisen l\u00e4\u00e4kkeen, jonka tehoalue on 20-150 mikrogrammaa, aktiivinen annos on verrattavissa LSD:n annokseen.<\/p>\n<p>ETH-LAD-jauhe on ostettavissa.<\/p>\n<p>6-etyyli-6-nor-lysergihappodietyyliamidi IUPAC on ETH-LAD-jauhe.<\/p>\n<p>Tilaukset toimitetaan seuraavista maista: Ranska, Saksa, Iso-Britannia ja Ruotsi.<\/p>\n<\/p><\/div>\n<\/p><\/div>\n<\/p><\/div>\n<\/p><\/div>\n<\/p><\/div>\n","protected":false},"featured_media":5604,"comment_status":"open","ping_status":"closed","template":"","meta":[],"product_brand":[],"product_cat":[2014],"product_tag":[3263,3266,3274,3270,3271,3272,3273,3269,3275,3277,3267,3278,3276,3268,3265,3280,3279,3264],"class_list":{"0":"post-5592","1":"product","2":"type-product","3":"status-publish","4":"has-post-thumbnail","6":"product_cat-osta-tutkimus-kemikaaleja","7":"product_tag-buy-eth-lad-powder","8":"product_tag-eth-lad-effect","9":"product_tag-eth-lad-jauhe-tukkumyynti","10":"product_tag-eth-lad-jauhe-eurooppa","11":"product_tag-eth-lad-powder-for-sale","12":"product_tag-eth-lad-powder-retail","13":"product_tag-eth-lad-powder-uk","14":"product_tag-eth-lad-jauhe-vaikutus","15":"product_tag-eth-lad-reddit","16":"product_tag-eth-lad-review","17":"product_tag-eth-lad-jrjestys","18":"product_tag-eth-lad-tukkumyynti","19":"product_tag-eth-lad-retails","20":"product_tag-eth-lad-jauhe","21":"product_tag-eth-lad-buy","22":"product_tag-mist-ostaa-eth-lad-jauhetta","23":"product_tag-order-eth-lad-powder","24":"product_tag-osta-eth-lad-powder-uk","26":"first","27":"instock","28":"shipping-taxable","29":"purchasable","30":"product-type-variable","31":"has-default-attributes"},"yoast_head":"<!-- This site is optimized with the Yoast SEO plugin v27.3 - https:\/\/yoast.com\/product\/yoast-seo-wordpress\/ -->\n<title>Osta ETH-LAD-jauhe - ETH-LAD-jauhe verkossa - Parhaat maailmanlaajuiset l\u00e4\u00e4kkeet<\/title>\n<meta name=\"description\" content=\"Osta ETH-LAD-jauhe Europe, UK Online Bestglobalmeds-verkkokaupastamme nopealla maailmanlaajuisella toimituksella! Paras ETH-LAD-jauhe tilaukseen l\u00f6yd\u00e4t t\u00e4\u00e4lt\u00e4!\" \/>\n<meta name=\"robots\" content=\"index, follow, max-snippet:-1, max-image-preview:large, max-video-preview:-1\" \/>\n<link rel=\"canonical\" href=\"https:\/\/medicinasinc.com\/fi\/product\/osta-eth-lad-jauhetta\/\" \/>\n<meta property=\"og:locale\" content=\"en_US\" \/>\n<meta property=\"og:type\" content=\"article\" \/>\n<meta property=\"og:title\" content=\"Osta ETH-LAD-jauhe - ETH-LAD-jauhe verkossa - Parhaat maailmanlaajuiset l\u00e4\u00e4kkeet\" \/>\n<meta property=\"og:description\" content=\"Osta ETH-LAD-jauhe Europe, UK Online Bestglobalmeds-verkkokaupastamme nopealla maailmanlaajuisella toimituksella! Paras ETH-LAD-jauhe tilaukseen l\u00f6yd\u00e4t t\u00e4\u00e4lt\u00e4!\" \/>\n<meta property=\"og:url\" content=\"https:\/\/medicinasinc.com\/fi\/product\/osta-eth-lad-jauhetta\/\" \/>\n<meta property=\"og:site_name\" content=\"Medicinas Inc\" \/>\n<meta property=\"article:modified_time\" content=\"2022-03-22T00:53:55+00:00\" \/>\n<meta property=\"og:image\" content=\"https:\/\/medicinasinc.com\/fi\/wp-content\/uploads\/sites\/12\/2022\/02\/Buy-ETH-LAD-Powder.jpg\" \/>\n\t<meta property=\"og:image:width\" content=\"600\" \/>\n\t<meta property=\"og:image:height\" content=\"600\" \/>\n\t<meta property=\"og:image:type\" content=\"image\/jpeg\" \/>\n<meta name=\"twitter:card\" content=\"summary_large_image\" \/>\n<meta name=\"twitter:label1\" content=\"Est. reading time\" \/>\n\t<meta name=\"twitter:data1\" content=\"2 minutes\" \/>\n<script type=\"application\/ld+json\" class=\"yoast-schema-graph\">{\"@context\":\"https:\\\/\\\/schema.org\",\"@graph\":[{\"@type\":\"WebPage\",\"@id\":\"https:\\\/\\\/medicinasinc.com\\\/fi\\\/product\\\/osta-eth-lad-jauhetta\\\/\",\"url\":\"https:\\\/\\\/medicinasinc.com\\\/fi\\\/product\\\/osta-eth-lad-jauhetta\\\/\",\"name\":\"Osta ETH-LAD-jauhe - ETH-LAD-jauhe verkossa - Parhaat maailmanlaajuiset l\u00e4\u00e4kkeet\",\"isPartOf\":{\"@id\":\"https:\\\/\\\/medicinasinc.com\\\/fi\\\/#website\"},\"primaryImageOfPage\":{\"@id\":\"https:\\\/\\\/medicinasinc.com\\\/fi\\\/product\\\/osta-eth-lad-jauhetta\\\/#primaryimage\"},\"image\":{\"@id\":\"https:\\\/\\\/medicinasinc.com\\\/fi\\\/product\\\/osta-eth-lad-jauhetta\\\/#primaryimage\"},\"thumbnailUrl\":\"https:\\\/\\\/medicinasinc.com\\\/fi\\\/wp-content\\\/uploads\\\/sites\\\/12\\\/2022\\\/02\\\/Buy-ETH-LAD-Powder.jpg\",\"datePublished\":\"2022-02-22T02:23:26+00:00\",\"dateModified\":\"2022-03-22T00:53:55+00:00\",\"description\":\"Osta ETH-LAD-jauhe Europe, UK Online Bestglobalmeds-verkkokaupastamme nopealla maailmanlaajuisella toimituksella! Paras ETH-LAD-jauhe tilaukseen l\u00f6yd\u00e4t t\u00e4\u00e4lt\u00e4!\",\"breadcrumb\":{\"@id\":\"https:\\\/\\\/medicinasinc.com\\\/fi\\\/product\\\/osta-eth-lad-jauhetta\\\/#breadcrumb\"},\"inLanguage\":\"en-US\",\"potentialAction\":[{\"@type\":\"ReadAction\",\"target\":[\"https:\\\/\\\/medicinasinc.com\\\/fi\\\/product\\\/osta-eth-lad-jauhetta\\\/\"]}]},{\"@type\":\"ImageObject\",\"inLanguage\":\"en-US\",\"@id\":\"https:\\\/\\\/medicinasinc.com\\\/fi\\\/product\\\/osta-eth-lad-jauhetta\\\/#primaryimage\",\"url\":\"https:\\\/\\\/medicinasinc.com\\\/fi\\\/wp-content\\\/uploads\\\/sites\\\/12\\\/2022\\\/02\\\/Buy-ETH-LAD-Powder.jpg\",\"contentUrl\":\"https:\\\/\\\/medicinasinc.com\\\/fi\\\/wp-content\\\/uploads\\\/sites\\\/12\\\/2022\\\/02\\\/Buy-ETH-LAD-Powder.jpg\",\"width\":600,\"height\":600},{\"@type\":\"BreadcrumbList\",\"@id\":\"https:\\\/\\\/medicinasinc.com\\\/fi\\\/product\\\/osta-eth-lad-jauhetta\\\/#breadcrumb\",\"itemListElement\":[{\"@type\":\"ListItem\",\"position\":1,\"name\":\"Myym\u00e4l\u00e4\",\"item\":\"https:\\\/\\\/medicinasinc.com\\\/fi\\\/myymala\\\/\"},{\"@type\":\"ListItem\",\"position\":2,\"name\":\"Osta ETH-LAD-jauhe\"}]},{\"@type\":\"WebSite\",\"@id\":\"https:\\\/\\\/medicinasinc.com\\\/fi\\\/#website\",\"url\":\"https:\\\/\\\/medicinasinc.com\\\/fi\\\/\",\"name\":\"Medicinas Inc\",\"description\":\"Health Medical Clinic\",\"potentialAction\":[{\"@type\":\"SearchAction\",\"target\":{\"@type\":\"EntryPoint\",\"urlTemplate\":\"https:\\\/\\\/medicinasinc.com\\\/fi\\\/?s={search_term_string}\"},\"query-input\":{\"@type\":\"PropertyValueSpecification\",\"valueRequired\":true,\"valueName\":\"search_term_string\"}}],\"inLanguage\":\"en-US\"}]}<\/script>\n<!-- \/ Yoast SEO plugin. -->","yoast_head_json":{"title":"Osta ETH-LAD-jauhe - ETH-LAD-jauhe verkossa - Parhaat maailmanlaajuiset l\u00e4\u00e4kkeet","description":"Osta ETH-LAD-jauhe Europe, UK Online Bestglobalmeds-verkkokaupastamme nopealla maailmanlaajuisella toimituksella! Paras ETH-LAD-jauhe tilaukseen l\u00f6yd\u00e4t t\u00e4\u00e4lt\u00e4!","robots":{"index":"index","follow":"follow","max-snippet":"max-snippet:-1","max-image-preview":"max-image-preview:large","max-video-preview":"max-video-preview:-1"},"canonical":"https:\/\/medicinasinc.com\/fi\/product\/osta-eth-lad-jauhetta\/","og_locale":"en_US","og_type":"article","og_title":"Osta ETH-LAD-jauhe - ETH-LAD-jauhe verkossa - Parhaat maailmanlaajuiset l\u00e4\u00e4kkeet","og_description":"Osta ETH-LAD-jauhe Europe, UK Online Bestglobalmeds-verkkokaupastamme nopealla maailmanlaajuisella toimituksella! Paras ETH-LAD-jauhe tilaukseen l\u00f6yd\u00e4t t\u00e4\u00e4lt\u00e4!","og_url":"https:\/\/medicinasinc.com\/fi\/product\/osta-eth-lad-jauhetta\/","og_site_name":"Medicinas Inc","article_modified_time":"2022-03-22T00:53:55+00:00","og_image":[{"width":600,"height":600,"url":"https:\/\/medicinasinc.com\/fi\/wp-content\/uploads\/sites\/12\/2022\/02\/Buy-ETH-LAD-Powder.jpg","type":"image\/jpeg"}],"twitter_card":"summary_large_image","twitter_misc":{"Est. reading time":"2 minutes"},"schema":{"@context":"https:\/\/schema.org","@graph":[{"@type":"WebPage","@id":"https:\/\/medicinasinc.com\/fi\/product\/osta-eth-lad-jauhetta\/","url":"https:\/\/medicinasinc.com\/fi\/product\/osta-eth-lad-jauhetta\/","name":"Osta ETH-LAD-jauhe - ETH-LAD-jauhe verkossa - Parhaat maailmanlaajuiset l\u00e4\u00e4kkeet","isPartOf":{"@id":"https:\/\/medicinasinc.com\/fi\/#website"},"primaryImageOfPage":{"@id":"https:\/\/medicinasinc.com\/fi\/product\/osta-eth-lad-jauhetta\/#primaryimage"},"image":{"@id":"https:\/\/medicinasinc.com\/fi\/product\/osta-eth-lad-jauhetta\/#primaryimage"},"thumbnailUrl":"https:\/\/medicinasinc.com\/fi\/wp-content\/uploads\/sites\/12\/2022\/02\/Buy-ETH-LAD-Powder.jpg","datePublished":"2022-02-22T02:23:26+00:00","dateModified":"2022-03-22T00:53:55+00:00","description":"Osta ETH-LAD-jauhe Europe, UK Online Bestglobalmeds-verkkokaupastamme nopealla maailmanlaajuisella toimituksella! Paras ETH-LAD-jauhe tilaukseen l\u00f6yd\u00e4t t\u00e4\u00e4lt\u00e4!","breadcrumb":{"@id":"https:\/\/medicinasinc.com\/fi\/product\/osta-eth-lad-jauhetta\/#breadcrumb"},"inLanguage":"en-US","potentialAction":[{"@type":"ReadAction","target":["https:\/\/medicinasinc.com\/fi\/product\/osta-eth-lad-jauhetta\/"]}]},{"@type":"ImageObject","inLanguage":"en-US","@id":"https:\/\/medicinasinc.com\/fi\/product\/osta-eth-lad-jauhetta\/#primaryimage","url":"https:\/\/medicinasinc.com\/fi\/wp-content\/uploads\/sites\/12\/2022\/02\/Buy-ETH-LAD-Powder.jpg","contentUrl":"https:\/\/medicinasinc.com\/fi\/wp-content\/uploads\/sites\/12\/2022\/02\/Buy-ETH-LAD-Powder.jpg","width":600,"height":600},{"@type":"BreadcrumbList","@id":"https:\/\/medicinasinc.com\/fi\/product\/osta-eth-lad-jauhetta\/#breadcrumb","itemListElement":[{"@type":"ListItem","position":1,"name":"Myym\u00e4l\u00e4","item":"https:\/\/medicinasinc.com\/fi\/myymala\/"},{"@type":"ListItem","position":2,"name":"Osta ETH-LAD-jauhe"}]},{"@type":"WebSite","@id":"https:\/\/medicinasinc.com\/fi\/#website","url":"https:\/\/medicinasinc.com\/fi\/","name":"Medicinas Inc","description":"Health Medical Clinic","potentialAction":[{"@type":"SearchAction","target":{"@type":"EntryPoint","urlTemplate":"https:\/\/medicinasinc.com\/fi\/?s={search_term_string}"},"query-input":{"@type":"PropertyValueSpecification","valueRequired":true,"valueName":"search_term_string"}}],"inLanguage":"en-US"}]}},"_links":{"self":[{"href":"https:\/\/medicinasinc.com\/fi\/wp-json\/wp\/v2\/product\/5592","targetHints":{"allow":["GET"]}}],"collection":[{"href":"https:\/\/medicinasinc.com\/fi\/wp-json\/wp\/v2\/product"}],"about":[{"href":"https:\/\/medicinasinc.com\/fi\/wp-json\/wp\/v2\/types\/product"}],"replies":[{"embeddable":true,"href":"https:\/\/medicinasinc.com\/fi\/wp-json\/wp\/v2\/comments?post=5592"}],"wp:featuredmedia":[{"embeddable":true,"href":"https:\/\/medicinasinc.com\/fi\/wp-json\/wp\/v2\/media\/5604"}],"wp:attachment":[{"href":"https:\/\/medicinasinc.com\/fi\/wp-json\/wp\/v2\/media?parent=5592"}],"wp:term":[{"taxonomy":"product_brand","embeddable":true,"href":"https:\/\/medicinasinc.com\/fi\/wp-json\/wp\/v2\/product_brand?post=5592"},{"taxonomy":"product_cat","embeddable":true,"href":"https:\/\/medicinasinc.com\/fi\/wp-json\/wp\/v2\/product_cat?post=5592"},{"taxonomy":"product_tag","embeddable":true,"href":"https:\/\/medicinasinc.com\/fi\/wp-json\/wp\/v2\/product_tag?post=5592"}],"curies":[{"name":"wp","href":"https:\/\/api.w.org\/{rel}","templated":true}]}}