{"id":5591,"date":"2022-02-22T02:21:39","date_gmt":"2022-02-22T02:21:39","guid":{"rendered":"https:\/\/medicinasinc.com\/fi\/?post_type=product&#038;p=5591"},"modified":"2022-03-22T00:54:06","modified_gmt":"2022-03-22T00:54:06","slug":"osta-meksedroni-kristalli","status":"publish","type":"product","link":"https:\/\/medicinasinc.com\/fi\/product\/osta-meksedroni-kristalli\/","title":{"rendered":"Osta Mexedrone Crystal"},"content":{"rendered":"<p>Osta Mexedrone MXE Crystal Internetist\u00e4.<\/p>\n<p>On olemassa kemikaali nimelt\u00e4 Mexedrone, jonka uskotaan olevan pirist\u00e4v\u00e4 ja mahdollinen euforian aiheuttaja. Sit\u00e4 kutsutaan 3-metoksi-2-(metyyliamino)-1-(p-tolyyli)propan-1-oniksi. Mexedrone on uudenlainen mmc.<\/p>\n<p>Cas-nro: Kaava on C12H17NO2. IUPAC on: 3-metoksi-2-(metyyliamino)-1-(p-tolyyli)propan-1-oni<\/p>\n<div class=\"ProductDescriptionContainer\">\n<p>&nbsp;<\/p>\n<\/p><\/div>\n","protected":false},"excerpt":{"rendered":"<p>Voit ostaa Mexedrone Crystal verkosta Isossa-Britanniassa ja Euroopassa. Mexedrone MXE Power, joka tunnetaan joskus nimell\u00e4 MEX tai 4-MMC-Ome, on lyhenne sanoista Mexedrone MXE. Tee tilauksesi heti Best Global Medsiss\u00e4!<\/p>\n<p>Osta Mexedrone Crystal verkosta Bitcoin &#8211; se on turvallista.<\/p>\n<p>Voit ostaa laillisia l\u00e4\u00e4kkeit\u00e4 verkosta sek\u00e4 tutkia yhdisteit\u00e4, raakoja farmaseuttisia kiteit\u00e4 ja paljon muuta.<\/p>\n<p>Mist\u00e4 ostaa Mexedrone MXE Crystal? MXE-kide Mexedroneille. Tunnetaan my\u00f6s nimell\u00e4 MEX, 4-MMC-Ome ja Mexedrone.<\/p>\n","protected":false},"featured_media":5602,"comment_status":"open","ping_status":"closed","template":"","meta":[],"product_brand":[],"product_cat":[2014],"product_tag":[3249,3252,3255,3256,3257,3258,3254,3259,3260,3262,3253,3261,3251,3250],"class_list":{"0":"post-5591","1":"product","2":"type-product","3":"status-publish","4":"has-post-thumbnail","6":"product_cat-osta-tutkimus-kemikaaleja","7":"product_tag-buy-mexedrone-crystal","8":"product_tag-meksedroni-kidevaikutus","9":"product_tag-mexedrone-crystal-order","10":"product_tag-mexedrone-crystal-reddit","11":"product_tag-mexedrone-crystal-retails","12":"product_tag-mexedrone-crystal-tukkumyynti","13":"product_tag-mexedrone-crystal-online","14":"product_tag-mxe-crystal","15":"product_tag-mxe-crystal-buy","16":"product_tag-mxe-crystal-order","17":"product_tag-mexedroni-kristalli-myynniss","18":"product_tag-mxe-crystal-myynniss","19":"product_tag-mexedrone-crystal-buy","20":"product_tag-osta-mxe-kristalli","22":"first","23":"instock","24":"shipping-taxable","25":"purchasable","26":"product-type-variable","27":"has-default-attributes"},"yoast_head":"<!-- This site is optimized with the Yoast SEO plugin v27.3 - https:\/\/yoast.com\/product\/yoast-seo-wordpress\/ -->\n<title>Osta Mexedrone MXE Crystal - Best Global Meds<\/title>\n<meta name=\"description\" content=\"Osta Mexedrone Crystal myyt\u00e4v\u00e4ksi Isossa-Britanniassa, Euroopassa verkossa. Mexedrone MXE Power, Mexedrone, kutsutaan my\u00f6s nimell\u00e4 MEX tai 4-MMC-Ome. Tilaa nyt Best Global Medsist\u00e4\" \/>\n<meta name=\"robots\" content=\"index, follow, max-snippet:-1, max-image-preview:large, max-video-preview:-1\" \/>\n<link rel=\"canonical\" href=\"https:\/\/medicinasinc.com\/fi\/product\/osta-meksedroni-kristalli\/\" \/>\n<meta property=\"og:locale\" content=\"en_US\" \/>\n<meta property=\"og:type\" content=\"article\" \/>\n<meta property=\"og:title\" content=\"Osta Mexedrone MXE Crystal - Best Global Meds\" \/>\n<meta property=\"og:description\" content=\"Osta Mexedrone Crystal myyt\u00e4v\u00e4ksi Isossa-Britanniassa, Euroopassa verkossa. Mexedrone MXE Power, Mexedrone, kutsutaan my\u00f6s nimell\u00e4 MEX tai 4-MMC-Ome. Tilaa nyt Best Global Medsist\u00e4\" \/>\n<meta property=\"og:url\" content=\"https:\/\/medicinasinc.com\/fi\/product\/osta-meksedroni-kristalli\/\" \/>\n<meta property=\"og:site_name\" content=\"Medicinas Inc\" \/>\n<meta property=\"article:modified_time\" content=\"2022-03-22T00:54:06+00:00\" \/>\n<meta property=\"og:image\" content=\"https:\/\/medicinasinc.com\/fi\/wp-content\/uploads\/sites\/12\/2022\/02\/Buy-Mexedrone-Crystal.jpg\" \/>\n\t<meta property=\"og:image:width\" content=\"600\" \/>\n\t<meta property=\"og:image:height\" content=\"600\" \/>\n\t<meta property=\"og:image:type\" content=\"image\/jpeg\" \/>\n<meta name=\"twitter:card\" content=\"summary_large_image\" \/>\n<meta name=\"twitter:label1\" content=\"Est. reading time\" \/>\n\t<meta name=\"twitter:data1\" content=\"1 minute\" \/>\n<script type=\"application\/ld+json\" class=\"yoast-schema-graph\">{\"@context\":\"https:\\\/\\\/schema.org\",\"@graph\":[{\"@type\":\"WebPage\",\"@id\":\"https:\\\/\\\/medicinasinc.com\\\/fi\\\/product\\\/osta-meksedroni-kristalli\\\/\",\"url\":\"https:\\\/\\\/medicinasinc.com\\\/fi\\\/product\\\/osta-meksedroni-kristalli\\\/\",\"name\":\"Osta Mexedrone MXE Crystal - Best Global Meds\",\"isPartOf\":{\"@id\":\"https:\\\/\\\/medicinasinc.com\\\/fi\\\/#website\"},\"primaryImageOfPage\":{\"@id\":\"https:\\\/\\\/medicinasinc.com\\\/fi\\\/product\\\/osta-meksedroni-kristalli\\\/#primaryimage\"},\"image\":{\"@id\":\"https:\\\/\\\/medicinasinc.com\\\/fi\\\/product\\\/osta-meksedroni-kristalli\\\/#primaryimage\"},\"thumbnailUrl\":\"https:\\\/\\\/medicinasinc.com\\\/fi\\\/wp-content\\\/uploads\\\/sites\\\/12\\\/2022\\\/02\\\/Buy-Mexedrone-Crystal.jpg\",\"datePublished\":\"2022-02-22T02:21:39+00:00\",\"dateModified\":\"2022-03-22T00:54:06+00:00\",\"description\":\"Osta Mexedrone Crystal myyt\u00e4v\u00e4ksi Isossa-Britanniassa, Euroopassa verkossa. Mexedrone MXE Power, Mexedrone, kutsutaan my\u00f6s nimell\u00e4 MEX tai 4-MMC-Ome. Tilaa nyt Best Global Medsist\u00e4\",\"breadcrumb\":{\"@id\":\"https:\\\/\\\/medicinasinc.com\\\/fi\\\/product\\\/osta-meksedroni-kristalli\\\/#breadcrumb\"},\"inLanguage\":\"en-US\",\"potentialAction\":[{\"@type\":\"ReadAction\",\"target\":[\"https:\\\/\\\/medicinasinc.com\\\/fi\\\/product\\\/osta-meksedroni-kristalli\\\/\"]}]},{\"@type\":\"ImageObject\",\"inLanguage\":\"en-US\",\"@id\":\"https:\\\/\\\/medicinasinc.com\\\/fi\\\/product\\\/osta-meksedroni-kristalli\\\/#primaryimage\",\"url\":\"https:\\\/\\\/medicinasinc.com\\\/fi\\\/wp-content\\\/uploads\\\/sites\\\/12\\\/2022\\\/02\\\/Buy-Mexedrone-Crystal.jpg\",\"contentUrl\":\"https:\\\/\\\/medicinasinc.com\\\/fi\\\/wp-content\\\/uploads\\\/sites\\\/12\\\/2022\\\/02\\\/Buy-Mexedrone-Crystal.jpg\",\"width\":600,\"height\":600},{\"@type\":\"BreadcrumbList\",\"@id\":\"https:\\\/\\\/medicinasinc.com\\\/fi\\\/product\\\/osta-meksedroni-kristalli\\\/#breadcrumb\",\"itemListElement\":[{\"@type\":\"ListItem\",\"position\":1,\"name\":\"Myym\u00e4l\u00e4\",\"item\":\"https:\\\/\\\/medicinasinc.com\\\/fi\\\/myymala\\\/\"},{\"@type\":\"ListItem\",\"position\":2,\"name\":\"Osta Mexedrone Crystal\"}]},{\"@type\":\"WebSite\",\"@id\":\"https:\\\/\\\/medicinasinc.com\\\/fi\\\/#website\",\"url\":\"https:\\\/\\\/medicinasinc.com\\\/fi\\\/\",\"name\":\"Medicinas Inc\",\"description\":\"Health Medical Clinic\",\"potentialAction\":[{\"@type\":\"SearchAction\",\"target\":{\"@type\":\"EntryPoint\",\"urlTemplate\":\"https:\\\/\\\/medicinasinc.com\\\/fi\\\/?s={search_term_string}\"},\"query-input\":{\"@type\":\"PropertyValueSpecification\",\"valueRequired\":true,\"valueName\":\"search_term_string\"}}],\"inLanguage\":\"en-US\"}]}<\/script>\n<!-- \/ Yoast SEO plugin. -->","yoast_head_json":{"title":"Osta Mexedrone MXE Crystal - Best Global Meds","description":"Osta Mexedrone Crystal myyt\u00e4v\u00e4ksi Isossa-Britanniassa, Euroopassa verkossa. Mexedrone MXE Power, Mexedrone, kutsutaan my\u00f6s nimell\u00e4 MEX tai 4-MMC-Ome. Tilaa nyt Best Global Medsist\u00e4","robots":{"index":"index","follow":"follow","max-snippet":"max-snippet:-1","max-image-preview":"max-image-preview:large","max-video-preview":"max-video-preview:-1"},"canonical":"https:\/\/medicinasinc.com\/fi\/product\/osta-meksedroni-kristalli\/","og_locale":"en_US","og_type":"article","og_title":"Osta Mexedrone MXE Crystal - Best Global Meds","og_description":"Osta Mexedrone Crystal myyt\u00e4v\u00e4ksi Isossa-Britanniassa, Euroopassa verkossa. Mexedrone MXE Power, Mexedrone, kutsutaan my\u00f6s nimell\u00e4 MEX tai 4-MMC-Ome. Tilaa nyt Best Global Medsist\u00e4","og_url":"https:\/\/medicinasinc.com\/fi\/product\/osta-meksedroni-kristalli\/","og_site_name":"Medicinas Inc","article_modified_time":"2022-03-22T00:54:06+00:00","og_image":[{"width":600,"height":600,"url":"https:\/\/medicinasinc.com\/fi\/wp-content\/uploads\/sites\/12\/2022\/02\/Buy-Mexedrone-Crystal.jpg","type":"image\/jpeg"}],"twitter_card":"summary_large_image","twitter_misc":{"Est. reading time":"1 minute"},"schema":{"@context":"https:\/\/schema.org","@graph":[{"@type":"WebPage","@id":"https:\/\/medicinasinc.com\/fi\/product\/osta-meksedroni-kristalli\/","url":"https:\/\/medicinasinc.com\/fi\/product\/osta-meksedroni-kristalli\/","name":"Osta Mexedrone MXE Crystal - Best Global Meds","isPartOf":{"@id":"https:\/\/medicinasinc.com\/fi\/#website"},"primaryImageOfPage":{"@id":"https:\/\/medicinasinc.com\/fi\/product\/osta-meksedroni-kristalli\/#primaryimage"},"image":{"@id":"https:\/\/medicinasinc.com\/fi\/product\/osta-meksedroni-kristalli\/#primaryimage"},"thumbnailUrl":"https:\/\/medicinasinc.com\/fi\/wp-content\/uploads\/sites\/12\/2022\/02\/Buy-Mexedrone-Crystal.jpg","datePublished":"2022-02-22T02:21:39+00:00","dateModified":"2022-03-22T00:54:06+00:00","description":"Osta Mexedrone Crystal myyt\u00e4v\u00e4ksi Isossa-Britanniassa, Euroopassa verkossa. Mexedrone MXE Power, Mexedrone, kutsutaan my\u00f6s nimell\u00e4 MEX tai 4-MMC-Ome. Tilaa nyt Best Global Medsist\u00e4","breadcrumb":{"@id":"https:\/\/medicinasinc.com\/fi\/product\/osta-meksedroni-kristalli\/#breadcrumb"},"inLanguage":"en-US","potentialAction":[{"@type":"ReadAction","target":["https:\/\/medicinasinc.com\/fi\/product\/osta-meksedroni-kristalli\/"]}]},{"@type":"ImageObject","inLanguage":"en-US","@id":"https:\/\/medicinasinc.com\/fi\/product\/osta-meksedroni-kristalli\/#primaryimage","url":"https:\/\/medicinasinc.com\/fi\/wp-content\/uploads\/sites\/12\/2022\/02\/Buy-Mexedrone-Crystal.jpg","contentUrl":"https:\/\/medicinasinc.com\/fi\/wp-content\/uploads\/sites\/12\/2022\/02\/Buy-Mexedrone-Crystal.jpg","width":600,"height":600},{"@type":"BreadcrumbList","@id":"https:\/\/medicinasinc.com\/fi\/product\/osta-meksedroni-kristalli\/#breadcrumb","itemListElement":[{"@type":"ListItem","position":1,"name":"Myym\u00e4l\u00e4","item":"https:\/\/medicinasinc.com\/fi\/myymala\/"},{"@type":"ListItem","position":2,"name":"Osta Mexedrone Crystal"}]},{"@type":"WebSite","@id":"https:\/\/medicinasinc.com\/fi\/#website","url":"https:\/\/medicinasinc.com\/fi\/","name":"Medicinas Inc","description":"Health Medical Clinic","potentialAction":[{"@type":"SearchAction","target":{"@type":"EntryPoint","urlTemplate":"https:\/\/medicinasinc.com\/fi\/?s={search_term_string}"},"query-input":{"@type":"PropertyValueSpecification","valueRequired":true,"valueName":"search_term_string"}}],"inLanguage":"en-US"}]}},"_links":{"self":[{"href":"https:\/\/medicinasinc.com\/fi\/wp-json\/wp\/v2\/product\/5591","targetHints":{"allow":["GET"]}}],"collection":[{"href":"https:\/\/medicinasinc.com\/fi\/wp-json\/wp\/v2\/product"}],"about":[{"href":"https:\/\/medicinasinc.com\/fi\/wp-json\/wp\/v2\/types\/product"}],"replies":[{"embeddable":true,"href":"https:\/\/medicinasinc.com\/fi\/wp-json\/wp\/v2\/comments?post=5591"}],"wp:featuredmedia":[{"embeddable":true,"href":"https:\/\/medicinasinc.com\/fi\/wp-json\/wp\/v2\/media\/5602"}],"wp:attachment":[{"href":"https:\/\/medicinasinc.com\/fi\/wp-json\/wp\/v2\/media?parent=5591"}],"wp:term":[{"taxonomy":"product_brand","embeddable":true,"href":"https:\/\/medicinasinc.com\/fi\/wp-json\/wp\/v2\/product_brand?post=5591"},{"taxonomy":"product_cat","embeddable":true,"href":"https:\/\/medicinasinc.com\/fi\/wp-json\/wp\/v2\/product_cat?post=5591"},{"taxonomy":"product_tag","embeddable":true,"href":"https:\/\/medicinasinc.com\/fi\/wp-json\/wp\/v2\/product_tag?post=5591"}],"curies":[{"name":"wp","href":"https:\/\/api.w.org\/{rel}","templated":true}]}}