{"id":5590,"date":"2022-02-22T02:20:06","date_gmt":"2022-02-22T02:20:06","guid":{"rendered":"https:\/\/medicinasinc.com\/fi\/?post_type=product&#038;p=5590"},"modified":"2022-03-22T00:54:15","modified_gmt":"2022-03-22T00:54:15","slug":"osta-metiopropamiini-jauhe","status":"publish","type":"product","link":"https:\/\/medicinasinc.com\/fi\/product\/osta-metiopropamiini-jauhe\/","title":{"rendered":"Osta metiopropamiinijauhe"},"content":{"rendered":"<p><strong>Osta MPA-metiopropamiinijauhetta Internetist\u00e4.<\/strong><\/p>\n<p>Metiopropamiini, joka tunnetaan my\u00f6s nimell\u00e4 MPA, Methedrene ja Syndrax, on metamfetamiinin rakenteellinen analogi. Siin\u00e4 on metamfetamiinin kaltainen tiofeenirengas. Metiopropamiinin sanotaan aiheuttavan muun muassa liev\u00e4\u00e4 euforiaa ja tietoisuuden kasvua. Se on noin kolmannes dekstroamfetamiinin vahvuudesta.<\/p>\n<p>Cas-numero: 801156-47-8<br \/> Kaava toimii n\u00e4in: C8H13NS<br \/> IUPAC: 1-(tiofeeni-2-) yl) 2-metyyliaminopropaani on nimi.<br \/> Ulkon\u00e4k\u00f6:<br \/> Puhtaus:<\/p>\n<div class=\"product-next-previous\">\n<div class=\"product-prev\"><\/div><\/div>\n","protected":false},"excerpt":{"rendered":"<p>Bestglobalmeds.com-verkkokaupastamme voit ostaa MPA-metiopropamiinijauhetta myyntiin Isossa-Britanniassa, Euroopassa ja kaikkialla maailmassa! Meill\u00e4 on myynniss\u00e4 parasta MPA-metiopropamiinia, ja voit ostaa sen meilt\u00e4!<\/p>\n<p>Osta MPA-metiopropamiinijauhetta verkosta. Metiopropamiini on l\u00e4\u00e4kkeen nimi. Sama kuin metamfetamiini<br \/> 100\u2013200 mg on suositeltu annos.<\/p>\n<p>Osta puhdasta, korkealaatuista metiopropamiinijauhetta verkosta Bitcoinilla \u2013 voit tehd\u00e4 t\u00e4m\u00e4n.<\/p>\n<p>Osta laillisia tuotteita. l\u00e4\u00e4kkeit\u00e4 verkosta, osta tutkimuskemikaaleja, raakoja farmaseuttisia jauheita ja muuta kaupasta.<\/p>\n<p>Metiopropamiini (MPA) on synteettinen huume, joka muistuttaa paljon amfetamiinia ja jota myytiin aiemmin &#8220;laillisena&#8221; vaihtoehto&#8221; kokaiiniin. Huumeiden v\u00e4\u00e4rink\u00e4ytt\u00f6\u00e4 k\u00e4sittelev\u00e4 neuvoa-antava toimikunta on suositellut MPA:n luokittelua B-luokan l\u00e4\u00e4kkeeksi (ACMD).<\/p>\n","protected":false},"featured_media":5600,"comment_status":"open","ping_status":"closed","template":"","meta":[],"product_brand":[],"product_cat":[2014],"product_tag":[3233,3235,3240,3241,3242,3243,3236,3237,3239,3238,3246,3248,3244,3234,3232,3247,3245],"class_list":{"0":"post-5590","1":"product","2":"type-product","3":"status-publish","4":"has-post-thumbnail","6":"product_cat-osta-tutkimus-kemikaaleja","7":"product_tag-how-to-buy-methiopropamine-online","8":"product_tag-methiopropamine-effect","9":"product_tag-methiopropamine-retail","10":"product_tag-methiopropamine-reviews","11":"product_tag-methiopropamine-supplier","12":"product_tag-methiopropamine-wholesale","13":"product_tag-metiopropamiini-eurooppa-tukkumyynti","14":"product_tag-myytvn-oleva-metiopropamiini","15":"product_tag-metiopropamiini-reddit","16":"product_tag-metiopropamiini-jrjestys","17":"product_tag-metiopropamiinin-toimittaja","18":"product_tag-mist-ostaa-metiopropamiini-verkosta","19":"product_tag-order-methiopropamine-online","20":"product_tag-metiopropamiini-osta","21":"product_tag-osta-metiopropamiini-verkosta","22":"product_tag-paras-paikka-ostaa-metiopropamiinia-verkossa","23":"product_tag-purchase-methiopropamine-online","25":"first","26":"instock","27":"shipping-taxable","28":"purchasable","29":"product-type-variable","30":"has-default-attributes"},"yoast_head":"<!-- This site is optimized with the Yoast SEO plugin v27.3 - https:\/\/yoast.com\/product\/yoast-seo-wordpress\/ -->\n<title>Osta metiopropamiinijauhe - Osta MPA - parhaat maailmanlaajuiset l\u00e4\u00e4kkeet<\/title>\n<meta name=\"description\" content=\"Osta MPA Methiopropamine pulveri UK, Europe Bestglobalmeds.com-verkkokaupastamme nopealla maailmanlaajuisella toimituksella! L\u00f6yd\u00e4t t\u00e4\u00e4lt\u00e4 parhaan myyt\u00e4v\u00e4n MPA-metiopropamiinin!\" \/>\n<meta name=\"robots\" content=\"index, follow, max-snippet:-1, max-image-preview:large, max-video-preview:-1\" \/>\n<link rel=\"canonical\" href=\"https:\/\/medicinasinc.com\/fi\/product\/osta-metiopropamiini-jauhe\/\" \/>\n<meta property=\"og:locale\" content=\"en_US\" \/>\n<meta property=\"og:type\" content=\"article\" \/>\n<meta property=\"og:title\" content=\"Osta metiopropamiinijauhe - Osta MPA - parhaat maailmanlaajuiset l\u00e4\u00e4kkeet\" \/>\n<meta property=\"og:description\" content=\"Osta MPA Methiopropamine pulveri UK, Europe Bestglobalmeds.com-verkkokaupastamme nopealla maailmanlaajuisella toimituksella! L\u00f6yd\u00e4t t\u00e4\u00e4lt\u00e4 parhaan myyt\u00e4v\u00e4n MPA-metiopropamiinin!\" \/>\n<meta property=\"og:url\" content=\"https:\/\/medicinasinc.com\/fi\/product\/osta-metiopropamiini-jauhe\/\" \/>\n<meta property=\"og:site_name\" content=\"Medicinas Inc\" \/>\n<meta property=\"article:modified_time\" content=\"2022-03-22T00:54:15+00:00\" \/>\n<meta property=\"og:image\" content=\"https:\/\/medicinasinc.com\/fi\/wp-content\/uploads\/sites\/12\/2022\/02\/Buy-Methiopropamine-powder.png\" \/>\n\t<meta property=\"og:image:width\" content=\"457\" \/>\n\t<meta property=\"og:image:height\" content=\"323\" \/>\n\t<meta property=\"og:image:type\" content=\"image\/png\" \/>\n<meta name=\"twitter:card\" content=\"summary_large_image\" \/>\n<meta name=\"twitter:label1\" content=\"Est. reading time\" \/>\n\t<meta name=\"twitter:data1\" content=\"1 minute\" \/>\n<script type=\"application\/ld+json\" class=\"yoast-schema-graph\">{\"@context\":\"https:\\\/\\\/schema.org\",\"@graph\":[{\"@type\":\"WebPage\",\"@id\":\"https:\\\/\\\/medicinasinc.com\\\/fi\\\/product\\\/osta-metiopropamiini-jauhe\\\/\",\"url\":\"https:\\\/\\\/medicinasinc.com\\\/fi\\\/product\\\/osta-metiopropamiini-jauhe\\\/\",\"name\":\"Osta metiopropamiinijauhe - Osta MPA - parhaat maailmanlaajuiset l\u00e4\u00e4kkeet\",\"isPartOf\":{\"@id\":\"https:\\\/\\\/medicinasinc.com\\\/fi\\\/#website\"},\"primaryImageOfPage\":{\"@id\":\"https:\\\/\\\/medicinasinc.com\\\/fi\\\/product\\\/osta-metiopropamiini-jauhe\\\/#primaryimage\"},\"image\":{\"@id\":\"https:\\\/\\\/medicinasinc.com\\\/fi\\\/product\\\/osta-metiopropamiini-jauhe\\\/#primaryimage\"},\"thumbnailUrl\":\"https:\\\/\\\/medicinasinc.com\\\/fi\\\/wp-content\\\/uploads\\\/sites\\\/12\\\/2022\\\/02\\\/Buy-Methiopropamine-powder.png\",\"datePublished\":\"2022-02-22T02:20:06+00:00\",\"dateModified\":\"2022-03-22T00:54:15+00:00\",\"description\":\"Osta MPA Methiopropamine pulveri UK, Europe Bestglobalmeds.com-verkkokaupastamme nopealla maailmanlaajuisella toimituksella! L\u00f6yd\u00e4t t\u00e4\u00e4lt\u00e4 parhaan myyt\u00e4v\u00e4n MPA-metiopropamiinin!\",\"breadcrumb\":{\"@id\":\"https:\\\/\\\/medicinasinc.com\\\/fi\\\/product\\\/osta-metiopropamiini-jauhe\\\/#breadcrumb\"},\"inLanguage\":\"en-US\",\"potentialAction\":[{\"@type\":\"ReadAction\",\"target\":[\"https:\\\/\\\/medicinasinc.com\\\/fi\\\/product\\\/osta-metiopropamiini-jauhe\\\/\"]}]},{\"@type\":\"ImageObject\",\"inLanguage\":\"en-US\",\"@id\":\"https:\\\/\\\/medicinasinc.com\\\/fi\\\/product\\\/osta-metiopropamiini-jauhe\\\/#primaryimage\",\"url\":\"https:\\\/\\\/medicinasinc.com\\\/fi\\\/wp-content\\\/uploads\\\/sites\\\/12\\\/2022\\\/02\\\/Buy-Methiopropamine-powder.png\",\"contentUrl\":\"https:\\\/\\\/medicinasinc.com\\\/fi\\\/wp-content\\\/uploads\\\/sites\\\/12\\\/2022\\\/02\\\/Buy-Methiopropamine-powder.png\",\"width\":457,\"height\":323},{\"@type\":\"BreadcrumbList\",\"@id\":\"https:\\\/\\\/medicinasinc.com\\\/fi\\\/product\\\/osta-metiopropamiini-jauhe\\\/#breadcrumb\",\"itemListElement\":[{\"@type\":\"ListItem\",\"position\":1,\"name\":\"Myym\u00e4l\u00e4\",\"item\":\"https:\\\/\\\/medicinasinc.com\\\/fi\\\/myymala\\\/\"},{\"@type\":\"ListItem\",\"position\":2,\"name\":\"Osta metiopropamiinijauhe\"}]},{\"@type\":\"WebSite\",\"@id\":\"https:\\\/\\\/medicinasinc.com\\\/fi\\\/#website\",\"url\":\"https:\\\/\\\/medicinasinc.com\\\/fi\\\/\",\"name\":\"Medicinas Inc\",\"description\":\"Health Medical Clinic\",\"potentialAction\":[{\"@type\":\"SearchAction\",\"target\":{\"@type\":\"EntryPoint\",\"urlTemplate\":\"https:\\\/\\\/medicinasinc.com\\\/fi\\\/?s={search_term_string}\"},\"query-input\":{\"@type\":\"PropertyValueSpecification\",\"valueRequired\":true,\"valueName\":\"search_term_string\"}}],\"inLanguage\":\"en-US\"}]}<\/script>\n<!-- \/ Yoast SEO plugin. -->","yoast_head_json":{"title":"Osta metiopropamiinijauhe - Osta MPA - parhaat maailmanlaajuiset l\u00e4\u00e4kkeet","description":"Osta MPA Methiopropamine pulveri UK, Europe Bestglobalmeds.com-verkkokaupastamme nopealla maailmanlaajuisella toimituksella! L\u00f6yd\u00e4t t\u00e4\u00e4lt\u00e4 parhaan myyt\u00e4v\u00e4n MPA-metiopropamiinin!","robots":{"index":"index","follow":"follow","max-snippet":"max-snippet:-1","max-image-preview":"max-image-preview:large","max-video-preview":"max-video-preview:-1"},"canonical":"https:\/\/medicinasinc.com\/fi\/product\/osta-metiopropamiini-jauhe\/","og_locale":"en_US","og_type":"article","og_title":"Osta metiopropamiinijauhe - Osta MPA - parhaat maailmanlaajuiset l\u00e4\u00e4kkeet","og_description":"Osta MPA Methiopropamine pulveri UK, Europe Bestglobalmeds.com-verkkokaupastamme nopealla maailmanlaajuisella toimituksella! L\u00f6yd\u00e4t t\u00e4\u00e4lt\u00e4 parhaan myyt\u00e4v\u00e4n MPA-metiopropamiinin!","og_url":"https:\/\/medicinasinc.com\/fi\/product\/osta-metiopropamiini-jauhe\/","og_site_name":"Medicinas Inc","article_modified_time":"2022-03-22T00:54:15+00:00","og_image":[{"width":457,"height":323,"url":"https:\/\/medicinasinc.com\/fi\/wp-content\/uploads\/sites\/12\/2022\/02\/Buy-Methiopropamine-powder.png","type":"image\/png"}],"twitter_card":"summary_large_image","twitter_misc":{"Est. reading time":"1 minute"},"schema":{"@context":"https:\/\/schema.org","@graph":[{"@type":"WebPage","@id":"https:\/\/medicinasinc.com\/fi\/product\/osta-metiopropamiini-jauhe\/","url":"https:\/\/medicinasinc.com\/fi\/product\/osta-metiopropamiini-jauhe\/","name":"Osta metiopropamiinijauhe - Osta MPA - parhaat maailmanlaajuiset l\u00e4\u00e4kkeet","isPartOf":{"@id":"https:\/\/medicinasinc.com\/fi\/#website"},"primaryImageOfPage":{"@id":"https:\/\/medicinasinc.com\/fi\/product\/osta-metiopropamiini-jauhe\/#primaryimage"},"image":{"@id":"https:\/\/medicinasinc.com\/fi\/product\/osta-metiopropamiini-jauhe\/#primaryimage"},"thumbnailUrl":"https:\/\/medicinasinc.com\/fi\/wp-content\/uploads\/sites\/12\/2022\/02\/Buy-Methiopropamine-powder.png","datePublished":"2022-02-22T02:20:06+00:00","dateModified":"2022-03-22T00:54:15+00:00","description":"Osta MPA Methiopropamine pulveri UK, Europe Bestglobalmeds.com-verkkokaupastamme nopealla maailmanlaajuisella toimituksella! L\u00f6yd\u00e4t t\u00e4\u00e4lt\u00e4 parhaan myyt\u00e4v\u00e4n MPA-metiopropamiinin!","breadcrumb":{"@id":"https:\/\/medicinasinc.com\/fi\/product\/osta-metiopropamiini-jauhe\/#breadcrumb"},"inLanguage":"en-US","potentialAction":[{"@type":"ReadAction","target":["https:\/\/medicinasinc.com\/fi\/product\/osta-metiopropamiini-jauhe\/"]}]},{"@type":"ImageObject","inLanguage":"en-US","@id":"https:\/\/medicinasinc.com\/fi\/product\/osta-metiopropamiini-jauhe\/#primaryimage","url":"https:\/\/medicinasinc.com\/fi\/wp-content\/uploads\/sites\/12\/2022\/02\/Buy-Methiopropamine-powder.png","contentUrl":"https:\/\/medicinasinc.com\/fi\/wp-content\/uploads\/sites\/12\/2022\/02\/Buy-Methiopropamine-powder.png","width":457,"height":323},{"@type":"BreadcrumbList","@id":"https:\/\/medicinasinc.com\/fi\/product\/osta-metiopropamiini-jauhe\/#breadcrumb","itemListElement":[{"@type":"ListItem","position":1,"name":"Myym\u00e4l\u00e4","item":"https:\/\/medicinasinc.com\/fi\/myymala\/"},{"@type":"ListItem","position":2,"name":"Osta metiopropamiinijauhe"}]},{"@type":"WebSite","@id":"https:\/\/medicinasinc.com\/fi\/#website","url":"https:\/\/medicinasinc.com\/fi\/","name":"Medicinas Inc","description":"Health Medical Clinic","potentialAction":[{"@type":"SearchAction","target":{"@type":"EntryPoint","urlTemplate":"https:\/\/medicinasinc.com\/fi\/?s={search_term_string}"},"query-input":{"@type":"PropertyValueSpecification","valueRequired":true,"valueName":"search_term_string"}}],"inLanguage":"en-US"}]}},"_links":{"self":[{"href":"https:\/\/medicinasinc.com\/fi\/wp-json\/wp\/v2\/product\/5590","targetHints":{"allow":["GET"]}}],"collection":[{"href":"https:\/\/medicinasinc.com\/fi\/wp-json\/wp\/v2\/product"}],"about":[{"href":"https:\/\/medicinasinc.com\/fi\/wp-json\/wp\/v2\/types\/product"}],"replies":[{"embeddable":true,"href":"https:\/\/medicinasinc.com\/fi\/wp-json\/wp\/v2\/comments?post=5590"}],"wp:featuredmedia":[{"embeddable":true,"href":"https:\/\/medicinasinc.com\/fi\/wp-json\/wp\/v2\/media\/5600"}],"wp:attachment":[{"href":"https:\/\/medicinasinc.com\/fi\/wp-json\/wp\/v2\/media?parent=5590"}],"wp:term":[{"taxonomy":"product_brand","embeddable":true,"href":"https:\/\/medicinasinc.com\/fi\/wp-json\/wp\/v2\/product_brand?post=5590"},{"taxonomy":"product_cat","embeddable":true,"href":"https:\/\/medicinasinc.com\/fi\/wp-json\/wp\/v2\/product_cat?post=5590"},{"taxonomy":"product_tag","embeddable":true,"href":"https:\/\/medicinasinc.com\/fi\/wp-json\/wp\/v2\/product_tag?post=5590"}],"curies":[{"name":"wp","href":"https:\/\/api.w.org\/{rel}","templated":true}]}}