{"id":5589,"date":"2022-02-22T02:18:17","date_gmt":"2022-02-22T02:18:17","guid":{"rendered":"https:\/\/medicinasinc.com\/fi\/?post_type=product&#038;p=5589"},"modified":"2022-03-22T00:54:23","modified_gmt":"2022-03-22T00:54:23","slug":"osta-metisolaami-2mg-pelletit-verkosta","status":"publish","type":"product","link":"https:\/\/medicinasinc.com\/fi\/product\/osta-metisolaami-2mg-pelletit-verkosta\/","title":{"rendered":"Osta Metizolam 2mg -pellettej\u00e4 verkosta"},"content":{"rendered":"<p>Paras paikka ostaa Metizolam 2mg -pellettej\u00e4 on verkosta.<\/p>\n<p>Osta 2 mg:n metisolaamipellettej\u00e4. Lyhenne sanoista 4-(2-kloorifenyyli)-2-etyyli-6H-tieno. [3,2-f] [1,2,4] triatsolo[4,3-a][1,4] Diatsepiini, jota kutsutaan my\u00f6s etitsolaamiksi, on sen N-desmetyyliversio. Osta 2 mg metisolaamipellettej\u00e4. Metisolaami on allosteerinen modulaattori Gaba-reseptoreille laboratoriossa. metisolaamijauhetta on myynniss\u00e4 verkossa.<\/p>\n<p>Meill\u00e4 on my\u00f6s kemikaaleja, joita ei ole hyv\u00e4ksytty in vivo -tutkimukseen. Osta Metizolam 2mg -pellettej\u00e4, joten jos joku vahingossa nielee niit\u00e4, h\u00e4nen tulee menn\u00e4 heti l\u00e4\u00e4k\u00e4riin ja saada apua. Noudata normaaleja laboratorion turvallisuuss\u00e4\u00e4nt\u00f6j\u00e4, kuten oikeanlaista ihon, silmien ja vaatteiden suojausta.<\/p>\n<p>Osta 2 mg Metizolaamia. Metitsolaamipellettej\u00e4 voi ostaa kaupasta.<br \/> Osta\u00a0Metitsolaami\u00a02mg Klonatsolaamipelletit ovat myynniss\u00e4 verkossa.<br \/> Pyratsolaamijauhetta voi ostaa verkosta.<br \/> Verkosta voit ostaa diklatsepaamia tutkimusta varten. <br \/> osta etitsolaamia verkosta<br \/> Fluklotitsolaamia voi ostaa.<br \/> Metitsolaamijauhe on myynniss\u00e4 verkossa.<br \/> Metitsolaamijauhe on myynniss\u00e4 verkossa. Metitsolaami, jota kutsutaan my\u00f6s desmetyylietitsolaamiksi, on tienodiatsepiini, joka on hyvin samankaltainen kuin etitsolaami. Vain 2 mg:n metisolaamipelletit ovat saatavilla. Edistyneemmille tutkijoille, jotka haluavat tehd\u00e4 oman jauheensa, meill\u00e4 on se my\u00f6s puhtaana jauheena. Tutkijoiden tulee k\u00e4ytt\u00e4\u00e4 metisolaamia, kuten kaikkia muitakin tuotteitamme, turvallisesti. T\u00e4t\u00e4 tuotetta myyd\u00e4\u00e4n vain jo perustetuille tutkimuskeskuksille. metitsolaamijauhetta myyd\u00e4\u00e4n verkossa.<\/p>\n<p>Etitsolaami on Metisolaamin, jota kutsutaan my\u00f6s nimell\u00e4 desmetyylietitsolaami, emo.<\/p>\n<p>Ne myyd\u00e4\u00e4n pelletein\u00e4. Vain tutkimukseen! Bestglobalmeds ei halua ihmisten k\u00e4ytt\u00e4v\u00e4n tutkimuskemikaaleja muuhun kuin tutkimukseen. He myyv\u00e4t Metitsolaamia vain tutkimusk\u00e4ytt\u00f6\u00f6n.<\/p>\n","protected":false},"excerpt":{"rendered":"<p>Paras paikka ostaa Metizolam 2mg -pellettej\u00e4 Isossa-Britanniassa ja Euroopassa on Bestglobalmeds.com. Meill\u00e4 on nopeat maailmanlaajuiset toimitukset. T\u00e4\u00e4lt\u00e4 voit ostaa parhaat Metizolam 2mg -pelletit myyt\u00e4v\u00e4n\u00e4.<\/p>\n<p>2mg metitsolaamijauhetta myyt\u00e4v\u00e4n\u00e4 verkossa. Klonatsolaamipelletit ovat varastossa ja ne voidaan toimittaa kaikkialle maailmaan. T\u00e4n\u00e4\u00e4n voit ostaa Clonazolam 0,5mg -pellettej\u00e4 kaupasta.<\/p>\n<p>Osta 2mg Metizolam-pellettej\u00e4 verkosta nyt. Se on eritt\u00e4in halpa, ja toimitus on suuri joukkotilauksille. Huippuluokan laatu on itsest\u00e4\u00e4nselvyys.<\/p>\n<p>Metitsolaami, joka tunnetaan my\u00f6s nimell\u00e4 desmetyylietitsolaami, on tienodiatsepiinien kemialliseen luokkaan kuuluva synteettinen masennusl\u00e4\u00e4ke. Kun sit\u00e4 otetaan, sill\u00e4 sanotaan olevan etitsolaamin kaltaisia \u200b\u200bvaikutuksia, kuten ahdistuneisuuden tukahduttamista, estoa, sedaatiota, lihasten rentoutumista ja muistin tukahduttamista.<\/p>\n","protected":false},"featured_media":5598,"comment_status":"open","ping_status":"closed","template":"","meta":[],"product_brand":[],"product_cat":[2014],"product_tag":[3210,3211,3215,3216,3217,3220,3219,3223,3228,3224,3227,3222,3230,3221,3225,3226,3212,3214,3213,3218,3229,3231],"class_list":{"0":"post-5589","1":"product","2":"type-product","3":"status-publish","4":"has-post-thumbnail","6":"product_cat-osta-tutkimus-kemikaaleja","7":"product_tag-buy-diclazepam-online","8":"product_tag-buy-fluclotizolam","9":"product_tag-buy-metizolam-powder-online-canada","10":"product_tag-buy-metizolam-powder-online-uk","11":"product_tag-buy-metizolam-powder-online-usa","12":"product_tag-etizolam-shop-online","13":"product_tag-klonatsolaami-myynniss-verkossa","14":"product_tag-metisolaami-2mg-pelletit-eurooppa","15":"product_tag-metisolaami-2mg-pelletit-tukkumyynti","16":"product_tag-metisolaami-2mg-pelletit-myynniss","17":"product_tag-metisolaami-2mg-pelletit-vhittiskauppa","18":"product_tag-metitsolaami-2mg-pellettien-vaikutus","19":"product_tag-metisolaami-jauhe-myynniss-verkossa","20":"product_tag-metisolaami-2mg-pelletit-osta","21":"product_tag-metisolaami-2mg-pelletit-tilaus","22":"product_tag-metisolaami-2mg-pellets-reddit","23":"product_tag-osta-metisolaami-2mg-pellettej","24":"product_tag-osta-metitsolaami-jauhe-online-australia","25":"product_tag-osta-metisolaami-jauhe-verkosta","26":"product_tag-osta-pyratsolaami-jauhe-verkosta","27":"product_tag-metisolaami-osta","28":"product_tag-tutkimuskemikaalit-myynniss","30":"first","31":"instock","32":"shipping-taxable","33":"purchasable","34":"product-type-variable"},"yoast_head":"<!-- This site is optimized with the Yoast SEO plugin v27.3 - https:\/\/yoast.com\/product\/yoast-seo-wordpress\/ -->\n<title>Osta Metizolam 2mg -pellettej\u00e4 verkosta - Best Global Meds<\/title>\n<meta name=\"description\" content=\"aiomme ostaa Metizolam 2mg -pellettej\u00e4 myyt\u00e4v\u00e4n\u00e4 Isossa-Britanniassa, Euroopassa Bestglobalmeds-myym\u00e4l\u00e4ss\u00e4mme nopealla toimituksella maailmanlaajuisesti! Parhaat Metizolam 2mg -pelletit tilaukseen l\u00f6yd\u00e4t t\u00e4\u00e4lt\u00e4!\" \/>\n<meta name=\"robots\" content=\"index, follow, max-snippet:-1, max-image-preview:large, max-video-preview:-1\" \/>\n<link rel=\"canonical\" href=\"https:\/\/medicinasinc.com\/fi\/product\/osta-metisolaami-2mg-pelletit-verkosta\/\" \/>\n<meta property=\"og:locale\" content=\"en_US\" \/>\n<meta property=\"og:type\" content=\"article\" \/>\n<meta property=\"og:title\" content=\"Osta Metizolam 2mg -pellettej\u00e4 verkosta - Best Global Meds\" \/>\n<meta property=\"og:description\" content=\"aiomme ostaa Metizolam 2mg -pellettej\u00e4 myyt\u00e4v\u00e4n\u00e4 Isossa-Britanniassa, Euroopassa Bestglobalmeds-myym\u00e4l\u00e4ss\u00e4mme nopealla toimituksella maailmanlaajuisesti! Parhaat Metizolam 2mg -pelletit tilaukseen l\u00f6yd\u00e4t t\u00e4\u00e4lt\u00e4!\" \/>\n<meta property=\"og:url\" content=\"https:\/\/medicinasinc.com\/fi\/product\/osta-metisolaami-2mg-pelletit-verkosta\/\" \/>\n<meta property=\"og:site_name\" content=\"Medicinas Inc\" \/>\n<meta property=\"article:modified_time\" content=\"2022-03-22T00:54:23+00:00\" \/>\n<meta property=\"og:image\" content=\"https:\/\/medicinasinc.com\/fi\/wp-content\/uploads\/sites\/12\/2022\/02\/Buy-Metizolam-2mg-Pellets.jpg\" \/>\n\t<meta property=\"og:image:width\" content=\"600\" \/>\n\t<meta property=\"og:image:height\" content=\"600\" \/>\n\t<meta property=\"og:image:type\" content=\"image\/jpeg\" \/>\n<meta name=\"twitter:card\" content=\"summary_large_image\" \/>\n<meta name=\"twitter:label1\" content=\"Est. reading time\" \/>\n\t<meta name=\"twitter:data1\" content=\"2 minutes\" \/>\n<script type=\"application\/ld+json\" class=\"yoast-schema-graph\">{\"@context\":\"https:\\\/\\\/schema.org\",\"@graph\":[{\"@type\":\"WebPage\",\"@id\":\"https:\\\/\\\/medicinasinc.com\\\/fi\\\/product\\\/osta-metisolaami-2mg-pelletit-verkosta\\\/\",\"url\":\"https:\\\/\\\/medicinasinc.com\\\/fi\\\/product\\\/osta-metisolaami-2mg-pelletit-verkosta\\\/\",\"name\":\"Osta Metizolam 2mg -pellettej\u00e4 verkosta - Best Global Meds\",\"isPartOf\":{\"@id\":\"https:\\\/\\\/medicinasinc.com\\\/fi\\\/#website\"},\"primaryImageOfPage\":{\"@id\":\"https:\\\/\\\/medicinasinc.com\\\/fi\\\/product\\\/osta-metisolaami-2mg-pelletit-verkosta\\\/#primaryimage\"},\"image\":{\"@id\":\"https:\\\/\\\/medicinasinc.com\\\/fi\\\/product\\\/osta-metisolaami-2mg-pelletit-verkosta\\\/#primaryimage\"},\"thumbnailUrl\":\"https:\\\/\\\/medicinasinc.com\\\/fi\\\/wp-content\\\/uploads\\\/sites\\\/12\\\/2022\\\/02\\\/Buy-Metizolam-2mg-Pellets.jpg\",\"datePublished\":\"2022-02-22T02:18:17+00:00\",\"dateModified\":\"2022-03-22T00:54:23+00:00\",\"description\":\"aiomme ostaa Metizolam 2mg -pellettej\u00e4 myyt\u00e4v\u00e4n\u00e4 Isossa-Britanniassa, Euroopassa Bestglobalmeds-myym\u00e4l\u00e4ss\u00e4mme nopealla toimituksella maailmanlaajuisesti! Parhaat Metizolam 2mg -pelletit tilaukseen l\u00f6yd\u00e4t t\u00e4\u00e4lt\u00e4!\",\"breadcrumb\":{\"@id\":\"https:\\\/\\\/medicinasinc.com\\\/fi\\\/product\\\/osta-metisolaami-2mg-pelletit-verkosta\\\/#breadcrumb\"},\"inLanguage\":\"en-US\",\"potentialAction\":[{\"@type\":\"ReadAction\",\"target\":[\"https:\\\/\\\/medicinasinc.com\\\/fi\\\/product\\\/osta-metisolaami-2mg-pelletit-verkosta\\\/\"]}]},{\"@type\":\"ImageObject\",\"inLanguage\":\"en-US\",\"@id\":\"https:\\\/\\\/medicinasinc.com\\\/fi\\\/product\\\/osta-metisolaami-2mg-pelletit-verkosta\\\/#primaryimage\",\"url\":\"https:\\\/\\\/medicinasinc.com\\\/fi\\\/wp-content\\\/uploads\\\/sites\\\/12\\\/2022\\\/02\\\/Buy-Metizolam-2mg-Pellets.jpg\",\"contentUrl\":\"https:\\\/\\\/medicinasinc.com\\\/fi\\\/wp-content\\\/uploads\\\/sites\\\/12\\\/2022\\\/02\\\/Buy-Metizolam-2mg-Pellets.jpg\",\"width\":600,\"height\":600},{\"@type\":\"BreadcrumbList\",\"@id\":\"https:\\\/\\\/medicinasinc.com\\\/fi\\\/product\\\/osta-metisolaami-2mg-pelletit-verkosta\\\/#breadcrumb\",\"itemListElement\":[{\"@type\":\"ListItem\",\"position\":1,\"name\":\"Myym\u00e4l\u00e4\",\"item\":\"https:\\\/\\\/medicinasinc.com\\\/fi\\\/myymala\\\/\"},{\"@type\":\"ListItem\",\"position\":2,\"name\":\"Osta Metizolam 2mg -pellettej\u00e4 verkosta\"}]},{\"@type\":\"WebSite\",\"@id\":\"https:\\\/\\\/medicinasinc.com\\\/fi\\\/#website\",\"url\":\"https:\\\/\\\/medicinasinc.com\\\/fi\\\/\",\"name\":\"Medicinas Inc\",\"description\":\"Health Medical Clinic\",\"potentialAction\":[{\"@type\":\"SearchAction\",\"target\":{\"@type\":\"EntryPoint\",\"urlTemplate\":\"https:\\\/\\\/medicinasinc.com\\\/fi\\\/?s={search_term_string}\"},\"query-input\":{\"@type\":\"PropertyValueSpecification\",\"valueRequired\":true,\"valueName\":\"search_term_string\"}}],\"inLanguage\":\"en-US\"}]}<\/script>\n<!-- \/ Yoast SEO plugin. -->","yoast_head_json":{"title":"Osta Metizolam 2mg -pellettej\u00e4 verkosta - Best Global Meds","description":"aiomme ostaa Metizolam 2mg -pellettej\u00e4 myyt\u00e4v\u00e4n\u00e4 Isossa-Britanniassa, Euroopassa Bestglobalmeds-myym\u00e4l\u00e4ss\u00e4mme nopealla toimituksella maailmanlaajuisesti! Parhaat Metizolam 2mg -pelletit tilaukseen l\u00f6yd\u00e4t t\u00e4\u00e4lt\u00e4!","robots":{"index":"index","follow":"follow","max-snippet":"max-snippet:-1","max-image-preview":"max-image-preview:large","max-video-preview":"max-video-preview:-1"},"canonical":"https:\/\/medicinasinc.com\/fi\/product\/osta-metisolaami-2mg-pelletit-verkosta\/","og_locale":"en_US","og_type":"article","og_title":"Osta Metizolam 2mg -pellettej\u00e4 verkosta - Best Global Meds","og_description":"aiomme ostaa Metizolam 2mg -pellettej\u00e4 myyt\u00e4v\u00e4n\u00e4 Isossa-Britanniassa, Euroopassa Bestglobalmeds-myym\u00e4l\u00e4ss\u00e4mme nopealla toimituksella maailmanlaajuisesti! Parhaat Metizolam 2mg -pelletit tilaukseen l\u00f6yd\u00e4t t\u00e4\u00e4lt\u00e4!","og_url":"https:\/\/medicinasinc.com\/fi\/product\/osta-metisolaami-2mg-pelletit-verkosta\/","og_site_name":"Medicinas Inc","article_modified_time":"2022-03-22T00:54:23+00:00","og_image":[{"width":600,"height":600,"url":"https:\/\/medicinasinc.com\/fi\/wp-content\/uploads\/sites\/12\/2022\/02\/Buy-Metizolam-2mg-Pellets.jpg","type":"image\/jpeg"}],"twitter_card":"summary_large_image","twitter_misc":{"Est. reading time":"2 minutes"},"schema":{"@context":"https:\/\/schema.org","@graph":[{"@type":"WebPage","@id":"https:\/\/medicinasinc.com\/fi\/product\/osta-metisolaami-2mg-pelletit-verkosta\/","url":"https:\/\/medicinasinc.com\/fi\/product\/osta-metisolaami-2mg-pelletit-verkosta\/","name":"Osta Metizolam 2mg -pellettej\u00e4 verkosta - Best Global Meds","isPartOf":{"@id":"https:\/\/medicinasinc.com\/fi\/#website"},"primaryImageOfPage":{"@id":"https:\/\/medicinasinc.com\/fi\/product\/osta-metisolaami-2mg-pelletit-verkosta\/#primaryimage"},"image":{"@id":"https:\/\/medicinasinc.com\/fi\/product\/osta-metisolaami-2mg-pelletit-verkosta\/#primaryimage"},"thumbnailUrl":"https:\/\/medicinasinc.com\/fi\/wp-content\/uploads\/sites\/12\/2022\/02\/Buy-Metizolam-2mg-Pellets.jpg","datePublished":"2022-02-22T02:18:17+00:00","dateModified":"2022-03-22T00:54:23+00:00","description":"aiomme ostaa Metizolam 2mg -pellettej\u00e4 myyt\u00e4v\u00e4n\u00e4 Isossa-Britanniassa, Euroopassa Bestglobalmeds-myym\u00e4l\u00e4ss\u00e4mme nopealla toimituksella maailmanlaajuisesti! Parhaat Metizolam 2mg -pelletit tilaukseen l\u00f6yd\u00e4t t\u00e4\u00e4lt\u00e4!","breadcrumb":{"@id":"https:\/\/medicinasinc.com\/fi\/product\/osta-metisolaami-2mg-pelletit-verkosta\/#breadcrumb"},"inLanguage":"en-US","potentialAction":[{"@type":"ReadAction","target":["https:\/\/medicinasinc.com\/fi\/product\/osta-metisolaami-2mg-pelletit-verkosta\/"]}]},{"@type":"ImageObject","inLanguage":"en-US","@id":"https:\/\/medicinasinc.com\/fi\/product\/osta-metisolaami-2mg-pelletit-verkosta\/#primaryimage","url":"https:\/\/medicinasinc.com\/fi\/wp-content\/uploads\/sites\/12\/2022\/02\/Buy-Metizolam-2mg-Pellets.jpg","contentUrl":"https:\/\/medicinasinc.com\/fi\/wp-content\/uploads\/sites\/12\/2022\/02\/Buy-Metizolam-2mg-Pellets.jpg","width":600,"height":600},{"@type":"BreadcrumbList","@id":"https:\/\/medicinasinc.com\/fi\/product\/osta-metisolaami-2mg-pelletit-verkosta\/#breadcrumb","itemListElement":[{"@type":"ListItem","position":1,"name":"Myym\u00e4l\u00e4","item":"https:\/\/medicinasinc.com\/fi\/myymala\/"},{"@type":"ListItem","position":2,"name":"Osta Metizolam 2mg -pellettej\u00e4 verkosta"}]},{"@type":"WebSite","@id":"https:\/\/medicinasinc.com\/fi\/#website","url":"https:\/\/medicinasinc.com\/fi\/","name":"Medicinas Inc","description":"Health Medical Clinic","potentialAction":[{"@type":"SearchAction","target":{"@type":"EntryPoint","urlTemplate":"https:\/\/medicinasinc.com\/fi\/?s={search_term_string}"},"query-input":{"@type":"PropertyValueSpecification","valueRequired":true,"valueName":"search_term_string"}}],"inLanguage":"en-US"}]}},"_links":{"self":[{"href":"https:\/\/medicinasinc.com\/fi\/wp-json\/wp\/v2\/product\/5589","targetHints":{"allow":["GET"]}}],"collection":[{"href":"https:\/\/medicinasinc.com\/fi\/wp-json\/wp\/v2\/product"}],"about":[{"href":"https:\/\/medicinasinc.com\/fi\/wp-json\/wp\/v2\/types\/product"}],"replies":[{"embeddable":true,"href":"https:\/\/medicinasinc.com\/fi\/wp-json\/wp\/v2\/comments?post=5589"}],"wp:featuredmedia":[{"embeddable":true,"href":"https:\/\/medicinasinc.com\/fi\/wp-json\/wp\/v2\/media\/5598"}],"wp:attachment":[{"href":"https:\/\/medicinasinc.com\/fi\/wp-json\/wp\/v2\/media?parent=5589"}],"wp:term":[{"taxonomy":"product_brand","embeddable":true,"href":"https:\/\/medicinasinc.com\/fi\/wp-json\/wp\/v2\/product_brand?post=5589"},{"taxonomy":"product_cat","embeddable":true,"href":"https:\/\/medicinasinc.com\/fi\/wp-json\/wp\/v2\/product_cat?post=5589"},{"taxonomy":"product_tag","embeddable":true,"href":"https:\/\/medicinasinc.com\/fi\/wp-json\/wp\/v2\/product_tag?post=5589"}],"curies":[{"name":"wp","href":"https:\/\/api.w.org\/{rel}","templated":true}]}}