{"id":5566,"date":"2022-02-22T01:53:35","date_gmt":"2022-02-22T01:53:35","guid":{"rendered":"https:\/\/medicinasinc.com\/fi\/?post_type=product&#038;p=5566"},"modified":"2022-03-22T00:54:32","modified_gmt":"2022-03-22T00:54:32","slug":"metadoni-hydrokloridi-usp-jauhe-oraaliseen-kayttoon","status":"publish","type":"product","link":"https:\/\/medicinasinc.com\/fi\/product\/metadoni-hydrokloridi-usp-jauhe-oraaliseen-kayttoon\/","title":{"rendered":"Metadonihydrokloridi USP-JAUHE SUUN K\u00c4YTT\u00d6\u00d6N"},"content":{"rendered":"<p>Metadonihydrokloridijauheen osto<\/p>\n<p>Metadoni on opioidil\u00e4\u00e4ke, jota k\u00e4ytet\u00e4\u00e4n opioidiriippuvuuden ja voimakkaan kivun hoitoon.<\/p>\n<p>Metadoni voidaan ottaa pillerin\u00e4 tai oraaliliuoksena lievitt\u00e4\u00e4 voimakasta kipua.<\/p>\n<p>Hedelm\u00e4nmakuiset juomat ovat yleisin metadonin muoto, kun sit\u00e4 k\u00e4ytet\u00e4\u00e4n opiaattiriippuvuuden hoitoon. Jauhe liuotetaan kerran p\u00e4iv\u00e4ss\u00e4 ja niell\u00e4\u00e4n kokonaisena.<\/p>\n<p>Metadoni on huume, jota k\u00e4ytet\u00e4\u00e4n riippuvuuden hoitoon.<\/p>\n<p>Heroiini, oksikodoni, fentanyyli ja hydromorfoni voidaan kaikki korvata metadonilla. opioidiriippuvuuden hoidossa. Termi &#8220;pitk\u00e4vaikutteinen&#8221; viittaa l\u00e4\u00e4kkeeseen, jonka vaikutus alkaa hitaammin ja kest\u00e4\u00e4 kauemmin elimist\u00f6ss\u00e4. Metadonin vaikutukset voivat kest\u00e4\u00e4 miss\u00e4 tahansa 24-36 tuntia annoksesta riippuen. Lyhytvaikutteisia opioideja sit\u00e4 vastoin jonkun, joka yritt\u00e4\u00e4 v\u00e4ltt\u00e4\u00e4 vieroitusta, on otettava kolmesta nelj\u00e4\u00e4n kertaan p\u00e4iv\u00e4ss\u00e4.<\/p>\n<p>Niin kauan kuin metadonia k\u00e4ytet\u00e4\u00e4n oikealla annostuksella, se voi lievitt\u00e4\u00e4 l\u00e4\u00e4kkeiden himoa ja est\u00e4\u00e4 vieroitusoireita. Opioidien v\u00e4\u00e4rink\u00e4yt\u00f6n riskit ovat pienentyneet, ja opioidiriippuvaisilla on paremmat mahdollisuudet saada el\u00e4m\u00e4ns\u00e4 takaisin raiteilleen. Metadonin yll\u00e4pito on er\u00e4\u00e4nlainen opioidiagonistihoito, jota k\u00e4ytet\u00e4\u00e4n opioidiriippuvuuden hoitoon. Buprenorfiinia, toista opioidiagonistia, k\u00e4ytet\u00e4\u00e4n opioidiriippuvuuden hoidossa, samoin kuin metadonia.<\/p>\n<p>Metadoni ja buprenorfiini ovat molemmat tehokkaita hoitomuotoja opioidiriippuvuudelle, kun niit\u00e4 k\u00e4ytet\u00e4\u00e4n yhdess\u00e4 l\u00e4\u00e4ketieteellisen ja tukihoidon kanssa. onnistuneempi kuin toinen joillekin ihmisille.<\/p>\n<p>Pitk\u00e4aikaista metadonihoitoa tarvitaan. Hoidon kesto vaihtelee muutamasta kuukaudesta yli kahteen vuosikymmeneen. Kun metadonin k\u00e4ytt\u00e4j\u00e4 p\u00e4\u00e4tt\u00e4\u00e4 lopettaa l\u00e4\u00e4kkeen k\u00e4yt\u00f6n, h\u00e4nen l\u00e4\u00e4k\u00e4rins\u00e4 v\u00e4hent\u00e4\u00e4 asteittain otetun metadonin m\u00e4\u00e4r\u00e4\u00e4 viikkojen tai kuukausien aikana.<\/p>\n<p>Metadonin haittavaikutukset<\/p>\n<p>Mahdollisten joukossa sivuvaikutukset:<\/p>\n<p>P\u00e4yristymisen aiheuttaa ummetus, voimakas hikoilu, suun kuivuminen ja sukupuolen muutokset.<\/p>\n<p>&nbsp;<\/p>\n","protected":false},"excerpt":{"rendered":"<p>Osta Metho Methadone HCL -jauhetta verkosta. Metho Methadone HCL -jauheen tukkumyynti\u00a099,8 % Pure @ -tukkuhinnat. Metho (Methadone HCL) hoitaa kohtalaista tai vaikeaa kipua.<\/p>\n","protected":false},"featured_media":5578,"comment_status":"open","ping_status":"closed","template":"","meta":[],"product_brand":[],"product_cat":[2014],"product_tag":[3193,3196,3195,3194,3206,3200,3201,3205,3204,3202,3198,3203,3207,3208,3199,3190,3197,3191,3192,3209],"class_list":{"0":"post-5566","1":"product","2":"type-product","3":"status-publish","4":"has-post-thumbnail","6":"product_cat-osta-tutkimus-kemikaaleja","7":"product_tag-buy-metho-powder","8":"product_tag-metadoni-jauhe","9":"product_tag-metadoni-hydrokloridi-tukkumyynti","10":"product_tag-metadoni-hydrokloridi-vaikutus","11":"product_tag-metadoni-jauhe-myy","12":"product_tag-metadoni-jauhe-myynniss-verkossa","13":"product_tag-metadoni-jauhe-verkossa","14":"product_tag-metadoni-jauhe-myynti","15":"product_tag-metadoni-jauhe-vhittiskauppa","16":"product_tag-metadoni-jauhetilaus","17":"product_tag-methadone-powder-effect","18":"product_tag-methadone-powder-reddit","19":"product_tag-mist-ostaa-metadoni-jauhetta","20":"product_tag-mist-tilata-metadoni-jauhe","21":"product_tag-metadoni-jauhe-myynniss","22":"product_tag-osta-metadoni-hydrokloridi","23":"product_tag-metadoni-jauhe-osta","24":"product_tag-osta-metadoni-jauhe","25":"product_tag-osta-metho-hcl","26":"product_tag-tukku-metadoni-jauhe","28":"first","29":"instock","30":"shipping-taxable","31":"purchasable","32":"product-type-variable","33":"has-default-attributes"},"yoast_head":"<!-- This site is optimized with the Yoast SEO plugin v27.3 - https:\/\/yoast.com\/product\/yoast-seo-wordpress\/ -->\n<title>Metadonihydrokloridi USP-JAUHE SUUN K\u00c4YTT\u00d6\u00d6N<\/title>\n<meta name=\"description\" content=\"Osta Metho Methadone HCL -jauhetta verkosta. Metho Methadone HCL jauhe tukku 99,8% Pure @ tukkuhinnat. Metho (Methadone HCL) hoitaa kohtalaista tai vaikeaa kipua.\" \/>\n<meta name=\"robots\" content=\"index, follow, max-snippet:-1, max-image-preview:large, max-video-preview:-1\" \/>\n<link rel=\"canonical\" href=\"https:\/\/medicinasinc.com\/fi\/product\/metadoni-hydrokloridi-usp-jauhe-oraaliseen-kayttoon\/\" \/>\n<meta property=\"og:locale\" content=\"en_US\" \/>\n<meta property=\"og:type\" content=\"article\" \/>\n<meta property=\"og:title\" content=\"Metadonihydrokloridi USP-JAUHE SUUN K\u00c4YTT\u00d6\u00d6N\" \/>\n<meta property=\"og:description\" content=\"Osta Metho Methadone HCL -jauhetta verkosta. Metho Methadone HCL jauhe tukku 99,8% Pure @ tukkuhinnat. Metho (Methadone HCL) hoitaa kohtalaista tai vaikeaa kipua.\" \/>\n<meta property=\"og:url\" content=\"https:\/\/medicinasinc.com\/fi\/product\/metadoni-hydrokloridi-usp-jauhe-oraaliseen-kayttoon\/\" \/>\n<meta property=\"og:site_name\" content=\"Medicinas Inc\" \/>\n<meta property=\"article:modified_time\" content=\"2022-03-22T00:54:32+00:00\" \/>\n<meta property=\"og:image\" content=\"https:\/\/medicinasinc.com\/fi\/wp-content\/uploads\/sites\/12\/2022\/02\/Buy-Methadone.jpg\" \/>\n\t<meta property=\"og:image:width\" content=\"600\" \/>\n\t<meta property=\"og:image:height\" content=\"600\" \/>\n\t<meta property=\"og:image:type\" content=\"image\/jpeg\" \/>\n<meta name=\"twitter:card\" content=\"summary_large_image\" \/>\n<meta name=\"twitter:label1\" content=\"Est. reading time\" \/>\n\t<meta name=\"twitter:data1\" content=\"2 minutes\" \/>\n<script type=\"application\/ld+json\" class=\"yoast-schema-graph\">{\"@context\":\"https:\\\/\\\/schema.org\",\"@graph\":[{\"@type\":\"WebPage\",\"@id\":\"https:\\\/\\\/medicinasinc.com\\\/fi\\\/product\\\/metadoni-hydrokloridi-usp-jauhe-oraaliseen-kayttoon\\\/\",\"url\":\"https:\\\/\\\/medicinasinc.com\\\/fi\\\/product\\\/metadoni-hydrokloridi-usp-jauhe-oraaliseen-kayttoon\\\/\",\"name\":\"Metadonihydrokloridi USP-JAUHE SUUN K\u00c4YTT\u00d6\u00d6N\",\"isPartOf\":{\"@id\":\"https:\\\/\\\/medicinasinc.com\\\/fi\\\/#website\"},\"primaryImageOfPage\":{\"@id\":\"https:\\\/\\\/medicinasinc.com\\\/fi\\\/product\\\/metadoni-hydrokloridi-usp-jauhe-oraaliseen-kayttoon\\\/#primaryimage\"},\"image\":{\"@id\":\"https:\\\/\\\/medicinasinc.com\\\/fi\\\/product\\\/metadoni-hydrokloridi-usp-jauhe-oraaliseen-kayttoon\\\/#primaryimage\"},\"thumbnailUrl\":\"https:\\\/\\\/medicinasinc.com\\\/fi\\\/wp-content\\\/uploads\\\/sites\\\/12\\\/2022\\\/02\\\/Buy-Methadone.jpg\",\"datePublished\":\"2022-02-22T01:53:35+00:00\",\"dateModified\":\"2022-03-22T00:54:32+00:00\",\"description\":\"Osta Metho Methadone HCL -jauhetta verkosta. Metho Methadone HCL jauhe tukku 99,8% Pure @ tukkuhinnat. Metho (Methadone HCL) hoitaa kohtalaista tai vaikeaa kipua.\",\"breadcrumb\":{\"@id\":\"https:\\\/\\\/medicinasinc.com\\\/fi\\\/product\\\/metadoni-hydrokloridi-usp-jauhe-oraaliseen-kayttoon\\\/#breadcrumb\"},\"inLanguage\":\"en-US\",\"potentialAction\":[{\"@type\":\"ReadAction\",\"target\":[\"https:\\\/\\\/medicinasinc.com\\\/fi\\\/product\\\/metadoni-hydrokloridi-usp-jauhe-oraaliseen-kayttoon\\\/\"]}]},{\"@type\":\"ImageObject\",\"inLanguage\":\"en-US\",\"@id\":\"https:\\\/\\\/medicinasinc.com\\\/fi\\\/product\\\/metadoni-hydrokloridi-usp-jauhe-oraaliseen-kayttoon\\\/#primaryimage\",\"url\":\"https:\\\/\\\/medicinasinc.com\\\/fi\\\/wp-content\\\/uploads\\\/sites\\\/12\\\/2022\\\/02\\\/Buy-Methadone.jpg\",\"contentUrl\":\"https:\\\/\\\/medicinasinc.com\\\/fi\\\/wp-content\\\/uploads\\\/sites\\\/12\\\/2022\\\/02\\\/Buy-Methadone.jpg\",\"width\":600,\"height\":600},{\"@type\":\"BreadcrumbList\",\"@id\":\"https:\\\/\\\/medicinasinc.com\\\/fi\\\/product\\\/metadoni-hydrokloridi-usp-jauhe-oraaliseen-kayttoon\\\/#breadcrumb\",\"itemListElement\":[{\"@type\":\"ListItem\",\"position\":1,\"name\":\"Myym\u00e4l\u00e4\",\"item\":\"https:\\\/\\\/medicinasinc.com\\\/fi\\\/myymala\\\/\"},{\"@type\":\"ListItem\",\"position\":2,\"name\":\"Metadonihydrokloridi USP-JAUHE SUUN K\u00c4YTT\u00d6\u00d6N\"}]},{\"@type\":\"WebSite\",\"@id\":\"https:\\\/\\\/medicinasinc.com\\\/fi\\\/#website\",\"url\":\"https:\\\/\\\/medicinasinc.com\\\/fi\\\/\",\"name\":\"Medicinas Inc\",\"description\":\"Health Medical Clinic\",\"potentialAction\":[{\"@type\":\"SearchAction\",\"target\":{\"@type\":\"EntryPoint\",\"urlTemplate\":\"https:\\\/\\\/medicinasinc.com\\\/fi\\\/?s={search_term_string}\"},\"query-input\":{\"@type\":\"PropertyValueSpecification\",\"valueRequired\":true,\"valueName\":\"search_term_string\"}}],\"inLanguage\":\"en-US\"}]}<\/script>\n<!-- \/ Yoast SEO plugin. -->","yoast_head_json":{"title":"Metadonihydrokloridi USP-JAUHE SUUN K\u00c4YTT\u00d6\u00d6N","description":"Osta Metho Methadone HCL -jauhetta verkosta. Metho Methadone HCL jauhe tukku 99,8% Pure @ tukkuhinnat. Metho (Methadone HCL) hoitaa kohtalaista tai vaikeaa kipua.","robots":{"index":"index","follow":"follow","max-snippet":"max-snippet:-1","max-image-preview":"max-image-preview:large","max-video-preview":"max-video-preview:-1"},"canonical":"https:\/\/medicinasinc.com\/fi\/product\/metadoni-hydrokloridi-usp-jauhe-oraaliseen-kayttoon\/","og_locale":"en_US","og_type":"article","og_title":"Metadonihydrokloridi USP-JAUHE SUUN K\u00c4YTT\u00d6\u00d6N","og_description":"Osta Metho Methadone HCL -jauhetta verkosta. Metho Methadone HCL jauhe tukku 99,8% Pure @ tukkuhinnat. Metho (Methadone HCL) hoitaa kohtalaista tai vaikeaa kipua.","og_url":"https:\/\/medicinasinc.com\/fi\/product\/metadoni-hydrokloridi-usp-jauhe-oraaliseen-kayttoon\/","og_site_name":"Medicinas Inc","article_modified_time":"2022-03-22T00:54:32+00:00","og_image":[{"width":600,"height":600,"url":"https:\/\/medicinasinc.com\/fi\/wp-content\/uploads\/sites\/12\/2022\/02\/Buy-Methadone.jpg","type":"image\/jpeg"}],"twitter_card":"summary_large_image","twitter_misc":{"Est. reading time":"2 minutes"},"schema":{"@context":"https:\/\/schema.org","@graph":[{"@type":"WebPage","@id":"https:\/\/medicinasinc.com\/fi\/product\/metadoni-hydrokloridi-usp-jauhe-oraaliseen-kayttoon\/","url":"https:\/\/medicinasinc.com\/fi\/product\/metadoni-hydrokloridi-usp-jauhe-oraaliseen-kayttoon\/","name":"Metadonihydrokloridi USP-JAUHE SUUN K\u00c4YTT\u00d6\u00d6N","isPartOf":{"@id":"https:\/\/medicinasinc.com\/fi\/#website"},"primaryImageOfPage":{"@id":"https:\/\/medicinasinc.com\/fi\/product\/metadoni-hydrokloridi-usp-jauhe-oraaliseen-kayttoon\/#primaryimage"},"image":{"@id":"https:\/\/medicinasinc.com\/fi\/product\/metadoni-hydrokloridi-usp-jauhe-oraaliseen-kayttoon\/#primaryimage"},"thumbnailUrl":"https:\/\/medicinasinc.com\/fi\/wp-content\/uploads\/sites\/12\/2022\/02\/Buy-Methadone.jpg","datePublished":"2022-02-22T01:53:35+00:00","dateModified":"2022-03-22T00:54:32+00:00","description":"Osta Metho Methadone HCL -jauhetta verkosta. Metho Methadone HCL jauhe tukku 99,8% Pure @ tukkuhinnat. Metho (Methadone HCL) hoitaa kohtalaista tai vaikeaa kipua.","breadcrumb":{"@id":"https:\/\/medicinasinc.com\/fi\/product\/metadoni-hydrokloridi-usp-jauhe-oraaliseen-kayttoon\/#breadcrumb"},"inLanguage":"en-US","potentialAction":[{"@type":"ReadAction","target":["https:\/\/medicinasinc.com\/fi\/product\/metadoni-hydrokloridi-usp-jauhe-oraaliseen-kayttoon\/"]}]},{"@type":"ImageObject","inLanguage":"en-US","@id":"https:\/\/medicinasinc.com\/fi\/product\/metadoni-hydrokloridi-usp-jauhe-oraaliseen-kayttoon\/#primaryimage","url":"https:\/\/medicinasinc.com\/fi\/wp-content\/uploads\/sites\/12\/2022\/02\/Buy-Methadone.jpg","contentUrl":"https:\/\/medicinasinc.com\/fi\/wp-content\/uploads\/sites\/12\/2022\/02\/Buy-Methadone.jpg","width":600,"height":600},{"@type":"BreadcrumbList","@id":"https:\/\/medicinasinc.com\/fi\/product\/metadoni-hydrokloridi-usp-jauhe-oraaliseen-kayttoon\/#breadcrumb","itemListElement":[{"@type":"ListItem","position":1,"name":"Myym\u00e4l\u00e4","item":"https:\/\/medicinasinc.com\/fi\/myymala\/"},{"@type":"ListItem","position":2,"name":"Metadonihydrokloridi USP-JAUHE SUUN K\u00c4YTT\u00d6\u00d6N"}]},{"@type":"WebSite","@id":"https:\/\/medicinasinc.com\/fi\/#website","url":"https:\/\/medicinasinc.com\/fi\/","name":"Medicinas Inc","description":"Health Medical Clinic","potentialAction":[{"@type":"SearchAction","target":{"@type":"EntryPoint","urlTemplate":"https:\/\/medicinasinc.com\/fi\/?s={search_term_string}"},"query-input":{"@type":"PropertyValueSpecification","valueRequired":true,"valueName":"search_term_string"}}],"inLanguage":"en-US"}]}},"_links":{"self":[{"href":"https:\/\/medicinasinc.com\/fi\/wp-json\/wp\/v2\/product\/5566","targetHints":{"allow":["GET"]}}],"collection":[{"href":"https:\/\/medicinasinc.com\/fi\/wp-json\/wp\/v2\/product"}],"about":[{"href":"https:\/\/medicinasinc.com\/fi\/wp-json\/wp\/v2\/types\/product"}],"replies":[{"embeddable":true,"href":"https:\/\/medicinasinc.com\/fi\/wp-json\/wp\/v2\/comments?post=5566"}],"wp:featuredmedia":[{"embeddable":true,"href":"https:\/\/medicinasinc.com\/fi\/wp-json\/wp\/v2\/media\/5578"}],"wp:attachment":[{"href":"https:\/\/medicinasinc.com\/fi\/wp-json\/wp\/v2\/media?parent=5566"}],"wp:term":[{"taxonomy":"product_brand","embeddable":true,"href":"https:\/\/medicinasinc.com\/fi\/wp-json\/wp\/v2\/product_brand?post=5566"},{"taxonomy":"product_cat","embeddable":true,"href":"https:\/\/medicinasinc.com\/fi\/wp-json\/wp\/v2\/product_cat?post=5566"},{"taxonomy":"product_tag","embeddable":true,"href":"https:\/\/medicinasinc.com\/fi\/wp-json\/wp\/v2\/product_tag?post=5566"}],"curies":[{"name":"wp","href":"https:\/\/api.w.org\/{rel}","templated":true}]}}